{"id":934,"date":"2018-04-06T09:11:07","date_gmt":"2018-04-06T09:11:07","guid":{"rendered":"https:\/\/www.orland.no\/?page_id=934"},"modified":"2022-08-11T11:11:08","modified_gmt":"2022-08-11T11:11:08","slug":"uthaug-havn","status":"publish","type":"page","link":"http:\/\/audun.teks.no\/en\/uthaug-havn\/","title":{"rendered":"Uthaug havn"},"content":{"rendered":"<p>Uthaug havn er i fiskevolum nest st\u00f8rste fiskerihavn i Norge. Og har en historie som g\u00e5r flere hundre \u00e5r tilbake i tid. Havneomr\u00e5det har v\u00e6rt regulert til industriform\u00e5l siden 90-tallet. Verdens st\u00f8rste produsent av t\u00f8nnemarinert sild, <a href=\"https:\/\/grontvedt.no\/\" target=\"_blank\" rel=\"noopener noreferrer\">Gr\u00f8ntvedt Pelagic AS<\/a> har mottaks og fryseanlegg i Uthaug havn. Andre virksomheter i omr\u00e5det rundt Uthaug havn er <a href=\"https:\/\/fabeko.no\/medlem\/as-uthaug-sementstoperi\" target=\"_blank\" rel=\"noopener noreferrer\">Uthaug Sementst\u00f8peri<\/a>, <a href=\"http:\/\/norskhavservice.no\/\" target=\"_blank\" rel=\"noopener noreferrer\">Norsk Havservice<\/a> and <a href=\"http:\/\/uthaugmarineservice.no\/\" target=\"_blank\" rel=\"noopener noreferrer\">Uthaug Marineservice<\/a>. Flere fiskere har tilhold i havna. Uthaug havn er ogs\u00e5 ei popul\u00e6r gjestehavn.<\/p>\n<h3><span>Standard<\/span><\/h3>\n<p>Uthaug havn er i regulert til industri gjennom arealplan 1621199201 hvor det kan oppf\u00f8res bebyggelse for industri, lager og kontor i inntil to etasjer.<\/p>\n<ul>\n<li><a href=\"https:\/\/kart.fosen.net\/webinnsyn\/Content\/plandialog\/GetGIplanregisterFil.aspx?systemid=19628A1C35394768BD22E6109598E5E9&amp;k=5057&amp;arkivnavn=WINMAP\" target=\"_blank\" rel=\"noopener noreferrer\">Plankart<\/a><\/li>\n<li><a href=\"https:\/\/kart.fosen.net\/webinnsyn\/Content\/plandialog\/GetGIplanregisterFil.aspx?systemid=842A24E549314577AEE9C405F1EC1897&amp;k=5057&amp;arkivnavn=WINMAP\" target=\"_blank\" rel=\"noopener noreferrer\">Reguleringsbestemmelser<\/a><\/li>\n<\/ul>\n<h3><span>Beliggenhet<\/span><\/h3>\n<p>Uthaug havn ligger kort vei fra skipsleia for ankomst med b\u00e5t. Havna ligger 6 km fra Brekstad fergeleie for raskeste vei s\u00f8rover via landevei. P\u00e5 Brekstad finnes ogs\u00e5 hurtigb\u00e5tforbindelse til Trondheim, Kristiansund og Hitra\/Fr\u00f8ya.<\/p>\n<h3><span>Adkomst<\/span><\/h3>\n<p>Fra fergeleie p\u00e5 Brekstad f\u00f8lg Havnegata (FV 710) 600 meter. Ta til venstre p\u00e5 Fru Ingers vei (ogs\u00e5 FV 710) og ta f\u00f8rste avkj\u00f8ring i rundkj\u00f8ringen til Uthaugsveien.\u00a0 Etter 5 km fortsetter du rett fram i krysset til Bakarosveien som leder ned til Uthaug havn.<\/p>\n<h3><span style=\"color: #333333;\">Kontaktinformasjon for anl\u00f8p<\/span><\/h3>\n<ul>\n<li><a href=\"https:\/\/orland.kommune.no\/tjenester\/vei-vann-avlop-og-havn\/havn\/\">Klikk her<\/a><\/li>\n<\/ul>\n<h3>Andre henvendelser<\/h3>\n<ul>\n<li>Enhetsleder N\u00e6ring \u00c5dne R\u00f8kkum\n<ul>\n<li>Tel: 908.15.578<\/li>\n<li>adne.rokkum@orland.kommune.no<\/li>\n<\/ul>\n<\/li>\n<\/ul>\n\n\n<figure class=\"wp-block-image size-large is-resized\"><img loading=\"lazy\" decoding=\"async\" src=\"http:\/\/audun.teks.no\/wp-content\/uploads\/2020\/11\/Uthaug-havn-1024x768.jpg\" alt=\"Dypvannskai ved Uthaug havn\" class=\"wp-image-519791\" width=\"1024\" height=\"768\" srcset=\"http:\/\/audun.teks.no\/wp-content\/uploads\/2020\/11\/Uthaug-havn-1024x768.jpg 1024w, http:\/\/audun.teks.no\/wp-content\/uploads\/2020\/11\/Uthaug-havn-300x225.jpg 300w, http:\/\/audun.teks.no\/wp-content\/uploads\/2020\/11\/Uthaug-havn-768x576.jpg 768w, http:\/\/audun.teks.no\/wp-content\/uploads\/2020\/11\/Uthaug-havn-1536x1152.jpg 1536w, http:\/\/audun.teks.no\/wp-content\/uploads\/2020\/11\/Uthaug-havn-2048x1536.jpg 2048w\" sizes=\"auto, (max-width: 1024px) 100vw, 1024px\" \/><figcaption>Dypvannskai ved Uthaug havn<\/figcaption><\/figure>","protected":false},"excerpt":{"rendered":"<p>Uthaug havn er i fiskevolum nest st\u00f8rste fiskerihavn i Norge. Og har en historie som g\u00e5r flere hundre \u00e5r tilbake i tid. Havneomr\u00e5det har v\u00e6rt regulert til industriform\u00e5l siden 90-tallet. Verdens st\u00f8rste produsent av t\u00f8nnemarinert sild, Gr\u00f8ntvedt Pelagic AS har mottaks og fryseanlegg i Uthaug havn. Andre virksomheter i omr\u00e5det [&hellip;]<\/p>","protected":false},"author":4,"featured_media":2146,"parent":0,"menu_order":0,"comment_status":"closed","ping_status":"closed","template":"","meta":{"ngg_post_thumbnail":0,"footnotes":""},"class_list":["post-934","page","type-page","status-publish","has-post-thumbnail","hentry"],"yoast_head":"<!-- This site is optimized with the Yoast SEO plugin v26.8 - https:\/\/yoast.com\/product\/yoast-seo-wordpress\/ -->\n<title>Uthaug havn - \u00d8rland-TEKS-tmp<\/title>\n<meta name=\"description\" content=\"Gode bo- og jobbmuligheter, kort vei til skole, jobb og fritidsaktiviteter uansett hvor i kommunen du bor. Bredt og variert aktivitetstilbud for store og sm\u00e5. Flytt bedriften eller etabler ny n\u00e6ring p\u00e5 \u00d8rlandet. Kommunen har byggeklart n\u00e6ringsareal b\u00e5de til salgs og til leie.\" \/>\n<meta name=\"robots\" content=\"noindex, follow, max-snippet:-1, max-image-preview:large, max-video-preview:-1\" \/>\n<meta property=\"og:locale\" content=\"en_US\" \/>\n<meta property=\"og:type\" content=\"article\" \/>\n<meta property=\"og:title\" content=\"Uthaug havn - \u00d8rland-TEKS-tmp\" \/>\n<meta property=\"og:description\" content=\"Gode bo- og jobbmuligheter, kort vei til skole, jobb og fritidsaktiviteter uansett hvor i kommunen du bor. Bredt og variert aktivitetstilbud for store og sm\u00e5. Flytt bedriften eller etabler ny n\u00e6ring p\u00e5 \u00d8rlandet. Kommunen har byggeklart n\u00e6ringsareal b\u00e5de til salgs og til leie.\" \/>\n<meta property=\"og:url\" content=\"http:\/\/audun.teks.no\/en\/uthaug-havn\/\" \/>\n<meta property=\"og:site_name\" content=\"\u00d8rland-TEKS-tmp\" \/>\n<meta property=\"article:modified_time\" content=\"2022-08-11T11:11:08+00:00\" \/>\n<meta property=\"og:image\" content=\"http:\/\/audun.teks.no\/wp-content\/uploads\/2019\/04\/Uthaug-havn-1024x768.jpg\" \/>\n\t<meta property=\"og:image:width\" content=\"1024\" \/>\n\t<meta property=\"og:image:height\" content=\"768\" \/>\n\t<meta property=\"og:image:type\" content=\"image\/jpeg\" \/>\n<meta name=\"twitter:card\" content=\"summary_large_image\" \/>\n<meta name=\"twitter:label1\" content=\"Est. reading time\" \/>\n\t<meta name=\"twitter:data1\" content=\"2 minutes\" \/>\n<script type=\"application\/ld+json\" class=\"yoast-schema-graph\">{\"@context\":\"https:\/\/schema.org\",\"@graph\":[{\"@type\":\"WebPage\",\"@id\":\"http:\/\/audun.teks.no\/uthaug-havn\/\",\"url\":\"http:\/\/audun.teks.no\/uthaug-havn\/\",\"name\":\"Uthaug havn - \u00d8rland-TEKS-tmp\",\"isPartOf\":{\"@id\":\"http:\/\/audun.teks.no\/#website\"},\"primaryImageOfPage\":{\"@id\":\"http:\/\/audun.teks.no\/uthaug-havn\/#primaryimage\"},\"image\":{\"@id\":\"http:\/\/audun.teks.no\/uthaug-havn\/#primaryimage\"},\"thumbnailUrl\":\"http:\/\/audun.teks.no\/wp-content\/uploads\/2019\/04\/Uthaug-havn.jpg\",\"datePublished\":\"2018-04-06T09:11:07+00:00\",\"dateModified\":\"2022-08-11T11:11:08+00:00\",\"description\":\"Gode bo- og jobbmuligheter, kort vei til skole, jobb og fritidsaktiviteter uansett hvor i kommunen du bor. Bredt og variert aktivitetstilbud for store og sm\u00e5. Flytt bedriften eller etabler ny n\u00e6ring p\u00e5 \u00d8rlandet. Kommunen har byggeklart n\u00e6ringsareal b\u00e5de til salgs og til leie.\",\"breadcrumb\":{\"@id\":\"http:\/\/audun.teks.no\/uthaug-havn\/#breadcrumb\"},\"inLanguage\":\"en-US\",\"potentialAction\":[{\"@type\":\"ReadAction\",\"target\":[\"http:\/\/audun.teks.no\/uthaug-havn\/\"]}]},{\"@type\":\"ImageObject\",\"inLanguage\":\"en-US\",\"@id\":\"http:\/\/audun.teks.no\/uthaug-havn\/#primaryimage\",\"url\":\"http:\/\/audun.teks.no\/wp-content\/uploads\/2019\/04\/Uthaug-havn.jpg\",\"contentUrl\":\"http:\/\/audun.teks.no\/wp-content\/uploads\/2019\/04\/Uthaug-havn.jpg\",\"width\":4032,\"height\":3024},{\"@type\":\"BreadcrumbList\",\"@id\":\"http:\/\/audun.teks.no\/uthaug-havn\/#breadcrumb\",\"itemListElement\":[{\"@type\":\"ListItem\",\"position\":1,\"name\":\"Hjem\",\"item\":\"http:\/\/audun.teks.no\/\"},{\"@type\":\"ListItem\",\"position\":2,\"name\":\"Uthaug havn\"}]},{\"@type\":\"WebSite\",\"@id\":\"http:\/\/audun.teks.no\/#website\",\"url\":\"http:\/\/audun.teks.no\/\",\"name\":\"\u00d8rland-TEKS-tmp\",\"description\":\"Velkommen til flotte kystopplevelser\",\"publisher\":{\"@id\":\"http:\/\/audun.teks.no\/#organization\"},\"potentialAction\":[{\"@type\":\"SearchAction\",\"target\":{\"@type\":\"EntryPoint\",\"urlTemplate\":\"http:\/\/audun.teks.no\/?s={search_term_string}\"},\"query-input\":{\"@type\":\"PropertyValueSpecification\",\"valueRequired\":true,\"valueName\":\"search_term_string\"}}],\"inLanguage\":\"en-US\"},{\"@type\":\"Organization\",\"@id\":\"http:\/\/audun.teks.no\/#organization\",\"name\":\"\u00d8rland\",\"url\":\"http:\/\/audun.teks.no\/\",\"logo\":{\"@type\":\"ImageObject\",\"inLanguage\":\"en-US\",\"@id\":\"http:\/\/audun.teks.no\/#\/schema\/logo\/image\/\",\"url\":\"http:\/\/audun.teks.no\/wp-content\/uploads\/2020\/04\/RORET-\u00d8rland-kulturforetak-KF.jpg\",\"contentUrl\":\"http:\/\/audun.teks.no\/wp-content\/uploads\/2020\/04\/RORET-\u00d8rland-kulturforetak-KF.jpg\",\"width\":1772,\"height\":969,\"caption\":\"\u00d8rland\"},\"image\":{\"@id\":\"http:\/\/audun.teks.no\/#\/schema\/logo\/image\/\"}}]}<\/script>\n<!-- \/ Yoast SEO plugin. -->","yoast_head_json":{"title":"Uthaug havn - \u00d8rland-TEKS-tmp","description":"Gode bo- og jobbmuligheter, kort vei til skole, jobb og fritidsaktiviteter uansett hvor i kommunen du bor. Bredt og variert aktivitetstilbud for store og sm\u00e5. Flytt bedriften eller etabler ny n\u00e6ring p\u00e5 \u00d8rlandet. Kommunen har byggeklart n\u00e6ringsareal b\u00e5de til salgs og til leie.","robots":{"index":"noindex","follow":"follow","max-snippet":"max-snippet:-1","max-image-preview":"max-image-preview:large","max-video-preview":"max-video-preview:-1"},"og_locale":"en_US","og_type":"article","og_title":"Uthaug havn - \u00d8rland-TEKS-tmp","og_description":"Gode bo- og jobbmuligheter, kort vei til skole, jobb og fritidsaktiviteter uansett hvor i kommunen du bor. Bredt og variert aktivitetstilbud for store og sm\u00e5. Flytt bedriften eller etabler ny n\u00e6ring p\u00e5 \u00d8rlandet. Kommunen har byggeklart n\u00e6ringsareal b\u00e5de til salgs og til leie.","og_url":"http:\/\/audun.teks.no\/en\/uthaug-havn\/","og_site_name":"\u00d8rland-TEKS-tmp","article_modified_time":"2022-08-11T11:11:08+00:00","og_image":[{"width":1024,"height":768,"url":"http:\/\/audun.teks.no\/wp-content\/uploads\/2019\/04\/Uthaug-havn-1024x768.jpg","type":"image\/jpeg"}],"twitter_card":"summary_large_image","twitter_misc":{"Est. reading time":"2 minutes"},"schema":{"@context":"https:\/\/schema.org","@graph":[{"@type":"WebPage","@id":"http:\/\/audun.teks.no\/uthaug-havn\/","url":"http:\/\/audun.teks.no\/uthaug-havn\/","name":"Uthaug havn - \u00d8rland-TEKS-tmp","isPartOf":{"@id":"http:\/\/audun.teks.no\/#website"},"primaryImageOfPage":{"@id":"http:\/\/audun.teks.no\/uthaug-havn\/#primaryimage"},"image":{"@id":"http:\/\/audun.teks.no\/uthaug-havn\/#primaryimage"},"thumbnailUrl":"http:\/\/audun.teks.no\/wp-content\/uploads\/2019\/04\/Uthaug-havn.jpg","datePublished":"2018-04-06T09:11:07+00:00","dateModified":"2022-08-11T11:11:08+00:00","description":"Gode bo- og jobbmuligheter, kort vei til skole, jobb og fritidsaktiviteter uansett hvor i kommunen du bor. Bredt og variert aktivitetstilbud for store og sm\u00e5. Flytt bedriften eller etabler ny n\u00e6ring p\u00e5 \u00d8rlandet. Kommunen har byggeklart n\u00e6ringsareal b\u00e5de til salgs og til leie.","breadcrumb":{"@id":"http:\/\/audun.teks.no\/uthaug-havn\/#breadcrumb"},"inLanguage":"en-US","potentialAction":[{"@type":"ReadAction","target":["http:\/\/audun.teks.no\/uthaug-havn\/"]}]},{"@type":"ImageObject","inLanguage":"en-US","@id":"http:\/\/audun.teks.no\/uthaug-havn\/#primaryimage","url":"http:\/\/audun.teks.no\/wp-content\/uploads\/2019\/04\/Uthaug-havn.jpg","contentUrl":"http:\/\/audun.teks.no\/wp-content\/uploads\/2019\/04\/Uthaug-havn.jpg","width":4032,"height":3024},{"@type":"BreadcrumbList","@id":"http:\/\/audun.teks.no\/uthaug-havn\/#breadcrumb","itemListElement":[{"@type":"ListItem","position":1,"name":"Hjem","item":"http:\/\/audun.teks.no\/"},{"@type":"ListItem","position":2,"name":"Uthaug havn"}]},{"@type":"WebSite","@id":"http:\/\/audun.teks.no\/#website","url":"http:\/\/audun.teks.no\/","name":"\u00d8rland-TEKS-tmp","description":"Velkommen til flotte kystopplevelser","publisher":{"@id":"http:\/\/audun.teks.no\/#organization"},"potentialAction":[{"@type":"SearchAction","target":{"@type":"EntryPoint","urlTemplate":"http:\/\/audun.teks.no\/?s={search_term_string}"},"query-input":{"@type":"PropertyValueSpecification","valueRequired":true,"valueName":"search_term_string"}}],"inLanguage":"en-US"},{"@type":"Organization","@id":"http:\/\/audun.teks.no\/#organization","name":"\u00d8rland","url":"http:\/\/audun.teks.no\/","logo":{"@type":"ImageObject","inLanguage":"en-US","@id":"http:\/\/audun.teks.no\/#\/schema\/logo\/image\/","url":"http:\/\/audun.teks.no\/wp-content\/uploads\/2020\/04\/RORET-\u00d8rland-kulturforetak-KF.jpg","contentUrl":"http:\/\/audun.teks.no\/wp-content\/uploads\/2020\/04\/RORET-\u00d8rland-kulturforetak-KF.jpg","width":1772,"height":969,"caption":"\u00d8rland"},"image":{"@id":"http:\/\/audun.teks.no\/#\/schema\/logo\/image\/"}}]}},"acf":[],"_links":{"self":[{"href":"http:\/\/audun.teks.no\/en\/wp-json\/wp\/v2\/pages\/934","targetHints":{"allow":["GET"]}}],"collection":[{"href":"http:\/\/audun.teks.no\/en\/wp-json\/wp\/v2\/pages"}],"about":[{"href":"http:\/\/audun.teks.no\/en\/wp-json\/wp\/v2\/types\/page"}],"author":[{"embeddable":true,"href":"http:\/\/audun.teks.no\/en\/wp-json\/wp\/v2\/users\/4"}],"replies":[{"embeddable":true,"href":"http:\/\/audun.teks.no\/en\/wp-json\/wp\/v2\/comments?post=934"}],"version-history":[{"count":19,"href":"http:\/\/audun.teks.no\/en\/wp-json\/wp\/v2\/pages\/934\/revisions"}],"predecessor-version":[{"id":521162,"href":"http:\/\/audun.teks.no\/en\/wp-json\/wp\/v2\/pages\/934\/revisions\/521162"}],"wp:featuredmedia":[{"embeddable":true,"href":"http:\/\/audun.teks.no\/en\/wp-json\/wp\/v2\/media\/2146"}],"wp:attachment":[{"href":"http:\/\/audun.teks.no\/en\/wp-json\/wp\/v2\/media?parent=934"}],"curies":[{"name":"wp","href":"https:\/\/api.w.org\/{rel}","templated":true}]}}