{"id":932,"date":"2018-04-06T09:07:51","date_gmt":"2018-04-06T09:07:51","guid":{"rendered":"https:\/\/www.orland.no\/?page_id=932"},"modified":"2020-11-30T18:32:45","modified_gmt":"2020-11-30T18:32:45","slug":"brekstadbukta","status":"publish","type":"page","link":"http:\/\/audun.teks.no\/en\/brekstadbukta\/","title":{"rendered":"Brekstadbukta"},"content":{"rendered":"<style type=\"text\/css\">\n\t\t\t#gallery-2 {\n\t\t\t\tmargin: auto;\n\t\t\t}\n\t\t\t#gallery-2 .gallery-item {\n\t\t\t\tfloat: left;\n\t\t\t\tmargin-top: 10px;\n\t\t\t\ttext-align: center;\n\t\t\t\twidth: 33%;\n\t\t\t}\n\t\t\t#gallery-2 img {\n\t\t\t\tborder: 2px solid #cfcfcf;\n\t\t\t}\n\t\t\t#gallery-2 .gallery-caption {\n\t\t\t\tmargin-left: 0;\n\t\t\t}\n\t\t\t\/* see gallery_shortcode() in wp-includes\/media.php *\/\n\t\t<\/style>\n\t\t<div id='gallery-2' class='gallery galleryid-932 gallery-columns-3 gallery-size-thumbnail'><dl class='gallery-item'>\n\t\t\t<dt class='gallery-icon landscape'>\n\t\t\t\t<a href='http:\/\/audun.teks.no\/en\/brekstadbukta\/dcim100mediadji_0020-jpg\/'><img loading=\"lazy\" decoding=\"async\" width=\"150\" height=\"150\" src=\"http:\/\/audun.teks.no\/wp-content\/uploads\/2018\/11\/DJI_0020-150x150.jpg\" class=\"attachment-thumbnail size-thumbnail\" alt=\"\" \/><\/a>\n\t\t\t<\/dt><\/dl><dl class='gallery-item'>\n\t\t\t<dt class='gallery-icon landscape'>\n\t\t\t\t<a href='http:\/\/audun.teks.no\/en\/brekstadbukta\/dcim100mediadji_0025-jpg\/'><img loading=\"lazy\" decoding=\"async\" width=\"150\" height=\"150\" src=\"http:\/\/audun.teks.no\/wp-content\/uploads\/2018\/11\/DJI_0025-150x150.jpg\" class=\"attachment-thumbnail size-thumbnail\" alt=\"\" \/><\/a>\n\t\t\t<\/dt><\/dl><dl class='gallery-item'>\n\t\t\t<dt class='gallery-icon landscape'>\n\t\t\t\t<a href='http:\/\/audun.teks.no\/en\/brekstadbukta\/dcim100mediadji_0003-jpg\/'><img loading=\"lazy\" decoding=\"async\" width=\"150\" height=\"150\" src=\"http:\/\/audun.teks.no\/wp-content\/uploads\/2018\/11\/DJI_0003-150x150.jpg\" class=\"attachment-thumbnail size-thumbnail\" alt=\"\" \/><\/a>\n\t\t\t<\/dt><\/dl><br style=\"clear: both\" \/>\n\t\t<\/div>\n\n<p>Brekstadbukta ligger s\u00f8r\u00f8st for Brekstad sentrum. Her finner du st\u00f8rre handelsbedrifter som driver innen bransjer som m\u00f8belsalg, byggevare, VVS, maskinutleie, bilsalg og fargehandel. Det ligger ogs\u00e5 et bakeri, bensinstasjoner, bruktbutikk, toll &amp; spedisjon og kontortjenester her. Byggefirma som R\u00e6derg\u00e5rd Entrepren\u00f8r AS og FVS AS har areal i Brekstadbukta. I tillegg har Nordens st\u00f8rste dyne- og putefabrikk, Mascot H\u00f8ie, sitt hovedkvarter og produksjonslokaler i Brekstadbukta.<\/p>\n<p>Trinn 1 er ferdigutfylt og byggeklart. Her ligger omlag 90 daa med lett bebyggelig n\u00e6ringsareal med perfekt lokalisering for \u00e5 kapitalisere p\u00e5 veksten i \u00d8rland og resten av Fosen.<\/p>\n<h3><span style=\"color: #333333;\">Standard<\/span><\/h3>\n<p><span>Tomtene er byggeklare, og er regulert gjennom reguleringsplan for Brekstadbukta N\u00e6ringsomr\u00e5de plan 1621201307 i \u00d8rland kommune. Tomtene kan bygges med BYA p\u00e5 minimum 50%. Maks gesimsh\u00f8yde opp til 8 eller 9 meter (og\u00a0 oppstikk) avhengig av hvor i parken tomta er lokalisert. Infrastruktur vil v\u00e6re av h\u00f8y standard og tomtene krever lite opparbeidelse.<\/span><\/p>\n<ul>\n<li><a href=\"https:\/\/kart.fosen.net\/webinnsyn\/Content\/plandialog\/GetGIplanregisterFil.aspx?systemid=db93b686e11b4e7baa63701b92ffc7ff&amp;k=5057&amp;arkivnavn=WINMAP\" target=\"_blank\" rel=\"noopener noreferrer\">Plankart<\/a><\/li>\n<li><a href=\"https:\/\/kart.fosen.net\/webinnsyn\/Content\/plandialog\/GetGIplanregisterFil.aspx?systemid=7d5a3a8ab598495c884f192bec4c6358&amp;k=5057&amp;arkivnavn=WINMAP\" target=\"_blank\" rel=\"noopener noreferrer\">Reguleringsbestemmelser<\/a><\/li>\n<\/ul>\n<h3><span style=\"color: #333333;\"><strong>Beliggenhet<\/strong><\/span><\/h3>\n<p><span>Sv\u00e6rt sentral beliggenhet tett p\u00e5 Brekstad sentrum. Kort vei til fergeleiet for videre biltransport til Trondheim, Orkland og\u00a0 \u00d8stlandet. Gangavstand til hurtigb\u00e5tanl\u00f8p til Trondheim, Hitra (med bussforbindelse til Fr\u00f8ya), Indre Fosen, Lensvik og Kristiansund.\u00a0 Kun 4 km til flyterminal med daglige avganger til Oslo lufthavn, Gardermoen.<\/span><\/p>\n<h3><span style=\"color: #333333;\">Adkomst<\/span><\/h3>\n<p>Fra Fosen: F\u00f8lg hovedinnfarts\u00e5ren til Brekstad langs fylkesvei 710. Ta til venstre p\u00e5 Industrigata og kj\u00f8r rett fram (s\u00f8r) til du kommer til Fj\u00e6raveien som ligger ytterst i Brekstadbukta.<\/p>\n<p>Fra Orkland: Etter ankomst p\u00e5 Brekstad fergeleie f\u00f8lg Havnegata nordover. F\u00f8rste vei til h\u00f8yre er Fj\u00e6raveien som g\u00e5r gjennom Brekstadbukta n\u00e6ringspark og ender opp p\u00e5 FV 710.<\/p>\n<h3><span style=\"color: #333333;\">Kontaktinformasjon:<\/span><\/h3>\n<ul>\n<li>Enhetsleder n\u00e6ring Arne <span style=\"color: #333333;\">Martin<\/span> Solli\n<ul>\n<li>Tel: 415.52.116<\/li>\n<li>ams@orland.kommune.no<\/li>\n<\/ul>\n<\/li>\n<\/ul>","protected":false},"excerpt":{"rendered":"<p>Brekstadbukta ligger s\u00f8r\u00f8st for Brekstad sentrum. Her finner du st\u00f8rre handelsbedrifter som driver innen bransjer som m\u00f8belsalg, byggevare, VVS, maskinutleie, bilsalg og fargehandel. Det ligger ogs\u00e5 et bakeri, bensinstasjoner, bruktbutikk, toll &amp; spedisjon og kontortjenester her. Byggefirma som R\u00e6derg\u00e5rd Entrepren\u00f8r AS og FVS AS har areal i Brekstadbukta. I tillegg [&hellip;]<\/p>","protected":false},"author":4,"featured_media":1346,"parent":0,"menu_order":0,"comment_status":"closed","ping_status":"closed","template":"","meta":{"ngg_post_thumbnail":0,"footnotes":""},"class_list":["post-932","page","type-page","status-publish","has-post-thumbnail","hentry"],"yoast_head":"<!-- This site is optimized with the Yoast SEO plugin v26.8 - https:\/\/yoast.com\/product\/yoast-seo-wordpress\/ -->\n<title>Brekstadbukta - \u00d8rland-TEKS-tmp<\/title>\n<meta name=\"description\" content=\"Gode bo- og jobbmuligheter, kort vei til skole, jobb og fritidsaktiviteter uansett hvor i kommunen du bor. Bredt og variert aktivitetstilbud for store og sm\u00e5. Flytt bedriften eller etabler ny n\u00e6ring p\u00e5 \u00d8rlandet. Kommunen har byggeklart n\u00e6ringsareal b\u00e5de til salgs og til leie.\" \/>\n<meta name=\"robots\" content=\"noindex, follow, max-snippet:-1, max-image-preview:large, max-video-preview:-1\" \/>\n<meta property=\"og:locale\" content=\"en_US\" \/>\n<meta property=\"og:type\" content=\"article\" \/>\n<meta property=\"og:title\" content=\"Brekstadbukta - \u00d8rland-TEKS-tmp\" \/>\n<meta property=\"og:description\" content=\"Gode bo- og jobbmuligheter, kort vei til skole, jobb og fritidsaktiviteter uansett hvor i kommunen du bor. Bredt og variert aktivitetstilbud for store og sm\u00e5. Flytt bedriften eller etabler ny n\u00e6ring p\u00e5 \u00d8rlandet. Kommunen har byggeklart n\u00e6ringsareal b\u00e5de til salgs og til leie.\" \/>\n<meta property=\"og:url\" content=\"http:\/\/audun.teks.no\/en\/brekstadbukta\/\" \/>\n<meta property=\"og:site_name\" content=\"\u00d8rland-TEKS-tmp\" \/>\n<meta property=\"article:modified_time\" content=\"2020-11-30T18:32:45+00:00\" \/>\n<meta property=\"og:image\" content=\"http:\/\/audun.teks.no\/wp-content\/uploads\/2018\/11\/DJI_0019-1024x576.jpg\" \/>\n\t<meta property=\"og:image:width\" content=\"1024\" \/>\n\t<meta property=\"og:image:height\" content=\"576\" \/>\n\t<meta property=\"og:image:type\" content=\"image\/jpeg\" \/>\n<meta name=\"twitter:card\" content=\"summary_large_image\" \/>\n<meta name=\"twitter:label1\" content=\"Est. reading time\" \/>\n\t<meta name=\"twitter:data1\" content=\"1 minute\" \/>\n<script type=\"application\/ld+json\" class=\"yoast-schema-graph\">{\"@context\":\"https:\/\/schema.org\",\"@graph\":[{\"@type\":\"WebPage\",\"@id\":\"http:\/\/audun.teks.no\/brekstadbukta\/\",\"url\":\"http:\/\/audun.teks.no\/brekstadbukta\/\",\"name\":\"Brekstadbukta - \u00d8rland-TEKS-tmp\",\"isPartOf\":{\"@id\":\"http:\/\/audun.teks.no\/#website\"},\"primaryImageOfPage\":{\"@id\":\"http:\/\/audun.teks.no\/brekstadbukta\/#primaryimage\"},\"image\":{\"@id\":\"http:\/\/audun.teks.no\/brekstadbukta\/#primaryimage\"},\"thumbnailUrl\":\"http:\/\/audun.teks.no\/wp-content\/uploads\/2018\/11\/DJI_0019.jpg\",\"datePublished\":\"2018-04-06T09:07:51+00:00\",\"dateModified\":\"2020-11-30T18:32:45+00:00\",\"description\":\"Gode bo- og jobbmuligheter, kort vei til skole, jobb og fritidsaktiviteter uansett hvor i kommunen du bor. Bredt og variert aktivitetstilbud for store og sm\u00e5. Flytt bedriften eller etabler ny n\u00e6ring p\u00e5 \u00d8rlandet. Kommunen har byggeklart n\u00e6ringsareal b\u00e5de til salgs og til leie.\",\"breadcrumb\":{\"@id\":\"http:\/\/audun.teks.no\/brekstadbukta\/#breadcrumb\"},\"inLanguage\":\"en-US\",\"potentialAction\":[{\"@type\":\"ReadAction\",\"target\":[\"http:\/\/audun.teks.no\/brekstadbukta\/\"]}]},{\"@type\":\"ImageObject\",\"inLanguage\":\"en-US\",\"@id\":\"http:\/\/audun.teks.no\/brekstadbukta\/#primaryimage\",\"url\":\"http:\/\/audun.teks.no\/wp-content\/uploads\/2018\/11\/DJI_0019.jpg\",\"contentUrl\":\"http:\/\/audun.teks.no\/wp-content\/uploads\/2018\/11\/DJI_0019.jpg\",\"width\":4000,\"height\":2250,\"caption\":\"DCIM100MEDIADJI_0019.JPG\"},{\"@type\":\"BreadcrumbList\",\"@id\":\"http:\/\/audun.teks.no\/brekstadbukta\/#breadcrumb\",\"itemListElement\":[{\"@type\":\"ListItem\",\"position\":1,\"name\":\"Hjem\",\"item\":\"http:\/\/audun.teks.no\/\"},{\"@type\":\"ListItem\",\"position\":2,\"name\":\"Brekstadbukta\"}]},{\"@type\":\"WebSite\",\"@id\":\"http:\/\/audun.teks.no\/#website\",\"url\":\"http:\/\/audun.teks.no\/\",\"name\":\"\u00d8rland-TEKS-tmp\",\"description\":\"Velkommen til flotte kystopplevelser\",\"publisher\":{\"@id\":\"http:\/\/audun.teks.no\/#organization\"},\"potentialAction\":[{\"@type\":\"SearchAction\",\"target\":{\"@type\":\"EntryPoint\",\"urlTemplate\":\"http:\/\/audun.teks.no\/?s={search_term_string}\"},\"query-input\":{\"@type\":\"PropertyValueSpecification\",\"valueRequired\":true,\"valueName\":\"search_term_string\"}}],\"inLanguage\":\"en-US\"},{\"@type\":\"Organization\",\"@id\":\"http:\/\/audun.teks.no\/#organization\",\"name\":\"\u00d8rland\",\"url\":\"http:\/\/audun.teks.no\/\",\"logo\":{\"@type\":\"ImageObject\",\"inLanguage\":\"en-US\",\"@id\":\"http:\/\/audun.teks.no\/#\/schema\/logo\/image\/\",\"url\":\"http:\/\/audun.teks.no\/wp-content\/uploads\/2020\/04\/RORET-\u00d8rland-kulturforetak-KF.jpg\",\"contentUrl\":\"http:\/\/audun.teks.no\/wp-content\/uploads\/2020\/04\/RORET-\u00d8rland-kulturforetak-KF.jpg\",\"width\":1772,\"height\":969,\"caption\":\"\u00d8rland\"},\"image\":{\"@id\":\"http:\/\/audun.teks.no\/#\/schema\/logo\/image\/\"}}]}<\/script>\n<!-- \/ Yoast SEO plugin. -->","yoast_head_json":{"title":"Brekstadbukta - \u00d8rland-TEKS-tmp","description":"Gode bo- og jobbmuligheter, kort vei til skole, jobb og fritidsaktiviteter uansett hvor i kommunen du bor. Bredt og variert aktivitetstilbud for store og sm\u00e5. Flytt bedriften eller etabler ny n\u00e6ring p\u00e5 \u00d8rlandet. Kommunen har byggeklart n\u00e6ringsareal b\u00e5de til salgs og til leie.","robots":{"index":"noindex","follow":"follow","max-snippet":"max-snippet:-1","max-image-preview":"max-image-preview:large","max-video-preview":"max-video-preview:-1"},"og_locale":"en_US","og_type":"article","og_title":"Brekstadbukta - \u00d8rland-TEKS-tmp","og_description":"Gode bo- og jobbmuligheter, kort vei til skole, jobb og fritidsaktiviteter uansett hvor i kommunen du bor. Bredt og variert aktivitetstilbud for store og sm\u00e5. Flytt bedriften eller etabler ny n\u00e6ring p\u00e5 \u00d8rlandet. Kommunen har byggeklart n\u00e6ringsareal b\u00e5de til salgs og til leie.","og_url":"http:\/\/audun.teks.no\/en\/brekstadbukta\/","og_site_name":"\u00d8rland-TEKS-tmp","article_modified_time":"2020-11-30T18:32:45+00:00","og_image":[{"width":1024,"height":576,"url":"http:\/\/audun.teks.no\/wp-content\/uploads\/2018\/11\/DJI_0019-1024x576.jpg","type":"image\/jpeg"}],"twitter_card":"summary_large_image","twitter_misc":{"Est. reading time":"1 minute"},"schema":{"@context":"https:\/\/schema.org","@graph":[{"@type":"WebPage","@id":"http:\/\/audun.teks.no\/brekstadbukta\/","url":"http:\/\/audun.teks.no\/brekstadbukta\/","name":"Brekstadbukta - \u00d8rland-TEKS-tmp","isPartOf":{"@id":"http:\/\/audun.teks.no\/#website"},"primaryImageOfPage":{"@id":"http:\/\/audun.teks.no\/brekstadbukta\/#primaryimage"},"image":{"@id":"http:\/\/audun.teks.no\/brekstadbukta\/#primaryimage"},"thumbnailUrl":"http:\/\/audun.teks.no\/wp-content\/uploads\/2018\/11\/DJI_0019.jpg","datePublished":"2018-04-06T09:07:51+00:00","dateModified":"2020-11-30T18:32:45+00:00","description":"Gode bo- og jobbmuligheter, kort vei til skole, jobb og fritidsaktiviteter uansett hvor i kommunen du bor. Bredt og variert aktivitetstilbud for store og sm\u00e5. Flytt bedriften eller etabler ny n\u00e6ring p\u00e5 \u00d8rlandet. Kommunen har byggeklart n\u00e6ringsareal b\u00e5de til salgs og til leie.","breadcrumb":{"@id":"http:\/\/audun.teks.no\/brekstadbukta\/#breadcrumb"},"inLanguage":"en-US","potentialAction":[{"@type":"ReadAction","target":["http:\/\/audun.teks.no\/brekstadbukta\/"]}]},{"@type":"ImageObject","inLanguage":"en-US","@id":"http:\/\/audun.teks.no\/brekstadbukta\/#primaryimage","url":"http:\/\/audun.teks.no\/wp-content\/uploads\/2018\/11\/DJI_0019.jpg","contentUrl":"http:\/\/audun.teks.no\/wp-content\/uploads\/2018\/11\/DJI_0019.jpg","width":4000,"height":2250,"caption":"DCIM100MEDIADJI_0019.JPG"},{"@type":"BreadcrumbList","@id":"http:\/\/audun.teks.no\/brekstadbukta\/#breadcrumb","itemListElement":[{"@type":"ListItem","position":1,"name":"Hjem","item":"http:\/\/audun.teks.no\/"},{"@type":"ListItem","position":2,"name":"Brekstadbukta"}]},{"@type":"WebSite","@id":"http:\/\/audun.teks.no\/#website","url":"http:\/\/audun.teks.no\/","name":"\u00d8rland-TEKS-tmp","description":"Velkommen til flotte kystopplevelser","publisher":{"@id":"http:\/\/audun.teks.no\/#organization"},"potentialAction":[{"@type":"SearchAction","target":{"@type":"EntryPoint","urlTemplate":"http:\/\/audun.teks.no\/?s={search_term_string}"},"query-input":{"@type":"PropertyValueSpecification","valueRequired":true,"valueName":"search_term_string"}}],"inLanguage":"en-US"},{"@type":"Organization","@id":"http:\/\/audun.teks.no\/#organization","name":"\u00d8rland","url":"http:\/\/audun.teks.no\/","logo":{"@type":"ImageObject","inLanguage":"en-US","@id":"http:\/\/audun.teks.no\/#\/schema\/logo\/image\/","url":"http:\/\/audun.teks.no\/wp-content\/uploads\/2020\/04\/RORET-\u00d8rland-kulturforetak-KF.jpg","contentUrl":"http:\/\/audun.teks.no\/wp-content\/uploads\/2020\/04\/RORET-\u00d8rland-kulturforetak-KF.jpg","width":1772,"height":969,"caption":"\u00d8rland"},"image":{"@id":"http:\/\/audun.teks.no\/#\/schema\/logo\/image\/"}}]}},"acf":[],"_links":{"self":[{"href":"http:\/\/audun.teks.no\/en\/wp-json\/wp\/v2\/pages\/932","targetHints":{"allow":["GET"]}}],"collection":[{"href":"http:\/\/audun.teks.no\/en\/wp-json\/wp\/v2\/pages"}],"about":[{"href":"http:\/\/audun.teks.no\/en\/wp-json\/wp\/v2\/types\/page"}],"author":[{"embeddable":true,"href":"http:\/\/audun.teks.no\/en\/wp-json\/wp\/v2\/users\/4"}],"replies":[{"embeddable":true,"href":"http:\/\/audun.teks.no\/en\/wp-json\/wp\/v2\/comments?post=932"}],"version-history":[{"count":17,"href":"http:\/\/audun.teks.no\/en\/wp-json\/wp\/v2\/pages\/932\/revisions"}],"predecessor-version":[{"id":519890,"href":"http:\/\/audun.teks.no\/en\/wp-json\/wp\/v2\/pages\/932\/revisions\/519890"}],"wp:featuredmedia":[{"embeddable":true,"href":"http:\/\/audun.teks.no\/en\/wp-json\/wp\/v2\/media\/1346"}],"wp:attachment":[{"href":"http:\/\/audun.teks.no\/en\/wp-json\/wp\/v2\/media?parent=932"}],"curies":[{"name":"wp","href":"https:\/\/api.w.org\/{rel}","templated":true}]}}