{"id":929,"date":"2018-04-06T09:03:44","date_gmt":"2018-04-06T09:03:44","guid":{"rendered":"https:\/\/www.orland.no\/?page_id=929"},"modified":"2020-11-30T17:38:08","modified_gmt":"2020-11-30T17:38:08","slug":"brekstad-sentrum","status":"publish","type":"page","link":"http:\/\/audun.teks.no\/en\/brekstad-sentrum\/","title":{"rendered":"Brekstad Sentrum"},"content":{"rendered":"<h4><strong><img loading=\"lazy\" decoding=\"async\" class=\"alignleft wp-image-1089 size-large\" src=\"http:\/\/audun.teks.no\/wp-content\/uploads\/2018\/04\/Lokalmarked_illustrasjon_1-1-1024x908.png\" alt=\"\" width=\"750\" height=\"665\" srcset=\"http:\/\/audun.teks.no\/wp-content\/uploads\/2018\/04\/Lokalmarked_illustrasjon_1-1-1024x908.png 1024w, http:\/\/audun.teks.no\/wp-content\/uploads\/2018\/04\/Lokalmarked_illustrasjon_1-1-300x266.png 300w, http:\/\/audun.teks.no\/wp-content\/uploads\/2018\/04\/Lokalmarked_illustrasjon_1-1-768x681.png 768w, http:\/\/audun.teks.no\/wp-content\/uploads\/2018\/04\/Lokalmarked_illustrasjon_1-1.png 1118w\" sizes=\"auto, (max-width: 750px) 100vw, 750px\" \/>Stort kundegrunnlag i Brekstad pga omland, kampflybase, industri og reiseliv<\/strong><\/h4>\n<p>Brekstad \u00f8ker i betydning som handelssted for \u00d8rlendingen og innbyggere i nabokommuner. Med det allerede brede tilbudet er Brekstad et godt alternativ for shopping for hele Fosen. I tillegg er \u00f8yriket og Agdenes ikke langt unna med hurtigb\u00e5t og ferge. Man kan ikke isolert se p\u00e5 innbyggertallet \u00d8rlandet n\u00e5r man vurdere \u00e5 starte handelsvirksomhet i Brekstad.<\/p>\n<p>I tillegg til det store omlandet med rundt 25.000 innbyggere er \u00d8rland ogs\u00e5 en viktig reiselivskommune. Verdiskaping fra reiseliv er if\u00f8lge <a href=\"https:\/\/www.visitnorway.no\/innsikt\/\" target=\"_blank\" rel=\"noopener noreferrer\">www.visitnorway\/innsikt<\/a> st\u00f8rre enn alle andre kommuner p\u00e5 Fosen-halv\u00f8ya sammenlagt. I tillegg til dette har kampflybasen alene enkelte \u00e5r rapportert rundt 100.000 gjested\u00f8gn. Konferansehotellene <a href=\"http:\/\/www.kysthotell.no\/\" target=\"_blank\" rel=\"noopener noreferrer\">\u00d8rland Kysthotell<\/a> and <a href=\"http:\/\/www.hovdegaard.no\/norsk\" target=\"_blank\" rel=\"noopener noreferrer\">Hovde G\u00e5rd<\/a>\u00a0ligger p\u00e5 Brekstad.<\/p>\n<p>Brekstad har klesbutikker, dagligvareforretninger, cafeer, byggevarefirma, gullsmed, fris\u00f8rsalonger, ur og optikk, restauranter, elektronikk, blomsterforretning, gaveforretninger, utesteder, sportsbutikker, kiosk, bensinstasjoner, gartneri, helsekost, apotek, hobbyforretning, bokhandel, velv\u00e6resenter, banker, kunstgalleri, fargehandel, kontorutstyr, dyrebutikk, tatoveringsstudio, m\u00f8belutsalg, bakeri, flere bilmerker, g\u00e5rdsbutikker og Vinmonopol.<\/p>\n<p>Det finnes flere muligheter for leie av butikk-, restaurant og kontorlokaler.\u00a0 Flere store utbyggingsprosjekt er i ferd med \u00e5 \u00f8ke denne kapasiteten.<\/p>\n<p>Klikk p\u00e5 logo under for informasjon om leie eller salg av n\u00e6ringslokaler eller tomt.<\/p>\n\n\t\t<style type=\"text\/css\">\n\t\t\t#gallery-2 {\n\t\t\t\tmargin: auto;\n\t\t\t}\n\t\t\t#gallery-2 .gallery-item {\n\t\t\t\tfloat: left;\n\t\t\t\tmargin-top: 10px;\n\t\t\t\ttext-align: center;\n\t\t\t\twidth: 33%;\n\t\t\t}\n\t\t\t#gallery-2 img {\n\t\t\t\tborder: 2px solid #cfcfcf;\n\t\t\t}\n\t\t\t#gallery-2 .gallery-caption {\n\t\t\t\tmargin-left: 0;\n\t\t\t}\n\t\t\t\/* see gallery_shortcode() in wp-includes\/media.php *\/\n\t\t<\/style>\n\t\t<div id='gallery-2' class='gallery galleryid-929 gallery-columns-3 gallery-size-thumbnail'><dl class='gallery-item'>\n\t\t\t<dt class='gallery-icon landscape'>\n\t\t\t\t<a href=\"https:\/\/orland-naringsforum.no\/2016\/12\/30\/ledige-naeringslokaler\/\" target=\"_blank\" class=\"set-target no-lightbox\"><img loading=\"lazy\" decoding=\"async\" width=\"150\" height=\"150\" src=\"http:\/\/audun.teks.no\/wp-content\/uploads\/2018\/02\/onf_logo_1-150x150.png\" class=\"attachment-thumbnail size-thumbnail\" alt=\"\" aria-describedby=\"gallery-2-580\" \/><\/a>\n\t\t\t<\/dt>\n\t\t\t\t<dd class='wp-caption-text gallery-caption' id='gallery-2-580'>\n\t\t\t\tListe over ledige n\u00e6ringslokaler\n\t\t\t\t<\/dd><\/dl><dl class='gallery-item'>\n\t\t\t<dt class='gallery-icon landscape'>\n\t\t\t\t<a href=\"https:\/\/www.finn.no\/realestate\/businesssale\/search.html?filters=&location=1.20016.20323\" class=\"no-lightbox\"><img loading=\"lazy\" decoding=\"async\" width=\"150\" height=\"150\" src=\"http:\/\/audun.teks.no\/wp-content\/uploads\/2018\/04\/finn-1-150x150.jpg\" class=\"attachment-thumbnail size-thumbnail\" alt=\"\" aria-describedby=\"gallery-2-930\" \/><\/a>\n\t\t\t<\/dt>\n\t\t\t\t<dd class='wp-caption-text gallery-caption' id='gallery-2-930'>\n\t\t\t\tSalg n\u00e6ringstomt\/bygg \u00d8rland\n\t\t\t\t<\/dd><\/dl><dl class='gallery-item'>\n\t\t\t<dt class='gallery-icon landscape'>\n\t\t\t\t<a href=\"https:\/\/www.finn.no\/realestate\/businessrent\/search.html?filters=&location=1.20016.20323\" class=\"no-lightbox\"><img loading=\"lazy\" decoding=\"async\" width=\"150\" height=\"150\" src=\"http:\/\/audun.teks.no\/wp-content\/uploads\/2018\/04\/finn-2-150x150.jpg\" class=\"attachment-thumbnail size-thumbnail\" alt=\"\" aria-describedby=\"gallery-2-959\" \/><\/a>\n\t\t\t<\/dt>\n\t\t\t\t<dd class='wp-caption-text gallery-caption' id='gallery-2-959'>\n\t\t\t\tUtleie n\u00e6ringstomt\/bygg\n\t\t\t\t<\/dd><\/dl><br style=\"clear: both\" \/><dl class='gallery-item'>\n\t\t\t<dt class='gallery-icon landscape'>\n\t\t\t\t<a href=\"https:\/\/www.finn.no\/realestate\/businessplots\/search.html?filters=&location=1.20016.20323\" class=\"no-lightbox\"><img loading=\"lazy\" decoding=\"async\" width=\"150\" height=\"150\" src=\"http:\/\/audun.teks.no\/wp-content\/uploads\/2018\/04\/finn-2-150x150.jpg\" class=\"attachment-thumbnail size-thumbnail\" alt=\"\" aria-describedby=\"gallery-2-1799\" \/><\/a>\n\t\t\t<\/dt>\n\t\t\t\t<dd class='wp-caption-text gallery-caption' id='gallery-2-1799'>\n\t\t\t\tN\u00e6ringstomter\n\t\t\t\t<\/dd><\/dl>\n\t\t\t<br style='clear: both' \/>\n\t\t<\/div>\n\n<h3><span style=\"color: #333333;\">Kontaktinformasjon<\/span><\/h3>\n<ul>\n<li>Enhetsleder N\u00e6ring Arne Martin Solli\n<ul>\n<li>Tel 415.52.116<\/li>\n<li><a href=\"mailto:ams@orland.kommune.no\">ams@orland.kommune.no<\/a><\/li>\n<\/ul>\n<\/li>\n<\/ul>\n\n\n<p><\/p>","protected":false},"excerpt":{"rendered":"<p>Stort kundegrunnlag i Brekstad pga omland, kampflybase, industri og reiseliv Brekstad \u00f8ker i betydning som handelssted for \u00d8rlendingen og innbyggere i nabokommuner. Med det allerede brede tilbudet er Brekstad et godt alternativ for shopping for hele Fosen. I tillegg er \u00f8yriket og Agdenes ikke langt unna med hurtigb\u00e5t og ferge. [&hellip;]<\/p>","protected":false},"author":4,"featured_media":505,"parent":0,"menu_order":0,"comment_status":"closed","ping_status":"closed","template":"","meta":{"ngg_post_thumbnail":0,"footnotes":""},"class_list":["post-929","page","type-page","status-publish","has-post-thumbnail","hentry"],"yoast_head":"<!-- This site is optimized with the Yoast SEO plugin v26.8 - https:\/\/yoast.com\/product\/yoast-seo-wordpress\/ -->\n<title>Brekstad Sentrum - \u00d8rland-TEKS-tmp<\/title>\n<meta name=\"description\" content=\"Gode bo- og jobbmuligheter, kort vei til skole, jobb og fritidsaktiviteter uansett hvor i kommunen du bor. Bredt og variert aktivitetstilbud for store og sm\u00e5. Flytt bedriften eller etabler ny n\u00e6ring p\u00e5 \u00d8rlandet. Kommunen har byggeklart n\u00e6ringsareal b\u00e5de til salgs og til leie.\" \/>\n<meta name=\"robots\" content=\"noindex, follow, max-snippet:-1, max-image-preview:large, max-video-preview:-1\" \/>\n<meta property=\"og:locale\" content=\"en_US\" \/>\n<meta property=\"og:type\" content=\"article\" \/>\n<meta property=\"og:title\" content=\"Brekstad Sentrum - \u00d8rland-TEKS-tmp\" \/>\n<meta property=\"og:description\" content=\"Gode bo- og jobbmuligheter, kort vei til skole, jobb og fritidsaktiviteter uansett hvor i kommunen du bor. Bredt og variert aktivitetstilbud for store og sm\u00e5. Flytt bedriften eller etabler ny n\u00e6ring p\u00e5 \u00d8rlandet. Kommunen har byggeklart n\u00e6ringsareal b\u00e5de til salgs og til leie.\" \/>\n<meta property=\"og:url\" content=\"http:\/\/audun.teks.no\/en\/brekstad-sentrum\/\" \/>\n<meta property=\"og:site_name\" content=\"\u00d8rland-TEKS-tmp\" \/>\n<meta property=\"article:modified_time\" content=\"2020-11-30T17:38:08+00:00\" \/>\n<meta property=\"og:image\" content=\"http:\/\/audun.teks.no\/wp-content\/uploads\/2018\/02\/DSC00875-1024x576.jpg\" \/>\n\t<meta property=\"og:image:width\" content=\"1024\" \/>\n\t<meta property=\"og:image:height\" content=\"576\" \/>\n\t<meta property=\"og:image:type\" content=\"image\/jpeg\" \/>\n<meta name=\"twitter:card\" content=\"summary_large_image\" \/>\n<meta name=\"twitter:label1\" content=\"Est. reading time\" \/>\n\t<meta name=\"twitter:data1\" content=\"1 minute\" \/>\n<script type=\"application\/ld+json\" class=\"yoast-schema-graph\">{\"@context\":\"https:\/\/schema.org\",\"@graph\":[{\"@type\":\"WebPage\",\"@id\":\"http:\/\/audun.teks.no\/brekstad-sentrum\/\",\"url\":\"http:\/\/audun.teks.no\/brekstad-sentrum\/\",\"name\":\"Brekstad Sentrum - \u00d8rland-TEKS-tmp\",\"isPartOf\":{\"@id\":\"http:\/\/audun.teks.no\/#website\"},\"primaryImageOfPage\":{\"@id\":\"http:\/\/audun.teks.no\/brekstad-sentrum\/#primaryimage\"},\"image\":{\"@id\":\"http:\/\/audun.teks.no\/brekstad-sentrum\/#primaryimage\"},\"thumbnailUrl\":\"http:\/\/audun.teks.no\/wp-content\/uploads\/2018\/02\/DSC00875.jpg\",\"datePublished\":\"2018-04-06T09:03:44+00:00\",\"dateModified\":\"2020-11-30T17:38:08+00:00\",\"description\":\"Gode bo- og jobbmuligheter, kort vei til skole, jobb og fritidsaktiviteter uansett hvor i kommunen du bor. Bredt og variert aktivitetstilbud for store og sm\u00e5. Flytt bedriften eller etabler ny n\u00e6ring p\u00e5 \u00d8rlandet. Kommunen har byggeklart n\u00e6ringsareal b\u00e5de til salgs og til leie.\",\"breadcrumb\":{\"@id\":\"http:\/\/audun.teks.no\/brekstad-sentrum\/#breadcrumb\"},\"inLanguage\":\"en-US\",\"potentialAction\":[{\"@type\":\"ReadAction\",\"target\":[\"http:\/\/audun.teks.no\/brekstad-sentrum\/\"]}]},{\"@type\":\"ImageObject\",\"inLanguage\":\"en-US\",\"@id\":\"http:\/\/audun.teks.no\/brekstad-sentrum\/#primaryimage\",\"url\":\"http:\/\/audun.teks.no\/wp-content\/uploads\/2018\/02\/DSC00875.jpg\",\"contentUrl\":\"http:\/\/audun.teks.no\/wp-content\/uploads\/2018\/02\/DSC00875.jpg\",\"width\":6000,\"height\":3376,\"caption\":\"Brekstad sentrum\"},{\"@type\":\"BreadcrumbList\",\"@id\":\"http:\/\/audun.teks.no\/brekstad-sentrum\/#breadcrumb\",\"itemListElement\":[{\"@type\":\"ListItem\",\"position\":1,\"name\":\"Hjem\",\"item\":\"http:\/\/audun.teks.no\/\"},{\"@type\":\"ListItem\",\"position\":2,\"name\":\"Brekstad Sentrum\"}]},{\"@type\":\"WebSite\",\"@id\":\"http:\/\/audun.teks.no\/#website\",\"url\":\"http:\/\/audun.teks.no\/\",\"name\":\"\u00d8rland-TEKS-tmp\",\"description\":\"Velkommen til flotte kystopplevelser\",\"publisher\":{\"@id\":\"http:\/\/audun.teks.no\/#organization\"},\"potentialAction\":[{\"@type\":\"SearchAction\",\"target\":{\"@type\":\"EntryPoint\",\"urlTemplate\":\"http:\/\/audun.teks.no\/?s={search_term_string}\"},\"query-input\":{\"@type\":\"PropertyValueSpecification\",\"valueRequired\":true,\"valueName\":\"search_term_string\"}}],\"inLanguage\":\"en-US\"},{\"@type\":\"Organization\",\"@id\":\"http:\/\/audun.teks.no\/#organization\",\"name\":\"\u00d8rland\",\"url\":\"http:\/\/audun.teks.no\/\",\"logo\":{\"@type\":\"ImageObject\",\"inLanguage\":\"en-US\",\"@id\":\"http:\/\/audun.teks.no\/#\/schema\/logo\/image\/\",\"url\":\"http:\/\/audun.teks.no\/wp-content\/uploads\/2020\/04\/RORET-\u00d8rland-kulturforetak-KF.jpg\",\"contentUrl\":\"http:\/\/audun.teks.no\/wp-content\/uploads\/2020\/04\/RORET-\u00d8rland-kulturforetak-KF.jpg\",\"width\":1772,\"height\":969,\"caption\":\"\u00d8rland\"},\"image\":{\"@id\":\"http:\/\/audun.teks.no\/#\/schema\/logo\/image\/\"}}]}<\/script>\n<!-- \/ Yoast SEO plugin. -->","yoast_head_json":{"title":"Brekstad Sentrum - \u00d8rland-TEKS-tmp","description":"Gode bo- og jobbmuligheter, kort vei til skole, jobb og fritidsaktiviteter uansett hvor i kommunen du bor. Bredt og variert aktivitetstilbud for store og sm\u00e5. Flytt bedriften eller etabler ny n\u00e6ring p\u00e5 \u00d8rlandet. Kommunen har byggeklart n\u00e6ringsareal b\u00e5de til salgs og til leie.","robots":{"index":"noindex","follow":"follow","max-snippet":"max-snippet:-1","max-image-preview":"max-image-preview:large","max-video-preview":"max-video-preview:-1"},"og_locale":"en_US","og_type":"article","og_title":"Brekstad Sentrum - \u00d8rland-TEKS-tmp","og_description":"Gode bo- og jobbmuligheter, kort vei til skole, jobb og fritidsaktiviteter uansett hvor i kommunen du bor. Bredt og variert aktivitetstilbud for store og sm\u00e5. Flytt bedriften eller etabler ny n\u00e6ring p\u00e5 \u00d8rlandet. Kommunen har byggeklart n\u00e6ringsareal b\u00e5de til salgs og til leie.","og_url":"http:\/\/audun.teks.no\/en\/brekstad-sentrum\/","og_site_name":"\u00d8rland-TEKS-tmp","article_modified_time":"2020-11-30T17:38:08+00:00","og_image":[{"width":1024,"height":576,"url":"http:\/\/audun.teks.no\/wp-content\/uploads\/2018\/02\/DSC00875-1024x576.jpg","type":"image\/jpeg"}],"twitter_card":"summary_large_image","twitter_misc":{"Est. reading time":"1 minute"},"schema":{"@context":"https:\/\/schema.org","@graph":[{"@type":"WebPage","@id":"http:\/\/audun.teks.no\/brekstad-sentrum\/","url":"http:\/\/audun.teks.no\/brekstad-sentrum\/","name":"Brekstad Sentrum - \u00d8rland-TEKS-tmp","isPartOf":{"@id":"http:\/\/audun.teks.no\/#website"},"primaryImageOfPage":{"@id":"http:\/\/audun.teks.no\/brekstad-sentrum\/#primaryimage"},"image":{"@id":"http:\/\/audun.teks.no\/brekstad-sentrum\/#primaryimage"},"thumbnailUrl":"http:\/\/audun.teks.no\/wp-content\/uploads\/2018\/02\/DSC00875.jpg","datePublished":"2018-04-06T09:03:44+00:00","dateModified":"2020-11-30T17:38:08+00:00","description":"Gode bo- og jobbmuligheter, kort vei til skole, jobb og fritidsaktiviteter uansett hvor i kommunen du bor. Bredt og variert aktivitetstilbud for store og sm\u00e5. Flytt bedriften eller etabler ny n\u00e6ring p\u00e5 \u00d8rlandet. Kommunen har byggeklart n\u00e6ringsareal b\u00e5de til salgs og til leie.","breadcrumb":{"@id":"http:\/\/audun.teks.no\/brekstad-sentrum\/#breadcrumb"},"inLanguage":"en-US","potentialAction":[{"@type":"ReadAction","target":["http:\/\/audun.teks.no\/brekstad-sentrum\/"]}]},{"@type":"ImageObject","inLanguage":"en-US","@id":"http:\/\/audun.teks.no\/brekstad-sentrum\/#primaryimage","url":"http:\/\/audun.teks.no\/wp-content\/uploads\/2018\/02\/DSC00875.jpg","contentUrl":"http:\/\/audun.teks.no\/wp-content\/uploads\/2018\/02\/DSC00875.jpg","width":6000,"height":3376,"caption":"Brekstad sentrum"},{"@type":"BreadcrumbList","@id":"http:\/\/audun.teks.no\/brekstad-sentrum\/#breadcrumb","itemListElement":[{"@type":"ListItem","position":1,"name":"Hjem","item":"http:\/\/audun.teks.no\/"},{"@type":"ListItem","position":2,"name":"Brekstad Sentrum"}]},{"@type":"WebSite","@id":"http:\/\/audun.teks.no\/#website","url":"http:\/\/audun.teks.no\/","name":"\u00d8rland-TEKS-tmp","description":"Velkommen til flotte kystopplevelser","publisher":{"@id":"http:\/\/audun.teks.no\/#organization"},"potentialAction":[{"@type":"SearchAction","target":{"@type":"EntryPoint","urlTemplate":"http:\/\/audun.teks.no\/?s={search_term_string}"},"query-input":{"@type":"PropertyValueSpecification","valueRequired":true,"valueName":"search_term_string"}}],"inLanguage":"en-US"},{"@type":"Organization","@id":"http:\/\/audun.teks.no\/#organization","name":"\u00d8rland","url":"http:\/\/audun.teks.no\/","logo":{"@type":"ImageObject","inLanguage":"en-US","@id":"http:\/\/audun.teks.no\/#\/schema\/logo\/image\/","url":"http:\/\/audun.teks.no\/wp-content\/uploads\/2020\/04\/RORET-\u00d8rland-kulturforetak-KF.jpg","contentUrl":"http:\/\/audun.teks.no\/wp-content\/uploads\/2020\/04\/RORET-\u00d8rland-kulturforetak-KF.jpg","width":1772,"height":969,"caption":"\u00d8rland"},"image":{"@id":"http:\/\/audun.teks.no\/#\/schema\/logo\/image\/"}}]}},"acf":[],"_links":{"self":[{"href":"http:\/\/audun.teks.no\/en\/wp-json\/wp\/v2\/pages\/929","targetHints":{"allow":["GET"]}}],"collection":[{"href":"http:\/\/audun.teks.no\/en\/wp-json\/wp\/v2\/pages"}],"about":[{"href":"http:\/\/audun.teks.no\/en\/wp-json\/wp\/v2\/types\/page"}],"author":[{"embeddable":true,"href":"http:\/\/audun.teks.no\/en\/wp-json\/wp\/v2\/users\/4"}],"replies":[{"embeddable":true,"href":"http:\/\/audun.teks.no\/en\/wp-json\/wp\/v2\/comments?post=929"}],"version-history":[{"count":26,"href":"http:\/\/audun.teks.no\/en\/wp-json\/wp\/v2\/pages\/929\/revisions"}],"predecessor-version":[{"id":519885,"href":"http:\/\/audun.teks.no\/en\/wp-json\/wp\/v2\/pages\/929\/revisions\/519885"}],"wp:featuredmedia":[{"embeddable":true,"href":"http:\/\/audun.teks.no\/en\/wp-json\/wp\/v2\/media\/505"}],"wp:attachment":[{"href":"http:\/\/audun.teks.no\/en\/wp-json\/wp\/v2\/media?parent=929"}],"curies":[{"name":"wp","href":"https:\/\/api.w.org\/{rel}","templated":true}]}}