{"id":927,"date":"2018-04-06T08:57:26","date_gmt":"2018-04-06T08:57:26","guid":{"rendered":"https:\/\/www.orland.no\/?page_id=927"},"modified":"2020-11-30T19:07:49","modified_gmt":"2020-11-30T19:07:49","slug":"orland-naeringspark","status":"publish","type":"page","link":"http:\/\/audun.teks.no\/en\/orland-naeringspark\/","title":{"rendered":"\u00d8rland N\u00e6ringspark vest"},"content":{"rendered":"<p>\u00d8rland N\u00e6ringspark vest (&laquo;Ulsetmyran&raquo;) er et sentralt beliggende n\u00e6ringsareal kun 1,5 km fra hurtigb\u00e5t og ferge. Hovedatkomst er 300 meter vest for s\u00f8rporten av \u00d8rland kampflybase ved fv 241. N\u00e6ringsparken er p\u00e5 rundt 100 daa og er delt opp i tomtest\u00f8rrelser mellom 5,8 og 14,9 daa. Interntomtegrenser er fleksible i forhold til utbyggers behov. Infrastruktur som vei og gatelys fram til tomtene er ferdigstilt, og tomtene er utbyggingsklare med p\u00e5kobling til vann, elektrisitet, fiber og kloakk ved tomtegrensene.<\/p>\n<p>\u00d8rland kommune Forsvarskoordinator og Fremtidens Industri AS jobber med \u00e5 utvikle forsvarsrelatert n\u00e6ring i \u00d8rland N\u00e6ringspark.\u00a0 Konseptet\u00a0 &laquo;Base \u00d8rland&raquo;, gir n\u00e6rhet, effektiv drift, milj\u00f8gevinster ved redusert tidsbruk p\u00e5 transport. Det \u00e5pner for moderne og fremtidsrettede l\u00f8sninger, som kan gi operative gevinster. Fleksibelt og innovativt samarbeid Forsvar og industri. Gir vekst og nye arbeidsplasser som \u00f8ker jobbmuligheter for medflyttere, noe som igjen p\u00e5virker valg av tjenestested. Base \u00d8rland f\u00f8rer til en vinn-vinn situasjon og \u00f8kt beredskap p\u00e5 alle plan. Lenke til illustrasjoner: <a href=\"http:\/\/audun.teks.no\/wp-content\/uploads\/2018\/01\/201760_Base-%C3%98rland_Mulighetsstudie.pdf\">201760_Base \u00d8rland_Mulighetsstudie<\/a><!--more--><\/p>\n<h3>Standard<\/h3>\n<p>Tomtene er byggeklare i august 2018, og er regulert gjennom reguleringsplan for Ulsetmyra N\u00e6ringsomr\u00e5de plan 1621201401 i \u00d8rland kommune.\u00a0Tomtene kan bygges med BYA p\u00e5 minimum 30%. Maks gesimsh\u00f8yde er 12 m over gjennomsnittlig planert terreng med akseptert oppstikk p\u00e5 3,5 meter i tillegg p\u00e5 liten del av bygningen. Infrastruktur vil v\u00e6re av h\u00f8y standard og tomtene krever lite opparbeidelse.<\/p>\n<ul>\n<li><a href=\"https:\/\/kart.fosen.net\/webinnsyn\/Content\/plandialog\/GetGIplanregisterFil.aspx?systemid=96EC65DEC9574740B7A7EDCDB8E99484&amp;k=5057&amp;arkivnavn=WINMAP\" target=\"_blank\" rel=\"noopener noreferrer\">Plankart<\/a><\/li>\n<li><a href=\"https:\/\/kart.fosen.net\/webinnsyn\/Content\/plandialog\/GetGIplanregisterFil.aspx?systemid=7CEBA7068DEA43C396CB59CB2F2ED285&amp;k=5057&amp;arkivnavn=WINMAP\" target=\"_blank\" rel=\"noopener noreferrer\">Reguleringsbestemmelser<\/a><\/li>\n<\/ul>\n<h3>Beliggenhet<\/h3>\n<p>Sv\u00e6rt sentral beliggenhet tett p\u00e5 Brekstad sentrum. Kort vei til fergeleiet for videre biltransport til Trondheim, Orkanger og\u00a0 \u00d8stlandet. Tett p\u00e5 hurtigb\u00e5tanl\u00f8p til Trondheim, Hitra (med bussforbindelse til Fr\u00f8ya), Rissa, Lensvik og Kristiansund.\u00a0 Kun 3 km til flyterminal med to daglige avganger til Oslo lufthavn, Gardermoen.<\/p>\n<h3>Adkomst<\/h3>\n<p>Fra Fosen: F\u00f8lg hovedinnfarts\u00e5ren til Brekstad langs fylkesvei 710 forbi Libra Shopping p\u00e5 venstre side og ta andre avkj\u00f8rsel i Viklemkrysset rundkj\u00f8ring. Fortsett p\u00e5 fylkesvei 241, passer \u00d8rland kirke p\u00e5 h\u00f8yre side og kj\u00f8r rett fram i cirka 1 km. \u00d8rland N\u00e6ringspark ligger p\u00e5 venstre side av veien.<\/p>\n<p>Fra Orkland (Valset fergeleie): Etter ankomst p\u00e5 Brekstad fergeleie f\u00f8lg Havnegata, fylkesvei 710 ca. 1 km og ta til venstre etter Libra shopping (p\u00e5 venstre side). Ta andre avkj\u00f8rsel i Viklemkrysset rundkj\u00f8ring. Fortsett p\u00e5 fylkesvei 241, passer \u00d8rland kirke p\u00e5 h\u00f8yre side og kj\u00f8r rett fram i cirka 1 km. \u00d8rland N\u00e6ringspark ligger p\u00e5 venstre side av veien.<\/p>\n<h3><span style=\"color: #333333;\">Kontaktinformasjon<\/span><\/h3>\n<ul>\n<li>Enhetsleder N\u00e6ring Arne Martin Solli\n<ul>\n<li>Tel: 415.52.116<\/li>\n<li>ams@orland.kommune.no<\/li>\n<\/ul>\n<\/li>\n<li>Forsvarskoordinator Erling Eriksen\n<ul>\n<li>Tel 918.55.264<\/li>\n<li>erling@fi-nor.no<\/li>\n<\/ul>\n<\/li>\n<\/ul>","protected":false},"excerpt":{"rendered":"<p>\u00d8rland N\u00e6ringspark vest (&laquo;Ulsetmyran&raquo;) er et sentralt beliggende n\u00e6ringsareal kun 1,5 km fra hurtigb\u00e5t og ferge. Hovedatkomst er 300 meter vest for s\u00f8rporten av \u00d8rland kampflybase ved fv 241. N\u00e6ringsparken er p\u00e5 rundt 100 daa og er delt opp i tomtest\u00f8rrelser mellom 5,8 og 14,9 daa. Interntomtegrenser er fleksible i [&hellip;]<\/p>","protected":false},"author":4,"featured_media":492,"parent":0,"menu_order":0,"comment_status":"closed","ping_status":"closed","template":"","meta":{"ngg_post_thumbnail":0,"footnotes":""},"class_list":["post-927","page","type-page","status-publish","has-post-thumbnail","hentry"],"yoast_head":"<!-- This site is optimized with the Yoast SEO plugin v26.8 - https:\/\/yoast.com\/product\/yoast-seo-wordpress\/ -->\n<title>\u00d8rland N\u00e6ringspark vest - \u00d8rland-TEKS-tmp<\/title>\n<meta name=\"description\" content=\"Gode bo- og jobbmuligheter, kort vei til skole, jobb og fritidsaktiviteter uansett hvor i kommunen du bor. Bredt og variert aktivitetstilbud for store og sm\u00e5. Flytt bedriften eller etabler ny n\u00e6ring p\u00e5 \u00d8rlandet. Kommunen har byggeklart n\u00e6ringsareal b\u00e5de til salgs og til leie.\" \/>\n<meta name=\"robots\" content=\"noindex, follow, max-snippet:-1, max-image-preview:large, max-video-preview:-1\" \/>\n<meta property=\"og:locale\" content=\"en_US\" \/>\n<meta property=\"og:type\" content=\"article\" \/>\n<meta property=\"og:title\" content=\"\u00d8rland N\u00e6ringspark vest - \u00d8rland-TEKS-tmp\" \/>\n<meta property=\"og:description\" content=\"Gode bo- og jobbmuligheter, kort vei til skole, jobb og fritidsaktiviteter uansett hvor i kommunen du bor. Bredt og variert aktivitetstilbud for store og sm\u00e5. Flytt bedriften eller etabler ny n\u00e6ring p\u00e5 \u00d8rlandet. Kommunen har byggeklart n\u00e6ringsareal b\u00e5de til salgs og til leie.\" \/>\n<meta property=\"og:url\" content=\"http:\/\/audun.teks.no\/en\/orland-naeringspark\/\" \/>\n<meta property=\"og:site_name\" content=\"\u00d8rland-TEKS-tmp\" \/>\n<meta property=\"article:modified_time\" content=\"2020-11-30T19:07:49+00:00\" \/>\n<meta property=\"og:image\" content=\"http:\/\/audun.teks.no\/wp-content\/uploads\/2018\/02\/Ulsetmyra-n\u00e6ringsomr\u00e5de-Perspektiv-mot-Brekstad_-1024x623.jpg\" \/>\n\t<meta property=\"og:image:width\" content=\"1024\" \/>\n\t<meta property=\"og:image:height\" content=\"623\" \/>\n\t<meta property=\"og:image:type\" content=\"image\/jpeg\" \/>\n<meta name=\"twitter:card\" content=\"summary_large_image\" \/>\n<meta name=\"twitter:label1\" content=\"Est. reading time\" \/>\n\t<meta name=\"twitter:data1\" content=\"2 minutes\" \/>\n<script type=\"application\/ld+json\" class=\"yoast-schema-graph\">{\"@context\":\"https:\/\/schema.org\",\"@graph\":[{\"@type\":\"WebPage\",\"@id\":\"http:\/\/audun.teks.no\/orland-naeringspark\/\",\"url\":\"http:\/\/audun.teks.no\/orland-naeringspark\/\",\"name\":\"\u00d8rland N\u00e6ringspark vest - \u00d8rland-TEKS-tmp\",\"isPartOf\":{\"@id\":\"http:\/\/audun.teks.no\/#website\"},\"primaryImageOfPage\":{\"@id\":\"http:\/\/audun.teks.no\/orland-naeringspark\/#primaryimage\"},\"image\":{\"@id\":\"http:\/\/audun.teks.no\/orland-naeringspark\/#primaryimage\"},\"thumbnailUrl\":\"http:\/\/audun.teks.no\/wp-content\/uploads\/2018\/02\/Ulsetmyra-n\u00e6ringsomr\u00e5de-Perspektiv-mot-Brekstad_.jpg\",\"datePublished\":\"2018-04-06T08:57:26+00:00\",\"dateModified\":\"2020-11-30T19:07:49+00:00\",\"description\":\"Gode bo- og jobbmuligheter, kort vei til skole, jobb og fritidsaktiviteter uansett hvor i kommunen du bor. Bredt og variert aktivitetstilbud for store og sm\u00e5. Flytt bedriften eller etabler ny n\u00e6ring p\u00e5 \u00d8rlandet. Kommunen har byggeklart n\u00e6ringsareal b\u00e5de til salgs og til leie.\",\"breadcrumb\":{\"@id\":\"http:\/\/audun.teks.no\/orland-naeringspark\/#breadcrumb\"},\"inLanguage\":\"en-US\",\"potentialAction\":[{\"@type\":\"ReadAction\",\"target\":[\"http:\/\/audun.teks.no\/orland-naeringspark\/\"]}]},{\"@type\":\"ImageObject\",\"inLanguage\":\"en-US\",\"@id\":\"http:\/\/audun.teks.no\/orland-naeringspark\/#primaryimage\",\"url\":\"http:\/\/audun.teks.no\/wp-content\/uploads\/2018\/02\/Ulsetmyra-n\u00e6ringsomr\u00e5de-Perspektiv-mot-Brekstad_.jpg\",\"contentUrl\":\"http:\/\/audun.teks.no\/wp-content\/uploads\/2018\/02\/Ulsetmyra-n\u00e6ringsomr\u00e5de-Perspektiv-mot-Brekstad_.jpg\",\"width\":3000,\"height\":1825,\"caption\":\"\u00d8rland N\u00e6ringspark vest\"},{\"@type\":\"BreadcrumbList\",\"@id\":\"http:\/\/audun.teks.no\/orland-naeringspark\/#breadcrumb\",\"itemListElement\":[{\"@type\":\"ListItem\",\"position\":1,\"name\":\"Hjem\",\"item\":\"http:\/\/audun.teks.no\/\"},{\"@type\":\"ListItem\",\"position\":2,\"name\":\"\u00d8rland N\u00e6ringspark vest\"}]},{\"@type\":\"WebSite\",\"@id\":\"http:\/\/audun.teks.no\/#website\",\"url\":\"http:\/\/audun.teks.no\/\",\"name\":\"\u00d8rland-TEKS-tmp\",\"description\":\"Velkommen til flotte kystopplevelser\",\"publisher\":{\"@id\":\"http:\/\/audun.teks.no\/#organization\"},\"potentialAction\":[{\"@type\":\"SearchAction\",\"target\":{\"@type\":\"EntryPoint\",\"urlTemplate\":\"http:\/\/audun.teks.no\/?s={search_term_string}\"},\"query-input\":{\"@type\":\"PropertyValueSpecification\",\"valueRequired\":true,\"valueName\":\"search_term_string\"}}],\"inLanguage\":\"en-US\"},{\"@type\":\"Organization\",\"@id\":\"http:\/\/audun.teks.no\/#organization\",\"name\":\"\u00d8rland\",\"url\":\"http:\/\/audun.teks.no\/\",\"logo\":{\"@type\":\"ImageObject\",\"inLanguage\":\"en-US\",\"@id\":\"http:\/\/audun.teks.no\/#\/schema\/logo\/image\/\",\"url\":\"http:\/\/audun.teks.no\/wp-content\/uploads\/2020\/04\/RORET-\u00d8rland-kulturforetak-KF.jpg\",\"contentUrl\":\"http:\/\/audun.teks.no\/wp-content\/uploads\/2020\/04\/RORET-\u00d8rland-kulturforetak-KF.jpg\",\"width\":1772,\"height\":969,\"caption\":\"\u00d8rland\"},\"image\":{\"@id\":\"http:\/\/audun.teks.no\/#\/schema\/logo\/image\/\"}}]}<\/script>\n<!-- \/ Yoast SEO plugin. -->","yoast_head_json":{"title":"\u00d8rland N\u00e6ringspark vest - \u00d8rland-TEKS-tmp","description":"Gode bo- og jobbmuligheter, kort vei til skole, jobb og fritidsaktiviteter uansett hvor i kommunen du bor. Bredt og variert aktivitetstilbud for store og sm\u00e5. Flytt bedriften eller etabler ny n\u00e6ring p\u00e5 \u00d8rlandet. Kommunen har byggeklart n\u00e6ringsareal b\u00e5de til salgs og til leie.","robots":{"index":"noindex","follow":"follow","max-snippet":"max-snippet:-1","max-image-preview":"max-image-preview:large","max-video-preview":"max-video-preview:-1"},"og_locale":"en_US","og_type":"article","og_title":"\u00d8rland N\u00e6ringspark vest - \u00d8rland-TEKS-tmp","og_description":"Gode bo- og jobbmuligheter, kort vei til skole, jobb og fritidsaktiviteter uansett hvor i kommunen du bor. Bredt og variert aktivitetstilbud for store og sm\u00e5. Flytt bedriften eller etabler ny n\u00e6ring p\u00e5 \u00d8rlandet. Kommunen har byggeklart n\u00e6ringsareal b\u00e5de til salgs og til leie.","og_url":"http:\/\/audun.teks.no\/en\/orland-naeringspark\/","og_site_name":"\u00d8rland-TEKS-tmp","article_modified_time":"2020-11-30T19:07:49+00:00","og_image":[{"width":1024,"height":623,"url":"http:\/\/audun.teks.no\/wp-content\/uploads\/2018\/02\/Ulsetmyra-n\u00e6ringsomr\u00e5de-Perspektiv-mot-Brekstad_-1024x623.jpg","type":"image\/jpeg"}],"twitter_card":"summary_large_image","twitter_misc":{"Est. reading time":"2 minutes"},"schema":{"@context":"https:\/\/schema.org","@graph":[{"@type":"WebPage","@id":"http:\/\/audun.teks.no\/orland-naeringspark\/","url":"http:\/\/audun.teks.no\/orland-naeringspark\/","name":"\u00d8rland N\u00e6ringspark vest - \u00d8rland-TEKS-tmp","isPartOf":{"@id":"http:\/\/audun.teks.no\/#website"},"primaryImageOfPage":{"@id":"http:\/\/audun.teks.no\/orland-naeringspark\/#primaryimage"},"image":{"@id":"http:\/\/audun.teks.no\/orland-naeringspark\/#primaryimage"},"thumbnailUrl":"http:\/\/audun.teks.no\/wp-content\/uploads\/2018\/02\/Ulsetmyra-n\u00e6ringsomr\u00e5de-Perspektiv-mot-Brekstad_.jpg","datePublished":"2018-04-06T08:57:26+00:00","dateModified":"2020-11-30T19:07:49+00:00","description":"Gode bo- og jobbmuligheter, kort vei til skole, jobb og fritidsaktiviteter uansett hvor i kommunen du bor. Bredt og variert aktivitetstilbud for store og sm\u00e5. Flytt bedriften eller etabler ny n\u00e6ring p\u00e5 \u00d8rlandet. Kommunen har byggeklart n\u00e6ringsareal b\u00e5de til salgs og til leie.","breadcrumb":{"@id":"http:\/\/audun.teks.no\/orland-naeringspark\/#breadcrumb"},"inLanguage":"en-US","potentialAction":[{"@type":"ReadAction","target":["http:\/\/audun.teks.no\/orland-naeringspark\/"]}]},{"@type":"ImageObject","inLanguage":"en-US","@id":"http:\/\/audun.teks.no\/orland-naeringspark\/#primaryimage","url":"http:\/\/audun.teks.no\/wp-content\/uploads\/2018\/02\/Ulsetmyra-n\u00e6ringsomr\u00e5de-Perspektiv-mot-Brekstad_.jpg","contentUrl":"http:\/\/audun.teks.no\/wp-content\/uploads\/2018\/02\/Ulsetmyra-n\u00e6ringsomr\u00e5de-Perspektiv-mot-Brekstad_.jpg","width":3000,"height":1825,"caption":"\u00d8rland N\u00e6ringspark vest"},{"@type":"BreadcrumbList","@id":"http:\/\/audun.teks.no\/orland-naeringspark\/#breadcrumb","itemListElement":[{"@type":"ListItem","position":1,"name":"Hjem","item":"http:\/\/audun.teks.no\/"},{"@type":"ListItem","position":2,"name":"\u00d8rland N\u00e6ringspark vest"}]},{"@type":"WebSite","@id":"http:\/\/audun.teks.no\/#website","url":"http:\/\/audun.teks.no\/","name":"\u00d8rland-TEKS-tmp","description":"Velkommen til flotte kystopplevelser","publisher":{"@id":"http:\/\/audun.teks.no\/#organization"},"potentialAction":[{"@type":"SearchAction","target":{"@type":"EntryPoint","urlTemplate":"http:\/\/audun.teks.no\/?s={search_term_string}"},"query-input":{"@type":"PropertyValueSpecification","valueRequired":true,"valueName":"search_term_string"}}],"inLanguage":"en-US"},{"@type":"Organization","@id":"http:\/\/audun.teks.no\/#organization","name":"\u00d8rland","url":"http:\/\/audun.teks.no\/","logo":{"@type":"ImageObject","inLanguage":"en-US","@id":"http:\/\/audun.teks.no\/#\/schema\/logo\/image\/","url":"http:\/\/audun.teks.no\/wp-content\/uploads\/2020\/04\/RORET-\u00d8rland-kulturforetak-KF.jpg","contentUrl":"http:\/\/audun.teks.no\/wp-content\/uploads\/2020\/04\/RORET-\u00d8rland-kulturforetak-KF.jpg","width":1772,"height":969,"caption":"\u00d8rland"},"image":{"@id":"http:\/\/audun.teks.no\/#\/schema\/logo\/image\/"}}]}},"acf":[],"_links":{"self":[{"href":"http:\/\/audun.teks.no\/en\/wp-json\/wp\/v2\/pages\/927","targetHints":{"allow":["GET"]}}],"collection":[{"href":"http:\/\/audun.teks.no\/en\/wp-json\/wp\/v2\/pages"}],"about":[{"href":"http:\/\/audun.teks.no\/en\/wp-json\/wp\/v2\/types\/page"}],"author":[{"embeddable":true,"href":"http:\/\/audun.teks.no\/en\/wp-json\/wp\/v2\/users\/4"}],"replies":[{"embeddable":true,"href":"http:\/\/audun.teks.no\/en\/wp-json\/wp\/v2\/comments?post=927"}],"version-history":[{"count":24,"href":"http:\/\/audun.teks.no\/en\/wp-json\/wp\/v2\/pages\/927\/revisions"}],"predecessor-version":[{"id":519893,"href":"http:\/\/audun.teks.no\/en\/wp-json\/wp\/v2\/pages\/927\/revisions\/519893"}],"wp:featuredmedia":[{"embeddable":true,"href":"http:\/\/audun.teks.no\/en\/wp-json\/wp\/v2\/media\/492"}],"wp:attachment":[{"href":"http:\/\/audun.teks.no\/en\/wp-json\/wp\/v2\/media?parent=927"}],"curies":[{"name":"wp","href":"https:\/\/api.w.org\/{rel}","templated":true}]}}