{"id":925,"date":"2018-04-06T08:55:49","date_gmt":"2018-04-06T08:55:49","guid":{"rendered":"https:\/\/www.orland.no\/?page_id=925"},"modified":"2020-11-30T19:10:53","modified_gmt":"2020-11-30T19:10:53","slug":"brekstad-vestre","status":"publish","type":"page","link":"http:\/\/audun.teks.no\/en\/brekstad-vestre\/","title":{"rendered":"\u00d8rland N\u00e6ringspark \u00f8st"},"content":{"rendered":"<p>\u00d8rland N\u00e6ringspark \u00f8st (tidl. &laquo;Brekstad Vestre&raquo;) er et sentralt beliggende n\u00e6ringsomr\u00e5de kun 1,5 km fra hurtigb\u00e5t og ferge. Hovedadkomst er fra FV 241 rett ovenfor s\u00f8rporten av \u00d8rland kampflybase. Det er gangavstand fra Brekstad sentrum via gang- og sykkelsti. N\u00e6ringsparken er p\u00e5 rundt 40 daa og er delt opp i tomtest\u00f8rrelser mellom 3,6 og 4,9 daa. Interntomtegrenser er fleksible i forhold til utbyggers behov. Infrastruktur som vei og gatelys fra m til tomtene er ferdigstilt, og tomtene er utbyggingsklare med vann, vei, kloakk, elektrisitet og fiber ved tomtegrensene.<\/p>\n<p>\u00d8rland N\u00e6ringspark BV er et s\u00e5kalt B-omr\u00e5de som fortrinnsvis forbeholdes bedrifter med et n\u00e6ringsareal hvor man er middels avhengig av bil.\u00a0 Eksempler p\u00e5 B-virksomheter er lettere industri, lager, salg og service.<\/p>\n<h3><span style=\"color: #333333;\">Standard<\/span><\/h3>\n<p>Tomtene er byggeklare, og er regulert gjennom reguleringsplan for Brekstad Vestre N\u00e6ringsomr\u00e5de plan 1621201402 i \u00d8rland kommune.\u00a0Tomtene kan bygges med BYA p\u00e5 minimum 30%. Avhengig av hvor i n\u00e6ringsparken tomta ligger varierer gesimsh\u00f8yde fra 7 til 12 m over gjennomsnittlig planert terreng med akseptert oppstikk p\u00e5 3,5 meter i tillegg p\u00e5 liten del av bygningen. Infrastruktur er av h\u00f8y standard og tomtene krever lite opparbeidelse.<\/p>\n<ul>\n<li><a href=\"https:\/\/kart.fosen.net\/webinnsyn\/Content\/plandialog\/GetGIplanregisterFil.aspx?systemid=19628A1C35394768BD22E6109598E5E9&amp;k=5057&amp;arkivnavn=WINMAP\" target=\"_blank\" rel=\"noopener noreferrer\">Plankart<\/a><\/li>\n<li><a href=\"https:\/\/kart.fosen.net\/webinnsyn\/Content\/plandialog\/GetGIplanregisterFil.aspx?systemid=842A24E549314577AEE9C405F1EC1897&amp;k=5057&amp;arkivnavn=WINMAP\" target=\"_blank\" rel=\"noopener noreferrer\">Reguleringsbestemmelser<\/a><\/li>\n<\/ul>\n<h3><span style=\"color: #333333;\">Beliggenhet<\/span><\/h3>\n<p>Sv\u00e6rt sentral beliggenhet tett p\u00e5 Brekstad sentrum. Kort vei til fergeleiet for videre biltransport til Trondheim, Orkanger og\u00a0 \u00d8stlandet. Tett p\u00e5 hurtigb\u00e5tanl\u00f8p til Trondheim, Hitra (med bussforbindelse til Fr\u00f8ya), Rissa, Lensvik og Kristiansund.\u00a0 Kun 3 km til flyterminal med to daglige avganger til Oslo lufthavn, Gardermoen.<\/p>\n<h3><span style=\"color: #333333;\">Adkomst<\/span><\/h3>\n<p>Fra Fosen: F\u00f8lg hovedinnfarts\u00e5ren til Brekstad langs fylkesvei 710 forbi Libra Shopping p\u00e5 venstre side og ta andre avkj\u00f8rsel i Viklemkrysset rundkj\u00f8ring. Fortsett p\u00e5 fylkesvei 241, passer \u00d8rland kirke p\u00e5 h\u00f8yre side og kj\u00f8r rett fram i cirka 1 km. Ta til venstre ved skilt &laquo;Brekstad Vestre n\u00e6ringspark&raquo; og kj\u00f8r ca 300 meter. N\u00e6ringsparken ligger p\u00e5 venstre side av veien.<\/p>\n<p>Fra Orkland (Valset fergeleie): Etter ankomst p\u00e5 Brekstad fergeleie f\u00f8lg Fru Ingers vei, fylkesvei 710 ca 1 km og ta til venstre etter Libra shopping (p\u00e5 venstre side). Ta andre avkj\u00f8rsel i Viklemkrysset rundkj\u00f8ring. Fortsett p\u00e5 fylkesvei 241, passer \u00d8rland kirke p\u00e5 h\u00f8yre side og kj\u00f8r rett fram i cirka 1 km. Ta til venstre ved skilt &laquo;Brekstad Vestre n\u00e6ringspark&raquo; og kj\u00f8r ca 300 meter. N\u00e6ringsparken ligger p\u00e5 venstre side av veien.<\/p>\n<h3><span style=\"color: #333333;\">Kontaktinformasjon<\/span><\/h3>\n<ul>\n<li>Enhetsleder N\u00e6ring Arne Martin Solli\n<ul>\n<li>Tel 415.52.116<\/li>\n<li>ams@orland.kommune.no<\/li>\n<\/ul>\n<\/li>\n<\/ul>\n\n\n<p><\/p>","protected":false},"excerpt":{"rendered":"<p>\u00d8rland N\u00e6ringspark \u00f8st (tidl. &laquo;Brekstad Vestre&raquo;) er et sentralt beliggende n\u00e6ringsomr\u00e5de kun 1,5 km fra hurtigb\u00e5t og ferge. Hovedadkomst er fra FV 241 rett ovenfor s\u00f8rporten av \u00d8rland kampflybase. Det er gangavstand fra Brekstad sentrum via gang- og sykkelsti. N\u00e6ringsparken er p\u00e5 rundt 40 daa og er delt opp i [&hellip;]<\/p>","protected":false},"author":4,"featured_media":489,"parent":0,"menu_order":0,"comment_status":"closed","ping_status":"closed","template":"","meta":{"ngg_post_thumbnail":0,"footnotes":""},"class_list":["post-925","page","type-page","status-publish","has-post-thumbnail","hentry"],"yoast_head":"<!-- This site is optimized with the Yoast SEO plugin v26.8 - https:\/\/yoast.com\/product\/yoast-seo-wordpress\/ -->\n<title>\u00d8rland N\u00e6ringspark \u00f8st - \u00d8rland-TEKS-tmp<\/title>\n<meta name=\"description\" content=\"Gode bo- og jobbmuligheter, kort vei til skole, jobb og fritidsaktiviteter uansett hvor i kommunen du bor. Bredt og variert aktivitetstilbud for store og sm\u00e5. Flytt bedriften eller etabler ny n\u00e6ring p\u00e5 \u00d8rlandet. Kommunen har byggeklart n\u00e6ringsareal b\u00e5de til salgs og til leie.\" \/>\n<meta name=\"robots\" content=\"noindex, follow, max-snippet:-1, max-image-preview:large, max-video-preview:-1\" \/>\n<meta property=\"og:locale\" content=\"en_US\" \/>\n<meta property=\"og:type\" content=\"article\" \/>\n<meta property=\"og:title\" content=\"\u00d8rland N\u00e6ringspark \u00f8st - \u00d8rland-TEKS-tmp\" \/>\n<meta property=\"og:description\" content=\"Gode bo- og jobbmuligheter, kort vei til skole, jobb og fritidsaktiviteter uansett hvor i kommunen du bor. Bredt og variert aktivitetstilbud for store og sm\u00e5. Flytt bedriften eller etabler ny n\u00e6ring p\u00e5 \u00d8rlandet. Kommunen har byggeklart n\u00e6ringsareal b\u00e5de til salgs og til leie.\" \/>\n<meta property=\"og:url\" content=\"http:\/\/audun.teks.no\/en\/brekstad-vestre\/\" \/>\n<meta property=\"og:site_name\" content=\"\u00d8rland-TEKS-tmp\" \/>\n<meta property=\"article:modified_time\" content=\"2020-11-30T19:10:53+00:00\" \/>\n<meta property=\"og:image\" content=\"http:\/\/audun.teks.no\/wp-content\/uploads\/2018\/02\/IMG_5310.jpg\" \/>\n\t<meta property=\"og:image:width\" content=\"1632\" \/>\n\t<meta property=\"og:image:height\" content=\"1224\" \/>\n\t<meta property=\"og:image:type\" content=\"image\/jpeg\" \/>\n<meta name=\"twitter:card\" content=\"summary_large_image\" \/>\n<meta name=\"twitter:label1\" content=\"Est. reading time\" \/>\n\t<meta name=\"twitter:data1\" content=\"2 minutes\" \/>\n<script type=\"application\/ld+json\" class=\"yoast-schema-graph\">{\"@context\":\"https:\/\/schema.org\",\"@graph\":[{\"@type\":\"WebPage\",\"@id\":\"http:\/\/audun.teks.no\/brekstad-vestre\/\",\"url\":\"http:\/\/audun.teks.no\/brekstad-vestre\/\",\"name\":\"\u00d8rland N\u00e6ringspark \u00f8st - \u00d8rland-TEKS-tmp\",\"isPartOf\":{\"@id\":\"http:\/\/audun.teks.no\/#website\"},\"primaryImageOfPage\":{\"@id\":\"http:\/\/audun.teks.no\/brekstad-vestre\/#primaryimage\"},\"image\":{\"@id\":\"http:\/\/audun.teks.no\/brekstad-vestre\/#primaryimage\"},\"thumbnailUrl\":\"http:\/\/audun.teks.no\/wp-content\/uploads\/2018\/02\/IMG_5310.jpg\",\"datePublished\":\"2018-04-06T08:55:49+00:00\",\"dateModified\":\"2020-11-30T19:10:53+00:00\",\"description\":\"Gode bo- og jobbmuligheter, kort vei til skole, jobb og fritidsaktiviteter uansett hvor i kommunen du bor. Bredt og variert aktivitetstilbud for store og sm\u00e5. Flytt bedriften eller etabler ny n\u00e6ring p\u00e5 \u00d8rlandet. Kommunen har byggeklart n\u00e6ringsareal b\u00e5de til salgs og til leie.\",\"breadcrumb\":{\"@id\":\"http:\/\/audun.teks.no\/brekstad-vestre\/#breadcrumb\"},\"inLanguage\":\"en-US\",\"potentialAction\":[{\"@type\":\"ReadAction\",\"target\":[\"http:\/\/audun.teks.no\/brekstad-vestre\/\"]}]},{\"@type\":\"ImageObject\",\"inLanguage\":\"en-US\",\"@id\":\"http:\/\/audun.teks.no\/brekstad-vestre\/#primaryimage\",\"url\":\"http:\/\/audun.teks.no\/wp-content\/uploads\/2018\/02\/IMG_5310.jpg\",\"contentUrl\":\"http:\/\/audun.teks.no\/wp-content\/uploads\/2018\/02\/IMG_5310.jpg\",\"width\":1632,\"height\":1224,\"caption\":\"\u00d8rland N\u00e6ringspark \u00f8st\"},{\"@type\":\"BreadcrumbList\",\"@id\":\"http:\/\/audun.teks.no\/brekstad-vestre\/#breadcrumb\",\"itemListElement\":[{\"@type\":\"ListItem\",\"position\":1,\"name\":\"Hjem\",\"item\":\"http:\/\/audun.teks.no\/\"},{\"@type\":\"ListItem\",\"position\":2,\"name\":\"\u00d8rland N\u00e6ringspark \u00f8st\"}]},{\"@type\":\"WebSite\",\"@id\":\"http:\/\/audun.teks.no\/#website\",\"url\":\"http:\/\/audun.teks.no\/\",\"name\":\"\u00d8rland-TEKS-tmp\",\"description\":\"Velkommen til flotte kystopplevelser\",\"publisher\":{\"@id\":\"http:\/\/audun.teks.no\/#organization\"},\"potentialAction\":[{\"@type\":\"SearchAction\",\"target\":{\"@type\":\"EntryPoint\",\"urlTemplate\":\"http:\/\/audun.teks.no\/?s={search_term_string}\"},\"query-input\":{\"@type\":\"PropertyValueSpecification\",\"valueRequired\":true,\"valueName\":\"search_term_string\"}}],\"inLanguage\":\"en-US\"},{\"@type\":\"Organization\",\"@id\":\"http:\/\/audun.teks.no\/#organization\",\"name\":\"\u00d8rland\",\"url\":\"http:\/\/audun.teks.no\/\",\"logo\":{\"@type\":\"ImageObject\",\"inLanguage\":\"en-US\",\"@id\":\"http:\/\/audun.teks.no\/#\/schema\/logo\/image\/\",\"url\":\"http:\/\/audun.teks.no\/wp-content\/uploads\/2020\/04\/RORET-\u00d8rland-kulturforetak-KF.jpg\",\"contentUrl\":\"http:\/\/audun.teks.no\/wp-content\/uploads\/2020\/04\/RORET-\u00d8rland-kulturforetak-KF.jpg\",\"width\":1772,\"height\":969,\"caption\":\"\u00d8rland\"},\"image\":{\"@id\":\"http:\/\/audun.teks.no\/#\/schema\/logo\/image\/\"}}]}<\/script>\n<!-- \/ Yoast SEO plugin. -->","yoast_head_json":{"title":"\u00d8rland N\u00e6ringspark \u00f8st - \u00d8rland-TEKS-tmp","description":"Gode bo- og jobbmuligheter, kort vei til skole, jobb og fritidsaktiviteter uansett hvor i kommunen du bor. Bredt og variert aktivitetstilbud for store og sm\u00e5. Flytt bedriften eller etabler ny n\u00e6ring p\u00e5 \u00d8rlandet. Kommunen har byggeklart n\u00e6ringsareal b\u00e5de til salgs og til leie.","robots":{"index":"noindex","follow":"follow","max-snippet":"max-snippet:-1","max-image-preview":"max-image-preview:large","max-video-preview":"max-video-preview:-1"},"og_locale":"en_US","og_type":"article","og_title":"\u00d8rland N\u00e6ringspark \u00f8st - \u00d8rland-TEKS-tmp","og_description":"Gode bo- og jobbmuligheter, kort vei til skole, jobb og fritidsaktiviteter uansett hvor i kommunen du bor. Bredt og variert aktivitetstilbud for store og sm\u00e5. Flytt bedriften eller etabler ny n\u00e6ring p\u00e5 \u00d8rlandet. Kommunen har byggeklart n\u00e6ringsareal b\u00e5de til salgs og til leie.","og_url":"http:\/\/audun.teks.no\/en\/brekstad-vestre\/","og_site_name":"\u00d8rland-TEKS-tmp","article_modified_time":"2020-11-30T19:10:53+00:00","og_image":[{"width":1632,"height":1224,"url":"http:\/\/audun.teks.no\/wp-content\/uploads\/2018\/02\/IMG_5310.jpg","type":"image\/jpeg"}],"twitter_card":"summary_large_image","twitter_misc":{"Est. reading time":"2 minutes"},"schema":{"@context":"https:\/\/schema.org","@graph":[{"@type":"WebPage","@id":"http:\/\/audun.teks.no\/brekstad-vestre\/","url":"http:\/\/audun.teks.no\/brekstad-vestre\/","name":"\u00d8rland N\u00e6ringspark \u00f8st - \u00d8rland-TEKS-tmp","isPartOf":{"@id":"http:\/\/audun.teks.no\/#website"},"primaryImageOfPage":{"@id":"http:\/\/audun.teks.no\/brekstad-vestre\/#primaryimage"},"image":{"@id":"http:\/\/audun.teks.no\/brekstad-vestre\/#primaryimage"},"thumbnailUrl":"http:\/\/audun.teks.no\/wp-content\/uploads\/2018\/02\/IMG_5310.jpg","datePublished":"2018-04-06T08:55:49+00:00","dateModified":"2020-11-30T19:10:53+00:00","description":"Gode bo- og jobbmuligheter, kort vei til skole, jobb og fritidsaktiviteter uansett hvor i kommunen du bor. Bredt og variert aktivitetstilbud for store og sm\u00e5. Flytt bedriften eller etabler ny n\u00e6ring p\u00e5 \u00d8rlandet. Kommunen har byggeklart n\u00e6ringsareal b\u00e5de til salgs og til leie.","breadcrumb":{"@id":"http:\/\/audun.teks.no\/brekstad-vestre\/#breadcrumb"},"inLanguage":"en-US","potentialAction":[{"@type":"ReadAction","target":["http:\/\/audun.teks.no\/brekstad-vestre\/"]}]},{"@type":"ImageObject","inLanguage":"en-US","@id":"http:\/\/audun.teks.no\/brekstad-vestre\/#primaryimage","url":"http:\/\/audun.teks.no\/wp-content\/uploads\/2018\/02\/IMG_5310.jpg","contentUrl":"http:\/\/audun.teks.no\/wp-content\/uploads\/2018\/02\/IMG_5310.jpg","width":1632,"height":1224,"caption":"\u00d8rland N\u00e6ringspark \u00f8st"},{"@type":"BreadcrumbList","@id":"http:\/\/audun.teks.no\/brekstad-vestre\/#breadcrumb","itemListElement":[{"@type":"ListItem","position":1,"name":"Hjem","item":"http:\/\/audun.teks.no\/"},{"@type":"ListItem","position":2,"name":"\u00d8rland N\u00e6ringspark \u00f8st"}]},{"@type":"WebSite","@id":"http:\/\/audun.teks.no\/#website","url":"http:\/\/audun.teks.no\/","name":"\u00d8rland-TEKS-tmp","description":"Velkommen til flotte kystopplevelser","publisher":{"@id":"http:\/\/audun.teks.no\/#organization"},"potentialAction":[{"@type":"SearchAction","target":{"@type":"EntryPoint","urlTemplate":"http:\/\/audun.teks.no\/?s={search_term_string}"},"query-input":{"@type":"PropertyValueSpecification","valueRequired":true,"valueName":"search_term_string"}}],"inLanguage":"en-US"},{"@type":"Organization","@id":"http:\/\/audun.teks.no\/#organization","name":"\u00d8rland","url":"http:\/\/audun.teks.no\/","logo":{"@type":"ImageObject","inLanguage":"en-US","@id":"http:\/\/audun.teks.no\/#\/schema\/logo\/image\/","url":"http:\/\/audun.teks.no\/wp-content\/uploads\/2020\/04\/RORET-\u00d8rland-kulturforetak-KF.jpg","contentUrl":"http:\/\/audun.teks.no\/wp-content\/uploads\/2020\/04\/RORET-\u00d8rland-kulturforetak-KF.jpg","width":1772,"height":969,"caption":"\u00d8rland"},"image":{"@id":"http:\/\/audun.teks.no\/#\/schema\/logo\/image\/"}}]}},"acf":[],"_links":{"self":[{"href":"http:\/\/audun.teks.no\/en\/wp-json\/wp\/v2\/pages\/925","targetHints":{"allow":["GET"]}}],"collection":[{"href":"http:\/\/audun.teks.no\/en\/wp-json\/wp\/v2\/pages"}],"about":[{"href":"http:\/\/audun.teks.no\/en\/wp-json\/wp\/v2\/types\/page"}],"author":[{"embeddable":true,"href":"http:\/\/audun.teks.no\/en\/wp-json\/wp\/v2\/users\/4"}],"replies":[{"embeddable":true,"href":"http:\/\/audun.teks.no\/en\/wp-json\/wp\/v2\/comments?post=925"}],"version-history":[{"count":20,"href":"http:\/\/audun.teks.no\/en\/wp-json\/wp\/v2\/pages\/925\/revisions"}],"predecessor-version":[{"id":519889,"href":"http:\/\/audun.teks.no\/en\/wp-json\/wp\/v2\/pages\/925\/revisions\/519889"}],"wp:featuredmedia":[{"embeddable":true,"href":"http:\/\/audun.teks.no\/en\/wp-json\/wp\/v2\/media\/489"}],"wp:attachment":[{"href":"http:\/\/audun.teks.no\/en\/wp-json\/wp\/v2\/media?parent=925"}],"curies":[{"name":"wp","href":"https:\/\/api.w.org\/{rel}","templated":true}]}}