{"id":873,"date":"2018-03-28T11:45:28","date_gmt":"2018-03-28T11:45:28","guid":{"rendered":"https:\/\/www.orland.no\/?page_id=873"},"modified":"2020-07-17T13:46:53","modified_gmt":"2020-07-17T13:46:53","slug":"mobler-og-interior","status":"publish","type":"page","link":"http:\/\/audun.teks.no\/en\/mobler-og-interior\/","title":{"rendered":"Furniture, Interior Decorating, Hardware stores"},"content":{"rendered":"<style type=\"text\/css\">\n\t\t\t#gallery-2 {\n\t\t\t\tmargin: auto;\n\t\t\t}\n\t\t\t#gallery-2 .gallery-item {\n\t\t\t\tfloat: left;\n\t\t\t\tmargin-top: 10px;\n\t\t\t\ttext-align: center;\n\t\t\t\twidth: 33%;\n\t\t\t}\n\t\t\t#gallery-2 img {\n\t\t\t\tborder: 2px solid #cfcfcf;\n\t\t\t}\n\t\t\t#gallery-2 .gallery-caption {\n\t\t\t\tmargin-left: 0;\n\t\t\t}\n\t\t\t\/* see gallery_shortcode() in wp-includes\/media.php *\/\n\t\t<\/style>\n\t\t<div id='gallery-2' class='gallery galleryid-873 gallery-columns-3 gallery-size-thumbnail'><dl class='gallery-item'>\n\t\t\t<dt class='gallery-icon landscape'>\n\t\t\t\t<a href=\"https:\/\/www.facebook.com\/bohusgrotan\/\" target=\"_blank\" class=\"set-target no-lightbox\"><img loading=\"lazy\" decoding=\"async\" width=\"150\" height=\"150\" src=\"http:\/\/audun.teks.no\/wp-content\/uploads\/2018\/03\/Bohus-150x150.jpg\" class=\"attachment-thumbnail size-thumbnail\" alt=\"\" aria-describedby=\"gallery-2-875\" \/><\/a>\n\t\t\t<\/dt>\n\t\t\t\t<dd class='wp-caption-text gallery-caption' id='gallery-2-875'>\n\t\t\t\tBohus, Brekstad\n\t\t\t\t<\/dd><\/dl><dl class='gallery-item'>\n\t\t\t<dt class='gallery-icon landscape'>\n\t\t\t\t<a href=\"https:\/\/www.byggmakker.no\/butikker\/nord\/\" target=\"_blank\" class=\"set-target no-lightbox\"><img loading=\"lazy\" decoding=\"async\" width=\"150\" height=\"150\" src=\"http:\/\/audun.teks.no\/wp-content\/uploads\/2018\/03\/Byggmakker-150x150.jpg\" class=\"attachment-thumbnail size-thumbnail\" alt=\"\" aria-describedby=\"gallery-2-887\" \/><\/a>\n\t\t\t<\/dt>\n\t\t\t\t<dd class='wp-caption-text gallery-caption' id='gallery-2-887'>\n\t\t\t\tByggmakker Gipling Bjugn og Brekstad\n\t\t\t\t<\/dd><\/dl><dl class='gallery-item'>\n\t\t\t<dt class='gallery-icon landscape'>\n\t\t\t\t<a href=\"https:\/\/www.comfort.no\/?gclid=Cj0KCQjw-uzVBRDkARIsALkZAdnZ1zRZ_Ntr8H9J_zbg9nKT8--tXg7z6PTOHUDImPRcrOHzu1jFK0IaAmWdEALw_wcB\" target=\"_blank\" class=\"set-target no-lightbox\"><img loading=\"lazy\" decoding=\"async\" width=\"150\" height=\"150\" src=\"http:\/\/audun.teks.no\/wp-content\/uploads\/2018\/03\/Comfort-150x150.jpg\" class=\"attachment-thumbnail size-thumbnail\" alt=\"\" aria-describedby=\"gallery-2-879\" \/><\/a>\n\t\t\t<\/dt>\n\t\t\t\t<dd class='wp-caption-text gallery-caption' id='gallery-2-879'>\n\t\t\t\tComfort Fosen, Brekstad\n\t\t\t\t<\/dd><\/dl><br style=\"clear: both\" \/><dl class='gallery-item'>\n\t\t\t<dt class='gallery-icon landscape'>\n\t\t\t\t<a href=\"https:\/\/coop.no\/coop-byggmix\/\" target=\"_blank\" class=\"set-target no-lightbox\"><img loading=\"lazy\" decoding=\"async\" width=\"150\" height=\"150\" src=\"http:\/\/audun.teks.no\/wp-content\/uploads\/2018\/03\/coop-byggmix-150x150.jpg\" class=\"attachment-thumbnail size-thumbnail\" alt=\"\" aria-describedby=\"gallery-2-885\" srcset=\"http:\/\/audun.teks.no\/wp-content\/uploads\/2018\/03\/coop-byggmix-150x150.jpg 150w, http:\/\/audun.teks.no\/wp-content\/uploads\/2018\/03\/coop-byggmix-300x300.jpg 300w, http:\/\/audun.teks.no\/wp-content\/uploads\/2018\/03\/coop-byggmix.jpg 323w\" sizes=\"auto, (max-width: 150px) 100vw, 150px\" \/><\/a>\n\t\t\t<\/dt>\n\t\t\t\t<dd class='wp-caption-text gallery-caption' id='gallery-2-885'>\n\t\t\t\tCoop Byggmix, Opphaug\n\t\t\t\t<\/dd><\/dl><dl class='gallery-item'>\n\t\t\t<dt class='gallery-icon landscape'>\n\t\t\t\t<a href=\"https:\/\/www.dalebakken.no\/produkter\/\" target=\"_blank\" class=\"set-target no-lightbox\"><img loading=\"lazy\" decoding=\"async\" width=\"150\" height=\"150\" src=\"http:\/\/audun.teks.no\/wp-content\/uploads\/2018\/04\/Dalebakken-150x150.jpg\" class=\"attachment-thumbnail size-thumbnail\" alt=\"\" aria-describedby=\"gallery-2-1073\" \/><\/a>\n\t\t\t<\/dt>\n\t\t\t\t<dd class='wp-caption-text gallery-caption' id='gallery-2-1073'>\n\t\t\t\tDalebakken maskin, Brekstad\n\t\t\t\t<\/dd><\/dl><dl class='gallery-item'>\n\t\t\t<dt class='gallery-icon landscape'>\n\t\t\t\t<a href=\"https:\/\/www.facebook.com\/EPBrekstad\/\" target=\"_blank\" class=\"set-target no-lightbox\"><img loading=\"lazy\" decoding=\"async\" width=\"150\" height=\"150\" src=\"http:\/\/audun.teks.no\/wp-content\/uploads\/2018\/03\/Europris-150x150.jpg\" class=\"attachment-thumbnail size-thumbnail\" alt=\"\" aria-describedby=\"gallery-2-890\" \/><\/a>\n\t\t\t<\/dt>\n\t\t\t\t<dd class='wp-caption-text gallery-caption' id='gallery-2-890'>\n\t\t\t\tEuropris Brekstad\n\t\t\t\t<\/dd><\/dl><br style=\"clear: both\" \/><dl class='gallery-item'>\n\t\t\t<dt class='gallery-icon landscape'>\n\t\t\t\t<a href=\"https:\/\/www.sparetorget.no\/side\/startside\" target=\"_blank\" class=\"set-target no-lightbox\"><img loading=\"lazy\" decoding=\"async\" width=\"150\" height=\"150\" src=\"http:\/\/audun.teks.no\/wp-content\/uploads\/2018\/03\/Sparetorget-150x150.jpg\" class=\"attachment-thumbnail size-thumbnail\" alt=\"\" aria-describedby=\"gallery-2-878\" \/><\/a>\n\t\t\t<\/dt>\n\t\t\t\t<dd class='wp-caption-text gallery-caption' id='gallery-2-878'>\n\t\t\t\tSparetorget, Brekstad\n\t\t\t\t<\/dd><\/dl><dl class='gallery-item'>\n\t\t\t<dt class='gallery-icon landscape'>\n\t\t\t\t<a href=\"https:\/\/www.facebook.com\/Felleskj%C3%B8pet-Brekstad-470675339717693\/\" target=\"_blank\" class=\"set-target no-lightbox\"><img loading=\"lazy\" decoding=\"async\" width=\"150\" height=\"150\" src=\"http:\/\/audun.teks.no\/wp-content\/uploads\/2018\/03\/Felleskj\u00f8pet-150x150.jpg\" class=\"attachment-thumbnail size-thumbnail\" alt=\"\" aria-describedby=\"gallery-2-848\" \/><\/a>\n\t\t\t<\/dt>\n\t\t\t\t<dd class='wp-caption-text gallery-caption' id='gallery-2-848'>\n\t\t\t\tFelleskj\u00f8pet, Brekstad\n\t\t\t\t<\/dd><\/dl><dl class='gallery-item'>\n\t\t\t<dt class='gallery-icon portrait'>\n\t\t\t\t<a href=\"http:\/\/www.fifty50.no\/\" target=\"_blank\" class=\"set-target no-lightbox\"><img loading=\"lazy\" decoding=\"async\" width=\"150\" height=\"150\" src=\"http:\/\/audun.teks.no\/wp-content\/uploads\/2018\/03\/fifty-150x150.jpg\" class=\"attachment-thumbnail size-thumbnail\" alt=\"\" aria-describedby=\"gallery-2-845\" \/><\/a>\n\t\t\t<\/dt>\n\t\t\t\t<dd class='wp-caption-text gallery-caption' id='gallery-2-845'>\n\t\t\t\tFifty\/50, Brekstad\n\t\t\t\t<\/dd><\/dl><br style=\"clear: both\" \/><dl class='gallery-item'>\n\t\t\t<dt class='gallery-icon portrait'>\n\t\t\t\t<a href=\"https:\/\/hoie.no\/\" target=\"_blank\" class=\"set-target no-lightbox\"><img loading=\"lazy\" decoding=\"async\" width=\"150\" height=\"150\" src=\"http:\/\/audun.teks.no\/wp-content\/uploads\/2018\/03\/H\u00f8ie-150x150.jpg\" class=\"attachment-thumbnail size-thumbnail\" alt=\"\" aria-describedby=\"gallery-2-881\" \/><\/a>\n\t\t\t<\/dt>\n\t\t\t\t<dd class='wp-caption-text gallery-caption' id='gallery-2-881'>\n\t\t\t\tH\u00f8ie , Brekstad\n\t\t\t\t<\/dd><\/dl><dl class='gallery-item'>\n\t\t\t<dt class='gallery-icon landscape'>\n\t\t\t\t<a href=\"https:\/\/jysk.no\/brekstad\" class=\"no-lightbox\"><img loading=\"lazy\" decoding=\"async\" width=\"150\" height=\"150\" src=\"http:\/\/audun.teks.no\/wp-content\/uploads\/2018\/08\/Jysk-150x150.jpg\" class=\"attachment-thumbnail size-thumbnail\" alt=\"\" aria-describedby=\"gallery-2-1208\" \/><\/a>\n\t\t\t<\/dt>\n\t\t\t\t<dd class='wp-caption-text gallery-caption' id='gallery-2-1208'>\n\t\t\t\tJysk, Brekstad\n\t\t\t\t<\/dd><\/dl><dl class='gallery-item'>\n\t\t\t<dt class='gallery-icon landscape'>\n\t\t\t\t<a href=\"https:\/\/www.mekk.no\/butikker\/mekk-fosen\" target=\"_blank\" class=\"set-target no-lightbox\"><img loading=\"lazy\" decoding=\"async\" width=\"150\" height=\"150\" src=\"http:\/\/audun.teks.no\/wp-content\/uploads\/2018\/03\/Mekk-150x150.jpg\" class=\"attachment-thumbnail size-thumbnail\" alt=\"\" aria-describedby=\"gallery-2-877\" \/><\/a>\n\t\t\t<\/dt>\n\t\t\t\t<dd class='wp-caption-text gallery-caption' id='gallery-2-877'>\n\t\t\t\tMekk Fosen, Bjugn\n\t\t\t\t<\/dd><\/dl><br style=\"clear: both\" \/><dl class='gallery-item'>\n\t\t\t<dt class='gallery-icon landscape'>\n\t\t\t\t<a href=\"https:\/\/www.facebook.com\/mekkbrekstad\/\" target=\"_blank\" class=\"set-target no-lightbox\"><img loading=\"lazy\" decoding=\"async\" width=\"150\" height=\"150\" src=\"http:\/\/audun.teks.no\/wp-content\/uploads\/2020\/07\/fixx-it-150x150.png\" class=\"attachment-thumbnail size-thumbnail\" alt=\"\" aria-describedby=\"gallery-2-519568\" \/><\/a>\n\t\t\t<\/dt>\n\t\t\t\t<dd class='wp-caption-text gallery-caption' id='gallery-2-519568'>\n\t\t\t\tFixx-it, Brekstad\n\t\t\t\t<\/dd><\/dl><dl class='gallery-item'>\n\t\t\t<dt class='gallery-icon landscape'>\n\t\t\t\t<a href=\"https:\/\/www.monter.no\/byggevarehus\/monter-brekstad\/\" target=\"_blank\" class=\"set-target no-lightbox\"><img loading=\"lazy\" decoding=\"async\" width=\"150\" height=\"150\" src=\"http:\/\/audun.teks.no\/wp-content\/uploads\/2018\/03\/Monter-150x150.jpg\" class=\"attachment-thumbnail size-thumbnail\" alt=\"\" aria-describedby=\"gallery-2-886\" \/><\/a>\n\t\t\t<\/dt>\n\t\t\t\t<dd class='wp-caption-text gallery-caption' id='gallery-2-886'>\n\t\t\t\tMont\u00e9r, Brekstad\n\t\t\t\t<\/dd><\/dl><dl class='gallery-item'>\n\t\t\t<dt class='gallery-icon landscape'>\n\t\t\t\t<a href=\"http:\/\/www.sigdal.com\/forhandler\/opphaug\/sverre-pettersen-opphaug\/?gclid=Cj0KCQjw-uzVBRDkARIsALkZAdm0yBwgoLqE_3CL7mzvrPnKw3E1bZ7um7Sfqz9gn7ir3I7GpzqgG20aAnsCEALw_wcB&gclsrc=aw.ds\" target=\"_blank\" class=\"set-target no-lightbox\"><img loading=\"lazy\" decoding=\"async\" width=\"150\" height=\"150\" src=\"http:\/\/audun.teks.no\/wp-content\/uploads\/2018\/03\/Sigdal-150x150.jpg\" class=\"attachment-thumbnail size-thumbnail\" alt=\"\" aria-describedby=\"gallery-2-880\" srcset=\"http:\/\/audun.teks.no\/wp-content\/uploads\/2018\/03\/Sigdal-150x150.jpg 150w, http:\/\/audun.teks.no\/wp-content\/uploads\/2018\/03\/Sigdal-300x300.jpg 300w, http:\/\/audun.teks.no\/wp-content\/uploads\/2018\/03\/Sigdal.jpg 338w\" sizes=\"auto, (max-width: 150px) 100vw, 150px\" \/><\/a>\n\t\t\t<\/dt>\n\t\t\t\t<dd class='wp-caption-text gallery-caption' id='gallery-2-880'>\n\t\t\t\tSverre Pettersen AS, Opphaug\n\t\t\t\t<\/dd><\/dl><br style=\"clear: both\" \/><dl class='gallery-item'>\n\t\t\t<dt class='gallery-icon landscape'>\n\t\t\t\t<a href=\"http:\/\/www.sava-as.no\/public\/sava\/avdelinger\/bruktbutikk\/\" target=\"_blank\" class=\"set-target no-lightbox\"><img loading=\"lazy\" decoding=\"async\" width=\"150\" height=\"150\" src=\"http:\/\/audun.teks.no\/wp-content\/uploads\/2018\/03\/sava-150x150.jpg\" class=\"attachment-thumbnail size-thumbnail\" alt=\"\" aria-describedby=\"gallery-2-891\" \/><\/a>\n\t\t\t<\/dt>\n\t\t\t\t<dd class='wp-caption-text gallery-caption' id='gallery-2-891'>\n\t\t\t\tSAVA bruktbutikk, Brekstad\n\t\t\t\t<\/dd><\/dl><dl class='gallery-item'>\n\t\t\t<dt class='gallery-icon landscape'>\n\t\t\t\t<a href=\"http:\/\/vakrehjem.no\/butikker\/orland-fargehandel\/\" target=\"_blank\" class=\"set-target no-lightbox\"><img loading=\"lazy\" decoding=\"async\" width=\"150\" height=\"150\" src=\"http:\/\/audun.teks.no\/wp-content\/uploads\/2018\/03\/Happy-Homes-150x150.jpg\" class=\"attachment-thumbnail size-thumbnail\" alt=\"\" aria-describedby=\"gallery-2-888\" srcset=\"http:\/\/audun.teks.no\/wp-content\/uploads\/2018\/03\/Happy-Homes-150x150.jpg 150w, http:\/\/audun.teks.no\/wp-content\/uploads\/2018\/03\/Happy-Homes-300x300.jpg 300w, http:\/\/audun.teks.no\/wp-content\/uploads\/2018\/03\/Happy-Homes.jpg 500w\" sizes=\"auto, (max-width: 150px) 100vw, 150px\" \/><\/a>\n\t\t\t<\/dt>\n\t\t\t\t<dd class='wp-caption-text gallery-caption' id='gallery-2-888'>\n\t\t\t\t\u00d8rland Fargehandel, Brekstad\n\t\t\t\t<\/dd><\/dl><dl class='gallery-item'>\n\t\t\t<dt class='gallery-icon landscape'>\n\t\t\t\t<a href=\"https:\/\/www.fargerike.no\/fargehandel\/bjugn\/\" target=\"_blank\" class=\"set-target no-lightbox\"><img loading=\"lazy\" decoding=\"async\" width=\"150\" height=\"150\" src=\"http:\/\/audun.teks.no\/wp-content\/uploads\/2020\/07\/Fargerike-Bjugn-150x150.png\" class=\"attachment-thumbnail size-thumbnail\" alt=\"\" aria-describedby=\"gallery-2-519565\" \/><\/a>\n\t\t\t<\/dt>\n\t\t\t\t<dd class='wp-caption-text gallery-caption' id='gallery-2-519565'>\n\t\t\t\tFargerike Bjugn\n\t\t\t\t<\/dd><\/dl><br style=\"clear: both\" \/><dl class='gallery-item'>\n\t\t\t<dt class='gallery-icon landscape'>\n\t\t\t\t<a href=\"https:\/\/www.fosenvvs.no\/\" target=\"_blank\" class=\"set-target no-lightbox\"><img loading=\"lazy\" decoding=\"async\" width=\"150\" height=\"150\" src=\"http:\/\/audun.teks.no\/wp-content\/uploads\/2020\/07\/Fosen-VVS-150x150.png\" class=\"attachment-thumbnail size-thumbnail\" alt=\"\" aria-describedby=\"gallery-2-519563\" \/><\/a>\n\t\t\t<\/dt>\n\t\t\t\t<dd class='wp-caption-text gallery-caption' id='gallery-2-519563'>\n\t\t\t\tFosen VVS, Bjugn\n\t\t\t\t<\/dd><\/dl>\n\t\t\t<br style='clear: both' \/>\n\t\t<\/div>","protected":false},"excerpt":{"rendered":"","protected":false},"author":4,"featured_media":821,"parent":0,"menu_order":0,"comment_status":"closed","ping_status":"closed","template":"","meta":{"ngg_post_thumbnail":0,"footnotes":""},"class_list":["post-873","page","type-page","status-publish","has-post-thumbnail","hentry"],"yoast_head":"<!-- This site is optimized with the Yoast SEO plugin v26.8 - https:\/\/yoast.com\/product\/yoast-seo-wordpress\/ -->\n<title>M\u00f8bler, interi\u00f8r, byggvare - \u00d8rland-TEKS-tmp<\/title>\n<meta name=\"description\" content=\"Gode bo- og jobbmuligheter, kort vei til skole, jobb og fritidsaktiviteter uansett hvor i kommunen du bor. Bredt og variert aktivitetstilbud for store og sm\u00e5. Flytt bedriften eller etabler ny n\u00e6ring p\u00e5 \u00d8rlandet. Kommunen har byggeklart n\u00e6ringsareal b\u00e5de til salgs og til leie.\" \/>\n<meta name=\"robots\" content=\"noindex, follow, max-snippet:-1, max-image-preview:large, max-video-preview:-1\" \/>\n<meta property=\"og:locale\" content=\"en_US\" \/>\n<meta property=\"og:type\" content=\"article\" \/>\n<meta property=\"og:title\" content=\"M\u00f8bler, interi\u00f8r, byggvare - \u00d8rland-TEKS-tmp\" \/>\n<meta property=\"og:description\" content=\"Gode bo- og jobbmuligheter, kort vei til skole, jobb og fritidsaktiviteter uansett hvor i kommunen du bor. Bredt og variert aktivitetstilbud for store og sm\u00e5. Flytt bedriften eller etabler ny n\u00e6ring p\u00e5 \u00d8rlandet. Kommunen har byggeklart n\u00e6ringsareal b\u00e5de til salgs og til leie.\" \/>\n<meta property=\"og:url\" content=\"http:\/\/audun.teks.no\/en\/mobler-og-interior\/\" \/>\n<meta property=\"og:site_name\" content=\"\u00d8rland-TEKS-tmp\" \/>\n<meta property=\"article:modified_time\" content=\"2020-07-17T13:46:53+00:00\" \/>\n<meta property=\"og:image\" content=\"http:\/\/audun.teks.no\/wp-content\/uploads\/2018\/03\/ashtray-book-condo-298842.jpg\" \/>\n\t<meta property=\"og:image:width\" content=\"2000\" \/>\n\t<meta property=\"og:image:height\" content=\"1333\" \/>\n\t<meta property=\"og:image:type\" content=\"image\/jpeg\" \/>\n<meta name=\"twitter:card\" content=\"summary_large_image\" \/>\n<script type=\"application\/ld+json\" class=\"yoast-schema-graph\">{\"@context\":\"https:\/\/schema.org\",\"@graph\":[{\"@type\":\"WebPage\",\"@id\":\"http:\/\/audun.teks.no\/mobler-og-interior\/\",\"url\":\"http:\/\/audun.teks.no\/mobler-og-interior\/\",\"name\":\"M\u00f8bler, interi\u00f8r, byggvare - \u00d8rland-TEKS-tmp\",\"isPartOf\":{\"@id\":\"http:\/\/audun.teks.no\/#website\"},\"primaryImageOfPage\":{\"@id\":\"http:\/\/audun.teks.no\/mobler-og-interior\/#primaryimage\"},\"image\":{\"@id\":\"http:\/\/audun.teks.no\/mobler-og-interior\/#primaryimage\"},\"thumbnailUrl\":\"http:\/\/audun.teks.no\/wp-content\/uploads\/2018\/03\/ashtray-book-condo-298842.jpg\",\"datePublished\":\"2018-03-28T11:45:28+00:00\",\"dateModified\":\"2020-07-17T13:46:53+00:00\",\"description\":\"Gode bo- og jobbmuligheter, kort vei til skole, jobb og fritidsaktiviteter uansett hvor i kommunen du bor. Bredt og variert aktivitetstilbud for store og sm\u00e5. Flytt bedriften eller etabler ny n\u00e6ring p\u00e5 \u00d8rlandet. Kommunen har byggeklart n\u00e6ringsareal b\u00e5de til salgs og til leie.\",\"breadcrumb\":{\"@id\":\"http:\/\/audun.teks.no\/mobler-og-interior\/#breadcrumb\"},\"inLanguage\":\"en-US\",\"potentialAction\":[{\"@type\":\"ReadAction\",\"target\":[\"http:\/\/audun.teks.no\/mobler-og-interior\/\"]}]},{\"@type\":\"ImageObject\",\"inLanguage\":\"en-US\",\"@id\":\"http:\/\/audun.teks.no\/mobler-og-interior\/#primaryimage\",\"url\":\"http:\/\/audun.teks.no\/wp-content\/uploads\/2018\/03\/ashtray-book-condo-298842.jpg\",\"contentUrl\":\"http:\/\/audun.teks.no\/wp-content\/uploads\/2018\/03\/ashtray-book-condo-298842.jpg\",\"width\":2000,\"height\":1333,\"caption\":\"M\u00f8bler, interi\u00f8r, byggvare\"},{\"@type\":\"BreadcrumbList\",\"@id\":\"http:\/\/audun.teks.no\/mobler-og-interior\/#breadcrumb\",\"itemListElement\":[{\"@type\":\"ListItem\",\"position\":1,\"name\":\"Hjem\",\"item\":\"http:\/\/audun.teks.no\/\"},{\"@type\":\"ListItem\",\"position\":2,\"name\":\"M\u00f8bler, interi\u00f8r, byggvare\"}]},{\"@type\":\"WebSite\",\"@id\":\"http:\/\/audun.teks.no\/#website\",\"url\":\"http:\/\/audun.teks.no\/\",\"name\":\"\u00d8rland-TEKS-tmp\",\"description\":\"Velkommen til flotte kystopplevelser\",\"publisher\":{\"@id\":\"http:\/\/audun.teks.no\/#organization\"},\"potentialAction\":[{\"@type\":\"SearchAction\",\"target\":{\"@type\":\"EntryPoint\",\"urlTemplate\":\"http:\/\/audun.teks.no\/?s={search_term_string}\"},\"query-input\":{\"@type\":\"PropertyValueSpecification\",\"valueRequired\":true,\"valueName\":\"search_term_string\"}}],\"inLanguage\":\"en-US\"},{\"@type\":\"Organization\",\"@id\":\"http:\/\/audun.teks.no\/#organization\",\"name\":\"\u00d8rland\",\"url\":\"http:\/\/audun.teks.no\/\",\"logo\":{\"@type\":\"ImageObject\",\"inLanguage\":\"en-US\",\"@id\":\"http:\/\/audun.teks.no\/#\/schema\/logo\/image\/\",\"url\":\"http:\/\/audun.teks.no\/wp-content\/uploads\/2020\/04\/RORET-\u00d8rland-kulturforetak-KF.jpg\",\"contentUrl\":\"http:\/\/audun.teks.no\/wp-content\/uploads\/2020\/04\/RORET-\u00d8rland-kulturforetak-KF.jpg\",\"width\":1772,\"height\":969,\"caption\":\"\u00d8rland\"},\"image\":{\"@id\":\"http:\/\/audun.teks.no\/#\/schema\/logo\/image\/\"}}]}<\/script>\n<!-- \/ Yoast SEO plugin. -->","yoast_head_json":{"title":"M\u00f8bler, interi\u00f8r, byggvare - \u00d8rland-TEKS-tmp","description":"Gode bo- og jobbmuligheter, kort vei til skole, jobb og fritidsaktiviteter uansett hvor i kommunen du bor. Bredt og variert aktivitetstilbud for store og sm\u00e5. Flytt bedriften eller etabler ny n\u00e6ring p\u00e5 \u00d8rlandet. Kommunen har byggeklart n\u00e6ringsareal b\u00e5de til salgs og til leie.","robots":{"index":"noindex","follow":"follow","max-snippet":"max-snippet:-1","max-image-preview":"max-image-preview:large","max-video-preview":"max-video-preview:-1"},"og_locale":"en_US","og_type":"article","og_title":"M\u00f8bler, interi\u00f8r, byggvare - \u00d8rland-TEKS-tmp","og_description":"Gode bo- og jobbmuligheter, kort vei til skole, jobb og fritidsaktiviteter uansett hvor i kommunen du bor. Bredt og variert aktivitetstilbud for store og sm\u00e5. Flytt bedriften eller etabler ny n\u00e6ring p\u00e5 \u00d8rlandet. Kommunen har byggeklart n\u00e6ringsareal b\u00e5de til salgs og til leie.","og_url":"http:\/\/audun.teks.no\/en\/mobler-og-interior\/","og_site_name":"\u00d8rland-TEKS-tmp","article_modified_time":"2020-07-17T13:46:53+00:00","og_image":[{"width":2000,"height":1333,"url":"http:\/\/audun.teks.no\/wp-content\/uploads\/2018\/03\/ashtray-book-condo-298842.jpg","type":"image\/jpeg"}],"twitter_card":"summary_large_image","schema":{"@context":"https:\/\/schema.org","@graph":[{"@type":"WebPage","@id":"http:\/\/audun.teks.no\/mobler-og-interior\/","url":"http:\/\/audun.teks.no\/mobler-og-interior\/","name":"M\u00f8bler, interi\u00f8r, byggvare - \u00d8rland-TEKS-tmp","isPartOf":{"@id":"http:\/\/audun.teks.no\/#website"},"primaryImageOfPage":{"@id":"http:\/\/audun.teks.no\/mobler-og-interior\/#primaryimage"},"image":{"@id":"http:\/\/audun.teks.no\/mobler-og-interior\/#primaryimage"},"thumbnailUrl":"http:\/\/audun.teks.no\/wp-content\/uploads\/2018\/03\/ashtray-book-condo-298842.jpg","datePublished":"2018-03-28T11:45:28+00:00","dateModified":"2020-07-17T13:46:53+00:00","description":"Gode bo- og jobbmuligheter, kort vei til skole, jobb og fritidsaktiviteter uansett hvor i kommunen du bor. Bredt og variert aktivitetstilbud for store og sm\u00e5. Flytt bedriften eller etabler ny n\u00e6ring p\u00e5 \u00d8rlandet. Kommunen har byggeklart n\u00e6ringsareal b\u00e5de til salgs og til leie.","breadcrumb":{"@id":"http:\/\/audun.teks.no\/mobler-og-interior\/#breadcrumb"},"inLanguage":"en-US","potentialAction":[{"@type":"ReadAction","target":["http:\/\/audun.teks.no\/mobler-og-interior\/"]}]},{"@type":"ImageObject","inLanguage":"en-US","@id":"http:\/\/audun.teks.no\/mobler-og-interior\/#primaryimage","url":"http:\/\/audun.teks.no\/wp-content\/uploads\/2018\/03\/ashtray-book-condo-298842.jpg","contentUrl":"http:\/\/audun.teks.no\/wp-content\/uploads\/2018\/03\/ashtray-book-condo-298842.jpg","width":2000,"height":1333,"caption":"M\u00f8bler, interi\u00f8r, byggvare"},{"@type":"BreadcrumbList","@id":"http:\/\/audun.teks.no\/mobler-og-interior\/#breadcrumb","itemListElement":[{"@type":"ListItem","position":1,"name":"Hjem","item":"http:\/\/audun.teks.no\/"},{"@type":"ListItem","position":2,"name":"M\u00f8bler, interi\u00f8r, byggvare"}]},{"@type":"WebSite","@id":"http:\/\/audun.teks.no\/#website","url":"http:\/\/audun.teks.no\/","name":"\u00d8rland-TEKS-tmp","description":"Velkommen til flotte kystopplevelser","publisher":{"@id":"http:\/\/audun.teks.no\/#organization"},"potentialAction":[{"@type":"SearchAction","target":{"@type":"EntryPoint","urlTemplate":"http:\/\/audun.teks.no\/?s={search_term_string}"},"query-input":{"@type":"PropertyValueSpecification","valueRequired":true,"valueName":"search_term_string"}}],"inLanguage":"en-US"},{"@type":"Organization","@id":"http:\/\/audun.teks.no\/#organization","name":"\u00d8rland","url":"http:\/\/audun.teks.no\/","logo":{"@type":"ImageObject","inLanguage":"en-US","@id":"http:\/\/audun.teks.no\/#\/schema\/logo\/image\/","url":"http:\/\/audun.teks.no\/wp-content\/uploads\/2020\/04\/RORET-\u00d8rland-kulturforetak-KF.jpg","contentUrl":"http:\/\/audun.teks.no\/wp-content\/uploads\/2020\/04\/RORET-\u00d8rland-kulturforetak-KF.jpg","width":1772,"height":969,"caption":"\u00d8rland"},"image":{"@id":"http:\/\/audun.teks.no\/#\/schema\/logo\/image\/"}}]}},"acf":[],"_links":{"self":[{"href":"http:\/\/audun.teks.no\/en\/wp-json\/wp\/v2\/pages\/873","targetHints":{"allow":["GET"]}}],"collection":[{"href":"http:\/\/audun.teks.no\/en\/wp-json\/wp\/v2\/pages"}],"about":[{"href":"http:\/\/audun.teks.no\/en\/wp-json\/wp\/v2\/types\/page"}],"author":[{"embeddable":true,"href":"http:\/\/audun.teks.no\/en\/wp-json\/wp\/v2\/users\/4"}],"replies":[{"embeddable":true,"href":"http:\/\/audun.teks.no\/en\/wp-json\/wp\/v2\/comments?post=873"}],"version-history":[{"count":15,"href":"http:\/\/audun.teks.no\/en\/wp-json\/wp\/v2\/pages\/873\/revisions"}],"predecessor-version":[{"id":519569,"href":"http:\/\/audun.teks.no\/en\/wp-json\/wp\/v2\/pages\/873\/revisions\/519569"}],"wp:featuredmedia":[{"embeddable":true,"href":"http:\/\/audun.teks.no\/en\/wp-json\/wp\/v2\/media\/821"}],"wp:attachment":[{"href":"http:\/\/audun.teks.no\/en\/wp-json\/wp\/v2\/media?parent=873"}],"curies":[{"name":"wp","href":"https:\/\/api.w.org\/{rel}","templated":true}]}}