{"id":771,"date":"2018-03-27T06:02:44","date_gmt":"2018-03-27T06:02:44","guid":{"rendered":"https:\/\/www.orland.no\/?page_id=771"},"modified":"2021-04-07T09:58:59","modified_gmt":"2021-04-07T09:58:59","slug":"astrid-dahlsveen-bakken-skulpturer","status":"publish","type":"page","link":"http:\/\/audun.teks.no\/en\/astrid-dahlsveen-bakken-skulpturer\/","title":{"rendered":"Billedhugger Astrid Dahlsveen"},"content":{"rendered":"<div data-elementor-type=\"wp-page\" data-elementor-id=\"771\" class=\"elementor elementor-771\">\n\t\t\t\t\t\t<div class=\"elementor-inner\">\n\t\t\t\t<div class=\"elementor-section-wrap\">\n\t\t\t\t\t\t\t\t\t<section class=\"elementor-section elementor-top-section elementor-element elementor-element-271072f8 elementor-section-boxed elementor-section-height-default elementor-section-height-default\" data-id=\"271072f8\" data-element_type=\"section\">\n\t\t\t\t\t\t<div class=\"elementor-container elementor-column-gap-default\">\n\t\t\t\t\t\t\t<div class=\"elementor-row\">\n\t\t\t\t\t<div class=\"elementor-column elementor-col-100 elementor-top-column elementor-element elementor-element-4506e45c\" data-id=\"4506e45c\" data-element_type=\"column\">\n\t\t\t<div class=\"elementor-column-wrap elementor-element-populated\">\n\t\t\t\t\t\t\t<div class=\"elementor-widget-wrap\">\n\t\t\t\t\t\t<div class=\"elementor-element elementor-element-45f954f0 elementor-widget elementor-widget-text-editor\" data-id=\"45f954f0\" data-element_type=\"widget\" data-widget_type=\"text-editor.default\">\n\t\t\t\t<div class=\"elementor-widget-container\">\n\t\t\t\t\t\t\t\t<div class=\"elementor-text-editor elementor-clearfix\">\n\t\t\t\t<h3>Astrid Dahlsveen (1929-2012) har fire skulpturer utstilt p\u00e5 Brekstad: foran \u00d8rland Kultursenter, \u00d8rland sv\u00f8mmehall, Fosen Tingrett og bak \u00d8rland Kultursenter ved s\u00f8ndre molo.<\/h3><p>\n\t\t<style type=\"text\/css\">\n\t\t\t#gallery-2 {\n\t\t\t\tmargin: auto;\n\t\t\t}\n\t\t\t#gallery-2 .gallery-item {\n\t\t\t\tfloat: left;\n\t\t\t\tmargin-top: 10px;\n\t\t\t\ttext-align: center;\n\t\t\t\twidth: 33%;\n\t\t\t}\n\t\t\t#gallery-2 img {\n\t\t\t\tborder: 2px solid #cfcfcf;\n\t\t\t}\n\t\t\t#gallery-2 .gallery-caption {\n\t\t\t\tmargin-left: 0;\n\t\t\t}\n\t\t\t\/* see gallery_shortcode() in wp-includes\/media.php *\/\n\t\t<\/style>\n\t\t<div id='gallery-2' class='gallery galleryid-771 gallery-columns-3 gallery-size-thumbnail'><dl class='gallery-item'>\n\t\t\t<dt class='gallery-icon landscape'>\n\t\t\t\t<a href='http:\/\/audun.teks.no\/en\/astrid-dahlsveen-bakken-skulpturer\/20180327_082631\/'><img loading=\"lazy\" decoding=\"async\" width=\"150\" height=\"150\" src=\"http:\/\/audun.teks.no\/wp-content\/uploads\/2018\/03\/20180327_082631-150x150.jpg\" class=\"attachment-thumbnail size-thumbnail\" alt=\"\" aria-describedby=\"gallery-2-782\" \/><\/a>\n\t\t\t<\/dt>\n\t\t\t\t<dd class='wp-caption-text gallery-caption' id='gallery-2-782'>\n\t\t\t\tForan \u00d8rland kultursenter\n\t\t\t\t<\/dd><\/dl><dl class='gallery-item'>\n\t\t\t<dt class='gallery-icon landscape'>\n\t\t\t\t<a href='http:\/\/audun.teks.no\/en\/astrid-dahlsveen-bakken-skulpturer\/20180327_082909\/'><img loading=\"lazy\" decoding=\"async\" width=\"150\" height=\"150\" src=\"http:\/\/audun.teks.no\/wp-content\/uploads\/2018\/03\/20180327_082909-150x150.jpg\" class=\"attachment-thumbnail size-thumbnail\" alt=\"\" aria-describedby=\"gallery-2-784\" \/><\/a>\n\t\t\t<\/dt>\n\t\t\t\t<dd class='wp-caption-text gallery-caption' id='gallery-2-784'>\n\t\t\t\tBak \u00d8rland kultursenter\n\t\t\t\t<\/dd><\/dl><dl class='gallery-item'>\n\t\t\t<dt class='gallery-icon landscape'>\n\t\t\t\t<a href='http:\/\/audun.teks.no\/en\/astrid-dahlsveen-bakken-skulpturer\/20180327_085243\/'><img loading=\"lazy\" decoding=\"async\" width=\"150\" height=\"150\" src=\"http:\/\/audun.teks.no\/wp-content\/uploads\/2018\/03\/20180327_085243-150x150.jpg\" class=\"attachment-thumbnail size-thumbnail\" alt=\"\" aria-describedby=\"gallery-2-785\" \/><\/a>\n\t\t\t<\/dt>\n\t\t\t\t<dd class='wp-caption-text gallery-caption' id='gallery-2-785'>\n\t\t\t\tForan Fosen Tinghus\n\t\t\t\t<\/dd><\/dl><br style=\"clear: both\" \/>\n\t\t<\/div>\n<\/p><p>Astrid Dahlsveen (f\u00f8dt 11. oktober 1929 i Strinda, d\u00f8d 26. april 2012) var en norsk billedhugger, bosatt i \u00d8rland. Hennes formspr\u00e5k var naturalistisk med lettere forenklinger.<\/p><p>Dahlsveen var elev hos Oscar Lynum i gymnastiden, gikk deretter p\u00e5 Kunstskolen i Trondheim 1948-49 med Kristofer Leirdal som l\u00e6rer, og p\u00e5 Kunstakademiet 1949-50 hos Per Palle Storm, og p\u00e5 Vrije Akademie voor Beeldende Kunsten i Haag 1958.<\/p><p>Separatutstillinger i Trondhjems Kunstforening 1977 og 2008, p\u00e5 Kunstnernes Hus 1978, Kunstnerringen i Oslo 1985, Kunstnerforbundet 1987, Lillehammer kunstmuseum 1982, Nord-Tr\u00f8ndelag fylkesgalleri 1992, og flere ganger ved Austr\u00e5ttborgen og i \u00d8rland\/Bjugn. <br \/>Hun har skrevet artikler om Hannah og Hans Ryggen, og om Ove Bjelkes inspirasjonskilder for Austr\u00e5ttborgen.<\/p><p>Hennes offentlige arbeider omfattet blant annet: <br \/><i>Fl\u00f8ytespiller<\/i> i Grieghallen i Bergen. <i>Gutter hopper bukk<\/i> (1976) i Oslo, Sandnes og \u00d8rland. <i>Adrian Posepilt<\/i> ved Adrianstua i Trondheim. <i>Nusse p\u00e5 gyngehesten<\/i> i Trondheim og Steinkjer. <i>Ungdom i n\u00f8d<\/i> i Trondheim. <i>Rytmelek<\/i> ved \u00c5sheim skole i Trondheim. <i>Katt<\/i> ved Nypvang skole i Trondheim. <i>Duett for fl\u00f8yte<\/i> i Arendal. <i>Hemmelig samtale<\/i> (utf\u00f8rt 1972, oppsatt 2002) p\u00e5 Brekstad. <i>Sj\u00f8l\u00f8ve<\/i> ved Vallersund g\u00e5rd i \u00d8rland. Monumentet over Hannah og Hans Ryggen (1994) p\u00e5 Brekstad havn, senere flyttet til \u00d8rland kultursenter.<br \/><br \/>Wikipedia, Morten Haugen.<\/p><p><\/p><h4>\u00a0 <span style=\"color: #555555; font-size: 17px;\"><\/span><\/h4>\t\t\t\t\t<\/div>\n\t\t\t\t\t\t<\/div>\n\t\t\t\t<\/div>\n\t\t\t\t\t\t<\/div>\n\t\t\t\t\t<\/div>\n\t\t<\/div>\n\t\t\t\t\t\t\t\t<\/div>\n\t\t\t\t\t<\/div>\n\t\t<\/section>\n\t\t\t\t\t\t\t\t\t<\/div>\n\t\t\t<\/div>\n\t\t\t\t\t<\/div>","protected":false},"excerpt":{"rendered":"<p>Astrid Dahlsveen (1929-2012) har fire skulpturer utstilt p\u00e5 Brekstad: foran \u00d8rland Kultursenter, \u00d8rland sv\u00f8mmehall, Fosen Tingrett og bak \u00d8rland Kultursenter ved s\u00f8ndre molo. Astrid Dahlsveen (f\u00f8dt 11. oktober 1929 i Strinda, d\u00f8d 26. april 2012) var en norsk billedhugger, bosatt i \u00d8rland. Hennes formspr\u00e5k var naturalistisk med lettere forenklinger. Dahlsveen [&hellip;]<\/p>","protected":false},"author":4,"featured_media":782,"parent":0,"menu_order":0,"comment_status":"closed","ping_status":"closed","template":"","meta":{"ngg_post_thumbnail":0,"footnotes":""},"class_list":["post-771","page","type-page","status-publish","has-post-thumbnail","hentry"],"yoast_head":"<!-- This site is optimized with the Yoast SEO plugin v26.8 - https:\/\/yoast.com\/product\/yoast-seo-wordpress\/ -->\n<title>Billedhugger Astrid Dahlsveen - \u00d8rland-TEKS-tmp<\/title>\n<meta name=\"description\" content=\"Gode bo- og jobbmuligheter, kort vei til skole, jobb og fritidsaktiviteter uansett hvor i kommunen du bor. Bredt og variert aktivitetstilbud for store og sm\u00e5. Flytt bedriften eller etabler ny n\u00e6ring p\u00e5 \u00d8rlandet. Kommunen har byggeklart n\u00e6ringsareal b\u00e5de til salgs og til leie.\" \/>\n<meta name=\"robots\" content=\"noindex, follow, max-snippet:-1, max-image-preview:large, max-video-preview:-1\" \/>\n<meta property=\"og:locale\" content=\"en_US\" \/>\n<meta property=\"og:type\" content=\"article\" \/>\n<meta property=\"og:title\" content=\"Billedhugger Astrid Dahlsveen - \u00d8rland-TEKS-tmp\" \/>\n<meta property=\"og:description\" content=\"Gode bo- og jobbmuligheter, kort vei til skole, jobb og fritidsaktiviteter uansett hvor i kommunen du bor. Bredt og variert aktivitetstilbud for store og sm\u00e5. Flytt bedriften eller etabler ny n\u00e6ring p\u00e5 \u00d8rlandet. Kommunen har byggeklart n\u00e6ringsareal b\u00e5de til salgs og til leie.\" \/>\n<meta property=\"og:url\" content=\"http:\/\/audun.teks.no\/en\/astrid-dahlsveen-bakken-skulpturer\/\" \/>\n<meta property=\"og:site_name\" content=\"\u00d8rland-TEKS-tmp\" \/>\n<meta property=\"article:modified_time\" content=\"2021-04-07T09:58:59+00:00\" \/>\n<meta property=\"og:image\" content=\"http:\/\/audun.teks.no\/wp-content\/uploads\/2018\/03\/20180327_082631-1024x576.jpg\" \/>\n\t<meta property=\"og:image:width\" content=\"1024\" \/>\n\t<meta property=\"og:image:height\" content=\"576\" \/>\n\t<meta property=\"og:image:type\" content=\"image\/jpeg\" \/>\n<meta name=\"twitter:card\" content=\"summary_large_image\" \/>\n<meta name=\"twitter:label1\" content=\"Est. reading time\" \/>\n\t<meta name=\"twitter:data1\" content=\"1 minute\" \/>\n<script type=\"application\/ld+json\" class=\"yoast-schema-graph\">{\"@context\":\"https:\/\/schema.org\",\"@graph\":[{\"@type\":\"WebPage\",\"@id\":\"http:\/\/audun.teks.no\/en\/astrid-dahlsveen-bakken-skulpturer\/\",\"url\":\"http:\/\/audun.teks.no\/en\/astrid-dahlsveen-bakken-skulpturer\/\",\"name\":\"Billedhugger Astrid Dahlsveen - \u00d8rland-TEKS-tmp\",\"isPartOf\":{\"@id\":\"http:\/\/audun.teks.no\/#website\"},\"primaryImageOfPage\":{\"@id\":\"http:\/\/audun.teks.no\/en\/astrid-dahlsveen-bakken-skulpturer\/#primaryimage\"},\"image\":{\"@id\":\"http:\/\/audun.teks.no\/en\/astrid-dahlsveen-bakken-skulpturer\/#primaryimage\"},\"thumbnailUrl\":\"http:\/\/audun.teks.no\/wp-content\/uploads\/2018\/03\/20180327_082631.jpg\",\"datePublished\":\"2018-03-27T06:02:44+00:00\",\"dateModified\":\"2021-04-07T09:58:59+00:00\",\"description\":\"Gode bo- og jobbmuligheter, kort vei til skole, jobb og fritidsaktiviteter uansett hvor i kommunen du bor. Bredt og variert aktivitetstilbud for store og sm\u00e5. Flytt bedriften eller etabler ny n\u00e6ring p\u00e5 \u00d8rlandet. Kommunen har byggeklart n\u00e6ringsareal b\u00e5de til salgs og til leie.\",\"breadcrumb\":{\"@id\":\"http:\/\/audun.teks.no\/en\/astrid-dahlsveen-bakken-skulpturer\/#breadcrumb\"},\"inLanguage\":\"en-US\",\"potentialAction\":[{\"@type\":\"ReadAction\",\"target\":[\"http:\/\/audun.teks.no\/en\/astrid-dahlsveen-bakken-skulpturer\/\"]}]},{\"@type\":\"ImageObject\",\"inLanguage\":\"en-US\",\"@id\":\"http:\/\/audun.teks.no\/en\/astrid-dahlsveen-bakken-skulpturer\/#primaryimage\",\"url\":\"http:\/\/audun.teks.no\/wp-content\/uploads\/2018\/03\/20180327_082631.jpg\",\"contentUrl\":\"http:\/\/audun.teks.no\/wp-content\/uploads\/2018\/03\/20180327_082631.jpg\",\"width\":5312,\"height\":2988,\"caption\":\"Foran \u00d8rland kultursenter\"},{\"@type\":\"BreadcrumbList\",\"@id\":\"http:\/\/audun.teks.no\/en\/astrid-dahlsveen-bakken-skulpturer\/#breadcrumb\",\"itemListElement\":[{\"@type\":\"ListItem\",\"position\":1,\"name\":\"Hjem\",\"item\":\"http:\/\/audun.teks.no\/\"},{\"@type\":\"ListItem\",\"position\":2,\"name\":\"Billedhugger Astrid Dahlsveen\"}]},{\"@type\":\"WebSite\",\"@id\":\"http:\/\/audun.teks.no\/#website\",\"url\":\"http:\/\/audun.teks.no\/\",\"name\":\"\u00d8rland-TEKS-tmp\",\"description\":\"Velkommen til flotte kystopplevelser\",\"publisher\":{\"@id\":\"http:\/\/audun.teks.no\/#organization\"},\"potentialAction\":[{\"@type\":\"SearchAction\",\"target\":{\"@type\":\"EntryPoint\",\"urlTemplate\":\"http:\/\/audun.teks.no\/?s={search_term_string}\"},\"query-input\":{\"@type\":\"PropertyValueSpecification\",\"valueRequired\":true,\"valueName\":\"search_term_string\"}}],\"inLanguage\":\"en-US\"},{\"@type\":\"Organization\",\"@id\":\"http:\/\/audun.teks.no\/#organization\",\"name\":\"\u00d8rland\",\"url\":\"http:\/\/audun.teks.no\/\",\"logo\":{\"@type\":\"ImageObject\",\"inLanguage\":\"en-US\",\"@id\":\"http:\/\/audun.teks.no\/#\/schema\/logo\/image\/\",\"url\":\"http:\/\/audun.teks.no\/wp-content\/uploads\/2020\/04\/RORET-\u00d8rland-kulturforetak-KF.jpg\",\"contentUrl\":\"http:\/\/audun.teks.no\/wp-content\/uploads\/2020\/04\/RORET-\u00d8rland-kulturforetak-KF.jpg\",\"width\":1772,\"height\":969,\"caption\":\"\u00d8rland\"},\"image\":{\"@id\":\"http:\/\/audun.teks.no\/#\/schema\/logo\/image\/\"}}]}<\/script>\n<!-- \/ Yoast SEO plugin. -->","yoast_head_json":{"title":"Billedhugger Astrid Dahlsveen - \u00d8rland-TEKS-tmp","description":"Gode bo- og jobbmuligheter, kort vei til skole, jobb og fritidsaktiviteter uansett hvor i kommunen du bor. Bredt og variert aktivitetstilbud for store og sm\u00e5. Flytt bedriften eller etabler ny n\u00e6ring p\u00e5 \u00d8rlandet. Kommunen har byggeklart n\u00e6ringsareal b\u00e5de til salgs og til leie.","robots":{"index":"noindex","follow":"follow","max-snippet":"max-snippet:-1","max-image-preview":"max-image-preview:large","max-video-preview":"max-video-preview:-1"},"og_locale":"en_US","og_type":"article","og_title":"Billedhugger Astrid Dahlsveen - \u00d8rland-TEKS-tmp","og_description":"Gode bo- og jobbmuligheter, kort vei til skole, jobb og fritidsaktiviteter uansett hvor i kommunen du bor. Bredt og variert aktivitetstilbud for store og sm\u00e5. Flytt bedriften eller etabler ny n\u00e6ring p\u00e5 \u00d8rlandet. Kommunen har byggeklart n\u00e6ringsareal b\u00e5de til salgs og til leie.","og_url":"http:\/\/audun.teks.no\/en\/astrid-dahlsveen-bakken-skulpturer\/","og_site_name":"\u00d8rland-TEKS-tmp","article_modified_time":"2021-04-07T09:58:59+00:00","og_image":[{"width":1024,"height":576,"url":"http:\/\/audun.teks.no\/wp-content\/uploads\/2018\/03\/20180327_082631-1024x576.jpg","type":"image\/jpeg"}],"twitter_card":"summary_large_image","twitter_misc":{"Est. reading time":"1 minute"},"schema":{"@context":"https:\/\/schema.org","@graph":[{"@type":"WebPage","@id":"http:\/\/audun.teks.no\/en\/astrid-dahlsveen-bakken-skulpturer\/","url":"http:\/\/audun.teks.no\/en\/astrid-dahlsveen-bakken-skulpturer\/","name":"Billedhugger Astrid Dahlsveen - \u00d8rland-TEKS-tmp","isPartOf":{"@id":"http:\/\/audun.teks.no\/#website"},"primaryImageOfPage":{"@id":"http:\/\/audun.teks.no\/en\/astrid-dahlsveen-bakken-skulpturer\/#primaryimage"},"image":{"@id":"http:\/\/audun.teks.no\/en\/astrid-dahlsveen-bakken-skulpturer\/#primaryimage"},"thumbnailUrl":"http:\/\/audun.teks.no\/wp-content\/uploads\/2018\/03\/20180327_082631.jpg","datePublished":"2018-03-27T06:02:44+00:00","dateModified":"2021-04-07T09:58:59+00:00","description":"Gode bo- og jobbmuligheter, kort vei til skole, jobb og fritidsaktiviteter uansett hvor i kommunen du bor. Bredt og variert aktivitetstilbud for store og sm\u00e5. Flytt bedriften eller etabler ny n\u00e6ring p\u00e5 \u00d8rlandet. Kommunen har byggeklart n\u00e6ringsareal b\u00e5de til salgs og til leie.","breadcrumb":{"@id":"http:\/\/audun.teks.no\/en\/astrid-dahlsveen-bakken-skulpturer\/#breadcrumb"},"inLanguage":"en-US","potentialAction":[{"@type":"ReadAction","target":["http:\/\/audun.teks.no\/en\/astrid-dahlsveen-bakken-skulpturer\/"]}]},{"@type":"ImageObject","inLanguage":"en-US","@id":"http:\/\/audun.teks.no\/en\/astrid-dahlsveen-bakken-skulpturer\/#primaryimage","url":"http:\/\/audun.teks.no\/wp-content\/uploads\/2018\/03\/20180327_082631.jpg","contentUrl":"http:\/\/audun.teks.no\/wp-content\/uploads\/2018\/03\/20180327_082631.jpg","width":5312,"height":2988,"caption":"Foran \u00d8rland kultursenter"},{"@type":"BreadcrumbList","@id":"http:\/\/audun.teks.no\/en\/astrid-dahlsveen-bakken-skulpturer\/#breadcrumb","itemListElement":[{"@type":"ListItem","position":1,"name":"Hjem","item":"http:\/\/audun.teks.no\/"},{"@type":"ListItem","position":2,"name":"Billedhugger Astrid Dahlsveen"}]},{"@type":"WebSite","@id":"http:\/\/audun.teks.no\/#website","url":"http:\/\/audun.teks.no\/","name":"\u00d8rland-TEKS-tmp","description":"Velkommen til flotte kystopplevelser","publisher":{"@id":"http:\/\/audun.teks.no\/#organization"},"potentialAction":[{"@type":"SearchAction","target":{"@type":"EntryPoint","urlTemplate":"http:\/\/audun.teks.no\/?s={search_term_string}"},"query-input":{"@type":"PropertyValueSpecification","valueRequired":true,"valueName":"search_term_string"}}],"inLanguage":"en-US"},{"@type":"Organization","@id":"http:\/\/audun.teks.no\/#organization","name":"\u00d8rland","url":"http:\/\/audun.teks.no\/","logo":{"@type":"ImageObject","inLanguage":"en-US","@id":"http:\/\/audun.teks.no\/#\/schema\/logo\/image\/","url":"http:\/\/audun.teks.no\/wp-content\/uploads\/2020\/04\/RORET-\u00d8rland-kulturforetak-KF.jpg","contentUrl":"http:\/\/audun.teks.no\/wp-content\/uploads\/2020\/04\/RORET-\u00d8rland-kulturforetak-KF.jpg","width":1772,"height":969,"caption":"\u00d8rland"},"image":{"@id":"http:\/\/audun.teks.no\/#\/schema\/logo\/image\/"}}]}},"acf":[],"_links":{"self":[{"href":"http:\/\/audun.teks.no\/en\/wp-json\/wp\/v2\/pages\/771","targetHints":{"allow":["GET"]}}],"collection":[{"href":"http:\/\/audun.teks.no\/en\/wp-json\/wp\/v2\/pages"}],"about":[{"href":"http:\/\/audun.teks.no\/en\/wp-json\/wp\/v2\/types\/page"}],"author":[{"embeddable":true,"href":"http:\/\/audun.teks.no\/en\/wp-json\/wp\/v2\/users\/4"}],"replies":[{"embeddable":true,"href":"http:\/\/audun.teks.no\/en\/wp-json\/wp\/v2\/comments?post=771"}],"version-history":[{"count":16,"href":"http:\/\/audun.teks.no\/en\/wp-json\/wp\/v2\/pages\/771\/revisions"}],"predecessor-version":[{"id":520501,"href":"http:\/\/audun.teks.no\/en\/wp-json\/wp\/v2\/pages\/771\/revisions\/520501"}],"wp:featuredmedia":[{"embeddable":true,"href":"http:\/\/audun.teks.no\/en\/wp-json\/wp\/v2\/media\/782"}],"wp:attachment":[{"href":"http:\/\/audun.teks.no\/en\/wp-json\/wp\/v2\/media?parent=771"}],"curies":[{"name":"wp","href":"https:\/\/api.w.org\/{rel}","templated":true}]}}