{"id":725,"date":"2018-03-26T12:32:40","date_gmt":"2018-03-26T12:32:40","guid":{"rendered":"https:\/\/www.orland.no\/?page_id=725"},"modified":"2023-11-16T12:21:46","modified_gmt":"2023-11-16T12:21:46","slug":"spisesteder","status":"publish","type":"page","link":"http:\/\/audun.teks.no\/en\/spisesteder\/","title":{"rendered":"Restaurants and caf\u00e9s"},"content":{"rendered":"<p>\u00d8rland has a several excellent options to get a bite to eat. Click on the pictures below to go to the webpages of each establishment. <\/p>\n\n\n\n\t\t<style type=\"text\/css\">\n\t\t\t#gallery-2 {\n\t\t\t\tmargin: auto;\n\t\t\t}\n\t\t\t#gallery-2 .gallery-item {\n\t\t\t\tfloat: left;\n\t\t\t\tmargin-top: 10px;\n\t\t\t\ttext-align: center;\n\t\t\t\twidth: 33%;\n\t\t\t}\n\t\t\t#gallery-2 img {\n\t\t\t\tborder: 2px solid #cfcfcf;\n\t\t\t}\n\t\t\t#gallery-2 .gallery-caption {\n\t\t\t\tmargin-left: 0;\n\t\t\t}\n\t\t\t\/* see gallery_shortcode() in wp-includes\/media.php *\/\n\t\t<\/style>\n\t\t<div id='gallery-2' class='gallery galleryid-725 gallery-columns-3 gallery-size-thumbnail'><dl class='gallery-item'>\n\t\t\t<dt class='gallery-icon landscape'>\n\t\t\t\t<a href=\"https:\/\/www.ankeretbrygge.no\/\" target=\"_blank\" class=\"set-target no-lightbox\"><img loading=\"lazy\" decoding=\"async\" width=\"150\" height=\"150\" src=\"http:\/\/audun.teks.no\/wp-content\/uploads\/2021\/01\/ankeretbryggelogo-150x150.png\" class=\"attachment-thumbnail size-thumbnail\" alt=\"\" aria-describedby=\"gallery-2-520066\" srcset=\"http:\/\/audun.teks.no\/wp-content\/uploads\/2021\/01\/ankeretbryggelogo-150x150.png 150w, http:\/\/audun.teks.no\/wp-content\/uploads\/2021\/01\/ankeretbryggelogo-300x300.png 300w, http:\/\/audun.teks.no\/wp-content\/uploads\/2021\/01\/ankeretbryggelogo.png 638w\" sizes=\"auto, (max-width: 150px) 100vw, 150px\" \/><\/a>\n\t\t\t<\/dt>\n\t\t\t\t<dd class='wp-caption-text gallery-caption' id='gallery-2-520066'>\n\t\t\t\tAnkeret Brygge Lys\u00f8ysund, \nStrandgata 7\n\t\t\t\t<\/dd><\/dl><dl class='gallery-item'>\n\t\t\t<dt class='gallery-icon portrait'>\n\t\t\t\t<a href=\"https:\/\/www.facebook.com\/Bakeribaren-AS-287404217944369\/\" target=\"_blank\" class=\"set-target no-lightbox\"><img loading=\"lazy\" decoding=\"async\" width=\"150\" height=\"150\" src=\"http:\/\/audun.teks.no\/wp-content\/uploads\/2018\/03\/Bakeribaren-150x150.jpg\" class=\"attachment-thumbnail size-thumbnail\" alt=\"bakeri kaker\" aria-describedby=\"gallery-2-726\" \/><\/a>\n\t\t\t<\/dt>\n\t\t\t\t<dd class='wp-caption-text gallery-caption' id='gallery-2-726'>\n\t\t\t\tBakeribaren, \nBrekstad LIBRA Shopping\n\t\t\t\t<\/dd><\/dl><dl class='gallery-item'>\n\t\t\t<dt class='gallery-icon landscape'>\n\t\t\t\t<a href=\"https:\/\/www.facebook.com\/Caf%C3%A8-litt-te-208302765873659\/\" target=\"_blank\" class=\"set-target no-lightbox\"><img loading=\"lazy\" decoding=\"async\" width=\"150\" height=\"150\" src=\"http:\/\/audun.teks.no\/wp-content\/uploads\/2020\/04\/cafeoglittte1-150x150.jpg\" class=\"attachment-thumbnail size-thumbnail\" alt=\"\" aria-describedby=\"gallery-2-518958\" srcset=\"http:\/\/audun.teks.no\/wp-content\/uploads\/2020\/04\/cafeoglittte1-150x150.jpg 150w, http:\/\/audun.teks.no\/wp-content\/uploads\/2020\/04\/cafeoglittte1.jpg 269w\" sizes=\"auto, (max-width: 150px) 100vw, 150px\" \/><\/a>\n\t\t\t<\/dt>\n\t\t\t\t<dd class='wp-caption-text gallery-caption' id='gallery-2-518958'>\n\t\t\t\tCaf\u00e8 &#038; litt te&#8217;, \nBjugn, \nAlf Nebbs gt. 3\n\t\t\t\t<\/dd><\/dl><br style=\"clear: both\" \/><dl class='gallery-item'>\n\t\t\t<dt class='gallery-icon landscape'>\n\t\t\t\t<a href=\"https:\/\/www.facebook.com\/Hos-Olga-103218372240314\/\" target=\"_blank\" class=\"set-target no-lightbox\"><img loading=\"lazy\" decoding=\"async\" width=\"150\" height=\"150\" src=\"http:\/\/audun.teks.no\/wp-content\/uploads\/2022\/02\/Hos-Olga-1-150x150.jpg\" class=\"attachment-thumbnail size-thumbnail\" alt=\"kaffebar\" aria-describedby=\"gallery-2-520974\" srcset=\"http:\/\/audun.teks.no\/wp-content\/uploads\/2022\/02\/Hos-Olga-1-150x150.jpg 150w, http:\/\/audun.teks.no\/wp-content\/uploads\/2022\/02\/Hos-Olga-1-300x300.jpg 300w, http:\/\/audun.teks.no\/wp-content\/uploads\/2022\/02\/Hos-Olga-1-12x12.jpg 12w, http:\/\/audun.teks.no\/wp-content\/uploads\/2022\/02\/Hos-Olga-1.jpg 587w\" sizes=\"auto, (max-width: 150px) 100vw, 150px\" \/><\/a>\n\t\t\t<\/dt>\n\t\t\t\t<dd class='wp-caption-text gallery-caption' id='gallery-2-520974'>\n\t\t\t\tHos Olga kaffebar, Brekstad \nLIBRA Shopping\n\t\t\t\t<\/dd><\/dl><dl class='gallery-item'>\n\t\t\t<dt class='gallery-icon portrait'>\n\t\t\t\t<a href=\"http:\/\/www.hovdegaard.no\/norsk\/restauranter\" target=\"_blank\" class=\"set-target no-lightbox\"><img loading=\"lazy\" decoding=\"async\" width=\"150\" height=\"150\" src=\"http:\/\/audun.teks.no\/wp-content\/uploads\/2018\/05\/Hoved-G\u00e5rd-150x150.png\" class=\"attachment-thumbnail size-thumbnail\" alt=\"lunsj middag\" aria-describedby=\"gallery-2-1114\" \/><\/a>\n\t\t\t<\/dt>\n\t\t\t\t<dd class='wp-caption-text gallery-caption' id='gallery-2-1114'>\n\t\t\t\tHovde G\u00e5rd, \nBrekstad, \nHovdevn. 10\n\t\t\t\t<\/dd><\/dl><dl class='gallery-item'>\n\t\t\t<dt class='gallery-icon landscape'>\n\t\t\t\t<a href=\"http:\/\/www.jafs.no\/jafs-brekstad.412652.no.html\" target=\"_blank\" class=\"set-target no-lightbox\"><img loading=\"lazy\" decoding=\"async\" width=\"150\" height=\"150\" src=\"http:\/\/audun.teks.no\/wp-content\/uploads\/2019\/11\/ny_jafs_logo_orig-150x150.png\" class=\"attachment-thumbnail size-thumbnail\" alt=\"fast food hamburger softis kisk\" aria-describedby=\"gallery-2-2479\" \/><\/a>\n\t\t\t<\/dt>\n\t\t\t\t<dd class='wp-caption-text gallery-caption' id='gallery-2-2479'>\n\t\t\t\tJafs, \nBrekstad, \nYrjars gt. 7\n\t\t\t\t<\/dd><\/dl><br style=\"clear: both\" \/><dl class='gallery-item'>\n\t\t\t<dt class='gallery-icon landscape'>\n\t\t\t\t<a href=\"https:\/\/www.facebook.com\/Leylas-Downtown-Restaurant-104081522278469\" class=\"no-lightbox\"><img loading=\"lazy\" decoding=\"async\" width=\"150\" height=\"150\" src=\"http:\/\/audun.teks.no\/wp-content\/uploads\/2022\/04\/Leylas-150x150.jpg\" class=\"attachment-thumbnail size-thumbnail\" alt=\"\" aria-describedby=\"gallery-2-520994\" srcset=\"http:\/\/audun.teks.no\/wp-content\/uploads\/2022\/04\/Leylas-150x150.jpg 150w, http:\/\/audun.teks.no\/wp-content\/uploads\/2022\/04\/Leylas-12x12.jpg 12w, http:\/\/audun.teks.no\/wp-content\/uploads\/2022\/04\/Leylas.jpg 200w\" sizes=\"auto, (max-width: 150px) 100vw, 150px\" \/><\/a>\n\t\t\t<\/dt>\n\t\t\t\t<dd class='wp-caption-text gallery-caption' id='gallery-2-520994'>\n\t\t\t\tLeyla&#8217;s Downtown Restaurant, Brekstad, Yrjars gt. 2\n\t\t\t\t<\/dd><\/dl><dl class='gallery-item'>\n\t\t\t<dt class='gallery-icon landscape'>\n\t\t\t\t<a href=\"https:\/\/www.facebook.com\/pages\/category\/Cafeteria\/Libra-Kaffe-Og-Restaurant-Brekstad-183138182340362\/\" target=\"_blank\" class=\"set-target no-lightbox\"><img loading=\"lazy\" decoding=\"async\" width=\"150\" height=\"150\" src=\"http:\/\/audun.teks.no\/wp-content\/uploads\/2022\/02\/Libra-restaurant-og-cafe-150x150.png\" class=\"attachment-thumbnail size-thumbnail\" alt=\"lunsj middag restaurant\" aria-describedby=\"gallery-2-520971\" \/><\/a>\n\t\t\t<\/dt>\n\t\t\t\t<dd class='wp-caption-text gallery-caption' id='gallery-2-520971'>\n\t\t\t\tLibra Cafe &#038; Restaurant, \nBrekstad LIBRA Shopping\n\t\t\t\t<\/dd><\/dl><dl class='gallery-item'>\n\t\t\t<dt class='gallery-icon landscape'>\n\t\t\t\t<a href=\"https:\/\/restaurantmelissa.no\/\" target=\"_blank\" class=\"set-target no-lightbox\"><img loading=\"lazy\" decoding=\"async\" width=\"150\" height=\"150\" src=\"http:\/\/audun.teks.no\/wp-content\/uploads\/2018\/03\/Melissa-150x150.jpg\" class=\"attachment-thumbnail size-thumbnail\" alt=\"middag restaurant\" aria-describedby=\"gallery-2-731\" \/><\/a>\n\t\t\t<\/dt>\n\t\t\t\t<dd class='wp-caption-text gallery-caption' id='gallery-2-731'>\n\t\t\t\tMelissa restaurant, Brekstad, \nSkolegt 5\n\t\t\t\t<\/dd><\/dl><br style=\"clear: both\" \/><dl class='gallery-item'>\n\t\t\t<dt class='gallery-icon portrait'>\n\t\t\t\t<a href=\"https:\/\/www.facebook.com\/One-Takeaway-103277134924040\/\" target=\"_blank\" class=\"set-target no-lightbox\"><img loading=\"lazy\" decoding=\"async\" width=\"150\" height=\"150\" src=\"http:\/\/audun.teks.no\/wp-content\/uploads\/2022\/03\/onetakaway-150x150.jpg\" class=\"attachment-thumbnail size-thumbnail\" alt=\"\" aria-describedby=\"gallery-2-520982\" srcset=\"http:\/\/audun.teks.no\/wp-content\/uploads\/2022\/03\/onetakaway-150x150.jpg 150w, http:\/\/audun.teks.no\/wp-content\/uploads\/2022\/03\/onetakaway-298x300.jpg 298w, http:\/\/audun.teks.no\/wp-content\/uploads\/2022\/03\/onetakaway-1018x1024.jpg 1018w, http:\/\/audun.teks.no\/wp-content\/uploads\/2022\/03\/onetakaway-768x772.jpg 768w, http:\/\/audun.teks.no\/wp-content\/uploads\/2022\/03\/onetakaway-1528x1536.jpg 1528w, http:\/\/audun.teks.no\/wp-content\/uploads\/2022\/03\/onetakaway-12x12.jpg 12w, http:\/\/audun.teks.no\/wp-content\/uploads\/2022\/03\/onetakaway.jpg 2004w\" sizes=\"auto, (max-width: 150px) 100vw, 150px\" \/><\/a>\n\t\t\t<\/dt>\n\t\t\t\t<dd class='wp-caption-text gallery-caption' id='gallery-2-520982'>\n\t\t\t\tOne Takeaway, Bjugn, Fv721 1\n\t\t\t\t<\/dd><\/dl><dl class='gallery-item'>\n\t\t\t<dt class='gallery-icon portrait'>\n\t\t\t\t<a href=\"https:\/\/goo.gl\/maps\/3TvH3PBmusW5H9Uh8\" target=\"_blank\" class=\"set-target no-lightbox\"><img loading=\"lazy\" decoding=\"async\" width=\"150\" height=\"150\" src=\"http:\/\/audun.teks.no\/wp-content\/uploads\/2020\/04\/palermobjugn-150x150.jpg\" class=\"attachment-thumbnail size-thumbnail\" alt=\"\" aria-describedby=\"gallery-2-518963\" \/><\/a>\n\t\t\t<\/dt>\n\t\t\t\t<dd class='wp-caption-text gallery-caption' id='gallery-2-518963'>\n\t\t\t\tPalermo restaurant, Bjugn, \nAlf Nebbs gt. 1 \n\t\t\t\t<\/dd><\/dl><dl class='gallery-item'>\n\t\t\t<dt class='gallery-icon landscape'>\n\t\t\t\t<a href=\"https:\/\/www.facebook.com\/pg\/pizzabakerenorland\/photos\/?ref=page_internal\" target=\"_blank\" class=\"set-target no-lightbox\"><img loading=\"lazy\" decoding=\"async\" width=\"150\" height=\"150\" src=\"http:\/\/audun.teks.no\/wp-content\/uploads\/2018\/03\/Pizzabakern-1-150x150.jpg\" class=\"attachment-thumbnail size-thumbnail\" alt=\"pizza\" aria-describedby=\"gallery-2-743\" srcset=\"http:\/\/audun.teks.no\/wp-content\/uploads\/2018\/03\/Pizzabakern-1-150x150.jpg 150w, http:\/\/audun.teks.no\/wp-content\/uploads\/2018\/03\/Pizzabakern-1.jpg 180w\" sizes=\"auto, (max-width: 150px) 100vw, 150px\" \/><\/a>\n\t\t\t<\/dt>\n\t\t\t\t<dd class='wp-caption-text gallery-caption' id='gallery-2-743'>\n\t\t\t\tPizzabakern, \nBrekstad, \nYrjars gt.  29\n\t\t\t\t<\/dd><\/dl><br style=\"clear: both\" \/><dl class='gallery-item'>\n\t\t\t<dt class='gallery-icon landscape'>\n\t\t\t\t<a href=\"https:\/\/www.romstad-gaard.no\/grdsbutikk\" target=\"_blank\" class=\"set-target no-lightbox\"><img loading=\"lazy\" decoding=\"async\" width=\"150\" height=\"150\" src=\"http:\/\/audun.teks.no\/wp-content\/uploads\/2022\/07\/rg2-150x150.png\" class=\"attachment-thumbnail size-thumbnail\" alt=\"\" aria-describedby=\"gallery-2-521136\" \/><\/a>\n\t\t\t<\/dt>\n\t\t\t\t<dd class='wp-caption-text gallery-caption' id='gallery-2-521136'>\n\t\t\t\tRomstad G\u00e5rd, Bjugn, Furunesvn. 396\n\t\t\t\t<\/dd><\/dl><dl class='gallery-item'>\n\t\t\t<dt class='gallery-icon landscape'>\n\t\t\t\t<a href=\"http:\/\/www.sava-as.no\/public\/sava\/avdelinger\/bakericafeen\" target=\"_blank\" class=\"set-target no-lightbox\"><img loading=\"lazy\" decoding=\"async\" width=\"150\" height=\"150\" src=\"http:\/\/audun.teks.no\/wp-content\/uploads\/2018\/03\/SAVA-150x150.jpg\" class=\"attachment-thumbnail size-thumbnail\" alt=\"bakeri kaker\" aria-describedby=\"gallery-2-733\" \/><\/a>\n\t\t\t<\/dt>\n\t\t\t\t<dd class='wp-caption-text gallery-caption' id='gallery-2-733'>\n\t\t\t\tSava Bakericaf\u00e9, Brekstad, \nFru Ingers vei 9\n\t\t\t\t<\/dd><\/dl><dl class='gallery-item'>\n\t\t\t<dt class='gallery-icon landscape'>\n\t\t\t\t<a href=\"https:\/\/www.facebook.com\/YrjarssushiTakeaway\/\" target=\"_blank\" class=\"set-target no-lightbox\"><img loading=\"lazy\" decoding=\"async\" width=\"150\" height=\"150\" src=\"http:\/\/audun.teks.no\/wp-content\/uploads\/2019\/11\/Yrjar-Sushi-Take-away-150x150.jpg\" class=\"attachment-thumbnail size-thumbnail\" alt=\"sushi\" aria-describedby=\"gallery-2-2469\" \/><\/a>\n\t\t\t<\/dt>\n\t\t\t\t<dd class='wp-caption-text gallery-caption' id='gallery-2-2469'>\n\t\t\t\tYrjar Sushi Take Away, Brekstad, \nYrjars gt. 7\n\t\t\t\t<\/dd><\/dl><br style=\"clear: both\" \/><dl class='gallery-item'>\n\t\t\t<dt class='gallery-icon landscape'>\n\t\t\t\t<a href=\"https:\/\/www.facebook.com\/%C3%86t-Home-112425680535610\/\" target=\"_blank\" class=\"set-target no-lightbox\"><img loading=\"lazy\" decoding=\"async\" width=\"150\" height=\"150\" src=\"http:\/\/audun.teks.no\/wp-content\/uploads\/2022\/02\/AEt-home-150x150.jpg\" class=\"attachment-thumbnail size-thumbnail\" alt=\"Thaimat\" aria-describedby=\"gallery-2-520975\" srcset=\"http:\/\/audun.teks.no\/wp-content\/uploads\/2022\/02\/AEt-home-150x150.jpg 150w, http:\/\/audun.teks.no\/wp-content\/uploads\/2022\/02\/AEt-home-300x300.jpg 300w, http:\/\/audun.teks.no\/wp-content\/uploads\/2022\/02\/AEt-home-12x12.jpg 12w, http:\/\/audun.teks.no\/wp-content\/uploads\/2022\/02\/AEt-home.jpg 500w\" sizes=\"auto, (max-width: 150px) 100vw, 150px\" \/><\/a>\n\t\t\t<\/dt>\n\t\t\t\t<dd class='wp-caption-text gallery-caption' id='gallery-2-520975'>\n\t\t\t\t\u00c6t Home, \nBrekstad, \nRyggaveien 315,\n\t\t\t\t<\/dd><\/dl><dl class='gallery-item'>\n\t\t\t<dt class='gallery-icon landscape'>\n\t\t\t\t<a href=\"https:\/\/www.kysthotell.no\/mat-og-drikke\/\" target=\"_blank\" class=\"set-target no-lightbox\"><img loading=\"lazy\" decoding=\"async\" width=\"150\" height=\"150\" src=\"http:\/\/audun.teks.no\/wp-content\/uploads\/2018\/03\/\u00d8rland-kyshotell-150x150.png\" class=\"attachment-thumbnail size-thumbnail\" alt=\"Bistro kaffe restaurant bistro\" aria-describedby=\"gallery-2-736\" \/><\/a>\n\t\t\t<\/dt>\n\t\t\t\t<dd class='wp-caption-text gallery-caption' id='gallery-2-736'>\n\t\t\t\t\u00d8rland Kysthotell bistro, Brekstad, \nR\u00e5dhusgt 10\n\t\t\t\t<\/dd><\/dl><dl class='gallery-item'>\n\t\t\t<dt class='gallery-icon landscape'>\n\t\t\t\t<a href='http:\/\/audun.teks.no\/en\/spisesteder\/best\/' target=\"_blank\" class=\"https:\/\/www.facebook.com\/Best-Bjugn-330830546959501\/photos\/?ref=page_internal&amp;path=%2FBest-Bjugn-330830546959501%2Fphotos%2F set-target\"><img loading=\"lazy\" decoding=\"async\" width=\"150\" height=\"150\" src=\"http:\/\/audun.teks.no\/wp-content\/uploads\/2020\/07\/Best-150x150.jpg\" class=\"attachment-thumbnail size-thumbnail\" alt=\"\" aria-describedby=\"gallery-2-519553\" srcset=\"http:\/\/audun.teks.no\/wp-content\/uploads\/2020\/07\/Best-150x150.jpg 150w, http:\/\/audun.teks.no\/wp-content\/uploads\/2020\/07\/Best.jpg 160w\" sizes=\"auto, (max-width: 150px) 100vw, 150px\" \/><\/a>\n\t\t\t<\/dt>\n\t\t\t\t<dd class='wp-caption-text gallery-caption' id='gallery-2-519553'>\n\t\t\t\tBest, Bjugn, \nFv721 92\n\t\t\t\t<\/dd><\/dl><br style=\"clear: both\" \/><dl class='gallery-item'>\n\t\t\t<dt class='gallery-icon portrait'>\n\t\t\t\t<a href=\"https:\/\/www.facebook.com\/statoilfuelretailbrekstad\/\" target=\"_blank\" class=\"set-target no-lightbox\"><img loading=\"lazy\" decoding=\"async\" width=\"150\" height=\"150\" src=\"http:\/\/audun.teks.no\/wp-content\/uploads\/2018\/03\/Cicle-K-150x150.jpg\" class=\"attachment-thumbnail size-thumbnail\" alt=\"kiosk fast food hamburger hot dog\" aria-describedby=\"gallery-2-727\" \/><\/a>\n\t\t\t<\/dt>\n\t\t\t\t<dd class='wp-caption-text gallery-caption' id='gallery-2-727'>\n\t\t\t\tCircle K , \nBrekstad, \nFru Ingers vei  21\n\t\t\t\t<\/dd><\/dl>\n\t\t\t<br style='clear: both' \/>\n\t\t<\/div>","protected":false},"excerpt":{"rendered":"<p>\u00d8rland has a several excellent options to get a bite to eat. Click on the pictures below to go to the webpages of each establishment.<\/p>","protected":false},"author":4,"featured_media":741,"parent":0,"menu_order":0,"comment_status":"closed","ping_status":"closed","template":"","meta":{"ngg_post_thumbnail":0,"footnotes":""},"class_list":["post-725","page","type-page","status-publish","has-post-thumbnail","hentry"],"yoast_head":"<!-- This site is optimized with the Yoast SEO plugin v26.8 - https:\/\/yoast.com\/product\/yoast-seo-wordpress\/ -->\n<title>Spisesteder - \u00d8rland-TEKS-tmp<\/title>\n<meta name=\"description\" content=\"Gode bo- og jobbmuligheter, kort vei til skole, jobb og fritidsaktiviteter uansett hvor i kommunen du bor. Bredt og variert aktivitetstilbud for store og sm\u00e5. Flytt bedriften eller etabler ny n\u00e6ring p\u00e5 \u00d8rlandet. Kommunen har byggeklart n\u00e6ringsareal b\u00e5de til salgs og til leie.\" \/>\n<meta name=\"robots\" content=\"noindex, follow, max-snippet:-1, max-image-preview:large, max-video-preview:-1\" \/>\n<meta property=\"og:locale\" content=\"en_US\" \/>\n<meta property=\"og:type\" content=\"article\" \/>\n<meta property=\"og:title\" content=\"Spisesteder - \u00d8rland-TEKS-tmp\" \/>\n<meta property=\"og:description\" content=\"Gode bo- og jobbmuligheter, kort vei til skole, jobb og fritidsaktiviteter uansett hvor i kommunen du bor. Bredt og variert aktivitetstilbud for store og sm\u00e5. Flytt bedriften eller etabler ny n\u00e6ring p\u00e5 \u00d8rlandet. Kommunen har byggeklart n\u00e6ringsareal b\u00e5de til salgs og til leie.\" \/>\n<meta property=\"og:url\" content=\"http:\/\/audun.teks.no\/en\/spisesteder\/\" \/>\n<meta property=\"og:site_name\" content=\"\u00d8rland-TEKS-tmp\" \/>\n<meta property=\"article:modified_time\" content=\"2023-11-16T12:21:46+00:00\" \/>\n<meta property=\"og:image\" content=\"http:\/\/audun.teks.no\/wp-content\/uploads\/2018\/03\/Kystpikene-2.jpg\" \/>\n\t<meta property=\"og:image:width\" content=\"2048\" \/>\n\t<meta property=\"og:image:height\" content=\"1356\" \/>\n\t<meta property=\"og:image:type\" content=\"image\/jpeg\" \/>\n<meta name=\"twitter:card\" content=\"summary_large_image\" \/>\n<meta name=\"twitter:label1\" content=\"Est. reading time\" \/>\n\t<meta name=\"twitter:data1\" content=\"1 minute\" \/>\n<script type=\"application\/ld+json\" class=\"yoast-schema-graph\">{\"@context\":\"https:\/\/schema.org\",\"@graph\":[{\"@type\":\"WebPage\",\"@id\":\"http:\/\/audun.teks.no\/spisesteder\/\",\"url\":\"http:\/\/audun.teks.no\/spisesteder\/\",\"name\":\"Spisesteder - \u00d8rland-TEKS-tmp\",\"isPartOf\":{\"@id\":\"http:\/\/audun.teks.no\/#website\"},\"primaryImageOfPage\":{\"@id\":\"http:\/\/audun.teks.no\/spisesteder\/#primaryimage\"},\"image\":{\"@id\":\"http:\/\/audun.teks.no\/spisesteder\/#primaryimage\"},\"thumbnailUrl\":\"http:\/\/audun.teks.no\/wp-content\/uploads\/2018\/03\/Kystpikene-2.jpg\",\"datePublished\":\"2018-03-26T12:32:40+00:00\",\"dateModified\":\"2023-11-16T12:21:46+00:00\",\"description\":\"Gode bo- og jobbmuligheter, kort vei til skole, jobb og fritidsaktiviteter uansett hvor i kommunen du bor. Bredt og variert aktivitetstilbud for store og sm\u00e5. Flytt bedriften eller etabler ny n\u00e6ring p\u00e5 \u00d8rlandet. Kommunen har byggeklart n\u00e6ringsareal b\u00e5de til salgs og til leie.\",\"breadcrumb\":{\"@id\":\"http:\/\/audun.teks.no\/spisesteder\/#breadcrumb\"},\"inLanguage\":\"en-US\",\"potentialAction\":[{\"@type\":\"ReadAction\",\"target\":[\"http:\/\/audun.teks.no\/spisesteder\/\"]}]},{\"@type\":\"ImageObject\",\"inLanguage\":\"en-US\",\"@id\":\"http:\/\/audun.teks.no\/spisesteder\/#primaryimage\",\"url\":\"http:\/\/audun.teks.no\/wp-content\/uploads\/2018\/03\/Kystpikene-2.jpg\",\"contentUrl\":\"http:\/\/audun.teks.no\/wp-content\/uploads\/2018\/03\/Kystpikene-2.jpg\",\"width\":2048,\"height\":1356},{\"@type\":\"BreadcrumbList\",\"@id\":\"http:\/\/audun.teks.no\/spisesteder\/#breadcrumb\",\"itemListElement\":[{\"@type\":\"ListItem\",\"position\":1,\"name\":\"Hjem\",\"item\":\"http:\/\/audun.teks.no\/\"},{\"@type\":\"ListItem\",\"position\":2,\"name\":\"Spisesteder\"}]},{\"@type\":\"WebSite\",\"@id\":\"http:\/\/audun.teks.no\/#website\",\"url\":\"http:\/\/audun.teks.no\/\",\"name\":\"\u00d8rland-TEKS-tmp\",\"description\":\"Velkommen til flotte kystopplevelser\",\"publisher\":{\"@id\":\"http:\/\/audun.teks.no\/#organization\"},\"potentialAction\":[{\"@type\":\"SearchAction\",\"target\":{\"@type\":\"EntryPoint\",\"urlTemplate\":\"http:\/\/audun.teks.no\/?s={search_term_string}\"},\"query-input\":{\"@type\":\"PropertyValueSpecification\",\"valueRequired\":true,\"valueName\":\"search_term_string\"}}],\"inLanguage\":\"en-US\"},{\"@type\":\"Organization\",\"@id\":\"http:\/\/audun.teks.no\/#organization\",\"name\":\"\u00d8rland\",\"url\":\"http:\/\/audun.teks.no\/\",\"logo\":{\"@type\":\"ImageObject\",\"inLanguage\":\"en-US\",\"@id\":\"http:\/\/audun.teks.no\/#\/schema\/logo\/image\/\",\"url\":\"http:\/\/audun.teks.no\/wp-content\/uploads\/2020\/04\/RORET-\u00d8rland-kulturforetak-KF.jpg\",\"contentUrl\":\"http:\/\/audun.teks.no\/wp-content\/uploads\/2020\/04\/RORET-\u00d8rland-kulturforetak-KF.jpg\",\"width\":1772,\"height\":969,\"caption\":\"\u00d8rland\"},\"image\":{\"@id\":\"http:\/\/audun.teks.no\/#\/schema\/logo\/image\/\"}}]}<\/script>\n<!-- \/ Yoast SEO plugin. -->","yoast_head_json":{"title":"Spisesteder - \u00d8rland-TEKS-tmp","description":"Gode bo- og jobbmuligheter, kort vei til skole, jobb og fritidsaktiviteter uansett hvor i kommunen du bor. Bredt og variert aktivitetstilbud for store og sm\u00e5. Flytt bedriften eller etabler ny n\u00e6ring p\u00e5 \u00d8rlandet. Kommunen har byggeklart n\u00e6ringsareal b\u00e5de til salgs og til leie.","robots":{"index":"noindex","follow":"follow","max-snippet":"max-snippet:-1","max-image-preview":"max-image-preview:large","max-video-preview":"max-video-preview:-1"},"og_locale":"en_US","og_type":"article","og_title":"Spisesteder - \u00d8rland-TEKS-tmp","og_description":"Gode bo- og jobbmuligheter, kort vei til skole, jobb og fritidsaktiviteter uansett hvor i kommunen du bor. Bredt og variert aktivitetstilbud for store og sm\u00e5. Flytt bedriften eller etabler ny n\u00e6ring p\u00e5 \u00d8rlandet. Kommunen har byggeklart n\u00e6ringsareal b\u00e5de til salgs og til leie.","og_url":"http:\/\/audun.teks.no\/en\/spisesteder\/","og_site_name":"\u00d8rland-TEKS-tmp","article_modified_time":"2023-11-16T12:21:46+00:00","og_image":[{"width":2048,"height":1356,"url":"http:\/\/audun.teks.no\/wp-content\/uploads\/2018\/03\/Kystpikene-2.jpg","type":"image\/jpeg"}],"twitter_card":"summary_large_image","twitter_misc":{"Est. reading time":"1 minute"},"schema":{"@context":"https:\/\/schema.org","@graph":[{"@type":"WebPage","@id":"http:\/\/audun.teks.no\/spisesteder\/","url":"http:\/\/audun.teks.no\/spisesteder\/","name":"Spisesteder - \u00d8rland-TEKS-tmp","isPartOf":{"@id":"http:\/\/audun.teks.no\/#website"},"primaryImageOfPage":{"@id":"http:\/\/audun.teks.no\/spisesteder\/#primaryimage"},"image":{"@id":"http:\/\/audun.teks.no\/spisesteder\/#primaryimage"},"thumbnailUrl":"http:\/\/audun.teks.no\/wp-content\/uploads\/2018\/03\/Kystpikene-2.jpg","datePublished":"2018-03-26T12:32:40+00:00","dateModified":"2023-11-16T12:21:46+00:00","description":"Gode bo- og jobbmuligheter, kort vei til skole, jobb og fritidsaktiviteter uansett hvor i kommunen du bor. Bredt og variert aktivitetstilbud for store og sm\u00e5. Flytt bedriften eller etabler ny n\u00e6ring p\u00e5 \u00d8rlandet. Kommunen har byggeklart n\u00e6ringsareal b\u00e5de til salgs og til leie.","breadcrumb":{"@id":"http:\/\/audun.teks.no\/spisesteder\/#breadcrumb"},"inLanguage":"en-US","potentialAction":[{"@type":"ReadAction","target":["http:\/\/audun.teks.no\/spisesteder\/"]}]},{"@type":"ImageObject","inLanguage":"en-US","@id":"http:\/\/audun.teks.no\/spisesteder\/#primaryimage","url":"http:\/\/audun.teks.no\/wp-content\/uploads\/2018\/03\/Kystpikene-2.jpg","contentUrl":"http:\/\/audun.teks.no\/wp-content\/uploads\/2018\/03\/Kystpikene-2.jpg","width":2048,"height":1356},{"@type":"BreadcrumbList","@id":"http:\/\/audun.teks.no\/spisesteder\/#breadcrumb","itemListElement":[{"@type":"ListItem","position":1,"name":"Hjem","item":"http:\/\/audun.teks.no\/"},{"@type":"ListItem","position":2,"name":"Spisesteder"}]},{"@type":"WebSite","@id":"http:\/\/audun.teks.no\/#website","url":"http:\/\/audun.teks.no\/","name":"\u00d8rland-TEKS-tmp","description":"Velkommen til flotte kystopplevelser","publisher":{"@id":"http:\/\/audun.teks.no\/#organization"},"potentialAction":[{"@type":"SearchAction","target":{"@type":"EntryPoint","urlTemplate":"http:\/\/audun.teks.no\/?s={search_term_string}"},"query-input":{"@type":"PropertyValueSpecification","valueRequired":true,"valueName":"search_term_string"}}],"inLanguage":"en-US"},{"@type":"Organization","@id":"http:\/\/audun.teks.no\/#organization","name":"\u00d8rland","url":"http:\/\/audun.teks.no\/","logo":{"@type":"ImageObject","inLanguage":"en-US","@id":"http:\/\/audun.teks.no\/#\/schema\/logo\/image\/","url":"http:\/\/audun.teks.no\/wp-content\/uploads\/2020\/04\/RORET-\u00d8rland-kulturforetak-KF.jpg","contentUrl":"http:\/\/audun.teks.no\/wp-content\/uploads\/2020\/04\/RORET-\u00d8rland-kulturforetak-KF.jpg","width":1772,"height":969,"caption":"\u00d8rland"},"image":{"@id":"http:\/\/audun.teks.no\/#\/schema\/logo\/image\/"}}]}},"acf":[],"_links":{"self":[{"href":"http:\/\/audun.teks.no\/en\/wp-json\/wp\/v2\/pages\/725","targetHints":{"allow":["GET"]}}],"collection":[{"href":"http:\/\/audun.teks.no\/en\/wp-json\/wp\/v2\/pages"}],"about":[{"href":"http:\/\/audun.teks.no\/en\/wp-json\/wp\/v2\/types\/page"}],"author":[{"embeddable":true,"href":"http:\/\/audun.teks.no\/en\/wp-json\/wp\/v2\/users\/4"}],"replies":[{"embeddable":true,"href":"http:\/\/audun.teks.no\/en\/wp-json\/wp\/v2\/comments?post=725"}],"version-history":[{"count":37,"href":"http:\/\/audun.teks.no\/en\/wp-json\/wp\/v2\/pages\/725\/revisions"}],"predecessor-version":[{"id":521665,"href":"http:\/\/audun.teks.no\/en\/wp-json\/wp\/v2\/pages\/725\/revisions\/521665"}],"wp:featuredmedia":[{"embeddable":true,"href":"http:\/\/audun.teks.no\/en\/wp-json\/wp\/v2\/media\/741"}],"wp:attachment":[{"href":"http:\/\/audun.teks.no\/en\/wp-json\/wp\/v2\/media?parent=725"}],"curies":[{"name":"wp","href":"https:\/\/api.w.org\/{rel}","templated":true}]}}