{"id":706,"date":"2018-03-26T11:44:36","date_gmt":"2018-03-26T11:44:36","guid":{"rendered":"https:\/\/www.orland.no\/?page_id=706"},"modified":"2018-03-26T11:56:23","modified_gmt":"2018-03-26T11:56:23","slug":"tailspotting-jagerfly","status":"publish","type":"page","link":"http:\/\/audun.teks.no\/en\/tailspotting-jagerfly\/","title":{"rendered":"Tailspotting"},"content":{"rendered":"<p>F-35 og F-16 er stasjonert p\u00e5 \u00d8rland flystasjon.\u00a0Europeiske gjestenasjoner \u00f8ver ofte i \u00d8rland, s\u00e5 det er gode muligheter til \u00e5 se andre typer jagerfly. Et godt sted for \u00e5 observere jager-og andre fly er ved den \u00d8rland sivile flyterminalen p\u00e5 vestsiden av basen.\u00a0St\u00f8rst sjanse for \u00e5 se takeoff og landinger er ca. 9:30, ca. 11:00, ca. 12:50 og 14:20. <strong>Merk at det er fotoforbud inn mot basen.<\/strong><\/p>\n\n\t\t<style type=\"text\/css\">\n\t\t\t#gallery-2 {\n\t\t\t\tmargin: auto;\n\t\t\t}\n\t\t\t#gallery-2 .gallery-item {\n\t\t\t\tfloat: left;\n\t\t\t\tmargin-top: 10px;\n\t\t\t\ttext-align: center;\n\t\t\t\twidth: 33%;\n\t\t\t}\n\t\t\t#gallery-2 img {\n\t\t\t\tborder: 2px solid #cfcfcf;\n\t\t\t}\n\t\t\t#gallery-2 .gallery-caption {\n\t\t\t\tmargin-left: 0;\n\t\t\t}\n\t\t\t\/* see gallery_shortcode() in wp-includes\/media.php *\/\n\t\t<\/style>\n\t\t<div id='gallery-2' class='gallery galleryid-706 gallery-columns-3 gallery-size-thumbnail'><dl class='gallery-item'>\n\t\t\t<dt class='gallery-icon landscape'>\n\t\t\t\t<a href='http:\/\/audun.teks.no\/en\/tailspotting-jagerfly\/f-16-stripes\/'><img loading=\"lazy\" decoding=\"async\" width=\"150\" height=\"150\" src=\"http:\/\/audun.teks.no\/wp-content\/uploads\/2018\/03\/F-16-stripes-150x150.png\" class=\"attachment-thumbnail size-thumbnail\" alt=\"\" \/><\/a>\n\t\t\t<\/dt><\/dl><dl class='gallery-item'>\n\t\t\t<dt class='gallery-icon landscape'>\n\t\t\t\t<a href='http:\/\/audun.teks.no\/en\/tailspotting-jagerfly\/f-16\/'><img loading=\"lazy\" decoding=\"async\" width=\"150\" height=\"150\" src=\"http:\/\/audun.teks.no\/wp-content\/uploads\/2018\/03\/F-16-150x150.png\" class=\"attachment-thumbnail size-thumbnail\" alt=\"\" \/><\/a>\n\t\t\t<\/dt><\/dl><dl class='gallery-item'>\n\t\t\t<dt class='gallery-icon landscape'>\n\t\t\t\t<a href='http:\/\/audun.teks.no\/en\/tailspotting-jagerfly\/f-35-b\/'><img loading=\"lazy\" decoding=\"async\" width=\"150\" height=\"150\" src=\"http:\/\/audun.teks.no\/wp-content\/uploads\/2018\/03\/F-35-b-150x150.png\" class=\"attachment-thumbnail size-thumbnail\" alt=\"\" \/><\/a>\n\t\t\t<\/dt><\/dl><br style=\"clear: both\" \/><dl class='gallery-item'>\n\t\t\t<dt class='gallery-icon landscape'>\n\t\t\t\t<a href='http:\/\/audun.teks.no\/en\/tailspotting-jagerfly\/avax\/'><img loading=\"lazy\" decoding=\"async\" width=\"150\" height=\"150\" src=\"http:\/\/audun.teks.no\/wp-content\/uploads\/2018\/03\/avax-150x150.jpg\" class=\"attachment-thumbnail size-thumbnail\" alt=\"\" \/><\/a>\n\t\t\t<\/dt><\/dl><dl class='gallery-item'>\n\t\t\t<dt class='gallery-icon landscape'>\n\t\t\t\t<a href='http:\/\/audun.teks.no\/en\/tailspotting-jagerfly\/seaking\/'><img loading=\"lazy\" decoding=\"async\" width=\"150\" height=\"150\" src=\"http:\/\/audun.teks.no\/wp-content\/uploads\/2018\/03\/SEaking-150x150.jpg\" class=\"attachment-thumbnail size-thumbnail\" alt=\"\" aria-describedby=\"gallery-2-714\" \/><\/a>\n\t\t\t<\/dt>\n\t\t\t\t<dd class='wp-caption-text gallery-caption' id='gallery-2-714'>\n\t\t\t\tSeaking\n\t\t\t\t<\/dd><\/dl><dl class='gallery-item'>\n\t\t\t<dt class='gallery-icon landscape'>\n\t\t\t\t<a href=\"https:\/\/dat.dk\/\" target=\"_blank\" class=\"set-target no-lightbox\"><img loading=\"lazy\" decoding=\"async\" width=\"150\" height=\"150\" src=\"http:\/\/audun.teks.no\/wp-content\/uploads\/2018\/03\/DAt-150x150.jpg\" class=\"attachment-thumbnail size-thumbnail\" alt=\"\" aria-describedby=\"gallery-2-716\" \/><\/a>\n\t\t\t<\/dt>\n\t\t\t\t<dd class='wp-caption-text gallery-caption' id='gallery-2-716'>\n\t\t\t\tDAT\n\t\t\t\t<\/dd><\/dl><br style=\"clear: both\" \/>\n\t\t<\/div>\n\n<p>&nbsp;<\/p>","protected":false},"excerpt":{"rendered":"<p>F-35 og F-16 er stasjonert p\u00e5 \u00d8rland flystasjon.\u00a0Europeiske gjestenasjoner \u00f8ver ofte i \u00d8rland, s\u00e5 det er gode muligheter til \u00e5 se andre typer jagerfly. Et godt sted for \u00e5 observere jager-og andre fly er ved den \u00d8rland sivile flyterminalen p\u00e5 vestsiden av basen.\u00a0St\u00f8rst sjanse for \u00e5 se takeoff og landinger [&hellip;]<\/p>","protected":false},"author":4,"featured_media":710,"parent":0,"menu_order":0,"comment_status":"closed","ping_status":"closed","template":"","meta":{"ngg_post_thumbnail":0,"footnotes":""},"class_list":["post-706","page","type-page","status-publish","has-post-thumbnail","hentry"],"yoast_head":"<!-- This site is optimized with the Yoast SEO plugin v26.8 - https:\/\/yoast.com\/product\/yoast-seo-wordpress\/ -->\n<title>Tailspotting - \u00d8rland-TEKS-tmp<\/title>\n<meta name=\"description\" content=\"Gode bo- og jobbmuligheter, kort vei til skole, jobb og fritidsaktiviteter uansett hvor i kommunen du bor. Bredt og variert aktivitetstilbud for store og sm\u00e5. Flytt bedriften eller etabler ny n\u00e6ring p\u00e5 \u00d8rlandet. Kommunen har byggeklart n\u00e6ringsareal b\u00e5de til salgs og til leie.\" \/>\n<meta name=\"robots\" content=\"noindex, follow, max-snippet:-1, max-image-preview:large, max-video-preview:-1\" \/>\n<meta property=\"og:locale\" content=\"en_US\" \/>\n<meta property=\"og:type\" content=\"article\" \/>\n<meta property=\"og:title\" content=\"Tailspotting - \u00d8rland-TEKS-tmp\" \/>\n<meta property=\"og:description\" content=\"Gode bo- og jobbmuligheter, kort vei til skole, jobb og fritidsaktiviteter uansett hvor i kommunen du bor. Bredt og variert aktivitetstilbud for store og sm\u00e5. Flytt bedriften eller etabler ny n\u00e6ring p\u00e5 \u00d8rlandet. Kommunen har byggeklart n\u00e6ringsareal b\u00e5de til salgs og til leie.\" \/>\n<meta property=\"og:url\" content=\"http:\/\/audun.teks.no\/en\/tailspotting-jagerfly\/\" \/>\n<meta property=\"og:site_name\" content=\"\u00d8rland-TEKS-tmp\" \/>\n<meta property=\"article:modified_time\" content=\"2018-03-26T11:56:23+00:00\" \/>\n<meta property=\"og:image\" content=\"http:\/\/audun.teks.no\/wp-content\/uploads\/2018\/03\/F-35-b.png\" \/>\n\t<meta property=\"og:image:width\" content=\"636\" \/>\n\t<meta property=\"og:image:height\" content=\"358\" \/>\n\t<meta property=\"og:image:type\" content=\"image\/png\" \/>\n<meta name=\"twitter:card\" content=\"summary_large_image\" \/>\n<script type=\"application\/ld+json\" class=\"yoast-schema-graph\">{\"@context\":\"https:\/\/schema.org\",\"@graph\":[{\"@type\":\"WebPage\",\"@id\":\"http:\/\/audun.teks.no\/en\/tailspotting-jagerfly\/\",\"url\":\"http:\/\/audun.teks.no\/en\/tailspotting-jagerfly\/\",\"name\":\"Tailspotting - \u00d8rland-TEKS-tmp\",\"isPartOf\":{\"@id\":\"http:\/\/audun.teks.no\/#website\"},\"primaryImageOfPage\":{\"@id\":\"http:\/\/audun.teks.no\/en\/tailspotting-jagerfly\/#primaryimage\"},\"image\":{\"@id\":\"http:\/\/audun.teks.no\/en\/tailspotting-jagerfly\/#primaryimage\"},\"thumbnailUrl\":\"http:\/\/audun.teks.no\/wp-content\/uploads\/2018\/03\/F-35-b.png\",\"datePublished\":\"2018-03-26T11:44:36+00:00\",\"dateModified\":\"2018-03-26T11:56:23+00:00\",\"description\":\"Gode bo- og jobbmuligheter, kort vei til skole, jobb og fritidsaktiviteter uansett hvor i kommunen du bor. Bredt og variert aktivitetstilbud for store og sm\u00e5. Flytt bedriften eller etabler ny n\u00e6ring p\u00e5 \u00d8rlandet. Kommunen har byggeklart n\u00e6ringsareal b\u00e5de til salgs og til leie.\",\"breadcrumb\":{\"@id\":\"http:\/\/audun.teks.no\/en\/tailspotting-jagerfly\/#breadcrumb\"},\"inLanguage\":\"en-US\",\"potentialAction\":[{\"@type\":\"ReadAction\",\"target\":[\"http:\/\/audun.teks.no\/en\/tailspotting-jagerfly\/\"]}]},{\"@type\":\"ImageObject\",\"inLanguage\":\"en-US\",\"@id\":\"http:\/\/audun.teks.no\/en\/tailspotting-jagerfly\/#primaryimage\",\"url\":\"http:\/\/audun.teks.no\/wp-content\/uploads\/2018\/03\/F-35-b.png\",\"contentUrl\":\"http:\/\/audun.teks.no\/wp-content\/uploads\/2018\/03\/F-35-b.png\",\"width\":636,\"height\":358},{\"@type\":\"BreadcrumbList\",\"@id\":\"http:\/\/audun.teks.no\/en\/tailspotting-jagerfly\/#breadcrumb\",\"itemListElement\":[{\"@type\":\"ListItem\",\"position\":1,\"name\":\"Hjem\",\"item\":\"http:\/\/audun.teks.no\/\"},{\"@type\":\"ListItem\",\"position\":2,\"name\":\"Tailspotting\"}]},{\"@type\":\"WebSite\",\"@id\":\"http:\/\/audun.teks.no\/#website\",\"url\":\"http:\/\/audun.teks.no\/\",\"name\":\"\u00d8rland-TEKS-tmp\",\"description\":\"Velkommen til flotte kystopplevelser\",\"publisher\":{\"@id\":\"http:\/\/audun.teks.no\/#organization\"},\"potentialAction\":[{\"@type\":\"SearchAction\",\"target\":{\"@type\":\"EntryPoint\",\"urlTemplate\":\"http:\/\/audun.teks.no\/?s={search_term_string}\"},\"query-input\":{\"@type\":\"PropertyValueSpecification\",\"valueRequired\":true,\"valueName\":\"search_term_string\"}}],\"inLanguage\":\"en-US\"},{\"@type\":\"Organization\",\"@id\":\"http:\/\/audun.teks.no\/#organization\",\"name\":\"\u00d8rland\",\"url\":\"http:\/\/audun.teks.no\/\",\"logo\":{\"@type\":\"ImageObject\",\"inLanguage\":\"en-US\",\"@id\":\"http:\/\/audun.teks.no\/#\/schema\/logo\/image\/\",\"url\":\"http:\/\/audun.teks.no\/wp-content\/uploads\/2020\/04\/RORET-\u00d8rland-kulturforetak-KF.jpg\",\"contentUrl\":\"http:\/\/audun.teks.no\/wp-content\/uploads\/2020\/04\/RORET-\u00d8rland-kulturforetak-KF.jpg\",\"width\":1772,\"height\":969,\"caption\":\"\u00d8rland\"},\"image\":{\"@id\":\"http:\/\/audun.teks.no\/#\/schema\/logo\/image\/\"}}]}<\/script>\n<!-- \/ Yoast SEO plugin. -->","yoast_head_json":{"title":"Tailspotting - \u00d8rland-TEKS-tmp","description":"Gode bo- og jobbmuligheter, kort vei til skole, jobb og fritidsaktiviteter uansett hvor i kommunen du bor. Bredt og variert aktivitetstilbud for store og sm\u00e5. Flytt bedriften eller etabler ny n\u00e6ring p\u00e5 \u00d8rlandet. Kommunen har byggeklart n\u00e6ringsareal b\u00e5de til salgs og til leie.","robots":{"index":"noindex","follow":"follow","max-snippet":"max-snippet:-1","max-image-preview":"max-image-preview:large","max-video-preview":"max-video-preview:-1"},"og_locale":"en_US","og_type":"article","og_title":"Tailspotting - \u00d8rland-TEKS-tmp","og_description":"Gode bo- og jobbmuligheter, kort vei til skole, jobb og fritidsaktiviteter uansett hvor i kommunen du bor. Bredt og variert aktivitetstilbud for store og sm\u00e5. Flytt bedriften eller etabler ny n\u00e6ring p\u00e5 \u00d8rlandet. Kommunen har byggeklart n\u00e6ringsareal b\u00e5de til salgs og til leie.","og_url":"http:\/\/audun.teks.no\/en\/tailspotting-jagerfly\/","og_site_name":"\u00d8rland-TEKS-tmp","article_modified_time":"2018-03-26T11:56:23+00:00","og_image":[{"width":636,"height":358,"url":"http:\/\/audun.teks.no\/wp-content\/uploads\/2018\/03\/F-35-b.png","type":"image\/png"}],"twitter_card":"summary_large_image","schema":{"@context":"https:\/\/schema.org","@graph":[{"@type":"WebPage","@id":"http:\/\/audun.teks.no\/en\/tailspotting-jagerfly\/","url":"http:\/\/audun.teks.no\/en\/tailspotting-jagerfly\/","name":"Tailspotting - \u00d8rland-TEKS-tmp","isPartOf":{"@id":"http:\/\/audun.teks.no\/#website"},"primaryImageOfPage":{"@id":"http:\/\/audun.teks.no\/en\/tailspotting-jagerfly\/#primaryimage"},"image":{"@id":"http:\/\/audun.teks.no\/en\/tailspotting-jagerfly\/#primaryimage"},"thumbnailUrl":"http:\/\/audun.teks.no\/wp-content\/uploads\/2018\/03\/F-35-b.png","datePublished":"2018-03-26T11:44:36+00:00","dateModified":"2018-03-26T11:56:23+00:00","description":"Gode bo- og jobbmuligheter, kort vei til skole, jobb og fritidsaktiviteter uansett hvor i kommunen du bor. Bredt og variert aktivitetstilbud for store og sm\u00e5. Flytt bedriften eller etabler ny n\u00e6ring p\u00e5 \u00d8rlandet. Kommunen har byggeklart n\u00e6ringsareal b\u00e5de til salgs og til leie.","breadcrumb":{"@id":"http:\/\/audun.teks.no\/en\/tailspotting-jagerfly\/#breadcrumb"},"inLanguage":"en-US","potentialAction":[{"@type":"ReadAction","target":["http:\/\/audun.teks.no\/en\/tailspotting-jagerfly\/"]}]},{"@type":"ImageObject","inLanguage":"en-US","@id":"http:\/\/audun.teks.no\/en\/tailspotting-jagerfly\/#primaryimage","url":"http:\/\/audun.teks.no\/wp-content\/uploads\/2018\/03\/F-35-b.png","contentUrl":"http:\/\/audun.teks.no\/wp-content\/uploads\/2018\/03\/F-35-b.png","width":636,"height":358},{"@type":"BreadcrumbList","@id":"http:\/\/audun.teks.no\/en\/tailspotting-jagerfly\/#breadcrumb","itemListElement":[{"@type":"ListItem","position":1,"name":"Hjem","item":"http:\/\/audun.teks.no\/"},{"@type":"ListItem","position":2,"name":"Tailspotting"}]},{"@type":"WebSite","@id":"http:\/\/audun.teks.no\/#website","url":"http:\/\/audun.teks.no\/","name":"\u00d8rland-TEKS-tmp","description":"Velkommen til flotte kystopplevelser","publisher":{"@id":"http:\/\/audun.teks.no\/#organization"},"potentialAction":[{"@type":"SearchAction","target":{"@type":"EntryPoint","urlTemplate":"http:\/\/audun.teks.no\/?s={search_term_string}"},"query-input":{"@type":"PropertyValueSpecification","valueRequired":true,"valueName":"search_term_string"}}],"inLanguage":"en-US"},{"@type":"Organization","@id":"http:\/\/audun.teks.no\/#organization","name":"\u00d8rland","url":"http:\/\/audun.teks.no\/","logo":{"@type":"ImageObject","inLanguage":"en-US","@id":"http:\/\/audun.teks.no\/#\/schema\/logo\/image\/","url":"http:\/\/audun.teks.no\/wp-content\/uploads\/2020\/04\/RORET-\u00d8rland-kulturforetak-KF.jpg","contentUrl":"http:\/\/audun.teks.no\/wp-content\/uploads\/2020\/04\/RORET-\u00d8rland-kulturforetak-KF.jpg","width":1772,"height":969,"caption":"\u00d8rland"},"image":{"@id":"http:\/\/audun.teks.no\/#\/schema\/logo\/image\/"}}]}},"acf":[],"_links":{"self":[{"href":"http:\/\/audun.teks.no\/en\/wp-json\/wp\/v2\/pages\/706","targetHints":{"allow":["GET"]}}],"collection":[{"href":"http:\/\/audun.teks.no\/en\/wp-json\/wp\/v2\/pages"}],"about":[{"href":"http:\/\/audun.teks.no\/en\/wp-json\/wp\/v2\/types\/page"}],"author":[{"embeddable":true,"href":"http:\/\/audun.teks.no\/en\/wp-json\/wp\/v2\/users\/4"}],"replies":[{"embeddable":true,"href":"http:\/\/audun.teks.no\/en\/wp-json\/wp\/v2\/comments?post=706"}],"version-history":[{"count":4,"href":"http:\/\/audun.teks.no\/en\/wp-json\/wp\/v2\/pages\/706\/revisions"}],"predecessor-version":[{"id":718,"href":"http:\/\/audun.teks.no\/en\/wp-json\/wp\/v2\/pages\/706\/revisions\/718"}],"wp:featuredmedia":[{"embeddable":true,"href":"http:\/\/audun.teks.no\/en\/wp-json\/wp\/v2\/media\/710"}],"wp:attachment":[{"href":"http:\/\/audun.teks.no\/en\/wp-json\/wp\/v2\/media?parent=706"}],"curies":[{"name":"wp","href":"https:\/\/api.w.org\/{rel}","templated":true}]}}