{"id":694,"date":"2018-03-26T11:29:19","date_gmt":"2018-03-26T11:29:19","guid":{"rendered":"https:\/\/www.orland.no\/?page_id=694"},"modified":"2019-08-06T10:28:59","modified_gmt":"2019-08-06T10:28:59","slug":"borgklinten-bygdeborg","status":"publish","type":"page","link":"http:\/\/audun.teks.no\/en\/borgklinten-bygdeborg\/","title":{"rendered":"Borgklinten bygdeborg"},"content":{"rendered":"<p><strong>Utforsk en bygdborg fra eldre jernalder<\/strong><\/p>\n<p>Ved Ottersbo ligger restene etter et forsvarsverk kalt bygdeborg. Den er trolig bygd mellom \u00e5r 0 og \u00e5r 600 som et tilfluktssted for bygda rundt. Utgangspunktet er den vanskelige tilgjengelige Litj \u2013 Borgklinten. Her har en s\u00e5 bygd en 100 m lang steinmur slik at stedet skulle bli enda vanskeligere \u00e5 innta. Muren kan ha hatt et palisadeverk av trestokker, men rester av slike er ikke funnet. Det finnes ca. 200 slike borganlegg i Norge. I Tr\u00f8ndelag fins det rundt 30, hvorav noen f\u00e5 ute ved kysten.<\/p>\n<p><a href=\"https:\/\/kulturminnesok.no\/minne\/?queryString=https%3A%2F%2Fdata.kulturminne.no%2Faskeladden%2Flokalitet%2F16836\" target=\"_blank\" rel=\"noopener noreferrer\">Klikk her for mer info p\u00e5 Kulturminnes\u00f8k.no<\/a><\/p>\n<p><!--more--><!--more-->Fra Wikipedia: Bygdeborgene har til felles at de ligger p\u00e5 steder som fra naturens side er vanskelig tilgjengelige. De er plassert p\u00e5 h\u00f8yder, knauser eller berg og oftest er det bratte skrenter p\u00e5 flere kanter, slik at borgen bare er tilgjengelig fra en side. P\u00e5 de stedene hvor det var lettest \u00e5 komme opp ble det bygget murer. Enkelte ligger ved viktige ferdsels\u00e5rer, mens andre kan ligge p\u00e5 holmer eller \u00f8yer. I noen tilfeller ble murene forsterket ved at det ble bygget opp en palisade av tre. Fra borganleggene er det som regel godt utsyn. Borgene varierer i form og st\u00f8rrelse. I sin enkleste form har borgene en enkelt mur eller voll mens andre har mer kompliserte l\u00f8sninger med flere murer i ulike systemer. De st\u00f8rste borgene kan ha en murlengde p\u00e5 flere hundre meter, mens andre kan v\u00e6re mer beskjedne med et lite borgplat\u00e5 og murlengde p\u00e5 kun et par meter. Arealet innenfor er som regel forholdsvis jevnt og ofte finnes det spor etter hustufter innenfor borgomr\u00e5det.<\/p>","protected":false},"excerpt":{"rendered":"<p>Utforsk en bygdborg fra eldre jernalder Ved Ottersbo ligger restene etter et forsvarsverk kalt bygdeborg. Den er trolig bygd mellom \u00e5r 0 og \u00e5r 600 som et tilfluktssted for bygda rundt. Utgangspunktet er den vanskelige tilgjengelige Litj \u2013 Borgklinten. Her har en s\u00e5 bygd en 100 m lang steinmur slik [&hellip;]<\/p>","protected":false},"author":4,"featured_media":699,"parent":0,"menu_order":0,"comment_status":"closed","ping_status":"closed","template":"","meta":{"ngg_post_thumbnail":0,"footnotes":""},"class_list":["post-694","page","type-page","status-publish","has-post-thumbnail","hentry"],"yoast_head":"<!-- This site is optimized with the Yoast SEO plugin v26.8 - https:\/\/yoast.com\/product\/yoast-seo-wordpress\/ -->\n<title>Borgklinten bygdeborg - \u00d8rland-TEKS-tmp<\/title>\n<meta name=\"description\" content=\"Gode bo- og jobbmuligheter, kort vei til skole, jobb og fritidsaktiviteter uansett hvor i kommunen du bor. Bredt og variert aktivitetstilbud for store og sm\u00e5. Flytt bedriften eller etabler ny n\u00e6ring p\u00e5 \u00d8rlandet. Kommunen har byggeklart n\u00e6ringsareal b\u00e5de til salgs og til leie.\" \/>\n<meta name=\"robots\" content=\"noindex, follow, max-snippet:-1, max-image-preview:large, max-video-preview:-1\" \/>\n<meta property=\"og:locale\" content=\"en_US\" \/>\n<meta property=\"og:type\" content=\"article\" \/>\n<meta property=\"og:title\" content=\"Borgklinten bygdeborg - \u00d8rland-TEKS-tmp\" \/>\n<meta property=\"og:description\" content=\"Gode bo- og jobbmuligheter, kort vei til skole, jobb og fritidsaktiviteter uansett hvor i kommunen du bor. Bredt og variert aktivitetstilbud for store og sm\u00e5. Flytt bedriften eller etabler ny n\u00e6ring p\u00e5 \u00d8rlandet. Kommunen har byggeklart n\u00e6ringsareal b\u00e5de til salgs og til leie.\" \/>\n<meta property=\"og:url\" content=\"http:\/\/audun.teks.no\/en\/borgklinten-bygdeborg\/\" \/>\n<meta property=\"og:site_name\" content=\"\u00d8rland-TEKS-tmp\" \/>\n<meta property=\"article:modified_time\" content=\"2019-08-06T10:28:59+00:00\" \/>\n<meta property=\"og:image\" content=\"http:\/\/audun.teks.no\/wp-content\/uploads\/2018\/03\/Borgklinten-utsikt-ut-mot-fjorden-fra-det-oeverste-plataaet-jpg.jpg\" \/>\n\t<meta property=\"og:image:width\" content=\"843\" \/>\n\t<meta property=\"og:image:height\" content=\"562\" \/>\n\t<meta property=\"og:image:type\" content=\"image\/jpeg\" \/>\n<meta name=\"twitter:card\" content=\"summary_large_image\" \/>\n<meta name=\"twitter:label1\" content=\"Est. reading time\" \/>\n\t<meta name=\"twitter:data1\" content=\"1 minute\" \/>\n<script type=\"application\/ld+json\" class=\"yoast-schema-graph\">{\"@context\":\"https:\/\/schema.org\",\"@graph\":[{\"@type\":\"WebPage\",\"@id\":\"http:\/\/audun.teks.no\/en\/borgklinten-bygdeborg\/\",\"url\":\"http:\/\/audun.teks.no\/en\/borgklinten-bygdeborg\/\",\"name\":\"Borgklinten bygdeborg - \u00d8rland-TEKS-tmp\",\"isPartOf\":{\"@id\":\"http:\/\/audun.teks.no\/#website\"},\"primaryImageOfPage\":{\"@id\":\"http:\/\/audun.teks.no\/en\/borgklinten-bygdeborg\/#primaryimage\"},\"image\":{\"@id\":\"http:\/\/audun.teks.no\/en\/borgklinten-bygdeborg\/#primaryimage\"},\"thumbnailUrl\":\"http:\/\/audun.teks.no\/wp-content\/uploads\/2018\/03\/Borgklinten-utsikt-ut-mot-fjorden-fra-det-oeverste-plataaet-jpg.jpg\",\"datePublished\":\"2018-03-26T11:29:19+00:00\",\"dateModified\":\"2019-08-06T10:28:59+00:00\",\"description\":\"Gode bo- og jobbmuligheter, kort vei til skole, jobb og fritidsaktiviteter uansett hvor i kommunen du bor. Bredt og variert aktivitetstilbud for store og sm\u00e5. Flytt bedriften eller etabler ny n\u00e6ring p\u00e5 \u00d8rlandet. Kommunen har byggeklart n\u00e6ringsareal b\u00e5de til salgs og til leie.\",\"breadcrumb\":{\"@id\":\"http:\/\/audun.teks.no\/en\/borgklinten-bygdeborg\/#breadcrumb\"},\"inLanguage\":\"en-US\",\"potentialAction\":[{\"@type\":\"ReadAction\",\"target\":[\"http:\/\/audun.teks.no\/en\/borgklinten-bygdeborg\/\"]}]},{\"@type\":\"ImageObject\",\"inLanguage\":\"en-US\",\"@id\":\"http:\/\/audun.teks.no\/en\/borgklinten-bygdeborg\/#primaryimage\",\"url\":\"http:\/\/audun.teks.no\/wp-content\/uploads\/2018\/03\/Borgklinten-utsikt-ut-mot-fjorden-fra-det-oeverste-plataaet-jpg.jpg\",\"contentUrl\":\"http:\/\/audun.teks.no\/wp-content\/uploads\/2018\/03\/Borgklinten-utsikt-ut-mot-fjorden-fra-det-oeverste-plataaet-jpg.jpg\",\"width\":843,\"height\":562,\"caption\":\"Utsikt fra Borgklinten\"},{\"@type\":\"BreadcrumbList\",\"@id\":\"http:\/\/audun.teks.no\/en\/borgklinten-bygdeborg\/#breadcrumb\",\"itemListElement\":[{\"@type\":\"ListItem\",\"position\":1,\"name\":\"Hjem\",\"item\":\"http:\/\/audun.teks.no\/\"},{\"@type\":\"ListItem\",\"position\":2,\"name\":\"Borgklinten bygdeborg\"}]},{\"@type\":\"WebSite\",\"@id\":\"http:\/\/audun.teks.no\/#website\",\"url\":\"http:\/\/audun.teks.no\/\",\"name\":\"\u00d8rland-TEKS-tmp\",\"description\":\"Velkommen til flotte kystopplevelser\",\"publisher\":{\"@id\":\"http:\/\/audun.teks.no\/#organization\"},\"potentialAction\":[{\"@type\":\"SearchAction\",\"target\":{\"@type\":\"EntryPoint\",\"urlTemplate\":\"http:\/\/audun.teks.no\/?s={search_term_string}\"},\"query-input\":{\"@type\":\"PropertyValueSpecification\",\"valueRequired\":true,\"valueName\":\"search_term_string\"}}],\"inLanguage\":\"en-US\"},{\"@type\":\"Organization\",\"@id\":\"http:\/\/audun.teks.no\/#organization\",\"name\":\"\u00d8rland\",\"url\":\"http:\/\/audun.teks.no\/\",\"logo\":{\"@type\":\"ImageObject\",\"inLanguage\":\"en-US\",\"@id\":\"http:\/\/audun.teks.no\/#\/schema\/logo\/image\/\",\"url\":\"http:\/\/audun.teks.no\/wp-content\/uploads\/2020\/04\/RORET-\u00d8rland-kulturforetak-KF.jpg\",\"contentUrl\":\"http:\/\/audun.teks.no\/wp-content\/uploads\/2020\/04\/RORET-\u00d8rland-kulturforetak-KF.jpg\",\"width\":1772,\"height\":969,\"caption\":\"\u00d8rland\"},\"image\":{\"@id\":\"http:\/\/audun.teks.no\/#\/schema\/logo\/image\/\"}}]}<\/script>\n<!-- \/ Yoast SEO plugin. -->","yoast_head_json":{"title":"Borgklinten bygdeborg - \u00d8rland-TEKS-tmp","description":"Gode bo- og jobbmuligheter, kort vei til skole, jobb og fritidsaktiviteter uansett hvor i kommunen du bor. Bredt og variert aktivitetstilbud for store og sm\u00e5. Flytt bedriften eller etabler ny n\u00e6ring p\u00e5 \u00d8rlandet. Kommunen har byggeklart n\u00e6ringsareal b\u00e5de til salgs og til leie.","robots":{"index":"noindex","follow":"follow","max-snippet":"max-snippet:-1","max-image-preview":"max-image-preview:large","max-video-preview":"max-video-preview:-1"},"og_locale":"en_US","og_type":"article","og_title":"Borgklinten bygdeborg - \u00d8rland-TEKS-tmp","og_description":"Gode bo- og jobbmuligheter, kort vei til skole, jobb og fritidsaktiviteter uansett hvor i kommunen du bor. Bredt og variert aktivitetstilbud for store og sm\u00e5. Flytt bedriften eller etabler ny n\u00e6ring p\u00e5 \u00d8rlandet. Kommunen har byggeklart n\u00e6ringsareal b\u00e5de til salgs og til leie.","og_url":"http:\/\/audun.teks.no\/en\/borgklinten-bygdeborg\/","og_site_name":"\u00d8rland-TEKS-tmp","article_modified_time":"2019-08-06T10:28:59+00:00","og_image":[{"width":843,"height":562,"url":"http:\/\/audun.teks.no\/wp-content\/uploads\/2018\/03\/Borgklinten-utsikt-ut-mot-fjorden-fra-det-oeverste-plataaet-jpg.jpg","type":"image\/jpeg"}],"twitter_card":"summary_large_image","twitter_misc":{"Est. reading time":"1 minute"},"schema":{"@context":"https:\/\/schema.org","@graph":[{"@type":"WebPage","@id":"http:\/\/audun.teks.no\/en\/borgklinten-bygdeborg\/","url":"http:\/\/audun.teks.no\/en\/borgklinten-bygdeborg\/","name":"Borgklinten bygdeborg - \u00d8rland-TEKS-tmp","isPartOf":{"@id":"http:\/\/audun.teks.no\/#website"},"primaryImageOfPage":{"@id":"http:\/\/audun.teks.no\/en\/borgklinten-bygdeborg\/#primaryimage"},"image":{"@id":"http:\/\/audun.teks.no\/en\/borgklinten-bygdeborg\/#primaryimage"},"thumbnailUrl":"http:\/\/audun.teks.no\/wp-content\/uploads\/2018\/03\/Borgklinten-utsikt-ut-mot-fjorden-fra-det-oeverste-plataaet-jpg.jpg","datePublished":"2018-03-26T11:29:19+00:00","dateModified":"2019-08-06T10:28:59+00:00","description":"Gode bo- og jobbmuligheter, kort vei til skole, jobb og fritidsaktiviteter uansett hvor i kommunen du bor. Bredt og variert aktivitetstilbud for store og sm\u00e5. Flytt bedriften eller etabler ny n\u00e6ring p\u00e5 \u00d8rlandet. Kommunen har byggeklart n\u00e6ringsareal b\u00e5de til salgs og til leie.","breadcrumb":{"@id":"http:\/\/audun.teks.no\/en\/borgklinten-bygdeborg\/#breadcrumb"},"inLanguage":"en-US","potentialAction":[{"@type":"ReadAction","target":["http:\/\/audun.teks.no\/en\/borgklinten-bygdeborg\/"]}]},{"@type":"ImageObject","inLanguage":"en-US","@id":"http:\/\/audun.teks.no\/en\/borgklinten-bygdeborg\/#primaryimage","url":"http:\/\/audun.teks.no\/wp-content\/uploads\/2018\/03\/Borgklinten-utsikt-ut-mot-fjorden-fra-det-oeverste-plataaet-jpg.jpg","contentUrl":"http:\/\/audun.teks.no\/wp-content\/uploads\/2018\/03\/Borgklinten-utsikt-ut-mot-fjorden-fra-det-oeverste-plataaet-jpg.jpg","width":843,"height":562,"caption":"Utsikt fra Borgklinten"},{"@type":"BreadcrumbList","@id":"http:\/\/audun.teks.no\/en\/borgklinten-bygdeborg\/#breadcrumb","itemListElement":[{"@type":"ListItem","position":1,"name":"Hjem","item":"http:\/\/audun.teks.no\/"},{"@type":"ListItem","position":2,"name":"Borgklinten bygdeborg"}]},{"@type":"WebSite","@id":"http:\/\/audun.teks.no\/#website","url":"http:\/\/audun.teks.no\/","name":"\u00d8rland-TEKS-tmp","description":"Velkommen til flotte kystopplevelser","publisher":{"@id":"http:\/\/audun.teks.no\/#organization"},"potentialAction":[{"@type":"SearchAction","target":{"@type":"EntryPoint","urlTemplate":"http:\/\/audun.teks.no\/?s={search_term_string}"},"query-input":{"@type":"PropertyValueSpecification","valueRequired":true,"valueName":"search_term_string"}}],"inLanguage":"en-US"},{"@type":"Organization","@id":"http:\/\/audun.teks.no\/#organization","name":"\u00d8rland","url":"http:\/\/audun.teks.no\/","logo":{"@type":"ImageObject","inLanguage":"en-US","@id":"http:\/\/audun.teks.no\/#\/schema\/logo\/image\/","url":"http:\/\/audun.teks.no\/wp-content\/uploads\/2020\/04\/RORET-\u00d8rland-kulturforetak-KF.jpg","contentUrl":"http:\/\/audun.teks.no\/wp-content\/uploads\/2020\/04\/RORET-\u00d8rland-kulturforetak-KF.jpg","width":1772,"height":969,"caption":"\u00d8rland"},"image":{"@id":"http:\/\/audun.teks.no\/#\/schema\/logo\/image\/"}}]}},"acf":[],"_links":{"self":[{"href":"http:\/\/audun.teks.no\/en\/wp-json\/wp\/v2\/pages\/694","targetHints":{"allow":["GET"]}}],"collection":[{"href":"http:\/\/audun.teks.no\/en\/wp-json\/wp\/v2\/pages"}],"about":[{"href":"http:\/\/audun.teks.no\/en\/wp-json\/wp\/v2\/types\/page"}],"author":[{"embeddable":true,"href":"http:\/\/audun.teks.no\/en\/wp-json\/wp\/v2\/users\/4"}],"replies":[{"embeddable":true,"href":"http:\/\/audun.teks.no\/en\/wp-json\/wp\/v2\/comments?post=694"}],"version-history":[{"count":9,"href":"http:\/\/audun.teks.no\/en\/wp-json\/wp\/v2\/pages\/694\/revisions"}],"predecessor-version":[{"id":2415,"href":"http:\/\/audun.teks.no\/en\/wp-json\/wp\/v2\/pages\/694\/revisions\/2415"}],"wp:featuredmedia":[{"embeddable":true,"href":"http:\/\/audun.teks.no\/en\/wp-json\/wp\/v2\/media\/699"}],"wp:attachment":[{"href":"http:\/\/audun.teks.no\/en\/wp-json\/wp\/v2\/media?parent=694"}],"curies":[{"name":"wp","href":"https:\/\/api.w.org\/{rel}","templated":true}]}}