{"id":688,"date":"2018-03-26T10:23:12","date_gmt":"2018-03-26T10:23:12","guid":{"rendered":"https:\/\/www.orland.no\/?page_id=688"},"modified":"2018-03-26T10:31:33","modified_gmt":"2018-03-26T10:31:33","slug":"opphaugen-2","status":"publish","type":"page","link":"http:\/\/audun.teks.no\/en\/opphaugen-2\/","title":{"rendered":"Opphaugen"},"content":{"rendered":"<p>\u00d8rland kultursenter skal sammen med fylkeskommunen og NTNU gjennomf\u00f8re en rekke unders\u00f8kelser i og rundt den store gravhaugen p\u00e5 Opphaug i 2018. M\u00e5let er \u00e5 finne ut mer om haugen, for eksempel om vikingskipet som man fant deler av i 1875, fortsatt ligger der inne. I tillegg \u00f8nsker vi \u00e5 finne ut hvor den ber\u00f8mte h\u00f8vdingen Jarnskjegge og hans datter Gudruns g\u00e5rd l\u00e5.<\/p>\n<p>&laquo;Alt tyder p\u00e5 at sv\u00e6rt mektige mennesker bodde p\u00e5 storg\u00e5rden Opphaug i vikingtida. Selve gravhaugen er et bevis p\u00e5 makt. Snorre Sturlasson omtaler ogs\u00e5 bonden Skjegge \u00abJernskjegge\u00bb Asbj\u00f8rnson b\u00e5de i H\u00e5kon jarls saga og sagaen om Olav Tryggvason. Han var uten tvil sv\u00e6rt mektig. If\u00f8lge sagaen samlet han, jarles\u00f8nnen Svein H\u00e5konsson og Ragnvald fra \u00c6rvik p\u00e5 Stad hele 60 skip i\u00a0<a href=\"https:\/\/no.wikipedia.org\/wiki\/Slaget_i_Hj%C3%B8rungav%C3%A5g\">slaget i Hj\u00f8rungav\u00e5g<\/a>\u00a0i 986.\u00a0I 995 ble Olav Tryggvason Norges konge. Han var andre konge ut i et fors\u00f8k p\u00e5 \u00e5 kristne Norge. Det ville ikke Jernskjegge ha noe av.\u00a0 P\u00e5 Frostatinget skal han ha talt kong Olav midt imot. Sagaen forteller at Jernskjegge ble drept av kongens menn utenfor d\u00f8ra til hovet p\u00e5 M\u00e6re i \u00e5r 997. If\u00f8lge Heimskringla, som ble skrevet over 200 \u00e5r senere, ble liket fraktet tilbake til \u00d8rland hvor Jernskjegge ble begravd i Skjeggehaugen p\u00e5 Austr\u00e5tt. At Jernskjegge faktisk ble begravd der, er heller ikke sikkert. Det er blitt spekulert i om tradisjonen om gravleggingen p\u00e5 Austr\u00e5tt kan ha blitt til p\u00e5 et senere tidspunkt da Austr\u00e5tt var etablert som maktsenter. En morsom digresjon er at Jernskjegges datter Gudrun skal ha blitt gift med kong Olav Tryggvason som et ledd i \u00e5 forsone kongen og Opphaug-h\u00f8vdingens slektninger. Det var ingen god id\u00e9. Allerede p\u00e5 bryllupsnatta skal Gudrun ha pr\u00f8vd \u00e5 drepe kong Olav, noe som f\u00f8rte til et \u00f8yeblikkelig ekteskapsbrudd.&raquo; [Kilde: Fosna-Folket]<\/p>\n<p>I 2015 ble det gamle sagaverket Flat\u00f8yarbok oversatt fra norr\u00f8nt til norsk, et verk som i enda st\u00f8rre grad enn Snorre Sturlassons kongesagaer, forteller om folkene p\u00e5 Opphaug.<\/p>\n<p>&nbsp;<\/p>\n<p>&nbsp;<\/p>","protected":false},"excerpt":{"rendered":"<p>\u00d8rland kultursenter skal sammen med fylkeskommunen og NTNU gjennomf\u00f8re en rekke unders\u00f8kelser i og rundt den store gravhaugen p\u00e5 Opphaug i 2018. M\u00e5let er \u00e5 finne ut mer om haugen, for eksempel om vikingskipet som man fant deler av i 1875, fortsatt ligger der inne. I tillegg \u00f8nsker vi \u00e5 [&hellip;]<\/p>","protected":false},"author":4,"featured_media":679,"parent":0,"menu_order":0,"comment_status":"closed","ping_status":"closed","template":"","meta":{"ngg_post_thumbnail":0,"footnotes":""},"class_list":["post-688","page","type-page","status-publish","has-post-thumbnail","hentry"],"yoast_head":"<!-- This site is optimized with the Yoast SEO plugin v26.8 - https:\/\/yoast.com\/product\/yoast-seo-wordpress\/ -->\n<title>Opphaugen - \u00d8rland-TEKS-tmp<\/title>\n<meta name=\"description\" content=\"Gode bo- og jobbmuligheter, kort vei til skole, jobb og fritidsaktiviteter uansett hvor i kommunen du bor. Bredt og variert aktivitetstilbud for store og sm\u00e5. Flytt bedriften eller etabler ny n\u00e6ring p\u00e5 \u00d8rlandet. Kommunen har byggeklart n\u00e6ringsareal b\u00e5de til salgs og til leie.\" \/>\n<meta name=\"robots\" content=\"noindex, follow, max-snippet:-1, max-image-preview:large, max-video-preview:-1\" \/>\n<meta property=\"og:locale\" content=\"en_US\" \/>\n<meta property=\"og:type\" content=\"article\" \/>\n<meta property=\"og:title\" content=\"Opphaugen - \u00d8rland-TEKS-tmp\" \/>\n<meta property=\"og:description\" content=\"Gode bo- og jobbmuligheter, kort vei til skole, jobb og fritidsaktiviteter uansett hvor i kommunen du bor. Bredt og variert aktivitetstilbud for store og sm\u00e5. Flytt bedriften eller etabler ny n\u00e6ring p\u00e5 \u00d8rlandet. Kommunen har byggeklart n\u00e6ringsareal b\u00e5de til salgs og til leie.\" \/>\n<meta property=\"og:url\" content=\"http:\/\/audun.teks.no\/en\/opphaugen-2\/\" \/>\n<meta property=\"og:site_name\" content=\"\u00d8rland-TEKS-tmp\" \/>\n<meta property=\"article:modified_time\" content=\"2018-03-26T10:31:33+00:00\" \/>\n<meta property=\"og:image\" content=\"http:\/\/audun.teks.no\/wp-content\/uploads\/2018\/03\/Opphaugen.jpg\" \/>\n\t<meta property=\"og:image:width\" content=\"960\" \/>\n\t<meta property=\"og:image:height\" content=\"328\" \/>\n\t<meta property=\"og:image:type\" content=\"image\/jpeg\" \/>\n<meta name=\"twitter:card\" content=\"summary_large_image\" \/>\n<meta name=\"twitter:label1\" content=\"Est. reading time\" \/>\n\t<meta name=\"twitter:data1\" content=\"2 minutes\" \/>\n<script type=\"application\/ld+json\" class=\"yoast-schema-graph\">{\"@context\":\"https:\/\/schema.org\",\"@graph\":[{\"@type\":\"WebPage\",\"@id\":\"http:\/\/audun.teks.no\/en\/opphaugen-2\/\",\"url\":\"http:\/\/audun.teks.no\/en\/opphaugen-2\/\",\"name\":\"Opphaugen - \u00d8rland-TEKS-tmp\",\"isPartOf\":{\"@id\":\"http:\/\/audun.teks.no\/#website\"},\"primaryImageOfPage\":{\"@id\":\"http:\/\/audun.teks.no\/en\/opphaugen-2\/#primaryimage\"},\"image\":{\"@id\":\"http:\/\/audun.teks.no\/en\/opphaugen-2\/#primaryimage\"},\"thumbnailUrl\":\"http:\/\/audun.teks.no\/wp-content\/uploads\/2018\/03\/Opphaugen.jpg\",\"datePublished\":\"2018-03-26T10:23:12+00:00\",\"dateModified\":\"2018-03-26T10:31:33+00:00\",\"description\":\"Gode bo- og jobbmuligheter, kort vei til skole, jobb og fritidsaktiviteter uansett hvor i kommunen du bor. Bredt og variert aktivitetstilbud for store og sm\u00e5. Flytt bedriften eller etabler ny n\u00e6ring p\u00e5 \u00d8rlandet. Kommunen har byggeklart n\u00e6ringsareal b\u00e5de til salgs og til leie.\",\"breadcrumb\":{\"@id\":\"http:\/\/audun.teks.no\/en\/opphaugen-2\/#breadcrumb\"},\"inLanguage\":\"en-US\",\"potentialAction\":[{\"@type\":\"ReadAction\",\"target\":[\"http:\/\/audun.teks.no\/en\/opphaugen-2\/\"]}]},{\"@type\":\"ImageObject\",\"inLanguage\":\"en-US\",\"@id\":\"http:\/\/audun.teks.no\/en\/opphaugen-2\/#primaryimage\",\"url\":\"http:\/\/audun.teks.no\/wp-content\/uploads\/2018\/03\/Opphaugen.jpg\",\"contentUrl\":\"http:\/\/audun.teks.no\/wp-content\/uploads\/2018\/03\/Opphaugen.jpg\",\"width\":960,\"height\":328,\"caption\":\"Opphaugen\"},{\"@type\":\"BreadcrumbList\",\"@id\":\"http:\/\/audun.teks.no\/en\/opphaugen-2\/#breadcrumb\",\"itemListElement\":[{\"@type\":\"ListItem\",\"position\":1,\"name\":\"Hjem\",\"item\":\"http:\/\/audun.teks.no\/\"},{\"@type\":\"ListItem\",\"position\":2,\"name\":\"Opphaugen\"}]},{\"@type\":\"WebSite\",\"@id\":\"http:\/\/audun.teks.no\/#website\",\"url\":\"http:\/\/audun.teks.no\/\",\"name\":\"\u00d8rland-TEKS-tmp\",\"description\":\"Velkommen til flotte kystopplevelser\",\"publisher\":{\"@id\":\"http:\/\/audun.teks.no\/#organization\"},\"potentialAction\":[{\"@type\":\"SearchAction\",\"target\":{\"@type\":\"EntryPoint\",\"urlTemplate\":\"http:\/\/audun.teks.no\/?s={search_term_string}\"},\"query-input\":{\"@type\":\"PropertyValueSpecification\",\"valueRequired\":true,\"valueName\":\"search_term_string\"}}],\"inLanguage\":\"en-US\"},{\"@type\":\"Organization\",\"@id\":\"http:\/\/audun.teks.no\/#organization\",\"name\":\"\u00d8rland\",\"url\":\"http:\/\/audun.teks.no\/\",\"logo\":{\"@type\":\"ImageObject\",\"inLanguage\":\"en-US\",\"@id\":\"http:\/\/audun.teks.no\/#\/schema\/logo\/image\/\",\"url\":\"http:\/\/audun.teks.no\/wp-content\/uploads\/2020\/04\/RORET-\u00d8rland-kulturforetak-KF.jpg\",\"contentUrl\":\"http:\/\/audun.teks.no\/wp-content\/uploads\/2020\/04\/RORET-\u00d8rland-kulturforetak-KF.jpg\",\"width\":1772,\"height\":969,\"caption\":\"\u00d8rland\"},\"image\":{\"@id\":\"http:\/\/audun.teks.no\/#\/schema\/logo\/image\/\"}}]}<\/script>\n<!-- \/ Yoast SEO plugin. -->","yoast_head_json":{"title":"Opphaugen - \u00d8rland-TEKS-tmp","description":"Gode bo- og jobbmuligheter, kort vei til skole, jobb og fritidsaktiviteter uansett hvor i kommunen du bor. Bredt og variert aktivitetstilbud for store og sm\u00e5. Flytt bedriften eller etabler ny n\u00e6ring p\u00e5 \u00d8rlandet. Kommunen har byggeklart n\u00e6ringsareal b\u00e5de til salgs og til leie.","robots":{"index":"noindex","follow":"follow","max-snippet":"max-snippet:-1","max-image-preview":"max-image-preview:large","max-video-preview":"max-video-preview:-1"},"og_locale":"en_US","og_type":"article","og_title":"Opphaugen - \u00d8rland-TEKS-tmp","og_description":"Gode bo- og jobbmuligheter, kort vei til skole, jobb og fritidsaktiviteter uansett hvor i kommunen du bor. Bredt og variert aktivitetstilbud for store og sm\u00e5. Flytt bedriften eller etabler ny n\u00e6ring p\u00e5 \u00d8rlandet. Kommunen har byggeklart n\u00e6ringsareal b\u00e5de til salgs og til leie.","og_url":"http:\/\/audun.teks.no\/en\/opphaugen-2\/","og_site_name":"\u00d8rland-TEKS-tmp","article_modified_time":"2018-03-26T10:31:33+00:00","og_image":[{"width":960,"height":328,"url":"http:\/\/audun.teks.no\/wp-content\/uploads\/2018\/03\/Opphaugen.jpg","type":"image\/jpeg"}],"twitter_card":"summary_large_image","twitter_misc":{"Est. reading time":"2 minutes"},"schema":{"@context":"https:\/\/schema.org","@graph":[{"@type":"WebPage","@id":"http:\/\/audun.teks.no\/en\/opphaugen-2\/","url":"http:\/\/audun.teks.no\/en\/opphaugen-2\/","name":"Opphaugen - \u00d8rland-TEKS-tmp","isPartOf":{"@id":"http:\/\/audun.teks.no\/#website"},"primaryImageOfPage":{"@id":"http:\/\/audun.teks.no\/en\/opphaugen-2\/#primaryimage"},"image":{"@id":"http:\/\/audun.teks.no\/en\/opphaugen-2\/#primaryimage"},"thumbnailUrl":"http:\/\/audun.teks.no\/wp-content\/uploads\/2018\/03\/Opphaugen.jpg","datePublished":"2018-03-26T10:23:12+00:00","dateModified":"2018-03-26T10:31:33+00:00","description":"Gode bo- og jobbmuligheter, kort vei til skole, jobb og fritidsaktiviteter uansett hvor i kommunen du bor. Bredt og variert aktivitetstilbud for store og sm\u00e5. Flytt bedriften eller etabler ny n\u00e6ring p\u00e5 \u00d8rlandet. Kommunen har byggeklart n\u00e6ringsareal b\u00e5de til salgs og til leie.","breadcrumb":{"@id":"http:\/\/audun.teks.no\/en\/opphaugen-2\/#breadcrumb"},"inLanguage":"en-US","potentialAction":[{"@type":"ReadAction","target":["http:\/\/audun.teks.no\/en\/opphaugen-2\/"]}]},{"@type":"ImageObject","inLanguage":"en-US","@id":"http:\/\/audun.teks.no\/en\/opphaugen-2\/#primaryimage","url":"http:\/\/audun.teks.no\/wp-content\/uploads\/2018\/03\/Opphaugen.jpg","contentUrl":"http:\/\/audun.teks.no\/wp-content\/uploads\/2018\/03\/Opphaugen.jpg","width":960,"height":328,"caption":"Opphaugen"},{"@type":"BreadcrumbList","@id":"http:\/\/audun.teks.no\/en\/opphaugen-2\/#breadcrumb","itemListElement":[{"@type":"ListItem","position":1,"name":"Hjem","item":"http:\/\/audun.teks.no\/"},{"@type":"ListItem","position":2,"name":"Opphaugen"}]},{"@type":"WebSite","@id":"http:\/\/audun.teks.no\/#website","url":"http:\/\/audun.teks.no\/","name":"\u00d8rland-TEKS-tmp","description":"Velkommen til flotte kystopplevelser","publisher":{"@id":"http:\/\/audun.teks.no\/#organization"},"potentialAction":[{"@type":"SearchAction","target":{"@type":"EntryPoint","urlTemplate":"http:\/\/audun.teks.no\/?s={search_term_string}"},"query-input":{"@type":"PropertyValueSpecification","valueRequired":true,"valueName":"search_term_string"}}],"inLanguage":"en-US"},{"@type":"Organization","@id":"http:\/\/audun.teks.no\/#organization","name":"\u00d8rland","url":"http:\/\/audun.teks.no\/","logo":{"@type":"ImageObject","inLanguage":"en-US","@id":"http:\/\/audun.teks.no\/#\/schema\/logo\/image\/","url":"http:\/\/audun.teks.no\/wp-content\/uploads\/2020\/04\/RORET-\u00d8rland-kulturforetak-KF.jpg","contentUrl":"http:\/\/audun.teks.no\/wp-content\/uploads\/2020\/04\/RORET-\u00d8rland-kulturforetak-KF.jpg","width":1772,"height":969,"caption":"\u00d8rland"},"image":{"@id":"http:\/\/audun.teks.no\/#\/schema\/logo\/image\/"}}]}},"acf":[],"_links":{"self":[{"href":"http:\/\/audun.teks.no\/en\/wp-json\/wp\/v2\/pages\/688","targetHints":{"allow":["GET"]}}],"collection":[{"href":"http:\/\/audun.teks.no\/en\/wp-json\/wp\/v2\/pages"}],"about":[{"href":"http:\/\/audun.teks.no\/en\/wp-json\/wp\/v2\/types\/page"}],"author":[{"embeddable":true,"href":"http:\/\/audun.teks.no\/en\/wp-json\/wp\/v2\/users\/4"}],"replies":[{"embeddable":true,"href":"http:\/\/audun.teks.no\/en\/wp-json\/wp\/v2\/comments?post=688"}],"version-history":[{"count":4,"href":"http:\/\/audun.teks.no\/en\/wp-json\/wp\/v2\/pages\/688\/revisions"}],"predecessor-version":[{"id":693,"href":"http:\/\/audun.teks.no\/en\/wp-json\/wp\/v2\/pages\/688\/revisions\/693"}],"wp:featuredmedia":[{"embeddable":true,"href":"http:\/\/audun.teks.no\/en\/wp-json\/wp\/v2\/media\/679"}],"wp:attachment":[{"href":"http:\/\/audun.teks.no\/en\/wp-json\/wp\/v2\/media?parent=688"}],"curies":[{"name":"wp","href":"https:\/\/api.w.org\/{rel}","templated":true}]}}