{"id":521419,"date":"2023-08-28T08:30:37","date_gmt":"2023-08-28T08:30:37","guid":{"rendered":"https:\/\/www.orland.no\/?page_id=521419"},"modified":"2023-09-19T12:44:41","modified_gmt":"2023-09-19T12:44:41","slug":"koet","status":"publish","type":"page","link":"http:\/\/audun.teks.no\/en\/koet\/","title":{"rendered":"Koet"},"content":{"rendered":"<div data-elementor-type=\"wp-page\" data-elementor-id=\"521419\" class=\"elementor elementor-521419\">\n\t\t\t\t\t\t<div class=\"elementor-inner\">\n\t\t\t\t<div class=\"elementor-section-wrap\">\n\t\t\t\t\t\t\t\t\t<section class=\"elementor-section elementor-top-section elementor-element elementor-element-03c091a elementor-section-stretched elementor-section-boxed elementor-section-height-default elementor-section-height-default\" data-id=\"03c091a\" data-element_type=\"section\" data-settings=\"{&quot;stretch_section&quot;:&quot;section-stretched&quot;}\">\n\t\t\t\t\t\t<div class=\"elementor-container elementor-column-gap-default\">\n\t\t\t\t\t\t\t<div class=\"elementor-row\">\n\t\t\t\t\t<div class=\"elementor-column elementor-col-100 elementor-top-column elementor-element elementor-element-ac16388\" data-id=\"ac16388\" data-element_type=\"column\">\n\t\t\t<div class=\"elementor-column-wrap elementor-element-populated\">\n\t\t\t\t\t\t\t<div class=\"elementor-widget-wrap\">\n\t\t\t\t\t\t<div class=\"elementor-element elementor-element-6614b39 elementor--h-position-center elementor--v-position-middle elementor-arrows-position-inside elementor-pagination-position-inside elementor-widget elementor-widget-slides\" data-id=\"6614b39\" data-element_type=\"widget\" data-settings=\"{&quot;navigation&quot;:&quot;both&quot;,&quot;autoplay&quot;:&quot;yes&quot;,&quot;pause_on_hover&quot;:&quot;yes&quot;,&quot;pause_on_interaction&quot;:&quot;yes&quot;,&quot;autoplay_speed&quot;:5000,&quot;infinite&quot;:&quot;yes&quot;,&quot;transition&quot;:&quot;slide&quot;,&quot;transition_speed&quot;:500}\" data-widget_type=\"slides.default\">\n\t\t\t\t<div class=\"elementor-widget-container\">\n\t\t\t\t\t<div class=\"elementor-swiper\">\n\t\t\t<div class=\"elementor-slides-wrapper elementor-main-swiper swiper-container\" dir=\"ltr\" data-animation=\"fadeInUp\">\n\t\t\t\t<div class=\"swiper-wrapper elementor-slides\">\n\t\t\t\t\t\t\t\t\t\t<div class=\"elementor-repeater-item-b57cb9a swiper-slide\"><div class=\"swiper-slide-bg elementor-ken-burns elementor-ken-burns--in\"><\/div><div class=\"swiper-slide-inner\" ><div class=\"swiper-slide-contents\"><div class=\"elementor-slide-description\">Koet \u2013 en vandring i fortidas religi\u00f8se landskap<\/div><\/div><\/div><\/div><div class=\"elementor-repeater-item-37c035d swiper-slide\"><div class=\"swiper-slide-bg\"><\/div><div class=\"swiper-slide-inner\" ><div class=\"swiper-slide-contents\"><\/div><\/div><\/div><div class=\"elementor-repeater-item-595b79b swiper-slide\"><div class=\"swiper-slide-bg\"><\/div><div class=\"swiper-slide-inner\" ><div class=\"swiper-slide-contents\"><\/div><\/div><\/div><div class=\"elementor-repeater-item-1adf473 swiper-slide\"><div class=\"swiper-slide-bg\"><\/div><div class=\"swiper-slide-inner\" ><div class=\"swiper-slide-contents\"><\/div><\/div><\/div><div class=\"elementor-repeater-item-61e7edf swiper-slide\"><div class=\"swiper-slide-bg\"><\/div><div class=\"swiper-slide-inner\" ><div class=\"swiper-slide-contents\"><\/div><\/div><\/div>\t\t\t\t<\/div>\n\t\t\t\t\t\t\t\t\t\t\t\t\t\t\t<div class=\"swiper-pagination\"><\/div>\n\t\t\t\t\t\t\t\t\t\t\t\t\t\t\t\t<div class=\"elementor-swiper-button elementor-swiper-button-prev\">\n\t\t\t\t\t\t\t<i aria-hidden=\"true\" class=\"eicon-chevron-left\"><\/i>\t\t\t\t\t\t\t<span class=\"elementor-screen-only\">Previous<\/span>\n\t\t\t\t\t\t<\/div>\n\t\t\t\t\t\t<div class=\"elementor-swiper-button elementor-swiper-button-next\">\n\t\t\t\t\t\t\t<i aria-hidden=\"true\" class=\"eicon-chevron-right\"><\/i>\t\t\t\t\t\t\t<span class=\"elementor-screen-only\">Next<\/span>\n\t\t\t\t\t\t<\/div>\n\t\t\t\t\t\t\t\t\t\t\t\t<\/div>\n\t\t<\/div>\n\t\t\t\t<\/div>\n\t\t\t\t<\/div>\n\t\t\t\t\t\t<\/div>\n\t\t\t\t\t<\/div>\n\t\t<\/div>\n\t\t\t\t\t\t\t\t<\/div>\n\t\t\t\t\t<\/div>\n\t\t<\/section>\n\t\t\t\t<section class=\"elementor-section elementor-top-section elementor-element elementor-element-f3fe23d elementor-section-boxed elementor-section-height-default elementor-section-height-default\" data-id=\"f3fe23d\" data-element_type=\"section\">\n\t\t\t\t\t\t<div class=\"elementor-container elementor-column-gap-default\">\n\t\t\t\t\t\t\t<div class=\"elementor-row\">\n\t\t\t\t\t<div class=\"elementor-column elementor-col-100 elementor-top-column elementor-element elementor-element-974b664\" data-id=\"974b664\" data-element_type=\"column\">\n\t\t\t<div class=\"elementor-column-wrap elementor-element-populated\">\n\t\t\t\t\t\t\t<div class=\"elementor-widget-wrap\">\n\t\t\t\t\t\t<div class=\"elementor-element elementor-element-21c2d35 elementor-widget elementor-widget-text-editor\" data-id=\"21c2d35\" data-element_type=\"widget\" data-widget_type=\"text-editor.default\">\n\t\t\t\t<div class=\"elementor-widget-container\">\n\t\t\t\t\t\t\t\t<div class=\"elementor-text-editor elementor-clearfix\">\n\t\t\t\t<p><strong>Koet \u2013 en vandring i fortidas religi\u00f8se landskap<\/strong><\/p><p><em>Koet er et omr\u00e5de rikt p\u00e5 kulturminner, med en stor samling gravr\u00f8yser fra eldre jernalder (ca. 500 fvt. -500 evt.). Til n\u00e5 er det registrert rundt 500 gravminner her, spredt rundt i landskapet. Noen av gravr\u00f8ysene ruver i terrenget, andre er det ikke s\u00e5 lett \u00e5 f\u00e5 \u00f8ye p\u00e5.<\/em><\/p><p><em>\u00a0<\/em><\/p><p><strong><u>Ruta (se kart i Google maps lengre ned)<\/u><\/strong><\/p><p>Vandringen startes fra parkeringen ved Vallersundveien. Hit kommer man ved \u00e5 kj\u00f8re ca. 12 km p\u00e5 fylkesvei 721 fra Bjugn retning Oksvoll og videre mot Vallersund. Man ser den store parkeringsplassen med grusdekke p\u00e5 h\u00f8yre side av veien. Her f\u00f8lger man turveien ned mot Herstadbukta hvor man s\u00e5 m\u00f8ter et veiskille hvor man enten kan ta til h\u00f8yre og g\u00e5 oppover til Valseidet og gravr\u00f8ysene eller ta til venstre for \u00e5 g\u00e5 videre til Bekkavika. P\u00e5 vei mot Bekkavika treffer man to veiskiller. Ved det f\u00f8rste tar man til h\u00f8yre for \u00e5 komme ned til Bekkavika. Deretter kommer nok et veiskille. Tar man til h\u00f8yre g\u00e5r veien ned langs en liten strand. Tar man til venstre g\u00e5r man videre gjennom skogen f\u00f8r det til slutt \u00e5penbarer seg en storslagen utsikt mot Koet og Kopparen.<\/p><p>Som alternativ kan man starte turen fra Valseidet, men her er det f\u00e5 parkeringsplasser. Her kan man studere gravr\u00f8ysene og lese om historien p\u00e5 flere skilt som er satt opp. Turvegen g\u00e5r over sm\u00e5kupert myrlandskap som etter hvert \u00e5pner seg mot fjordlandskapet f\u00f8r man g\u00e5r nedover mot Herstadbukta og s\u00e5 Bekkavika.<\/p><p>Ellers finnes det mange muligheter for \u00e5 g\u00e5 tur videre innover Koet hvis man f\u00f8lger stier i skogen langs fjordarmen. Lengre innover finnes det ogs\u00e5 mange flotte toppturer for dem som liker det. Blant annet <a href=\"http:\/\/audun.teks.no\/en\/tussan\/\">Tussan<\/a> og Jofjellet, men da er det bedre \u00e5 starte fra parkeringen ved Vallersund oppvekstsenter\/Fredsengelen.<\/p><p><span style=\"text-decoration: underline;\"><strong>Praktisk info:<\/strong><\/span><\/p><p>Turen er lett \u00e5 g\u00e5 for store og sm\u00e5. Det bratteste partiet er veien ned fra Valseidet mot Herstadbukta. For rullestolbrukere er ruten fra Vallersundveien den best egnede.<\/p><p>(Det vil bli satt opp benker og flere infoskilt ved Koet i fremtiden.)<\/p>\t\t\t\t\t<\/div>\n\t\t\t\t\t\t<\/div>\n\t\t\t\t<\/div>\n\t\t\t\t\t\t<\/div>\n\t\t\t\t\t<\/div>\n\t\t<\/div>\n\t\t\t\t\t\t\t\t<\/div>\n\t\t\t\t\t<\/div>\n\t\t<\/section>\n\t\t\t\t<section class=\"elementor-section elementor-top-section elementor-element elementor-element-49d1c45 elementor-section-boxed elementor-section-height-default elementor-section-height-default\" data-id=\"49d1c45\" data-element_type=\"section\">\n\t\t\t\t\t\t<div class=\"elementor-container elementor-column-gap-default\">\n\t\t\t\t\t\t\t<div class=\"elementor-row\">\n\t\t\t\t\t<div class=\"elementor-column elementor-col-100 elementor-top-column elementor-element elementor-element-d84fb0f\" data-id=\"d84fb0f\" data-element_type=\"column\">\n\t\t\t<div class=\"elementor-column-wrap elementor-element-populated\">\n\t\t\t\t\t\t\t<div class=\"elementor-widget-wrap\">\n\t\t\t\t\t\t<div class=\"elementor-element elementor-element-3e39e4a elementor-widget-divider--view-line elementor-widget elementor-widget-divider\" data-id=\"3e39e4a\" data-element_type=\"widget\" data-widget_type=\"divider.default\">\n\t\t\t\t<div class=\"elementor-widget-container\">\n\t\t\t\t\t<div class=\"elementor-divider\">\n\t\t\t<span class=\"elementor-divider-separator\">\n\t\t\t\t\t\t<\/span>\n\t\t<\/div>\n\t\t\t\t<\/div>\n\t\t\t\t<\/div>\n\t\t\t\t\t\t<\/div>\n\t\t\t\t\t<\/div>\n\t\t<\/div>\n\t\t\t\t\t\t\t\t<\/div>\n\t\t\t\t\t<\/div>\n\t\t<\/section>\n\t\t\t\t<section class=\"elementor-section elementor-top-section elementor-element elementor-element-6f4b4e3 elementor-section-boxed elementor-section-height-default elementor-section-height-default\" data-id=\"6f4b4e3\" data-element_type=\"section\">\n\t\t\t\t\t\t<div class=\"elementor-container elementor-column-gap-default\">\n\t\t\t\t\t\t\t<div class=\"elementor-row\">\n\t\t\t\t\t<div class=\"elementor-column elementor-col-100 elementor-top-column elementor-element elementor-element-a01801f\" data-id=\"a01801f\" data-element_type=\"column\">\n\t\t\t<div class=\"elementor-column-wrap elementor-element-populated\">\n\t\t\t\t\t\t\t<div class=\"elementor-widget-wrap\">\n\t\t\t\t\t\t<div class=\"elementor-element elementor-element-5f5d901 elementor-widget elementor-widget-text-editor\" data-id=\"5f5d901\" data-element_type=\"widget\" data-widget_type=\"text-editor.default\">\n\t\t\t\t<div class=\"elementor-widget-container\">\n\t\t\t\t\t\t\t\t<div class=\"elementor-text-editor elementor-clearfix\">\n\t\t\t\t<p><span style=\"text-decoration: underline;\"><strong>Historien<\/strong><\/span><\/p><p>Koet kan beskrives som et innlandshav, avsk\u00e5ret som det er fra den n\u00e6rliggende Valsfjorden i vest med den smale og kulturminnerike landstripen Valseidet. Turvegen i Koet f\u00f8rer oss inn i et landskap som ikke har endret seg mye siden det ble tatt i bruk av v\u00e5re forfedre for over 2000 \u00e5r siden. Her har man en sjelden mulighet til \u00e5 oppleve et kulturlandskap som, med unntak av p\u00e5 nordkysten hvor vegetasjonen har gjenerobret det tidligere beitelandet, framst\u00e5r i det alt vesentlige slik det ble formet av menneskene i eldre jernalder.<\/p><p>P\u00e5 Valseidet finner vi en av de mest monumentale gravplassene fra eldre jernalder i Tr\u00f8ndelag. Gravfeltet ble unders\u00f8kt i 1872 av arkeologen Ingvald Undset, far til den kjente forfatteren Sigrid Undset. Hver av gravene inneholder en eller flere begravelser, og menneskene ble begravd brent eller ubrent. I grava fikk de d\u00f8de med seg b\u00e5de sjeldne praktgjenstander og dagligdagse ting til bruk i hjemmet. En av gravene er en sjeldenhet i Tr\u00f8ndelag, med en steinring av \u00e5tte reiste steiner.<\/p><p>Tidligere mente man at plasseringen av gravmonumentene p\u00e5 Valseidet hadde sammenheng med stedets rolle som dragseid for skip, med Koet som en viktig kommunikasjons\u00e5re langs skipsleia i eldre jernalder. R\u00f8ysene skulle if\u00f8lge denne forklaringen ha bidratt til \u00e5 vise vegen for de reisende, med sin synlige plassering i landskapet, s\u00e6rlig for de som kom sj\u00f8vegen.<\/p><p>Teorien om Valseidet som dragseid og fjordens rolle som transport\u00e5re sto sterkt fram til rundt \u00e5r 2000, da en alternativ forklaring ble lagt fram. Valseidet er som nevnt mer eller mindre dekket av store gravr\u00f8yser og steinsirkler. Er det rimelig \u00e5 tro at man ville tillate at store skip ble dratt over land her, tett inntil eller p\u00e5 gravmonumentene som var reist over samfunnselitens forfedre? I dag er de fleste enige om at det er lite sannsynlig.<\/p><p>Koet omtales som et hellig landskap, hvor forfedrene i gravene voktet over fjorden og sine etterkommere. Rundt Valseidet ligger gravr\u00f8ysene p\u00e5 alle nes og bergkoller, og p\u00e5 alle egnede holmer og skj\u00e6r i fjordarmen Koet. Gravene viste tilh\u00f8righet og eiendomsrett til et omr\u00e5de. Slekt og forfedre var til stede i hverdagen. Landskapet tilh\u00f8rte b\u00e5de de levende og d\u00f8de. Gravmonumentene ble ikke prim\u00e6rt formet slik at de skulle ses fra Koet, men lagt slik i terrenget at de d\u00f8de skulle ha utsyn over den hellige fjorden.<\/p>\t\t\t\t\t<\/div>\n\t\t\t\t\t\t<\/div>\n\t\t\t\t<\/div>\n\t\t\t\t\t\t<\/div>\n\t\t\t\t\t<\/div>\n\t\t<\/div>\n\t\t\t\t\t\t\t\t<\/div>\n\t\t\t\t\t<\/div>\n\t\t<\/section>\n\t\t\t\t<section class=\"elementor-section elementor-top-section elementor-element elementor-element-42e342f elementor-section-boxed elementor-section-height-default elementor-section-height-default\" data-id=\"42e342f\" data-element_type=\"section\">\n\t\t\t\t\t\t<div class=\"elementor-container elementor-column-gap-default\">\n\t\t\t\t\t\t\t<div class=\"elementor-row\">\n\t\t\t\t\t<div class=\"elementor-column elementor-col-100 elementor-top-column elementor-element elementor-element-0442992\" data-id=\"0442992\" data-element_type=\"column\">\n\t\t\t<div class=\"elementor-column-wrap elementor-element-populated\">\n\t\t\t\t\t\t\t<div class=\"elementor-widget-wrap\">\n\t\t\t\t\t\t<div class=\"elementor-element elementor-element-bf8f9b1 elementor-widget elementor-widget-text-editor\" data-id=\"bf8f9b1\" data-element_type=\"widget\" data-widget_type=\"text-editor.default\">\n\t\t\t\t<div class=\"elementor-widget-container\">\n\t\t\t\t\t\t\t\t<div class=\"elementor-text-editor elementor-clearfix\">\n\t\t\t\t<p>Historisk tekst: Merete R\u00f8skaft<\/p><p>Ruta og praktisk info: Frank Hordijk<\/p><p>Foto: Audun Eriksen og Frank Hordijk<\/p>\t\t\t\t\t<\/div>\n\t\t\t\t\t\t<\/div>\n\t\t\t\t<\/div>\n\t\t\t\t\t\t<\/div>\n\t\t\t\t\t<\/div>\n\t\t<\/div>\n\t\t\t\t\t\t\t\t<\/div>\n\t\t\t\t\t<\/div>\n\t\t<\/section>\n\t\t\t\t<section class=\"elementor-section elementor-top-section elementor-element elementor-element-6b3df9a elementor-section-boxed elementor-section-height-default elementor-section-height-default\" data-id=\"6b3df9a\" data-element_type=\"section\">\n\t\t\t\t\t\t<div class=\"elementor-container elementor-column-gap-default\">\n\t\t\t\t\t\t\t<div class=\"elementor-row\">\n\t\t\t\t\t<div class=\"elementor-column elementor-col-100 elementor-top-column elementor-element elementor-element-6abc00a\" data-id=\"6abc00a\" data-element_type=\"column\">\n\t\t\t<div class=\"elementor-column-wrap elementor-element-populated\">\n\t\t\t\t\t\t\t<div class=\"elementor-widget-wrap\">\n\t\t\t\t\t\t<div class=\"elementor-element elementor-element-4fe68e4 elementor-widget elementor-widget-html\" data-id=\"4fe68e4\" data-element_type=\"widget\" data-widget_type=\"html.default\">\n\t\t\t\t<div class=\"elementor-widget-container\">\n\t\t\t<iframe loading=\"lazy\" src=\"https:\/\/www.google.com\/maps\/d\/embed?mid=1WbIA1h6aQ0J7qZhdMhryS2M3Ipq5hic&ehbc=2E312F\" width=\"640\" height=\"480\"><\/iframe>\t\t<\/div>\n\t\t\t\t<\/div>\n\t\t\t\t\t\t<\/div>\n\t\t\t\t\t<\/div>\n\t\t<\/div>\n\t\t\t\t\t\t\t\t<\/div>\n\t\t\t\t\t<\/div>\n\t\t<\/section>\n\t\t\t\t<section class=\"elementor-section elementor-top-section elementor-element elementor-element-306ad07 elementor-section-boxed elementor-section-height-default elementor-section-height-default\" data-id=\"306ad07\" data-element_type=\"section\">\n\t\t\t\t\t\t<div class=\"elementor-container elementor-column-gap-default\">\n\t\t\t\t\t\t\t<div class=\"elementor-row\">\n\t\t\t\t\t<div class=\"elementor-column elementor-col-100 elementor-top-column elementor-element elementor-element-4203a89\" data-id=\"4203a89\" data-element_type=\"column\">\n\t\t\t<div class=\"elementor-column-wrap elementor-element-populated\">\n\t\t\t\t\t\t\t<div class=\"elementor-widget-wrap\">\n\t\t\t\t\t\t<div class=\"elementor-element elementor-element-a216e59 elementor-widget elementor-widget-spacer\" data-id=\"a216e59\" data-element_type=\"widget\" data-widget_type=\"spacer.default\">\n\t\t\t\t<div class=\"elementor-widget-container\">\n\t\t\t\t\t<div class=\"elementor-spacer\">\n\t\t\t<div class=\"elementor-spacer-inner\"><\/div>\n\t\t<\/div>\n\t\t\t\t<\/div>\n\t\t\t\t<\/div>\n\t\t\t\t\t\t<\/div>\n\t\t\t\t\t<\/div>\n\t\t<\/div>\n\t\t\t\t\t\t\t\t<\/div>\n\t\t\t\t\t<\/div>\n\t\t<\/section>\n\t\t\t\t\t\t\t\t\t<\/div>\n\t\t\t<\/div>\n\t\t\t\t\t<\/div>","protected":false},"excerpt":{"rendered":"<p>Koet \u2013 en vandring i fortidas religi\u00f8se landskap Previous Next Koet \u2013 en vandring i fortidas religi\u00f8se landskap Koet er et omr\u00e5de rikt p\u00e5 kulturminner, med en stor samling gravr\u00f8yser fra eldre jernalder (ca. 500 fvt. -500 evt.). Til n\u00e5 er det registrert rundt 500 gravminner her, spredt rundt i [&hellip;]<\/p>","protected":false},"author":6,"featured_media":521546,"parent":0,"menu_order":0,"comment_status":"closed","ping_status":"closed","template":"","meta":{"ngg_post_thumbnail":0,"footnotes":""},"class_list":["post-521419","page","type-page","status-publish","has-post-thumbnail","hentry"],"yoast_head":"<!-- This site is optimized with the Yoast SEO plugin v26.8 - https:\/\/yoast.com\/product\/yoast-seo-wordpress\/ -->\n<title>Koet - \u00d8rland-TEKS-tmp<\/title>\n<meta name=\"description\" content=\"Gode bo- og jobbmuligheter, kort vei til skole, jobb og fritidsaktiviteter uansett hvor i kommunen du bor. Bredt og variert aktivitetstilbud for store og sm\u00e5. Flytt bedriften eller etabler ny n\u00e6ring p\u00e5 \u00d8rlandet. Kommunen har byggeklart n\u00e6ringsareal b\u00e5de til salgs og til leie.\" \/>\n<meta name=\"robots\" content=\"noindex, follow, max-snippet:-1, max-image-preview:large, max-video-preview:-1\" \/>\n<meta property=\"og:locale\" content=\"en_US\" \/>\n<meta property=\"og:type\" content=\"article\" \/>\n<meta property=\"og:title\" content=\"Koet - \u00d8rland-TEKS-tmp\" \/>\n<meta property=\"og:description\" content=\"Gode bo- og jobbmuligheter, kort vei til skole, jobb og fritidsaktiviteter uansett hvor i kommunen du bor. Bredt og variert aktivitetstilbud for store og sm\u00e5. Flytt bedriften eller etabler ny n\u00e6ring p\u00e5 \u00d8rlandet. Kommunen har byggeklart n\u00e6ringsareal b\u00e5de til salgs og til leie.\" \/>\n<meta property=\"og:url\" content=\"http:\/\/audun.teks.no\/en\/koet\/\" \/>\n<meta property=\"og:site_name\" content=\"\u00d8rland-TEKS-tmp\" \/>\n<meta property=\"article:modified_time\" content=\"2023-09-19T12:44:41+00:00\" \/>\n<meta property=\"og:image\" content=\"http:\/\/audun.teks.no\/wp-content\/uploads\/2023\/08\/Kopparen_Koet1-scaled.jpg\" \/>\n\t<meta property=\"og:image:width\" content=\"2560\" \/>\n\t<meta property=\"og:image:height\" content=\"1920\" \/>\n\t<meta property=\"og:image:type\" content=\"image\/jpeg\" \/>\n<meta name=\"twitter:card\" content=\"summary_large_image\" \/>\n<meta name=\"twitter:label1\" content=\"Est. reading time\" \/>\n\t<meta name=\"twitter:data1\" content=\"4 minutes\" \/>\n<script type=\"application\/ld+json\" class=\"yoast-schema-graph\">{\"@context\":\"https:\/\/schema.org\",\"@graph\":[{\"@type\":\"WebPage\",\"@id\":\"http:\/\/audun.teks.no\/koet\/\",\"url\":\"http:\/\/audun.teks.no\/koet\/\",\"name\":\"Koet - \u00d8rland-TEKS-tmp\",\"isPartOf\":{\"@id\":\"http:\/\/audun.teks.no\/#website\"},\"primaryImageOfPage\":{\"@id\":\"http:\/\/audun.teks.no\/koet\/#primaryimage\"},\"image\":{\"@id\":\"http:\/\/audun.teks.no\/koet\/#primaryimage\"},\"thumbnailUrl\":\"http:\/\/audun.teks.no\/wp-content\/uploads\/2023\/08\/Kopparen_Koet1-scaled.jpg\",\"datePublished\":\"2023-08-28T08:30:37+00:00\",\"dateModified\":\"2023-09-19T12:44:41+00:00\",\"description\":\"Gode bo- og jobbmuligheter, kort vei til skole, jobb og fritidsaktiviteter uansett hvor i kommunen du bor. Bredt og variert aktivitetstilbud for store og sm\u00e5. Flytt bedriften eller etabler ny n\u00e6ring p\u00e5 \u00d8rlandet. Kommunen har byggeklart n\u00e6ringsareal b\u00e5de til salgs og til leie.\",\"breadcrumb\":{\"@id\":\"http:\/\/audun.teks.no\/koet\/#breadcrumb\"},\"inLanguage\":\"en-US\",\"potentialAction\":[{\"@type\":\"ReadAction\",\"target\":[\"http:\/\/audun.teks.no\/koet\/\"]}]},{\"@type\":\"ImageObject\",\"inLanguage\":\"en-US\",\"@id\":\"http:\/\/audun.teks.no\/koet\/#primaryimage\",\"url\":\"http:\/\/audun.teks.no\/wp-content\/uploads\/2023\/08\/Kopparen_Koet1-scaled.jpg\",\"contentUrl\":\"http:\/\/audun.teks.no\/wp-content\/uploads\/2023\/08\/Kopparen_Koet1-scaled.jpg\",\"width\":2560,\"height\":1920,\"caption\":\"Kopparen Koet\"},{\"@type\":\"BreadcrumbList\",\"@id\":\"http:\/\/audun.teks.no\/koet\/#breadcrumb\",\"itemListElement\":[{\"@type\":\"ListItem\",\"position\":1,\"name\":\"Hjem\",\"item\":\"http:\/\/audun.teks.no\/\"},{\"@type\":\"ListItem\",\"position\":2,\"name\":\"Koet\"}]},{\"@type\":\"WebSite\",\"@id\":\"http:\/\/audun.teks.no\/#website\",\"url\":\"http:\/\/audun.teks.no\/\",\"name\":\"\u00d8rland-TEKS-tmp\",\"description\":\"Velkommen til flotte kystopplevelser\",\"publisher\":{\"@id\":\"http:\/\/audun.teks.no\/#organization\"},\"potentialAction\":[{\"@type\":\"SearchAction\",\"target\":{\"@type\":\"EntryPoint\",\"urlTemplate\":\"http:\/\/audun.teks.no\/?s={search_term_string}\"},\"query-input\":{\"@type\":\"PropertyValueSpecification\",\"valueRequired\":true,\"valueName\":\"search_term_string\"}}],\"inLanguage\":\"en-US\"},{\"@type\":\"Organization\",\"@id\":\"http:\/\/audun.teks.no\/#organization\",\"name\":\"\u00d8rland\",\"url\":\"http:\/\/audun.teks.no\/\",\"logo\":{\"@type\":\"ImageObject\",\"inLanguage\":\"en-US\",\"@id\":\"http:\/\/audun.teks.no\/#\/schema\/logo\/image\/\",\"url\":\"http:\/\/audun.teks.no\/wp-content\/uploads\/2020\/04\/RORET-\u00d8rland-kulturforetak-KF.jpg\",\"contentUrl\":\"http:\/\/audun.teks.no\/wp-content\/uploads\/2020\/04\/RORET-\u00d8rland-kulturforetak-KF.jpg\",\"width\":1772,\"height\":969,\"caption\":\"\u00d8rland\"},\"image\":{\"@id\":\"http:\/\/audun.teks.no\/#\/schema\/logo\/image\/\"}}]}<\/script>\n<!-- \/ Yoast SEO plugin. -->","yoast_head_json":{"title":"Koet - \u00d8rland-TEKS-tmp","description":"Gode bo- og jobbmuligheter, kort vei til skole, jobb og fritidsaktiviteter uansett hvor i kommunen du bor. Bredt og variert aktivitetstilbud for store og sm\u00e5. Flytt bedriften eller etabler ny n\u00e6ring p\u00e5 \u00d8rlandet. Kommunen har byggeklart n\u00e6ringsareal b\u00e5de til salgs og til leie.","robots":{"index":"noindex","follow":"follow","max-snippet":"max-snippet:-1","max-image-preview":"max-image-preview:large","max-video-preview":"max-video-preview:-1"},"og_locale":"en_US","og_type":"article","og_title":"Koet - \u00d8rland-TEKS-tmp","og_description":"Gode bo- og jobbmuligheter, kort vei til skole, jobb og fritidsaktiviteter uansett hvor i kommunen du bor. Bredt og variert aktivitetstilbud for store og sm\u00e5. Flytt bedriften eller etabler ny n\u00e6ring p\u00e5 \u00d8rlandet. Kommunen har byggeklart n\u00e6ringsareal b\u00e5de til salgs og til leie.","og_url":"http:\/\/audun.teks.no\/en\/koet\/","og_site_name":"\u00d8rland-TEKS-tmp","article_modified_time":"2023-09-19T12:44:41+00:00","og_image":[{"width":2560,"height":1920,"url":"http:\/\/audun.teks.no\/wp-content\/uploads\/2023\/08\/Kopparen_Koet1-scaled.jpg","type":"image\/jpeg"}],"twitter_card":"summary_large_image","twitter_misc":{"Est. reading time":"4 minutes"},"schema":{"@context":"https:\/\/schema.org","@graph":[{"@type":"WebPage","@id":"http:\/\/audun.teks.no\/koet\/","url":"http:\/\/audun.teks.no\/koet\/","name":"Koet - \u00d8rland-TEKS-tmp","isPartOf":{"@id":"http:\/\/audun.teks.no\/#website"},"primaryImageOfPage":{"@id":"http:\/\/audun.teks.no\/koet\/#primaryimage"},"image":{"@id":"http:\/\/audun.teks.no\/koet\/#primaryimage"},"thumbnailUrl":"http:\/\/audun.teks.no\/wp-content\/uploads\/2023\/08\/Kopparen_Koet1-scaled.jpg","datePublished":"2023-08-28T08:30:37+00:00","dateModified":"2023-09-19T12:44:41+00:00","description":"Gode bo- og jobbmuligheter, kort vei til skole, jobb og fritidsaktiviteter uansett hvor i kommunen du bor. Bredt og variert aktivitetstilbud for store og sm\u00e5. Flytt bedriften eller etabler ny n\u00e6ring p\u00e5 \u00d8rlandet. Kommunen har byggeklart n\u00e6ringsareal b\u00e5de til salgs og til leie.","breadcrumb":{"@id":"http:\/\/audun.teks.no\/koet\/#breadcrumb"},"inLanguage":"en-US","potentialAction":[{"@type":"ReadAction","target":["http:\/\/audun.teks.no\/koet\/"]}]},{"@type":"ImageObject","inLanguage":"en-US","@id":"http:\/\/audun.teks.no\/koet\/#primaryimage","url":"http:\/\/audun.teks.no\/wp-content\/uploads\/2023\/08\/Kopparen_Koet1-scaled.jpg","contentUrl":"http:\/\/audun.teks.no\/wp-content\/uploads\/2023\/08\/Kopparen_Koet1-scaled.jpg","width":2560,"height":1920,"caption":"Kopparen Koet"},{"@type":"BreadcrumbList","@id":"http:\/\/audun.teks.no\/koet\/#breadcrumb","itemListElement":[{"@type":"ListItem","position":1,"name":"Hjem","item":"http:\/\/audun.teks.no\/"},{"@type":"ListItem","position":2,"name":"Koet"}]},{"@type":"WebSite","@id":"http:\/\/audun.teks.no\/#website","url":"http:\/\/audun.teks.no\/","name":"\u00d8rland-TEKS-tmp","description":"Velkommen til flotte kystopplevelser","publisher":{"@id":"http:\/\/audun.teks.no\/#organization"},"potentialAction":[{"@type":"SearchAction","target":{"@type":"EntryPoint","urlTemplate":"http:\/\/audun.teks.no\/?s={search_term_string}"},"query-input":{"@type":"PropertyValueSpecification","valueRequired":true,"valueName":"search_term_string"}}],"inLanguage":"en-US"},{"@type":"Organization","@id":"http:\/\/audun.teks.no\/#organization","name":"\u00d8rland","url":"http:\/\/audun.teks.no\/","logo":{"@type":"ImageObject","inLanguage":"en-US","@id":"http:\/\/audun.teks.no\/#\/schema\/logo\/image\/","url":"http:\/\/audun.teks.no\/wp-content\/uploads\/2020\/04\/RORET-\u00d8rland-kulturforetak-KF.jpg","contentUrl":"http:\/\/audun.teks.no\/wp-content\/uploads\/2020\/04\/RORET-\u00d8rland-kulturforetak-KF.jpg","width":1772,"height":969,"caption":"\u00d8rland"},"image":{"@id":"http:\/\/audun.teks.no\/#\/schema\/logo\/image\/"}}]}},"acf":[],"_links":{"self":[{"href":"http:\/\/audun.teks.no\/en\/wp-json\/wp\/v2\/pages\/521419","targetHints":{"allow":["GET"]}}],"collection":[{"href":"http:\/\/audun.teks.no\/en\/wp-json\/wp\/v2\/pages"}],"about":[{"href":"http:\/\/audun.teks.no\/en\/wp-json\/wp\/v2\/types\/page"}],"author":[{"embeddable":true,"href":"http:\/\/audun.teks.no\/en\/wp-json\/wp\/v2\/users\/6"}],"replies":[{"embeddable":true,"href":"http:\/\/audun.teks.no\/en\/wp-json\/wp\/v2\/comments?post=521419"}],"version-history":[{"count":107,"href":"http:\/\/audun.teks.no\/en\/wp-json\/wp\/v2\/pages\/521419\/revisions"}],"predecessor-version":[{"id":521643,"href":"http:\/\/audun.teks.no\/en\/wp-json\/wp\/v2\/pages\/521419\/revisions\/521643"}],"wp:featuredmedia":[{"embeddable":true,"href":"http:\/\/audun.teks.no\/en\/wp-json\/wp\/v2\/media\/521546"}],"wp:attachment":[{"href":"http:\/\/audun.teks.no\/en\/wp-json\/wp\/v2\/media?parent=521419"}],"curies":[{"name":"wp","href":"https:\/\/api.w.org\/{rel}","templated":true}]}}