{"id":521014,"date":"2022-05-12T08:10:28","date_gmt":"2022-05-12T08:10:28","guid":{"rendered":"https:\/\/www.orland.no\/?page_id=521014"},"modified":"2022-05-12T08:25:21","modified_gmt":"2022-05-12T08:25:21","slug":"festningsloypa","status":"publish","type":"page","link":"http:\/\/audun.teks.no\/en\/festningsloypa\/","title":{"rendered":"Festningsl\u00f8ypa"},"content":{"rendered":"<div class=\"wp-block-themeisle-blocks-advanced-columns has-1-columns has-desktop-equal-layout has-tablet-equal-layout has-mobile-equal-layout has-default-gap has-vertical-unset\" id=\"wp-block-themeisle-blocks-advanced-columns-b8a8f968\"><div class=\"wp-block-themeisle-blocks-advanced-columns-overlay\"><\/div><div class=\"innerblocks-wrap\">\n<div class=\"wp-block-themeisle-blocks-advanced-column\" id=\"wp-block-themeisle-blocks-advanced-column-f30ec704\">\r\n\t\t\t<div class='mapster-wp-maps-container'>\r\n\t\t\t\t<div class='mapster-wp-maps'\r\n\t\t\t\t\tid='mapster-wp-maps-520938'\r\n\t\t\t\t\tdata-id='520938'\r\n\t\t\t\t\tdata-latitude='null'\r\n\t\t\t\t\tdata-longitude='null'\r\n\t\t\t\t\tdata-zoom='null'\r\n\t\t\t\t\tdata-single_feature_id=''>\r\n\t\t\t\t<\/div>\r\n\t\t\t<\/div>\r\n\t\t\n<\/div>\n<\/div><\/div>\n\n\n\n<h3 class=\"wp-block-heading\">Festningsl\u00f8ypa Austr\u00e5tt fort<\/h3>\n\n\n\n<p>Klikk punktene for mer info. Klikk tr\u00e5dkorssymbolet for \u00e5 se din egen posisjon n\u00e5r du g\u00e5r l\u00f8ypa.<\/p>\n\n\n\n<p><strong>Austr\u00e5tt fort (WWII)<\/strong> ble montert av okkupasjonsmakten under andre verdenskrig. Austr\u00e5tt fort ble nedlagt som forsvarsanlegg 1968, men vedlikeholdet fortsatte frem til 1977. Etter restaurering i 1990 ble ansvaret for kanont\u00e5rnet overf\u00f8rt til \u00d8rland kommune, med \u00f8nske om at kommunen skulle tilrettelegge omr\u00e5det som publikumsattraksjon. I 1991 \u00e5pnet anlegget slik det fremst\u00e5r i dag. Sammen med Fosen krigshistoriske samlinger s\u00f8rger kommunen og Nasjonale Festingsverk for at Austr\u00e5tt fort kan oppleves som et minne om andre verdenskrig, med sm\u00e5 og store, lokale og globale grusomheter som det er viktig at vi ikke glemmer.<\/p>\n\n\n\n<p>Austr\u00e5tt fort forvaltes i dag av Forsvarsbygg nasjonale festningsverk.<\/p>\n\n\n\n<h4 class=\"wp-block-heading\">Biologisk mangfold<\/h4>\n\n\n\n<p>Autr\u00e5ttlunden landskapsvernomr\u00e5de har n\u00e6ringsrik grunn og en gunstig helningsretning som gj\u00f8r at varmekj\u00e6re l\u00f8vplanter trives. S\u00f8rsiden av Lundahaugen domineres av edell\u00f8vskog og har en meget rik urteflora. Verdens nordligste eik vokser nord\u00f8st for trippelkanonen. Den er over 400 \u00e5r gammel. Den rike floraen gj\u00f8r at lunden skiller seg fra de jordbruksdominerte flatene omkring. I Austr\u00e5ttlunden er det lagt opp en natur- og kultursti. Stien er cirka tre kilometer lang og har 18 poster.<\/p>\n\n\n\n<h4 class=\"wp-block-heading\">Austr\u00e5tt fort \u2013 en del av Atlanterhavsvollen<\/h4>\n\n\n\n<p>Atlanterhavsvollen kalles den tyske okkupasjonsmaktens forsvarslinje langs kysten av Frankrike, Belgia, Nederland, Tyskland, Danmark og Norge. De tre kystfortene Austr\u00e5tt fort, <a href=\"https:\/\/lokalhistoriewiki.no\/wiki\/M%C3%B8vik_fort\">M\u00f8vik fort<\/a> i Kristiansand og <a href=\"https:\/\/lokalhistoriewiki.no\/wiki\/Trondenes_fort\">Trondenes fort<\/a> i Harstad er definert som nasjonale festningsverk og er en del av Atlanterhavsvollen. Fortene har stor nasjonal og europeisk verdi blant annet fordi de har noen av de st\u00f8rste kanonene som ble brukt under krigen bevart i sine stillinger. Anleggenes har stor kulturhistoriske verdi som del av norsk milit\u00e6rhistorie, b\u00e5de krigshistorien og etterkrigstiden. Fortene er en kilde til opplevelse av okkupasjonen i Norge, den tyske utbyggingen og hvilke f\u00f8lger denne fikk for den norske befolkningen og krigsfanger fra andre land.<\/p>","protected":false},"excerpt":{"rendered":"<p>Festningsl\u00f8ypa Austr\u00e5tt fort Klikk punktene for mer info. Klikk tr\u00e5dkorssymbolet for \u00e5 se din egen posisjon n\u00e5r du g\u00e5r l\u00f8ypa. Austr\u00e5tt fort ble montert av okkupasjonsmakten under andre verdenskrig. Austr\u00e5tt fort ble nedlagt som forsvarsanlegg 1968, men vedlikeholdet fortsatte frem til 1977. Etter restaurering i 1990 ble ansvaret for kanont\u00e5rnet [&hellip;]<\/p>","protected":false},"author":5,"featured_media":518445,"parent":0,"menu_order":0,"comment_status":"closed","ping_status":"closed","template":"","meta":{"ngg_post_thumbnail":0,"footnotes":""},"class_list":["post-521014","page","type-page","status-publish","has-post-thumbnail","hentry"],"yoast_head":"<!-- This site is optimized with the Yoast SEO plugin v26.8 - https:\/\/yoast.com\/product\/yoast-seo-wordpress\/ -->\n<title>Festningsl\u00f8ypa - \u00d8rland-TEKS-tmp<\/title>\n<meta name=\"description\" content=\"Gode bo- og jobbmuligheter, kort vei til skole, jobb og fritidsaktiviteter uansett hvor i kommunen du bor. Bredt og variert aktivitetstilbud for store og sm\u00e5. Flytt bedriften eller etabler ny n\u00e6ring p\u00e5 \u00d8rlandet. Kommunen har byggeklart n\u00e6ringsareal b\u00e5de til salgs og til leie.\" \/>\n<meta name=\"robots\" content=\"noindex, follow, max-snippet:-1, max-image-preview:large, max-video-preview:-1\" \/>\n<meta property=\"og:locale\" content=\"en_US\" \/>\n<meta property=\"og:type\" content=\"article\" \/>\n<meta property=\"og:title\" content=\"Festningsl\u00f8ypa - \u00d8rland-TEKS-tmp\" \/>\n<meta property=\"og:description\" content=\"Gode bo- og jobbmuligheter, kort vei til skole, jobb og fritidsaktiviteter uansett hvor i kommunen du bor. Bredt og variert aktivitetstilbud for store og sm\u00e5. Flytt bedriften eller etabler ny n\u00e6ring p\u00e5 \u00d8rlandet. Kommunen har byggeklart n\u00e6ringsareal b\u00e5de til salgs og til leie.\" \/>\n<meta property=\"og:url\" content=\"http:\/\/audun.teks.no\/en\/festningsloypa\/\" \/>\n<meta property=\"og:site_name\" content=\"\u00d8rland-TEKS-tmp\" \/>\n<meta property=\"article:modified_time\" content=\"2022-05-12T08:25:21+00:00\" \/>\n<meta property=\"og:image\" content=\"http:\/\/audun.teks.no\/wp-content\/uploads\/2020\/04\/Austr\u00e5tt-fort.-GT-1024x1024.jpg\" \/>\n\t<meta property=\"og:image:width\" content=\"1024\" \/>\n\t<meta property=\"og:image:height\" content=\"1024\" \/>\n\t<meta property=\"og:image:type\" content=\"image\/jpeg\" \/>\n<meta name=\"twitter:card\" content=\"summary_large_image\" \/>\n<meta name=\"twitter:label1\" content=\"Est. reading time\" \/>\n\t<meta name=\"twitter:data1\" content=\"2 minutes\" \/>\n<script type=\"application\/ld+json\" class=\"yoast-schema-graph\">{\"@context\":\"https:\/\/schema.org\",\"@graph\":[{\"@type\":\"WebPage\",\"@id\":\"http:\/\/audun.teks.no\/festningsloypa\/\",\"url\":\"http:\/\/audun.teks.no\/festningsloypa\/\",\"name\":\"Festningsl\u00f8ypa - \u00d8rland-TEKS-tmp\",\"isPartOf\":{\"@id\":\"http:\/\/audun.teks.no\/#website\"},\"primaryImageOfPage\":{\"@id\":\"http:\/\/audun.teks.no\/festningsloypa\/#primaryimage\"},\"image\":{\"@id\":\"http:\/\/audun.teks.no\/festningsloypa\/#primaryimage\"},\"thumbnailUrl\":\"http:\/\/audun.teks.no\/wp-content\/uploads\/2020\/04\/Austr\u00e5tt-fort.-GT.jpg\",\"datePublished\":\"2022-05-12T08:10:28+00:00\",\"dateModified\":\"2022-05-12T08:25:21+00:00\",\"description\":\"Gode bo- og jobbmuligheter, kort vei til skole, jobb og fritidsaktiviteter uansett hvor i kommunen du bor. Bredt og variert aktivitetstilbud for store og sm\u00e5. Flytt bedriften eller etabler ny n\u00e6ring p\u00e5 \u00d8rlandet. Kommunen har byggeklart n\u00e6ringsareal b\u00e5de til salgs og til leie.\",\"breadcrumb\":{\"@id\":\"http:\/\/audun.teks.no\/festningsloypa\/#breadcrumb\"},\"inLanguage\":\"en-US\",\"potentialAction\":[{\"@type\":\"ReadAction\",\"target\":[\"http:\/\/audun.teks.no\/festningsloypa\/\"]}]},{\"@type\":\"ImageObject\",\"inLanguage\":\"en-US\",\"@id\":\"http:\/\/audun.teks.no\/festningsloypa\/#primaryimage\",\"url\":\"http:\/\/audun.teks.no\/wp-content\/uploads\/2020\/04\/Austr\u00e5tt-fort.-GT.jpg\",\"contentUrl\":\"http:\/\/audun.teks.no\/wp-content\/uploads\/2020\/04\/Austr\u00e5tt-fort.-GT.jpg\",\"width\":2560,\"height\":2560},{\"@type\":\"BreadcrumbList\",\"@id\":\"http:\/\/audun.teks.no\/festningsloypa\/#breadcrumb\",\"itemListElement\":[{\"@type\":\"ListItem\",\"position\":1,\"name\":\"Hjem\",\"item\":\"http:\/\/audun.teks.no\/\"},{\"@type\":\"ListItem\",\"position\":2,\"name\":\"Festningsl\u00f8ypa\"}]},{\"@type\":\"WebSite\",\"@id\":\"http:\/\/audun.teks.no\/#website\",\"url\":\"http:\/\/audun.teks.no\/\",\"name\":\"\u00d8rland-TEKS-tmp\",\"description\":\"Velkommen til flotte kystopplevelser\",\"publisher\":{\"@id\":\"http:\/\/audun.teks.no\/#organization\"},\"potentialAction\":[{\"@type\":\"SearchAction\",\"target\":{\"@type\":\"EntryPoint\",\"urlTemplate\":\"http:\/\/audun.teks.no\/?s={search_term_string}\"},\"query-input\":{\"@type\":\"PropertyValueSpecification\",\"valueRequired\":true,\"valueName\":\"search_term_string\"}}],\"inLanguage\":\"en-US\"},{\"@type\":\"Organization\",\"@id\":\"http:\/\/audun.teks.no\/#organization\",\"name\":\"\u00d8rland\",\"url\":\"http:\/\/audun.teks.no\/\",\"logo\":{\"@type\":\"ImageObject\",\"inLanguage\":\"en-US\",\"@id\":\"http:\/\/audun.teks.no\/#\/schema\/logo\/image\/\",\"url\":\"http:\/\/audun.teks.no\/wp-content\/uploads\/2020\/04\/RORET-\u00d8rland-kulturforetak-KF.jpg\",\"contentUrl\":\"http:\/\/audun.teks.no\/wp-content\/uploads\/2020\/04\/RORET-\u00d8rland-kulturforetak-KF.jpg\",\"width\":1772,\"height\":969,\"caption\":\"\u00d8rland\"},\"image\":{\"@id\":\"http:\/\/audun.teks.no\/#\/schema\/logo\/image\/\"}}]}<\/script>\n<!-- \/ Yoast SEO plugin. -->","yoast_head_json":{"title":"Festningsl\u00f8ypa - \u00d8rland-TEKS-tmp","description":"Gode bo- og jobbmuligheter, kort vei til skole, jobb og fritidsaktiviteter uansett hvor i kommunen du bor. Bredt og variert aktivitetstilbud for store og sm\u00e5. Flytt bedriften eller etabler ny n\u00e6ring p\u00e5 \u00d8rlandet. Kommunen har byggeklart n\u00e6ringsareal b\u00e5de til salgs og til leie.","robots":{"index":"noindex","follow":"follow","max-snippet":"max-snippet:-1","max-image-preview":"max-image-preview:large","max-video-preview":"max-video-preview:-1"},"og_locale":"en_US","og_type":"article","og_title":"Festningsl\u00f8ypa - \u00d8rland-TEKS-tmp","og_description":"Gode bo- og jobbmuligheter, kort vei til skole, jobb og fritidsaktiviteter uansett hvor i kommunen du bor. Bredt og variert aktivitetstilbud for store og sm\u00e5. Flytt bedriften eller etabler ny n\u00e6ring p\u00e5 \u00d8rlandet. Kommunen har byggeklart n\u00e6ringsareal b\u00e5de til salgs og til leie.","og_url":"http:\/\/audun.teks.no\/en\/festningsloypa\/","og_site_name":"\u00d8rland-TEKS-tmp","article_modified_time":"2022-05-12T08:25:21+00:00","og_image":[{"width":1024,"height":1024,"url":"http:\/\/audun.teks.no\/wp-content\/uploads\/2020\/04\/Austr\u00e5tt-fort.-GT-1024x1024.jpg","type":"image\/jpeg"}],"twitter_card":"summary_large_image","twitter_misc":{"Est. reading time":"2 minutes"},"schema":{"@context":"https:\/\/schema.org","@graph":[{"@type":"WebPage","@id":"http:\/\/audun.teks.no\/festningsloypa\/","url":"http:\/\/audun.teks.no\/festningsloypa\/","name":"Festningsl\u00f8ypa - \u00d8rland-TEKS-tmp","isPartOf":{"@id":"http:\/\/audun.teks.no\/#website"},"primaryImageOfPage":{"@id":"http:\/\/audun.teks.no\/festningsloypa\/#primaryimage"},"image":{"@id":"http:\/\/audun.teks.no\/festningsloypa\/#primaryimage"},"thumbnailUrl":"http:\/\/audun.teks.no\/wp-content\/uploads\/2020\/04\/Austr\u00e5tt-fort.-GT.jpg","datePublished":"2022-05-12T08:10:28+00:00","dateModified":"2022-05-12T08:25:21+00:00","description":"Gode bo- og jobbmuligheter, kort vei til skole, jobb og fritidsaktiviteter uansett hvor i kommunen du bor. Bredt og variert aktivitetstilbud for store og sm\u00e5. Flytt bedriften eller etabler ny n\u00e6ring p\u00e5 \u00d8rlandet. Kommunen har byggeklart n\u00e6ringsareal b\u00e5de til salgs og til leie.","breadcrumb":{"@id":"http:\/\/audun.teks.no\/festningsloypa\/#breadcrumb"},"inLanguage":"en-US","potentialAction":[{"@type":"ReadAction","target":["http:\/\/audun.teks.no\/festningsloypa\/"]}]},{"@type":"ImageObject","inLanguage":"en-US","@id":"http:\/\/audun.teks.no\/festningsloypa\/#primaryimage","url":"http:\/\/audun.teks.no\/wp-content\/uploads\/2020\/04\/Austr\u00e5tt-fort.-GT.jpg","contentUrl":"http:\/\/audun.teks.no\/wp-content\/uploads\/2020\/04\/Austr\u00e5tt-fort.-GT.jpg","width":2560,"height":2560},{"@type":"BreadcrumbList","@id":"http:\/\/audun.teks.no\/festningsloypa\/#breadcrumb","itemListElement":[{"@type":"ListItem","position":1,"name":"Hjem","item":"http:\/\/audun.teks.no\/"},{"@type":"ListItem","position":2,"name":"Festningsl\u00f8ypa"}]},{"@type":"WebSite","@id":"http:\/\/audun.teks.no\/#website","url":"http:\/\/audun.teks.no\/","name":"\u00d8rland-TEKS-tmp","description":"Velkommen til flotte kystopplevelser","publisher":{"@id":"http:\/\/audun.teks.no\/#organization"},"potentialAction":[{"@type":"SearchAction","target":{"@type":"EntryPoint","urlTemplate":"http:\/\/audun.teks.no\/?s={search_term_string}"},"query-input":{"@type":"PropertyValueSpecification","valueRequired":true,"valueName":"search_term_string"}}],"inLanguage":"en-US"},{"@type":"Organization","@id":"http:\/\/audun.teks.no\/#organization","name":"\u00d8rland","url":"http:\/\/audun.teks.no\/","logo":{"@type":"ImageObject","inLanguage":"en-US","@id":"http:\/\/audun.teks.no\/#\/schema\/logo\/image\/","url":"http:\/\/audun.teks.no\/wp-content\/uploads\/2020\/04\/RORET-\u00d8rland-kulturforetak-KF.jpg","contentUrl":"http:\/\/audun.teks.no\/wp-content\/uploads\/2020\/04\/RORET-\u00d8rland-kulturforetak-KF.jpg","width":1772,"height":969,"caption":"\u00d8rland"},"image":{"@id":"http:\/\/audun.teks.no\/#\/schema\/logo\/image\/"}}]}},"acf":[],"_links":{"self":[{"href":"http:\/\/audun.teks.no\/en\/wp-json\/wp\/v2\/pages\/521014","targetHints":{"allow":["GET"]}}],"collection":[{"href":"http:\/\/audun.teks.no\/en\/wp-json\/wp\/v2\/pages"}],"about":[{"href":"http:\/\/audun.teks.no\/en\/wp-json\/wp\/v2\/types\/page"}],"author":[{"embeddable":true,"href":"http:\/\/audun.teks.no\/en\/wp-json\/wp\/v2\/users\/5"}],"replies":[{"embeddable":true,"href":"http:\/\/audun.teks.no\/en\/wp-json\/wp\/v2\/comments?post=521014"}],"version-history":[{"count":5,"href":"http:\/\/audun.teks.no\/en\/wp-json\/wp\/v2\/pages\/521014\/revisions"}],"predecessor-version":[{"id":521019,"href":"http:\/\/audun.teks.no\/en\/wp-json\/wp\/v2\/pages\/521014\/revisions\/521019"}],"wp:featuredmedia":[{"embeddable":true,"href":"http:\/\/audun.teks.no\/en\/wp-json\/wp\/v2\/media\/518445"}],"wp:attachment":[{"href":"http:\/\/audun.teks.no\/en\/wp-json\/wp\/v2\/media?parent=521014"}],"curies":[{"name":"wp","href":"https:\/\/api.w.org\/{rel}","templated":true}]}}