{"id":519894,"date":"2020-11-30T19:41:57","date_gmt":"2020-11-30T19:41:57","guid":{"rendered":"https:\/\/www.orland.no\/?page_id=519894"},"modified":"2020-11-30T20:05:02","modified_gmt":"2020-11-30T20:05:02","slug":"bjugn-sentrum","status":"publish","type":"page","link":"http:\/\/audun.teks.no\/en\/bjugn-sentrum\/","title":{"rendered":"Bjugn sentrum"},"content":{"rendered":"<div class=\"wp-block-themeisle-blocks-advanced-columns has-1-columns has-desktop-equal-layout has-tablet-equal-layout has-mobile-equal-layout has-default-gap has-vertical-unset\" id=\"wp-block-themeisle-blocks-advanced-columns-39b0f62a\"><div class=\"wp-block-themeisle-blocks-advanced-columns-overlay\"><\/div><div class=\"innerblocks-wrap\">\n<div class=\"wp-block-themeisle-blocks-advanced-column\" id=\"wp-block-themeisle-blocks-advanced-column-d40f78ef\">\n<figure class=\"wp-block-image size-large\"><img loading=\"lazy\" decoding=\"async\" width=\"870\" height=\"530\" src=\"http:\/\/audun.teks.no\/wp-content\/uploads\/2020\/11\/Flyfoto-fra-Bjugn-kommune-29.07.2014-Fotograf-Harald-M.jpg\" alt=\"\" class=\"wp-image-519905\" srcset=\"http:\/\/audun.teks.no\/wp-content\/uploads\/2020\/11\/Flyfoto-fra-Bjugn-kommune-29.07.2014-Fotograf-Harald-M.jpg 870w, http:\/\/audun.teks.no\/wp-content\/uploads\/2020\/11\/Flyfoto-fra-Bjugn-kommune-29.07.2014-Fotograf-Harald-M-300x183.jpg 300w, http:\/\/audun.teks.no\/wp-content\/uploads\/2020\/11\/Flyfoto-fra-Bjugn-kommune-29.07.2014-Fotograf-Harald-M-768x468.jpg 768w\" sizes=\"auto, (max-width: 870px) 100vw, 870px\" \/><figcaption><em>Foto: Harald M. Valderhaug<\/em><\/figcaption><\/figure>\n<\/div>\n<\/div><\/div>\n\n\n\n<p>Bjugn har dagligvareforretninger, cafeer, byggevarefirma, fris\u00f8rsalonger, restauranter, gaveforretning, sportsbutikk, lyd &amp; bilde, kiosk, bensinstasjon, gartneri, apotek, bank, fargehandel, flere bilmerker, g\u00e5rdsbutikker og Vinmonopol. Det finnes flere muligheter for leie av butikk-, restaurant og kontorlokaler.\u00a0<\/p>\n\n\n\n<p>Gangavstand til butikker, kj\u00f8pesenter, idrettshall, <a href=\"https:\/\/fosenhallen.no\/\" target=\"_blank\" rel=\"noreferrer noopener\">FosenHallen sk\u00f8ytehall<\/a>, kulturhus og n\u00e6rhet til lysl\u00f8ype og fantastiske turomr\u00e5der. I sentrum ligger <a href=\"https:\/\/bjugnhotell.no\/\" target=\"_blank\" rel=\"noreferrer noopener\">Bjugn hotell<\/a> med 12 enkeltrom, 15 familierom og en suite.<\/p>\n\n\n\n<p><\/p>\n\n\n\n<p>Beliggende p\u00e5 Fosenhalv\u00f8ya har Bjugn sentrum kort avstand med bil\/buss b\u00e5de til \u00d8rland (15 min), \u00c5fjord (30 min) og Rissa (45 min). Reisetiden til Trondheim er ca. 1 time og 45 min, uansett om man reiser med buss og hurtigb\u00e5t fra Brekstad, eller om man kj\u00f8rer bil og tar ferga R\u00f8rvik-Flakk.<\/p>\n\n\n\n<figure class=\"wp-block-gallery columns-3 is-cropped wp-block-gallery-1 is-layout-flex wp-block-gallery-is-layout-flex\"><ul class=\"blocks-gallery-grid\"><li class=\"blocks-gallery-item\"><figure><img loading=\"lazy\" decoding=\"async\" width=\"1024\" height=\"680\" src=\"http:\/\/audun.teks.no\/wp-content\/uploads\/2018\/04\/finn-2-1024x680.jpg\" alt=\"\" data-id=\"1799\" data-full-url=\"http:\/\/audun.teks.no\/wp-content\/uploads\/2018\/04\/finn-2.jpg\" data-link=\"http:\/\/audun.teks.no\/finn-3\/\" class=\"wp-image-1799\" srcset=\"http:\/\/audun.teks.no\/wp-content\/uploads\/2018\/04\/finn-2-1024x680.jpg 1024w, http:\/\/audun.teks.no\/wp-content\/uploads\/2018\/04\/finn-2-300x199.jpg 300w, http:\/\/audun.teks.no\/wp-content\/uploads\/2018\/04\/finn-2-768x510.jpg 768w, http:\/\/audun.teks.no\/wp-content\/uploads\/2018\/04\/finn-2-360x240.jpg 360w, http:\/\/audun.teks.no\/wp-content\/uploads\/2018\/04\/finn-2.jpg 1920w\" sizes=\"auto, (max-width: 1024px) 100vw, 1024px\" \/><figcaption class=\"blocks-gallery-item__caption\"><a href=\"https:\/\/www.finn.no\/realestate\/businessplots\/search.html?filters=&amp;location=1.20016.20323\" target=\"_blank\" rel=\"noreferrer noopener\"><strong><span class=\"has-inline-color has-white-color\">N\u00e6ringstomter<\/span><\/strong><\/a><\/figcaption><\/figure><\/li><li class=\"blocks-gallery-item\"><figure><img loading=\"lazy\" decoding=\"async\" width=\"1024\" height=\"680\" src=\"http:\/\/audun.teks.no\/wp-content\/uploads\/2018\/04\/finn-2-1024x680.jpg\" alt=\"\" data-id=\"959\" data-full-url=\"http:\/\/audun.teks.no\/wp-content\/uploads\/2018\/04\/finn-2.jpg\" data-link=\"http:\/\/audun.teks.no\/brekstad-sentrum\/finn-3-2\/\" class=\"wp-image-959\" srcset=\"http:\/\/audun.teks.no\/wp-content\/uploads\/2018\/04\/finn-2-1024x680.jpg 1024w, http:\/\/audun.teks.no\/wp-content\/uploads\/2018\/04\/finn-2-300x199.jpg 300w, http:\/\/audun.teks.no\/wp-content\/uploads\/2018\/04\/finn-2-768x510.jpg 768w, http:\/\/audun.teks.no\/wp-content\/uploads\/2018\/04\/finn-2-360x240.jpg 360w, http:\/\/audun.teks.no\/wp-content\/uploads\/2018\/04\/finn-2.jpg 1920w\" sizes=\"auto, (max-width: 1024px) 100vw, 1024px\" \/><figcaption class=\"blocks-gallery-item__caption\"><a href=\"https:\/\/www.finn.no\/realestate\/businesssale\/search.html?filters=&amp;location=1.20016.20323\" target=\"_blank\" rel=\"noreferrer noopener\"><span class=\"has-inline-color has-white-color\">Utleie n\u00e6ringstomt\/bygg<\/span><\/a><\/figcaption><\/figure><\/li><li class=\"blocks-gallery-item\"><figure><img loading=\"lazy\" decoding=\"async\" width=\"1024\" height=\"680\" src=\"http:\/\/audun.teks.no\/wp-content\/uploads\/2018\/04\/finn-1-1024x680.jpg\" alt=\"\" data-id=\"1798\" data-full-url=\"http:\/\/audun.teks.no\/wp-content\/uploads\/2018\/04\/finn-1.jpg\" data-link=\"http:\/\/audun.teks.no\/finn-2\/\" class=\"wp-image-1798\" srcset=\"http:\/\/audun.teks.no\/wp-content\/uploads\/2018\/04\/finn-1-1024x680.jpg 1024w, http:\/\/audun.teks.no\/wp-content\/uploads\/2018\/04\/finn-1-300x199.jpg 300w, http:\/\/audun.teks.no\/wp-content\/uploads\/2018\/04\/finn-1-768x510.jpg 768w, http:\/\/audun.teks.no\/wp-content\/uploads\/2018\/04\/finn-1-360x240.jpg 360w, http:\/\/audun.teks.no\/wp-content\/uploads\/2018\/04\/finn-1.jpg 1920w\" sizes=\"auto, (max-width: 1024px) 100vw, 1024px\" \/><figcaption class=\"blocks-gallery-item__caption\"><a href=\"https:\/\/www.finn.no\/realestate\/businesssale\/search.html?filters=&amp;location=1.20016.20323\" target=\"_blank\" rel=\"noreferrer noopener\"><span class=\"has-inline-color has-white-color\">Salg n\u00e6ringstomt\/bygg <\/span><\/a><\/figcaption><\/figure><\/li><\/ul><\/figure>\n\n\n\n<h3 class=\"wp-block-heading\">Kontaktinformasjon<\/h3>\n\n\n\n<p>Enhetsleder n\u00e6ring Arne Martin Solli<\/p>\n\n\n\n<ul class=\"wp-block-list\"><li>Tel 415 52 116<\/li><li>ams@orland.kommune.no<\/li><\/ul>\n\n\n\n<p><\/p>","protected":false},"excerpt":{"rendered":"<p>Bjugn har dagligvareforretninger, cafeer, byggevarefirma, fris\u00f8rsalonger, restauranter, gaveforretning, sportsbutikk, lyd &amp; bilde, kiosk, bensinstasjon, gartneri, apotek, bank, fargehandel, flere bilmerker, g\u00e5rdsbutikker og Vinmonopol. Det finnes flere muligheter for leie av butikk-, restaurant og kontorlokaler.\u00a0 Gangavstand til butikker, kj\u00f8pesenter, idrettshall, FosenHallen sk\u00f8ytehall, kulturhus og n\u00e6rhet til lysl\u00f8ype og fantastiske turomr\u00e5der. I [&hellip;]<\/p>","protected":false},"author":4,"featured_media":519895,"parent":0,"menu_order":0,"comment_status":"closed","ping_status":"closed","template":"","meta":{"ngg_post_thumbnail":0,"footnotes":""},"class_list":["post-519894","page","type-page","status-publish","has-post-thumbnail","hentry"],"yoast_head":"<!-- This site is optimized with the Yoast SEO plugin v26.8 - https:\/\/yoast.com\/product\/yoast-seo-wordpress\/ -->\n<title>Bjugn sentrum - \u00d8rland-TEKS-tmp<\/title>\n<meta name=\"description\" content=\"Gode bo- og jobbmuligheter, kort vei til skole, jobb og fritidsaktiviteter uansett hvor i kommunen du bor. Bredt og variert aktivitetstilbud for store og sm\u00e5. Flytt bedriften eller etabler ny n\u00e6ring p\u00e5 \u00d8rlandet. Kommunen har byggeklart n\u00e6ringsareal b\u00e5de til salgs og til leie.\" \/>\n<meta name=\"robots\" content=\"noindex, follow, max-snippet:-1, max-image-preview:large, max-video-preview:-1\" \/>\n<meta property=\"og:locale\" content=\"en_US\" \/>\n<meta property=\"og:type\" content=\"article\" \/>\n<meta property=\"og:title\" content=\"Bjugn sentrum - \u00d8rland-TEKS-tmp\" \/>\n<meta property=\"og:description\" content=\"Gode bo- og jobbmuligheter, kort vei til skole, jobb og fritidsaktiviteter uansett hvor i kommunen du bor. Bredt og variert aktivitetstilbud for store og sm\u00e5. Flytt bedriften eller etabler ny n\u00e6ring p\u00e5 \u00d8rlandet. Kommunen har byggeklart n\u00e6ringsareal b\u00e5de til salgs og til leie.\" \/>\n<meta property=\"og:url\" content=\"http:\/\/audun.teks.no\/en\/bjugn-sentrum\/\" \/>\n<meta property=\"og:site_name\" content=\"\u00d8rland-TEKS-tmp\" \/>\n<meta property=\"article:modified_time\" content=\"2020-11-30T20:05:02+00:00\" \/>\n<meta property=\"og:image\" content=\"http:\/\/audun.teks.no\/wp-content\/uploads\/2020\/11\/Orland-radhus.jpg\" \/>\n\t<meta property=\"og:image:width\" content=\"980\" \/>\n\t<meta property=\"og:image:height\" content=\"551\" \/>\n\t<meta property=\"og:image:type\" content=\"image\/jpeg\" \/>\n<meta name=\"twitter:card\" content=\"summary_large_image\" \/>\n<meta name=\"twitter:label1\" content=\"Est. reading time\" \/>\n\t<meta name=\"twitter:data1\" content=\"1 minute\" \/>\n<script type=\"application\/ld+json\" class=\"yoast-schema-graph\">{\"@context\":\"https:\/\/schema.org\",\"@graph\":[{\"@type\":\"WebPage\",\"@id\":\"http:\/\/audun.teks.no\/bjugn-sentrum\/\",\"url\":\"http:\/\/audun.teks.no\/bjugn-sentrum\/\",\"name\":\"Bjugn sentrum - \u00d8rland-TEKS-tmp\",\"isPartOf\":{\"@id\":\"http:\/\/audun.teks.no\/#website\"},\"primaryImageOfPage\":{\"@id\":\"http:\/\/audun.teks.no\/bjugn-sentrum\/#primaryimage\"},\"image\":{\"@id\":\"http:\/\/audun.teks.no\/bjugn-sentrum\/#primaryimage\"},\"thumbnailUrl\":\"http:\/\/audun.teks.no\/wp-content\/uploads\/2020\/11\/Orland-radhus.jpg\",\"datePublished\":\"2020-11-30T19:41:57+00:00\",\"dateModified\":\"2020-11-30T20:05:02+00:00\",\"description\":\"Gode bo- og jobbmuligheter, kort vei til skole, jobb og fritidsaktiviteter uansett hvor i kommunen du bor. Bredt og variert aktivitetstilbud for store og sm\u00e5. Flytt bedriften eller etabler ny n\u00e6ring p\u00e5 \u00d8rlandet. Kommunen har byggeklart n\u00e6ringsareal b\u00e5de til salgs og til leie.\",\"breadcrumb\":{\"@id\":\"http:\/\/audun.teks.no\/bjugn-sentrum\/#breadcrumb\"},\"inLanguage\":\"en-US\",\"potentialAction\":[{\"@type\":\"ReadAction\",\"target\":[\"http:\/\/audun.teks.no\/bjugn-sentrum\/\"]}]},{\"@type\":\"ImageObject\",\"inLanguage\":\"en-US\",\"@id\":\"http:\/\/audun.teks.no\/bjugn-sentrum\/#primaryimage\",\"url\":\"http:\/\/audun.teks.no\/wp-content\/uploads\/2020\/11\/Orland-radhus.jpg\",\"contentUrl\":\"http:\/\/audun.teks.no\/wp-content\/uploads\/2020\/11\/Orland-radhus.jpg\",\"width\":980,\"height\":551,\"caption\":\"Bjugn sentrum\"},{\"@type\":\"BreadcrumbList\",\"@id\":\"http:\/\/audun.teks.no\/bjugn-sentrum\/#breadcrumb\",\"itemListElement\":[{\"@type\":\"ListItem\",\"position\":1,\"name\":\"Hjem\",\"item\":\"http:\/\/audun.teks.no\/\"},{\"@type\":\"ListItem\",\"position\":2,\"name\":\"Bjugn sentrum\"}]},{\"@type\":\"WebSite\",\"@id\":\"http:\/\/audun.teks.no\/#website\",\"url\":\"http:\/\/audun.teks.no\/\",\"name\":\"\u00d8rland-TEKS-tmp\",\"description\":\"Velkommen til flotte kystopplevelser\",\"publisher\":{\"@id\":\"http:\/\/audun.teks.no\/#organization\"},\"potentialAction\":[{\"@type\":\"SearchAction\",\"target\":{\"@type\":\"EntryPoint\",\"urlTemplate\":\"http:\/\/audun.teks.no\/?s={search_term_string}\"},\"query-input\":{\"@type\":\"PropertyValueSpecification\",\"valueRequired\":true,\"valueName\":\"search_term_string\"}}],\"inLanguage\":\"en-US\"},{\"@type\":\"Organization\",\"@id\":\"http:\/\/audun.teks.no\/#organization\",\"name\":\"\u00d8rland\",\"url\":\"http:\/\/audun.teks.no\/\",\"logo\":{\"@type\":\"ImageObject\",\"inLanguage\":\"en-US\",\"@id\":\"http:\/\/audun.teks.no\/#\/schema\/logo\/image\/\",\"url\":\"http:\/\/audun.teks.no\/wp-content\/uploads\/2020\/04\/RORET-\u00d8rland-kulturforetak-KF.jpg\",\"contentUrl\":\"http:\/\/audun.teks.no\/wp-content\/uploads\/2020\/04\/RORET-\u00d8rland-kulturforetak-KF.jpg\",\"width\":1772,\"height\":969,\"caption\":\"\u00d8rland\"},\"image\":{\"@id\":\"http:\/\/audun.teks.no\/#\/schema\/logo\/image\/\"}}]}<\/script>\n<!-- \/ Yoast SEO plugin. -->","yoast_head_json":{"title":"Bjugn sentrum - \u00d8rland-TEKS-tmp","description":"Gode bo- og jobbmuligheter, kort vei til skole, jobb og fritidsaktiviteter uansett hvor i kommunen du bor. Bredt og variert aktivitetstilbud for store og sm\u00e5. Flytt bedriften eller etabler ny n\u00e6ring p\u00e5 \u00d8rlandet. Kommunen har byggeklart n\u00e6ringsareal b\u00e5de til salgs og til leie.","robots":{"index":"noindex","follow":"follow","max-snippet":"max-snippet:-1","max-image-preview":"max-image-preview:large","max-video-preview":"max-video-preview:-1"},"og_locale":"en_US","og_type":"article","og_title":"Bjugn sentrum - \u00d8rland-TEKS-tmp","og_description":"Gode bo- og jobbmuligheter, kort vei til skole, jobb og fritidsaktiviteter uansett hvor i kommunen du bor. Bredt og variert aktivitetstilbud for store og sm\u00e5. Flytt bedriften eller etabler ny n\u00e6ring p\u00e5 \u00d8rlandet. Kommunen har byggeklart n\u00e6ringsareal b\u00e5de til salgs og til leie.","og_url":"http:\/\/audun.teks.no\/en\/bjugn-sentrum\/","og_site_name":"\u00d8rland-TEKS-tmp","article_modified_time":"2020-11-30T20:05:02+00:00","og_image":[{"width":980,"height":551,"url":"http:\/\/audun.teks.no\/wp-content\/uploads\/2020\/11\/Orland-radhus.jpg","type":"image\/jpeg"}],"twitter_card":"summary_large_image","twitter_misc":{"Est. reading time":"1 minute"},"schema":{"@context":"https:\/\/schema.org","@graph":[{"@type":"WebPage","@id":"http:\/\/audun.teks.no\/bjugn-sentrum\/","url":"http:\/\/audun.teks.no\/bjugn-sentrum\/","name":"Bjugn sentrum - \u00d8rland-TEKS-tmp","isPartOf":{"@id":"http:\/\/audun.teks.no\/#website"},"primaryImageOfPage":{"@id":"http:\/\/audun.teks.no\/bjugn-sentrum\/#primaryimage"},"image":{"@id":"http:\/\/audun.teks.no\/bjugn-sentrum\/#primaryimage"},"thumbnailUrl":"http:\/\/audun.teks.no\/wp-content\/uploads\/2020\/11\/Orland-radhus.jpg","datePublished":"2020-11-30T19:41:57+00:00","dateModified":"2020-11-30T20:05:02+00:00","description":"Gode bo- og jobbmuligheter, kort vei til skole, jobb og fritidsaktiviteter uansett hvor i kommunen du bor. Bredt og variert aktivitetstilbud for store og sm\u00e5. Flytt bedriften eller etabler ny n\u00e6ring p\u00e5 \u00d8rlandet. Kommunen har byggeklart n\u00e6ringsareal b\u00e5de til salgs og til leie.","breadcrumb":{"@id":"http:\/\/audun.teks.no\/bjugn-sentrum\/#breadcrumb"},"inLanguage":"en-US","potentialAction":[{"@type":"ReadAction","target":["http:\/\/audun.teks.no\/bjugn-sentrum\/"]}]},{"@type":"ImageObject","inLanguage":"en-US","@id":"http:\/\/audun.teks.no\/bjugn-sentrum\/#primaryimage","url":"http:\/\/audun.teks.no\/wp-content\/uploads\/2020\/11\/Orland-radhus.jpg","contentUrl":"http:\/\/audun.teks.no\/wp-content\/uploads\/2020\/11\/Orland-radhus.jpg","width":980,"height":551,"caption":"Bjugn sentrum"},{"@type":"BreadcrumbList","@id":"http:\/\/audun.teks.no\/bjugn-sentrum\/#breadcrumb","itemListElement":[{"@type":"ListItem","position":1,"name":"Hjem","item":"http:\/\/audun.teks.no\/"},{"@type":"ListItem","position":2,"name":"Bjugn sentrum"}]},{"@type":"WebSite","@id":"http:\/\/audun.teks.no\/#website","url":"http:\/\/audun.teks.no\/","name":"\u00d8rland-TEKS-tmp","description":"Velkommen til flotte kystopplevelser","publisher":{"@id":"http:\/\/audun.teks.no\/#organization"},"potentialAction":[{"@type":"SearchAction","target":{"@type":"EntryPoint","urlTemplate":"http:\/\/audun.teks.no\/?s={search_term_string}"},"query-input":{"@type":"PropertyValueSpecification","valueRequired":true,"valueName":"search_term_string"}}],"inLanguage":"en-US"},{"@type":"Organization","@id":"http:\/\/audun.teks.no\/#organization","name":"\u00d8rland","url":"http:\/\/audun.teks.no\/","logo":{"@type":"ImageObject","inLanguage":"en-US","@id":"http:\/\/audun.teks.no\/#\/schema\/logo\/image\/","url":"http:\/\/audun.teks.no\/wp-content\/uploads\/2020\/04\/RORET-\u00d8rland-kulturforetak-KF.jpg","contentUrl":"http:\/\/audun.teks.no\/wp-content\/uploads\/2020\/04\/RORET-\u00d8rland-kulturforetak-KF.jpg","width":1772,"height":969,"caption":"\u00d8rland"},"image":{"@id":"http:\/\/audun.teks.no\/#\/schema\/logo\/image\/"}}]}},"acf":[],"_links":{"self":[{"href":"http:\/\/audun.teks.no\/en\/wp-json\/wp\/v2\/pages\/519894","targetHints":{"allow":["GET"]}}],"collection":[{"href":"http:\/\/audun.teks.no\/en\/wp-json\/wp\/v2\/pages"}],"about":[{"href":"http:\/\/audun.teks.no\/en\/wp-json\/wp\/v2\/types\/page"}],"author":[{"embeddable":true,"href":"http:\/\/audun.teks.no\/en\/wp-json\/wp\/v2\/users\/4"}],"replies":[{"embeddable":true,"href":"http:\/\/audun.teks.no\/en\/wp-json\/wp\/v2\/comments?post=519894"}],"version-history":[{"count":11,"href":"http:\/\/audun.teks.no\/en\/wp-json\/wp\/v2\/pages\/519894\/revisions"}],"predecessor-version":[{"id":519910,"href":"http:\/\/audun.teks.no\/en\/wp-json\/wp\/v2\/pages\/519894\/revisions\/519910"}],"wp:featuredmedia":[{"embeddable":true,"href":"http:\/\/audun.teks.no\/en\/wp-json\/wp\/v2\/media\/519895"}],"wp:attachment":[{"href":"http:\/\/audun.teks.no\/en\/wp-json\/wp\/v2\/media?parent=519894"}],"curies":[{"name":"wp","href":"https:\/\/api.w.org\/{rel}","templated":true}]}}