{"id":519876,"date":"2020-11-30T16:13:41","date_gmt":"2020-11-30T16:13:41","guid":{"rendered":"https:\/\/www.orland.no\/?page_id=519876"},"modified":"2020-12-01T15:41:45","modified_gmt":"2020-12-01T15:41:45","slug":"myran-industriomrade","status":"publish","type":"page","link":"http:\/\/audun.teks.no\/en\/myran-industriomrade\/","title":{"rendered":"Myran Industriomr\u00e5de"},"content":{"rendered":"<div class=\"wp-block-themeisle-blocks-advanced-columns has-1-columns has-desktop-equal-layout has-tablet-equal-layout has-mobile-equal-layout has-default-gap has-vertical-unset\" id=\"wp-block-themeisle-blocks-advanced-columns-de97f915\"><div class=\"wp-block-themeisle-blocks-advanced-columns-overlay\"><\/div><div class=\"innerblocks-wrap\">\n<div class=\"wp-block-themeisle-blocks-advanced-column\" id=\"wp-block-themeisle-blocks-advanced-column-40c02b20\">\n<p>Myran industriomr\u00e5de p\u00e5 ca. 224 daa er en delvis privat, delvis kommunalt eid n\u00e6ringspark \u00f8st for Bjugn sentrum og 15 minutter fra Brekstad. Omr\u00e5det best\u00e5r av\u00a0 opparbeidede tomter og en god del uutviklet areal som kan utvikles for de rette akt\u00f8rene. Steinmasse i omr\u00e5det.<\/p>\n<p><span>Ledige tomter. <\/span><\/p>\n<h3><span style=\"color: #333333;\">Standard<\/span><\/h3>\n<p>Utnyttingsgrad ikke over 40%<\/p>\n<ul>\n<li><a href=\"http:\/\/audun.teks.no\/wp-content\/uploads\/2020\/11\/plankart-Myran-I-2-liten.pdf\" data-wplink-edit=\"true\">Plankart<\/a><a href=\"https:\/\/kart.fosen.net\/webinnsyn\/Content\/plandialog\/GetGIplanregisterFil.aspx?systemid=FC29A5ACD11242E599D5883F897E6532&amp;k=5057&amp;arkivnavn=WINMAP\" target=\"_blank\" rel=\"noopener noreferrer\"><\/a><\/li>\n<li><a href=\"https:\/\/kart.fosen.net\/webinnsyn\/Content\/plandialog\/GetGIplanregisterFil.aspx?systemid=A723FE928F164A7B90B1D283CB6CA37D&amp;k=5057&amp;arkivnavn=WINMAP\" target=\"_blank\" rel=\"noopener noreferrer\">Reguleringsbestemmelser<\/a><\/li>\n<\/ul>\n<h3><span style=\"color: #333333;\">Beliggenhet<\/span><\/h3>\n<p>Industriomr\u00e5det ligger sentralt til i Bjugn kun 15 minutter fra s\u00f8rg\u00e5ende ferge og korteste vei til\/fra \u00d8stlandet. Parken ligger ved nyrenoverte Fosenveiene til Trondheim.\u00a0<\/p>\n<h3><span style=\"color: #333333;\">Adkomst<\/span><\/h3>\n<p>14 km langs FV 710 \u00f8stover til n\u00e6ringsparken fra Brekstad fergeleie og hurtigb\u00e5tterminal til Trondheim, Kristiansund og Hitra\/Fr\u00f8ya. Rundt to timer til Trondheim.<\/p>\n<h3><span style=\"color: #333333;\">Kontaktinformasjon<\/span><\/h3>\n<p><span> Enhetsleder N\u00e6ring, Arne Martin Solli<\/span><\/p>\n<ul>\n<li>Tel 415 52 116<\/li>\n<li><a rel=\"nofollow noopener noreferrer\" target=\"_blank\" href=\"mailto:ams@orland.kommune.no\" style=\"font-size: inherit; background-color: transparent;\">ams@orland.kommune.no<\/a><\/li>\n<\/ul>\n<\/div>\n<\/div><\/div>\n\n\n\n<figure class=\"wp-block-image size-large\"><img loading=\"lazy\" decoding=\"async\" width=\"980\" height=\"551\" src=\"http:\/\/audun.teks.no\/wp-content\/uploads\/2020\/11\/Myran-bilde-fra-F-F.jpg\" alt=\"\" class=\"wp-image-519747\" srcset=\"http:\/\/audun.teks.no\/wp-content\/uploads\/2020\/11\/Myran-bilde-fra-F-F.jpg 980w, http:\/\/audun.teks.no\/wp-content\/uploads\/2020\/11\/Myran-bilde-fra-F-F-300x169.jpg 300w, http:\/\/audun.teks.no\/wp-content\/uploads\/2020\/11\/Myran-bilde-fra-F-F-768x432.jpg 768w\" sizes=\"auto, (max-width: 980px) 100vw, 980px\" \/><figcaption>Myran industriomr\u00e5de<\/figcaption><\/figure>\n\n\n\n<p><\/p>","protected":false},"excerpt":{"rendered":"","protected":false},"author":4,"featured_media":519747,"parent":0,"menu_order":0,"comment_status":"closed","ping_status":"closed","template":"","meta":{"ngg_post_thumbnail":0,"footnotes":""},"class_list":["post-519876","page","type-page","status-publish","has-post-thumbnail","hentry"],"yoast_head":"<!-- This site is optimized with the Yoast SEO plugin v26.8 - https:\/\/yoast.com\/product\/yoast-seo-wordpress\/ -->\n<title>Myran Industriomr\u00e5de - \u00d8rland-TEKS-tmp<\/title>\n<meta name=\"description\" content=\"Gode bo- og jobbmuligheter, kort vei til skole, jobb og fritidsaktiviteter uansett hvor i kommunen du bor. Bredt og variert aktivitetstilbud for store og sm\u00e5. Flytt bedriften eller etabler ny n\u00e6ring p\u00e5 \u00d8rlandet. Kommunen har byggeklart n\u00e6ringsareal b\u00e5de til salgs og til leie.\" \/>\n<meta name=\"robots\" content=\"noindex, follow, max-snippet:-1, max-image-preview:large, max-video-preview:-1\" \/>\n<meta property=\"og:locale\" content=\"en_US\" \/>\n<meta property=\"og:type\" content=\"article\" \/>\n<meta property=\"og:title\" content=\"Myran Industriomr\u00e5de - \u00d8rland-TEKS-tmp\" \/>\n<meta property=\"og:description\" content=\"Gode bo- og jobbmuligheter, kort vei til skole, jobb og fritidsaktiviteter uansett hvor i kommunen du bor. Bredt og variert aktivitetstilbud for store og sm\u00e5. Flytt bedriften eller etabler ny n\u00e6ring p\u00e5 \u00d8rlandet. Kommunen har byggeklart n\u00e6ringsareal b\u00e5de til salgs og til leie.\" \/>\n<meta property=\"og:url\" content=\"http:\/\/audun.teks.no\/en\/myran-industriomrade\/\" \/>\n<meta property=\"og:site_name\" content=\"\u00d8rland-TEKS-tmp\" \/>\n<meta property=\"article:modified_time\" content=\"2020-12-01T15:41:45+00:00\" \/>\n<meta property=\"og:image\" content=\"http:\/\/audun.teks.no\/wp-content\/uploads\/2020\/11\/Myran-bilde-fra-F-F.jpg\" \/>\n\t<meta property=\"og:image:width\" content=\"980\" \/>\n\t<meta property=\"og:image:height\" content=\"551\" \/>\n\t<meta property=\"og:image:type\" content=\"image\/jpeg\" \/>\n<meta name=\"twitter:card\" content=\"summary_large_image\" \/>\n<meta name=\"twitter:label1\" content=\"Est. reading time\" \/>\n\t<meta name=\"twitter:data1\" content=\"1 minute\" \/>\n<script type=\"application\/ld+json\" class=\"yoast-schema-graph\">{\"@context\":\"https:\/\/schema.org\",\"@graph\":[{\"@type\":\"WebPage\",\"@id\":\"http:\/\/audun.teks.no\/en\/myran-industriomrade\/\",\"url\":\"http:\/\/audun.teks.no\/en\/myran-industriomrade\/\",\"name\":\"Myran Industriomr\u00e5de - \u00d8rland-TEKS-tmp\",\"isPartOf\":{\"@id\":\"http:\/\/audun.teks.no\/#website\"},\"primaryImageOfPage\":{\"@id\":\"http:\/\/audun.teks.no\/en\/myran-industriomrade\/#primaryimage\"},\"image\":{\"@id\":\"http:\/\/audun.teks.no\/en\/myran-industriomrade\/#primaryimage\"},\"thumbnailUrl\":\"http:\/\/audun.teks.no\/wp-content\/uploads\/2020\/11\/Myran-bilde-fra-F-F.jpg\",\"datePublished\":\"2020-11-30T16:13:41+00:00\",\"dateModified\":\"2020-12-01T15:41:45+00:00\",\"description\":\"Gode bo- og jobbmuligheter, kort vei til skole, jobb og fritidsaktiviteter uansett hvor i kommunen du bor. Bredt og variert aktivitetstilbud for store og sm\u00e5. Flytt bedriften eller etabler ny n\u00e6ring p\u00e5 \u00d8rlandet. Kommunen har byggeklart n\u00e6ringsareal b\u00e5de til salgs og til leie.\",\"breadcrumb\":{\"@id\":\"http:\/\/audun.teks.no\/en\/myran-industriomrade\/#breadcrumb\"},\"inLanguage\":\"en-US\",\"potentialAction\":[{\"@type\":\"ReadAction\",\"target\":[\"http:\/\/audun.teks.no\/en\/myran-industriomrade\/\"]}]},{\"@type\":\"ImageObject\",\"inLanguage\":\"en-US\",\"@id\":\"http:\/\/audun.teks.no\/en\/myran-industriomrade\/#primaryimage\",\"url\":\"http:\/\/audun.teks.no\/wp-content\/uploads\/2020\/11\/Myran-bilde-fra-F-F.jpg\",\"contentUrl\":\"http:\/\/audun.teks.no\/wp-content\/uploads\/2020\/11\/Myran-bilde-fra-F-F.jpg\",\"width\":980,\"height\":551,\"caption\":\"Myran industriomr\u00e5de\"},{\"@type\":\"BreadcrumbList\",\"@id\":\"http:\/\/audun.teks.no\/en\/myran-industriomrade\/#breadcrumb\",\"itemListElement\":[{\"@type\":\"ListItem\",\"position\":1,\"name\":\"Hjem\",\"item\":\"http:\/\/audun.teks.no\/\"},{\"@type\":\"ListItem\",\"position\":2,\"name\":\"Myran Industriomr\u00e5de\"}]},{\"@type\":\"WebSite\",\"@id\":\"http:\/\/audun.teks.no\/#website\",\"url\":\"http:\/\/audun.teks.no\/\",\"name\":\"\u00d8rland-TEKS-tmp\",\"description\":\"Velkommen til flotte kystopplevelser\",\"publisher\":{\"@id\":\"http:\/\/audun.teks.no\/#organization\"},\"potentialAction\":[{\"@type\":\"SearchAction\",\"target\":{\"@type\":\"EntryPoint\",\"urlTemplate\":\"http:\/\/audun.teks.no\/?s={search_term_string}\"},\"query-input\":{\"@type\":\"PropertyValueSpecification\",\"valueRequired\":true,\"valueName\":\"search_term_string\"}}],\"inLanguage\":\"en-US\"},{\"@type\":\"Organization\",\"@id\":\"http:\/\/audun.teks.no\/#organization\",\"name\":\"\u00d8rland\",\"url\":\"http:\/\/audun.teks.no\/\",\"logo\":{\"@type\":\"ImageObject\",\"inLanguage\":\"en-US\",\"@id\":\"http:\/\/audun.teks.no\/#\/schema\/logo\/image\/\",\"url\":\"http:\/\/audun.teks.no\/wp-content\/uploads\/2020\/04\/RORET-\u00d8rland-kulturforetak-KF.jpg\",\"contentUrl\":\"http:\/\/audun.teks.no\/wp-content\/uploads\/2020\/04\/RORET-\u00d8rland-kulturforetak-KF.jpg\",\"width\":1772,\"height\":969,\"caption\":\"\u00d8rland\"},\"image\":{\"@id\":\"http:\/\/audun.teks.no\/#\/schema\/logo\/image\/\"}}]}<\/script>\n<!-- \/ Yoast SEO plugin. -->","yoast_head_json":{"title":"Myran Industriomr\u00e5de - \u00d8rland-TEKS-tmp","description":"Gode bo- og jobbmuligheter, kort vei til skole, jobb og fritidsaktiviteter uansett hvor i kommunen du bor. Bredt og variert aktivitetstilbud for store og sm\u00e5. Flytt bedriften eller etabler ny n\u00e6ring p\u00e5 \u00d8rlandet. Kommunen har byggeklart n\u00e6ringsareal b\u00e5de til salgs og til leie.","robots":{"index":"noindex","follow":"follow","max-snippet":"max-snippet:-1","max-image-preview":"max-image-preview:large","max-video-preview":"max-video-preview:-1"},"og_locale":"en_US","og_type":"article","og_title":"Myran Industriomr\u00e5de - \u00d8rland-TEKS-tmp","og_description":"Gode bo- og jobbmuligheter, kort vei til skole, jobb og fritidsaktiviteter uansett hvor i kommunen du bor. Bredt og variert aktivitetstilbud for store og sm\u00e5. Flytt bedriften eller etabler ny n\u00e6ring p\u00e5 \u00d8rlandet. Kommunen har byggeklart n\u00e6ringsareal b\u00e5de til salgs og til leie.","og_url":"http:\/\/audun.teks.no\/en\/myran-industriomrade\/","og_site_name":"\u00d8rland-TEKS-tmp","article_modified_time":"2020-12-01T15:41:45+00:00","og_image":[{"width":980,"height":551,"url":"http:\/\/audun.teks.no\/wp-content\/uploads\/2020\/11\/Myran-bilde-fra-F-F.jpg","type":"image\/jpeg"}],"twitter_card":"summary_large_image","twitter_misc":{"Est. reading time":"1 minute"},"schema":{"@context":"https:\/\/schema.org","@graph":[{"@type":"WebPage","@id":"http:\/\/audun.teks.no\/en\/myran-industriomrade\/","url":"http:\/\/audun.teks.no\/en\/myran-industriomrade\/","name":"Myran Industriomr\u00e5de - \u00d8rland-TEKS-tmp","isPartOf":{"@id":"http:\/\/audun.teks.no\/#website"},"primaryImageOfPage":{"@id":"http:\/\/audun.teks.no\/en\/myran-industriomrade\/#primaryimage"},"image":{"@id":"http:\/\/audun.teks.no\/en\/myran-industriomrade\/#primaryimage"},"thumbnailUrl":"http:\/\/audun.teks.no\/wp-content\/uploads\/2020\/11\/Myran-bilde-fra-F-F.jpg","datePublished":"2020-11-30T16:13:41+00:00","dateModified":"2020-12-01T15:41:45+00:00","description":"Gode bo- og jobbmuligheter, kort vei til skole, jobb og fritidsaktiviteter uansett hvor i kommunen du bor. Bredt og variert aktivitetstilbud for store og sm\u00e5. Flytt bedriften eller etabler ny n\u00e6ring p\u00e5 \u00d8rlandet. Kommunen har byggeklart n\u00e6ringsareal b\u00e5de til salgs og til leie.","breadcrumb":{"@id":"http:\/\/audun.teks.no\/en\/myran-industriomrade\/#breadcrumb"},"inLanguage":"en-US","potentialAction":[{"@type":"ReadAction","target":["http:\/\/audun.teks.no\/en\/myran-industriomrade\/"]}]},{"@type":"ImageObject","inLanguage":"en-US","@id":"http:\/\/audun.teks.no\/en\/myran-industriomrade\/#primaryimage","url":"http:\/\/audun.teks.no\/wp-content\/uploads\/2020\/11\/Myran-bilde-fra-F-F.jpg","contentUrl":"http:\/\/audun.teks.no\/wp-content\/uploads\/2020\/11\/Myran-bilde-fra-F-F.jpg","width":980,"height":551,"caption":"Myran industriomr\u00e5de"},{"@type":"BreadcrumbList","@id":"http:\/\/audun.teks.no\/en\/myran-industriomrade\/#breadcrumb","itemListElement":[{"@type":"ListItem","position":1,"name":"Hjem","item":"http:\/\/audun.teks.no\/"},{"@type":"ListItem","position":2,"name":"Myran Industriomr\u00e5de"}]},{"@type":"WebSite","@id":"http:\/\/audun.teks.no\/#website","url":"http:\/\/audun.teks.no\/","name":"\u00d8rland-TEKS-tmp","description":"Velkommen til flotte kystopplevelser","publisher":{"@id":"http:\/\/audun.teks.no\/#organization"},"potentialAction":[{"@type":"SearchAction","target":{"@type":"EntryPoint","urlTemplate":"http:\/\/audun.teks.no\/?s={search_term_string}"},"query-input":{"@type":"PropertyValueSpecification","valueRequired":true,"valueName":"search_term_string"}}],"inLanguage":"en-US"},{"@type":"Organization","@id":"http:\/\/audun.teks.no\/#organization","name":"\u00d8rland","url":"http:\/\/audun.teks.no\/","logo":{"@type":"ImageObject","inLanguage":"en-US","@id":"http:\/\/audun.teks.no\/#\/schema\/logo\/image\/","url":"http:\/\/audun.teks.no\/wp-content\/uploads\/2020\/04\/RORET-\u00d8rland-kulturforetak-KF.jpg","contentUrl":"http:\/\/audun.teks.no\/wp-content\/uploads\/2020\/04\/RORET-\u00d8rland-kulturforetak-KF.jpg","width":1772,"height":969,"caption":"\u00d8rland"},"image":{"@id":"http:\/\/audun.teks.no\/#\/schema\/logo\/image\/"}}]}},"acf":[],"_links":{"self":[{"href":"http:\/\/audun.teks.no\/en\/wp-json\/wp\/v2\/pages\/519876","targetHints":{"allow":["GET"]}}],"collection":[{"href":"http:\/\/audun.teks.no\/en\/wp-json\/wp\/v2\/pages"}],"about":[{"href":"http:\/\/audun.teks.no\/en\/wp-json\/wp\/v2\/types\/page"}],"author":[{"embeddable":true,"href":"http:\/\/audun.teks.no\/en\/wp-json\/wp\/v2\/users\/4"}],"replies":[{"embeddable":true,"href":"http:\/\/audun.teks.no\/en\/wp-json\/wp\/v2\/comments?post=519876"}],"version-history":[{"count":6,"href":"http:\/\/audun.teks.no\/en\/wp-json\/wp\/v2\/pages\/519876\/revisions"}],"predecessor-version":[{"id":519914,"href":"http:\/\/audun.teks.no\/en\/wp-json\/wp\/v2\/pages\/519876\/revisions\/519914"}],"wp:featuredmedia":[{"embeddable":true,"href":"http:\/\/audun.teks.no\/en\/wp-json\/wp\/v2\/media\/519747"}],"wp:attachment":[{"href":"http:\/\/audun.teks.no\/en\/wp-json\/wp\/v2\/media?parent=519876"}],"curies":[{"name":"wp","href":"https:\/\/api.w.org\/{rel}","templated":true}]}}