{"id":519795,"date":"2020-11-27T16:15:05","date_gmt":"2020-11-27T16:15:05","guid":{"rendered":"https:\/\/www.orland.no\/?page_id=519795"},"modified":"2020-11-30T14:59:46","modified_gmt":"2020-11-30T14:59:46","slug":"reitan-naeringspark","status":"publish","type":"page","link":"http:\/\/audun.teks.no\/en\/reitan-naeringspark\/","title":{"rendered":"Reitan N\u00e6ringspark"},"content":{"rendered":"<div class=\"wp-block-themeisle-blocks-advanced-column\" id=\"wp-block-themeisle-blocks-advanced-column-73a25e8d\">\n<\/p>\n<figure><img loading=\"lazy\" decoding=\"async\" src=\"http:\/\/audun.teks.no\/wp-content\/uploads\/2020\/11\/Oversikt-fra-ost.jpg\" alt=\"\" width=\"1689\" height=\"1125\" \/><\/figure>\n<p>\n<\/div>\n\n\n<p>Reitan N\u00e6ringspark er en privat n\u00e6ringspark som ligger midt mellom Bjugn og Brekstad sentrum i \u00d8rland kommune. Dette er en sv\u00e6rt gunstig plass for etablering, spesielt med tanke p\u00e5 n\u00e6rhet til \u00d8rland flystasjon, men ogs\u00e5 for \u00e5 serve n\u00e6ringslivet generelt i omr\u00e5det.<\/p>\n<p>N\u00e6ringsparken er skjermet for innsyn: Her kan man ha store arealer til for eksempel utelager uten at det er til sjenanse for allmenheten.<\/p>\n<p>N\u00e6ringsparken passer godt for produksjon og lett industri, service, verksted, lager, kontor, entrepren\u00f8rer og transportvirksomhet. Normal tomtest\u00f8rrelse vil v\u00e6re p\u00e5 5\u201310 dekar, men det er ogs\u00e5 muligheter for mindre tomter. St\u00f8rste mulige enkelttomt er p\u00e5 omtrent 25 dekar.<\/p>\n<h3><span style=\"color: #333333;\">Standard<\/span><\/h3>\n<p>Maksimum tillatt gesims-\/m\u00f8neh\u00f8yde er 12 meter, men n\u00f8dvendige konstruksjoner for ventilasjon, heis etc. kan tillates i tillegg.<\/p>\n<ul>\n<li><a href=\"https:\/\/kart.fosen.net\/webinnsyn\/Content\/plandialog\/GetGIplanregisterFil.aspx?systemid=E7C2A71045294343BC6E113D9F0DFBC8&amp;k=5057&amp;arkivnavn=WINMAP\" target=\"_blank\" rel=\"noopener noreferrer\">Plankart<\/a><\/li>\n<li><a href=\"https:\/\/kart.fosen.net\/webinnsyn\/Content\/plandialog\/GetGIplanregisterFil.aspx?systemid=8648EDD9A9D14D59878D13018C00EF54&amp;k=5057&amp;arkivnavn=WINMAP\" target=\"_blank\" rel=\"noopener noreferrer\">Reguleringsbestemmelser<\/a><\/li>\n<\/ul>\n<p><\/p>\n<h3><span style=\"color: #333333;\">Beliggenhet<\/span><\/h3>\n<p>N\u00e6ringsparken ligger sentralt plassert ca. midt mellom Bjugn og Brekstad sentrum.\u00a0<\/p>\n<h3><span style=\"color: #333333;\">Adkomst<\/span><\/h3>\n<p>Fra Indre Fosen og \u00c5fjord: Etter \u00e5 ha passert Bjugn f\u00f8lg FV 710 i 6 km er innkj\u00f8ringen til n\u00e6ringsparken p\u00e5 venstre side av veien.<\/p>\n<p>Fra fergeleiet p\u00e5 Brekstad kj\u00f8r nordover i Havnegata (FV 710) i ca. 600 meter, ta til h\u00f8yre p\u00e5 Fru Ingers vei (ogs\u00e5 FV 710) og kj\u00f8r vestover i ca. 7 km. Innkj\u00f8ring til n\u00e6ringsparken er p\u00e5 h\u00f8yre side.<\/p>\n<h3><span style=\"color: #333333;\">Kontaktinfo:<\/span><\/h3>\n<p><a href=\"https:\/\/www.facebook.com\/reitannaeringspark\/\">Reitan N\u00e6ringspark Facebook<\/a><\/p>\n<p><\/p>\n\n\n<div class=\"wp-block-themeisle-blocks-advanced-columns has-2-columns has-desktop-equal-layout has-tablet-equal-layout has-mobile-collapsedRows-layout has-default-gap has-vertical-unset\" id=\"wp-block-themeisle-blocks-advanced-columns-1beece31\"><div class=\"wp-block-themeisle-blocks-advanced-columns-overlay\"><\/div><div class=\"innerblocks-wrap\">\n<div class=\"wp-block-themeisle-blocks-advanced-column\" id=\"wp-block-themeisle-blocks-advanced-column-3f7bd014\">\n<div class=\"wp-block-themeisle-blocks-advanced-columns has-2-columns has-desktop-equal-layout has-tablet-equal-layout has-mobile-collapsedRows-layout has-default-gap has-vertical-unset\" id=\"wp-block-themeisle-blocks-advanced-columns-8582521c\"><div class=\"wp-block-themeisle-blocks-advanced-columns-overlay\"><\/div><div class=\"innerblocks-wrap\">\n<div class=\"wp-block-themeisle-blocks-advanced-column\" id=\"wp-block-themeisle-blocks-advanced-column-363b1830\">\n<\/p>\n<p>\n<\/div>\n\n\n\n<\/p>\n<p>\n<\/div><\/div>\n<\/div>\n\n\n\n<div class=\"wp-block-themeisle-blocks-advanced-column\" id=\"wp-block-themeisle-blocks-advanced-column-02278881\"><\/div>\n<\/div><\/div>\n\n\n\n<figure class=\"wp-block-image size-large is-resized\"><img loading=\"lazy\" decoding=\"async\" src=\"http:\/\/audun.teks.no\/wp-content\/uploads\/2020\/11\/Oversikt-fra-ost-1-1024x682.jpg\" alt=\"\" class=\"wp-image-519803\" width=\"1024\" height=\"682\" srcset=\"http:\/\/audun.teks.no\/wp-content\/uploads\/2020\/11\/Oversikt-fra-ost-1-1024x682.jpg 1024w, http:\/\/audun.teks.no\/wp-content\/uploads\/2020\/11\/Oversikt-fra-ost-1-300x200.jpg 300w, http:\/\/audun.teks.no\/wp-content\/uploads\/2020\/11\/Oversikt-fra-ost-1-768x512.jpg 768w, http:\/\/audun.teks.no\/wp-content\/uploads\/2020\/11\/Oversikt-fra-ost-1-1536x1023.jpg 1536w, http:\/\/audun.teks.no\/wp-content\/uploads\/2020\/11\/Oversikt-fra-ost-1-360x240.jpg 360w, http:\/\/audun.teks.no\/wp-content\/uploads\/2020\/11\/Oversikt-fra-ost-1.jpg 1689w\" sizes=\"auto, (max-width: 1024px) 100vw, 1024px\" \/><figcaption>Reitan n\u00e6ringspark dronefoto fra N\u00d8 til SV<\/figcaption><\/figure>\n\n\n\n<p><\/p>","protected":false},"excerpt":{"rendered":"<p>Reitan N\u00e6ringspark er en privat n\u00e6ringspark som ligger midt mellom Bjugn og Brekstad sentrum i \u00d8rland kommune. Dette er en sv\u00e6rt gunstig plass for etablering, spesielt med tanke p\u00e5 n\u00e6rhet til \u00d8rland flystasjon, men ogs\u00e5 for \u00e5 serve n\u00e6ringslivet generelt i omr\u00e5det. N\u00e6ringsparken er skjermet for innsyn: Her kan man [&hellip;]<\/p>","protected":false},"author":4,"featured_media":519796,"parent":0,"menu_order":0,"comment_status":"closed","ping_status":"closed","template":"","meta":{"ngg_post_thumbnail":0,"footnotes":""},"class_list":["post-519795","page","type-page","status-publish","has-post-thumbnail","hentry"],"yoast_head":"<!-- This site is optimized with the Yoast SEO plugin v26.8 - https:\/\/yoast.com\/product\/yoast-seo-wordpress\/ -->\n<title>Reitan N\u00e6ringspark - \u00d8rland-TEKS-tmp<\/title>\n<meta name=\"description\" content=\"Gode bo- og jobbmuligheter, kort vei til skole, jobb og fritidsaktiviteter uansett hvor i kommunen du bor. Bredt og variert aktivitetstilbud for store og sm\u00e5. Flytt bedriften eller etabler ny n\u00e6ring p\u00e5 \u00d8rlandet. Kommunen har byggeklart n\u00e6ringsareal b\u00e5de til salgs og til leie.\" \/>\n<meta name=\"robots\" content=\"noindex, follow, max-snippet:-1, max-image-preview:large, max-video-preview:-1\" \/>\n<meta property=\"og:locale\" content=\"en_US\" \/>\n<meta property=\"og:type\" content=\"article\" \/>\n<meta property=\"og:title\" content=\"Reitan N\u00e6ringspark - \u00d8rland-TEKS-tmp\" \/>\n<meta property=\"og:description\" content=\"Gode bo- og jobbmuligheter, kort vei til skole, jobb og fritidsaktiviteter uansett hvor i kommunen du bor. Bredt og variert aktivitetstilbud for store og sm\u00e5. Flytt bedriften eller etabler ny n\u00e6ring p\u00e5 \u00d8rlandet. Kommunen har byggeklart n\u00e6ringsareal b\u00e5de til salgs og til leie.\" \/>\n<meta property=\"og:url\" content=\"http:\/\/audun.teks.no\/en\/reitan-naeringspark\/\" \/>\n<meta property=\"og:site_name\" content=\"\u00d8rland-TEKS-tmp\" \/>\n<meta property=\"article:modified_time\" content=\"2020-11-30T14:59:46+00:00\" \/>\n<meta property=\"og:image\" content=\"http:\/\/audun.teks.no\/wp-content\/uploads\/2020\/11\/Oversiktsbilde-fra-Facebook.jpg\" \/>\n\t<meta property=\"og:image:width\" content=\"961\" \/>\n\t<meta property=\"og:image:height\" content=\"640\" \/>\n\t<meta property=\"og:image:type\" content=\"image\/jpeg\" \/>\n<meta name=\"twitter:card\" content=\"summary_large_image\" \/>\n<meta name=\"twitter:label1\" content=\"Est. reading time\" \/>\n\t<meta name=\"twitter:data1\" content=\"1 minute\" \/>\n<script type=\"application\/ld+json\" class=\"yoast-schema-graph\">{\"@context\":\"https:\/\/schema.org\",\"@graph\":[{\"@type\":\"WebPage\",\"@id\":\"http:\/\/audun.teks.no\/reitan-naeringspark\/\",\"url\":\"http:\/\/audun.teks.no\/reitan-naeringspark\/\",\"name\":\"Reitan N\u00e6ringspark - \u00d8rland-TEKS-tmp\",\"isPartOf\":{\"@id\":\"http:\/\/audun.teks.no\/#website\"},\"primaryImageOfPage\":{\"@id\":\"http:\/\/audun.teks.no\/reitan-naeringspark\/#primaryimage\"},\"image\":{\"@id\":\"http:\/\/audun.teks.no\/reitan-naeringspark\/#primaryimage\"},\"thumbnailUrl\":\"http:\/\/audun.teks.no\/wp-content\/uploads\/2020\/11\/Oversiktsbilde-fra-Facebook.jpg\",\"datePublished\":\"2020-11-27T16:15:05+00:00\",\"dateModified\":\"2020-11-30T14:59:46+00:00\",\"description\":\"Gode bo- og jobbmuligheter, kort vei til skole, jobb og fritidsaktiviteter uansett hvor i kommunen du bor. Bredt og variert aktivitetstilbud for store og sm\u00e5. Flytt bedriften eller etabler ny n\u00e6ring p\u00e5 \u00d8rlandet. Kommunen har byggeklart n\u00e6ringsareal b\u00e5de til salgs og til leie.\",\"breadcrumb\":{\"@id\":\"http:\/\/audun.teks.no\/reitan-naeringspark\/#breadcrumb\"},\"inLanguage\":\"en-US\",\"potentialAction\":[{\"@type\":\"ReadAction\",\"target\":[\"http:\/\/audun.teks.no\/reitan-naeringspark\/\"]}]},{\"@type\":\"ImageObject\",\"inLanguage\":\"en-US\",\"@id\":\"http:\/\/audun.teks.no\/reitan-naeringspark\/#primaryimage\",\"url\":\"http:\/\/audun.teks.no\/wp-content\/uploads\/2020\/11\/Oversiktsbilde-fra-Facebook.jpg\",\"contentUrl\":\"http:\/\/audun.teks.no\/wp-content\/uploads\/2020\/11\/Oversiktsbilde-fra-Facebook.jpg\",\"width\":961,\"height\":640},{\"@type\":\"BreadcrumbList\",\"@id\":\"http:\/\/audun.teks.no\/reitan-naeringspark\/#breadcrumb\",\"itemListElement\":[{\"@type\":\"ListItem\",\"position\":1,\"name\":\"Hjem\",\"item\":\"http:\/\/audun.teks.no\/\"},{\"@type\":\"ListItem\",\"position\":2,\"name\":\"Reitan N\u00e6ringspark\"}]},{\"@type\":\"WebSite\",\"@id\":\"http:\/\/audun.teks.no\/#website\",\"url\":\"http:\/\/audun.teks.no\/\",\"name\":\"\u00d8rland-TEKS-tmp\",\"description\":\"Velkommen til flotte kystopplevelser\",\"publisher\":{\"@id\":\"http:\/\/audun.teks.no\/#organization\"},\"potentialAction\":[{\"@type\":\"SearchAction\",\"target\":{\"@type\":\"EntryPoint\",\"urlTemplate\":\"http:\/\/audun.teks.no\/?s={search_term_string}\"},\"query-input\":{\"@type\":\"PropertyValueSpecification\",\"valueRequired\":true,\"valueName\":\"search_term_string\"}}],\"inLanguage\":\"en-US\"},{\"@type\":\"Organization\",\"@id\":\"http:\/\/audun.teks.no\/#organization\",\"name\":\"\u00d8rland\",\"url\":\"http:\/\/audun.teks.no\/\",\"logo\":{\"@type\":\"ImageObject\",\"inLanguage\":\"en-US\",\"@id\":\"http:\/\/audun.teks.no\/#\/schema\/logo\/image\/\",\"url\":\"http:\/\/audun.teks.no\/wp-content\/uploads\/2020\/04\/RORET-\u00d8rland-kulturforetak-KF.jpg\",\"contentUrl\":\"http:\/\/audun.teks.no\/wp-content\/uploads\/2020\/04\/RORET-\u00d8rland-kulturforetak-KF.jpg\",\"width\":1772,\"height\":969,\"caption\":\"\u00d8rland\"},\"image\":{\"@id\":\"http:\/\/audun.teks.no\/#\/schema\/logo\/image\/\"}}]}<\/script>\n<!-- \/ Yoast SEO plugin. -->","yoast_head_json":{"title":"Reitan N\u00e6ringspark - \u00d8rland-TEKS-tmp","description":"Gode bo- og jobbmuligheter, kort vei til skole, jobb og fritidsaktiviteter uansett hvor i kommunen du bor. Bredt og variert aktivitetstilbud for store og sm\u00e5. Flytt bedriften eller etabler ny n\u00e6ring p\u00e5 \u00d8rlandet. Kommunen har byggeklart n\u00e6ringsareal b\u00e5de til salgs og til leie.","robots":{"index":"noindex","follow":"follow","max-snippet":"max-snippet:-1","max-image-preview":"max-image-preview:large","max-video-preview":"max-video-preview:-1"},"og_locale":"en_US","og_type":"article","og_title":"Reitan N\u00e6ringspark - \u00d8rland-TEKS-tmp","og_description":"Gode bo- og jobbmuligheter, kort vei til skole, jobb og fritidsaktiviteter uansett hvor i kommunen du bor. Bredt og variert aktivitetstilbud for store og sm\u00e5. Flytt bedriften eller etabler ny n\u00e6ring p\u00e5 \u00d8rlandet. Kommunen har byggeklart n\u00e6ringsareal b\u00e5de til salgs og til leie.","og_url":"http:\/\/audun.teks.no\/en\/reitan-naeringspark\/","og_site_name":"\u00d8rland-TEKS-tmp","article_modified_time":"2020-11-30T14:59:46+00:00","og_image":[{"width":961,"height":640,"url":"http:\/\/audun.teks.no\/wp-content\/uploads\/2020\/11\/Oversiktsbilde-fra-Facebook.jpg","type":"image\/jpeg"}],"twitter_card":"summary_large_image","twitter_misc":{"Est. reading time":"1 minute"},"schema":{"@context":"https:\/\/schema.org","@graph":[{"@type":"WebPage","@id":"http:\/\/audun.teks.no\/reitan-naeringspark\/","url":"http:\/\/audun.teks.no\/reitan-naeringspark\/","name":"Reitan N\u00e6ringspark - \u00d8rland-TEKS-tmp","isPartOf":{"@id":"http:\/\/audun.teks.no\/#website"},"primaryImageOfPage":{"@id":"http:\/\/audun.teks.no\/reitan-naeringspark\/#primaryimage"},"image":{"@id":"http:\/\/audun.teks.no\/reitan-naeringspark\/#primaryimage"},"thumbnailUrl":"http:\/\/audun.teks.no\/wp-content\/uploads\/2020\/11\/Oversiktsbilde-fra-Facebook.jpg","datePublished":"2020-11-27T16:15:05+00:00","dateModified":"2020-11-30T14:59:46+00:00","description":"Gode bo- og jobbmuligheter, kort vei til skole, jobb og fritidsaktiviteter uansett hvor i kommunen du bor. Bredt og variert aktivitetstilbud for store og sm\u00e5. Flytt bedriften eller etabler ny n\u00e6ring p\u00e5 \u00d8rlandet. Kommunen har byggeklart n\u00e6ringsareal b\u00e5de til salgs og til leie.","breadcrumb":{"@id":"http:\/\/audun.teks.no\/reitan-naeringspark\/#breadcrumb"},"inLanguage":"en-US","potentialAction":[{"@type":"ReadAction","target":["http:\/\/audun.teks.no\/reitan-naeringspark\/"]}]},{"@type":"ImageObject","inLanguage":"en-US","@id":"http:\/\/audun.teks.no\/reitan-naeringspark\/#primaryimage","url":"http:\/\/audun.teks.no\/wp-content\/uploads\/2020\/11\/Oversiktsbilde-fra-Facebook.jpg","contentUrl":"http:\/\/audun.teks.no\/wp-content\/uploads\/2020\/11\/Oversiktsbilde-fra-Facebook.jpg","width":961,"height":640},{"@type":"BreadcrumbList","@id":"http:\/\/audun.teks.no\/reitan-naeringspark\/#breadcrumb","itemListElement":[{"@type":"ListItem","position":1,"name":"Hjem","item":"http:\/\/audun.teks.no\/"},{"@type":"ListItem","position":2,"name":"Reitan N\u00e6ringspark"}]},{"@type":"WebSite","@id":"http:\/\/audun.teks.no\/#website","url":"http:\/\/audun.teks.no\/","name":"\u00d8rland-TEKS-tmp","description":"Velkommen til flotte kystopplevelser","publisher":{"@id":"http:\/\/audun.teks.no\/#organization"},"potentialAction":[{"@type":"SearchAction","target":{"@type":"EntryPoint","urlTemplate":"http:\/\/audun.teks.no\/?s={search_term_string}"},"query-input":{"@type":"PropertyValueSpecification","valueRequired":true,"valueName":"search_term_string"}}],"inLanguage":"en-US"},{"@type":"Organization","@id":"http:\/\/audun.teks.no\/#organization","name":"\u00d8rland","url":"http:\/\/audun.teks.no\/","logo":{"@type":"ImageObject","inLanguage":"en-US","@id":"http:\/\/audun.teks.no\/#\/schema\/logo\/image\/","url":"http:\/\/audun.teks.no\/wp-content\/uploads\/2020\/04\/RORET-\u00d8rland-kulturforetak-KF.jpg","contentUrl":"http:\/\/audun.teks.no\/wp-content\/uploads\/2020\/04\/RORET-\u00d8rland-kulturforetak-KF.jpg","width":1772,"height":969,"caption":"\u00d8rland"},"image":{"@id":"http:\/\/audun.teks.no\/#\/schema\/logo\/image\/"}}]}},"acf":[],"_links":{"self":[{"href":"http:\/\/audun.teks.no\/en\/wp-json\/wp\/v2\/pages\/519795","targetHints":{"allow":["GET"]}}],"collection":[{"href":"http:\/\/audun.teks.no\/en\/wp-json\/wp\/v2\/pages"}],"about":[{"href":"http:\/\/audun.teks.no\/en\/wp-json\/wp\/v2\/types\/page"}],"author":[{"embeddable":true,"href":"http:\/\/audun.teks.no\/en\/wp-json\/wp\/v2\/users\/4"}],"replies":[{"embeddable":true,"href":"http:\/\/audun.teks.no\/en\/wp-json\/wp\/v2\/comments?post=519795"}],"version-history":[{"count":16,"href":"http:\/\/audun.teks.no\/en\/wp-json\/wp\/v2\/pages\/519795\/revisions"}],"predecessor-version":[{"id":519870,"href":"http:\/\/audun.teks.no\/en\/wp-json\/wp\/v2\/pages\/519795\/revisions\/519870"}],"wp:featuredmedia":[{"embeddable":true,"href":"http:\/\/audun.teks.no\/en\/wp-json\/wp\/v2\/media\/519796"}],"wp:attachment":[{"href":"http:\/\/audun.teks.no\/en\/wp-json\/wp\/v2\/media?parent=519795"}],"curies":[{"name":"wp","href":"https:\/\/api.w.org\/{rel}","templated":true}]}}