{"id":519752,"date":"2020-11-24T15:25:48","date_gmt":"2020-11-24T15:25:48","guid":{"rendered":"https:\/\/www.orland.no\/?page_id=519752"},"modified":"2020-12-02T15:53:26","modified_gmt":"2020-12-02T15:53:26","slug":"valsneset-industriomrade","status":"publish","type":"page","link":"http:\/\/audun.teks.no\/en\/valsneset-industriomrade\/","title":{"rendered":"Valsneset  Industriomr\u00e5de"},"content":{"rendered":"<p>Valsneset industriomr\u00e5de ble etablert p\u00e5 slutten av -70 tallet, og p\u00e5 slutten av -90 tallet ble Valsneset et sentralt sted i arbeidet med \u00e5 etablere vindkraftteknologi i Norge, noe som resulterte i at Tr\u00f8nderenergi etablerte sin f\u00f8rste vindpark med fem vindm\u00f8ller i 2006.<\/p>\n<p>Det ogs\u00e5 etablert et Norsk testsenter for vindkraftteknologi med tre konsesjoner for utpr\u00f8ving av ulike typer vindm\u00f8ller. I 2019 ble testsenteret avl\u00f8st av et nytt vindkraftselskap, Vimle, som etablerte seg med tre nye vindm\u00f8ller p\u00e5 Valsneset, som dermed kan ansees som selvforsynt med elektrisk kraft.<\/p>\n<p>Det store gjennombruddet for Valsneset som industriomr\u00e5de kom i 2014, da Marine Harvest AS (n\u00e5 MOWI AS) \u00e5pnet sin f\u00f8rste forfabrikk med 50 ansatte og en kapasitet p\u00e5 200.000 tonn fiskefor til bruk i oppdrettsn\u00e6ringen. I 2019 hadde antall ansatte \u00f8kt til ca. 90, og fabrikken omsatte fiskefor for ca. 4,5 milliarder kroner. I 2021 har fabrikken f\u00e5tt tillatelse til ytterligere \u00f8kning av produksjonen opp til 420.000 tonn, og vil med dette v\u00e6re en av verdens st\u00f8rste fabrikker for produksjon av fiskefor.<\/p>\n<p>P\u00e5 Valsneset er det ogs\u00e5 etablert en fabrikk ved navn Fiizk Protection AS som produserer tekniske tekstiler til bl.a. lukkede oppdrettsmerder for oppdrettsn\u00e6ringen.<\/p>\n<h3><span style=\"color: #333333;\">Standard<\/span><\/h3>\n<p>Valsneset Industriomr\u00e5de er regulert til vindkraft og industri gjennom en reguleringsplan fra 2003. etasjer.\u00a0 Her er det flere hundre m\u00e5l med ledig n\u00e6ringsareal, og det jobbes med etablering av nytt og st\u00f8rre kaianlegg for \u00e5 kunne tilrettelegge for flere etableringer p\u00e5 omr\u00e5det som har behov for sj\u00f8veis tilknytning.<\/p>\n<ul>\n<li><a href=\"https:\/\/kart.fosen.net\/webinnsyn\/Content\/plandialog\/GetGIplanregisterFil.aspx?systemid=7591B5D5740B4D588E215F1F30B79A53&amp;k=5057&amp;arkivnavn=WINMAP\" target=\"_blank\" rel=\"noopener noreferrer\">Klikk her for plankart<\/a><\/li>\n<li><a href=\"https:\/\/kart.fosen.net\/webinnsyn\/Content\/plandialog\/GetGIplanregisterFil.aspx?systemid=EBB4A1F4996F414BA49582D54A03CAE1&amp;k=5057&amp;arkivnavn=WINMAP\" target=\"_blank\" rel=\"noopener noreferrer\">Klikk her for reguleringsbestemmelser<\/a><\/li>\n<\/ul>\n<h3><span style=\"color: #333333;\">Beliggenhet<\/span><\/h3>\n<p>Valsneset industriomr\u00e5de ligger sentralt plassert ved skipsleia p\u00e5 Norskekysten, ved sj\u00f8merket Torra. Dette sj\u00f8merket markerte at man var halvvegs fra russergrensa i nord til svenskegrensa i s\u00f8r og halvvegs fra Bergen til Lofoten.<\/p>\n<h3><span style=\"color: #333333;\">Adkomst<\/span><\/h3>\n<p>Valsneset ligger p\u00e5 Oksvoll i \u00d8rland kommune, ca. 15 km fra administrasjonssenteret Bjugn og 30 km fra kystbyen Brekstad der man bl.a. kan ta hurtigb\u00e5t til Trondheim og fly til Oslo.<\/p>\n<h3><span style=\"color: #333333;\">Kontaktinformasjon<\/span><\/h3>\n<p>Daglig leder Kopparn Utvikling \u00c5dne R\u00f8kkum<\/p>\n<ul>\n<li>Tel: 90815578<\/li>\n<li><span style=\"font-size: inherit;\"><\/span><a target=\"_blank\" rel=\"nofollow noopener noreferrer\" href=\"mailto:adne.rokkum@orland.kommune.no\" style=\"font-size: inherit;\">adne.rokkum@orland.kommune.no<\/a><\/li>\n<\/ul>\n<p>Arbeidende styreleder Ogne Undertun<\/p>\n<ul>\n<li>Tel: 906.46.619<\/li>\n<li><a href=\"mailto:ogne.undertun@orland.kommune.no\">ogne.undertun@orland.kommune.no<\/a><\/li>\n<\/ul>\n<ul><\/ul>\n<p><img loading=\"lazy\" decoding=\"async\" src=\"http:\/\/audun.teks.no\/wp-content\/uploads\/2020\/11\/Valsneset-Briefing.jpg\" alt=\"\" width=\"870\" height=\"530\" class=\"alignleft wp-image-519783 size-full\" srcset=\"http:\/\/audun.teks.no\/wp-content\/uploads\/2020\/11\/Valsneset-Briefing.jpg 870w, http:\/\/audun.teks.no\/wp-content\/uploads\/2020\/11\/Valsneset-Briefing-300x183.jpg 300w, http:\/\/audun.teks.no\/wp-content\/uploads\/2020\/11\/Valsneset-Briefing-768x468.jpg 768w\" sizes=\"auto, (max-width: 870px) 100vw, 870px\" \/><\/p>\n\n\n<div class=\"wp-block-themeisle-blocks-advanced-columns has-1-columns has-desktop-equal-layout has-tablet-equal-layout has-mobile-equal-layout has-default-gap has-vertical-unset\" id=\"wp-block-themeisle-blocks-advanced-columns-98271c76\"><div class=\"wp-block-themeisle-blocks-advanced-columns-overlay\"><\/div><div class=\"innerblocks-wrap\"><\/div><\/div>","protected":false},"excerpt":{"rendered":"<p>Valsneset industriomr\u00e5de ble etablert p\u00e5 slutten av -70 tallet, og p\u00e5 slutten av -90 tallet ble Valsneset et sentralt sted i arbeidet med \u00e5 etablere vindkraftteknologi i Norge, noe som resulterte i at Tr\u00f8nderenergi etablerte sin f\u00f8rste vindpark med fem vindm\u00f8ller i 2006. Det ogs\u00e5 etablert et Norsk testsenter for [&hellip;]<\/p>","protected":false},"author":4,"featured_media":519782,"parent":0,"menu_order":0,"comment_status":"closed","ping_status":"closed","template":"","meta":{"ngg_post_thumbnail":0,"footnotes":""},"class_list":["post-519752","page","type-page","status-publish","has-post-thumbnail","hentry"],"yoast_head":"<!-- This site is optimized with the Yoast SEO plugin v26.8 - https:\/\/yoast.com\/product\/yoast-seo-wordpress\/ -->\n<title>Valsneset Industriomr\u00e5de - \u00d8rland-TEKS-tmp<\/title>\n<meta name=\"description\" content=\"Gode bo- og jobbmuligheter, kort vei til skole, jobb og fritidsaktiviteter uansett hvor i kommunen du bor. Bredt og variert aktivitetstilbud for store og sm\u00e5. Flytt bedriften eller etabler ny n\u00e6ring p\u00e5 \u00d8rlandet. Kommunen har byggeklart n\u00e6ringsareal b\u00e5de til salgs og til leie.\" \/>\n<meta name=\"robots\" content=\"noindex, follow, max-snippet:-1, max-image-preview:large, max-video-preview:-1\" \/>\n<meta property=\"og:locale\" content=\"en_US\" \/>\n<meta property=\"og:type\" content=\"article\" \/>\n<meta property=\"og:title\" content=\"Valsneset Industriomr\u00e5de - \u00d8rland-TEKS-tmp\" \/>\n<meta property=\"og:description\" content=\"Gode bo- og jobbmuligheter, kort vei til skole, jobb og fritidsaktiviteter uansett hvor i kommunen du bor. Bredt og variert aktivitetstilbud for store og sm\u00e5. Flytt bedriften eller etabler ny n\u00e6ring p\u00e5 \u00d8rlandet. Kommunen har byggeklart n\u00e6ringsareal b\u00e5de til salgs og til leie.\" \/>\n<meta property=\"og:url\" content=\"http:\/\/audun.teks.no\/en\/valsneset-industriomrade\/\" \/>\n<meta property=\"og:site_name\" content=\"\u00d8rland-TEKS-tmp\" \/>\n<meta property=\"article:modified_time\" content=\"2020-12-02T15:53:26+00:00\" \/>\n<meta property=\"og:image\" content=\"http:\/\/audun.teks.no\/wp-content\/uploads\/2020\/11\/Valsneset-featured-image-2.png\" \/>\n\t<meta property=\"og:image:width\" content=\"981\" \/>\n\t<meta property=\"og:image:height\" content=\"318\" \/>\n\t<meta property=\"og:image:type\" content=\"image\/png\" \/>\n<meta name=\"twitter:card\" content=\"summary_large_image\" \/>\n<meta name=\"twitter:label1\" content=\"Est. reading time\" \/>\n\t<meta name=\"twitter:data1\" content=\"2 minutes\" \/>\n<script type=\"application\/ld+json\" class=\"yoast-schema-graph\">{\"@context\":\"https:\/\/schema.org\",\"@graph\":[{\"@type\":\"WebPage\",\"@id\":\"http:\/\/audun.teks.no\/valsneset-industriomrade\/\",\"url\":\"http:\/\/audun.teks.no\/valsneset-industriomrade\/\",\"name\":\"Valsneset Industriomr\u00e5de - \u00d8rland-TEKS-tmp\",\"isPartOf\":{\"@id\":\"http:\/\/audun.teks.no\/#website\"},\"primaryImageOfPage\":{\"@id\":\"http:\/\/audun.teks.no\/valsneset-industriomrade\/#primaryimage\"},\"image\":{\"@id\":\"http:\/\/audun.teks.no\/valsneset-industriomrade\/#primaryimage\"},\"thumbnailUrl\":\"http:\/\/audun.teks.no\/wp-content\/uploads\/2020\/11\/Valsneset-featured-image-2.png\",\"datePublished\":\"2020-11-24T15:25:48+00:00\",\"dateModified\":\"2020-12-02T15:53:26+00:00\",\"description\":\"Gode bo- og jobbmuligheter, kort vei til skole, jobb og fritidsaktiviteter uansett hvor i kommunen du bor. Bredt og variert aktivitetstilbud for store og sm\u00e5. Flytt bedriften eller etabler ny n\u00e6ring p\u00e5 \u00d8rlandet. Kommunen har byggeklart n\u00e6ringsareal b\u00e5de til salgs og til leie.\",\"breadcrumb\":{\"@id\":\"http:\/\/audun.teks.no\/valsneset-industriomrade\/#breadcrumb\"},\"inLanguage\":\"en-US\",\"potentialAction\":[{\"@type\":\"ReadAction\",\"target\":[\"http:\/\/audun.teks.no\/valsneset-industriomrade\/\"]}]},{\"@type\":\"ImageObject\",\"inLanguage\":\"en-US\",\"@id\":\"http:\/\/audun.teks.no\/valsneset-industriomrade\/#primaryimage\",\"url\":\"http:\/\/audun.teks.no\/wp-content\/uploads\/2020\/11\/Valsneset-featured-image-2.png\",\"contentUrl\":\"http:\/\/audun.teks.no\/wp-content\/uploads\/2020\/11\/Valsneset-featured-image-2.png\",\"width\":981,\"height\":318},{\"@type\":\"BreadcrumbList\",\"@id\":\"http:\/\/audun.teks.no\/valsneset-industriomrade\/#breadcrumb\",\"itemListElement\":[{\"@type\":\"ListItem\",\"position\":1,\"name\":\"Hjem\",\"item\":\"http:\/\/audun.teks.no\/\"},{\"@type\":\"ListItem\",\"position\":2,\"name\":\"Valsneset Industriomr\u00e5de\"}]},{\"@type\":\"WebSite\",\"@id\":\"http:\/\/audun.teks.no\/#website\",\"url\":\"http:\/\/audun.teks.no\/\",\"name\":\"\u00d8rland-TEKS-tmp\",\"description\":\"Velkommen til flotte kystopplevelser\",\"publisher\":{\"@id\":\"http:\/\/audun.teks.no\/#organization\"},\"potentialAction\":[{\"@type\":\"SearchAction\",\"target\":{\"@type\":\"EntryPoint\",\"urlTemplate\":\"http:\/\/audun.teks.no\/?s={search_term_string}\"},\"query-input\":{\"@type\":\"PropertyValueSpecification\",\"valueRequired\":true,\"valueName\":\"search_term_string\"}}],\"inLanguage\":\"en-US\"},{\"@type\":\"Organization\",\"@id\":\"http:\/\/audun.teks.no\/#organization\",\"name\":\"\u00d8rland\",\"url\":\"http:\/\/audun.teks.no\/\",\"logo\":{\"@type\":\"ImageObject\",\"inLanguage\":\"en-US\",\"@id\":\"http:\/\/audun.teks.no\/#\/schema\/logo\/image\/\",\"url\":\"http:\/\/audun.teks.no\/wp-content\/uploads\/2020\/04\/RORET-\u00d8rland-kulturforetak-KF.jpg\",\"contentUrl\":\"http:\/\/audun.teks.no\/wp-content\/uploads\/2020\/04\/RORET-\u00d8rland-kulturforetak-KF.jpg\",\"width\":1772,\"height\":969,\"caption\":\"\u00d8rland\"},\"image\":{\"@id\":\"http:\/\/audun.teks.no\/#\/schema\/logo\/image\/\"}}]}<\/script>\n<!-- \/ Yoast SEO plugin. -->","yoast_head_json":{"title":"Valsneset Industriomr\u00e5de - \u00d8rland-TEKS-tmp","description":"Gode bo- og jobbmuligheter, kort vei til skole, jobb og fritidsaktiviteter uansett hvor i kommunen du bor. Bredt og variert aktivitetstilbud for store og sm\u00e5. Flytt bedriften eller etabler ny n\u00e6ring p\u00e5 \u00d8rlandet. Kommunen har byggeklart n\u00e6ringsareal b\u00e5de til salgs og til leie.","robots":{"index":"noindex","follow":"follow","max-snippet":"max-snippet:-1","max-image-preview":"max-image-preview:large","max-video-preview":"max-video-preview:-1"},"og_locale":"en_US","og_type":"article","og_title":"Valsneset Industriomr\u00e5de - \u00d8rland-TEKS-tmp","og_description":"Gode bo- og jobbmuligheter, kort vei til skole, jobb og fritidsaktiviteter uansett hvor i kommunen du bor. Bredt og variert aktivitetstilbud for store og sm\u00e5. Flytt bedriften eller etabler ny n\u00e6ring p\u00e5 \u00d8rlandet. Kommunen har byggeklart n\u00e6ringsareal b\u00e5de til salgs og til leie.","og_url":"http:\/\/audun.teks.no\/en\/valsneset-industriomrade\/","og_site_name":"\u00d8rland-TEKS-tmp","article_modified_time":"2020-12-02T15:53:26+00:00","og_image":[{"width":981,"height":318,"url":"http:\/\/audun.teks.no\/wp-content\/uploads\/2020\/11\/Valsneset-featured-image-2.png","type":"image\/png"}],"twitter_card":"summary_large_image","twitter_misc":{"Est. reading time":"2 minutes"},"schema":{"@context":"https:\/\/schema.org","@graph":[{"@type":"WebPage","@id":"http:\/\/audun.teks.no\/valsneset-industriomrade\/","url":"http:\/\/audun.teks.no\/valsneset-industriomrade\/","name":"Valsneset Industriomr\u00e5de - \u00d8rland-TEKS-tmp","isPartOf":{"@id":"http:\/\/audun.teks.no\/#website"},"primaryImageOfPage":{"@id":"http:\/\/audun.teks.no\/valsneset-industriomrade\/#primaryimage"},"image":{"@id":"http:\/\/audun.teks.no\/valsneset-industriomrade\/#primaryimage"},"thumbnailUrl":"http:\/\/audun.teks.no\/wp-content\/uploads\/2020\/11\/Valsneset-featured-image-2.png","datePublished":"2020-11-24T15:25:48+00:00","dateModified":"2020-12-02T15:53:26+00:00","description":"Gode bo- og jobbmuligheter, kort vei til skole, jobb og fritidsaktiviteter uansett hvor i kommunen du bor. Bredt og variert aktivitetstilbud for store og sm\u00e5. Flytt bedriften eller etabler ny n\u00e6ring p\u00e5 \u00d8rlandet. Kommunen har byggeklart n\u00e6ringsareal b\u00e5de til salgs og til leie.","breadcrumb":{"@id":"http:\/\/audun.teks.no\/valsneset-industriomrade\/#breadcrumb"},"inLanguage":"en-US","potentialAction":[{"@type":"ReadAction","target":["http:\/\/audun.teks.no\/valsneset-industriomrade\/"]}]},{"@type":"ImageObject","inLanguage":"en-US","@id":"http:\/\/audun.teks.no\/valsneset-industriomrade\/#primaryimage","url":"http:\/\/audun.teks.no\/wp-content\/uploads\/2020\/11\/Valsneset-featured-image-2.png","contentUrl":"http:\/\/audun.teks.no\/wp-content\/uploads\/2020\/11\/Valsneset-featured-image-2.png","width":981,"height":318},{"@type":"BreadcrumbList","@id":"http:\/\/audun.teks.no\/valsneset-industriomrade\/#breadcrumb","itemListElement":[{"@type":"ListItem","position":1,"name":"Hjem","item":"http:\/\/audun.teks.no\/"},{"@type":"ListItem","position":2,"name":"Valsneset Industriomr\u00e5de"}]},{"@type":"WebSite","@id":"http:\/\/audun.teks.no\/#website","url":"http:\/\/audun.teks.no\/","name":"\u00d8rland-TEKS-tmp","description":"Velkommen til flotte kystopplevelser","publisher":{"@id":"http:\/\/audun.teks.no\/#organization"},"potentialAction":[{"@type":"SearchAction","target":{"@type":"EntryPoint","urlTemplate":"http:\/\/audun.teks.no\/?s={search_term_string}"},"query-input":{"@type":"PropertyValueSpecification","valueRequired":true,"valueName":"search_term_string"}}],"inLanguage":"en-US"},{"@type":"Organization","@id":"http:\/\/audun.teks.no\/#organization","name":"\u00d8rland","url":"http:\/\/audun.teks.no\/","logo":{"@type":"ImageObject","inLanguage":"en-US","@id":"http:\/\/audun.teks.no\/#\/schema\/logo\/image\/","url":"http:\/\/audun.teks.no\/wp-content\/uploads\/2020\/04\/RORET-\u00d8rland-kulturforetak-KF.jpg","contentUrl":"http:\/\/audun.teks.no\/wp-content\/uploads\/2020\/04\/RORET-\u00d8rland-kulturforetak-KF.jpg","width":1772,"height":969,"caption":"\u00d8rland"},"image":{"@id":"http:\/\/audun.teks.no\/#\/schema\/logo\/image\/"}}]}},"acf":[],"_links":{"self":[{"href":"http:\/\/audun.teks.no\/en\/wp-json\/wp\/v2\/pages\/519752","targetHints":{"allow":["GET"]}}],"collection":[{"href":"http:\/\/audun.teks.no\/en\/wp-json\/wp\/v2\/pages"}],"about":[{"href":"http:\/\/audun.teks.no\/en\/wp-json\/wp\/v2\/types\/page"}],"author":[{"embeddable":true,"href":"http:\/\/audun.teks.no\/en\/wp-json\/wp\/v2\/users\/4"}],"replies":[{"embeddable":true,"href":"http:\/\/audun.teks.no\/en\/wp-json\/wp\/v2\/comments?post=519752"}],"version-history":[{"count":26,"href":"http:\/\/audun.teks.no\/en\/wp-json\/wp\/v2\/pages\/519752\/revisions"}],"predecessor-version":[{"id":519917,"href":"http:\/\/audun.teks.no\/en\/wp-json\/wp\/v2\/pages\/519752\/revisions\/519917"}],"wp:featuredmedia":[{"embeddable":true,"href":"http:\/\/audun.teks.no\/en\/wp-json\/wp\/v2\/media\/519782"}],"wp:attachment":[{"href":"http:\/\/audun.teks.no\/en\/wp-json\/wp\/v2\/media?parent=519752"}],"curies":[{"name":"wp","href":"https:\/\/api.w.org\/{rel}","templated":true}]}}