{"id":519694,"date":"2020-11-17T19:30:08","date_gmt":"2020-11-17T19:30:08","guid":{"rendered":"https:\/\/www.orland.no\/?page_id=519694"},"modified":"2020-11-17T20:11:16","modified_gmt":"2020-11-17T20:11:16","slug":"pakke-2","status":"publish","type":"page","link":"http:\/\/audun.teks.no\/en\/pakke-2\/","title":{"rendered":"Pakke 2 &#8211; Kystopplevelser p\u00e5 sykkel!"},"content":{"rendered":"<div data-elementor-type=\"wp-page\" data-elementor-id=\"519694\" class=\"elementor elementor-519694\">\n\t\t\t\t\t\t<div class=\"elementor-inner\">\n\t\t\t\t<div class=\"elementor-section-wrap\">\n\t\t\t\t\t\t\t\t\t<section class=\"elementor-section elementor-top-section elementor-element elementor-element-5bf31ca elementor-section-boxed elementor-section-height-default elementor-section-height-default\" data-id=\"5bf31ca\" data-element_type=\"section\">\n\t\t\t\t\t\t<div class=\"elementor-container elementor-column-gap-default\">\n\t\t\t\t\t\t\t<div class=\"elementor-row\">\n\t\t\t\t\t<div class=\"elementor-column elementor-col-100 elementor-top-column elementor-element elementor-element-9c5df6b\" data-id=\"9c5df6b\" data-element_type=\"column\">\n\t\t\t<div class=\"elementor-column-wrap elementor-element-populated\">\n\t\t\t\t\t\t\t<div class=\"elementor-widget-wrap\">\n\t\t\t\t\t\t<div class=\"elementor-element elementor-element-77997d6 elementor-widget elementor-widget-text-editor\" data-id=\"77997d6\" data-element_type=\"widget\" data-widget_type=\"text-editor.default\">\n\t\t\t\t<div class=\"elementor-widget-container\">\n\t\t\t\t\t\t\t\t<div class=\"elementor-text-editor elementor-clearfix\">\n\t\t\t\t<p class=\"western\"><span style=\"font-family: Verdana, serif;\"><span style=\"font-size: small;\"><span>Ved \u00e5 sykle i \u00d8rland om sommeren opplever du et fantastisk lys. Flatt terreng og stor variasjon i landskapet gj\u00f8r at \u00d8rland er som skapt til \u00e5 utforskes fra et sykkelsete. <\/span><\/span><\/span><\/p><p class=\"western\"><span style=\"font-family: Verdana, serif;\"><span style=\"font-size: small;\"><span>Her kan du oppleve kontrastfylt natur i sakte fart. Underveis kan du om sommeren bes\u00f8ke historiske Austr\u00e5ttborgen, krigshistorie p\u00e5 Austr\u00e5tt fort og man kan sykle innom Romstad g\u00e5rd og smake lokalprodusert mat.<\/span><\/span><\/span><\/p><p class=\"western\"><span style=\"font-family: Verdana, serif;\"><span style=\"font-size: small;\">Anbefaler ogs\u00e5 \u00abToppturen\u00bb til Synn\u00f8rsfjellet. <\/span><\/span><span style=\"font-family: Verdana, serif;\"><span style=\"font-size: small;\"><span>Synn\u00f8rsfjellet er det lille fjellet med den fantastiske utsikten. Fjellet rager bare 74 meter over havet, men utsikten over \u00d8rlandet er like fullt et h\u00f8ydepunkt. <\/span><\/span><\/span><\/p><p><span style=\"font-family: Times New Roman, serif;\"><span style=\"font-family: Verdana, serif;\"><span style=\"font-size: small;\">For \u00e5 bestige fjellet m\u00e5 du ta turen til en av \u00d8rlands mange \u00f8yer; Garten, som ligger ytterst mot s\u00f8rvest av fastlandet. Fra toppen er det god utsikt i alle retninger! <\/span><\/span><span style=\"color: #000000;\"><span style=\"font-family: Verdana, serif;\"><span style=\"font-size: small;\"><span>Selv om h\u00f8yden p\u00e5 fjellet kanskje ikke er s\u00e5 imponerende, har likefullt Synn\u00f8rsfjellet blitt benyttet som utsiktspunkt i lange tider, blant annet under f\u00f8rste verdenskrig, da det hadde rollen som signalstasjon for Agdenes festning.\u00a0 Under andre verdenskrig var toppen besatt av tyskere. Den dag i dag kan man fortsatt se tydelige spor etter milit\u00e6r aktivitet p\u00e5 fjelltoppen.<\/span><\/span><\/span><\/span><span style=\"color: #3c4858;\"><span style=\"font-family: Verdana, serif;\"><span style=\"font-size: small;\"><span><\/span><\/span><\/span><\/span><\/span><\/p><p><span style=\"color: #3c4858;\"><span style=\"font-family: Verdana, serif;\"><span style=\"font-size: small;\"><span><\/span><\/span><\/span><\/span><span style=\"font-family: Verdana, serif;\"><span style=\"font-size: small;\"><span>Bestill behagelig overnatting med havutsikt samt deilig middag etter turen basert p\u00e5 kortreiste og \u00f8kologiske r\u00e5varer. \u00d8rland Kysthotell har sentral beliggenhet rett ved b\u00e5tankomst p\u00e5 Brekstad, \u00d8rland.<\/span><\/span><\/span><span style=\"font-family: Verdana, serif;\"><span style=\"font-size: small;\"><span><br \/><\/span><\/span><\/span><\/p><p class=\"western\"><span style=\"font-family: Verdana, serif;\"><span style=\"font-size: small;\"><span>Pris for overnatting inkludert frokost og middag: <\/span><\/span><\/span><span style=\"font-family: Verdana, serif;\"><span style=\"font-size: small;\"><span>Dobbeltrom 1790,- \/ enkeltrom 1190,- per natt.<\/span><\/span><\/span><\/p><p><a href=\"http:\/\/audun.teks.no\/en\/opplev-orland-pa-sykkel\/\">Anbefalte sykkelruter<\/a><\/p><p><a href=\"http:\/\/audun.teks.no\/en\/austrattborgen-2\/\">Austr\u00e5tt manor<\/a><\/p><p><a href=\"http:\/\/audun.teks.no\/en\/austratt-fort\/\">Austr\u00e5tt fort (WWII)<\/a><\/p><p><a href=\"http:\/\/audun.teks.no\/en\/til-og-fra-orland\/\">Reise til \u00d8rland<\/a><\/p>\t\t\t\t\t<\/div>\n\t\t\t\t\t\t<\/div>\n\t\t\t\t<\/div>\n\t\t\t\t\t\t<\/div>\n\t\t\t\t\t<\/div>\n\t\t<\/div>\n\t\t\t\t\t\t\t\t<\/div>\n\t\t\t\t\t<\/div>\n\t\t<\/section>\n\t\t\t\t<section class=\"elementor-section elementor-top-section elementor-element elementor-element-4600abd elementor-section-boxed elementor-section-height-default elementor-section-height-default\" data-id=\"4600abd\" data-element_type=\"section\">\n\t\t\t\t\t\t<div class=\"elementor-container elementor-column-gap-default\">\n\t\t\t\t\t\t\t<div class=\"elementor-row\">\n\t\t\t\t\t<div class=\"elementor-column elementor-col-100 elementor-top-column elementor-element elementor-element-191f2da\" data-id=\"191f2da\" data-element_type=\"column\">\n\t\t\t<div class=\"elementor-column-wrap elementor-element-populated\">\n\t\t\t\t\t\t\t<div class=\"elementor-widget-wrap\">\n\t\t\t\t\t\t<div class=\"elementor-element elementor-element-9a81acd elementor-align-left elementor-widget elementor-widget-button\" data-id=\"9a81acd\" data-element_type=\"widget\" data-widget_type=\"button.default\">\n\t\t\t\t<div class=\"elementor-widget-container\">\n\t\t\t\t\t<div class=\"elementor-button-wrapper\">\n\t\t\t<a href=\"https:\/\/www.kysthotell.no\" target=\"_blank\" class=\"elementor-button-link elementor-button elementor-size-sm\" role=\"button\">\n\t\t\t\t\t\t<span class=\"elementor-button-content-wrapper\">\n\t\t\t\t\t\t<span class=\"elementor-button-text\">Booking<\/span>\n\t\t<\/span>\n\t\t\t\t\t<\/a>\n\t\t<\/div>\n\t\t\t\t<\/div>\n\t\t\t\t<\/div>\n\t\t\t\t\t\t<\/div>\n\t\t\t\t\t<\/div>\n\t\t<\/div>\n\t\t\t\t\t\t\t\t<\/div>\n\t\t\t\t\t<\/div>\n\t\t<\/section>\n\t\t\t\t<section class=\"elementor-section elementor-top-section elementor-element elementor-element-a982fef elementor-section-boxed elementor-section-height-default elementor-section-height-default\" data-id=\"a982fef\" data-element_type=\"section\">\n\t\t\t\t\t\t<div class=\"elementor-container elementor-column-gap-default\">\n\t\t\t\t\t\t\t<div class=\"elementor-row\">\n\t\t\t\t\t<div class=\"elementor-column elementor-col-100 elementor-top-column elementor-element elementor-element-82f8eaf\" data-id=\"82f8eaf\" data-element_type=\"column\">\n\t\t\t<div class=\"elementor-column-wrap elementor-element-populated\">\n\t\t\t\t\t\t\t<div class=\"elementor-widget-wrap\">\n\t\t\t\t\t\t<div class=\"elementor-element elementor-element-b33a7b3 elementor-widget elementor-widget-spacer\" data-id=\"b33a7b3\" data-element_type=\"widget\" data-widget_type=\"spacer.default\">\n\t\t\t\t<div class=\"elementor-widget-container\">\n\t\t\t\t\t<div class=\"elementor-spacer\">\n\t\t\t<div class=\"elementor-spacer-inner\"><\/div>\n\t\t<\/div>\n\t\t\t\t<\/div>\n\t\t\t\t<\/div>\n\t\t\t\t\t\t<\/div>\n\t\t\t\t\t<\/div>\n\t\t<\/div>\n\t\t\t\t\t\t\t\t<\/div>\n\t\t\t\t\t<\/div>\n\t\t<\/section>\n\t\t\t\t<section class=\"elementor-section elementor-top-section elementor-element elementor-element-ed161ae elementor-section-boxed elementor-section-height-default elementor-section-height-default\" data-id=\"ed161ae\" data-element_type=\"section\">\n\t\t\t\t\t\t<div class=\"elementor-container elementor-column-gap-default\">\n\t\t\t\t\t\t\t<div class=\"elementor-row\">\n\t\t\t\t\t<div class=\"elementor-column elementor-col-100 elementor-top-column elementor-element elementor-element-9ff70a7\" data-id=\"9ff70a7\" data-element_type=\"column\">\n\t\t\t<div class=\"elementor-column-wrap elementor-element-populated\">\n\t\t\t\t\t\t\t<div class=\"elementor-widget-wrap\">\n\t\t\t\t\t\t<div class=\"elementor-element elementor-element-54f89a9 elementor-align-justify elementor-widget elementor-widget-button\" data-id=\"54f89a9\" data-element_type=\"widget\" data-widget_type=\"button.default\">\n\t\t\t\t<div class=\"elementor-widget-container\">\n\t\t\t\t\t<div class=\"elementor-button-wrapper\">\n\t\t\t<a href=\"http:\/\/audun.teks.no\/en\/et-hav-av-opplevelser\/\" target=\"_blank\" class=\"elementor-button-link elementor-button elementor-size-xl\" role=\"button\">\n\t\t\t\t\t\t<span class=\"elementor-button-content-wrapper\">\n\t\t\t\t\t\t<span class=\"elementor-button-text\">Click here for an overview of tours and adventures<\/span>\n\t\t<\/span>\n\t\t\t\t\t<\/a>\n\t\t<\/div>\n\t\t\t\t<\/div>\n\t\t\t\t<\/div>\n\t\t\t\t\t\t<\/div>\n\t\t\t\t\t<\/div>\n\t\t<\/div>\n\t\t\t\t\t\t\t\t<\/div>\n\t\t\t\t\t<\/div>\n\t\t<\/section>\n\t\t\t\t<section class=\"elementor-section elementor-top-section elementor-element elementor-element-45a8a85 elementor-section-boxed elementor-section-height-default elementor-section-height-default\" data-id=\"45a8a85\" data-element_type=\"section\">\n\t\t\t\t\t\t<div class=\"elementor-container elementor-column-gap-default\">\n\t\t\t\t\t\t\t<div class=\"elementor-row\">\n\t\t\t\t\t<div class=\"elementor-column elementor-col-100 elementor-top-column elementor-element elementor-element-5b9ed672\" data-id=\"5b9ed672\" data-element_type=\"column\">\n\t\t\t<div class=\"elementor-column-wrap elementor-element-populated\">\n\t\t\t\t\t\t\t<div class=\"elementor-widget-wrap\">\n\t\t\t\t\t\t<div class=\"elementor-element elementor-element-267eefea elementor-widget elementor-widget-spacer\" data-id=\"267eefea\" data-element_type=\"widget\" data-widget_type=\"spacer.default\">\n\t\t\t\t<div class=\"elementor-widget-container\">\n\t\t\t\t\t<div class=\"elementor-spacer\">\n\t\t\t<div class=\"elementor-spacer-inner\"><\/div>\n\t\t<\/div>\n\t\t\t\t<\/div>\n\t\t\t\t<\/div>\n\t\t\t\t\t\t<\/div>\n\t\t\t\t\t<\/div>\n\t\t<\/div>\n\t\t\t\t\t\t\t\t<\/div>\n\t\t\t\t\t<\/div>\n\t\t<\/section>\n\t\t\t\t\t\t\t\t\t<\/div>\n\t\t\t<\/div>\n\t\t\t\t\t<\/div>","protected":false},"excerpt":{"rendered":"<p>Ved \u00e5 sykle i \u00d8rland om sommeren opplever du et fantastisk lys. Flatt terreng og stor variasjon i landskapet gj\u00f8r at \u00d8rland er som skapt til \u00e5 utforskes fra et sykkelsete. Her kan du oppleve kontrastfylt natur i sakte fart. Underveis kan du om sommeren bes\u00f8ke historiske Austr\u00e5ttborgen, krigshistorie p\u00e5 [&hellip;]<\/p>","protected":false},"author":10,"featured_media":519358,"parent":0,"menu_order":0,"comment_status":"closed","ping_status":"closed","template":"page-templates\/template-page-sidebar.php","meta":{"ngg_post_thumbnail":0,"footnotes":""},"class_list":["post-519694","page","type-page","status-publish","has-post-thumbnail","hentry"],"yoast_head":"<!-- This site is optimized with the Yoast SEO plugin v26.8 - https:\/\/yoast.com\/product\/yoast-seo-wordpress\/ -->\n<title>Pakke 2 - Kystopplevelser p\u00e5 sykkel! - \u00d8rland-TEKS-tmp<\/title>\n<meta name=\"description\" content=\"Kystopplevelser i \u00d8rland. I \u00d8rland kan du oppleve et rikt fugleliv og vandre i historiske landskap. \u00d8rlandet er ogs\u00e5 perfekt for sykkelturer.\" \/>\n<meta name=\"robots\" content=\"noindex, follow, max-snippet:-1, max-image-preview:large, max-video-preview:-1\" \/>\n<meta property=\"og:locale\" content=\"en_US\" \/>\n<meta property=\"og:type\" content=\"article\" \/>\n<meta property=\"og:title\" content=\"Pakke 2 - Kystopplevelser p\u00e5 sykkel! - \u00d8rland-TEKS-tmp\" \/>\n<meta property=\"og:description\" content=\"Kystopplevelser i \u00d8rland. I \u00d8rland kan du oppleve et rikt fugleliv og vandre i historiske landskap. \u00d8rlandet er ogs\u00e5 perfekt for sykkelturer.\" \/>\n<meta property=\"og:url\" content=\"http:\/\/audun.teks.no\/en\/pakke-2\/\" \/>\n<meta property=\"og:site_name\" content=\"\u00d8rland-TEKS-tmp\" \/>\n<meta property=\"article:modified_time\" content=\"2020-11-17T20:11:16+00:00\" \/>\n<meta property=\"og:image\" content=\"http:\/\/audun.teks.no\/wp-content\/uploads\/2020\/06\/pano-\u00f8rl-High-Res-Kr\u00e5kv\u00e5g-mot-nord-fra-fugleskjullokalitet-scaled.jpg\" \/>\n\t<meta property=\"og:image:width\" content=\"2560\" \/>\n\t<meta property=\"og:image:height\" content=\"441\" \/>\n\t<meta property=\"og:image:type\" content=\"image\/jpeg\" \/>\n<meta name=\"twitter:card\" content=\"summary_large_image\" \/>\n<meta name=\"twitter:label1\" content=\"Est. reading time\" \/>\n\t<meta name=\"twitter:data1\" content=\"1 minute\" \/>\n<script type=\"application\/ld+json\" class=\"yoast-schema-graph\">{\"@context\":\"https:\/\/schema.org\",\"@graph\":[{\"@type\":\"WebPage\",\"@id\":\"http:\/\/audun.teks.no\/pakke-2\/\",\"url\":\"http:\/\/audun.teks.no\/pakke-2\/\",\"name\":\"Pakke 2 - Kystopplevelser p\u00e5 sykkel! - \u00d8rland-TEKS-tmp\",\"isPartOf\":{\"@id\":\"http:\/\/audun.teks.no\/#website\"},\"primaryImageOfPage\":{\"@id\":\"http:\/\/audun.teks.no\/pakke-2\/#primaryimage\"},\"image\":{\"@id\":\"http:\/\/audun.teks.no\/pakke-2\/#primaryimage\"},\"thumbnailUrl\":\"http:\/\/audun.teks.no\/wp-content\/uploads\/2020\/06\/pano-\u00f8rl-High-Res-Kr\u00e5kv\u00e5g-mot-nord-fra-fugleskjullokalitet-scaled.jpg\",\"datePublished\":\"2020-11-17T19:30:08+00:00\",\"dateModified\":\"2020-11-17T20:11:16+00:00\",\"description\":\"Kystopplevelser i \u00d8rland. I \u00d8rland kan du oppleve et rikt fugleliv og vandre i historiske landskap. \u00d8rlandet er ogs\u00e5 perfekt for sykkelturer.\",\"breadcrumb\":{\"@id\":\"http:\/\/audun.teks.no\/pakke-2\/#breadcrumb\"},\"inLanguage\":\"en-US\",\"potentialAction\":[{\"@type\":\"ReadAction\",\"target\":[\"http:\/\/audun.teks.no\/pakke-2\/\"]}]},{\"@type\":\"ImageObject\",\"inLanguage\":\"en-US\",\"@id\":\"http:\/\/audun.teks.no\/pakke-2\/#primaryimage\",\"url\":\"http:\/\/audun.teks.no\/wp-content\/uploads\/2020\/06\/pano-\u00f8rl-High-Res-Kr\u00e5kv\u00e5g-mot-nord-fra-fugleskjullokalitet-scaled.jpg\",\"contentUrl\":\"http:\/\/audun.teks.no\/wp-content\/uploads\/2020\/06\/pano-\u00f8rl-High-Res-Kr\u00e5kv\u00e5g-mot-nord-fra-fugleskjullokalitet-scaled.jpg\",\"width\":2560,\"height\":441},{\"@type\":\"BreadcrumbList\",\"@id\":\"http:\/\/audun.teks.no\/pakke-2\/#breadcrumb\",\"itemListElement\":[{\"@type\":\"ListItem\",\"position\":1,\"name\":\"Hjem\",\"item\":\"http:\/\/audun.teks.no\/\"},{\"@type\":\"ListItem\",\"position\":2,\"name\":\"Pakke 2 &#8211; Kystopplevelser p\u00e5 sykkel!\"}]},{\"@type\":\"WebSite\",\"@id\":\"http:\/\/audun.teks.no\/#website\",\"url\":\"http:\/\/audun.teks.no\/\",\"name\":\"\u00d8rland-TEKS-tmp\",\"description\":\"Velkommen til flotte kystopplevelser\",\"publisher\":{\"@id\":\"http:\/\/audun.teks.no\/#organization\"},\"potentialAction\":[{\"@type\":\"SearchAction\",\"target\":{\"@type\":\"EntryPoint\",\"urlTemplate\":\"http:\/\/audun.teks.no\/?s={search_term_string}\"},\"query-input\":{\"@type\":\"PropertyValueSpecification\",\"valueRequired\":true,\"valueName\":\"search_term_string\"}}],\"inLanguage\":\"en-US\"},{\"@type\":\"Organization\",\"@id\":\"http:\/\/audun.teks.no\/#organization\",\"name\":\"\u00d8rland\",\"url\":\"http:\/\/audun.teks.no\/\",\"logo\":{\"@type\":\"ImageObject\",\"inLanguage\":\"en-US\",\"@id\":\"http:\/\/audun.teks.no\/#\/schema\/logo\/image\/\",\"url\":\"http:\/\/audun.teks.no\/wp-content\/uploads\/2020\/04\/RORET-\u00d8rland-kulturforetak-KF.jpg\",\"contentUrl\":\"http:\/\/audun.teks.no\/wp-content\/uploads\/2020\/04\/RORET-\u00d8rland-kulturforetak-KF.jpg\",\"width\":1772,\"height\":969,\"caption\":\"\u00d8rland\"},\"image\":{\"@id\":\"http:\/\/audun.teks.no\/#\/schema\/logo\/image\/\"}}]}<\/script>\n<!-- \/ Yoast SEO plugin. -->","yoast_head_json":{"title":"Pakke 2 - Kystopplevelser p\u00e5 sykkel! - \u00d8rland-TEKS-tmp","description":"Kystopplevelser i \u00d8rland. I \u00d8rland kan du oppleve et rikt fugleliv og vandre i historiske landskap. \u00d8rlandet er ogs\u00e5 perfekt for sykkelturer.","robots":{"index":"noindex","follow":"follow","max-snippet":"max-snippet:-1","max-image-preview":"max-image-preview:large","max-video-preview":"max-video-preview:-1"},"og_locale":"en_US","og_type":"article","og_title":"Pakke 2 - Kystopplevelser p\u00e5 sykkel! - \u00d8rland-TEKS-tmp","og_description":"Kystopplevelser i \u00d8rland. I \u00d8rland kan du oppleve et rikt fugleliv og vandre i historiske landskap. \u00d8rlandet er ogs\u00e5 perfekt for sykkelturer.","og_url":"http:\/\/audun.teks.no\/en\/pakke-2\/","og_site_name":"\u00d8rland-TEKS-tmp","article_modified_time":"2020-11-17T20:11:16+00:00","og_image":[{"width":2560,"height":441,"url":"http:\/\/audun.teks.no\/wp-content\/uploads\/2020\/06\/pano-\u00f8rl-High-Res-Kr\u00e5kv\u00e5g-mot-nord-fra-fugleskjullokalitet-scaled.jpg","type":"image\/jpeg"}],"twitter_card":"summary_large_image","twitter_misc":{"Est. reading time":"1 minute"},"schema":{"@context":"https:\/\/schema.org","@graph":[{"@type":"WebPage","@id":"http:\/\/audun.teks.no\/pakke-2\/","url":"http:\/\/audun.teks.no\/pakke-2\/","name":"Pakke 2 - Kystopplevelser p\u00e5 sykkel! - \u00d8rland-TEKS-tmp","isPartOf":{"@id":"http:\/\/audun.teks.no\/#website"},"primaryImageOfPage":{"@id":"http:\/\/audun.teks.no\/pakke-2\/#primaryimage"},"image":{"@id":"http:\/\/audun.teks.no\/pakke-2\/#primaryimage"},"thumbnailUrl":"http:\/\/audun.teks.no\/wp-content\/uploads\/2020\/06\/pano-\u00f8rl-High-Res-Kr\u00e5kv\u00e5g-mot-nord-fra-fugleskjullokalitet-scaled.jpg","datePublished":"2020-11-17T19:30:08+00:00","dateModified":"2020-11-17T20:11:16+00:00","description":"Kystopplevelser i \u00d8rland. I \u00d8rland kan du oppleve et rikt fugleliv og vandre i historiske landskap. \u00d8rlandet er ogs\u00e5 perfekt for sykkelturer.","breadcrumb":{"@id":"http:\/\/audun.teks.no\/pakke-2\/#breadcrumb"},"inLanguage":"en-US","potentialAction":[{"@type":"ReadAction","target":["http:\/\/audun.teks.no\/pakke-2\/"]}]},{"@type":"ImageObject","inLanguage":"en-US","@id":"http:\/\/audun.teks.no\/pakke-2\/#primaryimage","url":"http:\/\/audun.teks.no\/wp-content\/uploads\/2020\/06\/pano-\u00f8rl-High-Res-Kr\u00e5kv\u00e5g-mot-nord-fra-fugleskjullokalitet-scaled.jpg","contentUrl":"http:\/\/audun.teks.no\/wp-content\/uploads\/2020\/06\/pano-\u00f8rl-High-Res-Kr\u00e5kv\u00e5g-mot-nord-fra-fugleskjullokalitet-scaled.jpg","width":2560,"height":441},{"@type":"BreadcrumbList","@id":"http:\/\/audun.teks.no\/pakke-2\/#breadcrumb","itemListElement":[{"@type":"ListItem","position":1,"name":"Hjem","item":"http:\/\/audun.teks.no\/"},{"@type":"ListItem","position":2,"name":"Pakke 2 &#8211; Kystopplevelser p\u00e5 sykkel!"}]},{"@type":"WebSite","@id":"http:\/\/audun.teks.no\/#website","url":"http:\/\/audun.teks.no\/","name":"\u00d8rland-TEKS-tmp","description":"Velkommen til flotte kystopplevelser","publisher":{"@id":"http:\/\/audun.teks.no\/#organization"},"potentialAction":[{"@type":"SearchAction","target":{"@type":"EntryPoint","urlTemplate":"http:\/\/audun.teks.no\/?s={search_term_string}"},"query-input":{"@type":"PropertyValueSpecification","valueRequired":true,"valueName":"search_term_string"}}],"inLanguage":"en-US"},{"@type":"Organization","@id":"http:\/\/audun.teks.no\/#organization","name":"\u00d8rland","url":"http:\/\/audun.teks.no\/","logo":{"@type":"ImageObject","inLanguage":"en-US","@id":"http:\/\/audun.teks.no\/#\/schema\/logo\/image\/","url":"http:\/\/audun.teks.no\/wp-content\/uploads\/2020\/04\/RORET-\u00d8rland-kulturforetak-KF.jpg","contentUrl":"http:\/\/audun.teks.no\/wp-content\/uploads\/2020\/04\/RORET-\u00d8rland-kulturforetak-KF.jpg","width":1772,"height":969,"caption":"\u00d8rland"},"image":{"@id":"http:\/\/audun.teks.no\/#\/schema\/logo\/image\/"}}]}},"acf":[],"_links":{"self":[{"href":"http:\/\/audun.teks.no\/en\/wp-json\/wp\/v2\/pages\/519694","targetHints":{"allow":["GET"]}}],"collection":[{"href":"http:\/\/audun.teks.no\/en\/wp-json\/wp\/v2\/pages"}],"about":[{"href":"http:\/\/audun.teks.no\/en\/wp-json\/wp\/v2\/types\/page"}],"author":[{"embeddable":true,"href":"http:\/\/audun.teks.no\/en\/wp-json\/wp\/v2\/users\/10"}],"replies":[{"embeddable":true,"href":"http:\/\/audun.teks.no\/en\/wp-json\/wp\/v2\/comments?post=519694"}],"version-history":[{"count":8,"href":"http:\/\/audun.teks.no\/en\/wp-json\/wp\/v2\/pages\/519694\/revisions"}],"predecessor-version":[{"id":519733,"href":"http:\/\/audun.teks.no\/en\/wp-json\/wp\/v2\/pages\/519694\/revisions\/519733"}],"wp:featuredmedia":[{"embeddable":true,"href":"http:\/\/audun.teks.no\/en\/wp-json\/wp\/v2\/media\/519358"}],"wp:attachment":[{"href":"http:\/\/audun.teks.no\/en\/wp-json\/wp\/v2\/media?parent=519694"}],"curies":[{"name":"wp","href":"https:\/\/api.w.org\/{rel}","templated":true}]}}