{"id":519678,"date":"2020-11-17T18:58:56","date_gmt":"2020-11-17T18:58:56","guid":{"rendered":"https:\/\/www.orland.no\/?page_id=519678"},"modified":"2020-11-17T20:09:00","modified_gmt":"2020-11-17T20:09:00","slug":"pakke-1","status":"publish","type":"page","link":"http:\/\/audun.teks.no\/en\/pakke-1\/","title":{"rendered":"Pakke 1 &#8211; Austr\u00e5tt og kystpilegrimsleden"},"content":{"rendered":"<div data-elementor-type=\"wp-page\" data-elementor-id=\"519678\" class=\"elementor elementor-519678\">\n\t\t\t\t\t\t<div class=\"elementor-inner\">\n\t\t\t\t<div class=\"elementor-section-wrap\">\n\t\t\t\t\t\t\t\t\t<section class=\"elementor-section elementor-top-section elementor-element elementor-element-5bf31ca elementor-section-boxed elementor-section-height-default elementor-section-height-default\" data-id=\"5bf31ca\" data-element_type=\"section\">\n\t\t\t\t\t\t<div class=\"elementor-container elementor-column-gap-default\">\n\t\t\t\t\t\t\t<div class=\"elementor-row\">\n\t\t\t\t\t<div class=\"elementor-column elementor-col-100 elementor-top-column elementor-element elementor-element-9c5df6b\" data-id=\"9c5df6b\" data-element_type=\"column\">\n\t\t\t<div class=\"elementor-column-wrap elementor-element-populated\">\n\t\t\t\t\t\t\t<div class=\"elementor-widget-wrap\">\n\t\t\t\t\t\t<div class=\"elementor-element elementor-element-77997d6 elementor-widget elementor-widget-text-editor\" data-id=\"77997d6\" data-element_type=\"widget\" data-widget_type=\"text-editor.default\">\n\t\t\t\t<div class=\"elementor-widget-container\">\n\t\t\t\t\t\t\t\t<div class=\"elementor-text-editor elementor-clearfix\">\n\t\t\t\t<p class=\"western\"><span style=\"font-family: Verdana, serif;\"><span style=\"font-size: small;\"><span>Velkommen til \u00d8rland for \u00e5 oppleve Fosens best bevarte middelalderkirke, \u00d8rland kirke <\/span><\/span><\/span><span style=\"font-family: Verdana, serif;\"><span style=\"font-size: small;\"><span>(1250-1300) <\/span><\/span><\/span><span style=\"font-family: Verdana, serif;\"><span style=\"font-size: small;\"><span>og senmiddelalderens Austr\u00e5ttborgen. \u00d8rland kirke<\/span><\/span><\/span><span style=\"font-family: Verdana, serif;\"><span style=\"font-size: small;\"><span> er Fosens eneste intakte middelalderkirke i stein. Den har en rik historie og var blant annet gravkirke for Austr\u00e5tts adelige eiere. Det antas at Fru Inger og hennes datter Lucie ligger gravlagt under h\u00f8yalteret. <\/span><\/span><\/span><\/p><p><span style=\"font-family: Verdana, serif;\"><span style=\"font-size: small;\"><span>P\u00e5 Austr\u00e5tt bodde den ber\u00f8mte Inger Ottesdatter p\u00e5 1500-tallet, eller Fru Inger til Austr\u00e5tt som Ibsen kalte henne. Dykk inn i en tusen\u00e5rig historie og se en av Norges mest spektakul\u00e6re og underlige bygninger.<\/span><\/span><\/span><\/p><p class=\"western\"><span style=\"font-family: Verdana, serif;\"><span style=\"font-size: small;\"><span>P\u00e5 Austr\u00e5tt finner du ogs\u00e5 <\/span><\/span><\/span><span style=\"font-family: Verdana, serif;\"><span style=\"font-size: small;\"><span>Austr\u00e5tt Fort, et tidligere tysk festningsanlegg med et gigantisk kanont\u00e5rn i fem etasjer. Dette anlegget hadde en viktig strategisk plassering ved innl\u00f8pet til Trondheimsfjorden<\/span><\/span><\/span><span style=\"color: #3c4858;\"><span style=\"font-family: Verdana, serif;\"><span style=\"font-size: small;\"><span>.<\/span><\/span><\/span><\/span><\/p><p class=\"western\"><span style=\"color: #000000;\"><span style=\"font-family: Verdana, serif;\"><span style=\"font-size: small;\"><span>Det er guidede omvisninger i sommersesongen p\u00e5 Austr\u00e5ttborgen og Austr\u00e5tt Fort. <\/span><\/span><\/span><\/span><span style=\"color: #000000;\"><span style=\"font-family: Verdana, serif;\"><span style=\"font-size: small;\"><span>Enten ved g\u00e5tur eller p<\/span><\/span><\/span><\/span><span style=\"color: #000000;\"><span style=\"font-family: Verdana, serif;\"><span style=\"font-size: small;\"><span>\u00e5 en sykkeltur kan du oppleve sporene etter denne fantastiske historien!<br \/><\/span><\/span><\/span><\/span><span style=\"color: #3c4858;\"><span style=\"font-family: Verdana, serif;\"><span style=\"font-size: small;\"><span><br \/><\/span><\/span><\/span><\/span><span style=\"font-family: Verdana, serif;\"><span style=\"font-size: small;\"><span>Bestill behagelig overnatting med havutsikt samt deilig middag etter turen basert p\u00e5 kortreiste og \u00f8kologiske r\u00e5varer. \u00d8rland Kysthotell har sentral beliggenhet rett ved b\u00e5tankomst p\u00e5 Brekstad, \u00d8rland.<\/span><\/span><\/span><span style=\"font-family: Verdana, serif;\"><span style=\"font-size: small;\"><span><br \/><\/span><\/span><\/span><\/p><p class=\"western\"><span style=\"font-family: Verdana, serif;\"><span style=\"font-size: small;\"><span>Pris for overnatting inkludert frokost og middag: <\/span><\/span><\/span><span style=\"font-family: Verdana, serif;\"><span style=\"font-size: small;\"><span>Dobbeltrom 1790,- \/ enkeltrom 1190,- per natt.<\/span><\/span><\/span><\/p><p><\/p><p><a href=\"http:\/\/audun.teks.no\/en\/austrattborgen-2\/\">Austr\u00e5tt manor<\/a><\/p><p><a href=\"http:\/\/audun.teks.no\/en\/austratt-fort\/\">Austr\u00e5tt fort (WWII)<\/a><\/p><p><a href=\"http:\/\/audun.teks.no\/en\/til-og-fra-orland\/\">Reise til \u00d8rland<\/a><\/p>\t\t\t\t\t<\/div>\n\t\t\t\t\t\t<\/div>\n\t\t\t\t<\/div>\n\t\t\t\t\t\t<\/div>\n\t\t\t\t\t<\/div>\n\t\t<\/div>\n\t\t\t\t\t\t\t\t<\/div>\n\t\t\t\t\t<\/div>\n\t\t<\/section>\n\t\t\t\t<section class=\"elementor-section elementor-top-section elementor-element elementor-element-4600abd elementor-section-boxed elementor-section-height-default elementor-section-height-default\" data-id=\"4600abd\" data-element_type=\"section\">\n\t\t\t\t\t\t<div class=\"elementor-container elementor-column-gap-default\">\n\t\t\t\t\t\t\t<div class=\"elementor-row\">\n\t\t\t\t\t<div class=\"elementor-column elementor-col-100 elementor-top-column elementor-element elementor-element-191f2da\" data-id=\"191f2da\" data-element_type=\"column\">\n\t\t\t<div class=\"elementor-column-wrap elementor-element-populated\">\n\t\t\t\t\t\t\t<div class=\"elementor-widget-wrap\">\n\t\t\t\t\t\t<div class=\"elementor-element elementor-element-9a81acd elementor-align-left elementor-widget elementor-widget-button\" data-id=\"9a81acd\" data-element_type=\"widget\" data-widget_type=\"button.default\">\n\t\t\t\t<div class=\"elementor-widget-container\">\n\t\t\t\t\t<div class=\"elementor-button-wrapper\">\n\t\t\t<a href=\"https:\/\/www.kysthotell.no\" target=\"_blank\" class=\"elementor-button-link elementor-button elementor-size-sm\" role=\"button\">\n\t\t\t\t\t\t<span class=\"elementor-button-content-wrapper\">\n\t\t\t\t\t\t<span class=\"elementor-button-text\">Booking<\/span>\n\t\t<\/span>\n\t\t\t\t\t<\/a>\n\t\t<\/div>\n\t\t\t\t<\/div>\n\t\t\t\t<\/div>\n\t\t\t\t\t\t<\/div>\n\t\t\t\t\t<\/div>\n\t\t<\/div>\n\t\t\t\t\t\t\t\t<\/div>\n\t\t\t\t\t<\/div>\n\t\t<\/section>\n\t\t\t\t<section class=\"elementor-section elementor-top-section elementor-element elementor-element-a982fef elementor-section-boxed elementor-section-height-default elementor-section-height-default\" data-id=\"a982fef\" data-element_type=\"section\">\n\t\t\t\t\t\t<div class=\"elementor-container elementor-column-gap-default\">\n\t\t\t\t\t\t\t<div class=\"elementor-row\">\n\t\t\t\t\t<div class=\"elementor-column elementor-col-100 elementor-top-column elementor-element elementor-element-82f8eaf\" data-id=\"82f8eaf\" data-element_type=\"column\">\n\t\t\t<div class=\"elementor-column-wrap elementor-element-populated\">\n\t\t\t\t\t\t\t<div class=\"elementor-widget-wrap\">\n\t\t\t\t\t\t<div class=\"elementor-element elementor-element-b33a7b3 elementor-widget elementor-widget-spacer\" data-id=\"b33a7b3\" data-element_type=\"widget\" data-widget_type=\"spacer.default\">\n\t\t\t\t<div class=\"elementor-widget-container\">\n\t\t\t\t\t<div class=\"elementor-spacer\">\n\t\t\t<div class=\"elementor-spacer-inner\"><\/div>\n\t\t<\/div>\n\t\t\t\t<\/div>\n\t\t\t\t<\/div>\n\t\t\t\t\t\t<\/div>\n\t\t\t\t\t<\/div>\n\t\t<\/div>\n\t\t\t\t\t\t\t\t<\/div>\n\t\t\t\t\t<\/div>\n\t\t<\/section>\n\t\t\t\t<section class=\"elementor-section elementor-top-section elementor-element elementor-element-ed161ae elementor-section-boxed elementor-section-height-default elementor-section-height-default\" data-id=\"ed161ae\" data-element_type=\"section\">\n\t\t\t\t\t\t<div class=\"elementor-container elementor-column-gap-default\">\n\t\t\t\t\t\t\t<div class=\"elementor-row\">\n\t\t\t\t\t<div class=\"elementor-column elementor-col-100 elementor-top-column elementor-element elementor-element-9ff70a7\" data-id=\"9ff70a7\" data-element_type=\"column\">\n\t\t\t<div class=\"elementor-column-wrap elementor-element-populated\">\n\t\t\t\t\t\t\t<div class=\"elementor-widget-wrap\">\n\t\t\t\t\t\t<div class=\"elementor-element elementor-element-54f89a9 elementor-align-justify elementor-widget elementor-widget-button\" data-id=\"54f89a9\" data-element_type=\"widget\" data-widget_type=\"button.default\">\n\t\t\t\t<div class=\"elementor-widget-container\">\n\t\t\t\t\t<div class=\"elementor-button-wrapper\">\n\t\t\t<a href=\"http:\/\/audun.teks.no\/en\/et-hav-av-opplevelser\/\" target=\"_blank\" class=\"elementor-button-link elementor-button elementor-size-xl\" role=\"button\">\n\t\t\t\t\t\t<span class=\"elementor-button-content-wrapper\">\n\t\t\t\t\t\t<span class=\"elementor-button-text\">Click here for an overview of tours and adventures<\/span>\n\t\t<\/span>\n\t\t\t\t\t<\/a>\n\t\t<\/div>\n\t\t\t\t<\/div>\n\t\t\t\t<\/div>\n\t\t\t\t\t\t<\/div>\n\t\t\t\t\t<\/div>\n\t\t<\/div>\n\t\t\t\t\t\t\t\t<\/div>\n\t\t\t\t\t<\/div>\n\t\t<\/section>\n\t\t\t\t<section class=\"elementor-section elementor-top-section elementor-element elementor-element-45a8a85 elementor-section-boxed elementor-section-height-default elementor-section-height-default\" data-id=\"45a8a85\" data-element_type=\"section\">\n\t\t\t\t\t\t<div class=\"elementor-container elementor-column-gap-default\">\n\t\t\t\t\t\t\t<div class=\"elementor-row\">\n\t\t\t\t\t<div class=\"elementor-column elementor-col-100 elementor-top-column elementor-element elementor-element-5b9ed672\" data-id=\"5b9ed672\" data-element_type=\"column\">\n\t\t\t<div class=\"elementor-column-wrap elementor-element-populated\">\n\t\t\t\t\t\t\t<div class=\"elementor-widget-wrap\">\n\t\t\t\t\t\t<div class=\"elementor-element elementor-element-267eefea elementor-widget elementor-widget-spacer\" data-id=\"267eefea\" data-element_type=\"widget\" data-widget_type=\"spacer.default\">\n\t\t\t\t<div class=\"elementor-widget-container\">\n\t\t\t\t\t<div class=\"elementor-spacer\">\n\t\t\t<div class=\"elementor-spacer-inner\"><\/div>\n\t\t<\/div>\n\t\t\t\t<\/div>\n\t\t\t\t<\/div>\n\t\t\t\t\t\t<\/div>\n\t\t\t\t\t<\/div>\n\t\t<\/div>\n\t\t\t\t\t\t\t\t<\/div>\n\t\t\t\t\t<\/div>\n\t\t<\/section>\n\t\t\t\t\t\t\t\t\t<\/div>\n\t\t\t<\/div>\n\t\t\t\t\t<\/div>","protected":false},"excerpt":{"rendered":"<p>Velkommen til \u00d8rland for \u00e5 oppleve Fosens best bevarte middelalderkirke, \u00d8rland kirke (1250-1300) og senmiddelalderens Austr\u00e5ttborgen. \u00d8rland kirke er Fosens eneste intakte middelalderkirke i stein. Den har en rik historie og var blant annet gravkirke for Austr\u00e5tts adelige eiere. Det antas at Fru Inger og hennes datter Lucie ligger gravlagt [&hellip;]<\/p>","protected":false},"author":10,"featured_media":518433,"parent":0,"menu_order":0,"comment_status":"closed","ping_status":"closed","template":"page-templates\/template-page-sidebar.php","meta":{"ngg_post_thumbnail":0,"footnotes":""},"class_list":["post-519678","page","type-page","status-publish","has-post-thumbnail","hentry"],"yoast_head":"<!-- This site is optimized with the Yoast SEO plugin v26.8 - https:\/\/yoast.com\/product\/yoast-seo-wordpress\/ -->\n<title>Pakke 1 - Austr\u00e5tt og kystpilegrimsleden - \u00d8rland-TEKS-tmp<\/title>\n<meta name=\"description\" content=\"Kystopplevelser i \u00d8rland. I \u00d8rland kan du oppleve et rikt fugleliv og vandre i historiske landskap. \u00d8rlandet er ogs\u00e5 perfekt for sykkelturer.\" \/>\n<meta name=\"robots\" content=\"noindex, follow, max-snippet:-1, max-image-preview:large, max-video-preview:-1\" \/>\n<meta property=\"og:locale\" content=\"en_US\" \/>\n<meta property=\"og:type\" content=\"article\" \/>\n<meta property=\"og:title\" content=\"Pakke 1 - Austr\u00e5tt og kystpilegrimsleden - \u00d8rland-TEKS-tmp\" \/>\n<meta property=\"og:description\" content=\"Kystopplevelser i \u00d8rland. I \u00d8rland kan du oppleve et rikt fugleliv og vandre i historiske landskap. \u00d8rlandet er ogs\u00e5 perfekt for sykkelturer.\" \/>\n<meta property=\"og:url\" content=\"http:\/\/audun.teks.no\/en\/pakke-1\/\" \/>\n<meta property=\"og:site_name\" content=\"\u00d8rland-TEKS-tmp\" \/>\n<meta property=\"article:modified_time\" content=\"2020-11-17T20:09:00+00:00\" \/>\n<meta property=\"og:image\" content=\"http:\/\/audun.teks.no\/wp-content\/uploads\/2020\/04\/Austra\u030attborgen-Daniel-13-scaled.jpg\" \/>\n\t<meta property=\"og:image:width\" content=\"2560\" \/>\n\t<meta property=\"og:image:height\" content=\"1670\" \/>\n\t<meta property=\"og:image:type\" content=\"image\/jpeg\" \/>\n<meta name=\"twitter:card\" content=\"summary_large_image\" \/>\n<meta name=\"twitter:label1\" content=\"Est. reading time\" \/>\n\t<meta name=\"twitter:data1\" content=\"1 minute\" \/>\n<script type=\"application\/ld+json\" class=\"yoast-schema-graph\">{\"@context\":\"https:\/\/schema.org\",\"@graph\":[{\"@type\":\"WebPage\",\"@id\":\"http:\/\/audun.teks.no\/pakke-1\/\",\"url\":\"http:\/\/audun.teks.no\/pakke-1\/\",\"name\":\"Pakke 1 - Austr\u00e5tt og kystpilegrimsleden - \u00d8rland-TEKS-tmp\",\"isPartOf\":{\"@id\":\"http:\/\/audun.teks.no\/#website\"},\"primaryImageOfPage\":{\"@id\":\"http:\/\/audun.teks.no\/pakke-1\/#primaryimage\"},\"image\":{\"@id\":\"http:\/\/audun.teks.no\/pakke-1\/#primaryimage\"},\"thumbnailUrl\":\"http:\/\/audun.teks.no\/wp-content\/uploads\/2020\/04\/Austra\u030attborgen-Daniel-13-scaled.jpg\",\"datePublished\":\"2020-11-17T18:58:56+00:00\",\"dateModified\":\"2020-11-17T20:09:00+00:00\",\"description\":\"Kystopplevelser i \u00d8rland. I \u00d8rland kan du oppleve et rikt fugleliv og vandre i historiske landskap. \u00d8rlandet er ogs\u00e5 perfekt for sykkelturer.\",\"breadcrumb\":{\"@id\":\"http:\/\/audun.teks.no\/pakke-1\/#breadcrumb\"},\"inLanguage\":\"en-US\",\"potentialAction\":[{\"@type\":\"ReadAction\",\"target\":[\"http:\/\/audun.teks.no\/pakke-1\/\"]}]},{\"@type\":\"ImageObject\",\"inLanguage\":\"en-US\",\"@id\":\"http:\/\/audun.teks.no\/pakke-1\/#primaryimage\",\"url\":\"http:\/\/audun.teks.no\/wp-content\/uploads\/2020\/04\/Austra\u030attborgen-Daniel-13-scaled.jpg\",\"contentUrl\":\"http:\/\/audun.teks.no\/wp-content\/uploads\/2020\/04\/Austra\u030attborgen-Daniel-13-scaled.jpg\",\"width\":2560,\"height\":1670},{\"@type\":\"BreadcrumbList\",\"@id\":\"http:\/\/audun.teks.no\/pakke-1\/#breadcrumb\",\"itemListElement\":[{\"@type\":\"ListItem\",\"position\":1,\"name\":\"Hjem\",\"item\":\"http:\/\/audun.teks.no\/\"},{\"@type\":\"ListItem\",\"position\":2,\"name\":\"Pakke 1 &#8211; Austr\u00e5tt og kystpilegrimsleden\"}]},{\"@type\":\"WebSite\",\"@id\":\"http:\/\/audun.teks.no\/#website\",\"url\":\"http:\/\/audun.teks.no\/\",\"name\":\"\u00d8rland-TEKS-tmp\",\"description\":\"Velkommen til flotte kystopplevelser\",\"publisher\":{\"@id\":\"http:\/\/audun.teks.no\/#organization\"},\"potentialAction\":[{\"@type\":\"SearchAction\",\"target\":{\"@type\":\"EntryPoint\",\"urlTemplate\":\"http:\/\/audun.teks.no\/?s={search_term_string}\"},\"query-input\":{\"@type\":\"PropertyValueSpecification\",\"valueRequired\":true,\"valueName\":\"search_term_string\"}}],\"inLanguage\":\"en-US\"},{\"@type\":\"Organization\",\"@id\":\"http:\/\/audun.teks.no\/#organization\",\"name\":\"\u00d8rland\",\"url\":\"http:\/\/audun.teks.no\/\",\"logo\":{\"@type\":\"ImageObject\",\"inLanguage\":\"en-US\",\"@id\":\"http:\/\/audun.teks.no\/#\/schema\/logo\/image\/\",\"url\":\"http:\/\/audun.teks.no\/wp-content\/uploads\/2020\/04\/RORET-\u00d8rland-kulturforetak-KF.jpg\",\"contentUrl\":\"http:\/\/audun.teks.no\/wp-content\/uploads\/2020\/04\/RORET-\u00d8rland-kulturforetak-KF.jpg\",\"width\":1772,\"height\":969,\"caption\":\"\u00d8rland\"},\"image\":{\"@id\":\"http:\/\/audun.teks.no\/#\/schema\/logo\/image\/\"}}]}<\/script>\n<!-- \/ Yoast SEO plugin. -->","yoast_head_json":{"title":"Pakke 1 - Austr\u00e5tt og kystpilegrimsleden - \u00d8rland-TEKS-tmp","description":"Kystopplevelser i \u00d8rland. I \u00d8rland kan du oppleve et rikt fugleliv og vandre i historiske landskap. \u00d8rlandet er ogs\u00e5 perfekt for sykkelturer.","robots":{"index":"noindex","follow":"follow","max-snippet":"max-snippet:-1","max-image-preview":"max-image-preview:large","max-video-preview":"max-video-preview:-1"},"og_locale":"en_US","og_type":"article","og_title":"Pakke 1 - Austr\u00e5tt og kystpilegrimsleden - \u00d8rland-TEKS-tmp","og_description":"Kystopplevelser i \u00d8rland. I \u00d8rland kan du oppleve et rikt fugleliv og vandre i historiske landskap. \u00d8rlandet er ogs\u00e5 perfekt for sykkelturer.","og_url":"http:\/\/audun.teks.no\/en\/pakke-1\/","og_site_name":"\u00d8rland-TEKS-tmp","article_modified_time":"2020-11-17T20:09:00+00:00","og_image":[{"width":2560,"height":1670,"url":"http:\/\/audun.teks.no\/wp-content\/uploads\/2020\/04\/Austra\u030attborgen-Daniel-13-scaled.jpg","type":"image\/jpeg"}],"twitter_card":"summary_large_image","twitter_misc":{"Est. reading time":"1 minute"},"schema":{"@context":"https:\/\/schema.org","@graph":[{"@type":"WebPage","@id":"http:\/\/audun.teks.no\/pakke-1\/","url":"http:\/\/audun.teks.no\/pakke-1\/","name":"Pakke 1 - Austr\u00e5tt og kystpilegrimsleden - \u00d8rland-TEKS-tmp","isPartOf":{"@id":"http:\/\/audun.teks.no\/#website"},"primaryImageOfPage":{"@id":"http:\/\/audun.teks.no\/pakke-1\/#primaryimage"},"image":{"@id":"http:\/\/audun.teks.no\/pakke-1\/#primaryimage"},"thumbnailUrl":"http:\/\/audun.teks.no\/wp-content\/uploads\/2020\/04\/Austra\u030attborgen-Daniel-13-scaled.jpg","datePublished":"2020-11-17T18:58:56+00:00","dateModified":"2020-11-17T20:09:00+00:00","description":"Kystopplevelser i \u00d8rland. I \u00d8rland kan du oppleve et rikt fugleliv og vandre i historiske landskap. \u00d8rlandet er ogs\u00e5 perfekt for sykkelturer.","breadcrumb":{"@id":"http:\/\/audun.teks.no\/pakke-1\/#breadcrumb"},"inLanguage":"en-US","potentialAction":[{"@type":"ReadAction","target":["http:\/\/audun.teks.no\/pakke-1\/"]}]},{"@type":"ImageObject","inLanguage":"en-US","@id":"http:\/\/audun.teks.no\/pakke-1\/#primaryimage","url":"http:\/\/audun.teks.no\/wp-content\/uploads\/2020\/04\/Austra\u030attborgen-Daniel-13-scaled.jpg","contentUrl":"http:\/\/audun.teks.no\/wp-content\/uploads\/2020\/04\/Austra\u030attborgen-Daniel-13-scaled.jpg","width":2560,"height":1670},{"@type":"BreadcrumbList","@id":"http:\/\/audun.teks.no\/pakke-1\/#breadcrumb","itemListElement":[{"@type":"ListItem","position":1,"name":"Hjem","item":"http:\/\/audun.teks.no\/"},{"@type":"ListItem","position":2,"name":"Pakke 1 &#8211; Austr\u00e5tt og kystpilegrimsleden"}]},{"@type":"WebSite","@id":"http:\/\/audun.teks.no\/#website","url":"http:\/\/audun.teks.no\/","name":"\u00d8rland-TEKS-tmp","description":"Velkommen til flotte kystopplevelser","publisher":{"@id":"http:\/\/audun.teks.no\/#organization"},"potentialAction":[{"@type":"SearchAction","target":{"@type":"EntryPoint","urlTemplate":"http:\/\/audun.teks.no\/?s={search_term_string}"},"query-input":{"@type":"PropertyValueSpecification","valueRequired":true,"valueName":"search_term_string"}}],"inLanguage":"en-US"},{"@type":"Organization","@id":"http:\/\/audun.teks.no\/#organization","name":"\u00d8rland","url":"http:\/\/audun.teks.no\/","logo":{"@type":"ImageObject","inLanguage":"en-US","@id":"http:\/\/audun.teks.no\/#\/schema\/logo\/image\/","url":"http:\/\/audun.teks.no\/wp-content\/uploads\/2020\/04\/RORET-\u00d8rland-kulturforetak-KF.jpg","contentUrl":"http:\/\/audun.teks.no\/wp-content\/uploads\/2020\/04\/RORET-\u00d8rland-kulturforetak-KF.jpg","width":1772,"height":969,"caption":"\u00d8rland"},"image":{"@id":"http:\/\/audun.teks.no\/#\/schema\/logo\/image\/"}}]}},"acf":[],"_links":{"self":[{"href":"http:\/\/audun.teks.no\/en\/wp-json\/wp\/v2\/pages\/519678","targetHints":{"allow":["GET"]}}],"collection":[{"href":"http:\/\/audun.teks.no\/en\/wp-json\/wp\/v2\/pages"}],"about":[{"href":"http:\/\/audun.teks.no\/en\/wp-json\/wp\/v2\/types\/page"}],"author":[{"embeddable":true,"href":"http:\/\/audun.teks.no\/en\/wp-json\/wp\/v2\/users\/10"}],"replies":[{"embeddable":true,"href":"http:\/\/audun.teks.no\/en\/wp-json\/wp\/v2\/comments?post=519678"}],"version-history":[{"count":13,"href":"http:\/\/audun.teks.no\/en\/wp-json\/wp\/v2\/pages\/519678\/revisions"}],"predecessor-version":[{"id":519730,"href":"http:\/\/audun.teks.no\/en\/wp-json\/wp\/v2\/pages\/519678\/revisions\/519730"}],"wp:featuredmedia":[{"embeddable":true,"href":"http:\/\/audun.teks.no\/en\/wp-json\/wp\/v2\/media\/518433"}],"wp:attachment":[{"href":"http:\/\/audun.teks.no\/en\/wp-json\/wp\/v2\/media?parent=519678"}],"curies":[{"name":"wp","href":"https:\/\/api.w.org\/{rel}","templated":true}]}}