{"id":519347,"date":"2020-06-16T06:13:51","date_gmt":"2020-06-16T06:13:51","guid":{"rendered":"https:\/\/www.orland.no\/?page_id=519347"},"modified":"2020-06-17T13:19:59","modified_gmt":"2020-06-17T13:19:59","slug":"rundtur-pa-sykkel-via-oyene-storfosna-og-leksa","status":"publish","type":"page","link":"http:\/\/audun.teks.no\/en\/rundtur-pa-sykkel-via-oyene-storfosna-og-leksa\/","title":{"rendered":"Rundtur p\u00e5 sykkel via \u00f8yene Storfosna og Leksa"},"content":{"rendered":"<div data-elementor-type=\"wp-page\" data-elementor-id=\"519347\" class=\"elementor elementor-519347\">\n\t\t\t\t\t\t<div class=\"elementor-inner\">\n\t\t\t\t<div class=\"elementor-section-wrap\">\n\t\t\t\t\t\t\t\t\t<section class=\"elementor-section elementor-top-section elementor-element elementor-element-cf05769 elementor-section-boxed elementor-section-height-default elementor-section-height-default\" data-id=\"cf05769\" data-element_type=\"section\">\n\t\t\t\t\t\t<div class=\"elementor-container elementor-column-gap-default\">\n\t\t\t\t\t\t\t<div class=\"elementor-row\">\n\t\t\t\t\t<div class=\"elementor-column elementor-col-100 elementor-top-column elementor-element elementor-element-809bdcf\" data-id=\"809bdcf\" data-element_type=\"column\">\n\t\t\t<div class=\"elementor-column-wrap elementor-element-populated\">\n\t\t\t\t\t\t\t<div class=\"elementor-widget-wrap\">\n\t\t\t\t\t\t<div class=\"elementor-element elementor-element-14cd26b elementor-widget elementor-widget-image\" data-id=\"14cd26b\" data-element_type=\"widget\" data-widget_type=\"image.default\">\n\t\t\t\t<div class=\"elementor-widget-container\">\n\t\t\t\t\t\t\t\t<div class=\"elementor-image\">\n\t\t\t\t\t\t\t\t\t\t\t\t<img loading=\"lazy\" decoding=\"async\" width=\"750\" height=\"199\" src=\"http:\/\/audun.teks.no\/wp-content\/uploads\/2020\/06\/pano-\u00f8rl-High-res-Storfosna-Sk\u00e5lvika-fra-vei-mot-s\u00f8r-1024x272.jpg\" class=\"attachment-large size-large\" alt=\"\" srcset=\"http:\/\/audun.teks.no\/wp-content\/uploads\/2020\/06\/pano-\u00f8rl-High-res-Storfosna-Sk\u00e5lvika-fra-vei-mot-s\u00f8r-1024x272.jpg 1024w, http:\/\/audun.teks.no\/wp-content\/uploads\/2020\/06\/pano-\u00f8rl-High-res-Storfosna-Sk\u00e5lvika-fra-vei-mot-s\u00f8r-300x80.jpg 300w, http:\/\/audun.teks.no\/wp-content\/uploads\/2020\/06\/pano-\u00f8rl-High-res-Storfosna-Sk\u00e5lvika-fra-vei-mot-s\u00f8r-768x204.jpg 768w, http:\/\/audun.teks.no\/wp-content\/uploads\/2020\/06\/pano-\u00f8rl-High-res-Storfosna-Sk\u00e5lvika-fra-vei-mot-s\u00f8r-1536x408.jpg 1536w, http:\/\/audun.teks.no\/wp-content\/uploads\/2020\/06\/pano-\u00f8rl-High-res-Storfosna-Sk\u00e5lvika-fra-vei-mot-s\u00f8r-2048x545.jpg 2048w\" sizes=\"auto, (max-width: 750px) 100vw, 750px\" \/>\t\t\t\t\t\t\t\t\t\t\t\t\t\t<\/div>\n\t\t\t\t\t\t<\/div>\n\t\t\t\t<\/div>\n\t\t\t\t\t\t<\/div>\n\t\t\t\t\t<\/div>\n\t\t<\/div>\n\t\t\t\t\t\t\t\t<\/div>\n\t\t\t\t\t<\/div>\n\t\t<\/section>\n\t\t\t\t<section class=\"elementor-section elementor-top-section elementor-element elementor-element-5dbf7f00 elementor-section-stretched elementor-section-boxed elementor-section-height-default elementor-section-height-default\" data-id=\"5dbf7f00\" data-element_type=\"section\" data-settings=\"{&quot;stretch_section&quot;:&quot;section-stretched&quot;}\">\n\t\t\t\t\t\t<div class=\"elementor-container elementor-column-gap-default\">\n\t\t\t\t\t\t\t<div class=\"elementor-row\">\n\t\t\t\t\t<div class=\"elementor-column elementor-col-100 elementor-top-column elementor-element elementor-element-5f15ddd3\" data-id=\"5f15ddd3\" data-element_type=\"column\">\n\t\t\t<div class=\"elementor-column-wrap elementor-element-populated\">\n\t\t\t\t\t\t\t<div class=\"elementor-widget-wrap\">\n\t\t\t\t\t\t<div class=\"elementor-element elementor-element-373b2d7d elementor-widget__width-inherit elementor-widget elementor-widget-text-editor\" data-id=\"373b2d7d\" data-element_type=\"widget\" data-widget_type=\"text-editor.default\">\n\t\t\t\t<div class=\"elementor-widget-container\">\n\t\t\t\t\t\t\t\t<div class=\"elementor-text-editor elementor-clearfix\">\n\t\t\t\t<p><strong>Rundtur p\u00e5 sykkel via \u00f8yene Storfosna og Leksa samt en flott kyststrekning i Agdenes<\/strong><\/p><p><br \/>Oppleve Fosens vakre kystnatur. Dette er en ypperlig tur for hele familien med meget lite trafikk og muligheter til \u00e5 tilpasse turlengde etter eget \u00f8nske.<br \/>Det er en behagelig og fin tur i for en stor del flatt terreng bortsett fra noe kupert p\u00e5 Leksa og fra V\u00e6rnes til Valset. <br \/>Sykkelruten er: Brekstad \u2013 Garten \u2013 Storfosna \u2013 Leksa \u2013 V\u00e6rnes \u2013 Valset \u2013 Brekstad<\/p>\t\t\t\t\t<\/div>\n\t\t\t\t\t\t<\/div>\n\t\t\t\t<\/div>\n\t\t\t\t\t\t<\/div>\n\t\t\t\t\t<\/div>\n\t\t<\/div>\n\t\t\t\t\t\t\t\t<\/div>\n\t\t\t\t\t<\/div>\n\t\t<\/section>\n\t\t\t\t<section class=\"elementor-section elementor-top-section elementor-element elementor-element-53d28d4 elementor-section-boxed elementor-section-height-default elementor-section-height-default\" data-id=\"53d28d4\" data-element_type=\"section\">\n\t\t\t\t\t\t<div class=\"elementor-container elementor-column-gap-default\">\n\t\t\t\t\t\t\t<div class=\"elementor-row\">\n\t\t\t\t\t<div class=\"elementor-column elementor-col-100 elementor-top-column elementor-element elementor-element-ca87d0e\" data-id=\"ca87d0e\" data-element_type=\"column\">\n\t\t\t<div class=\"elementor-column-wrap elementor-element-populated\">\n\t\t\t\t\t\t\t<div class=\"elementor-widget-wrap\">\n\t\t\t\t\t\t<div class=\"elementor-element elementor-element-c746bab elementor-widget elementor-widget-spacer\" data-id=\"c746bab\" data-element_type=\"widget\" data-widget_type=\"spacer.default\">\n\t\t\t\t<div class=\"elementor-widget-container\">\n\t\t\t\t\t<div class=\"elementor-spacer\">\n\t\t\t<div class=\"elementor-spacer-inner\"><\/div>\n\t\t<\/div>\n\t\t\t\t<\/div>\n\t\t\t\t<\/div>\n\t\t\t\t\t\t<\/div>\n\t\t\t\t\t<\/div>\n\t\t<\/div>\n\t\t\t\t\t\t\t\t<\/div>\n\t\t\t\t\t<\/div>\n\t\t<\/section>\n\t\t\t\t<section class=\"elementor-section elementor-top-section elementor-element elementor-element-56b82fd elementor-section-stretched elementor-section-boxed elementor-section-height-default elementor-section-height-default\" data-id=\"56b82fd\" data-element_type=\"section\" data-settings=\"{&quot;stretch_section&quot;:&quot;section-stretched&quot;}\">\n\t\t\t\t\t\t<div class=\"elementor-container elementor-column-gap-default\">\n\t\t\t\t\t\t\t<div class=\"elementor-row\">\n\t\t\t\t\t<div class=\"elementor-column elementor-col-100 elementor-top-column elementor-element elementor-element-d3da846\" data-id=\"d3da846\" data-element_type=\"column\">\n\t\t\t<div class=\"elementor-column-wrap elementor-element-populated\">\n\t\t\t\t\t\t\t<div class=\"elementor-widget-wrap\">\n\t\t\t\t\t\t<div class=\"elementor-element elementor-element-1c26ebf elementor-widget elementor-widget-text-editor\" data-id=\"1c26ebf\" data-element_type=\"widget\" data-widget_type=\"text-editor.default\">\n\t\t\t\t<div class=\"elementor-widget-container\">\n\t\t\t\t\t\t\t\t<div class=\"elementor-text-editor elementor-clearfix\">\n\t\t\t\t<p>Turen: Vi starter fra \u00d8rland kultursenter og turistinformasjonen der. Tar opp bakken retning helsesenteret. I rundkj\u00f8ringen ved Brekstad G\u00e5rd svinger vi til venstre, retning Hovde, og f\u00f8lger Fv 239. Hovde G\u00e5rd (Husmor- skolen) passeres, f\u00f8r turen g\u00e5r videre utover Flatneset og Flatnesfj\u00e6ra. Her har vi god utsikt over ytterste del av Trondheimsfjorden med Agdenes p\u00e5 andre sida. Etter ca. 5 km er vi p\u00e5 Grande. I krysset mellom Fv 239 og Fv 241 svinger vi til venstre. Grandefj\u00e6ra med inndemmet areal ligger p\u00e5 vestsida av veien. Storfosenfjellet ses i bakgrunnen. N\u00e5 f\u00f8lger vi veiskiltingen til Garten. For \u00e5 f\u00e5 god utsikt over Garten og Grandefj\u00e6ra er det fint \u00e5 g\u00e5 en tur opp p\u00e5 Gartkviga. (G\u00e5 stien p\u00e5 baksida.) P\u00e5 veien opp passerer vi en gammel steinalderboplass.<br \/>Du kommer til Garten fergeleie. Ferga Garten\u2013Storfosna tar 20 min. Deretter videre til Leksa fergeleie som tar ca 30 min. Fra leksa g\u00e5r fergen videre til V\u00e6rnes fergeleie\/V\u00e6rnes kirke og tar ca 25 min. Fra V\u00e6rnes fergeleie sykler du langs fjorden, flott utsikt, og flere strender underveis til fergeleie Valset\u2013Brekstad. Det er butikk og camping p\u00e5 veien. Du sykler i Kong Sverres rike. Grusveier.<br \/>Fergen mellom Valset og Brekstad og Garten og Storfosna g\u00e5r ofte, mens fra Storfosna til Leksa og Leksa til Vernes g\u00e5r det kun et par ganger daglig. Her m\u00e5 man ringe minst en time f\u00f8r ankomsttid \u00e5 gi beskjed at man skal v\u00e6re med.<\/p>\t\t\t\t\t<\/div>\n\t\t\t\t\t\t<\/div>\n\t\t\t\t<\/div>\n\t\t\t\t\t\t<\/div>\n\t\t\t\t\t<\/div>\n\t\t<\/div>\n\t\t\t\t\t\t\t\t<\/div>\n\t\t\t\t\t<\/div>\n\t\t<\/section>\n\t\t\t\t<section class=\"elementor-section elementor-top-section elementor-element elementor-element-4c3c3c3 elementor-section-boxed elementor-section-height-default elementor-section-height-default\" data-id=\"4c3c3c3\" data-element_type=\"section\">\n\t\t\t\t\t\t<div class=\"elementor-container elementor-column-gap-default\">\n\t\t\t\t\t\t\t<div class=\"elementor-row\">\n\t\t\t\t\t<div class=\"elementor-column elementor-col-100 elementor-top-column elementor-element elementor-element-020188a\" data-id=\"020188a\" data-element_type=\"column\">\n\t\t\t<div class=\"elementor-column-wrap elementor-element-populated\">\n\t\t\t\t\t\t\t<div class=\"elementor-widget-wrap\">\n\t\t\t\t\t\t<div class=\"elementor-element elementor-element-d3130e8 elementor-align-justify elementor-widget elementor-widget-button\" data-id=\"d3130e8\" data-element_type=\"widget\" data-widget_type=\"button.default\">\n\t\t\t\t<div class=\"elementor-widget-container\">\n\t\t\t\t\t<div class=\"elementor-button-wrapper\">\n\t\t\t<a href=\"https:\/\/maps.google.com\/\" target=\"_blank\" class=\"elementor-button-link elementor-button elementor-size-md\" role=\"button\">\n\t\t\t\t\t\t<span class=\"elementor-button-content-wrapper\">\n\t\t\t\t\t\t<span class=\"elementor-button-text\">Kart kommer snart!<\/span>\n\t\t<\/span>\n\t\t\t\t\t<\/a>\n\t\t<\/div>\n\t\t\t\t<\/div>\n\t\t\t\t<\/div>\n\t\t\t\t\t\t<\/div>\n\t\t\t\t\t<\/div>\n\t\t<\/div>\n\t\t\t\t\t\t\t\t<\/div>\n\t\t\t\t\t<\/div>\n\t\t<\/section>\n\t\t\t\t<section class=\"elementor-section elementor-top-section elementor-element elementor-element-561e5eb elementor-section-boxed elementor-section-height-default elementor-section-height-default\" data-id=\"561e5eb\" data-element_type=\"section\">\n\t\t\t\t\t\t<div class=\"elementor-container elementor-column-gap-default\">\n\t\t\t\t\t\t\t<div class=\"elementor-row\">\n\t\t\t\t\t<div class=\"elementor-column elementor-col-100 elementor-top-column elementor-element elementor-element-0951e2d\" data-id=\"0951e2d\" data-element_type=\"column\">\n\t\t\t<div class=\"elementor-column-wrap elementor-element-populated\">\n\t\t\t\t\t\t\t<div class=\"elementor-widget-wrap\">\n\t\t\t\t\t\t<div class=\"elementor-element elementor-element-de52290 elementor-widget elementor-widget-spacer\" data-id=\"de52290\" data-element_type=\"widget\" data-widget_type=\"spacer.default\">\n\t\t\t\t<div class=\"elementor-widget-container\">\n\t\t\t\t\t<div class=\"elementor-spacer\">\n\t\t\t<div class=\"elementor-spacer-inner\"><\/div>\n\t\t<\/div>\n\t\t\t\t<\/div>\n\t\t\t\t<\/div>\n\t\t\t\t\t\t<\/div>\n\t\t\t\t\t<\/div>\n\t\t<\/div>\n\t\t\t\t\t\t\t\t<\/div>\n\t\t\t\t\t<\/div>\n\t\t<\/section>\n\t\t\t\t\t\t\t\t\t<\/div>\n\t\t\t<\/div>\n\t\t\t\t\t<\/div>","protected":false},"excerpt":{"rendered":"<p>Rundtur p\u00e5 sykkel via \u00f8yene Storfosna og Leksa samt en flott kyststrekning i Agdenes Oppleve Fosens vakre kystnatur. Dette er en ypperlig tur for hele familien med meget lite trafikk og muligheter til \u00e5 tilpasse turlengde etter eget \u00f8nske.Det er en behagelig og fin tur i for en stor del [&hellip;]<\/p>","protected":false},"author":6,"featured_media":519360,"parent":0,"menu_order":0,"comment_status":"closed","ping_status":"closed","template":"","meta":{"ngg_post_thumbnail":0,"footnotes":""},"class_list":["post-519347","page","type-page","status-publish","has-post-thumbnail","hentry"],"yoast_head":"<!-- This site is optimized with the Yoast SEO plugin v26.8 - https:\/\/yoast.com\/product\/yoast-seo-wordpress\/ -->\n<title>Rundtur p\u00e5 sykkel via \u00f8yene Storfosna og Leksa - \u00d8rland-TEKS-tmp<\/title>\n<meta name=\"description\" content=\"Gode bo- og jobbmuligheter, kort vei til skole, jobb og fritidsaktiviteter uansett hvor i kommunen du bor. Bredt og variert aktivitetstilbud for store og sm\u00e5. Flytt bedriften eller etabler ny n\u00e6ring p\u00e5 \u00d8rlandet. Kommunen har byggeklart n\u00e6ringsareal b\u00e5de til salgs og til leie.\" \/>\n<meta name=\"robots\" content=\"noindex, follow, max-snippet:-1, max-image-preview:large, max-video-preview:-1\" \/>\n<meta property=\"og:locale\" content=\"en_US\" \/>\n<meta property=\"og:type\" content=\"article\" \/>\n<meta property=\"og:title\" content=\"Rundtur p\u00e5 sykkel via \u00f8yene Storfosna og Leksa - \u00d8rland-TEKS-tmp\" \/>\n<meta property=\"og:description\" content=\"Gode bo- og jobbmuligheter, kort vei til skole, jobb og fritidsaktiviteter uansett hvor i kommunen du bor. Bredt og variert aktivitetstilbud for store og sm\u00e5. Flytt bedriften eller etabler ny n\u00e6ring p\u00e5 \u00d8rlandet. Kommunen har byggeklart n\u00e6ringsareal b\u00e5de til salgs og til leie.\" \/>\n<meta property=\"og:url\" content=\"http:\/\/audun.teks.no\/en\/rundtur-pa-sykkel-via-oyene-storfosna-og-leksa\/\" \/>\n<meta property=\"og:site_name\" content=\"\u00d8rland-TEKS-tmp\" \/>\n<meta property=\"article:modified_time\" content=\"2020-06-17T13:19:59+00:00\" \/>\n<meta property=\"og:image\" content=\"http:\/\/audun.teks.no\/wp-content\/uploads\/2020\/06\/pano-\u00f8rl-High-res-Kr\u00e5kv\u00e5gsvaet-mot-Storfosna-fra-molo-scaled.jpg\" \/>\n\t<meta property=\"og:image:width\" content=\"2560\" \/>\n\t<meta property=\"og:image:height\" content=\"531\" \/>\n\t<meta property=\"og:image:type\" content=\"image\/jpeg\" \/>\n<meta name=\"twitter:card\" content=\"summary_large_image\" \/>\n<meta name=\"twitter:label1\" content=\"Est. reading time\" \/>\n\t<meta name=\"twitter:data1\" content=\"2 minutes\" \/>\n<script type=\"application\/ld+json\" class=\"yoast-schema-graph\">{\"@context\":\"https:\/\/schema.org\",\"@graph\":[{\"@type\":\"WebPage\",\"@id\":\"http:\/\/audun.teks.no\/rundtur-pa-sykkel-via-oyene-storfosna-og-leksa\/\",\"url\":\"http:\/\/audun.teks.no\/rundtur-pa-sykkel-via-oyene-storfosna-og-leksa\/\",\"name\":\"Rundtur p\u00e5 sykkel via \u00f8yene Storfosna og Leksa - \u00d8rland-TEKS-tmp\",\"isPartOf\":{\"@id\":\"http:\/\/audun.teks.no\/#website\"},\"primaryImageOfPage\":{\"@id\":\"http:\/\/audun.teks.no\/rundtur-pa-sykkel-via-oyene-storfosna-og-leksa\/#primaryimage\"},\"image\":{\"@id\":\"http:\/\/audun.teks.no\/rundtur-pa-sykkel-via-oyene-storfosna-og-leksa\/#primaryimage\"},\"thumbnailUrl\":\"http:\/\/audun.teks.no\/wp-content\/uploads\/2020\/06\/pano-\u00f8rl-High-res-Kr\u00e5kv\u00e5gsvaet-mot-Storfosna-fra-molo-scaled.jpg\",\"datePublished\":\"2020-06-16T06:13:51+00:00\",\"dateModified\":\"2020-06-17T13:19:59+00:00\",\"description\":\"Gode bo- og jobbmuligheter, kort vei til skole, jobb og fritidsaktiviteter uansett hvor i kommunen du bor. Bredt og variert aktivitetstilbud for store og sm\u00e5. Flytt bedriften eller etabler ny n\u00e6ring p\u00e5 \u00d8rlandet. Kommunen har byggeklart n\u00e6ringsareal b\u00e5de til salgs og til leie.\",\"breadcrumb\":{\"@id\":\"http:\/\/audun.teks.no\/rundtur-pa-sykkel-via-oyene-storfosna-og-leksa\/#breadcrumb\"},\"inLanguage\":\"en-US\",\"potentialAction\":[{\"@type\":\"ReadAction\",\"target\":[\"http:\/\/audun.teks.no\/rundtur-pa-sykkel-via-oyene-storfosna-og-leksa\/\"]}]},{\"@type\":\"ImageObject\",\"inLanguage\":\"en-US\",\"@id\":\"http:\/\/audun.teks.no\/rundtur-pa-sykkel-via-oyene-storfosna-og-leksa\/#primaryimage\",\"url\":\"http:\/\/audun.teks.no\/wp-content\/uploads\/2020\/06\/pano-\u00f8rl-High-res-Kr\u00e5kv\u00e5gsvaet-mot-Storfosna-fra-molo-scaled.jpg\",\"contentUrl\":\"http:\/\/audun.teks.no\/wp-content\/uploads\/2020\/06\/pano-\u00f8rl-High-res-Kr\u00e5kv\u00e5gsvaet-mot-Storfosna-fra-molo-scaled.jpg\",\"width\":2560,\"height\":531},{\"@type\":\"BreadcrumbList\",\"@id\":\"http:\/\/audun.teks.no\/rundtur-pa-sykkel-via-oyene-storfosna-og-leksa\/#breadcrumb\",\"itemListElement\":[{\"@type\":\"ListItem\",\"position\":1,\"name\":\"Hjem\",\"item\":\"http:\/\/audun.teks.no\/\"},{\"@type\":\"ListItem\",\"position\":2,\"name\":\"Rundtur p\u00e5 sykkel via \u00f8yene Storfosna og Leksa\"}]},{\"@type\":\"WebSite\",\"@id\":\"http:\/\/audun.teks.no\/#website\",\"url\":\"http:\/\/audun.teks.no\/\",\"name\":\"\u00d8rland-TEKS-tmp\",\"description\":\"Velkommen til flotte kystopplevelser\",\"publisher\":{\"@id\":\"http:\/\/audun.teks.no\/#organization\"},\"potentialAction\":[{\"@type\":\"SearchAction\",\"target\":{\"@type\":\"EntryPoint\",\"urlTemplate\":\"http:\/\/audun.teks.no\/?s={search_term_string}\"},\"query-input\":{\"@type\":\"PropertyValueSpecification\",\"valueRequired\":true,\"valueName\":\"search_term_string\"}}],\"inLanguage\":\"en-US\"},{\"@type\":\"Organization\",\"@id\":\"http:\/\/audun.teks.no\/#organization\",\"name\":\"\u00d8rland\",\"url\":\"http:\/\/audun.teks.no\/\",\"logo\":{\"@type\":\"ImageObject\",\"inLanguage\":\"en-US\",\"@id\":\"http:\/\/audun.teks.no\/#\/schema\/logo\/image\/\",\"url\":\"http:\/\/audun.teks.no\/wp-content\/uploads\/2020\/04\/RORET-\u00d8rland-kulturforetak-KF.jpg\",\"contentUrl\":\"http:\/\/audun.teks.no\/wp-content\/uploads\/2020\/04\/RORET-\u00d8rland-kulturforetak-KF.jpg\",\"width\":1772,\"height\":969,\"caption\":\"\u00d8rland\"},\"image\":{\"@id\":\"http:\/\/audun.teks.no\/#\/schema\/logo\/image\/\"}}]}<\/script>\n<!-- \/ Yoast SEO plugin. -->","yoast_head_json":{"title":"Rundtur p\u00e5 sykkel via \u00f8yene Storfosna og Leksa - \u00d8rland-TEKS-tmp","description":"Gode bo- og jobbmuligheter, kort vei til skole, jobb og fritidsaktiviteter uansett hvor i kommunen du bor. Bredt og variert aktivitetstilbud for store og sm\u00e5. Flytt bedriften eller etabler ny n\u00e6ring p\u00e5 \u00d8rlandet. Kommunen har byggeklart n\u00e6ringsareal b\u00e5de til salgs og til leie.","robots":{"index":"noindex","follow":"follow","max-snippet":"max-snippet:-1","max-image-preview":"max-image-preview:large","max-video-preview":"max-video-preview:-1"},"og_locale":"en_US","og_type":"article","og_title":"Rundtur p\u00e5 sykkel via \u00f8yene Storfosna og Leksa - \u00d8rland-TEKS-tmp","og_description":"Gode bo- og jobbmuligheter, kort vei til skole, jobb og fritidsaktiviteter uansett hvor i kommunen du bor. Bredt og variert aktivitetstilbud for store og sm\u00e5. Flytt bedriften eller etabler ny n\u00e6ring p\u00e5 \u00d8rlandet. Kommunen har byggeklart n\u00e6ringsareal b\u00e5de til salgs og til leie.","og_url":"http:\/\/audun.teks.no\/en\/rundtur-pa-sykkel-via-oyene-storfosna-og-leksa\/","og_site_name":"\u00d8rland-TEKS-tmp","article_modified_time":"2020-06-17T13:19:59+00:00","og_image":[{"width":2560,"height":531,"url":"http:\/\/audun.teks.no\/wp-content\/uploads\/2020\/06\/pano-\u00f8rl-High-res-Kr\u00e5kv\u00e5gsvaet-mot-Storfosna-fra-molo-scaled.jpg","type":"image\/jpeg"}],"twitter_card":"summary_large_image","twitter_misc":{"Est. reading time":"2 minutes"},"schema":{"@context":"https:\/\/schema.org","@graph":[{"@type":"WebPage","@id":"http:\/\/audun.teks.no\/rundtur-pa-sykkel-via-oyene-storfosna-og-leksa\/","url":"http:\/\/audun.teks.no\/rundtur-pa-sykkel-via-oyene-storfosna-og-leksa\/","name":"Rundtur p\u00e5 sykkel via \u00f8yene Storfosna og Leksa - \u00d8rland-TEKS-tmp","isPartOf":{"@id":"http:\/\/audun.teks.no\/#website"},"primaryImageOfPage":{"@id":"http:\/\/audun.teks.no\/rundtur-pa-sykkel-via-oyene-storfosna-og-leksa\/#primaryimage"},"image":{"@id":"http:\/\/audun.teks.no\/rundtur-pa-sykkel-via-oyene-storfosna-og-leksa\/#primaryimage"},"thumbnailUrl":"http:\/\/audun.teks.no\/wp-content\/uploads\/2020\/06\/pano-\u00f8rl-High-res-Kr\u00e5kv\u00e5gsvaet-mot-Storfosna-fra-molo-scaled.jpg","datePublished":"2020-06-16T06:13:51+00:00","dateModified":"2020-06-17T13:19:59+00:00","description":"Gode bo- og jobbmuligheter, kort vei til skole, jobb og fritidsaktiviteter uansett hvor i kommunen du bor. Bredt og variert aktivitetstilbud for store og sm\u00e5. Flytt bedriften eller etabler ny n\u00e6ring p\u00e5 \u00d8rlandet. Kommunen har byggeklart n\u00e6ringsareal b\u00e5de til salgs og til leie.","breadcrumb":{"@id":"http:\/\/audun.teks.no\/rundtur-pa-sykkel-via-oyene-storfosna-og-leksa\/#breadcrumb"},"inLanguage":"en-US","potentialAction":[{"@type":"ReadAction","target":["http:\/\/audun.teks.no\/rundtur-pa-sykkel-via-oyene-storfosna-og-leksa\/"]}]},{"@type":"ImageObject","inLanguage":"en-US","@id":"http:\/\/audun.teks.no\/rundtur-pa-sykkel-via-oyene-storfosna-og-leksa\/#primaryimage","url":"http:\/\/audun.teks.no\/wp-content\/uploads\/2020\/06\/pano-\u00f8rl-High-res-Kr\u00e5kv\u00e5gsvaet-mot-Storfosna-fra-molo-scaled.jpg","contentUrl":"http:\/\/audun.teks.no\/wp-content\/uploads\/2020\/06\/pano-\u00f8rl-High-res-Kr\u00e5kv\u00e5gsvaet-mot-Storfosna-fra-molo-scaled.jpg","width":2560,"height":531},{"@type":"BreadcrumbList","@id":"http:\/\/audun.teks.no\/rundtur-pa-sykkel-via-oyene-storfosna-og-leksa\/#breadcrumb","itemListElement":[{"@type":"ListItem","position":1,"name":"Hjem","item":"http:\/\/audun.teks.no\/"},{"@type":"ListItem","position":2,"name":"Rundtur p\u00e5 sykkel via \u00f8yene Storfosna og Leksa"}]},{"@type":"WebSite","@id":"http:\/\/audun.teks.no\/#website","url":"http:\/\/audun.teks.no\/","name":"\u00d8rland-TEKS-tmp","description":"Velkommen til flotte kystopplevelser","publisher":{"@id":"http:\/\/audun.teks.no\/#organization"},"potentialAction":[{"@type":"SearchAction","target":{"@type":"EntryPoint","urlTemplate":"http:\/\/audun.teks.no\/?s={search_term_string}"},"query-input":{"@type":"PropertyValueSpecification","valueRequired":true,"valueName":"search_term_string"}}],"inLanguage":"en-US"},{"@type":"Organization","@id":"http:\/\/audun.teks.no\/#organization","name":"\u00d8rland","url":"http:\/\/audun.teks.no\/","logo":{"@type":"ImageObject","inLanguage":"en-US","@id":"http:\/\/audun.teks.no\/#\/schema\/logo\/image\/","url":"http:\/\/audun.teks.no\/wp-content\/uploads\/2020\/04\/RORET-\u00d8rland-kulturforetak-KF.jpg","contentUrl":"http:\/\/audun.teks.no\/wp-content\/uploads\/2020\/04\/RORET-\u00d8rland-kulturforetak-KF.jpg","width":1772,"height":969,"caption":"\u00d8rland"},"image":{"@id":"http:\/\/audun.teks.no\/#\/schema\/logo\/image\/"}}]}},"acf":[],"_links":{"self":[{"href":"http:\/\/audun.teks.no\/en\/wp-json\/wp\/v2\/pages\/519347","targetHints":{"allow":["GET"]}}],"collection":[{"href":"http:\/\/audun.teks.no\/en\/wp-json\/wp\/v2\/pages"}],"about":[{"href":"http:\/\/audun.teks.no\/en\/wp-json\/wp\/v2\/types\/page"}],"author":[{"embeddable":true,"href":"http:\/\/audun.teks.no\/en\/wp-json\/wp\/v2\/users\/6"}],"replies":[{"embeddable":true,"href":"http:\/\/audun.teks.no\/en\/wp-json\/wp\/v2\/comments?post=519347"}],"version-history":[{"count":10,"href":"http:\/\/audun.teks.no\/en\/wp-json\/wp\/v2\/pages\/519347\/revisions"}],"predecessor-version":[{"id":519394,"href":"http:\/\/audun.teks.no\/en\/wp-json\/wp\/v2\/pages\/519347\/revisions\/519394"}],"wp:featuredmedia":[{"embeddable":true,"href":"http:\/\/audun.teks.no\/en\/wp-json\/wp\/v2\/media\/519360"}],"wp:attachment":[{"href":"http:\/\/audun.teks.no\/en\/wp-json\/wp\/v2\/media?parent=519347"}],"curies":[{"name":"wp","href":"https:\/\/api.w.org\/{rel}","templated":true}]}}