{"id":519148,"date":"2020-05-26T04:57:38","date_gmt":"2020-05-26T04:57:38","guid":{"rendered":"https:\/\/www.orland.no\/?page_id=519148"},"modified":"2020-11-27T10:36:00","modified_gmt":"2020-11-27T10:36:00","slug":"austratt-strand","status":"publish","type":"page","link":"http:\/\/audun.teks.no\/en\/austratt-strand\/","title":{"rendered":"Austr\u00e5tt beach"},"content":{"rendered":"<div data-elementor-type=\"wp-page\" data-elementor-id=\"519148\" class=\"elementor elementor-519148\">\n\t\t\t\t\t\t<div class=\"elementor-inner\">\n\t\t\t\t<div class=\"elementor-section-wrap\">\n\t\t\t\t\t\t\t\t\t<section class=\"elementor-section elementor-top-section elementor-element elementor-element-f1850cb elementor-section-stretched elementor-section-boxed elementor-section-height-default elementor-section-height-default\" data-id=\"f1850cb\" data-element_type=\"section\" data-settings=\"{&quot;stretch_section&quot;:&quot;section-stretched&quot;}\">\n\t\t\t\t\t\t<div class=\"elementor-container elementor-column-gap-default\">\n\t\t\t\t\t\t\t<div class=\"elementor-row\">\n\t\t\t\t\t<div class=\"elementor-column elementor-col-100 elementor-top-column elementor-element elementor-element-57f886e\" data-id=\"57f886e\" data-element_type=\"column\">\n\t\t\t<div class=\"elementor-column-wrap elementor-element-populated\">\n\t\t\t\t\t\t\t<div class=\"elementor-widget-wrap\">\n\t\t\t\t\t\t<div class=\"elementor-element elementor-element-fbaab03 elementor-widget elementor-widget-image\" data-id=\"fbaab03\" data-element_type=\"widget\" data-widget_type=\"image.default\">\n\t\t\t\t<div class=\"elementor-widget-container\">\n\t\t\t\t\t\t\t\t<div class=\"elementor-image\">\n\t\t\t\t\t\t\t\t\t\t\t\t<img loading=\"lazy\" decoding=\"async\" width=\"750\" height=\"563\" src=\"http:\/\/audun.teks.no\/wp-content\/uploads\/2020\/05\/austr\u00e5ttstrand_fhordijk1-1024x768.jpg\" class=\"attachment-large size-large\" alt=\"\" srcset=\"http:\/\/audun.teks.no\/wp-content\/uploads\/2020\/05\/austr\u00e5ttstrand_fhordijk1-1024x768.jpg 1024w, http:\/\/audun.teks.no\/wp-content\/uploads\/2020\/05\/austr\u00e5ttstrand_fhordijk1-300x225.jpg 300w, http:\/\/audun.teks.no\/wp-content\/uploads\/2020\/05\/austr\u00e5ttstrand_fhordijk1-768x576.jpg 768w, http:\/\/audun.teks.no\/wp-content\/uploads\/2020\/05\/austr\u00e5ttstrand_fhordijk1-1536x1152.jpg 1536w, http:\/\/audun.teks.no\/wp-content\/uploads\/2020\/05\/austr\u00e5ttstrand_fhordijk1-2048x1536.jpg 2048w\" sizes=\"auto, (max-width: 750px) 100vw, 750px\" \/>\t\t\t\t\t\t\t\t\t\t\t\t\t\t<\/div>\n\t\t\t\t\t\t<\/div>\n\t\t\t\t<\/div>\n\t\t\t\t\t\t<\/div>\n\t\t\t\t\t<\/div>\n\t\t<\/div>\n\t\t\t\t\t\t\t\t<\/div>\n\t\t\t\t\t<\/div>\n\t\t<\/section>\n\t\t\t\t<section class=\"elementor-section elementor-top-section elementor-element elementor-element-b42e932 elementor-section-boxed elementor-section-height-default elementor-section-height-default\" data-id=\"b42e932\" data-element_type=\"section\">\n\t\t\t\t\t\t<div class=\"elementor-container elementor-column-gap-default\">\n\t\t\t\t\t\t\t<div class=\"elementor-row\">\n\t\t\t\t\t<div class=\"elementor-column elementor-col-100 elementor-top-column elementor-element elementor-element-7b65a33\" data-id=\"7b65a33\" data-element_type=\"column\">\n\t\t\t<div class=\"elementor-column-wrap elementor-element-populated\">\n\t\t\t\t\t\t\t<div class=\"elementor-widget-wrap\">\n\t\t\t\t\t\t<div class=\"elementor-element elementor-element-7579e37 elementor-widget elementor-widget-text-editor\" data-id=\"7579e37\" data-element_type=\"widget\" data-widget_type=\"text-editor.default\">\n\t\t\t\t<div class=\"elementor-widget-container\">\n\t\t\t\t\t\t\t\t<div class=\"elementor-text-editor elementor-clearfix\">\n\t\t\t\t<p><strong>Austr\u00e5tt beach<\/strong><\/p><p>A beautiful ivory-white beach greets you after walking a couple of hundre meters (yards) west from the parking lot at Austr\u00e5tt Camping. This is a perfect spot for a swim on a warm summer day or to go beach combing for seashells in Winter.<\/p><p>There's a beach volleyball field here as well as picnic tables with benches. The campground's toilets are available for the beach visitors.<\/p><p>Park by the reception area of Austr\u00e5tt Camping and walk the remaining westbound road to the beach.<\/p>\t\t\t\t\t<\/div>\n\t\t\t\t\t\t<\/div>\n\t\t\t\t<\/div>\n\t\t\t\t\t\t<\/div>\n\t\t\t\t\t<\/div>\n\t\t<\/div>\n\t\t\t\t\t\t\t\t<\/div>\n\t\t\t\t\t<\/div>\n\t\t<\/section>\n\t\t\t\t<section class=\"elementor-section elementor-top-section elementor-element elementor-element-96845f6 elementor-section-boxed elementor-section-height-default elementor-section-height-default\" data-id=\"96845f6\" data-element_type=\"section\">\n\t\t\t\t\t\t<div class=\"elementor-container elementor-column-gap-default\">\n\t\t\t\t\t\t\t<div class=\"elementor-row\">\n\t\t\t\t\t<div class=\"elementor-column elementor-col-100 elementor-top-column elementor-element elementor-element-547a78d\" data-id=\"547a78d\" data-element_type=\"column\">\n\t\t\t<div class=\"elementor-column-wrap elementor-element-populated\">\n\t\t\t\t\t\t\t<div class=\"elementor-widget-wrap\">\n\t\t\t\t\t\t<div class=\"elementor-element elementor-element-3469f31 elementor-align-justify elementor-widget elementor-widget-button\" data-id=\"3469f31\" data-element_type=\"widget\" data-widget_type=\"button.default\">\n\t\t\t\t<div class=\"elementor-widget-container\">\n\t\t\t\t\t<div class=\"elementor-button-wrapper\">\n\t\t\t<a href=\"https:\/\/www.google.com\/maps\/d\/edit?mid=1rQwHKjCeDj9g5Ww95ju1ywZR5ZB5OGB4&#038;usp=sharing\" target=\"_blank\" class=\"elementor-button-link elementor-button elementor-size-lg\" role=\"button\">\n\t\t\t\t\t\t<span class=\"elementor-button-content-wrapper\">\n\t\t\t\t\t\t<span class=\"elementor-button-text\">Click here for a map of beaches in \u00d8rland<\/span>\n\t\t<\/span>\n\t\t\t\t\t<\/a>\n\t\t<\/div>\n\t\t\t\t<\/div>\n\t\t\t\t<\/div>\n\t\t\t\t\t\t<\/div>\n\t\t\t\t\t<\/div>\n\t\t<\/div>\n\t\t\t\t\t\t\t\t<\/div>\n\t\t\t\t\t<\/div>\n\t\t<\/section>\n\t\t\t\t<section class=\"elementor-section elementor-top-section elementor-element elementor-element-f871bbd elementor-section-boxed elementor-section-height-default elementor-section-height-default\" data-id=\"f871bbd\" data-element_type=\"section\">\n\t\t\t\t\t\t<div class=\"elementor-container elementor-column-gap-default\">\n\t\t\t\t\t\t\t<div class=\"elementor-row\">\n\t\t\t\t\t<div class=\"elementor-column elementor-col-100 elementor-top-column elementor-element elementor-element-2760daa\" data-id=\"2760daa\" data-element_type=\"column\">\n\t\t\t<div class=\"elementor-column-wrap elementor-element-populated\">\n\t\t\t\t\t\t\t<div class=\"elementor-widget-wrap\">\n\t\t\t\t\t\t<div class=\"elementor-element elementor-element-fd0e584 elementor-widget elementor-widget-spacer\" data-id=\"fd0e584\" data-element_type=\"widget\" data-widget_type=\"spacer.default\">\n\t\t\t\t<div class=\"elementor-widget-container\">\n\t\t\t\t\t<div class=\"elementor-spacer\">\n\t\t\t<div class=\"elementor-spacer-inner\"><\/div>\n\t\t<\/div>\n\t\t\t\t<\/div>\n\t\t\t\t<\/div>\n\t\t\t\t\t\t<\/div>\n\t\t\t\t\t<\/div>\n\t\t<\/div>\n\t\t\t\t\t\t\t\t<\/div>\n\t\t\t\t\t<\/div>\n\t\t<\/section>\n\t\t\t\t\t\t\t\t\t<\/div>\n\t\t\t<\/div>\n\t\t\t\t\t<\/div>","protected":false},"excerpt":{"rendered":"<p>Austr\u00e5tt strand En kritthvit strand m\u00f8ter deg i enden av Austr\u00e5tt camping. Perfekt for et bad p\u00e5 varme sommerdager, eller for \u00e5 lete etter skjell en fin vinterdag. Her finnes ogs\u00e5 en volleyballbane og mange benker \u00e5 sitte p\u00e5. Campingplassens toalett er tilgjengelig for badegjester. Parker ved resepsjonen til Austr\u00e5tt [&hellip;]<\/p>","protected":false},"author":6,"featured_media":519141,"parent":0,"menu_order":0,"comment_status":"closed","ping_status":"closed","template":"","meta":{"ngg_post_thumbnail":0,"footnotes":""},"class_list":["post-519148","page","type-page","status-publish","has-post-thumbnail","hentry"],"yoast_head":"<!-- This site is optimized with the Yoast SEO plugin v26.8 - https:\/\/yoast.com\/product\/yoast-seo-wordpress\/ -->\n<title>Austr\u00e5tt strand - \u00d8rland-TEKS-tmp<\/title>\n<meta name=\"description\" content=\"En kritthvit strand m\u00f8ter deg i enden av Austr\u00e5tt camping. Perfekt for et bad p\u00e5 varme sommerdager, eller for \u00e5 lete etter skjell en fin vinterdag.Her finnes ogs\u00e5 en volleyballbane og mange benker \u00e5 sitte p\u00e5. Campingplassens toalett er tilgjengelig for badegjester.Parker ved resepsjonen til Austr\u00e5tt camping og f\u00f8lg veien gjennom hele campingplassen.\" \/>\n<meta name=\"robots\" content=\"noindex, follow, max-snippet:-1, max-image-preview:large, max-video-preview:-1\" \/>\n<meta property=\"og:locale\" content=\"en_US\" \/>\n<meta property=\"og:type\" content=\"article\" \/>\n<meta property=\"og:title\" content=\"Austr\u00e5tt strand - \u00d8rland-TEKS-tmp\" \/>\n<meta property=\"og:description\" content=\"En kritthvit strand m\u00f8ter deg i enden av Austr\u00e5tt camping. Perfekt for et bad p\u00e5 varme sommerdager, eller for \u00e5 lete etter skjell en fin vinterdag.Her finnes ogs\u00e5 en volleyballbane og mange benker \u00e5 sitte p\u00e5. Campingplassens toalett er tilgjengelig for badegjester.Parker ved resepsjonen til Austr\u00e5tt camping og f\u00f8lg veien gjennom hele campingplassen.\" \/>\n<meta property=\"og:url\" content=\"http:\/\/audun.teks.no\/en\/austratt-strand\/\" \/>\n<meta property=\"og:site_name\" content=\"\u00d8rland-TEKS-tmp\" \/>\n<meta property=\"article:modified_time\" content=\"2020-11-27T10:36:00+00:00\" \/>\n<meta property=\"og:image\" content=\"http:\/\/audun.teks.no\/wp-content\/uploads\/2020\/05\/austr\u00e5ttstrand_fhordijk2-scaled.jpg\" \/>\n\t<meta property=\"og:image:width\" content=\"2560\" \/>\n\t<meta property=\"og:image:height\" content=\"1439\" \/>\n\t<meta property=\"og:image:type\" content=\"image\/jpeg\" \/>\n<meta name=\"twitter:card\" content=\"summary_large_image\" \/>\n<script type=\"application\/ld+json\" class=\"yoast-schema-graph\">{\"@context\":\"https:\/\/schema.org\",\"@graph\":[{\"@type\":\"WebPage\",\"@id\":\"http:\/\/audun.teks.no\/en\/austratt-strand\/\",\"url\":\"http:\/\/audun.teks.no\/en\/austratt-strand\/\",\"name\":\"Austr\u00e5tt strand - \u00d8rland-TEKS-tmp\",\"isPartOf\":{\"@id\":\"http:\/\/audun.teks.no\/#website\"},\"primaryImageOfPage\":{\"@id\":\"http:\/\/audun.teks.no\/en\/austratt-strand\/#primaryimage\"},\"image\":{\"@id\":\"http:\/\/audun.teks.no\/en\/austratt-strand\/#primaryimage\"},\"thumbnailUrl\":\"http:\/\/audun.teks.no\/wp-content\/uploads\/2020\/05\/austr\u00e5ttstrand_fhordijk2-scaled.jpg\",\"datePublished\":\"2020-05-26T04:57:38+00:00\",\"dateModified\":\"2020-11-27T10:36:00+00:00\",\"description\":\"En kritthvit strand m\u00f8ter deg i enden av Austr\u00e5tt camping. Perfekt for et bad p\u00e5 varme sommerdager, eller for \u00e5 lete etter skjell en fin vinterdag.Her finnes ogs\u00e5 en volleyballbane og mange benker \u00e5 sitte p\u00e5. Campingplassens toalett er tilgjengelig for badegjester.Parker ved resepsjonen til Austr\u00e5tt camping og f\u00f8lg veien gjennom hele campingplassen.\",\"breadcrumb\":{\"@id\":\"http:\/\/audun.teks.no\/en\/austratt-strand\/#breadcrumb\"},\"inLanguage\":\"en-US\",\"potentialAction\":[{\"@type\":\"ReadAction\",\"target\":[\"http:\/\/audun.teks.no\/en\/austratt-strand\/\"]}]},{\"@type\":\"ImageObject\",\"inLanguage\":\"en-US\",\"@id\":\"http:\/\/audun.teks.no\/en\/austratt-strand\/#primaryimage\",\"url\":\"http:\/\/audun.teks.no\/wp-content\/uploads\/2020\/05\/austr\u00e5ttstrand_fhordijk2-scaled.jpg\",\"contentUrl\":\"http:\/\/audun.teks.no\/wp-content\/uploads\/2020\/05\/austr\u00e5ttstrand_fhordijk2-scaled.jpg\",\"width\":2560,\"height\":1439,\"caption\":\"Badested \u00d8rland Austr\u00e5tt strand\"},{\"@type\":\"BreadcrumbList\",\"@id\":\"http:\/\/audun.teks.no\/en\/austratt-strand\/#breadcrumb\",\"itemListElement\":[{\"@type\":\"ListItem\",\"position\":1,\"name\":\"Hjem\",\"item\":\"http:\/\/audun.teks.no\/\"},{\"@type\":\"ListItem\",\"position\":2,\"name\":\"Austr\u00e5tt strand\"}]},{\"@type\":\"WebSite\",\"@id\":\"http:\/\/audun.teks.no\/#website\",\"url\":\"http:\/\/audun.teks.no\/\",\"name\":\"\u00d8rland-TEKS-tmp\",\"description\":\"Velkommen til flotte kystopplevelser\",\"publisher\":{\"@id\":\"http:\/\/audun.teks.no\/#organization\"},\"potentialAction\":[{\"@type\":\"SearchAction\",\"target\":{\"@type\":\"EntryPoint\",\"urlTemplate\":\"http:\/\/audun.teks.no\/?s={search_term_string}\"},\"query-input\":{\"@type\":\"PropertyValueSpecification\",\"valueRequired\":true,\"valueName\":\"search_term_string\"}}],\"inLanguage\":\"en-US\"},{\"@type\":\"Organization\",\"@id\":\"http:\/\/audun.teks.no\/#organization\",\"name\":\"\u00d8rland\",\"url\":\"http:\/\/audun.teks.no\/\",\"logo\":{\"@type\":\"ImageObject\",\"inLanguage\":\"en-US\",\"@id\":\"http:\/\/audun.teks.no\/#\/schema\/logo\/image\/\",\"url\":\"http:\/\/audun.teks.no\/wp-content\/uploads\/2020\/04\/RORET-\u00d8rland-kulturforetak-KF.jpg\",\"contentUrl\":\"http:\/\/audun.teks.no\/wp-content\/uploads\/2020\/04\/RORET-\u00d8rland-kulturforetak-KF.jpg\",\"width\":1772,\"height\":969,\"caption\":\"\u00d8rland\"},\"image\":{\"@id\":\"http:\/\/audun.teks.no\/#\/schema\/logo\/image\/\"}}]}<\/script>\n<!-- \/ Yoast SEO plugin. -->","yoast_head_json":{"title":"Austr\u00e5tt strand - \u00d8rland-TEKS-tmp","description":"En kritthvit strand m\u00f8ter deg i enden av Austr\u00e5tt camping. Perfekt for et bad p\u00e5 varme sommerdager, eller for \u00e5 lete etter skjell en fin vinterdag.Her finnes ogs\u00e5 en volleyballbane og mange benker \u00e5 sitte p\u00e5. Campingplassens toalett er tilgjengelig for badegjester.Parker ved resepsjonen til Austr\u00e5tt camping og f\u00f8lg veien gjennom hele campingplassen.","robots":{"index":"noindex","follow":"follow","max-snippet":"max-snippet:-1","max-image-preview":"max-image-preview:large","max-video-preview":"max-video-preview:-1"},"og_locale":"en_US","og_type":"article","og_title":"Austr\u00e5tt strand - \u00d8rland-TEKS-tmp","og_description":"En kritthvit strand m\u00f8ter deg i enden av Austr\u00e5tt camping. Perfekt for et bad p\u00e5 varme sommerdager, eller for \u00e5 lete etter skjell en fin vinterdag.Her finnes ogs\u00e5 en volleyballbane og mange benker \u00e5 sitte p\u00e5. Campingplassens toalett er tilgjengelig for badegjester.Parker ved resepsjonen til Austr\u00e5tt camping og f\u00f8lg veien gjennom hele campingplassen.","og_url":"http:\/\/audun.teks.no\/en\/austratt-strand\/","og_site_name":"\u00d8rland-TEKS-tmp","article_modified_time":"2020-11-27T10:36:00+00:00","og_image":[{"width":2560,"height":1439,"url":"http:\/\/audun.teks.no\/wp-content\/uploads\/2020\/05\/austr\u00e5ttstrand_fhordijk2-scaled.jpg","type":"image\/jpeg"}],"twitter_card":"summary_large_image","schema":{"@context":"https:\/\/schema.org","@graph":[{"@type":"WebPage","@id":"http:\/\/audun.teks.no\/en\/austratt-strand\/","url":"http:\/\/audun.teks.no\/en\/austratt-strand\/","name":"Austr\u00e5tt strand - \u00d8rland-TEKS-tmp","isPartOf":{"@id":"http:\/\/audun.teks.no\/#website"},"primaryImageOfPage":{"@id":"http:\/\/audun.teks.no\/en\/austratt-strand\/#primaryimage"},"image":{"@id":"http:\/\/audun.teks.no\/en\/austratt-strand\/#primaryimage"},"thumbnailUrl":"http:\/\/audun.teks.no\/wp-content\/uploads\/2020\/05\/austr\u00e5ttstrand_fhordijk2-scaled.jpg","datePublished":"2020-05-26T04:57:38+00:00","dateModified":"2020-11-27T10:36:00+00:00","description":"En kritthvit strand m\u00f8ter deg i enden av Austr\u00e5tt camping. Perfekt for et bad p\u00e5 varme sommerdager, eller for \u00e5 lete etter skjell en fin vinterdag.Her finnes ogs\u00e5 en volleyballbane og mange benker \u00e5 sitte p\u00e5. Campingplassens toalett er tilgjengelig for badegjester.Parker ved resepsjonen til Austr\u00e5tt camping og f\u00f8lg veien gjennom hele campingplassen.","breadcrumb":{"@id":"http:\/\/audun.teks.no\/en\/austratt-strand\/#breadcrumb"},"inLanguage":"en-US","potentialAction":[{"@type":"ReadAction","target":["http:\/\/audun.teks.no\/en\/austratt-strand\/"]}]},{"@type":"ImageObject","inLanguage":"en-US","@id":"http:\/\/audun.teks.no\/en\/austratt-strand\/#primaryimage","url":"http:\/\/audun.teks.no\/wp-content\/uploads\/2020\/05\/austr\u00e5ttstrand_fhordijk2-scaled.jpg","contentUrl":"http:\/\/audun.teks.no\/wp-content\/uploads\/2020\/05\/austr\u00e5ttstrand_fhordijk2-scaled.jpg","width":2560,"height":1439,"caption":"Badested \u00d8rland Austr\u00e5tt strand"},{"@type":"BreadcrumbList","@id":"http:\/\/audun.teks.no\/en\/austratt-strand\/#breadcrumb","itemListElement":[{"@type":"ListItem","position":1,"name":"Hjem","item":"http:\/\/audun.teks.no\/"},{"@type":"ListItem","position":2,"name":"Austr\u00e5tt strand"}]},{"@type":"WebSite","@id":"http:\/\/audun.teks.no\/#website","url":"http:\/\/audun.teks.no\/","name":"\u00d8rland-TEKS-tmp","description":"Velkommen til flotte kystopplevelser","publisher":{"@id":"http:\/\/audun.teks.no\/#organization"},"potentialAction":[{"@type":"SearchAction","target":{"@type":"EntryPoint","urlTemplate":"http:\/\/audun.teks.no\/?s={search_term_string}"},"query-input":{"@type":"PropertyValueSpecification","valueRequired":true,"valueName":"search_term_string"}}],"inLanguage":"en-US"},{"@type":"Organization","@id":"http:\/\/audun.teks.no\/#organization","name":"\u00d8rland","url":"http:\/\/audun.teks.no\/","logo":{"@type":"ImageObject","inLanguage":"en-US","@id":"http:\/\/audun.teks.no\/#\/schema\/logo\/image\/","url":"http:\/\/audun.teks.no\/wp-content\/uploads\/2020\/04\/RORET-\u00d8rland-kulturforetak-KF.jpg","contentUrl":"http:\/\/audun.teks.no\/wp-content\/uploads\/2020\/04\/RORET-\u00d8rland-kulturforetak-KF.jpg","width":1772,"height":969,"caption":"\u00d8rland"},"image":{"@id":"http:\/\/audun.teks.no\/#\/schema\/logo\/image\/"}}]}},"acf":[],"_links":{"self":[{"href":"http:\/\/audun.teks.no\/en\/wp-json\/wp\/v2\/pages\/519148","targetHints":{"allow":["GET"]}}],"collection":[{"href":"http:\/\/audun.teks.no\/en\/wp-json\/wp\/v2\/pages"}],"about":[{"href":"http:\/\/audun.teks.no\/en\/wp-json\/wp\/v2\/types\/page"}],"author":[{"embeddable":true,"href":"http:\/\/audun.teks.no\/en\/wp-json\/wp\/v2\/users\/6"}],"replies":[{"embeddable":true,"href":"http:\/\/audun.teks.no\/en\/wp-json\/wp\/v2\/comments?post=519148"}],"version-history":[{"count":11,"href":"http:\/\/audun.teks.no\/en\/wp-json\/wp\/v2\/pages\/519148\/revisions"}],"predecessor-version":[{"id":519777,"href":"http:\/\/audun.teks.no\/en\/wp-json\/wp\/v2\/pages\/519148\/revisions\/519777"}],"wp:featuredmedia":[{"embeddable":true,"href":"http:\/\/audun.teks.no\/en\/wp-json\/wp\/v2\/media\/519141"}],"wp:attachment":[{"href":"http:\/\/audun.teks.no\/en\/wp-json\/wp\/v2\/media?parent=519148"}],"curies":[{"name":"wp","href":"https:\/\/api.w.org\/{rel}","templated":true}]}}