{"id":519093,"date":"2020-05-19T13:48:30","date_gmt":"2020-05-19T13:48:30","guid":{"rendered":"https:\/\/www.orland.no\/?page_id=519093"},"modified":"2020-05-20T06:45:02","modified_gmt":"2020-05-20T06:45:02","slug":"verneforskrifter","status":"publish","type":"page","link":"http:\/\/audun.teks.no\/en\/verneforskrifter\/","title":{"rendered":"Rules and regulations"},"content":{"rendered":"<div data-elementor-type=\"wp-page\" data-elementor-id=\"519093\" class=\"elementor elementor-519093\">\n\t\t\t\t\t\t<div class=\"elementor-inner\">\n\t\t\t\t<div class=\"elementor-section-wrap\">\n\t\t\t\t\t\t\t\t\t<section class=\"elementor-section elementor-top-section elementor-element elementor-element-18c16300 elementor-section-boxed elementor-section-height-default elementor-section-height-default\" data-id=\"18c16300\" data-element_type=\"section\">\n\t\t\t\t\t\t<div class=\"elementor-container elementor-column-gap-default\">\n\t\t\t\t\t\t\t<div class=\"elementor-row\">\n\t\t\t\t\t<div class=\"elementor-column elementor-col-100 elementor-top-column elementor-element elementor-element-62737a54\" data-id=\"62737a54\" data-element_type=\"column\">\n\t\t\t<div class=\"elementor-column-wrap elementor-element-populated\">\n\t\t\t\t\t\t\t<div class=\"elementor-widget-wrap\">\n\t\t\t\t\t\t<div class=\"elementor-element elementor-element-632ee174 elementor-widget elementor-widget-text-editor\" data-id=\"632ee174\" data-element_type=\"widget\" data-widget_type=\"text-editor.default\">\n\t\t\t\t<div class=\"elementor-widget-container\">\n\t\t\t\t\t\t\t\t<div class=\"elementor-text-editor elementor-clearfix\">\n\t\t\t\t<!-- wp:themeisle-blocks\/advanced-columns {\"id\":\"wp-block-themeisle-blocks-advanced-columns-c3b63190\"} -->\n<div class=\"wp-block-themeisle-blocks-advanced-columns has-undefined-columns has-desktop-undefined-layout has-tablet-equal-layout has-mobile-equal-layout has-default-gap has-vertical-unset\" id=\"wp-block-themeisle-blocks-advanced-columns-c3b63190\">\n<div>Dogs are to be kept on leach<strong> year round in the protected areas.<\/strong>For other areas the general rule applies: <em>&laquo;<\/em><em>I tiden fra og med 1. april til og med 20. august skal en hund bli holdt i b\u00e5nd eller forsvarlig inngjerdet eller innestengt, slik at ikke den kan jage eller skade storfe, sau, geit, fj\u00e6rfe, rein, hest eller vilt, herunder viltets egg, reir og bo.&raquo;<\/em><\/div>\n<\/div>\n<div><\/div>\n<h2>Rules for each protected area:<\/h2>\n<div>\n<h3>Grandefj\u00e6ra naturreservat<\/h3>\n<div style=\"padding-left: 30pt;\">Faktaark <a href=\"https:\/\/faktaark.naturbase.no\/?id=VV00001421\" title=\"https:\/\/faktaark.naturbase.no\/?id=VV00001421\" class=\"https\">https:\/\/faktaark.naturbase.no\/?id=VV00001421<\/a><br \/>Verneform: naturreservat<\/div>\n<div style=\"padding-left: 30pt;\"><strong>Verneforskrift<\/strong> <a href=\"https:\/\/lovdata.no\/forskrift\/1983-12-23-2021\" title=\"https:\/\/lovdata.no\/forskrift\/1983-12-23-2021\" class=\"https\">https:\/\/lovdata.no\/forskrift\/1983-12-23-2021<\/a><br \/><br \/><\/div>\n<h3>Kr\u00e5kv\u00e5gsvaet fuglefredningsomr\u00e5de<\/h3>\n<div style=\"padding-left: 30pt;\">Faktaark <a href=\"https:\/\/faktaark.naturbase.no\/?id=VV00001494\" title=\"https:\/\/faktaark.naturbase.no\/?id=VV00001494\" class=\"https\">https:\/\/faktaark.naturbase.no\/?id=VV00001494<\/a><br \/>Verneform: dyrefredningsomr\u00e5de<\/div>\n<div style=\"padding-left: 30pt;\"><strong>Verneforskrift:<\/strong> <a href=\"https:\/\/lovdata.no\/forskrift\/1983-12-23-2022\" title=\"https:\/\/lovdata.no\/forskrift\/1983-12-23-2022\" class=\"https\">https:\/\/lovdata.no\/forskrift\/1983-12-23-2022<\/a><\/div>\n<h3>Hovsfj\u00e6ra fuglefredningsomr\u00e5de<\/h3>\n<div style=\"padding-left: 30pt;\">Faktaark: <a href=\"https:\/\/faktaark.naturbase.no\/?id=VV00001492\" title=\"https:\/\/faktaark.naturbase.no\/?id=VV00001492\" class=\"https\">https:\/\/faktaark.naturbase.no\/?id=VV00001492<\/a><br \/>Verneform: dyrefredningsomr\u00e5de<\/div>\n<div style=\"padding-left: 30pt;\"><strong>Verneforskrift:<\/strong> <a href=\"https:\/\/lovdata.no\/forskrift\/1983-12-23-2020\" title=\"https:\/\/lovdata.no\/forskrift\/1983-12-23-2020\" class=\"https\">https:\/\/lovdata.no\/forskrift\/1983-12-23-2020<\/a><br \/><br \/><\/div>\n<h3>Eidsvatnet fuglefredningsomr\u00e5de<\/h3>\n<div style=\"padding-left: 30pt;\">Faktaark <a href=\"https:\/\/faktaark.naturbase.no\/?id=VV00000510\" title=\"https:\/\/faktaark.naturbase.no\/?id=VV00000510\" class=\"https\">https:\/\/faktaark.naturbase.no\/?id=VV00000510<\/a><br \/>Verneform: dyrefredningsomr\u00e5de<\/div>\n<div style=\"padding-left: 30pt;\"><strong>Verneforskrift:<\/strong> <a href=\"https:\/\/lovdata.no\/forskrift\/1983-12-23-2018\" title=\"https:\/\/lovdata.no\/forskrift\/1983-12-23-2018\" class=\"https\">https:\/\/lovdata.no\/forskrift\/1983-12-23-2018<\/a><\/div>\n<h3>Murudalen naturreservat<\/h3>\n<div style=\"padding-left: 30pt;\">Faktaark: <a href=\"https:\/\/faktaark.naturbase.no\/?id=VV00002548\" title=\"https:\/\/faktaark.naturbase.no\/?id=VV00002548\" class=\"https\">https:\/\/faktaark.naturbase.no\/?id=VV00002548<\/a><br \/>Verneform: naturreservat<\/div>\n<div style=\"padding-left: 30pt;\"><strong>Verneforskrift:<\/strong> <a href=\"https:\/\/lovdata.no\/forskrift\/2017-12-01-1896\" title=\"https:\/\/lovdata.no\/forskrift\/2017-12-01-1896\" class=\"https\">https:\/\/lovdata.no\/forskrift\/2017-12-01-1896<\/a><\/div>\n<br \/>\n<h3>V\u00e6ret landskapsvernomr\u00e5de<\/h3>\n<div style=\"padding-left: 30pt;\">Faktaark: <a href=\"https:\/\/faktaark.naturbase.no\/?id=VV00000579\" title=\"https:\/\/faktaark.naturbase.no\/?id=VV00000579\" class=\"https\">https:\/\/faktaark.naturbase.no\/?id=VV00000579<\/a><br \/>Verneform: landskapsvernomr\u00e5de<\/div>\n<div style=\"padding-left: 30pt;\"><strong>Verneforskrift:<\/strong> <a href=\"https:\/\/lovdata.no\/forskrift\/1982-08-20-1326\" title=\"https:\/\/lovdata.no\/forskrift\/1982-08-20-1326\" class=\"https\">https:\/\/lovdata.no\/forskrift\/1982-08-20-1326<\/a><br \/><br \/><\/div>\n<h3>Austr\u00e5ttlunden:<\/h3>\n<p>Faktaark: <a href=\"https:\/\/faktaark.naturbase.no\/?id=VV00000580\" title=\"https:\/\/faktaark.naturbase.no\/?id=VV00000580\" class=\"https\">https:\/\/faktaark.naturbase.no\/?id=VV00000580<\/a><br \/><strong>Verneforskrift:<\/strong> <a href=\"https:\/\/lovdata.no\/forskrift\/1975-12-19-29\" title=\"https:\/\/lovdata.no\/forskrift\/1975-12-19-29\" class=\"https\">https:\/\/lovdata.no\/forskrift\/1975-12-19-29<\/a><\/p>\n<\/div>\n<div><\/div>\n<!-- \/wp:themeisle-blocks\/advanced-columns -->\t\t\t\t\t<\/div>\n\t\t\t\t\t\t<\/div>\n\t\t\t\t<\/div>\n\t\t\t\t\t\t<\/div>\n\t\t\t\t\t<\/div>\n\t\t<\/div>\n\t\t\t\t\t\t\t\t<\/div>\n\t\t\t\t\t<\/div>\n\t\t<\/section>\n\t\t\t\t\t\t\t\t\t<\/div>\n\t\t\t<\/div>\n\t\t\t\t\t<\/div>","protected":false},"excerpt":{"rendered":"","protected":false},"author":5,"featured_media":519100,"parent":0,"menu_order":0,"comment_status":"closed","ping_status":"closed","template":"","meta":{"ngg_post_thumbnail":0,"footnotes":""},"class_list":["post-519093","page","type-page","status-publish","has-post-thumbnail","hentry"],"yoast_head":"<!-- This site is optimized with the Yoast SEO plugin v26.8 - https:\/\/yoast.com\/product\/yoast-seo-wordpress\/ -->\n<title>Verneforskrifter - \u00d8rland-TEKS-tmp<\/title>\n<meta name=\"description\" content=\"Gode bo- og jobbmuligheter, kort vei til skole, jobb og fritidsaktiviteter uansett hvor i kommunen du bor. Bredt og variert aktivitetstilbud for store og sm\u00e5. Flytt bedriften eller etabler ny n\u00e6ring p\u00e5 \u00d8rlandet. Kommunen har byggeklart n\u00e6ringsareal b\u00e5de til salgs og til leie.\" \/>\n<meta name=\"robots\" content=\"noindex, follow, max-snippet:-1, max-image-preview:large, max-video-preview:-1\" \/>\n<meta property=\"og:locale\" content=\"en_US\" \/>\n<meta property=\"og:type\" content=\"article\" \/>\n<meta property=\"og:title\" content=\"Verneforskrifter - \u00d8rland-TEKS-tmp\" \/>\n<meta property=\"og:description\" content=\"Gode bo- og jobbmuligheter, kort vei til skole, jobb og fritidsaktiviteter uansett hvor i kommunen du bor. Bredt og variert aktivitetstilbud for store og sm\u00e5. Flytt bedriften eller etabler ny n\u00e6ring p\u00e5 \u00d8rlandet. Kommunen har byggeklart n\u00e6ringsareal b\u00e5de til salgs og til leie.\" \/>\n<meta property=\"og:url\" content=\"http:\/\/audun.teks.no\/en\/verneforskrifter\/\" \/>\n<meta property=\"og:site_name\" content=\"\u00d8rland-TEKS-tmp\" \/>\n<meta property=\"article:modified_time\" content=\"2020-05-20T06:45:02+00:00\" \/>\n<meta property=\"og:image\" content=\"http:\/\/audun.teks.no\/wp-content\/uploads\/2020\/05\/BIOTOPE-pano-\u00f8rl-iphone-Lakskl\u00f8holmen-\u2013-Kopi-scaled.jpg\" \/>\n\t<meta property=\"og:image:width\" content=\"2560\" \/>\n\t<meta property=\"og:image:height\" content=\"576\" \/>\n\t<meta property=\"og:image:type\" content=\"image\/jpeg\" \/>\n<meta name=\"twitter:card\" content=\"summary_large_image\" \/>\n<meta name=\"twitter:label1\" content=\"Est. reading time\" \/>\n\t<meta name=\"twitter:data1\" content=\"1 minute\" \/>\n<script type=\"application\/ld+json\" class=\"yoast-schema-graph\">{\"@context\":\"https:\/\/schema.org\",\"@graph\":[{\"@type\":\"WebPage\",\"@id\":\"http:\/\/audun.teks.no\/verneforskrifter\/\",\"url\":\"http:\/\/audun.teks.no\/verneforskrifter\/\",\"name\":\"Verneforskrifter - \u00d8rland-TEKS-tmp\",\"isPartOf\":{\"@id\":\"http:\/\/audun.teks.no\/#website\"},\"primaryImageOfPage\":{\"@id\":\"http:\/\/audun.teks.no\/verneforskrifter\/#primaryimage\"},\"image\":{\"@id\":\"http:\/\/audun.teks.no\/verneforskrifter\/#primaryimage\"},\"thumbnailUrl\":\"http:\/\/audun.teks.no\/wp-content\/uploads\/2020\/05\/BIOTOPE-pano-\u00f8rl-iphone-Lakskl\u00f8holmen-\u2013-Kopi-scaled.jpg\",\"datePublished\":\"2020-05-19T13:48:30+00:00\",\"dateModified\":\"2020-05-20T06:45:02+00:00\",\"description\":\"Gode bo- og jobbmuligheter, kort vei til skole, jobb og fritidsaktiviteter uansett hvor i kommunen du bor. Bredt og variert aktivitetstilbud for store og sm\u00e5. Flytt bedriften eller etabler ny n\u00e6ring p\u00e5 \u00d8rlandet. Kommunen har byggeklart n\u00e6ringsareal b\u00e5de til salgs og til leie.\",\"breadcrumb\":{\"@id\":\"http:\/\/audun.teks.no\/verneforskrifter\/#breadcrumb\"},\"inLanguage\":\"en-US\",\"potentialAction\":[{\"@type\":\"ReadAction\",\"target\":[\"http:\/\/audun.teks.no\/verneforskrifter\/\"]}]},{\"@type\":\"ImageObject\",\"inLanguage\":\"en-US\",\"@id\":\"http:\/\/audun.teks.no\/verneforskrifter\/#primaryimage\",\"url\":\"http:\/\/audun.teks.no\/wp-content\/uploads\/2020\/05\/BIOTOPE-pano-\u00f8rl-iphone-Lakskl\u00f8holmen-\u2013-Kopi-scaled.jpg\",\"contentUrl\":\"http:\/\/audun.teks.no\/wp-content\/uploads\/2020\/05\/BIOTOPE-pano-\u00f8rl-iphone-Lakskl\u00f8holmen-\u2013-Kopi-scaled.jpg\",\"width\":2560,\"height\":576},{\"@type\":\"BreadcrumbList\",\"@id\":\"http:\/\/audun.teks.no\/verneforskrifter\/#breadcrumb\",\"itemListElement\":[{\"@type\":\"ListItem\",\"position\":1,\"name\":\"Hjem\",\"item\":\"http:\/\/audun.teks.no\/\"},{\"@type\":\"ListItem\",\"position\":2,\"name\":\"Verneforskrifter\"}]},{\"@type\":\"WebSite\",\"@id\":\"http:\/\/audun.teks.no\/#website\",\"url\":\"http:\/\/audun.teks.no\/\",\"name\":\"\u00d8rland-TEKS-tmp\",\"description\":\"Velkommen til flotte kystopplevelser\",\"publisher\":{\"@id\":\"http:\/\/audun.teks.no\/#organization\"},\"potentialAction\":[{\"@type\":\"SearchAction\",\"target\":{\"@type\":\"EntryPoint\",\"urlTemplate\":\"http:\/\/audun.teks.no\/?s={search_term_string}\"},\"query-input\":{\"@type\":\"PropertyValueSpecification\",\"valueRequired\":true,\"valueName\":\"search_term_string\"}}],\"inLanguage\":\"en-US\"},{\"@type\":\"Organization\",\"@id\":\"http:\/\/audun.teks.no\/#organization\",\"name\":\"\u00d8rland\",\"url\":\"http:\/\/audun.teks.no\/\",\"logo\":{\"@type\":\"ImageObject\",\"inLanguage\":\"en-US\",\"@id\":\"http:\/\/audun.teks.no\/#\/schema\/logo\/image\/\",\"url\":\"http:\/\/audun.teks.no\/wp-content\/uploads\/2020\/04\/RORET-\u00d8rland-kulturforetak-KF.jpg\",\"contentUrl\":\"http:\/\/audun.teks.no\/wp-content\/uploads\/2020\/04\/RORET-\u00d8rland-kulturforetak-KF.jpg\",\"width\":1772,\"height\":969,\"caption\":\"\u00d8rland\"},\"image\":{\"@id\":\"http:\/\/audun.teks.no\/#\/schema\/logo\/image\/\"}}]}<\/script>\n<!-- \/ Yoast SEO plugin. -->","yoast_head_json":{"title":"Verneforskrifter - \u00d8rland-TEKS-tmp","description":"Gode bo- og jobbmuligheter, kort vei til skole, jobb og fritidsaktiviteter uansett hvor i kommunen du bor. Bredt og variert aktivitetstilbud for store og sm\u00e5. Flytt bedriften eller etabler ny n\u00e6ring p\u00e5 \u00d8rlandet. Kommunen har byggeklart n\u00e6ringsareal b\u00e5de til salgs og til leie.","robots":{"index":"noindex","follow":"follow","max-snippet":"max-snippet:-1","max-image-preview":"max-image-preview:large","max-video-preview":"max-video-preview:-1"},"og_locale":"en_US","og_type":"article","og_title":"Verneforskrifter - \u00d8rland-TEKS-tmp","og_description":"Gode bo- og jobbmuligheter, kort vei til skole, jobb og fritidsaktiviteter uansett hvor i kommunen du bor. Bredt og variert aktivitetstilbud for store og sm\u00e5. Flytt bedriften eller etabler ny n\u00e6ring p\u00e5 \u00d8rlandet. Kommunen har byggeklart n\u00e6ringsareal b\u00e5de til salgs og til leie.","og_url":"http:\/\/audun.teks.no\/en\/verneforskrifter\/","og_site_name":"\u00d8rland-TEKS-tmp","article_modified_time":"2020-05-20T06:45:02+00:00","og_image":[{"width":2560,"height":576,"url":"http:\/\/audun.teks.no\/wp-content\/uploads\/2020\/05\/BIOTOPE-pano-\u00f8rl-iphone-Lakskl\u00f8holmen-\u2013-Kopi-scaled.jpg","type":"image\/jpeg"}],"twitter_card":"summary_large_image","twitter_misc":{"Est. reading time":"1 minute"},"schema":{"@context":"https:\/\/schema.org","@graph":[{"@type":"WebPage","@id":"http:\/\/audun.teks.no\/verneforskrifter\/","url":"http:\/\/audun.teks.no\/verneforskrifter\/","name":"Verneforskrifter - \u00d8rland-TEKS-tmp","isPartOf":{"@id":"http:\/\/audun.teks.no\/#website"},"primaryImageOfPage":{"@id":"http:\/\/audun.teks.no\/verneforskrifter\/#primaryimage"},"image":{"@id":"http:\/\/audun.teks.no\/verneforskrifter\/#primaryimage"},"thumbnailUrl":"http:\/\/audun.teks.no\/wp-content\/uploads\/2020\/05\/BIOTOPE-pano-\u00f8rl-iphone-Lakskl\u00f8holmen-\u2013-Kopi-scaled.jpg","datePublished":"2020-05-19T13:48:30+00:00","dateModified":"2020-05-20T06:45:02+00:00","description":"Gode bo- og jobbmuligheter, kort vei til skole, jobb og fritidsaktiviteter uansett hvor i kommunen du bor. Bredt og variert aktivitetstilbud for store og sm\u00e5. Flytt bedriften eller etabler ny n\u00e6ring p\u00e5 \u00d8rlandet. Kommunen har byggeklart n\u00e6ringsareal b\u00e5de til salgs og til leie.","breadcrumb":{"@id":"http:\/\/audun.teks.no\/verneforskrifter\/#breadcrumb"},"inLanguage":"en-US","potentialAction":[{"@type":"ReadAction","target":["http:\/\/audun.teks.no\/verneforskrifter\/"]}]},{"@type":"ImageObject","inLanguage":"en-US","@id":"http:\/\/audun.teks.no\/verneforskrifter\/#primaryimage","url":"http:\/\/audun.teks.no\/wp-content\/uploads\/2020\/05\/BIOTOPE-pano-\u00f8rl-iphone-Lakskl\u00f8holmen-\u2013-Kopi-scaled.jpg","contentUrl":"http:\/\/audun.teks.no\/wp-content\/uploads\/2020\/05\/BIOTOPE-pano-\u00f8rl-iphone-Lakskl\u00f8holmen-\u2013-Kopi-scaled.jpg","width":2560,"height":576},{"@type":"BreadcrumbList","@id":"http:\/\/audun.teks.no\/verneforskrifter\/#breadcrumb","itemListElement":[{"@type":"ListItem","position":1,"name":"Hjem","item":"http:\/\/audun.teks.no\/"},{"@type":"ListItem","position":2,"name":"Verneforskrifter"}]},{"@type":"WebSite","@id":"http:\/\/audun.teks.no\/#website","url":"http:\/\/audun.teks.no\/","name":"\u00d8rland-TEKS-tmp","description":"Velkommen til flotte kystopplevelser","publisher":{"@id":"http:\/\/audun.teks.no\/#organization"},"potentialAction":[{"@type":"SearchAction","target":{"@type":"EntryPoint","urlTemplate":"http:\/\/audun.teks.no\/?s={search_term_string}"},"query-input":{"@type":"PropertyValueSpecification","valueRequired":true,"valueName":"search_term_string"}}],"inLanguage":"en-US"},{"@type":"Organization","@id":"http:\/\/audun.teks.no\/#organization","name":"\u00d8rland","url":"http:\/\/audun.teks.no\/","logo":{"@type":"ImageObject","inLanguage":"en-US","@id":"http:\/\/audun.teks.no\/#\/schema\/logo\/image\/","url":"http:\/\/audun.teks.no\/wp-content\/uploads\/2020\/04\/RORET-\u00d8rland-kulturforetak-KF.jpg","contentUrl":"http:\/\/audun.teks.no\/wp-content\/uploads\/2020\/04\/RORET-\u00d8rland-kulturforetak-KF.jpg","width":1772,"height":969,"caption":"\u00d8rland"},"image":{"@id":"http:\/\/audun.teks.no\/#\/schema\/logo\/image\/"}}]}},"acf":[],"_links":{"self":[{"href":"http:\/\/audun.teks.no\/en\/wp-json\/wp\/v2\/pages\/519093","targetHints":{"allow":["GET"]}}],"collection":[{"href":"http:\/\/audun.teks.no\/en\/wp-json\/wp\/v2\/pages"}],"about":[{"href":"http:\/\/audun.teks.no\/en\/wp-json\/wp\/v2\/types\/page"}],"author":[{"embeddable":true,"href":"http:\/\/audun.teks.no\/en\/wp-json\/wp\/v2\/users\/5"}],"replies":[{"embeddable":true,"href":"http:\/\/audun.teks.no\/en\/wp-json\/wp\/v2\/comments?post=519093"}],"version-history":[{"count":4,"href":"http:\/\/audun.teks.no\/en\/wp-json\/wp\/v2\/pages\/519093\/revisions"}],"predecessor-version":[{"id":519103,"href":"http:\/\/audun.teks.no\/en\/wp-json\/wp\/v2\/pages\/519093\/revisions\/519103"}],"wp:featuredmedia":[{"embeddable":true,"href":"http:\/\/audun.teks.no\/en\/wp-json\/wp\/v2\/media\/519100"}],"wp:attachment":[{"href":"http:\/\/audun.teks.no\/en\/wp-json\/wp\/v2\/media?parent=519093"}],"curies":[{"name":"wp","href":"https:\/\/api.w.org\/{rel}","templated":true}]}}