{"id":518671,"date":"2020-04-26T20:49:42","date_gmt":"2020-04-26T20:49:42","guid":{"rendered":"https:\/\/www.orland.no\/?page_id=518671"},"modified":"2022-07-28T09:06:05","modified_gmt":"2022-07-28T09:06:05","slug":"austrattborgen-2","status":"publish","type":"page","link":"http:\/\/audun.teks.no\/en\/austrattborgen-2\/","title":{"rendered":"Austr\u00e5tt manor"},"content":{"rendered":"<div data-elementor-type=\"wp-page\" data-elementor-id=\"518671\" class=\"elementor elementor-518671\">\n\t\t\t\t\t\t<div class=\"elementor-inner\">\n\t\t\t\t<div class=\"elementor-section-wrap\">\n\t\t\t\t\t\t\t\t\t<section class=\"elementor-section elementor-top-section elementor-element elementor-element-6ff3ec1 elementor-section-boxed elementor-section-height-default elementor-section-height-default\" data-id=\"6ff3ec1\" data-element_type=\"section\">\n\t\t\t\t\t\t<div class=\"elementor-container elementor-column-gap-default\">\n\t\t\t\t\t\t\t<div class=\"elementor-row\">\n\t\t\t\t\t<div class=\"elementor-column elementor-col-100 elementor-top-column elementor-element elementor-element-974d0d7\" data-id=\"974d0d7\" data-element_type=\"column\">\n\t\t\t<div class=\"elementor-column-wrap elementor-element-populated\">\n\t\t\t\t\t\t\t<div class=\"elementor-widget-wrap\">\n\t\t\t\t\t\t<div class=\"elementor-element elementor-element-dcb0ae4 elementor-widget elementor-widget-image\" data-id=\"dcb0ae4\" data-element_type=\"widget\" data-widget_type=\"image.default\">\n\t\t\t\t<div class=\"elementor-widget-container\">\n\t\t\t\t\t\t\t\t<div class=\"elementor-image\">\n\t\t\t\t\t\t\t\t\t\t\t\t<img loading=\"lazy\" decoding=\"async\" width=\"750\" height=\"563\" src=\"http:\/\/audun.teks.no\/wp-content\/uploads\/2020\/04\/Austra\u030attborgen-Daniel-5-1024x768.jpg\" class=\"attachment-large size-large\" alt=\"\" srcset=\"http:\/\/audun.teks.no\/wp-content\/uploads\/2020\/04\/Austra\u030attborgen-Daniel-5-1024x768.jpg 1024w, http:\/\/audun.teks.no\/wp-content\/uploads\/2020\/04\/Austra\u030attborgen-Daniel-5-300x225.jpg 300w, http:\/\/audun.teks.no\/wp-content\/uploads\/2020\/04\/Austra\u030attborgen-Daniel-5-768x576.jpg 768w, http:\/\/audun.teks.no\/wp-content\/uploads\/2020\/04\/Austra\u030attborgen-Daniel-5-1536x1152.jpg 1536w, http:\/\/audun.teks.no\/wp-content\/uploads\/2020\/04\/Austra\u030attborgen-Daniel-5-2048x1536.jpg 2048w\" sizes=\"auto, (max-width: 750px) 100vw, 750px\" \/>\t\t\t\t\t\t\t\t\t\t\t\t\t\t<\/div>\n\t\t\t\t\t\t<\/div>\n\t\t\t\t<\/div>\n\t\t\t\t\t\t<\/div>\n\t\t\t\t\t<\/div>\n\t\t<\/div>\n\t\t\t\t\t\t\t\t<\/div>\n\t\t\t\t\t<\/div>\n\t\t<\/section>\n\t\t\t\t<section class=\"elementor-section elementor-top-section elementor-element elementor-element-736ff144 elementor-section-boxed elementor-section-height-default elementor-section-height-default\" data-id=\"736ff144\" data-element_type=\"section\">\n\t\t\t\t\t\t<div class=\"elementor-container elementor-column-gap-default\">\n\t\t\t\t\t\t\t<div class=\"elementor-row\">\n\t\t\t\t\t<div class=\"elementor-column elementor-col-100 elementor-top-column elementor-element elementor-element-15e08056\" data-id=\"15e08056\" data-element_type=\"column\">\n\t\t\t<div class=\"elementor-column-wrap elementor-element-populated\">\n\t\t\t\t\t\t\t<div class=\"elementor-widget-wrap\">\n\t\t\t\t\t\t<div class=\"elementor-element elementor-element-6b0d30ff elementor-widget elementor-widget-text-editor\" data-id=\"6b0d30ff\" data-element_type=\"widget\" data-widget_type=\"text-editor.default\">\n\t\t\t\t<div class=\"elementor-widget-container\">\n\t\t\t\t\t\t\t\t<div class=\"elementor-text-editor elementor-clearfix\">\n\t\t\t\t<p>Austr\u00e5tt Manor is a national monument and one of  a very small number of renaissance castles in Norway. At the time of construction for Chancellor Bjelke in the 1650s the site had already been the seat of noblemen since  the beginning of Christian time.\u00a0<\/p><p>In the 1500s Ingerd Ottesdatter lived at the site. She was made famous by the play \"Lady Inger of Ostrat\" authored by the renowned Henrik Ibsen. Experience the millennia-old history of Austr\u00e5tt and see one of Norway's most spectacular and peculiar buildings.<\/p><p>Opening hours <a href=\"https:\/\/nkim.no\/austratt\" target=\"_blank\" rel=\"noopener\">here<\/a><\/p><p>Mer om historien om Austr\u00e5tt:\u00a0<\/p><p>Herresetet Austr\u00e5tt har v\u00e6rt et landemerke ved Trondheimsfjordens munning i 1000 \u00e5r. G\u00e5rden nevnes f\u00f8rste gang omlag 1020 som sete for kongens lendmann. Fra middelalderen var den eid av noen av landets fremste stormannsslekter.<\/p><p>Trolig ble den f\u00f8rste kirken reist her p\u00e5 1000-tallet. T\u00e5rnet og \u00f8stenden av hovedfl\u00f8ya er en steinkirke fra 1200-tallet som ble bygget som et maktmonument vendt mot Trondheimsleia.<\/p><p>I middelalderen kunne makt ogs\u00e5 ut\u00f8ves av kvinner. Fru Ingjerd Ottesdatter, som Henrik Ibsen kalte Fru Inger til \u00d8steraad, styrte g\u00e5rden og et enormt gods etter hun ble enke i 1520-\u00e5rene. Som den eneste kvinne i landet virket hun ogs\u00e5 som kongens guvern\u00f8r eller lensherre over flere provinser.<\/p><p>Fru Ingjerd og hennes svigers\u00f8nner var den f\u00f8rste betydningsfulle familien i Norge som omfavnet den lutherske l\u00e6re. Hvilke motiver de hadde for trosskiftet er omdiskutert, men mer enn halvparten av kildene til \u00ablutheri\u00bb f\u00f8r reformasjonen knytter seg til denne familien.<\/p><p>Kansler Ove Bjelke ga hovedbygningen sitt n\u00e5v\u00e6rende preg ved midten av 1600-tallet. Han var fru Ingjerds tippoldebarn. I tidens \u00e5nd lot Bjelke sin bolig utsmykke etter 1600-tallets to viktigste kilder: Bibelen og antikken. Kapellet rommer en av landets st\u00f8rste samlinger av middelalderske helgenbilder i tre.<\/p>\t\t\t\t\t<\/div>\n\t\t\t\t\t\t<\/div>\n\t\t\t\t<\/div>\n\t\t\t\t\t\t<\/div>\n\t\t\t\t\t<\/div>\n\t\t<\/div>\n\t\t\t\t\t\t\t\t<\/div>\n\t\t\t\t\t<\/div>\n\t\t<\/section>\n\t\t\t\t<section class=\"elementor-section elementor-top-section elementor-element elementor-element-5e6e0957 elementor-section-boxed elementor-section-height-default elementor-section-height-default\" data-id=\"5e6e0957\" data-element_type=\"section\">\n\t\t\t\t\t\t<div class=\"elementor-container elementor-column-gap-default\">\n\t\t\t\t\t\t\t<div class=\"elementor-row\">\n\t\t\t\t\t<div class=\"elementor-column elementor-col-100 elementor-top-column elementor-element elementor-element-5485460e\" data-id=\"5485460e\" data-element_type=\"column\">\n\t\t\t<div class=\"elementor-column-wrap elementor-element-populated\">\n\t\t\t\t\t\t\t<div class=\"elementor-widget-wrap\">\n\t\t\t\t\t\t<div class=\"elementor-element elementor-element-6a3edd6b elementor-widget elementor-widget-spacer\" data-id=\"6a3edd6b\" data-element_type=\"widget\" data-widget_type=\"spacer.default\">\n\t\t\t\t<div class=\"elementor-widget-container\">\n\t\t\t\t\t<div class=\"elementor-spacer\">\n\t\t\t<div class=\"elementor-spacer-inner\"><\/div>\n\t\t<\/div>\n\t\t\t\t<\/div>\n\t\t\t\t<\/div>\n\t\t\t\t\t\t<\/div>\n\t\t\t\t\t<\/div>\n\t\t<\/div>\n\t\t\t\t\t\t\t\t<\/div>\n\t\t\t\t\t<\/div>\n\t\t<\/section>\n\t\t\t\t<section class=\"elementor-section elementor-top-section elementor-element elementor-element-27fe6b8b elementor-section-boxed elementor-section-height-default elementor-section-height-default\" data-id=\"27fe6b8b\" data-element_type=\"section\">\n\t\t\t\t\t\t<div class=\"elementor-container elementor-column-gap-default\">\n\t\t\t\t\t\t\t<div class=\"elementor-row\">\n\t\t\t\t\t<div class=\"elementor-column elementor-col-100 elementor-top-column elementor-element elementor-element-24fbdc67\" data-id=\"24fbdc67\" data-element_type=\"column\">\n\t\t\t<div class=\"elementor-column-wrap elementor-element-populated\">\n\t\t\t\t\t\t\t<div class=\"elementor-widget-wrap\">\n\t\t\t\t\t\t<div class=\"elementor-element elementor-element-7e1dcbb5 elementor-widget elementor-widget-heading\" data-id=\"7e1dcbb5\" data-element_type=\"widget\" data-widget_type=\"heading.default\">\n\t\t\t\t<div class=\"elementor-widget-container\">\n\t\t\t<h2 class=\"elementor-heading-title elementor-size-xl\">The route<\/h2>\t\t<\/div>\n\t\t\t\t<\/div>\n\t\t\t\t\t\t<\/div>\n\t\t\t\t\t<\/div>\n\t\t<\/div>\n\t\t\t\t\t\t\t\t<\/div>\n\t\t\t\t\t<\/div>\n\t\t<\/section>\n\t\t\t\t<section class=\"elementor-section elementor-top-section elementor-element elementor-element-6088dd20 elementor-section-boxed elementor-section-height-default elementor-section-height-default\" data-id=\"6088dd20\" data-element_type=\"section\">\n\t\t\t\t\t\t<div class=\"elementor-container elementor-column-gap-default\">\n\t\t\t\t\t\t\t<div class=\"elementor-row\">\n\t\t\t\t\t<div class=\"elementor-column elementor-col-33 elementor-top-column elementor-element elementor-element-27455250\" data-id=\"27455250\" data-element_type=\"column\">\n\t\t\t<div class=\"elementor-column-wrap elementor-element-populated\">\n\t\t\t\t\t\t\t<div class=\"elementor-widget-wrap\">\n\t\t\t\t\t\t<div class=\"elementor-element elementor-element-5cee3ae elementor-widget elementor-widget-text-editor\" data-id=\"5cee3ae\" data-element_type=\"widget\" data-widget_type=\"text-editor.default\">\n\t\t\t\t<div class=\"elementor-widget-container\">\n\t\t\t\t\t\t\t\t<div class=\"elementor-text-editor elementor-clearfix\">\n\t\t\t\t<p>Start at \u00d8rland Kultusenter and bike through downtown Brekstad (Yrjars gt (=st.)). At the end of this street take a right (Eastbound) and follow the bike path\/sidewalk about 1.5 km (about 1 mile) where you will take another right towards Bruholmen recreational area and Hovsfj\u00e6ra wetlands and bird protection preserve. Here you will take a left on a gravel bike path that meanders along the beach to Fitjanveien (Rd.) which will take you straight to Austr\u00e5tt manor.\u00a0<\/p>\t\t\t\t\t<\/div>\n\t\t\t\t\t\t<\/div>\n\t\t\t\t<\/div>\n\t\t\t\t\t\t<\/div>\n\t\t\t\t\t<\/div>\n\t\t<\/div>\n\t\t\t\t<div class=\"elementor-column elementor-col-66 elementor-top-column elementor-element elementor-element-74b445b2\" data-id=\"74b445b2\" data-element_type=\"column\">\n\t\t\t<div class=\"elementor-column-wrap\">\n\t\t\t\t\t\t\t<div class=\"elementor-widget-wrap\">\n\t\t\t\t\t\t\t\t<\/div>\n\t\t\t\t\t<\/div>\n\t\t<\/div>\n\t\t\t\t\t\t\t\t<\/div>\n\t\t\t\t\t<\/div>\n\t\t<\/section>\n\t\t\t\t<section class=\"elementor-section elementor-top-section elementor-element elementor-element-78d52271 elementor-section-boxed elementor-section-height-default elementor-section-height-default\" data-id=\"78d52271\" data-element_type=\"section\">\n\t\t\t\t\t\t<div class=\"elementor-container elementor-column-gap-default\">\n\t\t\t\t\t\t\t<div class=\"elementor-row\">\n\t\t\t\t\t<div class=\"elementor-column elementor-col-100 elementor-top-column elementor-element elementor-element-7b6ea9ad\" data-id=\"7b6ea9ad\" data-element_type=\"column\">\n\t\t\t<div class=\"elementor-column-wrap elementor-element-populated\">\n\t\t\t\t\t\t\t<div class=\"elementor-widget-wrap\">\n\t\t\t\t\t\t<div class=\"elementor-element elementor-element-1c856983 elementor-align-left elementor-widget elementor-widget-button\" data-id=\"1c856983\" data-element_type=\"widget\" data-widget_type=\"button.default\">\n\t\t\t\t<div class=\"elementor-widget-container\">\n\t\t\t\t\t<div class=\"elementor-button-wrapper\">\n\t\t\t<a href=\"https:\/\/goo.gl\/maps\/Qf8Er4TmdrrEw8k79\" target=\"_blank\" class=\"elementor-button-link elementor-button elementor-size-md\" role=\"button\">\n\t\t\t\t\t\t<span class=\"elementor-button-content-wrapper\">\n\t\t\t\t\t\t<span class=\"elementor-button-text\">How to get there (Google Maps)<\/span>\n\t\t<\/span>\n\t\t\t\t\t<\/a>\n\t\t<\/div>\n\t\t\t\t<\/div>\n\t\t\t\t<\/div>\n\t\t\t\t\t\t<\/div>\n\t\t\t\t\t<\/div>\n\t\t<\/div>\n\t\t\t\t\t\t\t\t<\/div>\n\t\t\t\t\t<\/div>\n\t\t<\/section>\n\t\t\t\t\t\t\t\t\t<\/div>\n\t\t\t<\/div>\n\t\t\t\t\t<\/div>","protected":false},"excerpt":{"rendered":"<p>Austr\u00e5ttborgen er et nasjonalmonument og en av Norges f\u00e5 renessanseslott. Da borgen ble bygget for kansler Over Bjelke i 1650-\u00e5rene hadde dette v\u00e6rt et herresete siden inngangen til kristen tid.\u00a0 P\u00e5 Austr\u00e5tt bodde ogs\u00e5 den ber\u00f8mte Ingerd Ottesdatter p\u00e5 1500-tallet, eller Fru Inger til Austr\u00e5tt som Ibsen kalte henne. Dykk [&hellip;]<\/p>","protected":false},"author":6,"featured_media":518429,"parent":0,"menu_order":0,"comment_status":"closed","ping_status":"closed","template":"","meta":{"ngg_post_thumbnail":0,"footnotes":""},"class_list":["post-518671","page","type-page","status-publish","has-post-thumbnail","hentry"],"yoast_head":"<!-- This site is optimized with the Yoast SEO plugin v26.8 - https:\/\/yoast.com\/product\/yoast-seo-wordpress\/ -->\n<title>Austr\u00e5ttborgen - \u00d8rland-TEKS-tmp<\/title>\n<meta name=\"description\" content=\"Gode bo- og jobbmuligheter, kort vei til skole, jobb og fritidsaktiviteter uansett hvor i kommunen du bor. Bredt og variert aktivitetstilbud for store og sm\u00e5. Flytt bedriften eller etabler ny n\u00e6ring p\u00e5 \u00d8rlandet. Kommunen har byggeklart n\u00e6ringsareal b\u00e5de til salgs og til leie.\" \/>\n<meta name=\"robots\" content=\"noindex, follow, max-snippet:-1, max-image-preview:large, max-video-preview:-1\" \/>\n<meta property=\"og:locale\" content=\"en_US\" \/>\n<meta property=\"og:type\" content=\"article\" \/>\n<meta property=\"og:title\" content=\"Austr\u00e5ttborgen - \u00d8rland-TEKS-tmp\" \/>\n<meta property=\"og:description\" content=\"Gode bo- og jobbmuligheter, kort vei til skole, jobb og fritidsaktiviteter uansett hvor i kommunen du bor. Bredt og variert aktivitetstilbud for store og sm\u00e5. Flytt bedriften eller etabler ny n\u00e6ring p\u00e5 \u00d8rlandet. Kommunen har byggeklart n\u00e6ringsareal b\u00e5de til salgs og til leie.\" \/>\n<meta property=\"og:url\" content=\"http:\/\/audun.teks.no\/en\/austrattborgen-2\/\" \/>\n<meta property=\"og:site_name\" content=\"\u00d8rland-TEKS-tmp\" \/>\n<meta property=\"article:modified_time\" content=\"2022-07-28T09:06:05+00:00\" \/>\n<meta property=\"og:image\" content=\"http:\/\/audun.teks.no\/wp-content\/uploads\/2020\/04\/Austra\u030attborgen-Daniel-10-scaled.jpg\" \/>\n\t<meta property=\"og:image:width\" content=\"2560\" \/>\n\t<meta property=\"og:image:height\" content=\"1707\" \/>\n\t<meta property=\"og:image:type\" content=\"image\/jpeg\" \/>\n<meta name=\"twitter:card\" content=\"summary_large_image\" \/>\n<meta name=\"twitter:label1\" content=\"Est. reading time\" \/>\n\t<meta name=\"twitter:data1\" content=\"2 minutes\" \/>\n<script type=\"application\/ld+json\" class=\"yoast-schema-graph\">{\"@context\":\"https:\/\/schema.org\",\"@graph\":[{\"@type\":\"WebPage\",\"@id\":\"http:\/\/audun.teks.no\/austrattborgen-2\/\",\"url\":\"http:\/\/audun.teks.no\/austrattborgen-2\/\",\"name\":\"Austr\u00e5ttborgen - \u00d8rland-TEKS-tmp\",\"isPartOf\":{\"@id\":\"http:\/\/audun.teks.no\/#website\"},\"primaryImageOfPage\":{\"@id\":\"http:\/\/audun.teks.no\/austrattborgen-2\/#primaryimage\"},\"image\":{\"@id\":\"http:\/\/audun.teks.no\/austrattborgen-2\/#primaryimage\"},\"thumbnailUrl\":\"http:\/\/audun.teks.no\/wp-content\/uploads\/2020\/04\/Austra\u030attborgen-Daniel-10-scaled.jpg\",\"datePublished\":\"2020-04-26T20:49:42+00:00\",\"dateModified\":\"2022-07-28T09:06:05+00:00\",\"description\":\"Gode bo- og jobbmuligheter, kort vei til skole, jobb og fritidsaktiviteter uansett hvor i kommunen du bor. Bredt og variert aktivitetstilbud for store og sm\u00e5. Flytt bedriften eller etabler ny n\u00e6ring p\u00e5 \u00d8rlandet. Kommunen har byggeklart n\u00e6ringsareal b\u00e5de til salgs og til leie.\",\"breadcrumb\":{\"@id\":\"http:\/\/audun.teks.no\/austrattborgen-2\/#breadcrumb\"},\"inLanguage\":\"en-US\",\"potentialAction\":[{\"@type\":\"ReadAction\",\"target\":[\"http:\/\/audun.teks.no\/austrattborgen-2\/\"]}]},{\"@type\":\"ImageObject\",\"inLanguage\":\"en-US\",\"@id\":\"http:\/\/audun.teks.no\/austrattborgen-2\/#primaryimage\",\"url\":\"http:\/\/audun.teks.no\/wp-content\/uploads\/2020\/04\/Austra\u030attborgen-Daniel-10-scaled.jpg\",\"contentUrl\":\"http:\/\/audun.teks.no\/wp-content\/uploads\/2020\/04\/Austra\u030attborgen-Daniel-10-scaled.jpg\",\"width\":2560,\"height\":1707},{\"@type\":\"BreadcrumbList\",\"@id\":\"http:\/\/audun.teks.no\/austrattborgen-2\/#breadcrumb\",\"itemListElement\":[{\"@type\":\"ListItem\",\"position\":1,\"name\":\"Hjem\",\"item\":\"http:\/\/audun.teks.no\/\"},{\"@type\":\"ListItem\",\"position\":2,\"name\":\"Austr\u00e5ttborgen\"}]},{\"@type\":\"WebSite\",\"@id\":\"http:\/\/audun.teks.no\/#website\",\"url\":\"http:\/\/audun.teks.no\/\",\"name\":\"\u00d8rland-TEKS-tmp\",\"description\":\"Velkommen til flotte kystopplevelser\",\"publisher\":{\"@id\":\"http:\/\/audun.teks.no\/#organization\"},\"potentialAction\":[{\"@type\":\"SearchAction\",\"target\":{\"@type\":\"EntryPoint\",\"urlTemplate\":\"http:\/\/audun.teks.no\/?s={search_term_string}\"},\"query-input\":{\"@type\":\"PropertyValueSpecification\",\"valueRequired\":true,\"valueName\":\"search_term_string\"}}],\"inLanguage\":\"en-US\"},{\"@type\":\"Organization\",\"@id\":\"http:\/\/audun.teks.no\/#organization\",\"name\":\"\u00d8rland\",\"url\":\"http:\/\/audun.teks.no\/\",\"logo\":{\"@type\":\"ImageObject\",\"inLanguage\":\"en-US\",\"@id\":\"http:\/\/audun.teks.no\/#\/schema\/logo\/image\/\",\"url\":\"http:\/\/audun.teks.no\/wp-content\/uploads\/2020\/04\/RORET-\u00d8rland-kulturforetak-KF.jpg\",\"contentUrl\":\"http:\/\/audun.teks.no\/wp-content\/uploads\/2020\/04\/RORET-\u00d8rland-kulturforetak-KF.jpg\",\"width\":1772,\"height\":969,\"caption\":\"\u00d8rland\"},\"image\":{\"@id\":\"http:\/\/audun.teks.no\/#\/schema\/logo\/image\/\"}}]}<\/script>\n<!-- \/ Yoast SEO plugin. -->","yoast_head_json":{"title":"Austr\u00e5ttborgen - \u00d8rland-TEKS-tmp","description":"Gode bo- og jobbmuligheter, kort vei til skole, jobb og fritidsaktiviteter uansett hvor i kommunen du bor. Bredt og variert aktivitetstilbud for store og sm\u00e5. Flytt bedriften eller etabler ny n\u00e6ring p\u00e5 \u00d8rlandet. Kommunen har byggeklart n\u00e6ringsareal b\u00e5de til salgs og til leie.","robots":{"index":"noindex","follow":"follow","max-snippet":"max-snippet:-1","max-image-preview":"max-image-preview:large","max-video-preview":"max-video-preview:-1"},"og_locale":"en_US","og_type":"article","og_title":"Austr\u00e5ttborgen - \u00d8rland-TEKS-tmp","og_description":"Gode bo- og jobbmuligheter, kort vei til skole, jobb og fritidsaktiviteter uansett hvor i kommunen du bor. Bredt og variert aktivitetstilbud for store og sm\u00e5. Flytt bedriften eller etabler ny n\u00e6ring p\u00e5 \u00d8rlandet. Kommunen har byggeklart n\u00e6ringsareal b\u00e5de til salgs og til leie.","og_url":"http:\/\/audun.teks.no\/en\/austrattborgen-2\/","og_site_name":"\u00d8rland-TEKS-tmp","article_modified_time":"2022-07-28T09:06:05+00:00","og_image":[{"width":2560,"height":1707,"url":"http:\/\/audun.teks.no\/wp-content\/uploads\/2020\/04\/Austra\u030attborgen-Daniel-10-scaled.jpg","type":"image\/jpeg"}],"twitter_card":"summary_large_image","twitter_misc":{"Est. reading time":"2 minutes"},"schema":{"@context":"https:\/\/schema.org","@graph":[{"@type":"WebPage","@id":"http:\/\/audun.teks.no\/austrattborgen-2\/","url":"http:\/\/audun.teks.no\/austrattborgen-2\/","name":"Austr\u00e5ttborgen - \u00d8rland-TEKS-tmp","isPartOf":{"@id":"http:\/\/audun.teks.no\/#website"},"primaryImageOfPage":{"@id":"http:\/\/audun.teks.no\/austrattborgen-2\/#primaryimage"},"image":{"@id":"http:\/\/audun.teks.no\/austrattborgen-2\/#primaryimage"},"thumbnailUrl":"http:\/\/audun.teks.no\/wp-content\/uploads\/2020\/04\/Austra\u030attborgen-Daniel-10-scaled.jpg","datePublished":"2020-04-26T20:49:42+00:00","dateModified":"2022-07-28T09:06:05+00:00","description":"Gode bo- og jobbmuligheter, kort vei til skole, jobb og fritidsaktiviteter uansett hvor i kommunen du bor. Bredt og variert aktivitetstilbud for store og sm\u00e5. Flytt bedriften eller etabler ny n\u00e6ring p\u00e5 \u00d8rlandet. Kommunen har byggeklart n\u00e6ringsareal b\u00e5de til salgs og til leie.","breadcrumb":{"@id":"http:\/\/audun.teks.no\/austrattborgen-2\/#breadcrumb"},"inLanguage":"en-US","potentialAction":[{"@type":"ReadAction","target":["http:\/\/audun.teks.no\/austrattborgen-2\/"]}]},{"@type":"ImageObject","inLanguage":"en-US","@id":"http:\/\/audun.teks.no\/austrattborgen-2\/#primaryimage","url":"http:\/\/audun.teks.no\/wp-content\/uploads\/2020\/04\/Austra\u030attborgen-Daniel-10-scaled.jpg","contentUrl":"http:\/\/audun.teks.no\/wp-content\/uploads\/2020\/04\/Austra\u030attborgen-Daniel-10-scaled.jpg","width":2560,"height":1707},{"@type":"BreadcrumbList","@id":"http:\/\/audun.teks.no\/austrattborgen-2\/#breadcrumb","itemListElement":[{"@type":"ListItem","position":1,"name":"Hjem","item":"http:\/\/audun.teks.no\/"},{"@type":"ListItem","position":2,"name":"Austr\u00e5ttborgen"}]},{"@type":"WebSite","@id":"http:\/\/audun.teks.no\/#website","url":"http:\/\/audun.teks.no\/","name":"\u00d8rland-TEKS-tmp","description":"Velkommen til flotte kystopplevelser","publisher":{"@id":"http:\/\/audun.teks.no\/#organization"},"potentialAction":[{"@type":"SearchAction","target":{"@type":"EntryPoint","urlTemplate":"http:\/\/audun.teks.no\/?s={search_term_string}"},"query-input":{"@type":"PropertyValueSpecification","valueRequired":true,"valueName":"search_term_string"}}],"inLanguage":"en-US"},{"@type":"Organization","@id":"http:\/\/audun.teks.no\/#organization","name":"\u00d8rland","url":"http:\/\/audun.teks.no\/","logo":{"@type":"ImageObject","inLanguage":"en-US","@id":"http:\/\/audun.teks.no\/#\/schema\/logo\/image\/","url":"http:\/\/audun.teks.no\/wp-content\/uploads\/2020\/04\/RORET-\u00d8rland-kulturforetak-KF.jpg","contentUrl":"http:\/\/audun.teks.no\/wp-content\/uploads\/2020\/04\/RORET-\u00d8rland-kulturforetak-KF.jpg","width":1772,"height":969,"caption":"\u00d8rland"},"image":{"@id":"http:\/\/audun.teks.no\/#\/schema\/logo\/image\/"}}]}},"acf":[],"_links":{"self":[{"href":"http:\/\/audun.teks.no\/en\/wp-json\/wp\/v2\/pages\/518671","targetHints":{"allow":["GET"]}}],"collection":[{"href":"http:\/\/audun.teks.no\/en\/wp-json\/wp\/v2\/pages"}],"about":[{"href":"http:\/\/audun.teks.no\/en\/wp-json\/wp\/v2\/types\/page"}],"author":[{"embeddable":true,"href":"http:\/\/audun.teks.no\/en\/wp-json\/wp\/v2\/users\/6"}],"replies":[{"embeddable":true,"href":"http:\/\/audun.teks.no\/en\/wp-json\/wp\/v2\/comments?post=518671"}],"version-history":[{"count":14,"href":"http:\/\/audun.teks.no\/en\/wp-json\/wp\/v2\/pages\/518671\/revisions"}],"predecessor-version":[{"id":521141,"href":"http:\/\/audun.teks.no\/en\/wp-json\/wp\/v2\/pages\/518671\/revisions\/521141"}],"wp:featuredmedia":[{"embeddable":true,"href":"http:\/\/audun.teks.no\/en\/wp-json\/wp\/v2\/media\/518429"}],"wp:attachment":[{"href":"http:\/\/audun.teks.no\/en\/wp-json\/wp\/v2\/media?parent=518671"}],"curies":[{"name":"wp","href":"https:\/\/api.w.org\/{rel}","templated":true}]}}