{"id":518633,"date":"2020-04-26T20:24:42","date_gmt":"2020-04-26T20:24:42","guid":{"rendered":"https:\/\/www.orland.no\/?page_id=518633"},"modified":"2020-05-19T13:58:07","modified_gmt":"2020-05-19T13:58:07","slug":"fuglesafari-pa-sykkel-rundtur","status":"publish","type":"page","link":"http:\/\/audun.teks.no\/en\/fuglesafari-pa-sykkel-rundtur\/","title":{"rendered":"Bird safari on bicycle - roundtrip"},"content":{"rendered":"<div data-elementor-type=\"wp-page\" data-elementor-id=\"518633\" class=\"elementor elementor-518633\">\n\t\t\t\t\t\t<div class=\"elementor-inner\">\n\t\t\t\t<div class=\"elementor-section-wrap\">\n\t\t\t\t\t\t\t\t\t<section class=\"elementor-section elementor-top-section elementor-element elementor-element-736ff144 elementor-section-boxed elementor-section-height-default elementor-section-height-default\" data-id=\"736ff144\" data-element_type=\"section\">\n\t\t\t\t\t\t<div class=\"elementor-container elementor-column-gap-default\">\n\t\t\t\t\t\t\t<div class=\"elementor-row\">\n\t\t\t\t\t<div class=\"elementor-column elementor-col-100 elementor-top-column elementor-element elementor-element-15e08056\" data-id=\"15e08056\" data-element_type=\"column\">\n\t\t\t<div class=\"elementor-column-wrap elementor-element-populated\">\n\t\t\t\t\t\t\t<div class=\"elementor-widget-wrap\">\n\t\t\t\t\t\t<div class=\"elementor-element elementor-element-6b0d30ff elementor-widget elementor-widget-text-editor\" data-id=\"6b0d30ff\" data-element_type=\"widget\" data-widget_type=\"text-editor.default\">\n\t\t\t\t<div class=\"elementor-widget-container\">\n\t\t\t\t\t\t\t\t<div class=\"elementor-text-editor elementor-clearfix\">\n\t\t\t\t<p>Experience the wetlands areas of \u00d8rland by bicycle. \u00d8rland has important feeding areas for migrating birds. The wetlands of Grandefj\u00e6ra has a 10 km (6 miles) long beach which is nesting grounds for the common eider, the red-breasted merganser, the common shelduck, , the common curlew, the northern lapwing, the common ringed plover, dunlin, ruff, black-headed gull, short-eared owl and twite.<\/p><p>Grandefj\u00e6ra nature preserve has bird observation posts in Grande, Ho\u00f8ya and R\u00f8nsholmen.<\/p><p>Be careful when hiking in the nature preserve -- particularly during nesting season.  Keep your dog on a leash and be aware of <a href=\"http:\/\/audun.teks.no\/en\/verneforskrifter\/\">rules and regulations<\/a> when you visit the area.<\/p>\t\t\t\t\t<\/div>\n\t\t\t\t\t\t<\/div>\n\t\t\t\t<\/div>\n\t\t\t\t\t\t<\/div>\n\t\t\t\t\t<\/div>\n\t\t<\/div>\n\t\t\t\t\t\t\t\t<\/div>\n\t\t\t\t\t<\/div>\n\t\t<\/section>\n\t\t\t\t<section class=\"elementor-section elementor-top-section elementor-element elementor-element-5e6e0957 elementor-section-boxed elementor-section-height-default elementor-section-height-default\" data-id=\"5e6e0957\" data-element_type=\"section\">\n\t\t\t\t\t\t<div class=\"elementor-container elementor-column-gap-default\">\n\t\t\t\t\t\t\t<div class=\"elementor-row\">\n\t\t\t\t\t<div class=\"elementor-column elementor-col-100 elementor-top-column elementor-element elementor-element-5485460e\" data-id=\"5485460e\" data-element_type=\"column\">\n\t\t\t<div class=\"elementor-column-wrap elementor-element-populated\">\n\t\t\t\t\t\t\t<div class=\"elementor-widget-wrap\">\n\t\t\t\t\t\t<div class=\"elementor-element elementor-element-6a3edd6b elementor-widget elementor-widget-spacer\" data-id=\"6a3edd6b\" data-element_type=\"widget\" data-widget_type=\"spacer.default\">\n\t\t\t\t<div class=\"elementor-widget-container\">\n\t\t\t\t\t<div class=\"elementor-spacer\">\n\t\t\t<div class=\"elementor-spacer-inner\"><\/div>\n\t\t<\/div>\n\t\t\t\t<\/div>\n\t\t\t\t<\/div>\n\t\t\t\t\t\t<\/div>\n\t\t\t\t\t<\/div>\n\t\t<\/div>\n\t\t\t\t\t\t\t\t<\/div>\n\t\t\t\t\t<\/div>\n\t\t<\/section>\n\t\t\t\t<section class=\"elementor-section elementor-top-section elementor-element elementor-element-27fe6b8b elementor-section-boxed elementor-section-height-default elementor-section-height-default\" data-id=\"27fe6b8b\" data-element_type=\"section\">\n\t\t\t\t\t\t<div class=\"elementor-container elementor-column-gap-default\">\n\t\t\t\t\t\t\t<div class=\"elementor-row\">\n\t\t\t\t\t<div class=\"elementor-column elementor-col-100 elementor-top-column elementor-element elementor-element-24fbdc67\" data-id=\"24fbdc67\" data-element_type=\"column\">\n\t\t\t<div class=\"elementor-column-wrap elementor-element-populated\">\n\t\t\t\t\t\t\t<div class=\"elementor-widget-wrap\">\n\t\t\t\t\t\t<div class=\"elementor-element elementor-element-7e1dcbb5 elementor-widget elementor-widget-heading\" data-id=\"7e1dcbb5\" data-element_type=\"widget\" data-widget_type=\"heading.default\">\n\t\t\t\t<div class=\"elementor-widget-container\">\n\t\t\t<h2 class=\"elementor-heading-title elementor-size-xl\">The route<\/h2>\t\t<\/div>\n\t\t\t\t<\/div>\n\t\t\t\t\t\t<\/div>\n\t\t\t\t\t<\/div>\n\t\t<\/div>\n\t\t\t\t\t\t\t\t<\/div>\n\t\t\t\t\t<\/div>\n\t\t<\/section>\n\t\t\t\t<section class=\"elementor-section elementor-top-section elementor-element elementor-element-6088dd20 elementor-section-boxed elementor-section-height-default elementor-section-height-default\" data-id=\"6088dd20\" data-element_type=\"section\">\n\t\t\t\t\t\t<div class=\"elementor-container elementor-column-gap-default\">\n\t\t\t\t\t\t\t<div class=\"elementor-row\">\n\t\t\t\t\t<div class=\"elementor-column elementor-col-50 elementor-top-column elementor-element elementor-element-27455250\" data-id=\"27455250\" data-element_type=\"column\">\n\t\t\t<div class=\"elementor-column-wrap elementor-element-populated\">\n\t\t\t\t\t\t\t<div class=\"elementor-widget-wrap\">\n\t\t\t\t\t\t<div class=\"elementor-element elementor-element-5cee3ae elementor-widget elementor-widget-text-editor\" data-id=\"5cee3ae\" data-element_type=\"widget\" data-widget_type=\"text-editor.default\">\n\t\t\t\t<div class=\"elementor-widget-container\">\n\t\t\t\t\t\t\t\t<div class=\"elementor-text-editor elementor-clearfix\">\n\t\t\t\t<p>Start from \u00d8rland Kultursenter. Take a left at the first intersection up Skolegata road. Take a left at the roundabout (you will see a very large barn on your left-hand side) and follow Fv 239 road. You will pass Hovde G\u00e5rd hotel on your left-hand side. After a while you will get to an area called Flatneset and the road follows the beach for about 5 km (3 miles). You will have a spectacular view of the Trondheim fjord. At the crossroad at Fv 240 you will take a left towards Garten. You will see the Grandefj\u00e6ra nature preserve west of the road. It is possible to get down to the beach in several ways, but it is important you pick one with a bridge crossing the canal. We recommend turning by Nordbakken about 1,65 km (1 mile) from the crossroad. Here you will see a wooden signpost saying \"Grandefj\u00e6ra Dyrkingslag kjentmannspost\" where you will take a right. Almost immediately there will be a fork in the gravel road and you will follow road straight ahead (don't take a left here as it is a dead end). About 100 meters (yards) further you can pick amongst the two paths as both have a bridge. When you arrive at the 2,5 km long dam you will have a good view over the nature preserve from Uthaug in the north to Garten in the south. You will also see the island of Storfosna with Storfosenfjellet mountain to the west. Within the dam there is 2500 decares of farmland that used to be wetlands. The area outside the dike is a protected nature reserve. You can bike along the dike and there are information posts along the path.<\/p><p>At the nature preseve you get close to the bird- and animal life from the amphiteather and bird observation post. The paths next to the dike is great for  for biking and hiking and you will find paved and gravel paths as well as more narrow footpaths in the preserve.<\/p><p>The route takes you west towards Brekstad. You will see \u00d8rland air force base on your left-hand side for about 2 km (1,25 miles) before you scale a small hill past which you will see \u00d8rland church on your left-hand side. Take a right at the round-about and continue down the mainstreet (Yrjars gt) of Brekstad until you have returned to your starting point by \u00d8rland kultursenter.\u00a0<\/p>\t\t\t\t\t<\/div>\n\t\t\t\t\t\t<\/div>\n\t\t\t\t<\/div>\n\t\t\t\t\t\t<\/div>\n\t\t\t\t\t<\/div>\n\t\t<\/div>\n\t\t\t\t<div class=\"elementor-column elementor-col-50 elementor-top-column elementor-element elementor-element-74b445b2\" data-id=\"74b445b2\" data-element_type=\"column\">\n\t\t\t<div class=\"elementor-column-wrap elementor-element-populated\">\n\t\t\t\t\t\t\t<div class=\"elementor-widget-wrap\">\n\t\t\t\t\t\t<div class=\"elementor-element elementor-element-8e24b1e elementor-widget elementor-widget-text-editor\" data-id=\"8e24b1e\" data-element_type=\"widget\" data-widget_type=\"text-editor.default\">\n\t\t\t\t<div class=\"elementor-widget-container\">\n\t\t\t\t\t\t\t\t<div class=\"elementor-text-editor elementor-clearfix\">\n\t\t\t\t<p data-ccp-props=\"{\" 335551550=\"\" :1=\"\" 335551620=\"\" 335559683=\"\" :0=\"\" 335559685=\"\" 335559731=\"\" 335559737=\"\" 335562764=\"\" :2=\"\" 335562765=\"\" 335562766=\"\" :4=\"\" 335562767=\"\" 335562768=\"\" 335562769=\"\"><strong>Practical information:<\/strong><\/p><p data-ccp-props=\"{\" 335551550=\"\" :1=\"\" 335551620=\"\" 335559683=\"\" :0=\"\" 335559685=\"\" 335559731=\"\" 335559737=\"\" 335562764=\"\" :2=\"\" 335562765=\"\" 335562766=\"\" :4=\"\" 335562767=\"\" 335562768=\"\" 335562769=\"\"><span data-usefontface=\"false\" data-contrast=\"none\">Child friendly<\/span><span>\u200b<\/span><\/p><p data-ccp-props=\"{\" 335551550=\"\" :1=\"\" 335551620=\"\" 335559683=\"\" :0=\"\" 335559685=\"\" 335559731=\"\" 335559737=\"\" 335562764=\"\" :2=\"\" 335562765=\"\" 335562766=\"\" :4=\"\" 335562767=\"\" 335562768=\"\" 335562769=\"\"><span data-usefontface=\"false\" data-contrast=\"none\">Many signposts available<\/span><span>\u200b<\/span><\/p><p data-ccp-props=\"{\" 335551550=\"\" :1=\"\" 335551620=\"\" 335559683=\"\" :0=\"\" 335559685=\"\" 335559731=\"\" 335559737=\"\" 335562764=\"\" :2=\"\" 335562765=\"\" 335562766=\"\" :4=\"\" 335562767=\"\" 335562768=\"\" 335562769=\"\"><span data-usefontface=\"false\" data-contrast=\"none\">Flat<\/span><span>\u200b<\/span><\/p>\t\t\t\t\t<\/div>\n\t\t\t\t\t\t<\/div>\n\t\t\t\t<\/div>\n\t\t\t\t\t\t<\/div>\n\t\t\t\t\t<\/div>\n\t\t<\/div>\n\t\t\t\t\t\t\t\t<\/div>\n\t\t\t\t\t<\/div>\n\t\t<\/section>\n\t\t\t\t<section class=\"elementor-section elementor-top-section elementor-element elementor-element-78d52271 elementor-section-boxed elementor-section-height-default elementor-section-height-default\" data-id=\"78d52271\" data-element_type=\"section\">\n\t\t\t\t\t\t<div class=\"elementor-container elementor-column-gap-default\">\n\t\t\t\t\t\t\t<div class=\"elementor-row\">\n\t\t\t\t\t<div class=\"elementor-column elementor-col-100 elementor-top-column elementor-element elementor-element-7b6ea9ad\" data-id=\"7b6ea9ad\" data-element_type=\"column\">\n\t\t\t<div class=\"elementor-column-wrap elementor-element-populated\">\n\t\t\t\t\t\t\t<div class=\"elementor-widget-wrap\">\n\t\t\t\t\t\t<div class=\"elementor-element elementor-element-1c856983 elementor-align-left elementor-widget elementor-widget-button\" data-id=\"1c856983\" data-element_type=\"widget\" data-widget_type=\"button.default\">\n\t\t\t\t<div class=\"elementor-widget-container\">\n\t\t\t\t\t<div class=\"elementor-button-wrapper\">\n\t\t\t<a href=\"https:\/\/drive.google.com\/open?id=1MR394DgfEIXS7G-_1gdnhY2zNmgNlfeo&#038;usp=sharing\" class=\"elementor-button-link elementor-button elementor-size-md\" role=\"button\">\n\t\t\t\t\t\t<span class=\"elementor-button-content-wrapper\">\n\t\t\t\t\t\t<span class=\"elementor-button-text\">How to get there (Google Maps)<\/span>\n\t\t<\/span>\n\t\t\t\t\t<\/a>\n\t\t<\/div>\n\t\t\t\t<\/div>\n\t\t\t\t<\/div>\n\t\t\t\t<div class=\"elementor-element elementor-element-4ac7538 elementor-align-left elementor-widget elementor-widget-button\" data-id=\"4ac7538\" data-element_type=\"widget\" data-widget_type=\"button.default\">\n\t\t\t\t<div class=\"elementor-widget-container\">\n\t\t\t\t\t<div class=\"elementor-button-wrapper\">\n\t\t\t<a href=\"http:\/\/audun.teks.no\/en\/fugleliv\/\" class=\"elementor-button-link elementor-button elementor-size-md\" role=\"button\">\n\t\t\t\t\t\t<span class=\"elementor-button-content-wrapper\">\n\t\t\t\t\t\t<span class=\"elementor-button-text\">More about birds<\/span>\n\t\t<\/span>\n\t\t\t\t\t<\/a>\n\t\t<\/div>\n\t\t\t\t<\/div>\n\t\t\t\t<\/div>\n\t\t\t\t\t\t<\/div>\n\t\t\t\t\t<\/div>\n\t\t<\/div>\n\t\t\t\t\t\t\t\t<\/div>\n\t\t\t\t\t<\/div>\n\t\t<\/section>\n\t\t\t\t<section class=\"elementor-section elementor-top-section elementor-element elementor-element-a46c654 elementor-section-boxed elementor-section-height-default elementor-section-height-default\" data-id=\"a46c654\" data-element_type=\"section\">\n\t\t\t\t\t\t<div class=\"elementor-container elementor-column-gap-default\">\n\t\t\t\t\t\t\t<div class=\"elementor-row\">\n\t\t\t\t\t<div class=\"elementor-column elementor-col-100 elementor-top-column elementor-element elementor-element-a8e6f3d\" data-id=\"a8e6f3d\" data-element_type=\"column\">\n\t\t\t<div class=\"elementor-column-wrap elementor-element-populated\">\n\t\t\t\t\t\t\t<div class=\"elementor-widget-wrap\">\n\t\t\t\t\t\t<div class=\"elementor-element elementor-element-1c51a62 elementor-widget elementor-widget-spacer\" data-id=\"1c51a62\" data-element_type=\"widget\" data-widget_type=\"spacer.default\">\n\t\t\t\t<div class=\"elementor-widget-container\">\n\t\t\t\t\t<div class=\"elementor-spacer\">\n\t\t\t<div class=\"elementor-spacer-inner\"><\/div>\n\t\t<\/div>\n\t\t\t\t<\/div>\n\t\t\t\t<\/div>\n\t\t\t\t\t\t<\/div>\n\t\t\t\t\t<\/div>\n\t\t<\/div>\n\t\t\t\t\t\t\t\t<\/div>\n\t\t\t\t\t<\/div>\n\t\t<\/section>\n\t\t\t\t\t\t\t\t\t<\/div>\n\t\t\t<\/div>\n\t\t\t\t\t<\/div>","protected":false},"excerpt":{"rendered":"<p>Opplev v\u00e5tmarksomr\u00e5dene i \u00d8rland p\u00e5 sykkel. \u00d8rland er viktige rasteplasser for trekkfugler. Grandefj\u00e6ra naturreservat har en strandlinje p\u00e5 10 km,\u200b og er hekkeomr\u00e5de for blant annet \u00e6rfugl, siland, gravand, storspove, vipe, sandlo, myrsnipe, brushane, hette m\u00e5ke, jordugle og bergirisk. \u200b Grandefj\u00e6ra naturreservat er spesielt tilrettelagt for fuglekikking, med utkikkspunkter p\u00e5 [&hellip;]<\/p>","protected":false},"author":6,"featured_media":686,"parent":0,"menu_order":0,"comment_status":"closed","ping_status":"closed","template":"","meta":{"ngg_post_thumbnail":0,"footnotes":""},"class_list":["post-518633","page","type-page","status-publish","has-post-thumbnail","hentry"],"yoast_head":"<!-- This site is optimized with the Yoast SEO plugin v26.8 - https:\/\/yoast.com\/product\/yoast-seo-wordpress\/ -->\n<title>Fuglesafari p\u00e5 sykkel - rundtur - \u00d8rland-TEKS-tmp<\/title>\n<meta name=\"description\" content=\"Gode bo- og jobbmuligheter, kort vei til skole, jobb og fritidsaktiviteter uansett hvor i kommunen du bor. Bredt og variert aktivitetstilbud for store og sm\u00e5. Flytt bedriften eller etabler ny n\u00e6ring p\u00e5 \u00d8rlandet. Kommunen har byggeklart n\u00e6ringsareal b\u00e5de til salgs og til leie.\" \/>\n<meta name=\"robots\" content=\"noindex, follow, max-snippet:-1, max-image-preview:large, max-video-preview:-1\" \/>\n<meta property=\"og:locale\" content=\"en_US\" \/>\n<meta property=\"og:type\" content=\"article\" \/>\n<meta property=\"og:title\" content=\"Fuglesafari p\u00e5 sykkel - rundtur - \u00d8rland-TEKS-tmp\" \/>\n<meta property=\"og:description\" content=\"Gode bo- og jobbmuligheter, kort vei til skole, jobb og fritidsaktiviteter uansett hvor i kommunen du bor. Bredt og variert aktivitetstilbud for store og sm\u00e5. Flytt bedriften eller etabler ny n\u00e6ring p\u00e5 \u00d8rlandet. Kommunen har byggeklart n\u00e6ringsareal b\u00e5de til salgs og til leie.\" \/>\n<meta property=\"og:url\" content=\"http:\/\/audun.teks.no\/en\/fuglesafari-pa-sykkel-rundtur\/\" \/>\n<meta property=\"og:site_name\" content=\"\u00d8rland-TEKS-tmp\" \/>\n<meta property=\"article:modified_time\" content=\"2020-05-19T13:58:07+00:00\" \/>\n<meta property=\"og:image\" content=\"http:\/\/audun.teks.no\/wp-content\/uploads\/2018\/03\/Grandefj\u00e6ra-1.jpg\" \/>\n\t<meta property=\"og:image:width\" content=\"1200\" \/>\n\t<meta property=\"og:image:height\" content=\"410\" \/>\n\t<meta property=\"og:image:type\" content=\"image\/jpeg\" \/>\n<meta name=\"twitter:card\" content=\"summary_large_image\" \/>\n<meta name=\"twitter:label1\" content=\"Est. reading time\" \/>\n\t<meta name=\"twitter:data1\" content=\"2 minutes\" \/>\n<script type=\"application\/ld+json\" class=\"yoast-schema-graph\">{\"@context\":\"https:\/\/schema.org\",\"@graph\":[{\"@type\":\"WebPage\",\"@id\":\"http:\/\/audun.teks.no\/en\/fuglesafari-pa-sykkel-rundtur\/\",\"url\":\"http:\/\/audun.teks.no\/en\/fuglesafari-pa-sykkel-rundtur\/\",\"name\":\"Fuglesafari p\u00e5 sykkel - rundtur - \u00d8rland-TEKS-tmp\",\"isPartOf\":{\"@id\":\"http:\/\/audun.teks.no\/#website\"},\"primaryImageOfPage\":{\"@id\":\"http:\/\/audun.teks.no\/en\/fuglesafari-pa-sykkel-rundtur\/#primaryimage\"},\"image\":{\"@id\":\"http:\/\/audun.teks.no\/en\/fuglesafari-pa-sykkel-rundtur\/#primaryimage\"},\"thumbnailUrl\":\"http:\/\/audun.teks.no\/wp-content\/uploads\/2018\/03\/Grandefj\u00e6ra-1.jpg\",\"datePublished\":\"2020-04-26T20:24:42+00:00\",\"dateModified\":\"2020-05-19T13:58:07+00:00\",\"description\":\"Gode bo- og jobbmuligheter, kort vei til skole, jobb og fritidsaktiviteter uansett hvor i kommunen du bor. Bredt og variert aktivitetstilbud for store og sm\u00e5. Flytt bedriften eller etabler ny n\u00e6ring p\u00e5 \u00d8rlandet. Kommunen har byggeklart n\u00e6ringsareal b\u00e5de til salgs og til leie.\",\"breadcrumb\":{\"@id\":\"http:\/\/audun.teks.no\/en\/fuglesafari-pa-sykkel-rundtur\/#breadcrumb\"},\"inLanguage\":\"en-US\",\"potentialAction\":[{\"@type\":\"ReadAction\",\"target\":[\"http:\/\/audun.teks.no\/en\/fuglesafari-pa-sykkel-rundtur\/\"]}]},{\"@type\":\"ImageObject\",\"inLanguage\":\"en-US\",\"@id\":\"http:\/\/audun.teks.no\/en\/fuglesafari-pa-sykkel-rundtur\/#primaryimage\",\"url\":\"http:\/\/audun.teks.no\/wp-content\/uploads\/2018\/03\/Grandefj\u00e6ra-1.jpg\",\"contentUrl\":\"http:\/\/audun.teks.no\/wp-content\/uploads\/2018\/03\/Grandefj\u00e6ra-1.jpg\",\"width\":1200,\"height\":410,\"caption\":\"Grande naturreservat\"},{\"@type\":\"BreadcrumbList\",\"@id\":\"http:\/\/audun.teks.no\/en\/fuglesafari-pa-sykkel-rundtur\/#breadcrumb\",\"itemListElement\":[{\"@type\":\"ListItem\",\"position\":1,\"name\":\"Hjem\",\"item\":\"http:\/\/audun.teks.no\/\"},{\"@type\":\"ListItem\",\"position\":2,\"name\":\"Fuglesafari p\u00e5 sykkel &#8211; rundtur\"}]},{\"@type\":\"WebSite\",\"@id\":\"http:\/\/audun.teks.no\/#website\",\"url\":\"http:\/\/audun.teks.no\/\",\"name\":\"\u00d8rland-TEKS-tmp\",\"description\":\"Velkommen til flotte kystopplevelser\",\"publisher\":{\"@id\":\"http:\/\/audun.teks.no\/#organization\"},\"potentialAction\":[{\"@type\":\"SearchAction\",\"target\":{\"@type\":\"EntryPoint\",\"urlTemplate\":\"http:\/\/audun.teks.no\/?s={search_term_string}\"},\"query-input\":{\"@type\":\"PropertyValueSpecification\",\"valueRequired\":true,\"valueName\":\"search_term_string\"}}],\"inLanguage\":\"en-US\"},{\"@type\":\"Organization\",\"@id\":\"http:\/\/audun.teks.no\/#organization\",\"name\":\"\u00d8rland\",\"url\":\"http:\/\/audun.teks.no\/\",\"logo\":{\"@type\":\"ImageObject\",\"inLanguage\":\"en-US\",\"@id\":\"http:\/\/audun.teks.no\/#\/schema\/logo\/image\/\",\"url\":\"http:\/\/audun.teks.no\/wp-content\/uploads\/2020\/04\/RORET-\u00d8rland-kulturforetak-KF.jpg\",\"contentUrl\":\"http:\/\/audun.teks.no\/wp-content\/uploads\/2020\/04\/RORET-\u00d8rland-kulturforetak-KF.jpg\",\"width\":1772,\"height\":969,\"caption\":\"\u00d8rland\"},\"image\":{\"@id\":\"http:\/\/audun.teks.no\/#\/schema\/logo\/image\/\"}}]}<\/script>\n<!-- \/ Yoast SEO plugin. -->","yoast_head_json":{"title":"Fuglesafari p\u00e5 sykkel - rundtur - \u00d8rland-TEKS-tmp","description":"Gode bo- og jobbmuligheter, kort vei til skole, jobb og fritidsaktiviteter uansett hvor i kommunen du bor. Bredt og variert aktivitetstilbud for store og sm\u00e5. Flytt bedriften eller etabler ny n\u00e6ring p\u00e5 \u00d8rlandet. Kommunen har byggeklart n\u00e6ringsareal b\u00e5de til salgs og til leie.","robots":{"index":"noindex","follow":"follow","max-snippet":"max-snippet:-1","max-image-preview":"max-image-preview:large","max-video-preview":"max-video-preview:-1"},"og_locale":"en_US","og_type":"article","og_title":"Fuglesafari p\u00e5 sykkel - rundtur - \u00d8rland-TEKS-tmp","og_description":"Gode bo- og jobbmuligheter, kort vei til skole, jobb og fritidsaktiviteter uansett hvor i kommunen du bor. Bredt og variert aktivitetstilbud for store og sm\u00e5. Flytt bedriften eller etabler ny n\u00e6ring p\u00e5 \u00d8rlandet. Kommunen har byggeklart n\u00e6ringsareal b\u00e5de til salgs og til leie.","og_url":"http:\/\/audun.teks.no\/en\/fuglesafari-pa-sykkel-rundtur\/","og_site_name":"\u00d8rland-TEKS-tmp","article_modified_time":"2020-05-19T13:58:07+00:00","og_image":[{"width":1200,"height":410,"url":"http:\/\/audun.teks.no\/wp-content\/uploads\/2018\/03\/Grandefj\u00e6ra-1.jpg","type":"image\/jpeg"}],"twitter_card":"summary_large_image","twitter_misc":{"Est. reading time":"2 minutes"},"schema":{"@context":"https:\/\/schema.org","@graph":[{"@type":"WebPage","@id":"http:\/\/audun.teks.no\/en\/fuglesafari-pa-sykkel-rundtur\/","url":"http:\/\/audun.teks.no\/en\/fuglesafari-pa-sykkel-rundtur\/","name":"Fuglesafari p\u00e5 sykkel - rundtur - \u00d8rland-TEKS-tmp","isPartOf":{"@id":"http:\/\/audun.teks.no\/#website"},"primaryImageOfPage":{"@id":"http:\/\/audun.teks.no\/en\/fuglesafari-pa-sykkel-rundtur\/#primaryimage"},"image":{"@id":"http:\/\/audun.teks.no\/en\/fuglesafari-pa-sykkel-rundtur\/#primaryimage"},"thumbnailUrl":"http:\/\/audun.teks.no\/wp-content\/uploads\/2018\/03\/Grandefj\u00e6ra-1.jpg","datePublished":"2020-04-26T20:24:42+00:00","dateModified":"2020-05-19T13:58:07+00:00","description":"Gode bo- og jobbmuligheter, kort vei til skole, jobb og fritidsaktiviteter uansett hvor i kommunen du bor. Bredt og variert aktivitetstilbud for store og sm\u00e5. Flytt bedriften eller etabler ny n\u00e6ring p\u00e5 \u00d8rlandet. Kommunen har byggeklart n\u00e6ringsareal b\u00e5de til salgs og til leie.","breadcrumb":{"@id":"http:\/\/audun.teks.no\/en\/fuglesafari-pa-sykkel-rundtur\/#breadcrumb"},"inLanguage":"en-US","potentialAction":[{"@type":"ReadAction","target":["http:\/\/audun.teks.no\/en\/fuglesafari-pa-sykkel-rundtur\/"]}]},{"@type":"ImageObject","inLanguage":"en-US","@id":"http:\/\/audun.teks.no\/en\/fuglesafari-pa-sykkel-rundtur\/#primaryimage","url":"http:\/\/audun.teks.no\/wp-content\/uploads\/2018\/03\/Grandefj\u00e6ra-1.jpg","contentUrl":"http:\/\/audun.teks.no\/wp-content\/uploads\/2018\/03\/Grandefj\u00e6ra-1.jpg","width":1200,"height":410,"caption":"Grande naturreservat"},{"@type":"BreadcrumbList","@id":"http:\/\/audun.teks.no\/en\/fuglesafari-pa-sykkel-rundtur\/#breadcrumb","itemListElement":[{"@type":"ListItem","position":1,"name":"Hjem","item":"http:\/\/audun.teks.no\/"},{"@type":"ListItem","position":2,"name":"Fuglesafari p\u00e5 sykkel &#8211; rundtur"}]},{"@type":"WebSite","@id":"http:\/\/audun.teks.no\/#website","url":"http:\/\/audun.teks.no\/","name":"\u00d8rland-TEKS-tmp","description":"Velkommen til flotte kystopplevelser","publisher":{"@id":"http:\/\/audun.teks.no\/#organization"},"potentialAction":[{"@type":"SearchAction","target":{"@type":"EntryPoint","urlTemplate":"http:\/\/audun.teks.no\/?s={search_term_string}"},"query-input":{"@type":"PropertyValueSpecification","valueRequired":true,"valueName":"search_term_string"}}],"inLanguage":"en-US"},{"@type":"Organization","@id":"http:\/\/audun.teks.no\/#organization","name":"\u00d8rland","url":"http:\/\/audun.teks.no\/","logo":{"@type":"ImageObject","inLanguage":"en-US","@id":"http:\/\/audun.teks.no\/#\/schema\/logo\/image\/","url":"http:\/\/audun.teks.no\/wp-content\/uploads\/2020\/04\/RORET-\u00d8rland-kulturforetak-KF.jpg","contentUrl":"http:\/\/audun.teks.no\/wp-content\/uploads\/2020\/04\/RORET-\u00d8rland-kulturforetak-KF.jpg","width":1772,"height":969,"caption":"\u00d8rland"},"image":{"@id":"http:\/\/audun.teks.no\/#\/schema\/logo\/image\/"}}]}},"acf":[],"_links":{"self":[{"href":"http:\/\/audun.teks.no\/en\/wp-json\/wp\/v2\/pages\/518633","targetHints":{"allow":["GET"]}}],"collection":[{"href":"http:\/\/audun.teks.no\/en\/wp-json\/wp\/v2\/pages"}],"about":[{"href":"http:\/\/audun.teks.no\/en\/wp-json\/wp\/v2\/types\/page"}],"author":[{"embeddable":true,"href":"http:\/\/audun.teks.no\/en\/wp-json\/wp\/v2\/users\/6"}],"replies":[{"embeddable":true,"href":"http:\/\/audun.teks.no\/en\/wp-json\/wp\/v2\/comments?post=518633"}],"version-history":[{"count":12,"href":"http:\/\/audun.teks.no\/en\/wp-json\/wp\/v2\/pages\/518633\/revisions"}],"predecessor-version":[{"id":519102,"href":"http:\/\/audun.teks.no\/en\/wp-json\/wp\/v2\/pages\/518633\/revisions\/519102"}],"wp:featuredmedia":[{"embeddable":true,"href":"http:\/\/audun.teks.no\/en\/wp-json\/wp\/v2\/media\/686"}],"wp:attachment":[{"href":"http:\/\/audun.teks.no\/en\/wp-json\/wp\/v2\/media?parent=518633"}],"curies":[{"name":"wp","href":"https:\/\/api.w.org\/{rel}","templated":true}]}}