{"id":518560,"date":"2020-04-26T18:33:14","date_gmt":"2020-04-26T18:33:14","guid":{"rendered":"https:\/\/www.orland.no\/?page_id=518560"},"modified":"2021-04-14T12:45:58","modified_gmt":"2021-04-14T12:45:58","slug":"austratt-fort","status":"publish","type":"page","link":"http:\/\/audun.teks.no\/en\/austratt-fort\/","title":{"rendered":"Austr\u00e5tt fort (WWII)"},"content":{"rendered":"<div data-elementor-type=\"wp-page\" data-elementor-id=\"518560\" class=\"elementor elementor-518560\">\n\t\t\t\t\t\t<div class=\"elementor-inner\">\n\t\t\t\t<div class=\"elementor-section-wrap\">\n\t\t\t\t\t\t\t\t\t<section class=\"elementor-section elementor-top-section elementor-element elementor-element-3dd570a1 elementor-section-boxed elementor-section-height-default elementor-section-height-default\" data-id=\"3dd570a1\" data-element_type=\"section\">\n\t\t\t\t\t\t<div class=\"elementor-container elementor-column-gap-default\">\n\t\t\t\t\t\t\t<div class=\"elementor-row\">\n\t\t\t\t\t<div class=\"elementor-column elementor-col-100 elementor-top-column elementor-element elementor-element-4e9996fa\" data-id=\"4e9996fa\" data-element_type=\"column\">\n\t\t\t<div class=\"elementor-column-wrap elementor-element-populated\">\n\t\t\t\t\t\t\t<div class=\"elementor-widget-wrap\">\n\t\t\t\t\t\t<div class=\"elementor-element elementor-element-617a156f elementor-widget elementor-widget-image\" data-id=\"617a156f\" data-element_type=\"widget\" data-widget_type=\"image.default\">\n\t\t\t\t<div class=\"elementor-widget-container\">\n\t\t\t\t\t\t\t\t<div class=\"elementor-image\">\n\t\t\t\t\t\t\t\t\t\t\t\t<img loading=\"lazy\" decoding=\"async\" width=\"750\" height=\"422\" src=\"http:\/\/audun.teks.no\/wp-content\/uploads\/2020\/04\/Austr\u00e5tt-Fort-3.-Gt-1024x576.jpg\" class=\"attachment-large size-large\" alt=\"\" srcset=\"http:\/\/audun.teks.no\/wp-content\/uploads\/2020\/04\/Austr\u00e5tt-Fort-3.-Gt-1024x576.jpg 1024w, http:\/\/audun.teks.no\/wp-content\/uploads\/2020\/04\/Austr\u00e5tt-Fort-3.-Gt-300x169.jpg 300w, http:\/\/audun.teks.no\/wp-content\/uploads\/2020\/04\/Austr\u00e5tt-Fort-3.-Gt-768x432.jpg 768w, http:\/\/audun.teks.no\/wp-content\/uploads\/2020\/04\/Austr\u00e5tt-Fort-3.-Gt-1536x864.jpg 1536w, http:\/\/audun.teks.no\/wp-content\/uploads\/2020\/04\/Austr\u00e5tt-Fort-3.-Gt-2048x1152.jpg 2048w\" sizes=\"auto, (max-width: 750px) 100vw, 750px\" \/>\t\t\t\t\t\t\t\t\t\t\t\t\t\t<\/div>\n\t\t\t\t\t\t<\/div>\n\t\t\t\t<\/div>\n\t\t\t\t\t\t<\/div>\n\t\t\t\t\t<\/div>\n\t\t<\/div>\n\t\t\t\t\t\t\t\t<\/div>\n\t\t\t\t\t<\/div>\n\t\t<\/section>\n\t\t\t\t<section class=\"elementor-section elementor-top-section elementor-element elementor-element-736ff144 elementor-section-boxed elementor-section-height-default elementor-section-height-default\" data-id=\"736ff144\" data-element_type=\"section\">\n\t\t\t\t\t\t<div class=\"elementor-container elementor-column-gap-default\">\n\t\t\t\t\t\t\t<div class=\"elementor-row\">\n\t\t\t\t\t<div class=\"elementor-column elementor-col-100 elementor-top-column elementor-element elementor-element-15e08056\" data-id=\"15e08056\" data-element_type=\"column\">\n\t\t\t<div class=\"elementor-column-wrap elementor-element-populated\">\n\t\t\t\t\t\t\t<div class=\"elementor-widget-wrap\">\n\t\t\t\t\t\t<div class=\"elementor-element elementor-element-6b0d30ff elementor-widget elementor-widget-text-editor\" data-id=\"6b0d30ff\" data-element_type=\"widget\" data-widget_type=\"text-editor.default\">\n\t\t\t\t<div class=\"elementor-widget-container\">\n\t\t\t\t\t\t\t\t<div class=\"elementor-text-editor elementor-clearfix\">\n\t\t\t\t<p>Austr\u00e5tt fort is a WWII disused coastal artillery fortification constructed by the occupying German forces. It contains a gigantic triple 28 cm turret with supporting systems 5 storeys underground. The fort had an important strategic location at the mouth of the Trondheim fjord.<\/p><p>The fort is today a museum. A guided trip, lasting about an hour, takes you underground to view the ammunition storage rooms, hospital, machine rooms, and barracks built to house several hundred soldiers.<\/p><p>As a part of the tour you will be able to view an exhibit showing items from the wartime occupation in the local area.<\/p><p>The German triple-turret, originally from the battleship Gneisenau was placed into the mountain top  by the occupying force between 1942 and 1944. About 70 Yugoslav prisoners of war died during the construction of the fort. About the same number died during escape attempts at the Austr\u00e5tt prison camp. This is the only remaining triple-turret of its kind.<\/p><p>The fort consists of close quarter defense, electrical generator, emergency generator, cooling system, heating system, barracks, mess hall, latrine, ammunition storage rooms, other storage rooms as well as corridors. The entrance is protected through a loophole in the steel  hatch. The canon is in a good condition. All machine parts are functional, but has been welded due to its current status as a museum.<\/p><p>The fort has regular opening hours during the summer season. It is also possible to schedule a tour at other times of the year by contacting \u00d8rland Kultursenter.<\/p><p>Opening hours <a href=\"https:\/\/orlandkultursenter.no\/austratt-fort\/\" target=\"_blank\" rel=\"noopener\">here<\/a><\/p>\t\t\t\t\t<\/div>\n\t\t\t\t\t\t<\/div>\n\t\t\t\t<\/div>\n\t\t\t\t\t\t<\/div>\n\t\t\t\t\t<\/div>\n\t\t<\/div>\n\t\t\t\t\t\t\t\t<\/div>\n\t\t\t\t\t<\/div>\n\t\t<\/section>\n\t\t\t\t<section class=\"elementor-section elementor-top-section elementor-element elementor-element-5e6e0957 elementor-section-boxed elementor-section-height-default elementor-section-height-default\" data-id=\"5e6e0957\" data-element_type=\"section\">\n\t\t\t\t\t\t<div class=\"elementor-container elementor-column-gap-default\">\n\t\t\t\t\t\t\t<div class=\"elementor-row\">\n\t\t\t\t\t<div class=\"elementor-column elementor-col-100 elementor-top-column elementor-element elementor-element-5485460e\" data-id=\"5485460e\" data-element_type=\"column\">\n\t\t\t<div class=\"elementor-column-wrap elementor-element-populated\">\n\t\t\t\t\t\t\t<div class=\"elementor-widget-wrap\">\n\t\t\t\t\t\t<div class=\"elementor-element elementor-element-6a3edd6b elementor-widget elementor-widget-spacer\" data-id=\"6a3edd6b\" data-element_type=\"widget\" data-widget_type=\"spacer.default\">\n\t\t\t\t<div class=\"elementor-widget-container\">\n\t\t\t\t\t<div class=\"elementor-spacer\">\n\t\t\t<div class=\"elementor-spacer-inner\"><\/div>\n\t\t<\/div>\n\t\t\t\t<\/div>\n\t\t\t\t<\/div>\n\t\t\t\t\t\t<\/div>\n\t\t\t\t\t<\/div>\n\t\t<\/div>\n\t\t\t\t\t\t\t\t<\/div>\n\t\t\t\t\t<\/div>\n\t\t<\/section>\n\t\t\t\t<section class=\"elementor-section elementor-top-section elementor-element elementor-element-78d52271 elementor-section-boxed elementor-section-height-default elementor-section-height-default\" data-id=\"78d52271\" data-element_type=\"section\">\n\t\t\t\t\t\t<div class=\"elementor-container elementor-column-gap-default\">\n\t\t\t\t\t\t\t<div class=\"elementor-row\">\n\t\t\t\t\t<div class=\"elementor-column elementor-col-100 elementor-top-column elementor-element elementor-element-7b6ea9ad\" data-id=\"7b6ea9ad\" data-element_type=\"column\">\n\t\t\t<div class=\"elementor-column-wrap elementor-element-populated\">\n\t\t\t\t\t\t\t<div class=\"elementor-widget-wrap\">\n\t\t\t\t\t\t<div class=\"elementor-element elementor-element-1c856983 elementor-align-left elementor-widget elementor-widget-button\" data-id=\"1c856983\" data-element_type=\"widget\" data-widget_type=\"button.default\">\n\t\t\t\t<div class=\"elementor-widget-container\">\n\t\t\t\t\t<div class=\"elementor-button-wrapper\">\n\t\t\t<a href=\"https:\/\/goo.gl\/maps\/cB8S2QuAvSHzAkrY9\" target=\"_blank\" class=\"elementor-button-link elementor-button elementor-size-md\" role=\"button\">\n\t\t\t\t\t\t<span class=\"elementor-button-content-wrapper\">\n\t\t\t\t\t\t<span class=\"elementor-button-text\">How to get there (Google Maps)<\/span>\n\t\t<\/span>\n\t\t\t\t\t<\/a>\n\t\t<\/div>\n\t\t\t\t<\/div>\n\t\t\t\t<\/div>\n\t\t\t\t\t\t<\/div>\n\t\t\t\t\t<\/div>\n\t\t<\/div>\n\t\t\t\t\t\t\t\t<\/div>\n\t\t\t\t\t<\/div>\n\t\t<\/section>\n\t\t\t\t\t\t\t\t\t<\/div>\n\t\t\t<\/div>\n\t\t\t\t\t<\/div>","protected":false},"excerpt":{"rendered":"<p>Austr\u00e5tt Fort er et tidligere tysk festningsanlegg med et gigantisk kanont\u00e5rn i fem etasjer. Dette anlegget hadde en viktig strategisk plassering ved innl\u00f8pet til Trondheimsfjorden. Anlegget er i dag et museum. En guidet tur p\u00e5 i underkant av en time tar deg med under jorda, hvor du kan du oppleve [&hellip;]<\/p>","protected":false},"author":6,"featured_media":518444,"parent":0,"menu_order":0,"comment_status":"closed","ping_status":"closed","template":"","meta":{"ngg_post_thumbnail":0,"footnotes":""},"class_list":["post-518560","page","type-page","status-publish","has-post-thumbnail","hentry"],"yoast_head":"<!-- This site is optimized with the Yoast SEO plugin v26.8 - https:\/\/yoast.com\/product\/yoast-seo-wordpress\/ -->\n<title>Austr\u00e5tt fort - \u00d8rland-TEKS-tmp<\/title>\n<meta name=\"description\" content=\"Gode bo- og jobbmuligheter, kort vei til skole, jobb og fritidsaktiviteter uansett hvor i kommunen du bor. Bredt og variert aktivitetstilbud for store og sm\u00e5. Flytt bedriften eller etabler ny n\u00e6ring p\u00e5 \u00d8rlandet. Kommunen har byggeklart n\u00e6ringsareal b\u00e5de til salgs og til leie.\" \/>\n<meta name=\"robots\" content=\"noindex, follow, max-snippet:-1, max-image-preview:large, max-video-preview:-1\" \/>\n<meta property=\"og:locale\" content=\"en_US\" \/>\n<meta property=\"og:type\" content=\"article\" \/>\n<meta property=\"og:title\" content=\"Austr\u00e5tt fort - \u00d8rland-TEKS-tmp\" \/>\n<meta property=\"og:description\" content=\"Gode bo- og jobbmuligheter, kort vei til skole, jobb og fritidsaktiviteter uansett hvor i kommunen du bor. Bredt og variert aktivitetstilbud for store og sm\u00e5. Flytt bedriften eller etabler ny n\u00e6ring p\u00e5 \u00d8rlandet. Kommunen har byggeklart n\u00e6ringsareal b\u00e5de til salgs og til leie.\" \/>\n<meta property=\"og:url\" content=\"http:\/\/audun.teks.no\/en\/austratt-fort\/\" \/>\n<meta property=\"og:site_name\" content=\"\u00d8rland-TEKS-tmp\" \/>\n<meta property=\"article:modified_time\" content=\"2021-04-14T12:45:58+00:00\" \/>\n<meta property=\"og:image\" content=\"http:\/\/audun.teks.no\/wp-content\/uploads\/2020\/04\/Austr\u00e5tt-fort.-GT-scaled.jpg\" \/>\n\t<meta property=\"og:image:width\" content=\"2560\" \/>\n\t<meta property=\"og:image:height\" content=\"2560\" \/>\n\t<meta property=\"og:image:type\" content=\"image\/jpeg\" \/>\n<meta name=\"twitter:card\" content=\"summary_large_image\" \/>\n<meta name=\"twitter:label1\" content=\"Est. reading time\" \/>\n\t<meta name=\"twitter:data1\" content=\"1 minute\" \/>\n<script type=\"application\/ld+json\" class=\"yoast-schema-graph\">{\"@context\":\"https:\/\/schema.org\",\"@graph\":[{\"@type\":\"WebPage\",\"@id\":\"http:\/\/audun.teks.no\/austratt-fort\/\",\"url\":\"http:\/\/audun.teks.no\/austratt-fort\/\",\"name\":\"Austr\u00e5tt fort - \u00d8rland-TEKS-tmp\",\"isPartOf\":{\"@id\":\"http:\/\/audun.teks.no\/#website\"},\"primaryImageOfPage\":{\"@id\":\"http:\/\/audun.teks.no\/austratt-fort\/#primaryimage\"},\"image\":{\"@id\":\"http:\/\/audun.teks.no\/austratt-fort\/#primaryimage\"},\"thumbnailUrl\":\"http:\/\/audun.teks.no\/wp-content\/uploads\/2020\/04\/Austr\u00e5tt-fort.-GT-scaled.jpg\",\"datePublished\":\"2020-04-26T18:33:14+00:00\",\"dateModified\":\"2021-04-14T12:45:58+00:00\",\"description\":\"Gode bo- og jobbmuligheter, kort vei til skole, jobb og fritidsaktiviteter uansett hvor i kommunen du bor. Bredt og variert aktivitetstilbud for store og sm\u00e5. Flytt bedriften eller etabler ny n\u00e6ring p\u00e5 \u00d8rlandet. Kommunen har byggeklart n\u00e6ringsareal b\u00e5de til salgs og til leie.\",\"breadcrumb\":{\"@id\":\"http:\/\/audun.teks.no\/austratt-fort\/#breadcrumb\"},\"inLanguage\":\"en-US\",\"potentialAction\":[{\"@type\":\"ReadAction\",\"target\":[\"http:\/\/audun.teks.no\/austratt-fort\/\"]}]},{\"@type\":\"ImageObject\",\"inLanguage\":\"en-US\",\"@id\":\"http:\/\/audun.teks.no\/austratt-fort\/#primaryimage\",\"url\":\"http:\/\/audun.teks.no\/wp-content\/uploads\/2020\/04\/Austr\u00e5tt-fort.-GT-scaled.jpg\",\"contentUrl\":\"http:\/\/audun.teks.no\/wp-content\/uploads\/2020\/04\/Austr\u00e5tt-fort.-GT-scaled.jpg\",\"width\":2560,\"height\":2560},{\"@type\":\"BreadcrumbList\",\"@id\":\"http:\/\/audun.teks.no\/austratt-fort\/#breadcrumb\",\"itemListElement\":[{\"@type\":\"ListItem\",\"position\":1,\"name\":\"Hjem\",\"item\":\"http:\/\/audun.teks.no\/\"},{\"@type\":\"ListItem\",\"position\":2,\"name\":\"Austr\u00e5tt fort\"}]},{\"@type\":\"WebSite\",\"@id\":\"http:\/\/audun.teks.no\/#website\",\"url\":\"http:\/\/audun.teks.no\/\",\"name\":\"\u00d8rland-TEKS-tmp\",\"description\":\"Velkommen til flotte kystopplevelser\",\"publisher\":{\"@id\":\"http:\/\/audun.teks.no\/#organization\"},\"potentialAction\":[{\"@type\":\"SearchAction\",\"target\":{\"@type\":\"EntryPoint\",\"urlTemplate\":\"http:\/\/audun.teks.no\/?s={search_term_string}\"},\"query-input\":{\"@type\":\"PropertyValueSpecification\",\"valueRequired\":true,\"valueName\":\"search_term_string\"}}],\"inLanguage\":\"en-US\"},{\"@type\":\"Organization\",\"@id\":\"http:\/\/audun.teks.no\/#organization\",\"name\":\"\u00d8rland\",\"url\":\"http:\/\/audun.teks.no\/\",\"logo\":{\"@type\":\"ImageObject\",\"inLanguage\":\"en-US\",\"@id\":\"http:\/\/audun.teks.no\/#\/schema\/logo\/image\/\",\"url\":\"http:\/\/audun.teks.no\/wp-content\/uploads\/2020\/04\/RORET-\u00d8rland-kulturforetak-KF.jpg\",\"contentUrl\":\"http:\/\/audun.teks.no\/wp-content\/uploads\/2020\/04\/RORET-\u00d8rland-kulturforetak-KF.jpg\",\"width\":1772,\"height\":969,\"caption\":\"\u00d8rland\"},\"image\":{\"@id\":\"http:\/\/audun.teks.no\/#\/schema\/logo\/image\/\"}}]}<\/script>\n<!-- \/ Yoast SEO plugin. -->","yoast_head_json":{"title":"Austr\u00e5tt fort - \u00d8rland-TEKS-tmp","description":"Gode bo- og jobbmuligheter, kort vei til skole, jobb og fritidsaktiviteter uansett hvor i kommunen du bor. Bredt og variert aktivitetstilbud for store og sm\u00e5. Flytt bedriften eller etabler ny n\u00e6ring p\u00e5 \u00d8rlandet. Kommunen har byggeklart n\u00e6ringsareal b\u00e5de til salgs og til leie.","robots":{"index":"noindex","follow":"follow","max-snippet":"max-snippet:-1","max-image-preview":"max-image-preview:large","max-video-preview":"max-video-preview:-1"},"og_locale":"en_US","og_type":"article","og_title":"Austr\u00e5tt fort - \u00d8rland-TEKS-tmp","og_description":"Gode bo- og jobbmuligheter, kort vei til skole, jobb og fritidsaktiviteter uansett hvor i kommunen du bor. Bredt og variert aktivitetstilbud for store og sm\u00e5. Flytt bedriften eller etabler ny n\u00e6ring p\u00e5 \u00d8rlandet. Kommunen har byggeklart n\u00e6ringsareal b\u00e5de til salgs og til leie.","og_url":"http:\/\/audun.teks.no\/en\/austratt-fort\/","og_site_name":"\u00d8rland-TEKS-tmp","article_modified_time":"2021-04-14T12:45:58+00:00","og_image":[{"width":2560,"height":2560,"url":"http:\/\/audun.teks.no\/wp-content\/uploads\/2020\/04\/Austr\u00e5tt-fort.-GT-scaled.jpg","type":"image\/jpeg"}],"twitter_card":"summary_large_image","twitter_misc":{"Est. reading time":"1 minute"},"schema":{"@context":"https:\/\/schema.org","@graph":[{"@type":"WebPage","@id":"http:\/\/audun.teks.no\/austratt-fort\/","url":"http:\/\/audun.teks.no\/austratt-fort\/","name":"Austr\u00e5tt fort - \u00d8rland-TEKS-tmp","isPartOf":{"@id":"http:\/\/audun.teks.no\/#website"},"primaryImageOfPage":{"@id":"http:\/\/audun.teks.no\/austratt-fort\/#primaryimage"},"image":{"@id":"http:\/\/audun.teks.no\/austratt-fort\/#primaryimage"},"thumbnailUrl":"http:\/\/audun.teks.no\/wp-content\/uploads\/2020\/04\/Austr\u00e5tt-fort.-GT-scaled.jpg","datePublished":"2020-04-26T18:33:14+00:00","dateModified":"2021-04-14T12:45:58+00:00","description":"Gode bo- og jobbmuligheter, kort vei til skole, jobb og fritidsaktiviteter uansett hvor i kommunen du bor. Bredt og variert aktivitetstilbud for store og sm\u00e5. Flytt bedriften eller etabler ny n\u00e6ring p\u00e5 \u00d8rlandet. Kommunen har byggeklart n\u00e6ringsareal b\u00e5de til salgs og til leie.","breadcrumb":{"@id":"http:\/\/audun.teks.no\/austratt-fort\/#breadcrumb"},"inLanguage":"en-US","potentialAction":[{"@type":"ReadAction","target":["http:\/\/audun.teks.no\/austratt-fort\/"]}]},{"@type":"ImageObject","inLanguage":"en-US","@id":"http:\/\/audun.teks.no\/austratt-fort\/#primaryimage","url":"http:\/\/audun.teks.no\/wp-content\/uploads\/2020\/04\/Austr\u00e5tt-fort.-GT-scaled.jpg","contentUrl":"http:\/\/audun.teks.no\/wp-content\/uploads\/2020\/04\/Austr\u00e5tt-fort.-GT-scaled.jpg","width":2560,"height":2560},{"@type":"BreadcrumbList","@id":"http:\/\/audun.teks.no\/austratt-fort\/#breadcrumb","itemListElement":[{"@type":"ListItem","position":1,"name":"Hjem","item":"http:\/\/audun.teks.no\/"},{"@type":"ListItem","position":2,"name":"Austr\u00e5tt fort"}]},{"@type":"WebSite","@id":"http:\/\/audun.teks.no\/#website","url":"http:\/\/audun.teks.no\/","name":"\u00d8rland-TEKS-tmp","description":"Velkommen til flotte kystopplevelser","publisher":{"@id":"http:\/\/audun.teks.no\/#organization"},"potentialAction":[{"@type":"SearchAction","target":{"@type":"EntryPoint","urlTemplate":"http:\/\/audun.teks.no\/?s={search_term_string}"},"query-input":{"@type":"PropertyValueSpecification","valueRequired":true,"valueName":"search_term_string"}}],"inLanguage":"en-US"},{"@type":"Organization","@id":"http:\/\/audun.teks.no\/#organization","name":"\u00d8rland","url":"http:\/\/audun.teks.no\/","logo":{"@type":"ImageObject","inLanguage":"en-US","@id":"http:\/\/audun.teks.no\/#\/schema\/logo\/image\/","url":"http:\/\/audun.teks.no\/wp-content\/uploads\/2020\/04\/RORET-\u00d8rland-kulturforetak-KF.jpg","contentUrl":"http:\/\/audun.teks.no\/wp-content\/uploads\/2020\/04\/RORET-\u00d8rland-kulturforetak-KF.jpg","width":1772,"height":969,"caption":"\u00d8rland"},"image":{"@id":"http:\/\/audun.teks.no\/#\/schema\/logo\/image\/"}}]}},"acf":[],"_links":{"self":[{"href":"http:\/\/audun.teks.no\/en\/wp-json\/wp\/v2\/pages\/518560","targetHints":{"allow":["GET"]}}],"collection":[{"href":"http:\/\/audun.teks.no\/en\/wp-json\/wp\/v2\/pages"}],"about":[{"href":"http:\/\/audun.teks.no\/en\/wp-json\/wp\/v2\/types\/page"}],"author":[{"embeddable":true,"href":"http:\/\/audun.teks.no\/en\/wp-json\/wp\/v2\/users\/6"}],"replies":[{"embeddable":true,"href":"http:\/\/audun.teks.no\/en\/wp-json\/wp\/v2\/comments?post=518560"}],"version-history":[{"count":15,"href":"http:\/\/audun.teks.no\/en\/wp-json\/wp\/v2\/pages\/518560\/revisions"}],"predecessor-version":[{"id":520536,"href":"http:\/\/audun.teks.no\/en\/wp-json\/wp\/v2\/pages\/518560\/revisions\/520536"}],"wp:featuredmedia":[{"embeddable":true,"href":"http:\/\/audun.teks.no\/en\/wp-json\/wp\/v2\/media\/518444"}],"wp:attachment":[{"href":"http:\/\/audun.teks.no\/en\/wp-json\/wp\/v2\/media?parent=518560"}],"curies":[{"name":"wp","href":"https:\/\/api.w.org\/{rel}","templated":true}]}}