{"id":518531,"date":"2020-04-26T18:01:24","date_gmt":"2020-04-26T18:01:24","guid":{"rendered":"https:\/\/www.orland.no\/?page_id=518531"},"modified":"2020-11-17T11:12:45","modified_gmt":"2020-11-17T11:12:45","slug":"fugleliv","status":"publish","type":"page","link":"http:\/\/audun.teks.no\/en\/fugleliv\/","title":{"rendered":"Birdwatching\/Birding"},"content":{"rendered":"<div data-elementor-type=\"wp-page\" data-elementor-id=\"518531\" class=\"elementor elementor-518531\">\n\t\t\t\t\t\t<div class=\"elementor-inner\">\n\t\t\t\t<div class=\"elementor-section-wrap\">\n\t\t\t\t\t\t\t\t\t<section class=\"elementor-section elementor-top-section elementor-element elementor-element-7fd6eac6 elementor-section-boxed elementor-section-height-default elementor-section-height-default\" data-id=\"7fd6eac6\" data-element_type=\"section\">\n\t\t\t\t\t\t<div class=\"elementor-container elementor-column-gap-default\">\n\t\t\t\t\t\t\t<div class=\"elementor-row\">\n\t\t\t\t\t<div class=\"elementor-column elementor-col-100 elementor-top-column elementor-element elementor-element-1c998857\" data-id=\"1c998857\" data-element_type=\"column\">\n\t\t\t<div class=\"elementor-column-wrap elementor-element-populated\">\n\t\t\t\t\t\t\t<div class=\"elementor-widget-wrap\">\n\t\t\t\t\t\t<div class=\"elementor-element elementor-element-60bfc5ce elementor-widget elementor-widget-text-editor\" data-id=\"60bfc5ce\" data-element_type=\"widget\" data-widget_type=\"text-editor.default\">\n\t\t\t\t<div class=\"elementor-widget-container\">\n\t\t\t\t\t\t\t\t<div class=\"elementor-text-editor elementor-clearfix\">\n\t\t\t\t<p>\u00d8rland has one of the largest protected wetlands areas in Norway. Due to its location and availability of feed, it is a natural stopover for migrating birds. Since it is an area of international significance it has become an attractive destination for birders. The municipality has four protected areas (Ramsar-convention of 1983) totaling 30 km2. Additional non-protected locations are also worth visiting. The areas are in close proximity to each other and easily available by bike or car.<\/p><p>Take care to walk carefully when visiting - especially during the nesting season. Keep your dogs on a leash. Follow the <a href=\"http:\/\/audun.teks.no\/en\/verneforskrifter\/\">rules and regulations<\/a>!<\/p>\t\t\t\t\t<\/div>\n\t\t\t\t\t\t<\/div>\n\t\t\t\t<\/div>\n\t\t\t\t\t\t<\/div>\n\t\t\t\t\t<\/div>\n\t\t<\/div>\n\t\t\t\t\t\t\t\t<\/div>\n\t\t\t\t\t<\/div>\n\t\t<\/section>\n\t\t\t\t<section class=\"elementor-section elementor-top-section elementor-element elementor-element-4a5d5f09 elementor-section-boxed elementor-section-height-default elementor-section-height-default\" data-id=\"4a5d5f09\" data-element_type=\"section\">\n\t\t\t\t\t\t<div class=\"elementor-container elementor-column-gap-default\">\n\t\t\t\t\t\t\t<div class=\"elementor-row\">\n\t\t\t\t\t<div class=\"elementor-column elementor-col-50 elementor-top-column elementor-element elementor-element-1fce84e9\" data-id=\"1fce84e9\" data-element_type=\"column\">\n\t\t\t<div class=\"elementor-column-wrap elementor-element-populated\">\n\t\t\t\t\t\t\t<div class=\"elementor-widget-wrap\">\n\t\t\t\t\t\t<div class=\"elementor-element elementor-element-48e97c3 elementor-align-justify image-button1 elementor-widget elementor-widget-button\" data-id=\"48e97c3\" data-element_type=\"widget\" data-widget_type=\"button.default\">\n\t\t\t\t<div class=\"elementor-widget-container\">\n\t\t\t\t\t<div class=\"elementor-button-wrapper\">\n\t\t\t<a href=\"http:\/\/audun.teks.no\/en\/fugleliv-var\/\" class=\"elementor-button-link elementor-button elementor-size-sm\" role=\"button\">\n\t\t\t\t\t\t<span class=\"elementor-button-content-wrapper\">\n\t\t\t\t\t\t<span class=\"elementor-button-text\">Spring<\/span>\n\t\t<\/span>\n\t\t\t\t\t<\/a>\n\t\t<\/div>\n\t\t\t\t<\/div>\n\t\t\t\t<\/div>\n\t\t\t\t\t\t<\/div>\n\t\t\t\t\t<\/div>\n\t\t<\/div>\n\t\t\t\t<div class=\"elementor-column elementor-col-50 elementor-top-column elementor-element elementor-element-29d6c463\" data-id=\"29d6c463\" data-element_type=\"column\">\n\t\t\t<div class=\"elementor-column-wrap elementor-element-populated\">\n\t\t\t\t\t\t\t<div class=\"elementor-widget-wrap\">\n\t\t\t\t\t\t<div class=\"elementor-element elementor-element-6d1283ac elementor-align-justify image-button1 elementor-widget elementor-widget-button\" data-id=\"6d1283ac\" data-element_type=\"widget\" data-widget_type=\"button.default\">\n\t\t\t\t<div class=\"elementor-widget-container\">\n\t\t\t\t\t<div class=\"elementor-button-wrapper\">\n\t\t\t<a href=\"http:\/\/audun.teks.no\/en\/fugleliv-sommer\/\" class=\"elementor-button-link elementor-button elementor-size-sm\" role=\"button\">\n\t\t\t\t\t\t<span class=\"elementor-button-content-wrapper\">\n\t\t\t\t\t\t<span class=\"elementor-button-text\">Summer<\/span>\n\t\t<\/span>\n\t\t\t\t\t<\/a>\n\t\t<\/div>\n\t\t\t\t<\/div>\n\t\t\t\t<\/div>\n\t\t\t\t\t\t<\/div>\n\t\t\t\t\t<\/div>\n\t\t<\/div>\n\t\t\t\t\t\t\t\t<\/div>\n\t\t\t\t\t<\/div>\n\t\t<\/section>\n\t\t\t\t<section class=\"elementor-section elementor-top-section elementor-element elementor-element-7df40898 elementor-section-boxed elementor-section-height-default elementor-section-height-default\" data-id=\"7df40898\" data-element_type=\"section\">\n\t\t\t\t\t\t<div class=\"elementor-container elementor-column-gap-default\">\n\t\t\t\t\t\t\t<div class=\"elementor-row\">\n\t\t\t\t\t<div class=\"elementor-column elementor-col-50 elementor-top-column elementor-element elementor-element-2219128a\" data-id=\"2219128a\" data-element_type=\"column\">\n\t\t\t<div class=\"elementor-column-wrap elementor-element-populated\">\n\t\t\t\t\t\t\t<div class=\"elementor-widget-wrap\">\n\t\t\t\t\t\t<div class=\"elementor-element elementor-element-11fa805b elementor-align-justify image-button1 elementor-widget elementor-widget-button\" data-id=\"11fa805b\" data-element_type=\"widget\" data-widget_type=\"button.default\">\n\t\t\t\t<div class=\"elementor-widget-container\">\n\t\t\t\t\t<div class=\"elementor-button-wrapper\">\n\t\t\t<a href=\"http:\/\/audun.teks.no\/en\/fugleliv-host\/\" class=\"elementor-button-link elementor-button elementor-size-sm\" role=\"button\">\n\t\t\t\t\t\t<span class=\"elementor-button-content-wrapper\">\n\t\t\t\t\t\t<span class=\"elementor-button-text\">Fall \/ Autumn<\/span>\n\t\t<\/span>\n\t\t\t\t\t<\/a>\n\t\t<\/div>\n\t\t\t\t<\/div>\n\t\t\t\t<\/div>\n\t\t\t\t\t\t<\/div>\n\t\t\t\t\t<\/div>\n\t\t<\/div>\n\t\t\t\t<div class=\"elementor-column elementor-col-50 elementor-top-column elementor-element elementor-element-7705c53f\" data-id=\"7705c53f\" data-element_type=\"column\">\n\t\t\t<div class=\"elementor-column-wrap elementor-element-populated\">\n\t\t\t\t\t\t\t<div class=\"elementor-widget-wrap\">\n\t\t\t\t\t\t<div class=\"elementor-element elementor-element-1c8bedc elementor-align-justify image-button1 elementor-widget elementor-widget-button\" data-id=\"1c8bedc\" data-element_type=\"widget\" data-widget_type=\"button.default\">\n\t\t\t\t<div class=\"elementor-widget-container\">\n\t\t\t\t\t<div class=\"elementor-button-wrapper\">\n\t\t\t<a href=\"http:\/\/audun.teks.no\/en\/fugleliv-vinter\/\" class=\"elementor-button-link elementor-button elementor-size-sm\" role=\"button\">\n\t\t\t\t\t\t<span class=\"elementor-button-content-wrapper\">\n\t\t\t\t\t\t<span class=\"elementor-button-text\">Winter<\/span>\n\t\t<\/span>\n\t\t\t\t\t<\/a>\n\t\t<\/div>\n\t\t\t\t<\/div>\n\t\t\t\t<\/div>\n\t\t\t\t\t\t<\/div>\n\t\t\t\t\t<\/div>\n\t\t<\/div>\n\t\t\t\t\t\t\t\t<\/div>\n\t\t\t\t\t<\/div>\n\t\t<\/section>\n\t\t\t\t<section class=\"elementor-section elementor-top-section elementor-element elementor-element-c9502fc elementor-section-boxed elementor-section-height-default elementor-section-height-default\" data-id=\"c9502fc\" data-element_type=\"section\">\n\t\t\t\t\t\t<div class=\"elementor-container elementor-column-gap-default\">\n\t\t\t\t\t\t\t<div class=\"elementor-row\">\n\t\t\t\t\t<div class=\"elementor-column elementor-col-100 elementor-top-column elementor-element elementor-element-20f8229\" data-id=\"20f8229\" data-element_type=\"column\">\n\t\t\t<div class=\"elementor-column-wrap elementor-element-populated\">\n\t\t\t\t\t\t\t<div class=\"elementor-widget-wrap\">\n\t\t\t\t\t\t<div class=\"elementor-element elementor-element-36d4c95 elementor-widget elementor-widget-image\" data-id=\"36d4c95\" data-element_type=\"widget\" data-widget_type=\"image.default\">\n\t\t\t\t<div class=\"elementor-widget-container\">\n\t\t\t\t\t\t\t\t<div class=\"elementor-image\">\n\t\t\t\t\t\t\t\t\t\t\t\t\t<a href=\"https:\/\/www.facebook.com\/orlandnasjonalevatmarkssenter\/\" target=\"_blank\">\n\t\t\t\t\t\t\t<img loading=\"lazy\" decoding=\"async\" width=\"300\" height=\"25\" src=\"http:\/\/audun.teks.no\/wp-content\/uploads\/2020\/04\/NN_Bes\u00f8kssenter_v\u00e5tmark_\u00f8rland_norsk-lang-penn-300x25.png\" class=\"attachment-medium size-medium\" alt=\"\" srcset=\"http:\/\/audun.teks.no\/wp-content\/uploads\/2020\/04\/NN_Bes\u00f8kssenter_v\u00e5tmark_\u00f8rland_norsk-lang-penn-300x25.png 300w, http:\/\/audun.teks.no\/wp-content\/uploads\/2020\/04\/NN_Bes\u00f8kssenter_v\u00e5tmark_\u00f8rland_norsk-lang-penn-768x63.png 768w, http:\/\/audun.teks.no\/wp-content\/uploads\/2020\/04\/NN_Bes\u00f8kssenter_v\u00e5tmark_\u00f8rland_norsk-lang-penn.png 814w\" sizes=\"auto, (max-width: 300px) 100vw, 300px\" \/>\t\t\t\t\t\t\t\t<\/a>\n\t\t\t\t\t\t\t\t\t\t\t\t\t\t<\/div>\n\t\t\t\t\t\t<\/div>\n\t\t\t\t<\/div>\n\t\t\t\t\t\t<\/div>\n\t\t\t\t\t<\/div>\n\t\t<\/div>\n\t\t\t\t\t\t\t\t<\/div>\n\t\t\t\t\t<\/div>\n\t\t<\/section>\n\t\t\t\t\t\t\t\t\t<\/div>\n\t\t\t<\/div>\n\t\t\t\t\t<\/div>","protected":false},"excerpt":{"rendered":"<p>\u00d8rland er trekkfuglenes Sinsenkryss! Tidevannslandskapet er et av landets viktigste v\u00e5tmarksomr\u00e5der. \u00d8rland er trekkfuglenes naturlige stoppested, f\u00f8r de fortsetter sin lange ferd videre &#8211; p\u00e5 jakt etter mat og hekkeplasser. Dette gj\u00f8r omr\u00e5det til et internasjonalt betydningsfullt og attraktivt reisem\u00e5l innen fugleturisme. Kommunen har fire store omr\u00e5der som ble vernet [&hellip;]<\/p>","protected":false},"author":5,"featured_media":518541,"parent":0,"menu_order":0,"comment_status":"closed","ping_status":"closed","template":"","meta":{"ngg_post_thumbnail":0,"footnotes":""},"class_list":["post-518531","page","type-page","status-publish","has-post-thumbnail","hentry"],"yoast_head":"<!-- This site is optimized with the Yoast SEO plugin v26.8 - https:\/\/yoast.com\/product\/yoast-seo-wordpress\/ -->\n<title>Fugleliv - \u00d8rland-TEKS-tmp<\/title>\n<meta name=\"description\" content=\"\u00d8rland er trekkfuglenes Sinsenkryss! Tidevannslandskapet er et av landets viktigste v\u00e5tmarksomr\u00e5der. \u00d8rland er trekkfuglenes naturlige stoppested, f\u00f8r de fortsetter sin lange ferd videre - p\u00e5 jakt etter mat og hekkeplasser. Dette gj\u00f8r omr\u00e5det til et internasjonalt betydningsfullt og attraktivt reisem\u00e5l innen fugleturisme.\" \/>\n<meta name=\"robots\" content=\"noindex, follow, max-snippet:-1, max-image-preview:large, max-video-preview:-1\" \/>\n<meta property=\"og:locale\" content=\"en_US\" \/>\n<meta property=\"og:type\" content=\"article\" \/>\n<meta property=\"og:title\" content=\"Fugleliv - \u00d8rland-TEKS-tmp\" \/>\n<meta property=\"og:description\" content=\"\u00d8rland er trekkfuglenes Sinsenkryss! Tidevannslandskapet er et av landets viktigste v\u00e5tmarksomr\u00e5der. \u00d8rland er trekkfuglenes naturlige stoppested, f\u00f8r de fortsetter sin lange ferd videre - p\u00e5 jakt etter mat og hekkeplasser. Dette gj\u00f8r omr\u00e5det til et internasjonalt betydningsfullt og attraktivt reisem\u00e5l innen fugleturisme.\" \/>\n<meta property=\"og:url\" content=\"http:\/\/audun.teks.no\/en\/fugleliv\/\" \/>\n<meta property=\"og:site_name\" content=\"\u00d8rland-TEKS-tmp\" \/>\n<meta property=\"article:modified_time\" content=\"2020-11-17T11:12:45+00:00\" \/>\n<meta property=\"og:image\" content=\"http:\/\/audun.teks.no\/wp-content\/uploads\/2020\/04\/DSC_1725.jpg\" \/>\n\t<meta property=\"og:image:width\" content=\"1400\" \/>\n\t<meta property=\"og:image:height\" content=\"935\" \/>\n\t<meta property=\"og:image:type\" content=\"image\/jpeg\" \/>\n<meta name=\"twitter:card\" content=\"summary_large_image\" \/>\n<meta name=\"twitter:label1\" content=\"Est. reading time\" \/>\n\t<meta name=\"twitter:data1\" content=\"1 minute\" \/>\n<script type=\"application\/ld+json\" class=\"yoast-schema-graph\">{\"@context\":\"https:\/\/schema.org\",\"@graph\":[{\"@type\":\"WebPage\",\"@id\":\"http:\/\/audun.teks.no\/en\/fugleliv\/\",\"url\":\"http:\/\/audun.teks.no\/en\/fugleliv\/\",\"name\":\"Fugleliv - \u00d8rland-TEKS-tmp\",\"isPartOf\":{\"@id\":\"http:\/\/audun.teks.no\/#website\"},\"primaryImageOfPage\":{\"@id\":\"http:\/\/audun.teks.no\/en\/fugleliv\/#primaryimage\"},\"image\":{\"@id\":\"http:\/\/audun.teks.no\/en\/fugleliv\/#primaryimage\"},\"thumbnailUrl\":\"http:\/\/audun.teks.no\/wp-content\/uploads\/2020\/04\/DSC_1725.jpg\",\"datePublished\":\"2020-04-26T18:01:24+00:00\",\"dateModified\":\"2020-11-17T11:12:45+00:00\",\"description\":\"\u00d8rland er trekkfuglenes Sinsenkryss! Tidevannslandskapet er et av landets viktigste v\u00e5tmarksomr\u00e5der. \u00d8rland er trekkfuglenes naturlige stoppested, f\u00f8r de fortsetter sin lange ferd videre - p\u00e5 jakt etter mat og hekkeplasser. Dette gj\u00f8r omr\u00e5det til et internasjonalt betydningsfullt og attraktivt reisem\u00e5l innen fugleturisme.\",\"breadcrumb\":{\"@id\":\"http:\/\/audun.teks.no\/en\/fugleliv\/#breadcrumb\"},\"inLanguage\":\"en-US\",\"potentialAction\":[{\"@type\":\"ReadAction\",\"target\":[\"http:\/\/audun.teks.no\/en\/fugleliv\/\"]}]},{\"@type\":\"ImageObject\",\"inLanguage\":\"en-US\",\"@id\":\"http:\/\/audun.teks.no\/en\/fugleliv\/#primaryimage\",\"url\":\"http:\/\/audun.teks.no\/wp-content\/uploads\/2020\/04\/DSC_1725.jpg\",\"contentUrl\":\"http:\/\/audun.teks.no\/wp-content\/uploads\/2020\/04\/DSC_1725.jpg\",\"width\":1400,\"height\":935},{\"@type\":\"BreadcrumbList\",\"@id\":\"http:\/\/audun.teks.no\/en\/fugleliv\/#breadcrumb\",\"itemListElement\":[{\"@type\":\"ListItem\",\"position\":1,\"name\":\"Hjem\",\"item\":\"http:\/\/audun.teks.no\/\"},{\"@type\":\"ListItem\",\"position\":2,\"name\":\"Fugleliv\"}]},{\"@type\":\"WebSite\",\"@id\":\"http:\/\/audun.teks.no\/#website\",\"url\":\"http:\/\/audun.teks.no\/\",\"name\":\"\u00d8rland-TEKS-tmp\",\"description\":\"Velkommen til flotte kystopplevelser\",\"publisher\":{\"@id\":\"http:\/\/audun.teks.no\/#organization\"},\"potentialAction\":[{\"@type\":\"SearchAction\",\"target\":{\"@type\":\"EntryPoint\",\"urlTemplate\":\"http:\/\/audun.teks.no\/?s={search_term_string}\"},\"query-input\":{\"@type\":\"PropertyValueSpecification\",\"valueRequired\":true,\"valueName\":\"search_term_string\"}}],\"inLanguage\":\"en-US\"},{\"@type\":\"Organization\",\"@id\":\"http:\/\/audun.teks.no\/#organization\",\"name\":\"\u00d8rland\",\"url\":\"http:\/\/audun.teks.no\/\",\"logo\":{\"@type\":\"ImageObject\",\"inLanguage\":\"en-US\",\"@id\":\"http:\/\/audun.teks.no\/#\/schema\/logo\/image\/\",\"url\":\"http:\/\/audun.teks.no\/wp-content\/uploads\/2020\/04\/RORET-\u00d8rland-kulturforetak-KF.jpg\",\"contentUrl\":\"http:\/\/audun.teks.no\/wp-content\/uploads\/2020\/04\/RORET-\u00d8rland-kulturforetak-KF.jpg\",\"width\":1772,\"height\":969,\"caption\":\"\u00d8rland\"},\"image\":{\"@id\":\"http:\/\/audun.teks.no\/#\/schema\/logo\/image\/\"}}]}<\/script>\n<!-- \/ Yoast SEO plugin. -->","yoast_head_json":{"title":"Fugleliv - \u00d8rland-TEKS-tmp","description":"\u00d8rland er trekkfuglenes Sinsenkryss! Tidevannslandskapet er et av landets viktigste v\u00e5tmarksomr\u00e5der. \u00d8rland er trekkfuglenes naturlige stoppested, f\u00f8r de fortsetter sin lange ferd videre - p\u00e5 jakt etter mat og hekkeplasser. Dette gj\u00f8r omr\u00e5det til et internasjonalt betydningsfullt og attraktivt reisem\u00e5l innen fugleturisme.","robots":{"index":"noindex","follow":"follow","max-snippet":"max-snippet:-1","max-image-preview":"max-image-preview:large","max-video-preview":"max-video-preview:-1"},"og_locale":"en_US","og_type":"article","og_title":"Fugleliv - \u00d8rland-TEKS-tmp","og_description":"\u00d8rland er trekkfuglenes Sinsenkryss! Tidevannslandskapet er et av landets viktigste v\u00e5tmarksomr\u00e5der. \u00d8rland er trekkfuglenes naturlige stoppested, f\u00f8r de fortsetter sin lange ferd videre - p\u00e5 jakt etter mat og hekkeplasser. Dette gj\u00f8r omr\u00e5det til et internasjonalt betydningsfullt og attraktivt reisem\u00e5l innen fugleturisme.","og_url":"http:\/\/audun.teks.no\/en\/fugleliv\/","og_site_name":"\u00d8rland-TEKS-tmp","article_modified_time":"2020-11-17T11:12:45+00:00","og_image":[{"width":1400,"height":935,"url":"http:\/\/audun.teks.no\/wp-content\/uploads\/2020\/04\/DSC_1725.jpg","type":"image\/jpeg"}],"twitter_card":"summary_large_image","twitter_misc":{"Est. reading time":"1 minute"},"schema":{"@context":"https:\/\/schema.org","@graph":[{"@type":"WebPage","@id":"http:\/\/audun.teks.no\/en\/fugleliv\/","url":"http:\/\/audun.teks.no\/en\/fugleliv\/","name":"Fugleliv - \u00d8rland-TEKS-tmp","isPartOf":{"@id":"http:\/\/audun.teks.no\/#website"},"primaryImageOfPage":{"@id":"http:\/\/audun.teks.no\/en\/fugleliv\/#primaryimage"},"image":{"@id":"http:\/\/audun.teks.no\/en\/fugleliv\/#primaryimage"},"thumbnailUrl":"http:\/\/audun.teks.no\/wp-content\/uploads\/2020\/04\/DSC_1725.jpg","datePublished":"2020-04-26T18:01:24+00:00","dateModified":"2020-11-17T11:12:45+00:00","description":"\u00d8rland er trekkfuglenes Sinsenkryss! Tidevannslandskapet er et av landets viktigste v\u00e5tmarksomr\u00e5der. \u00d8rland er trekkfuglenes naturlige stoppested, f\u00f8r de fortsetter sin lange ferd videre - p\u00e5 jakt etter mat og hekkeplasser. Dette gj\u00f8r omr\u00e5det til et internasjonalt betydningsfullt og attraktivt reisem\u00e5l innen fugleturisme.","breadcrumb":{"@id":"http:\/\/audun.teks.no\/en\/fugleliv\/#breadcrumb"},"inLanguage":"en-US","potentialAction":[{"@type":"ReadAction","target":["http:\/\/audun.teks.no\/en\/fugleliv\/"]}]},{"@type":"ImageObject","inLanguage":"en-US","@id":"http:\/\/audun.teks.no\/en\/fugleliv\/#primaryimage","url":"http:\/\/audun.teks.no\/wp-content\/uploads\/2020\/04\/DSC_1725.jpg","contentUrl":"http:\/\/audun.teks.no\/wp-content\/uploads\/2020\/04\/DSC_1725.jpg","width":1400,"height":935},{"@type":"BreadcrumbList","@id":"http:\/\/audun.teks.no\/en\/fugleliv\/#breadcrumb","itemListElement":[{"@type":"ListItem","position":1,"name":"Hjem","item":"http:\/\/audun.teks.no\/"},{"@type":"ListItem","position":2,"name":"Fugleliv"}]},{"@type":"WebSite","@id":"http:\/\/audun.teks.no\/#website","url":"http:\/\/audun.teks.no\/","name":"\u00d8rland-TEKS-tmp","description":"Velkommen til flotte kystopplevelser","publisher":{"@id":"http:\/\/audun.teks.no\/#organization"},"potentialAction":[{"@type":"SearchAction","target":{"@type":"EntryPoint","urlTemplate":"http:\/\/audun.teks.no\/?s={search_term_string}"},"query-input":{"@type":"PropertyValueSpecification","valueRequired":true,"valueName":"search_term_string"}}],"inLanguage":"en-US"},{"@type":"Organization","@id":"http:\/\/audun.teks.no\/#organization","name":"\u00d8rland","url":"http:\/\/audun.teks.no\/","logo":{"@type":"ImageObject","inLanguage":"en-US","@id":"http:\/\/audun.teks.no\/#\/schema\/logo\/image\/","url":"http:\/\/audun.teks.no\/wp-content\/uploads\/2020\/04\/RORET-\u00d8rland-kulturforetak-KF.jpg","contentUrl":"http:\/\/audun.teks.no\/wp-content\/uploads\/2020\/04\/RORET-\u00d8rland-kulturforetak-KF.jpg","width":1772,"height":969,"caption":"\u00d8rland"},"image":{"@id":"http:\/\/audun.teks.no\/#\/schema\/logo\/image\/"}}]}},"acf":[],"_links":{"self":[{"href":"http:\/\/audun.teks.no\/en\/wp-json\/wp\/v2\/pages\/518531","targetHints":{"allow":["GET"]}}],"collection":[{"href":"http:\/\/audun.teks.no\/en\/wp-json\/wp\/v2\/pages"}],"about":[{"href":"http:\/\/audun.teks.no\/en\/wp-json\/wp\/v2\/types\/page"}],"author":[{"embeddable":true,"href":"http:\/\/audun.teks.no\/en\/wp-json\/wp\/v2\/users\/5"}],"replies":[{"embeddable":true,"href":"http:\/\/audun.teks.no\/en\/wp-json\/wp\/v2\/comments?post=518531"}],"version-history":[{"count":25,"href":"http:\/\/audun.teks.no\/en\/wp-json\/wp\/v2\/pages\/518531\/revisions"}],"predecessor-version":[{"id":519671,"href":"http:\/\/audun.teks.no\/en\/wp-json\/wp\/v2\/pages\/518531\/revisions\/519671"}],"wp:featuredmedia":[{"embeddable":true,"href":"http:\/\/audun.teks.no\/en\/wp-json\/wp\/v2\/media\/518541"}],"wp:attachment":[{"href":"http:\/\/audun.teks.no\/en\/wp-json\/wp\/v2\/media?parent=518531"}],"curies":[{"name":"wp","href":"https:\/\/api.w.org\/{rel}","templated":true}]}}