{"id":518474,"date":"2020-04-26T17:09:31","date_gmt":"2020-04-26T17:09:31","guid":{"rendered":"https:\/\/www.orland.no\/?page_id=518474"},"modified":"2022-08-08T10:45:59","modified_gmt":"2022-08-08T10:45:59","slug":"tarva","status":"publish","type":"page","link":"http:\/\/audun.teks.no\/en\/tarva\/","title":{"rendered":"Bicycling Tarva"},"content":{"rendered":"<div data-elementor-type=\"wp-page\" data-elementor-id=\"518474\" class=\"elementor elementor-518474\">\n\t\t\t\t\t\t<div class=\"elementor-inner\">\n\t\t\t\t<div class=\"elementor-section-wrap\">\n\t\t\t\t\t\t\t\t\t<section class=\"elementor-section elementor-top-section elementor-element elementor-element-1d12dc2 elementor-section-boxed elementor-section-height-default elementor-section-height-default\" data-id=\"1d12dc2\" data-element_type=\"section\">\n\t\t\t\t\t\t<div class=\"elementor-container elementor-column-gap-default\">\n\t\t\t\t\t\t\t<div class=\"elementor-row\">\n\t\t\t\t\t<div class=\"elementor-column elementor-col-100 elementor-top-column elementor-element elementor-element-4dc8a72\" data-id=\"4dc8a72\" data-element_type=\"column\">\n\t\t\t<div class=\"elementor-column-wrap elementor-element-populated\">\n\t\t\t\t\t\t\t<div class=\"elementor-widget-wrap\">\n\t\t\t\t\t\t<div class=\"elementor-element elementor-element-9c69479 elementor-widget elementor-widget-image\" data-id=\"9c69479\" data-element_type=\"widget\" data-widget_type=\"image.default\">\n\t\t\t\t<div class=\"elementor-widget-container\">\n\t\t\t\t\t\t\t\t<div class=\"elementor-image\">\n\t\t\t\t\t\t\t\t\t\t\t\t<img loading=\"lazy\" decoding=\"async\" width=\"750\" height=\"394\" src=\"http:\/\/audun.teks.no\/wp-content\/uploads\/2020\/04\/20200419_113701-Kopi-2-1024x538.jpg\" class=\"attachment-large size-large\" alt=\"\" srcset=\"http:\/\/audun.teks.no\/wp-content\/uploads\/2020\/04\/20200419_113701-Kopi-2-1024x538.jpg 1024w, http:\/\/audun.teks.no\/wp-content\/uploads\/2020\/04\/20200419_113701-Kopi-2-300x158.jpg 300w, http:\/\/audun.teks.no\/wp-content\/uploads\/2020\/04\/20200419_113701-Kopi-2-768x403.jpg 768w, http:\/\/audun.teks.no\/wp-content\/uploads\/2020\/04\/20200419_113701-Kopi-2-1536x807.jpg 1536w, http:\/\/audun.teks.no\/wp-content\/uploads\/2020\/04\/20200419_113701-Kopi-2-2048x1076.jpg 2048w\" sizes=\"auto, (max-width: 750px) 100vw, 750px\" \/>\t\t\t\t\t\t\t\t\t\t\t\t\t\t<\/div>\n\t\t\t\t\t\t<\/div>\n\t\t\t\t<\/div>\n\t\t\t\t\t\t<\/div>\n\t\t\t\t\t<\/div>\n\t\t<\/div>\n\t\t\t\t\t\t\t\t<\/div>\n\t\t\t\t\t<\/div>\n\t\t<\/section>\n\t\t\t\t<section class=\"elementor-section elementor-top-section elementor-element elementor-element-5dbf7f00 elementor-section-stretched elementor-section-boxed elementor-section-height-default elementor-section-height-default\" data-id=\"5dbf7f00\" data-element_type=\"section\" data-settings=\"{&quot;stretch_section&quot;:&quot;section-stretched&quot;}\">\n\t\t\t\t\t\t<div class=\"elementor-container elementor-column-gap-default\">\n\t\t\t\t\t\t\t<div class=\"elementor-row\">\n\t\t\t\t\t<div class=\"elementor-column elementor-col-100 elementor-top-column elementor-element elementor-element-5f15ddd3\" data-id=\"5f15ddd3\" data-element_type=\"column\">\n\t\t\t<div class=\"elementor-column-wrap elementor-element-populated\">\n\t\t\t\t\t\t\t<div class=\"elementor-widget-wrap\">\n\t\t\t\t\t\t<div class=\"elementor-element elementor-element-373b2d7d elementor-widget__width-inherit elementor-widget elementor-widget-text-editor\" data-id=\"373b2d7d\" data-element_type=\"widget\" data-widget_type=\"text-editor.default\">\n\t\t\t\t<div class=\"elementor-widget-container\">\n\t\t\t\t\t\t\t\t<div class=\"elementor-text-editor elementor-clearfix\">\n\t\t\t\t<p>The Tarva archipelago provides a magical coastal experience. This is a child friendly bicycle trip in scenic surroundings. The archipelago is protected and has several sites with remains from the WWII occupation of the area. The total land area of the islands is only 14 square km (5.4 sq. miles) where Hus\u00f8ya island is the largest and contributes about half of the area. The island is void of trees and is a rich bird habitat. The island is inhabited and the main occupation is sheep farming. The coastal moorland has been used as year-round grazing for 4000 years. The special landscape combined with WWII remnants, archeological sites and a rich flora makes a trip here more than worthwile.<\/p><p>The air force maintains a shooting range on a closed off area of the islands. It is important to stay on the road both due to the possibilty of military excercises as well as not to disturb nesting birds.<\/p><p>There are several beautiful picnic spots so pack food and drink and experience the fantastic nature and history of the archipelago of Tarva.<\/p><p>There's a good possibility that you will spot White-tailed eagles during your visit.<\/p>\t\t\t\t\t<\/div>\n\t\t\t\t\t\t<\/div>\n\t\t\t\t<\/div>\n\t\t\t\t\t\t<\/div>\n\t\t\t\t\t<\/div>\n\t\t<\/div>\n\t\t\t\t\t\t\t\t<\/div>\n\t\t\t\t\t<\/div>\n\t\t<\/section>\n\t\t\t\t<section class=\"elementor-section elementor-top-section elementor-element elementor-element-53d28d4 elementor-section-boxed elementor-section-height-default elementor-section-height-default\" data-id=\"53d28d4\" data-element_type=\"section\">\n\t\t\t\t\t\t<div class=\"elementor-container elementor-column-gap-default\">\n\t\t\t\t\t\t\t<div class=\"elementor-row\">\n\t\t\t\t\t<div class=\"elementor-column elementor-col-100 elementor-top-column elementor-element elementor-element-ca87d0e\" data-id=\"ca87d0e\" data-element_type=\"column\">\n\t\t\t<div class=\"elementor-column-wrap elementor-element-populated\">\n\t\t\t\t\t\t\t<div class=\"elementor-widget-wrap\">\n\t\t\t\t\t\t<div class=\"elementor-element elementor-element-c746bab elementor-widget elementor-widget-spacer\" data-id=\"c746bab\" data-element_type=\"widget\" data-widget_type=\"spacer.default\">\n\t\t\t\t<div class=\"elementor-widget-container\">\n\t\t\t\t\t<div class=\"elementor-spacer\">\n\t\t\t<div class=\"elementor-spacer-inner\"><\/div>\n\t\t<\/div>\n\t\t\t\t<\/div>\n\t\t\t\t<\/div>\n\t\t\t\t\t\t<\/div>\n\t\t\t\t\t<\/div>\n\t\t<\/div>\n\t\t\t\t\t\t\t\t<\/div>\n\t\t\t\t\t<\/div>\n\t\t<\/section>\n\t\t\t\t<section class=\"elementor-section elementor-top-section elementor-element elementor-element-56b82fd elementor-section-stretched elementor-section-boxed elementor-section-height-default elementor-section-height-default\" data-id=\"56b82fd\" data-element_type=\"section\" data-settings=\"{&quot;stretch_section&quot;:&quot;section-stretched&quot;}\">\n\t\t\t\t\t\t<div class=\"elementor-container elementor-column-gap-default\">\n\t\t\t\t\t\t\t<div class=\"elementor-row\">\n\t\t\t\t\t<div class=\"elementor-column elementor-col-100 elementor-top-column elementor-element elementor-element-d3da846\" data-id=\"d3da846\" data-element_type=\"column\">\n\t\t\t<div class=\"elementor-column-wrap elementor-element-populated\">\n\t\t\t\t\t\t\t<div class=\"elementor-widget-wrap\">\n\t\t\t\t\t\t<div class=\"elementor-element elementor-element-1c26ebf elementor-widget elementor-widget-text-editor\" data-id=\"1c26ebf\" data-element_type=\"widget\" data-widget_type=\"text-editor.default\">\n\t\t\t\t<div class=\"elementor-widget-container\">\n\t\t\t\t\t\t\t\t<div class=\"elementor-text-editor elementor-clearfix\">\n\t\t\t\t<p>The route: The trip starts from the ferry dock and you bike north on the main road towards Val\u00f8ya island. After about half a km (550 yards)  you will get to a crossroad by the Tarvag\u00e5rden farm. If you go west you will end up at the military's shooting range and by Karls\u00f8yvalen, the sound between Hus\u00f8ya and Karls\u00f8ya islands, you will find a beautiful picnic spot by the beach. At the end of the road you will find and observation post. Bring a pair of binoculars as there is a good chance you will spot lots of eagles.<br \/>\u200b<br \/>You can return to the crossroad and continue to Tarvag\u00e5rden farm which was part of Austr\u00e5tt manor until 1858. In 1900 the farm had 16 crofts connected to the farm. Today the farm raises cattle and sheep. About 1 km from the farm you will find Tarva school house next to a 50 year old spruce forest. The spruce is an invasive species in Tarva as it has a tendency to cover the moors. Behind the forest you will see many tree stumps which is part of a project to remove the forest. Both the school grounds and the forested area was a now cleared mine field during the war. Tarva is one of 22 chosen areas in Norway designated cultural landscape of particular value.<br \/>\u200b<br \/>Further down the road you will arrive at an area (\u00c5kervika bay to Gr\u00f8nndalen valley)  which during WWII was fortified with barbed wire and anti-personnel mines. At the peak of activity there were about 2000 soldiers stationed here. The grave yard of Nordbuan was establised in 1921 and the nearby chapel was erected in 1972. You will find lots of WWII remnants in this area: ammunition bunker, concrete road build specifially to transport three large battleship cannons (28 cm barrel opening), dock facilities at Myrav\u00e5gen (North harbour) and the mammoth bunker by Gr\u00f8nndalen valley (was the foundation for a giant radar (30 m x 16 m). The three cannons were placed side by side by Val\u00f8ya island. The cannon closest to the road exploded during a test firing excercise after the war: six Germans and 2 Norwegians died during the explosion. Many of the bunkers are open so bring a flashlight if you'd like to explore. At the summit of Val\u00f8ya island there is an excellent view of the area. North of the summit a path with stairs takes you to some WWII grafitti.<br \/>\u200b<br \/>From Val\u00f8ya island you will follow the main road back to the ferry dock.<\/p>\t\t\t\t\t<\/div>\n\t\t\t\t\t\t<\/div>\n\t\t\t\t<\/div>\n\t\t\t\t\t\t<\/div>\n\t\t\t\t\t<\/div>\n\t\t<\/div>\n\t\t\t\t\t\t\t\t<\/div>\n\t\t\t\t\t<\/div>\n\t\t<\/section>\n\t\t\t\t<section class=\"elementor-section elementor-top-section elementor-element elementor-element-7572c18 elementor-section-boxed elementor-section-height-default elementor-section-height-default\" data-id=\"7572c18\" data-element_type=\"section\">\n\t\t\t\t\t\t<div class=\"elementor-container elementor-column-gap-default\">\n\t\t\t\t\t\t\t<div class=\"elementor-row\">\n\t\t\t\t\t<div class=\"elementor-column elementor-col-100 elementor-top-column elementor-element elementor-element-3900529\" data-id=\"3900529\" data-element_type=\"column\">\n\t\t\t<div class=\"elementor-column-wrap elementor-element-populated\">\n\t\t\t\t\t\t\t<div class=\"elementor-widget-wrap\">\n\t\t\t\t\t\t<div class=\"elementor-element elementor-element-55eff6d elementor-widget elementor-widget-text-editor\" data-id=\"55eff6d\" data-element_type=\"widget\" data-widget_type=\"text-editor.default\">\n\t\t\t\t<div class=\"elementor-widget-container\">\n\t\t\t\t\t\t\t\t<div class=\"elementor-text-editor elementor-clearfix\">\n\t\t\t\t<p data-ccp-props=\"{\" 335551550=\"\" :1=\"\" 335551620=\"\" 335559683=\"\" :0=\"\" 335559685=\"\" 335559731=\"\" 335559737=\"\" 335562764=\"\" :2=\"\" 335562765=\"\" 335562766=\"\" :4=\"\" 335562767=\"\" 335562768=\"\" 335562769=\"\"><strong>Praktiske opplysninger:<\/strong><\/p>\n<p data-ccp-props=\"{\" 335551550=\"\" :1=\"\" 335551620=\"\" 335559683=\"\" :0=\"\" 335559685=\"\" 335559731=\"\" 335559737=\"\" 335562764=\"\" :2=\"\" 335562765=\"\" 335562766=\"\" :4=\"\" 335562767=\"\" 335562768=\"\" 335562769=\"\"><span data-usefontface=\"false\" data-contrast=\"none\">Child friendly<\/span><span><\/span><\/p>\n<p data-ccp-props=\"{\" 335551550=\"\" :1=\"\" 335551620=\"\" 335559683=\"\" :0=\"\" 335559685=\"\" 335559731=\"\" 335559737=\"\" 335562764=\"\" :2=\"\" 335562765=\"\" 335562766=\"\" :4=\"\" 335562767=\"\" 335562768=\"\" 335562769=\"\"><span data-usefontface=\"false\" data-contrast=\"none\">Public toilet at the school building at the center of the island.<\/span><span><\/span><\/p>\n<p data-ccp-props=\"{\" 335551550=\"\" :1=\"\" 335551620=\"\" 335559683=\"\" :0=\"\" 335559685=\"\" 335559731=\"\" 335559737=\"\" 335562764=\"\" :2=\"\" 335562765=\"\" 335562766=\"\" :4=\"\" 335562767=\"\" 335562768=\"\" 335562769=\"\"><span data-usefontface=\"false\" data-contrast=\"none\">Many signposts available<\/span><span><\/span><\/p>\n<p data-ccp-props=\"{\" 335551550=\"\" :1=\"\" 335551620=\"\" 335559683=\"\" :0=\"\" 335559685=\"\" 335559731=\"\" 335559737=\"\" 335562764=\"\" :2=\"\" 335562765=\"\" 335562766=\"\" :4=\"\" 335562767=\"\" 335562768=\"\" 335562769=\"\"><span data-usefontface=\"false\" data-contrast=\"none\">Ferry schedule to and from Dypfest and Tarva: <a href=\"https:\/\/www.atb.no\/reiseplanlegger\/?direction=1&amp;tplang=no&amp;from=tarva&amp;to=dypfest\" target=\"_blank\" rel=\"noopener\">AtB<\/a><\/span><span><\/span><span style=\"font-size: inherit;\"><\/span><\/p>\n<p data-ccp-props=\"{\" 335551550=\"\" :1=\"\" 335551620=\"\" 335559683=\"\" :0=\"\" 335559685=\"\" 335559731=\"\" 335559737=\"\" 335562764=\"\" :2=\"\" 335562765=\"\" 335562766=\"\" :4=\"\" 335562767=\"\" 335562768=\"\" 335562769=\"\"><span data-usefontface=\"false\" data-contrast=\"none\">Several nice spots for taking a swim<\/span><span><\/span><\/p>\n<p data-ccp-props=\"{\" 335551550=\"\" :1=\"\" 335551620=\"\" 335559683=\"\" :0=\"\" 335559685=\"\" 335559731=\"\" 335559737=\"\" 335562764=\"\" :2=\"\" 335562765=\"\" 335562766=\"\" :4=\"\" 335562767=\"\" 335562768=\"\" 335562769=\"\"><span data-usefontface=\"false\" data-contrast=\"none\">No shops or gas stations so bring your own supplies<\/span><span><\/span><\/p>\t\t\t\t\t<\/div>\n\t\t\t\t\t\t<\/div>\n\t\t\t\t<\/div>\n\t\t\t\t\t\t<\/div>\n\t\t\t\t\t<\/div>\n\t\t<\/div>\n\t\t\t\t\t\t\t\t<\/div>\n\t\t\t\t\t<\/div>\n\t\t<\/section>\n\t\t\t\t<section class=\"elementor-section elementor-top-section elementor-element elementor-element-4c3c3c3 elementor-section-boxed elementor-section-height-default elementor-section-height-default\" data-id=\"4c3c3c3\" data-element_type=\"section\">\n\t\t\t\t\t\t<div class=\"elementor-container elementor-column-gap-default\">\n\t\t\t\t\t\t\t<div class=\"elementor-row\">\n\t\t\t\t\t<div class=\"elementor-column elementor-col-100 elementor-top-column elementor-element elementor-element-020188a\" data-id=\"020188a\" data-element_type=\"column\">\n\t\t\t<div class=\"elementor-column-wrap elementor-element-populated\">\n\t\t\t\t\t\t\t<div class=\"elementor-widget-wrap\">\n\t\t\t\t\t\t<div class=\"elementor-element elementor-element-d3130e8 elementor-align-left elementor-widget elementor-widget-button\" data-id=\"d3130e8\" data-element_type=\"widget\" data-widget_type=\"button.default\">\n\t\t\t\t<div class=\"elementor-widget-container\">\n\t\t\t\t\t<div class=\"elementor-button-wrapper\">\n\t\t\t<a href=\"https:\/\/goo.gl\/maps\/dmYtTmm9ojuRBfvG7\" target=\"_blank\" class=\"elementor-button-link elementor-button elementor-size-md\" role=\"button\">\n\t\t\t\t\t\t<span class=\"elementor-button-content-wrapper\">\n\t\t\t\t\t\t<span class=\"elementor-button-text\">How to get there (Google Maps)<\/span>\n\t\t<\/span>\n\t\t\t\t\t<\/a>\n\t\t<\/div>\n\t\t\t\t<\/div>\n\t\t\t\t<\/div>\n\t\t\t\t\t\t<\/div>\n\t\t\t\t\t<\/div>\n\t\t<\/div>\n\t\t\t\t\t\t\t\t<\/div>\n\t\t\t\t\t<\/div>\n\t\t<\/section>\n\t\t\t\t<section class=\"elementor-section elementor-top-section elementor-element elementor-element-561e5eb elementor-section-boxed elementor-section-height-default elementor-section-height-default\" data-id=\"561e5eb\" data-element_type=\"section\">\n\t\t\t\t\t\t<div class=\"elementor-container elementor-column-gap-default\">\n\t\t\t\t\t\t\t<div class=\"elementor-row\">\n\t\t\t\t\t<div class=\"elementor-column elementor-col-100 elementor-top-column elementor-element elementor-element-0951e2d\" data-id=\"0951e2d\" data-element_type=\"column\">\n\t\t\t<div class=\"elementor-column-wrap elementor-element-populated\">\n\t\t\t\t\t\t\t<div class=\"elementor-widget-wrap\">\n\t\t\t\t\t\t<div class=\"elementor-element elementor-element-de52290 elementor-widget elementor-widget-spacer\" data-id=\"de52290\" data-element_type=\"widget\" data-widget_type=\"spacer.default\">\n\t\t\t\t<div class=\"elementor-widget-container\">\n\t\t\t\t\t<div class=\"elementor-spacer\">\n\t\t\t<div class=\"elementor-spacer-inner\"><\/div>\n\t\t<\/div>\n\t\t\t\t<\/div>\n\t\t\t\t<\/div>\n\t\t\t\t\t\t<\/div>\n\t\t\t\t\t<\/div>\n\t\t<\/div>\n\t\t\t\t\t\t\t\t<\/div>\n\t\t\t\t\t<\/div>\n\t\t<\/section>\n\t\t\t\t\t\t\t\t\t<\/div>\n\t\t\t<\/div>\n\t\t\t\t\t<\/div>","protected":false},"excerpt":{"rendered":"<p>Tarva er ei \u00f8ygruppe som gir en magisk kystopplevelse. Dette er en veldig barnevennlig sykkeltur i naturskj\u00f8nne omgivelser.\u202f Tarva er ei \u00f8ygruppe med landskapsvernomr\u00e5de og en rekke krigshistoriske minner fra 2.verdenskrig. \u00d8ygruppa har et samlet areal p\u00e5\u00a0 kun 14 kvadratkilometer, hvorav Hus\u00f8ya som er bebodd utgj\u00f8r dr\u00f8ye halvparten og har [&hellip;]<\/p>","protected":false},"author":6,"featured_media":518356,"parent":0,"menu_order":0,"comment_status":"closed","ping_status":"closed","template":"","meta":{"ngg_post_thumbnail":0,"footnotes":""},"class_list":["post-518474","page","type-page","status-publish","has-post-thumbnail","hentry"],"yoast_head":"<!-- This site is optimized with the Yoast SEO plugin v26.8 - https:\/\/yoast.com\/product\/yoast-seo-wordpress\/ -->\n<title>Sykkeltur p\u00e5 Tarva - \u00d8rland-TEKS-tmp<\/title>\n<meta name=\"description\" content=\"Gode bo- og jobbmuligheter, kort vei til skole, jobb og fritidsaktiviteter uansett hvor i kommunen du bor. Bredt og variert aktivitetstilbud for store og sm\u00e5. Flytt bedriften eller etabler ny n\u00e6ring p\u00e5 \u00d8rlandet. Kommunen har byggeklart n\u00e6ringsareal b\u00e5de til salgs og til leie.\" \/>\n<meta name=\"robots\" content=\"noindex, follow, max-snippet:-1, max-image-preview:large, max-video-preview:-1\" \/>\n<meta property=\"og:locale\" content=\"en_US\" \/>\n<meta property=\"og:type\" content=\"article\" \/>\n<meta property=\"og:title\" content=\"Sykkeltur p\u00e5 Tarva - \u00d8rland-TEKS-tmp\" \/>\n<meta property=\"og:description\" content=\"Gode bo- og jobbmuligheter, kort vei til skole, jobb og fritidsaktiviteter uansett hvor i kommunen du bor. Bredt og variert aktivitetstilbud for store og sm\u00e5. Flytt bedriften eller etabler ny n\u00e6ring p\u00e5 \u00d8rlandet. Kommunen har byggeklart n\u00e6ringsareal b\u00e5de til salgs og til leie.\" \/>\n<meta property=\"og:url\" content=\"http:\/\/audun.teks.no\/en\/tarva\/\" \/>\n<meta property=\"og:site_name\" content=\"\u00d8rland-TEKS-tmp\" \/>\n<meta property=\"article:modified_time\" content=\"2022-08-08T10:45:59+00:00\" \/>\n<meta property=\"og:image\" content=\"http:\/\/audun.teks.no\/wp-content\/uploads\/2020\/04\/20200419_112505-scaled.jpg\" \/>\n\t<meta property=\"og:image:width\" content=\"2560\" \/>\n\t<meta property=\"og:image:height\" content=\"1920\" \/>\n\t<meta property=\"og:image:type\" content=\"image\/jpeg\" \/>\n<meta name=\"twitter:card\" content=\"summary_large_image\" \/>\n<meta name=\"twitter:label1\" content=\"Est. reading time\" \/>\n\t<meta name=\"twitter:data1\" content=\"3 minutes\" \/>\n<script type=\"application\/ld+json\" class=\"yoast-schema-graph\">{\"@context\":\"https:\/\/schema.org\",\"@graph\":[{\"@type\":\"WebPage\",\"@id\":\"http:\/\/audun.teks.no\/tarva\/\",\"url\":\"http:\/\/audun.teks.no\/tarva\/\",\"name\":\"Sykkeltur p\u00e5 Tarva - \u00d8rland-TEKS-tmp\",\"isPartOf\":{\"@id\":\"http:\/\/audun.teks.no\/#website\"},\"primaryImageOfPage\":{\"@id\":\"http:\/\/audun.teks.no\/tarva\/#primaryimage\"},\"image\":{\"@id\":\"http:\/\/audun.teks.no\/tarva\/#primaryimage\"},\"thumbnailUrl\":\"http:\/\/audun.teks.no\/wp-content\/uploads\/2020\/04\/20200419_112505-scaled.jpg\",\"datePublished\":\"2020-04-26T17:09:31+00:00\",\"dateModified\":\"2022-08-08T10:45:59+00:00\",\"description\":\"Gode bo- og jobbmuligheter, kort vei til skole, jobb og fritidsaktiviteter uansett hvor i kommunen du bor. Bredt og variert aktivitetstilbud for store og sm\u00e5. Flytt bedriften eller etabler ny n\u00e6ring p\u00e5 \u00d8rlandet. Kommunen har byggeklart n\u00e6ringsareal b\u00e5de til salgs og til leie.\",\"breadcrumb\":{\"@id\":\"http:\/\/audun.teks.no\/tarva\/#breadcrumb\"},\"inLanguage\":\"en-US\",\"potentialAction\":[{\"@type\":\"ReadAction\",\"target\":[\"http:\/\/audun.teks.no\/tarva\/\"]}]},{\"@type\":\"ImageObject\",\"inLanguage\":\"en-US\",\"@id\":\"http:\/\/audun.teks.no\/tarva\/#primaryimage\",\"url\":\"http:\/\/audun.teks.no\/wp-content\/uploads\/2020\/04\/20200419_112505-scaled.jpg\",\"contentUrl\":\"http:\/\/audun.teks.no\/wp-content\/uploads\/2020\/04\/20200419_112505-scaled.jpg\",\"width\":2560,\"height\":1920},{\"@type\":\"BreadcrumbList\",\"@id\":\"http:\/\/audun.teks.no\/tarva\/#breadcrumb\",\"itemListElement\":[{\"@type\":\"ListItem\",\"position\":1,\"name\":\"Hjem\",\"item\":\"http:\/\/audun.teks.no\/\"},{\"@type\":\"ListItem\",\"position\":2,\"name\":\"Sykkeltur p\u00e5 Tarva\"}]},{\"@type\":\"WebSite\",\"@id\":\"http:\/\/audun.teks.no\/#website\",\"url\":\"http:\/\/audun.teks.no\/\",\"name\":\"\u00d8rland-TEKS-tmp\",\"description\":\"Velkommen til flotte kystopplevelser\",\"publisher\":{\"@id\":\"http:\/\/audun.teks.no\/#organization\"},\"potentialAction\":[{\"@type\":\"SearchAction\",\"target\":{\"@type\":\"EntryPoint\",\"urlTemplate\":\"http:\/\/audun.teks.no\/?s={search_term_string}\"},\"query-input\":{\"@type\":\"PropertyValueSpecification\",\"valueRequired\":true,\"valueName\":\"search_term_string\"}}],\"inLanguage\":\"en-US\"},{\"@type\":\"Organization\",\"@id\":\"http:\/\/audun.teks.no\/#organization\",\"name\":\"\u00d8rland\",\"url\":\"http:\/\/audun.teks.no\/\",\"logo\":{\"@type\":\"ImageObject\",\"inLanguage\":\"en-US\",\"@id\":\"http:\/\/audun.teks.no\/#\/schema\/logo\/image\/\",\"url\":\"http:\/\/audun.teks.no\/wp-content\/uploads\/2020\/04\/RORET-\u00d8rland-kulturforetak-KF.jpg\",\"contentUrl\":\"http:\/\/audun.teks.no\/wp-content\/uploads\/2020\/04\/RORET-\u00d8rland-kulturforetak-KF.jpg\",\"width\":1772,\"height\":969,\"caption\":\"\u00d8rland\"},\"image\":{\"@id\":\"http:\/\/audun.teks.no\/#\/schema\/logo\/image\/\"}}]}<\/script>\n<!-- \/ Yoast SEO plugin. -->","yoast_head_json":{"title":"Sykkeltur p\u00e5 Tarva - \u00d8rland-TEKS-tmp","description":"Gode bo- og jobbmuligheter, kort vei til skole, jobb og fritidsaktiviteter uansett hvor i kommunen du bor. Bredt og variert aktivitetstilbud for store og sm\u00e5. Flytt bedriften eller etabler ny n\u00e6ring p\u00e5 \u00d8rlandet. Kommunen har byggeklart n\u00e6ringsareal b\u00e5de til salgs og til leie.","robots":{"index":"noindex","follow":"follow","max-snippet":"max-snippet:-1","max-image-preview":"max-image-preview:large","max-video-preview":"max-video-preview:-1"},"og_locale":"en_US","og_type":"article","og_title":"Sykkeltur p\u00e5 Tarva - \u00d8rland-TEKS-tmp","og_description":"Gode bo- og jobbmuligheter, kort vei til skole, jobb og fritidsaktiviteter uansett hvor i kommunen du bor. Bredt og variert aktivitetstilbud for store og sm\u00e5. Flytt bedriften eller etabler ny n\u00e6ring p\u00e5 \u00d8rlandet. Kommunen har byggeklart n\u00e6ringsareal b\u00e5de til salgs og til leie.","og_url":"http:\/\/audun.teks.no\/en\/tarva\/","og_site_name":"\u00d8rland-TEKS-tmp","article_modified_time":"2022-08-08T10:45:59+00:00","og_image":[{"width":2560,"height":1920,"url":"http:\/\/audun.teks.no\/wp-content\/uploads\/2020\/04\/20200419_112505-scaled.jpg","type":"image\/jpeg"}],"twitter_card":"summary_large_image","twitter_misc":{"Est. reading time":"3 minutes"},"schema":{"@context":"https:\/\/schema.org","@graph":[{"@type":"WebPage","@id":"http:\/\/audun.teks.no\/tarva\/","url":"http:\/\/audun.teks.no\/tarva\/","name":"Sykkeltur p\u00e5 Tarva - \u00d8rland-TEKS-tmp","isPartOf":{"@id":"http:\/\/audun.teks.no\/#website"},"primaryImageOfPage":{"@id":"http:\/\/audun.teks.no\/tarva\/#primaryimage"},"image":{"@id":"http:\/\/audun.teks.no\/tarva\/#primaryimage"},"thumbnailUrl":"http:\/\/audun.teks.no\/wp-content\/uploads\/2020\/04\/20200419_112505-scaled.jpg","datePublished":"2020-04-26T17:09:31+00:00","dateModified":"2022-08-08T10:45:59+00:00","description":"Gode bo- og jobbmuligheter, kort vei til skole, jobb og fritidsaktiviteter uansett hvor i kommunen du bor. Bredt og variert aktivitetstilbud for store og sm\u00e5. Flytt bedriften eller etabler ny n\u00e6ring p\u00e5 \u00d8rlandet. Kommunen har byggeklart n\u00e6ringsareal b\u00e5de til salgs og til leie.","breadcrumb":{"@id":"http:\/\/audun.teks.no\/tarva\/#breadcrumb"},"inLanguage":"en-US","potentialAction":[{"@type":"ReadAction","target":["http:\/\/audun.teks.no\/tarva\/"]}]},{"@type":"ImageObject","inLanguage":"en-US","@id":"http:\/\/audun.teks.no\/tarva\/#primaryimage","url":"http:\/\/audun.teks.no\/wp-content\/uploads\/2020\/04\/20200419_112505-scaled.jpg","contentUrl":"http:\/\/audun.teks.no\/wp-content\/uploads\/2020\/04\/20200419_112505-scaled.jpg","width":2560,"height":1920},{"@type":"BreadcrumbList","@id":"http:\/\/audun.teks.no\/tarva\/#breadcrumb","itemListElement":[{"@type":"ListItem","position":1,"name":"Hjem","item":"http:\/\/audun.teks.no\/"},{"@type":"ListItem","position":2,"name":"Sykkeltur p\u00e5 Tarva"}]},{"@type":"WebSite","@id":"http:\/\/audun.teks.no\/#website","url":"http:\/\/audun.teks.no\/","name":"\u00d8rland-TEKS-tmp","description":"Velkommen til flotte kystopplevelser","publisher":{"@id":"http:\/\/audun.teks.no\/#organization"},"potentialAction":[{"@type":"SearchAction","target":{"@type":"EntryPoint","urlTemplate":"http:\/\/audun.teks.no\/?s={search_term_string}"},"query-input":{"@type":"PropertyValueSpecification","valueRequired":true,"valueName":"search_term_string"}}],"inLanguage":"en-US"},{"@type":"Organization","@id":"http:\/\/audun.teks.no\/#organization","name":"\u00d8rland","url":"http:\/\/audun.teks.no\/","logo":{"@type":"ImageObject","inLanguage":"en-US","@id":"http:\/\/audun.teks.no\/#\/schema\/logo\/image\/","url":"http:\/\/audun.teks.no\/wp-content\/uploads\/2020\/04\/RORET-\u00d8rland-kulturforetak-KF.jpg","contentUrl":"http:\/\/audun.teks.no\/wp-content\/uploads\/2020\/04\/RORET-\u00d8rland-kulturforetak-KF.jpg","width":1772,"height":969,"caption":"\u00d8rland"},"image":{"@id":"http:\/\/audun.teks.no\/#\/schema\/logo\/image\/"}}]}},"acf":[],"_links":{"self":[{"href":"http:\/\/audun.teks.no\/en\/wp-json\/wp\/v2\/pages\/518474","targetHints":{"allow":["GET"]}}],"collection":[{"href":"http:\/\/audun.teks.no\/en\/wp-json\/wp\/v2\/pages"}],"about":[{"href":"http:\/\/audun.teks.no\/en\/wp-json\/wp\/v2\/types\/page"}],"author":[{"embeddable":true,"href":"http:\/\/audun.teks.no\/en\/wp-json\/wp\/v2\/users\/6"}],"replies":[{"embeddable":true,"href":"http:\/\/audun.teks.no\/en\/wp-json\/wp\/v2\/comments?post=518474"}],"version-history":[{"count":19,"href":"http:\/\/audun.teks.no\/en\/wp-json\/wp\/v2\/pages\/518474\/revisions"}],"predecessor-version":[{"id":521152,"href":"http:\/\/audun.teks.no\/en\/wp-json\/wp\/v2\/pages\/518474\/revisions\/521152"}],"wp:featuredmedia":[{"embeddable":true,"href":"http:\/\/audun.teks.no\/en\/wp-json\/wp\/v2\/media\/518356"}],"wp:attachment":[{"href":"http:\/\/audun.teks.no\/en\/wp-json\/wp\/v2\/media?parent=518474"}],"curies":[{"name":"wp","href":"https:\/\/api.w.org\/{rel}","templated":true}]}}