{"id":40,"date":"2017-09-08T08:25:30","date_gmt":"2017-09-08T08:25:30","guid":{"rendered":"http:\/\/orland.no\/?page_id=40"},"modified":"2018-04-19T11:31:35","modified_gmt":"2018-04-19T11:31:35","slug":"fakta","status":"publish","type":"page","link":"http:\/\/audun.teks.no\/en\/om-flybasen\/fakta\/","title":{"rendered":"Fakta om \u00d8rland flystasjon"},"content":{"rendered":"<h4>\u00d8rland flystasjon er Norges nye kampflybase og hovedbase for kampflyet F-35.<\/h4>\n<p><!--more--><\/p>\n<p>Flystasjonen opererer F-16 jagerfly, Sea King redningshelikoptre og NATOs AWACS overv\u00e5kningsfly. I november 2017 landet de tre f\u00f8rste F-35 kampflyene ved <a href=\"https:\/\/forsvaret.no\/fakta\/tjenestesteder\/orland\" target=\"_blank\" rel=\"noopener\">\u00d8rland flystasjon<\/a>, og prosessen med \u00e5 innfase F-35 er i full gang.<br \/>\nI tillegg huser flystasjonen Luftvernartilleribataljon \u00d8rland og baseforsvar. N\u00e5r flystasjonen er i full drift etter oppbyggingsfasen s\u00e5 estimeres det at antall ansatte inkludert vernepliktige kan bli opp mot 2000.<\/p>\n<p>Etter at Stortinget i juni 2012 vedtok kj\u00f8p av kampflyet F-35 og samtidig bestemte at basen for de nye flyene legges til \u00d8rland, s\u00e5 har <a href=\"https:\/\/www.forsvarsbygg.no\/no\/vi-bygger-og-drifter\/byggeprosjekter\/kampflybase\/om-prosjektet\/\" target=\"_blank\" rel=\"noopener\">Forsvarsbygg<\/a> investert tungt med utbygging og tilrettelegging p\u00e5 \u00d8rlandet. Utbyggingen ved stasjonen vil fortsette i \u00e5rene som kommer. Det bygges for rundt kr 10 millioner per dag i denne perioden.<\/p>\n<p>I 1950 ble det besluttet at \u00d8rland skulle bygges ut til feltflyplass for jetjagerfly og i april 1951 startet utbyggingsarbeidene. Flystripen ble gjenoppbygget og samtidig forlenget fra 1 600 til 2 300 meter. Under utbyggingen ble flyplassen en del av NATOs infrastrukturprogram. Utbyggingen til NATO-standard var ferdig i juni 1952. I 1954 ble 338 skvadronen etablert ved \u00d8rland hovedflystasjon og ble i f\u00f8rste omgang utstyrt med materiell i kj\u00f8lvannet av amerikansk v\u00e5penhjelp til Norge.<\/p>\n<p>Kontaktperson for \u00d8rland flystasjon er informasjonsr\u00e5dgiver Sigurd Tonning-Olsen\u00a0som kan n\u00e5es p\u00e5 <a href=\"mailto:stonningolsen@mil.no\">stonningolsen@mil.no<\/a> eller telefon nr. 488.65.018.<\/p>","protected":false},"excerpt":{"rendered":"<p>\u00d8rland flystasjon er Norges nye kampflybase og hovedbase for kampflyet F-35.<\/p>","protected":false},"author":1,"featured_media":380,"parent":8,"menu_order":0,"comment_status":"closed","ping_status":"closed","template":"","meta":{"ngg_post_thumbnail":0,"footnotes":""},"class_list":["post-40","page","type-page","status-publish","has-post-thumbnail","hentry"],"yoast_head":"<!-- This site is optimized with the Yoast SEO plugin v26.8 - https:\/\/yoast.com\/product\/yoast-seo-wordpress\/ -->\n<title>Fakta om \u00d8rland flystasjon<\/title>\n<meta name=\"description\" content=\"\u00d8rland flystasjon er Norges kampflybase og hjem til kampflyet F-35 samt F-16, Sea King redningshelikoptre og AWACS overv\u00e5kningsfly.\" \/>\n<meta name=\"robots\" content=\"noindex, follow, max-snippet:-1, max-image-preview:large, max-video-preview:-1\" \/>\n<meta property=\"og:locale\" content=\"en_US\" \/>\n<meta property=\"og:type\" content=\"article\" \/>\n<meta property=\"og:title\" content=\"Fakta om \u00d8rland flystasjon\" \/>\n<meta property=\"og:description\" content=\"\u00d8rland flystasjon er Norges kampflybase og hjem til kampflyet F-35 samt F-16, Sea King redningshelikoptre og AWACS overv\u00e5kningsfly.\" \/>\n<meta property=\"og:url\" content=\"http:\/\/audun.teks.no\/en\/om-flybasen\/fakta\/\" \/>\n<meta property=\"og:site_name\" content=\"\u00d8rland-TEKS-tmp\" \/>\n<meta property=\"article:modified_time\" content=\"2018-04-19T11:31:35+00:00\" \/>\n<meta property=\"og:image\" content=\"http:\/\/audun.teks.no\/wp-content\/uploads\/2017\/09\/20171103tk_I7596-2.jpg\" \/>\n\t<meta property=\"og:image:width\" content=\"1200\" \/>\n\t<meta property=\"og:image:height\" content=\"800\" \/>\n\t<meta property=\"og:image:type\" content=\"image\/jpeg\" \/>\n<meta name=\"twitter:card\" content=\"summary_large_image\" \/>\n<meta name=\"twitter:label1\" content=\"Est. reading time\" \/>\n\t<meta name=\"twitter:data1\" content=\"1 minute\" \/>\n<script type=\"application\/ld+json\" class=\"yoast-schema-graph\">{\"@context\":\"https:\/\/schema.org\",\"@graph\":[{\"@type\":\"WebPage\",\"@id\":\"http:\/\/audun.teks.no\/en\/om-flybasen\/fakta\/\",\"url\":\"http:\/\/audun.teks.no\/en\/om-flybasen\/fakta\/\",\"name\":\"Fakta om \u00d8rland flystasjon\",\"isPartOf\":{\"@id\":\"http:\/\/audun.teks.no\/#website\"},\"primaryImageOfPage\":{\"@id\":\"http:\/\/audun.teks.no\/en\/om-flybasen\/fakta\/#primaryimage\"},\"image\":{\"@id\":\"http:\/\/audun.teks.no\/en\/om-flybasen\/fakta\/#primaryimage\"},\"thumbnailUrl\":\"http:\/\/audun.teks.no\/wp-content\/uploads\/2017\/09\/20171103tk_I7596-2.jpg\",\"datePublished\":\"2017-09-08T08:25:30+00:00\",\"dateModified\":\"2018-04-19T11:31:35+00:00\",\"description\":\"\u00d8rland flystasjon er Norges kampflybase og hjem til kampflyet F-35 samt F-16, Sea King redningshelikoptre og AWACS overv\u00e5kningsfly.\",\"breadcrumb\":{\"@id\":\"http:\/\/audun.teks.no\/en\/om-flybasen\/fakta\/#breadcrumb\"},\"inLanguage\":\"en-US\",\"potentialAction\":[{\"@type\":\"ReadAction\",\"target\":[\"http:\/\/audun.teks.no\/en\/om-flybasen\/fakta\/\"]}]},{\"@type\":\"ImageObject\",\"inLanguage\":\"en-US\",\"@id\":\"http:\/\/audun.teks.no\/en\/om-flybasen\/fakta\/#primaryimage\",\"url\":\"http:\/\/audun.teks.no\/wp-content\/uploads\/2017\/09\/20171103tk_I7596-2.jpg\",\"contentUrl\":\"http:\/\/audun.teks.no\/wp-content\/uploads\/2017\/09\/20171103tk_I7596-2.jpg\",\"width\":1200,\"height\":800,\"caption\":\"Foto: Torbj\u00f8rn Kjosvold\/Forsvaret. Kampfly F-35 lander p\u00e5 \u00d8rland.\"},{\"@type\":\"BreadcrumbList\",\"@id\":\"http:\/\/audun.teks.no\/en\/om-flybasen\/fakta\/#breadcrumb\",\"itemListElement\":[{\"@type\":\"ListItem\",\"position\":1,\"name\":\"Hjem\",\"item\":\"http:\/\/audun.teks.no\/\"},{\"@type\":\"ListItem\",\"position\":2,\"name\":\"Om flybasen\",\"item\":\"http:\/\/audun.teks.no\/om-flybasen\/\"},{\"@type\":\"ListItem\",\"position\":3,\"name\":\"Fakta om \u00d8rland flystasjon\"}]},{\"@type\":\"WebSite\",\"@id\":\"http:\/\/audun.teks.no\/#website\",\"url\":\"http:\/\/audun.teks.no\/\",\"name\":\"\u00d8rland-TEKS-tmp\",\"description\":\"Velkommen til flotte kystopplevelser\",\"publisher\":{\"@id\":\"http:\/\/audun.teks.no\/#organization\"},\"potentialAction\":[{\"@type\":\"SearchAction\",\"target\":{\"@type\":\"EntryPoint\",\"urlTemplate\":\"http:\/\/audun.teks.no\/?s={search_term_string}\"},\"query-input\":{\"@type\":\"PropertyValueSpecification\",\"valueRequired\":true,\"valueName\":\"search_term_string\"}}],\"inLanguage\":\"en-US\"},{\"@type\":\"Organization\",\"@id\":\"http:\/\/audun.teks.no\/#organization\",\"name\":\"\u00d8rland\",\"url\":\"http:\/\/audun.teks.no\/\",\"logo\":{\"@type\":\"ImageObject\",\"inLanguage\":\"en-US\",\"@id\":\"http:\/\/audun.teks.no\/#\/schema\/logo\/image\/\",\"url\":\"http:\/\/audun.teks.no\/wp-content\/uploads\/2020\/04\/RORET-\u00d8rland-kulturforetak-KF.jpg\",\"contentUrl\":\"http:\/\/audun.teks.no\/wp-content\/uploads\/2020\/04\/RORET-\u00d8rland-kulturforetak-KF.jpg\",\"width\":1772,\"height\":969,\"caption\":\"\u00d8rland\"},\"image\":{\"@id\":\"http:\/\/audun.teks.no\/#\/schema\/logo\/image\/\"}}]}<\/script>\n<!-- \/ Yoast SEO plugin. -->","yoast_head_json":{"title":"Fakta om \u00d8rland flystasjon","description":"\u00d8rland flystasjon er Norges kampflybase og hjem til kampflyet F-35 samt F-16, Sea King redningshelikoptre og AWACS overv\u00e5kningsfly.","robots":{"index":"noindex","follow":"follow","max-snippet":"max-snippet:-1","max-image-preview":"max-image-preview:large","max-video-preview":"max-video-preview:-1"},"og_locale":"en_US","og_type":"article","og_title":"Fakta om \u00d8rland flystasjon","og_description":"\u00d8rland flystasjon er Norges kampflybase og hjem til kampflyet F-35 samt F-16, Sea King redningshelikoptre og AWACS overv\u00e5kningsfly.","og_url":"http:\/\/audun.teks.no\/en\/om-flybasen\/fakta\/","og_site_name":"\u00d8rland-TEKS-tmp","article_modified_time":"2018-04-19T11:31:35+00:00","og_image":[{"width":1200,"height":800,"url":"http:\/\/audun.teks.no\/wp-content\/uploads\/2017\/09\/20171103tk_I7596-2.jpg","type":"image\/jpeg"}],"twitter_card":"summary_large_image","twitter_misc":{"Est. reading time":"1 minute"},"schema":{"@context":"https:\/\/schema.org","@graph":[{"@type":"WebPage","@id":"http:\/\/audun.teks.no\/en\/om-flybasen\/fakta\/","url":"http:\/\/audun.teks.no\/en\/om-flybasen\/fakta\/","name":"Fakta om \u00d8rland flystasjon","isPartOf":{"@id":"http:\/\/audun.teks.no\/#website"},"primaryImageOfPage":{"@id":"http:\/\/audun.teks.no\/en\/om-flybasen\/fakta\/#primaryimage"},"image":{"@id":"http:\/\/audun.teks.no\/en\/om-flybasen\/fakta\/#primaryimage"},"thumbnailUrl":"http:\/\/audun.teks.no\/wp-content\/uploads\/2017\/09\/20171103tk_I7596-2.jpg","datePublished":"2017-09-08T08:25:30+00:00","dateModified":"2018-04-19T11:31:35+00:00","description":"\u00d8rland flystasjon er Norges kampflybase og hjem til kampflyet F-35 samt F-16, Sea King redningshelikoptre og AWACS overv\u00e5kningsfly.","breadcrumb":{"@id":"http:\/\/audun.teks.no\/en\/om-flybasen\/fakta\/#breadcrumb"},"inLanguage":"en-US","potentialAction":[{"@type":"ReadAction","target":["http:\/\/audun.teks.no\/en\/om-flybasen\/fakta\/"]}]},{"@type":"ImageObject","inLanguage":"en-US","@id":"http:\/\/audun.teks.no\/en\/om-flybasen\/fakta\/#primaryimage","url":"http:\/\/audun.teks.no\/wp-content\/uploads\/2017\/09\/20171103tk_I7596-2.jpg","contentUrl":"http:\/\/audun.teks.no\/wp-content\/uploads\/2017\/09\/20171103tk_I7596-2.jpg","width":1200,"height":800,"caption":"Foto: Torbj\u00f8rn Kjosvold\/Forsvaret. Kampfly F-35 lander p\u00e5 \u00d8rland."},{"@type":"BreadcrumbList","@id":"http:\/\/audun.teks.no\/en\/om-flybasen\/fakta\/#breadcrumb","itemListElement":[{"@type":"ListItem","position":1,"name":"Hjem","item":"http:\/\/audun.teks.no\/"},{"@type":"ListItem","position":2,"name":"Om flybasen","item":"http:\/\/audun.teks.no\/om-flybasen\/"},{"@type":"ListItem","position":3,"name":"Fakta om \u00d8rland flystasjon"}]},{"@type":"WebSite","@id":"http:\/\/audun.teks.no\/#website","url":"http:\/\/audun.teks.no\/","name":"\u00d8rland-TEKS-tmp","description":"Velkommen til flotte kystopplevelser","publisher":{"@id":"http:\/\/audun.teks.no\/#organization"},"potentialAction":[{"@type":"SearchAction","target":{"@type":"EntryPoint","urlTemplate":"http:\/\/audun.teks.no\/?s={search_term_string}"},"query-input":{"@type":"PropertyValueSpecification","valueRequired":true,"valueName":"search_term_string"}}],"inLanguage":"en-US"},{"@type":"Organization","@id":"http:\/\/audun.teks.no\/#organization","name":"\u00d8rland","url":"http:\/\/audun.teks.no\/","logo":{"@type":"ImageObject","inLanguage":"en-US","@id":"http:\/\/audun.teks.no\/#\/schema\/logo\/image\/","url":"http:\/\/audun.teks.no\/wp-content\/uploads\/2020\/04\/RORET-\u00d8rland-kulturforetak-KF.jpg","contentUrl":"http:\/\/audun.teks.no\/wp-content\/uploads\/2020\/04\/RORET-\u00d8rland-kulturforetak-KF.jpg","width":1772,"height":969,"caption":"\u00d8rland"},"image":{"@id":"http:\/\/audun.teks.no\/#\/schema\/logo\/image\/"}}]}},"acf":[],"_links":{"self":[{"href":"http:\/\/audun.teks.no\/en\/wp-json\/wp\/v2\/pages\/40","targetHints":{"allow":["GET"]}}],"collection":[{"href":"http:\/\/audun.teks.no\/en\/wp-json\/wp\/v2\/pages"}],"about":[{"href":"http:\/\/audun.teks.no\/en\/wp-json\/wp\/v2\/types\/page"}],"author":[{"embeddable":true,"href":"http:\/\/audun.teks.no\/en\/wp-json\/wp\/v2\/users\/1"}],"replies":[{"embeddable":true,"href":"http:\/\/audun.teks.no\/en\/wp-json\/wp\/v2\/comments?post=40"}],"version-history":[{"count":18,"href":"http:\/\/audun.teks.no\/en\/wp-json\/wp\/v2\/pages\/40\/revisions"}],"predecessor-version":[{"id":1062,"href":"http:\/\/audun.teks.no\/en\/wp-json\/wp\/v2\/pages\/40\/revisions\/1062"}],"up":[{"embeddable":true,"href":"http:\/\/audun.teks.no\/en\/wp-json\/wp\/v2\/pages\/8"}],"wp:featuredmedia":[{"embeddable":true,"href":"http:\/\/audun.teks.no\/en\/wp-json\/wp\/v2\/media\/380"}],"wp:attachment":[{"href":"http:\/\/audun.teks.no\/en\/wp-json\/wp\/v2\/media?parent=40"}],"curies":[{"name":"wp","href":"https:\/\/api.w.org\/{rel}","templated":true}]}}