{"id":34,"date":"2017-09-08T08:23:41","date_gmt":"2017-09-08T08:23:41","guid":{"rendered":"http:\/\/orland.no\/?page_id=34"},"modified":"2020-01-09T20:35:02","modified_gmt":"2020-01-09T20:35:02","slug":"grunder","status":"publish","type":"page","link":"http:\/\/audun.teks.no\/en\/for-bedrift\/grunder\/","title":{"rendered":"Gr\u00fcnder"},"content":{"rendered":"<h3><span class=\"author-iapWDnF4wSOA\">En god miks av sm\u00e5 og store bedrifter i flere bransjer er bevis p\u00e5 at \u00d8rland har god grobunn for gr\u00fcndere.<\/span><\/h3>\n<h4 id=\"magicdomid54\"><strong><span class=\"author-iapWDnF4wSOA\">Gr\u00fcndere som Morten Berg i Mascot H\u00f8ie konsernet og Bj\u00f8rnar Gr\u00f8ntvedt fra Gr\u00f8ntvedt Pelagic er gode eksempler p\u00e5 at st\u00f8rre firma oppst\u00e5r og vokser i \u00d8rland. Norsk Havservice og Clean Marine Switchboards er ogs\u00e5 gode eksempler p\u00e5 at \u00d8rland er mulighetenes kommune. I tillegg har \u00d8rland en stor og variert handelsn\u00e6ring og et bredt tilbud i privat og offentlig tjenesteyting.\u00a0<\/span><\/strong><\/h4>\n<div id=\"magicdomid55\" class=\"\"><span class=\"author-iapWDnF4wSOA\">\u00a0<\/span><\/div>\n<div id=\"magicdomid57\" class=\"\"><span class=\"author-iapWDnF4wSOA\"><img loading=\"lazy\" decoding=\"async\" class=\"wp-image-571 alignleft\" src=\"http:\/\/audun.teks.no\/wp-content\/uploads\/2018\/02\/Skjermbilde-2.jpg\" alt=\"\" width=\"407\" height=\"154\" srcset=\"http:\/\/audun.teks.no\/wp-content\/uploads\/2018\/02\/Skjermbilde-2.jpg 854w, http:\/\/audun.teks.no\/wp-content\/uploads\/2018\/02\/Skjermbilde-2-300x113.jpg 300w, http:\/\/audun.teks.no\/wp-content\/uploads\/2018\/02\/Skjermbilde-2-768x290.jpg 768w\" sizes=\"auto, (max-width: 407px) 100vw, 407px\" \/>\u00d8rland er et gunstig sted for gr\u00fcndere og andre n\u00e6ringsdrivende med god tilgang til n\u00e6ringsareal, lav arbeidsgiveravgift, ingen eiendomsskatt, gode kommunikasjoner og et bredt tjenestetilbud.<\/span><\/div>\n<div id=\"magicdomid58\" class=\"\"><strong><span class=\"author-iapWDnF4wSOA\">\u00a0<\/span><\/strong><\/div>\n<p><!--more--><!--more--><\/p>\n<div id=\"magicdomid59\" class=\"\"><strong><span class=\"author-iapWDnF4wSOA\">Her er noen ressurser for \u00e5 komme i gang i \u00d8rland:<\/span><\/strong><\/div>\n<div><\/div>\n<div id=\"magicdomid60\" class=\"\"><\/div>\n<p><!--more--><\/p>\n<p><span class=\"author-iapWDnF4wSOA\"><a href=\"https:\/\/www.orland.kommune.no\/naringsliv\/jeg-trenger-hjelp-med\/starte-og-utvikle-bedrift\/\"><strong>\u00d8rland kommune <\/strong><strong>ressursbibliotek for oppstart. <\/strong><\/a><a href=\"https:\/\/www.orland.kommune.no\/naringsliv\/jeg-trenger-hjelp-med\/starte-og-utvikle-bedrift\/\"><img loading=\"lazy\" decoding=\"async\" class=\"alignleft wp-image-995 size-thumbnail\" src=\"http:\/\/audun.teks.no\/wp-content\/uploads\/2018\/04\/book-stack-books-education-48126-1-150x150.jpg\" alt=\"\" width=\"150\" height=\"150\" \/><\/a>Klikk lenken for et bredt spekter av online ressurser for oppstartsbedrifter. Blant annet info om valg av selskapsform, forretningsmodell, forretningsplan, offinnelser, milj\u00f8fyrt\u00e5rn, nettiside, Altinn, ConnectNorge, Innovasjon Norge og andre nyttige lenker.<\/span><\/p>\n<p><!--more--><\/p>\n<p><span class=\"author-iapWDnF4wSOA\"><strong><img loading=\"lazy\" decoding=\"async\" class=\"alignleft wp-image-970 size-thumbnail\" src=\"http:\/\/audun.teks.no\/wp-content\/uploads\/2018\/04\/\u00d8rland-kommune-150x150.jpg\" alt=\"\" width=\"150\" height=\"150\" \/>\u00d8rland kommune n\u00e6ringsavdeling<\/strong> med n\u00e6ringssjef har kontorplass i \u00d8rland r\u00e5dhus. Her f\u00e5r du hjelp med \u00e5 komme i gang og \u00e5 komme videre med forretningsideen din. Vi\u00a0 st\u00f8tter med gjennomgang av forretningsmodell og forretningsplan, samt det \u00e5 navigere virkemiddelapparatet. Vi kan ogs\u00e5 bist\u00e5 deg med leie eller kj\u00f8p av n\u00e6ringseiendom. Gjennom egne ressurser og v\u00e5rt nettverk s\u00f8rger vi for at du f\u00e5r den st\u00f8tten du trenger for \u00e5 ta av i \u00d8rland. Ring n\u00e6ringssjefen p\u00e5 <a href=\"http:\/\/audun.teks.no\/en\/kontakt\/\" target=\"_blank\" rel=\"noopener noreferrer\">415 52 116<\/a> eller p\u00e5 <a href=\"mailto:arne.martin.solli@orland.kommune.no\">epost.<\/a><\/span><\/p>\n<p><strong><span class=\"author-iapWDnF4wSOA\"><a href=\"https:\/\/foseninnovasjon.no\/\" target=\"_blank\" rel=\"noopener noreferrer\">Fosen Innovasjon<\/a><a href=\"https:\/\/foseninnovasjon.no\/\" target=\"_blank\" rel=\"noopener noreferrer\"><img loading=\"lazy\" decoding=\"async\" class=\"alignleft wp-image-977 size-thumbnail\" src=\"http:\/\/audun.teks.no\/wp-content\/uploads\/2018\/04\/Fosen-innovasjon-150x150.jpg\" alt=\"\" width=\"150\" height=\"150\" \/><\/a>\u00a0<\/span><\/strong><span class=\"author-iapWDnF4wSOA\">er et utviklingsselskap og SIVA n\u00e6ringshage med s\u00e6rlig\u00a0<\/span><span class=\"author-iapWDnF4wSOA\">fokus p\u00e5 industriutvikling p\u00e5 Fosen og i Midt-Norge. Fosen Innovasjon har kontorplass ved \u00d8rland r\u00e5dhus og ivaretar rollen som <a href=\"https:\/\/foseninnovasjon.no\/okt-samhandling-mellom-det-sivile-og-militaere-pa-fosen\/\">forsvarskoordinator<\/a> for \u00d8rland kommune.<\/span><\/p>\n<p><img loading=\"lazy\" decoding=\"async\" class=\"wp-image-580 size-thumbnail alignleft\" src=\"http:\/\/audun.teks.no\/wp-content\/uploads\/2018\/02\/onf_logo_1-150x150.png\" alt=\"\" width=\"150\" height=\"150\" \/><\/p>\n<p><strong><span class=\"author-iapWDnF4wSOA\"><a href=\"https:\/\/orland-naringsforum.no\/\" target=\"_blank\" rel=\"noopener noreferrer\">\u00d8rland n\u00e6ringsforum<\/a>\u00a0\u00a0<\/span><\/strong><span class=\"author-iapWDnF4wSOA\">Er du etablert i \u00d8rland eller \u00f8nsker \u00e5 bli bedre kjent med n\u00e6ringslive<\/span><span class=\"author-iapWDnF4wSOA\">t i \u00d8rland i forkant av etablering kan det l\u00f8nne seg \u00e5 melde seg inn i<\/span><span class=\"author-iapWDnF4wSOA\">\u00a0den\u00a0<\/span><span class=\"author-iapWDnF4wSOA\">lokale\u00a0<\/span><span class=\"author-iapWDnF4wSOA\">medlemsorganisasjonen for n\u00e6ringslivet. \u00d8rland N\u00e6ringsforum har over 100 medlemsbedrifter. Daglig leder Silje Nesset kan kontaktes p\u00e5 932 86 000 eller <a href=\"mailto:silje.nesset@orland-naringsforum.no\">epost<\/a>.<\/span><\/p>\n<p><strong><a href=\"https:\/\/midsec.no\/\" target=\"_blank\" rel=\"noopener noreferrer\">MIDSEC\u00a0<\/a><a href=\"https:\/\/midsec.no\/\" target=\"_blank\" rel=\"noopener noreferrer\"><img loading=\"lazy\" decoding=\"async\" class=\"alignleft wp-image-979 size-thumbnail\" src=\"http:\/\/audun.teks.no\/wp-content\/uploads\/2018\/04\/MIDSEC-150x150.jpg\" alt=\"\" width=\"150\" height=\"150\" \/><\/a><\/strong>is a Norwegian Defence and Security Industry Cluster. The cluster facilitates and develop business opportunities towards a national- and international defence and security industry. Some of the clusters activities are also related to the increasing activity at \u00d8rland Main Air Station.<\/p>","protected":false},"excerpt":{"rendered":"<p>En god miks av sm\u00e5 og store bedrifter i flere bransjer er bevis p\u00e5 at \u00d8rland har god grobunn for gr\u00fcndere. Gr\u00fcndere som Morten Berg i Mascot H\u00f8ie konsernet og Bj\u00f8rnar Gr\u00f8ntvedt fra Gr\u00f8ntvedt Pelagic er gode eksempler p\u00e5 at st\u00f8rre firma oppst\u00e5r og vokser i \u00d8rland. Norsk Havservice og [&hellip;]<\/p>","protected":false},"author":1,"featured_media":143,"parent":12,"menu_order":0,"comment_status":"closed","ping_status":"closed","template":"","meta":{"ngg_post_thumbnail":0,"footnotes":""},"class_list":["post-34","page","type-page","status-publish","has-post-thumbnail","hentry"],"yoast_head":"<!-- This site is optimized with the Yoast SEO plugin v26.8 - https:\/\/yoast.com\/product\/yoast-seo-wordpress\/ -->\n<title>God grobunn for gr\u00fcndere og andre n\u00e6ringsdrivende - \u00d8rland<\/title>\n<meta name=\"description\" content=\"En god miks av sm\u00e5 og store bedrifter i flere bransjer er bevis p\u00e5 at \u00d8rland har god grobunn for gr\u00fcndere. Gr\u00fcndere som Morten Berg i Mascot H\u00f8ie konsernet og Bj\u00f8rnar Gr\u00f8ntvedt fra Gr\u00f8ntvedt Pelagic er gode eksempler p\u00e5 at st\u00f8rre firma oppst\u00e5r og vokser i \u00d8rland.\" \/>\n<meta name=\"robots\" content=\"noindex, follow, max-snippet:-1, max-image-preview:large, max-video-preview:-1\" \/>\n<meta property=\"og:locale\" content=\"en_US\" \/>\n<meta property=\"og:type\" content=\"article\" \/>\n<meta property=\"og:title\" content=\"God grobunn for gr\u00fcndere og andre n\u00e6ringsdrivende - \u00d8rland\" \/>\n<meta property=\"og:description\" content=\"En god miks av sm\u00e5 og store bedrifter i flere bransjer er bevis p\u00e5 at \u00d8rland har god grobunn for gr\u00fcndere. Gr\u00fcndere som Morten Berg i Mascot H\u00f8ie konsernet og Bj\u00f8rnar Gr\u00f8ntvedt fra Gr\u00f8ntvedt Pelagic er gode eksempler p\u00e5 at st\u00f8rre firma oppst\u00e5r og vokser i \u00d8rland.\" \/>\n<meta property=\"og:url\" content=\"http:\/\/audun.teks.no\/en\/for-bedrift\/grunder\/\" \/>\n<meta property=\"og:site_name\" content=\"\u00d8rland-TEKS-tmp\" \/>\n<meta property=\"article:modified_time\" content=\"2020-01-09T20:35:02+00:00\" \/>\n<meta property=\"og:image\" content=\"http:\/\/audun.teks.no\/wp-content\/uploads\/2017\/09\/Grontvedt-Pelagic-OLK-00070_1024.jpg\" \/>\n\t<meta property=\"og:image:width\" content=\"1024\" \/>\n\t<meta property=\"og:image:height\" content=\"683\" \/>\n\t<meta property=\"og:image:type\" content=\"image\/jpeg\" \/>\n<meta name=\"twitter:card\" content=\"summary_large_image\" \/>\n<meta name=\"twitter:label1\" content=\"Est. reading time\" \/>\n\t<meta name=\"twitter:data1\" content=\"2 minutes\" \/>\n<script type=\"application\/ld+json\" class=\"yoast-schema-graph\">{\"@context\":\"https:\/\/schema.org\",\"@graph\":[{\"@type\":\"WebPage\",\"@id\":\"http:\/\/audun.teks.no\/for-bedrift\/grunder\/\",\"url\":\"http:\/\/audun.teks.no\/for-bedrift\/grunder\/\",\"name\":\"God grobunn for gr\u00fcndere og andre n\u00e6ringsdrivende - \u00d8rland\",\"isPartOf\":{\"@id\":\"http:\/\/audun.teks.no\/#website\"},\"primaryImageOfPage\":{\"@id\":\"http:\/\/audun.teks.no\/for-bedrift\/grunder\/#primaryimage\"},\"image\":{\"@id\":\"http:\/\/audun.teks.no\/for-bedrift\/grunder\/#primaryimage\"},\"thumbnailUrl\":\"http:\/\/audun.teks.no\/wp-content\/uploads\/2017\/09\/Grontvedt-Pelagic-OLK-00070_1024.jpg\",\"datePublished\":\"2017-09-08T08:23:41+00:00\",\"dateModified\":\"2020-01-09T20:35:02+00:00\",\"description\":\"En god miks av sm\u00e5 og store bedrifter i flere bransjer er bevis p\u00e5 at \u00d8rland har god grobunn for gr\u00fcndere. Gr\u00fcndere som Morten Berg i Mascot H\u00f8ie konsernet og Bj\u00f8rnar Gr\u00f8ntvedt fra Gr\u00f8ntvedt Pelagic er gode eksempler p\u00e5 at st\u00f8rre firma oppst\u00e5r og vokser i \u00d8rland.\",\"breadcrumb\":{\"@id\":\"http:\/\/audun.teks.no\/for-bedrift\/grunder\/#breadcrumb\"},\"inLanguage\":\"en-US\",\"potentialAction\":[{\"@type\":\"ReadAction\",\"target\":[\"http:\/\/audun.teks.no\/for-bedrift\/grunder\/\"]}]},{\"@type\":\"ImageObject\",\"inLanguage\":\"en-US\",\"@id\":\"http:\/\/audun.teks.no\/for-bedrift\/grunder\/#primaryimage\",\"url\":\"http:\/\/audun.teks.no\/wp-content\/uploads\/2017\/09\/Grontvedt-Pelagic-OLK-00070_1024.jpg\",\"contentUrl\":\"http:\/\/audun.teks.no\/wp-content\/uploads\/2017\/09\/Grontvedt-Pelagic-OLK-00070_1024.jpg\",\"width\":1024,\"height\":683},{\"@type\":\"BreadcrumbList\",\"@id\":\"http:\/\/audun.teks.no\/for-bedrift\/grunder\/#breadcrumb\",\"itemListElement\":[{\"@type\":\"ListItem\",\"position\":1,\"name\":\"Hjem\",\"item\":\"http:\/\/audun.teks.no\/\"},{\"@type\":\"ListItem\",\"position\":2,\"name\":\"For bedrift\",\"item\":\"http:\/\/audun.teks.no\/for-bedrift\/\"},{\"@type\":\"ListItem\",\"position\":3,\"name\":\"Gr\u00fcnder\"}]},{\"@type\":\"WebSite\",\"@id\":\"http:\/\/audun.teks.no\/#website\",\"url\":\"http:\/\/audun.teks.no\/\",\"name\":\"\u00d8rland-TEKS-tmp\",\"description\":\"Velkommen til flotte kystopplevelser\",\"publisher\":{\"@id\":\"http:\/\/audun.teks.no\/#organization\"},\"potentialAction\":[{\"@type\":\"SearchAction\",\"target\":{\"@type\":\"EntryPoint\",\"urlTemplate\":\"http:\/\/audun.teks.no\/?s={search_term_string}\"},\"query-input\":{\"@type\":\"PropertyValueSpecification\",\"valueRequired\":true,\"valueName\":\"search_term_string\"}}],\"inLanguage\":\"en-US\"},{\"@type\":\"Organization\",\"@id\":\"http:\/\/audun.teks.no\/#organization\",\"name\":\"\u00d8rland\",\"url\":\"http:\/\/audun.teks.no\/\",\"logo\":{\"@type\":\"ImageObject\",\"inLanguage\":\"en-US\",\"@id\":\"http:\/\/audun.teks.no\/#\/schema\/logo\/image\/\",\"url\":\"http:\/\/audun.teks.no\/wp-content\/uploads\/2020\/04\/RORET-\u00d8rland-kulturforetak-KF.jpg\",\"contentUrl\":\"http:\/\/audun.teks.no\/wp-content\/uploads\/2020\/04\/RORET-\u00d8rland-kulturforetak-KF.jpg\",\"width\":1772,\"height\":969,\"caption\":\"\u00d8rland\"},\"image\":{\"@id\":\"http:\/\/audun.teks.no\/#\/schema\/logo\/image\/\"}}]}<\/script>\n<!-- \/ Yoast SEO plugin. -->","yoast_head_json":{"title":"God grobunn for gr\u00fcndere og andre n\u00e6ringsdrivende - \u00d8rland","description":"En god miks av sm\u00e5 og store bedrifter i flere bransjer er bevis p\u00e5 at \u00d8rland har god grobunn for gr\u00fcndere. Gr\u00fcndere som Morten Berg i Mascot H\u00f8ie konsernet og Bj\u00f8rnar Gr\u00f8ntvedt fra Gr\u00f8ntvedt Pelagic er gode eksempler p\u00e5 at st\u00f8rre firma oppst\u00e5r og vokser i \u00d8rland.","robots":{"index":"noindex","follow":"follow","max-snippet":"max-snippet:-1","max-image-preview":"max-image-preview:large","max-video-preview":"max-video-preview:-1"},"og_locale":"en_US","og_type":"article","og_title":"God grobunn for gr\u00fcndere og andre n\u00e6ringsdrivende - \u00d8rland","og_description":"En god miks av sm\u00e5 og store bedrifter i flere bransjer er bevis p\u00e5 at \u00d8rland har god grobunn for gr\u00fcndere. Gr\u00fcndere som Morten Berg i Mascot H\u00f8ie konsernet og Bj\u00f8rnar Gr\u00f8ntvedt fra Gr\u00f8ntvedt Pelagic er gode eksempler p\u00e5 at st\u00f8rre firma oppst\u00e5r og vokser i \u00d8rland.","og_url":"http:\/\/audun.teks.no\/en\/for-bedrift\/grunder\/","og_site_name":"\u00d8rland-TEKS-tmp","article_modified_time":"2020-01-09T20:35:02+00:00","og_image":[{"width":1024,"height":683,"url":"http:\/\/audun.teks.no\/wp-content\/uploads\/2017\/09\/Grontvedt-Pelagic-OLK-00070_1024.jpg","type":"image\/jpeg"}],"twitter_card":"summary_large_image","twitter_misc":{"Est. reading time":"2 minutes"},"schema":{"@context":"https:\/\/schema.org","@graph":[{"@type":"WebPage","@id":"http:\/\/audun.teks.no\/for-bedrift\/grunder\/","url":"http:\/\/audun.teks.no\/for-bedrift\/grunder\/","name":"God grobunn for gr\u00fcndere og andre n\u00e6ringsdrivende - \u00d8rland","isPartOf":{"@id":"http:\/\/audun.teks.no\/#website"},"primaryImageOfPage":{"@id":"http:\/\/audun.teks.no\/for-bedrift\/grunder\/#primaryimage"},"image":{"@id":"http:\/\/audun.teks.no\/for-bedrift\/grunder\/#primaryimage"},"thumbnailUrl":"http:\/\/audun.teks.no\/wp-content\/uploads\/2017\/09\/Grontvedt-Pelagic-OLK-00070_1024.jpg","datePublished":"2017-09-08T08:23:41+00:00","dateModified":"2020-01-09T20:35:02+00:00","description":"En god miks av sm\u00e5 og store bedrifter i flere bransjer er bevis p\u00e5 at \u00d8rland har god grobunn for gr\u00fcndere. Gr\u00fcndere som Morten Berg i Mascot H\u00f8ie konsernet og Bj\u00f8rnar Gr\u00f8ntvedt fra Gr\u00f8ntvedt Pelagic er gode eksempler p\u00e5 at st\u00f8rre firma oppst\u00e5r og vokser i \u00d8rland.","breadcrumb":{"@id":"http:\/\/audun.teks.no\/for-bedrift\/grunder\/#breadcrumb"},"inLanguage":"en-US","potentialAction":[{"@type":"ReadAction","target":["http:\/\/audun.teks.no\/for-bedrift\/grunder\/"]}]},{"@type":"ImageObject","inLanguage":"en-US","@id":"http:\/\/audun.teks.no\/for-bedrift\/grunder\/#primaryimage","url":"http:\/\/audun.teks.no\/wp-content\/uploads\/2017\/09\/Grontvedt-Pelagic-OLK-00070_1024.jpg","contentUrl":"http:\/\/audun.teks.no\/wp-content\/uploads\/2017\/09\/Grontvedt-Pelagic-OLK-00070_1024.jpg","width":1024,"height":683},{"@type":"BreadcrumbList","@id":"http:\/\/audun.teks.no\/for-bedrift\/grunder\/#breadcrumb","itemListElement":[{"@type":"ListItem","position":1,"name":"Hjem","item":"http:\/\/audun.teks.no\/"},{"@type":"ListItem","position":2,"name":"For bedrift","item":"http:\/\/audun.teks.no\/for-bedrift\/"},{"@type":"ListItem","position":3,"name":"Gr\u00fcnder"}]},{"@type":"WebSite","@id":"http:\/\/audun.teks.no\/#website","url":"http:\/\/audun.teks.no\/","name":"\u00d8rland-TEKS-tmp","description":"Velkommen til flotte kystopplevelser","publisher":{"@id":"http:\/\/audun.teks.no\/#organization"},"potentialAction":[{"@type":"SearchAction","target":{"@type":"EntryPoint","urlTemplate":"http:\/\/audun.teks.no\/?s={search_term_string}"},"query-input":{"@type":"PropertyValueSpecification","valueRequired":true,"valueName":"search_term_string"}}],"inLanguage":"en-US"},{"@type":"Organization","@id":"http:\/\/audun.teks.no\/#organization","name":"\u00d8rland","url":"http:\/\/audun.teks.no\/","logo":{"@type":"ImageObject","inLanguage":"en-US","@id":"http:\/\/audun.teks.no\/#\/schema\/logo\/image\/","url":"http:\/\/audun.teks.no\/wp-content\/uploads\/2020\/04\/RORET-\u00d8rland-kulturforetak-KF.jpg","contentUrl":"http:\/\/audun.teks.no\/wp-content\/uploads\/2020\/04\/RORET-\u00d8rland-kulturforetak-KF.jpg","width":1772,"height":969,"caption":"\u00d8rland"},"image":{"@id":"http:\/\/audun.teks.no\/#\/schema\/logo\/image\/"}}]}},"acf":[],"_links":{"self":[{"href":"http:\/\/audun.teks.no\/en\/wp-json\/wp\/v2\/pages\/34","targetHints":{"allow":["GET"]}}],"collection":[{"href":"http:\/\/audun.teks.no\/en\/wp-json\/wp\/v2\/pages"}],"about":[{"href":"http:\/\/audun.teks.no\/en\/wp-json\/wp\/v2\/types\/page"}],"author":[{"embeddable":true,"href":"http:\/\/audun.teks.no\/en\/wp-json\/wp\/v2\/users\/1"}],"replies":[{"embeddable":true,"href":"http:\/\/audun.teks.no\/en\/wp-json\/wp\/v2\/comments?post=34"}],"version-history":[{"count":62,"href":"http:\/\/audun.teks.no\/en\/wp-json\/wp\/v2\/pages\/34\/revisions"}],"predecessor-version":[{"id":2484,"href":"http:\/\/audun.teks.no\/en\/wp-json\/wp\/v2\/pages\/34\/revisions\/2484"}],"up":[{"embeddable":true,"href":"http:\/\/audun.teks.no\/en\/wp-json\/wp\/v2\/pages\/12"}],"wp:featuredmedia":[{"embeddable":true,"href":"http:\/\/audun.teks.no\/en\/wp-json\/wp\/v2\/media\/143"}],"wp:attachment":[{"href":"http:\/\/audun.teks.no\/en\/wp-json\/wp\/v2\/media?parent=34"}],"curies":[{"name":"wp","href":"https:\/\/api.w.org\/{rel}","templated":true}]}}