{"id":32,"date":"2017-09-08T08:23:33","date_gmt":"2017-09-08T08:23:33","guid":{"rendered":"http:\/\/orland.no\/?page_id=32"},"modified":"2019-10-01T10:46:42","modified_gmt":"2019-10-01T10:46:42","slug":"vekst","status":"publish","type":"page","link":"http:\/\/audun.teks.no\/en\/for-bedrift\/vekst\/","title":{"rendered":"Vekst"},"content":{"rendered":"<h2>\u00d8rland og Fosen med stort vekstpotensial.<\/h2>\n<p><!--more--><\/p>\n<p>\u00d8rland har i det siste hatt st\u00f8rre befolkningsvekst enn landsgjennomsnittet. \u00d8rland er i fylkestoppen p\u00e5 detaljvarehandel per innbygger. Biltrafikk (\u00c5DT) \u00f8ker langt mer enn forutsatt. Passasjertall p\u00e5 hurtigb\u00e5ten til Trondheim \u00f8ker \u00e5r etter \u00e5r; enkelte \u00e5r med tosifrede prosenttall. Fergetrafikken og spesielt tungbiltrafikk over Trondheimsfjorden \u00f8ker.<\/p>\n\n\t\t<style type=\"text\/css\">\n\t\t\t#gallery-2 {\n\t\t\t\tmargin: auto;\n\t\t\t}\n\t\t\t#gallery-2 .gallery-item {\n\t\t\t\tfloat: left;\n\t\t\t\tmargin-top: 10px;\n\t\t\t\ttext-align: center;\n\t\t\t\twidth: 33%;\n\t\t\t}\n\t\t\t#gallery-2 img {\n\t\t\t\tborder: 2px solid #cfcfcf;\n\t\t\t}\n\t\t\t#gallery-2 .gallery-caption {\n\t\t\t\tmargin-left: 0;\n\t\t\t}\n\t\t\t\/* see gallery_shortcode() in wp-includes\/media.php *\/\n\t\t<\/style>\n\t\t<div id='gallery-2' class='gallery galleryid-32 gallery-columns-3 gallery-size-medium'><dl class='gallery-item'>\n\t\t\t<dt class='gallery-icon landscape'>\n\t\t\t\t<a href='http:\/\/audun.teks.no\/en\/for-bedrift\/vekst\/hurtiogbat\/'><img loading=\"lazy\" decoding=\"async\" width=\"300\" height=\"196\" src=\"http:\/\/audun.teks.no\/wp-content\/uploads\/2018\/02\/Hurtiogb\u00e5t-300x196.png\" class=\"attachment-medium size-medium\" alt=\"\" aria-describedby=\"gallery-2-513\" srcset=\"http:\/\/audun.teks.no\/wp-content\/uploads\/2018\/02\/Hurtiogb\u00e5t-300x196.png 300w, http:\/\/audun.teks.no\/wp-content\/uploads\/2018\/02\/Hurtiogb\u00e5t-768x502.png 768w, http:\/\/audun.teks.no\/wp-content\/uploads\/2018\/02\/Hurtiogb\u00e5t.png 808w\" sizes=\"auto, (max-width: 300px) 100vw, 300px\" \/><\/a>\n\t\t\t<\/dt>\n\t\t\t\t<dd class='wp-caption-text gallery-caption' id='gallery-2-513'>\n\t\t\t\tVekst passasjerer hurtigb\u00e5t Trondheim &#8211; Brekstad\n\t\t\t\t<\/dd><\/dl><dl class='gallery-item'>\n\t\t\t<dt class='gallery-icon landscape'>\n\t\t\t\t<a href='http:\/\/audun.teks.no\/en\/for-bedrift\/vekst\/ferge-3\/'><img loading=\"lazy\" decoding=\"async\" width=\"300\" height=\"225\" src=\"http:\/\/audun.teks.no\/wp-content\/uploads\/2018\/02\/Ferge-1-300x225.jpg\" class=\"attachment-medium size-medium\" alt=\"\" aria-describedby=\"gallery-2-531\" srcset=\"http:\/\/audun.teks.no\/wp-content\/uploads\/2018\/02\/Ferge-1-300x225.jpg 300w, http:\/\/audun.teks.no\/wp-content\/uploads\/2018\/02\/Ferge-1-768x576.jpg 768w, http:\/\/audun.teks.no\/wp-content\/uploads\/2018\/02\/Ferge-1.jpg 960w\" sizes=\"auto, (max-width: 300px) 100vw, 300px\" \/><\/a>\n\t\t\t<\/dt>\n\t\t\t\t<dd class='wp-caption-text gallery-caption' id='gallery-2-531'>\n\t\t\t\tVekst fergetrafikk Brekstad &#8211; Valset\n\t\t\t\t<\/dd><\/dl><dl class='gallery-item'>\n\t\t\t<dt class='gallery-icon landscape'>\n\t\t\t\t<a href='http:\/\/audun.teks.no\/en\/for-bedrift\/vekst\/befolking\/'><img loading=\"lazy\" decoding=\"async\" width=\"300\" height=\"169\" src=\"http:\/\/audun.teks.no\/wp-content\/uploads\/2018\/02\/Befolking-300x169.jpg\" class=\"attachment-medium size-medium\" alt=\"\" aria-describedby=\"gallery-2-511\" srcset=\"http:\/\/audun.teks.no\/wp-content\/uploads\/2018\/02\/Befolking-300x169.jpg 300w, http:\/\/audun.teks.no\/wp-content\/uploads\/2018\/02\/Befolking-768x432.jpg 768w, http:\/\/audun.teks.no\/wp-content\/uploads\/2018\/02\/Befolking-1024x576.jpg 1024w, http:\/\/audun.teks.no\/wp-content\/uploads\/2018\/02\/Befolking.jpg 1280w\" sizes=\"auto, (max-width: 300px) 100vw, 300px\" \/><\/a>\n\t\t\t<\/dt>\n\t\t\t\t<dd class='wp-caption-text gallery-caption' id='gallery-2-511'>\n\t\t\t\tBefolkningsvekst\n\t\t\t\t<\/dd><\/dl><br style=\"clear: both\" \/><dl class='gallery-item'>\n\t\t\t<dt class='gallery-icon landscape'>\n\t\t\t\t<a href='http:\/\/audun.teks.no\/en\/for-bedrift\/vekst\/adt\/'><img loading=\"lazy\" decoding=\"async\" width=\"300\" height=\"146\" src=\"http:\/\/audun.teks.no\/wp-content\/uploads\/2018\/02\/\u00e5dt-300x146.jpg\" class=\"attachment-medium size-medium\" alt=\"\" aria-describedby=\"gallery-2-517\" srcset=\"http:\/\/audun.teks.no\/wp-content\/uploads\/2018\/02\/\u00e5dt-300x146.jpg 300w, http:\/\/audun.teks.no\/wp-content\/uploads\/2018\/02\/\u00e5dt-768x374.jpg 768w, http:\/\/audun.teks.no\/wp-content\/uploads\/2018\/02\/\u00e5dt-1024x499.jpg 1024w, http:\/\/audun.teks.no\/wp-content\/uploads\/2018\/02\/\u00e5dt.jpg 1892w\" sizes=\"auto, (max-width: 300px) 100vw, 300px\" \/><\/a>\n\t\t\t<\/dt>\n\t\t\t\t<dd class='wp-caption-text gallery-caption' id='gallery-2-517'>\n\t\t\t\tVekst biltrafikk (\u00c5DT). \n\t\t\t\t<\/dd><\/dl><dl class='gallery-item'>\n\t\t\t<dt class='gallery-icon landscape'>\n\t\t\t\t<a href='http:\/\/audun.teks.no\/en\/for-bedrift\/vekst\/kommunenm-2018\/'><img loading=\"lazy\" decoding=\"async\" width=\"300\" height=\"169\" src=\"http:\/\/audun.teks.no\/wp-content\/uploads\/2018\/08\/KommuneNM-2018-300x169.jpg\" class=\"attachment-medium size-medium\" alt=\"\" aria-describedby=\"gallery-2-1206\" srcset=\"http:\/\/audun.teks.no\/wp-content\/uploads\/2018\/08\/KommuneNM-2018-300x169.jpg 300w, http:\/\/audun.teks.no\/wp-content\/uploads\/2018\/08\/KommuneNM-2018-768x432.jpg 768w, http:\/\/audun.teks.no\/wp-content\/uploads\/2018\/08\/KommuneNM-2018-1024x576.jpg 1024w, http:\/\/audun.teks.no\/wp-content\/uploads\/2018\/08\/KommuneNM-2018.jpg 1280w\" sizes=\"auto, (max-width: 300px) 100vw, 300px\" \/><\/a>\n\t\t\t<\/dt>\n\t\t\t\t<dd class='wp-caption-text gallery-caption' id='gallery-2-1206'>\n\t\t\t\t\u00d8rland scorer h\u00f8yt p\u00e5 NHO&#8217;s KommuneNM 2018\n\t\t\t\t<\/dd><\/dl><dl class='gallery-item'>\n\t\t\t<dt class='gallery-icon landscape'>\n\t\t\t\t<a href='http:\/\/audun.teks.no\/en\/for-bedrift\/vekst\/omsetning-per-innbygger-2008-2017-diagram\/'><img loading=\"lazy\" decoding=\"async\" width=\"300\" height=\"169\" src=\"http:\/\/audun.teks.no\/wp-content\/uploads\/2018\/10\/Omsetning-per-innbygger-2008-2017-diagram-300x169.jpg\" class=\"attachment-medium size-medium\" alt=\"\" aria-describedby=\"gallery-2-1291\" srcset=\"http:\/\/audun.teks.no\/wp-content\/uploads\/2018\/10\/Omsetning-per-innbygger-2008-2017-diagram-300x169.jpg 300w, http:\/\/audun.teks.no\/wp-content\/uploads\/2018\/10\/Omsetning-per-innbygger-2008-2017-diagram-768x432.jpg 768w, http:\/\/audun.teks.no\/wp-content\/uploads\/2018\/10\/Omsetning-per-innbygger-2008-2017-diagram-1024x576.jpg 1024w, http:\/\/audun.teks.no\/wp-content\/uploads\/2018\/10\/Omsetning-per-innbygger-2008-2017-diagram.jpg 1280w\" sizes=\"auto, (max-width: 300px) 100vw, 300px\" \/><\/a>\n\t\t\t<\/dt>\n\t\t\t\t<dd class='wp-caption-text gallery-caption' id='gallery-2-1291'>\n\t\t\t\tOmsetning per innbygger\n\t\t\t\t<\/dd><\/dl><br style=\"clear: both\" \/>\n\t\t<\/div>\n\n<p><strong><a href=\"https:\/\/www.vegvesen.no\/vegkart\/vegkart\/#kartlag:geodata\/hva:(~(id:540,filter:(~),farge:'0_0))\/@238578,7074861,11\/vegobjekt:485877136:58b02c:540\">Klikk her for lenke til \u00c5DT &#8211; \u00c5rsD\u00f8gnTrafikk<\/a><\/strong><\/p>\n<p><a href=\"https:\/\/www.nho.no\/tema\/offentlig-sektor-og-naeringslivet\/kommune-nm\"><strong>Klikk her for lenke til NHOs Kommune-NM 2018<\/strong><\/a><\/p>\n<p><strong><a href=\"https:\/\/kommunebarometeret.no\/kommune\/1621\">Klikk her for lenke til Kommunal Rapports Kommunebarometeret<\/a><\/strong><\/p>\n<p>Som b\u00e5de befolkningstall og trafikktall b\u00e5t, ferge og bil viser er \u00d8rlandet i vekst. Dette er en god tid til \u00e5 sikre seg \u00e5 v\u00e6re p\u00e5 rett sted i handelsstedet. Kjedene Europris og Elkj\u00f8p har nylig ankommet \u00d8rlandet. Jysk \u00e5pnet i fjor h\u00f8st og flere andre kjeder vurderer med rette \u00d8rlandet som ekspansjonslokasjon. \u00d8rland fosser fram 67 plasser p\u00e5 NHOs kommune-NM og p\u00e5 Kommunebarometeret fra Kommunal Rapport avanserer \u00d8rland hele 143 plasser fra \u00e5ret f\u00f8r til 94. plass (justert for \u00f8konomiske forutsetninger).<\/p>","protected":false},"excerpt":{"rendered":"<p>\u00d8rland og Fosen med stort vekstpotensial.<\/p>","protected":false},"author":1,"featured_media":377,"parent":12,"menu_order":0,"comment_status":"closed","ping_status":"closed","template":"","meta":{"ngg_post_thumbnail":0,"footnotes":""},"class_list":["post-32","page","type-page","status-publish","has-post-thumbnail","hentry"],"yoast_head":"<!-- This site is optimized with the Yoast SEO plugin v26.8 - https:\/\/yoast.com\/product\/yoast-seo-wordpress\/ -->\n<title>\u00d8rland og Fosen har stort vekstpotensial - \u00d8rland<\/title>\n<meta name=\"description\" content=\"\u00d8rland og Fosen er et av omr\u00e5dene i landet med st\u00f8rst vekstpotensial. \u00d8rland har i det siste hatt st\u00f8rre befolkningsvekst enn landsgjennomsnittet. \u00d8rland er i fylkestoppen p\u00e5 detaljvarehandel per innbygger.\" \/>\n<meta name=\"robots\" content=\"noindex, follow, max-snippet:-1, max-image-preview:large, max-video-preview:-1\" \/>\n<meta property=\"og:locale\" content=\"en_US\" \/>\n<meta property=\"og:type\" content=\"article\" \/>\n<meta property=\"og:title\" content=\"\u00d8rland og Fosen har stort vekstpotensial - \u00d8rland\" \/>\n<meta property=\"og:description\" content=\"\u00d8rland og Fosen er et av omr\u00e5dene i landet med st\u00f8rst vekstpotensial. \u00d8rland har i det siste hatt st\u00f8rre befolkningsvekst enn landsgjennomsnittet. \u00d8rland er i fylkestoppen p\u00e5 detaljvarehandel per innbygger.\" \/>\n<meta property=\"og:url\" content=\"http:\/\/audun.teks.no\/en\/for-bedrift\/vekst\/\" \/>\n<meta property=\"og:site_name\" content=\"\u00d8rland-TEKS-tmp\" \/>\n<meta property=\"article:modified_time\" content=\"2019-10-01T10:46:42+00:00\" \/>\n<meta property=\"og:image\" content=\"http:\/\/audun.teks.no\/wp-content\/uploads\/2017\/09\/anlegg.jpg\" \/>\n\t<meta property=\"og:image:width\" content=\"1200\" \/>\n\t<meta property=\"og:image:height\" content=\"693\" \/>\n\t<meta property=\"og:image:type\" content=\"image\/jpeg\" \/>\n<meta name=\"twitter:card\" content=\"summary_large_image\" \/>\n<meta name=\"twitter:label1\" content=\"Est. reading time\" \/>\n\t<meta name=\"twitter:data1\" content=\"1 minute\" \/>\n<script type=\"application\/ld+json\" class=\"yoast-schema-graph\">{\"@context\":\"https:\/\/schema.org\",\"@graph\":[{\"@type\":\"WebPage\",\"@id\":\"http:\/\/audun.teks.no\/for-bedrift\/vekst\/\",\"url\":\"http:\/\/audun.teks.no\/for-bedrift\/vekst\/\",\"name\":\"\u00d8rland og Fosen har stort vekstpotensial - \u00d8rland\",\"isPartOf\":{\"@id\":\"http:\/\/audun.teks.no\/#website\"},\"primaryImageOfPage\":{\"@id\":\"http:\/\/audun.teks.no\/for-bedrift\/vekst\/#primaryimage\"},\"image\":{\"@id\":\"http:\/\/audun.teks.no\/for-bedrift\/vekst\/#primaryimage\"},\"thumbnailUrl\":\"http:\/\/audun.teks.no\/wp-content\/uploads\/2017\/09\/anlegg.jpg\",\"datePublished\":\"2017-09-08T08:23:33+00:00\",\"dateModified\":\"2019-10-01T10:46:42+00:00\",\"description\":\"\u00d8rland og Fosen er et av omr\u00e5dene i landet med st\u00f8rst vekstpotensial. \u00d8rland har i det siste hatt st\u00f8rre befolkningsvekst enn landsgjennomsnittet. \u00d8rland er i fylkestoppen p\u00e5 detaljvarehandel per innbygger.\",\"breadcrumb\":{\"@id\":\"http:\/\/audun.teks.no\/for-bedrift\/vekst\/#breadcrumb\"},\"inLanguage\":\"en-US\",\"potentialAction\":[{\"@type\":\"ReadAction\",\"target\":[\"http:\/\/audun.teks.no\/for-bedrift\/vekst\/\"]}]},{\"@type\":\"ImageObject\",\"inLanguage\":\"en-US\",\"@id\":\"http:\/\/audun.teks.no\/for-bedrift\/vekst\/#primaryimage\",\"url\":\"http:\/\/audun.teks.no\/wp-content\/uploads\/2017\/09\/anlegg.jpg\",\"contentUrl\":\"http:\/\/audun.teks.no\/wp-content\/uploads\/2017\/09\/anlegg.jpg\",\"width\":1200,\"height\":693,\"caption\":\"\u00d8rland - byggeprosjekt anlegg\"},{\"@type\":\"BreadcrumbList\",\"@id\":\"http:\/\/audun.teks.no\/for-bedrift\/vekst\/#breadcrumb\",\"itemListElement\":[{\"@type\":\"ListItem\",\"position\":1,\"name\":\"Hjem\",\"item\":\"http:\/\/audun.teks.no\/\"},{\"@type\":\"ListItem\",\"position\":2,\"name\":\"For bedrift\",\"item\":\"http:\/\/audun.teks.no\/for-bedrift\/\"},{\"@type\":\"ListItem\",\"position\":3,\"name\":\"Vekst\"}]},{\"@type\":\"WebSite\",\"@id\":\"http:\/\/audun.teks.no\/#website\",\"url\":\"http:\/\/audun.teks.no\/\",\"name\":\"\u00d8rland-TEKS-tmp\",\"description\":\"Velkommen til flotte kystopplevelser\",\"publisher\":{\"@id\":\"http:\/\/audun.teks.no\/#organization\"},\"potentialAction\":[{\"@type\":\"SearchAction\",\"target\":{\"@type\":\"EntryPoint\",\"urlTemplate\":\"http:\/\/audun.teks.no\/?s={search_term_string}\"},\"query-input\":{\"@type\":\"PropertyValueSpecification\",\"valueRequired\":true,\"valueName\":\"search_term_string\"}}],\"inLanguage\":\"en-US\"},{\"@type\":\"Organization\",\"@id\":\"http:\/\/audun.teks.no\/#organization\",\"name\":\"\u00d8rland\",\"url\":\"http:\/\/audun.teks.no\/\",\"logo\":{\"@type\":\"ImageObject\",\"inLanguage\":\"en-US\",\"@id\":\"http:\/\/audun.teks.no\/#\/schema\/logo\/image\/\",\"url\":\"http:\/\/audun.teks.no\/wp-content\/uploads\/2020\/04\/RORET-\u00d8rland-kulturforetak-KF.jpg\",\"contentUrl\":\"http:\/\/audun.teks.no\/wp-content\/uploads\/2020\/04\/RORET-\u00d8rland-kulturforetak-KF.jpg\",\"width\":1772,\"height\":969,\"caption\":\"\u00d8rland\"},\"image\":{\"@id\":\"http:\/\/audun.teks.no\/#\/schema\/logo\/image\/\"}}]}<\/script>\n<!-- \/ Yoast SEO plugin. -->","yoast_head_json":{"title":"\u00d8rland og Fosen har stort vekstpotensial - \u00d8rland","description":"\u00d8rland og Fosen er et av omr\u00e5dene i landet med st\u00f8rst vekstpotensial. \u00d8rland har i det siste hatt st\u00f8rre befolkningsvekst enn landsgjennomsnittet. \u00d8rland er i fylkestoppen p\u00e5 detaljvarehandel per innbygger.","robots":{"index":"noindex","follow":"follow","max-snippet":"max-snippet:-1","max-image-preview":"max-image-preview:large","max-video-preview":"max-video-preview:-1"},"og_locale":"en_US","og_type":"article","og_title":"\u00d8rland og Fosen har stort vekstpotensial - \u00d8rland","og_description":"\u00d8rland og Fosen er et av omr\u00e5dene i landet med st\u00f8rst vekstpotensial. \u00d8rland har i det siste hatt st\u00f8rre befolkningsvekst enn landsgjennomsnittet. \u00d8rland er i fylkestoppen p\u00e5 detaljvarehandel per innbygger.","og_url":"http:\/\/audun.teks.no\/en\/for-bedrift\/vekst\/","og_site_name":"\u00d8rland-TEKS-tmp","article_modified_time":"2019-10-01T10:46:42+00:00","og_image":[{"width":1200,"height":693,"url":"http:\/\/audun.teks.no\/wp-content\/uploads\/2017\/09\/anlegg.jpg","type":"image\/jpeg"}],"twitter_card":"summary_large_image","twitter_misc":{"Est. reading time":"1 minute"},"schema":{"@context":"https:\/\/schema.org","@graph":[{"@type":"WebPage","@id":"http:\/\/audun.teks.no\/for-bedrift\/vekst\/","url":"http:\/\/audun.teks.no\/for-bedrift\/vekst\/","name":"\u00d8rland og Fosen har stort vekstpotensial - \u00d8rland","isPartOf":{"@id":"http:\/\/audun.teks.no\/#website"},"primaryImageOfPage":{"@id":"http:\/\/audun.teks.no\/for-bedrift\/vekst\/#primaryimage"},"image":{"@id":"http:\/\/audun.teks.no\/for-bedrift\/vekst\/#primaryimage"},"thumbnailUrl":"http:\/\/audun.teks.no\/wp-content\/uploads\/2017\/09\/anlegg.jpg","datePublished":"2017-09-08T08:23:33+00:00","dateModified":"2019-10-01T10:46:42+00:00","description":"\u00d8rland og Fosen er et av omr\u00e5dene i landet med st\u00f8rst vekstpotensial. \u00d8rland har i det siste hatt st\u00f8rre befolkningsvekst enn landsgjennomsnittet. \u00d8rland er i fylkestoppen p\u00e5 detaljvarehandel per innbygger.","breadcrumb":{"@id":"http:\/\/audun.teks.no\/for-bedrift\/vekst\/#breadcrumb"},"inLanguage":"en-US","potentialAction":[{"@type":"ReadAction","target":["http:\/\/audun.teks.no\/for-bedrift\/vekst\/"]}]},{"@type":"ImageObject","inLanguage":"en-US","@id":"http:\/\/audun.teks.no\/for-bedrift\/vekst\/#primaryimage","url":"http:\/\/audun.teks.no\/wp-content\/uploads\/2017\/09\/anlegg.jpg","contentUrl":"http:\/\/audun.teks.no\/wp-content\/uploads\/2017\/09\/anlegg.jpg","width":1200,"height":693,"caption":"\u00d8rland - byggeprosjekt anlegg"},{"@type":"BreadcrumbList","@id":"http:\/\/audun.teks.no\/for-bedrift\/vekst\/#breadcrumb","itemListElement":[{"@type":"ListItem","position":1,"name":"Hjem","item":"http:\/\/audun.teks.no\/"},{"@type":"ListItem","position":2,"name":"For bedrift","item":"http:\/\/audun.teks.no\/for-bedrift\/"},{"@type":"ListItem","position":3,"name":"Vekst"}]},{"@type":"WebSite","@id":"http:\/\/audun.teks.no\/#website","url":"http:\/\/audun.teks.no\/","name":"\u00d8rland-TEKS-tmp","description":"Velkommen til flotte kystopplevelser","publisher":{"@id":"http:\/\/audun.teks.no\/#organization"},"potentialAction":[{"@type":"SearchAction","target":{"@type":"EntryPoint","urlTemplate":"http:\/\/audun.teks.no\/?s={search_term_string}"},"query-input":{"@type":"PropertyValueSpecification","valueRequired":true,"valueName":"search_term_string"}}],"inLanguage":"en-US"},{"@type":"Organization","@id":"http:\/\/audun.teks.no\/#organization","name":"\u00d8rland","url":"http:\/\/audun.teks.no\/","logo":{"@type":"ImageObject","inLanguage":"en-US","@id":"http:\/\/audun.teks.no\/#\/schema\/logo\/image\/","url":"http:\/\/audun.teks.no\/wp-content\/uploads\/2020\/04\/RORET-\u00d8rland-kulturforetak-KF.jpg","contentUrl":"http:\/\/audun.teks.no\/wp-content\/uploads\/2020\/04\/RORET-\u00d8rland-kulturforetak-KF.jpg","width":1772,"height":969,"caption":"\u00d8rland"},"image":{"@id":"http:\/\/audun.teks.no\/#\/schema\/logo\/image\/"}}]}},"acf":[],"_links":{"self":[{"href":"http:\/\/audun.teks.no\/en\/wp-json\/wp\/v2\/pages\/32","targetHints":{"allow":["GET"]}}],"collection":[{"href":"http:\/\/audun.teks.no\/en\/wp-json\/wp\/v2\/pages"}],"about":[{"href":"http:\/\/audun.teks.no\/en\/wp-json\/wp\/v2\/types\/page"}],"author":[{"embeddable":true,"href":"http:\/\/audun.teks.no\/en\/wp-json\/wp\/v2\/users\/1"}],"replies":[{"embeddable":true,"href":"http:\/\/audun.teks.no\/en\/wp-json\/wp\/v2\/comments?post=32"}],"version-history":[{"count":44,"href":"http:\/\/audun.teks.no\/en\/wp-json\/wp\/v2\/pages\/32\/revisions"}],"predecessor-version":[{"id":2431,"href":"http:\/\/audun.teks.no\/en\/wp-json\/wp\/v2\/pages\/32\/revisions\/2431"}],"up":[{"embeddable":true,"href":"http:\/\/audun.teks.no\/en\/wp-json\/wp\/v2\/pages\/12"}],"wp:featuredmedia":[{"embeddable":true,"href":"http:\/\/audun.teks.no\/en\/wp-json\/wp\/v2\/media\/377"}],"wp:attachment":[{"href":"http:\/\/audun.teks.no\/en\/wp-json\/wp\/v2\/media?parent=32"}],"curies":[{"name":"wp","href":"https:\/\/api.w.org\/{rel}","templated":true}]}}