{"id":30,"date":"2017-09-08T08:23:21","date_gmt":"2017-09-08T08:23:21","guid":{"rendered":"http:\/\/orland.no\/?page_id=30"},"modified":"2020-11-30T19:50:48","modified_gmt":"2020-11-30T19:50:48","slug":"tomt-eiendom","status":"publish","type":"page","link":"http:\/\/audun.teks.no\/en\/for-bedrift\/tomt-eiendom\/","title":{"rendered":"N\u00e6ringstomt \/ N\u00e6ringseiendom"},"content":{"rendered":"<h3>\u00d8rland har lagt til rette for n\u00e6ringslivet ved \u00e5 regulere og \u00e5 bygge ut n\u00e6ringsareal til alle form\u00e5l.<!--more--><\/h3>\n<p><a href=\"https:\/\/drive.google.com\/open?id=1KEo1hJOqVu_I3gBrxISAat1TkcQ_rfRR&amp;usp=sharing\"><img loading=\"lazy\" decoding=\"async\" class=\"alignleft wp-image-501 size-medium\" src=\"http:\/\/audun.teks.no\/wp-content\/uploads\/2018\/02\/Klikk-for-interaktivt-kart-over-n\u00e6ringsareal-i-\u00d8rland-1-300x169.jpg\" alt=\"\" width=\"300\" height=\"169\" srcset=\"http:\/\/audun.teks.no\/wp-content\/uploads\/2018\/02\/Klikk-for-interaktivt-kart-over-n\u00e6ringsareal-i-\u00d8rland-1-300x169.jpg 300w, http:\/\/audun.teks.no\/wp-content\/uploads\/2018\/02\/Klikk-for-interaktivt-kart-over-n\u00e6ringsareal-i-\u00d8rland-1-768x432.jpg 768w, http:\/\/audun.teks.no\/wp-content\/uploads\/2018\/02\/Klikk-for-interaktivt-kart-over-n\u00e6ringsareal-i-\u00d8rland-1-1024x576.jpg 1024w, http:\/\/audun.teks.no\/wp-content\/uploads\/2018\/02\/Klikk-for-interaktivt-kart-over-n\u00e6ringsareal-i-\u00d8rland-1.jpg 1280w\" sizes=\"auto, (max-width: 300px) 100vw, 300px\" \/><\/a><\/p>\n<p>\u00d8rland har lokalene. \u00d8rland har tomtene. \u00d8rland har visjonene. P\u00e5 Brekstad finner du alt fra ledige og innflytningsklare lokaler for bedrifter som vurderer flytting, til byggeklare tomter for bedrifter med langsiktige planer.<\/p>\n<p>Er du interessert i investering og eiendomsutvikling i\u00a0 \u00d8rland? Ta kontakt med enhetsleder n\u00e6ring Arne Martin Solli eller enhetsleder n\u00e6ring, bl\u00e5 sektor \u00c5dne R\u00f8kkum som gjerne diskuterer investeringer, planer, \u00f8nsker og behov for fremtidige arealer eller lokaler i \u00d8rland.<\/p>\n<p>\u00d8rland er en proaktiv og n\u00e6ringsvennlig kommune b\u00e5de i ord og handling. Det er enkelt \u00e5 etablere seg her, og det er enkelt \u00e5 utvikle bedriften. B\u00e5de kommunen og private akt\u00f8rer har attraktivt utbyggingsklart n\u00e6ringsareal. Kommunen har lagt til rette ved \u00e5 ikke bare ferdigregulere areal, men \u00e5 klargj\u00f8re for utbygging ved \u00e5 ferdigstille tomtene for p\u00e5kobling til vann, vei, kloakk og fiber. Kommunen har kort saksbehandling. Kommunen tilbyr ogs\u00e5 langtidsleie.<\/p>\n<p><!--more--><\/p>\n\n\t\t<style type=\"text\/css\">\n\t\t\t#gallery-2 {\n\t\t\t\tmargin: auto;\n\t\t\t}\n\t\t\t#gallery-2 .gallery-item {\n\t\t\t\tfloat: left;\n\t\t\t\tmargin-top: 10px;\n\t\t\t\ttext-align: center;\n\t\t\t\twidth: 33%;\n\t\t\t}\n\t\t\t#gallery-2 img {\n\t\t\t\tborder: 2px solid #cfcfcf;\n\t\t\t}\n\t\t\t#gallery-2 .gallery-caption {\n\t\t\t\tmargin-left: 0;\n\t\t\t}\n\t\t\t\/* see gallery_shortcode() in wp-includes\/media.php *\/\n\t\t<\/style>\n\t\t<div id='gallery-2' class='gallery galleryid-30 gallery-columns-3 gallery-size-thumbnail'><dl class='gallery-item'>\n\t\t\t<dt class='gallery-icon landscape'>\n\t\t\t\t<a href=\"http:\/\/audun.teks.no\/en\/bjugn-sentrum\/\" class=\"no-lightbox\"><img loading=\"lazy\" decoding=\"async\" width=\"150\" height=\"150\" src=\"http:\/\/audun.teks.no\/wp-content\/uploads\/2020\/11\/Orland-radhus-150x150.jpg\" class=\"attachment-thumbnail size-thumbnail\" alt=\"\" aria-describedby=\"gallery-2-519895\" \/><\/a>\n\t\t\t<\/dt>\n\t\t\t\t<dd class='wp-caption-text gallery-caption' id='gallery-2-519895'>\n\t\t\t\tBjugn sentrum\n\t\t\t\t<\/dd><\/dl><dl class='gallery-item'>\n\t\t\t<dt class='gallery-icon landscape'>\n\t\t\t\t<a href=\"http:\/\/audun.teks.no\/en\/brekstadbukta\/\" class=\"no-lightbox\"><img loading=\"lazy\" decoding=\"async\" width=\"150\" height=\"150\" src=\"http:\/\/audun.teks.no\/wp-content\/uploads\/2018\/02\/DSC00931-150x150.jpg\" class=\"attachment-thumbnail size-thumbnail\" alt=\"\" aria-describedby=\"gallery-2-506\" \/><\/a>\n\t\t\t<\/dt>\n\t\t\t\t<dd class='wp-caption-text gallery-caption' id='gallery-2-506'>\n\t\t\t\tBrekstadbukta\n\t\t\t\t<\/dd><\/dl><dl class='gallery-item'>\n\t\t\t<dt class='gallery-icon landscape'>\n\t\t\t\t<a href=\"http:\/\/audun.teks.no\/en\/brekstad-sentrum\/\" class=\"no-lightbox\"><img loading=\"lazy\" decoding=\"async\" width=\"150\" height=\"150\" src=\"http:\/\/audun.teks.no\/wp-content\/uploads\/2018\/02\/DSC00875-150x150.jpg\" class=\"attachment-thumbnail size-thumbnail\" alt=\"\" aria-describedby=\"gallery-2-505\" \/><\/a>\n\t\t\t<\/dt>\n\t\t\t\t<dd class='wp-caption-text gallery-caption' id='gallery-2-505'>\n\t\t\t\tBrekstad sentrum\n\t\t\t\t<\/dd><\/dl><br style=\"clear: both\" \/><dl class='gallery-item'>\n\t\t\t<dt class='gallery-icon landscape'>\n\t\t\t\t<a href=\"http:\/\/audun.teks.no\/en\/myran-industriomrade\/\" target=\"_blank\" class=\"set-target no-lightbox\"><img loading=\"lazy\" decoding=\"async\" width=\"150\" height=\"150\" src=\"http:\/\/audun.teks.no\/wp-content\/uploads\/2020\/11\/Myran-bilde-fra-F-F-150x150.jpg\" class=\"attachment-thumbnail size-thumbnail\" alt=\"\" aria-describedby=\"gallery-2-519747\" \/><\/a>\n\t\t\t<\/dt>\n\t\t\t\t<dd class='wp-caption-text gallery-caption' id='gallery-2-519747'>\n\t\t\t\tMyran industriomr\u00e5de\n\t\t\t\t<\/dd><\/dl><dl class='gallery-item'>\n\t\t\t<dt class='gallery-icon landscape'>\n\t\t\t\t<a href=\"http:\/\/audun.teks.no\/en\/reitan-naeringspark\/\" class=\"no-lightbox\"><img loading=\"lazy\" decoding=\"async\" width=\"150\" height=\"150\" src=\"http:\/\/audun.teks.no\/wp-content\/uploads\/2020\/11\/Oversikt-fra-ost-150x150.jpg\" class=\"attachment-thumbnail size-thumbnail\" alt=\"\" aria-describedby=\"gallery-2-519798\" \/><\/a>\n\t\t\t<\/dt>\n\t\t\t\t<dd class='wp-caption-text gallery-caption' id='gallery-2-519798'>\n\t\t\t\tReitan N\u00e6ringspark\n\t\t\t\t<\/dd><\/dl><dl class='gallery-item'>\n\t\t\t<dt class='gallery-icon landscape'>\n\t\t\t\t<a href=\"http:\/\/audun.teks.no\/en\/uthaug-havn\/\" class=\"no-lightbox\"><img loading=\"lazy\" decoding=\"async\" width=\"150\" height=\"150\" src=\"http:\/\/audun.teks.no\/wp-content\/uploads\/2018\/02\/uth-150x150.jpg\" class=\"attachment-thumbnail size-thumbnail\" alt=\"\" aria-describedby=\"gallery-2-507\" \/><\/a>\n\t\t\t<\/dt>\n\t\t\t\t<dd class='wp-caption-text gallery-caption' id='gallery-2-507'>\n\t\t\t\tUthaug havn\n\t\t\t\t<\/dd><\/dl><br style=\"clear: both\" \/><dl class='gallery-item'>\n\t\t\t<dt class='gallery-icon landscape'>\n\t\t\t\t<a href=\"http:\/\/audun.teks.no\/en\/valsneset-industriomrade\/\" class=\"no-lightbox\"><img loading=\"lazy\" decoding=\"async\" width=\"150\" height=\"150\" src=\"http:\/\/audun.teks.no\/wp-content\/uploads\/2020\/11\/Valsneset-bilde-F-F-150x150.jpg\" class=\"attachment-thumbnail size-thumbnail\" alt=\"\" aria-describedby=\"gallery-2-519746\" \/><\/a>\n\t\t\t<\/dt>\n\t\t\t\t<dd class='wp-caption-text gallery-caption' id='gallery-2-519746'>\n\t\t\t\tValsneset Industriomr\u00e5de\n\t\t\t\t<\/dd><\/dl><dl class='gallery-item'>\n\t\t\t<dt class='gallery-icon landscape'>\n\t\t\t\t<a href=\"http:\/\/audun.teks.no\/en\/orland-naeringspark\/\" class=\"no-lightbox\"><img loading=\"lazy\" decoding=\"async\" width=\"150\" height=\"150\" src=\"http:\/\/audun.teks.no\/wp-content\/uploads\/2018\/02\/Ulsetmyra-n\u00e6ringsomr\u00e5de-Perspektiv-mot-Brekstad_-150x150.jpg\" class=\"attachment-thumbnail size-thumbnail\" alt=\"\" aria-describedby=\"gallery-2-492\" \/><\/a>\n\t\t\t<\/dt>\n\t\t\t\t<dd class='wp-caption-text gallery-caption' id='gallery-2-492'>\n\t\t\t\t\u00d8rland N\u00e6ringspark vest\n\t\t\t\t<\/dd><\/dl><dl class='gallery-item'>\n\t\t\t<dt class='gallery-icon landscape'>\n\t\t\t\t<a href=\"http:\/\/audun.teks.no\/en\/brekstad-vestre\/\" class=\"no-lightbox\"><img loading=\"lazy\" decoding=\"async\" width=\"150\" height=\"150\" src=\"http:\/\/audun.teks.no\/wp-content\/uploads\/2018\/02\/IMG_5310-150x150.jpg\" class=\"attachment-thumbnail size-thumbnail\" alt=\"\" aria-describedby=\"gallery-2-489\" \/><\/a>\n\t\t\t<\/dt>\n\t\t\t\t<dd class='wp-caption-text gallery-caption' id='gallery-2-489'>\n\t\t\t\t\u00d8rland N\u00e6ringspark \u00f8st\n\t\t\t\t<\/dd><\/dl><br style=\"clear: both\" \/>\n\t\t<\/div>\n\n<h3><\/h3>\n<h3><span style=\"color: #333333;\">Contact us<\/span><\/h3>\n<ul>\n<li>Arne Martin Solli, Enhetsleder n\u00e6ring\n<ul>\n<li>Tel: 415 52 116<\/li>\n<li>ams@orland.kommune.no<\/li>\n<\/ul>\n<\/li>\n<li>\u00c5dne R\u00f8kkum, Enhetsleder n\u00e6ring, bl\u00e5 sektor\n<ul>\n<li>Tel 908 15 578<\/li>\n<li>adne.rokkum@orland.kommune.no<\/li>\n<\/ul>\n<\/li>\n<\/ul>\n<h3><\/h3>\n\n\n<p><\/p>\n\n\n\n<p><\/p>\n\n\n\n<p><\/p>\n\n\n\n<p><\/p>","protected":false},"excerpt":{"rendered":"<p>\u00d8rland har lagt til rette for n\u00e6ringslivet ved \u00e5 regulere og \u00e5 bygge ut n\u00e6ringsareal til alle form\u00e5l.<\/p>","protected":false},"author":1,"featured_media":377,"parent":12,"menu_order":0,"comment_status":"closed","ping_status":"closed","template":"","meta":{"ngg_post_thumbnail":0,"footnotes":""},"class_list":["post-30","page","type-page","status-publish","has-post-thumbnail","hentry"],"yoast_head":"<!-- This site is optimized with the Yoast SEO plugin v26.8 - https:\/\/yoast.com\/product\/yoast-seo-wordpress\/ -->\n<title>Tomt, eiendom og n\u00e6ringsareal til alle form\u00e5l - \u00d8rland<\/title>\n<meta name=\"description\" content=\"\u00d8rland har lagt til rette for n\u00e6ringslivet ved \u00e5 regulere og \u00e5 bygge ut n\u00e6ringsareal til alle form\u00e5l. Det er nkelt \u00e5 etablere bedrift i \u00d8rland.\" \/>\n<meta name=\"robots\" content=\"noindex, follow, max-snippet:-1, max-image-preview:large, max-video-preview:-1\" \/>\n<meta property=\"og:locale\" content=\"en_US\" \/>\n<meta property=\"og:type\" content=\"article\" \/>\n<meta property=\"og:title\" content=\"Tomt, eiendom og n\u00e6ringsareal til alle form\u00e5l - \u00d8rland\" \/>\n<meta property=\"og:description\" content=\"\u00d8rland har lagt til rette for n\u00e6ringslivet ved \u00e5 regulere og \u00e5 bygge ut n\u00e6ringsareal til alle form\u00e5l. Det er nkelt \u00e5 etablere bedrift i \u00d8rland.\" \/>\n<meta property=\"og:url\" content=\"http:\/\/audun.teks.no\/en\/for-bedrift\/tomt-eiendom\/\" \/>\n<meta property=\"og:site_name\" content=\"\u00d8rland-TEKS-tmp\" \/>\n<meta property=\"article:modified_time\" content=\"2020-11-30T19:50:48+00:00\" \/>\n<meta property=\"og:image\" content=\"http:\/\/audun.teks.no\/wp-content\/uploads\/2017\/09\/anlegg.jpg\" \/>\n\t<meta property=\"og:image:width\" content=\"1200\" \/>\n\t<meta property=\"og:image:height\" content=\"693\" \/>\n\t<meta property=\"og:image:type\" content=\"image\/jpeg\" \/>\n<meta name=\"twitter:card\" content=\"summary_large_image\" \/>\n<meta name=\"twitter:label1\" content=\"Est. reading time\" \/>\n\t<meta name=\"twitter:data1\" content=\"1 minute\" \/>\n<script type=\"application\/ld+json\" class=\"yoast-schema-graph\">{\"@context\":\"https:\/\/schema.org\",\"@graph\":[{\"@type\":\"WebPage\",\"@id\":\"http:\/\/audun.teks.no\/for-bedrift\/tomt-eiendom\/\",\"url\":\"http:\/\/audun.teks.no\/for-bedrift\/tomt-eiendom\/\",\"name\":\"Tomt, eiendom og n\u00e6ringsareal til alle form\u00e5l - \u00d8rland\",\"isPartOf\":{\"@id\":\"http:\/\/audun.teks.no\/#website\"},\"primaryImageOfPage\":{\"@id\":\"http:\/\/audun.teks.no\/for-bedrift\/tomt-eiendom\/#primaryimage\"},\"image\":{\"@id\":\"http:\/\/audun.teks.no\/for-bedrift\/tomt-eiendom\/#primaryimage\"},\"thumbnailUrl\":\"http:\/\/audun.teks.no\/wp-content\/uploads\/2017\/09\/anlegg.jpg\",\"datePublished\":\"2017-09-08T08:23:21+00:00\",\"dateModified\":\"2020-11-30T19:50:48+00:00\",\"description\":\"\u00d8rland har lagt til rette for n\u00e6ringslivet ved \u00e5 regulere og \u00e5 bygge ut n\u00e6ringsareal til alle form\u00e5l. Det er nkelt \u00e5 etablere bedrift i \u00d8rland.\",\"breadcrumb\":{\"@id\":\"http:\/\/audun.teks.no\/for-bedrift\/tomt-eiendom\/#breadcrumb\"},\"inLanguage\":\"en-US\",\"potentialAction\":[{\"@type\":\"ReadAction\",\"target\":[\"http:\/\/audun.teks.no\/for-bedrift\/tomt-eiendom\/\"]}]},{\"@type\":\"ImageObject\",\"inLanguage\":\"en-US\",\"@id\":\"http:\/\/audun.teks.no\/for-bedrift\/tomt-eiendom\/#primaryimage\",\"url\":\"http:\/\/audun.teks.no\/wp-content\/uploads\/2017\/09\/anlegg.jpg\",\"contentUrl\":\"http:\/\/audun.teks.no\/wp-content\/uploads\/2017\/09\/anlegg.jpg\",\"width\":1200,\"height\":693,\"caption\":\"\u00d8rland - byggeprosjekt anlegg\"},{\"@type\":\"BreadcrumbList\",\"@id\":\"http:\/\/audun.teks.no\/for-bedrift\/tomt-eiendom\/#breadcrumb\",\"itemListElement\":[{\"@type\":\"ListItem\",\"position\":1,\"name\":\"Hjem\",\"item\":\"http:\/\/audun.teks.no\/\"},{\"@type\":\"ListItem\",\"position\":2,\"name\":\"For bedrift\",\"item\":\"http:\/\/audun.teks.no\/for-bedrift\/\"},{\"@type\":\"ListItem\",\"position\":3,\"name\":\"N\u00e6ringstomt \/ N\u00e6ringseiendom\"}]},{\"@type\":\"WebSite\",\"@id\":\"http:\/\/audun.teks.no\/#website\",\"url\":\"http:\/\/audun.teks.no\/\",\"name\":\"\u00d8rland-TEKS-tmp\",\"description\":\"Velkommen til flotte kystopplevelser\",\"publisher\":{\"@id\":\"http:\/\/audun.teks.no\/#organization\"},\"potentialAction\":[{\"@type\":\"SearchAction\",\"target\":{\"@type\":\"EntryPoint\",\"urlTemplate\":\"http:\/\/audun.teks.no\/?s={search_term_string}\"},\"query-input\":{\"@type\":\"PropertyValueSpecification\",\"valueRequired\":true,\"valueName\":\"search_term_string\"}}],\"inLanguage\":\"en-US\"},{\"@type\":\"Organization\",\"@id\":\"http:\/\/audun.teks.no\/#organization\",\"name\":\"\u00d8rland\",\"url\":\"http:\/\/audun.teks.no\/\",\"logo\":{\"@type\":\"ImageObject\",\"inLanguage\":\"en-US\",\"@id\":\"http:\/\/audun.teks.no\/#\/schema\/logo\/image\/\",\"url\":\"http:\/\/audun.teks.no\/wp-content\/uploads\/2020\/04\/RORET-\u00d8rland-kulturforetak-KF.jpg\",\"contentUrl\":\"http:\/\/audun.teks.no\/wp-content\/uploads\/2020\/04\/RORET-\u00d8rland-kulturforetak-KF.jpg\",\"width\":1772,\"height\":969,\"caption\":\"\u00d8rland\"},\"image\":{\"@id\":\"http:\/\/audun.teks.no\/#\/schema\/logo\/image\/\"}}]}<\/script>\n<!-- \/ Yoast SEO plugin. -->","yoast_head_json":{"title":"Tomt, eiendom og n\u00e6ringsareal til alle form\u00e5l - \u00d8rland","description":"\u00d8rland har lagt til rette for n\u00e6ringslivet ved \u00e5 regulere og \u00e5 bygge ut n\u00e6ringsareal til alle form\u00e5l. Det er nkelt \u00e5 etablere bedrift i \u00d8rland.","robots":{"index":"noindex","follow":"follow","max-snippet":"max-snippet:-1","max-image-preview":"max-image-preview:large","max-video-preview":"max-video-preview:-1"},"og_locale":"en_US","og_type":"article","og_title":"Tomt, eiendom og n\u00e6ringsareal til alle form\u00e5l - \u00d8rland","og_description":"\u00d8rland har lagt til rette for n\u00e6ringslivet ved \u00e5 regulere og \u00e5 bygge ut n\u00e6ringsareal til alle form\u00e5l. Det er nkelt \u00e5 etablere bedrift i \u00d8rland.","og_url":"http:\/\/audun.teks.no\/en\/for-bedrift\/tomt-eiendom\/","og_site_name":"\u00d8rland-TEKS-tmp","article_modified_time":"2020-11-30T19:50:48+00:00","og_image":[{"width":1200,"height":693,"url":"http:\/\/audun.teks.no\/wp-content\/uploads\/2017\/09\/anlegg.jpg","type":"image\/jpeg"}],"twitter_card":"summary_large_image","twitter_misc":{"Est. reading time":"1 minute"},"schema":{"@context":"https:\/\/schema.org","@graph":[{"@type":"WebPage","@id":"http:\/\/audun.teks.no\/for-bedrift\/tomt-eiendom\/","url":"http:\/\/audun.teks.no\/for-bedrift\/tomt-eiendom\/","name":"Tomt, eiendom og n\u00e6ringsareal til alle form\u00e5l - \u00d8rland","isPartOf":{"@id":"http:\/\/audun.teks.no\/#website"},"primaryImageOfPage":{"@id":"http:\/\/audun.teks.no\/for-bedrift\/tomt-eiendom\/#primaryimage"},"image":{"@id":"http:\/\/audun.teks.no\/for-bedrift\/tomt-eiendom\/#primaryimage"},"thumbnailUrl":"http:\/\/audun.teks.no\/wp-content\/uploads\/2017\/09\/anlegg.jpg","datePublished":"2017-09-08T08:23:21+00:00","dateModified":"2020-11-30T19:50:48+00:00","description":"\u00d8rland har lagt til rette for n\u00e6ringslivet ved \u00e5 regulere og \u00e5 bygge ut n\u00e6ringsareal til alle form\u00e5l. Det er nkelt \u00e5 etablere bedrift i \u00d8rland.","breadcrumb":{"@id":"http:\/\/audun.teks.no\/for-bedrift\/tomt-eiendom\/#breadcrumb"},"inLanguage":"en-US","potentialAction":[{"@type":"ReadAction","target":["http:\/\/audun.teks.no\/for-bedrift\/tomt-eiendom\/"]}]},{"@type":"ImageObject","inLanguage":"en-US","@id":"http:\/\/audun.teks.no\/for-bedrift\/tomt-eiendom\/#primaryimage","url":"http:\/\/audun.teks.no\/wp-content\/uploads\/2017\/09\/anlegg.jpg","contentUrl":"http:\/\/audun.teks.no\/wp-content\/uploads\/2017\/09\/anlegg.jpg","width":1200,"height":693,"caption":"\u00d8rland - byggeprosjekt anlegg"},{"@type":"BreadcrumbList","@id":"http:\/\/audun.teks.no\/for-bedrift\/tomt-eiendom\/#breadcrumb","itemListElement":[{"@type":"ListItem","position":1,"name":"Hjem","item":"http:\/\/audun.teks.no\/"},{"@type":"ListItem","position":2,"name":"For bedrift","item":"http:\/\/audun.teks.no\/for-bedrift\/"},{"@type":"ListItem","position":3,"name":"N\u00e6ringstomt \/ N\u00e6ringseiendom"}]},{"@type":"WebSite","@id":"http:\/\/audun.teks.no\/#website","url":"http:\/\/audun.teks.no\/","name":"\u00d8rland-TEKS-tmp","description":"Velkommen til flotte kystopplevelser","publisher":{"@id":"http:\/\/audun.teks.no\/#organization"},"potentialAction":[{"@type":"SearchAction","target":{"@type":"EntryPoint","urlTemplate":"http:\/\/audun.teks.no\/?s={search_term_string}"},"query-input":{"@type":"PropertyValueSpecification","valueRequired":true,"valueName":"search_term_string"}}],"inLanguage":"en-US"},{"@type":"Organization","@id":"http:\/\/audun.teks.no\/#organization","name":"\u00d8rland","url":"http:\/\/audun.teks.no\/","logo":{"@type":"ImageObject","inLanguage":"en-US","@id":"http:\/\/audun.teks.no\/#\/schema\/logo\/image\/","url":"http:\/\/audun.teks.no\/wp-content\/uploads\/2020\/04\/RORET-\u00d8rland-kulturforetak-KF.jpg","contentUrl":"http:\/\/audun.teks.no\/wp-content\/uploads\/2020\/04\/RORET-\u00d8rland-kulturforetak-KF.jpg","width":1772,"height":969,"caption":"\u00d8rland"},"image":{"@id":"http:\/\/audun.teks.no\/#\/schema\/logo\/image\/"}}]}},"acf":[],"_links":{"self":[{"href":"http:\/\/audun.teks.no\/en\/wp-json\/wp\/v2\/pages\/30","targetHints":{"allow":["GET"]}}],"collection":[{"href":"http:\/\/audun.teks.no\/en\/wp-json\/wp\/v2\/pages"}],"about":[{"href":"http:\/\/audun.teks.no\/en\/wp-json\/wp\/v2\/types\/page"}],"author":[{"embeddable":true,"href":"http:\/\/audun.teks.no\/en\/wp-json\/wp\/v2\/users\/1"}],"replies":[{"embeddable":true,"href":"http:\/\/audun.teks.no\/en\/wp-json\/wp\/v2\/comments?post=30"}],"version-history":[{"count":50,"href":"http:\/\/audun.teks.no\/en\/wp-json\/wp\/v2\/pages\/30\/revisions"}],"predecessor-version":[{"id":519901,"href":"http:\/\/audun.teks.no\/en\/wp-json\/wp\/v2\/pages\/30\/revisions\/519901"}],"up":[{"embeddable":true,"href":"http:\/\/audun.teks.no\/en\/wp-json\/wp\/v2\/pages\/12"}],"wp:featuredmedia":[{"embeddable":true,"href":"http:\/\/audun.teks.no\/en\/wp-json\/wp\/v2\/media\/377"}],"wp:attachment":[{"href":"http:\/\/audun.teks.no\/en\/wp-json\/wp\/v2\/media?parent=30"}],"curies":[{"name":"wp","href":"https:\/\/api.w.org\/{rel}","templated":true}]}}