{"id":28,"date":"2017-09-08T08:23:11","date_gmt":"2017-09-08T08:23:11","guid":{"rendered":"http:\/\/orland.no\/?page_id=28"},"modified":"2018-04-19T08:56:04","modified_gmt":"2018-04-19T08:56:04","slug":"muligheter","status":"publish","type":"page","link":"http:\/\/audun.teks.no\/en\/for-bedrift\/muligheter\/","title":{"rendered":"Muligheter"},"content":{"rendered":"<h3 id=\"magicdomid124\"><span class=\"author-iapWDnF4wSOA\">\u00d8rland er inne i en fenomenal fase med vekst i jobber, handel, befolkning, nybygg og verdiskaping.<\/span><\/h3>\n<p><!--more--><\/p>\n<p><strong><span class=\"author-iapWDnF4wSOA\">\u00d8rland har allerede et usedvanlig bredt tilbud av varer og tjenester. Bli med p\u00e5 <a href=\"http:\/\/audun.teks.no\/en\/for-bedrift\/vekst\/\" target=\"_blank\" rel=\"noopener\">veksten<\/a> ved \u00e5 flytte bedriften din til \u00d8rlandet eller etabler ny n\u00e6ring her.\u00a0 Kommunen har byggeklart <a href=\"http:\/\/audun.teks.no\/en\/for-bedrift\/tomt-eiendom\/\" target=\"_blank\" rel=\"noopener\">n\u00e6ringsareal<\/a> b\u00e5de til salgs og til leie.<\/span><\/strong><span class=\"author-iapWDnF4wSOA\">\u00a0<\/span><\/p>\n<p><!--more--><\/p>\n<div id=\"magicdomid129\" class=\"\">\n<p><img loading=\"lazy\" decoding=\"async\" class=\"alignleft wp-image-1056 size-large\" src=\"http:\/\/audun.teks.no\/wp-content\/uploads\/2018\/04\/Lokalmarked_illustrasjon_1-1024x908.png\" alt=\"\" width=\"750\" height=\"665\" srcset=\"http:\/\/audun.teks.no\/wp-content\/uploads\/2018\/04\/Lokalmarked_illustrasjon_1-1024x908.png 1024w, http:\/\/audun.teks.no\/wp-content\/uploads\/2018\/04\/Lokalmarked_illustrasjon_1-300x266.png 300w, http:\/\/audun.teks.no\/wp-content\/uploads\/2018\/04\/Lokalmarked_illustrasjon_1-768x681.png 768w, http:\/\/audun.teks.no\/wp-content\/uploads\/2018\/04\/Lokalmarked_illustrasjon_1.png 1118w\" sizes=\"auto, (max-width: 750px) 100vw, 750px\" \/><\/p>\n<p><span class=\"author-iapWDnF4wSOA\">\u00d8rlandet har hatt stor strategisk betydning fra f\u00f8r vikingtiden og vil fortsette \u00e5 ha stor betydning fram til v\u00e5re dager.\u00a0 I dag har kampflybasen i \u00d8rland en sentral rolle i \u00e5 forsvare nasjonen samt med deltakelse i internasjonale milit\u00e6re operasjoner.<\/span><\/p>\n<\/div>\n<div id=\"magicdomid132\" class=\"\"><span class=\"author-iapWDnF4wSOA\">\u00a0<\/span><\/div>\n<div id=\"magicdomid133\" class=\"\"><span class=\"author-iapWDnF4wSOA\">Forsvaret, leverand\u00f8rer til forsvaret og industrien rundt forsvaret betyr flere tusen jobber og mange milliarder kroner i \u00e5rlig omsetning og verdiskaping i Norge. \u00d8rland og Midt-Norge har m\u00e5l og potensiale om \u00e5 ta st\u00f8rre del i denne aktiviteten som f\u00f8lge av at Norges nye kampfly, F-35, stasjoneres her.<\/span><\/div>\n<div><a href=\"https:\/\/midsec.no\/\" target=\"_blank\" rel=\"noopener\">MIDSEC<\/a>\u00a0(Mid Norway Defence and Security Cluster) skal bidra til \u00e5 gj\u00f8re bedrifter i \u00d8rland og Midt-Norge attraktive som leverand\u00f8rer til Forsvaret og forsvarsindustrien.<\/div>\n<div id=\"magicdomid134\" class=\"\"><span class=\"author-iapWDnF4wSOA\">\u00a0<\/span><\/div>\n<div><a href=\"http:\/\/audun.teks.no\/en\/shopping\/\" target=\"_blank\" rel=\"noopener\"><strong>\u00d8rland er et handelssenter i Fosen<\/strong><\/a><\/div>\n<div id=\"magicdomid136\" class=\"\">\u25cf klesbutikker \u25cf dagligvare \u25cf cafeer \u25cf byggevarefirma \u25cf gullsmed \u25cf fris\u00f8rsalonger \u25cf ur og optikk \u25cf restauranter \u25cf elektronikk \u25cf blomsterforretning \u25cf gaveforretninger \u25cf utesteder \u25cf sportsbutikker \u25cf kiosk \u25cf bensinstasjoner \u25cf gartneri \u25cf helsekost \u25cf apotek \u25cf hobbyforretning \u25cf asiatisk\u00a0matvarebutikk \u25cf bokhandel \u25cf velv\u00e6resenter \u25cf banker \u25cf VVS\u00a0 \u25cf kunstgalleri\u00a0 \u25cf fargehandel \u25cf \u00a0hundematutsalg \u25cf \u00a0kontorutstyr \u25cf tatoveringsstudio \u25cf m\u00f8belutsalg \u25cf bakeri \u25cf bilforhandlere \u25cf g\u00e5rdsbutikker \u25cf Vinmonopolet<\/div>\n<div id=\"magicdomid137\" class=\"\"><span class=\"author-iapWDnF4wSOA\">\u00a0<\/span><\/div>\n<div><strong>\u00d8rland er et tjeneste-senter i Fosen<\/strong><\/div>\n<div id=\"magicdomid139\" class=\"\">\u25cf hotell \u25cf advokat \u25cf eiendomsmeglere \u25cf regnskaps-kontor \u25cf banker \u25cf\u00a0 transportfirma \u25cf biltilsynet \u25cf forretnings-r\u00e5dgivere \u25cf lokalavis \u25cf toll &amp; spedisjonsfirma \u25cf reklamebyr\u00e5er \u25cf\u00a0trykkeri \u25cf tannleger \u25cf maskinutleie \u25cf kontortjenester \u25cf fris\u00f8rer \u25cf sementst\u00f8peri \u25cf matkvalitets-sikringsfirma \u25cf rederi \u25cf elektrikere \u25cf r\u00f8rleggere \u25cf trafikkskole \u25cf dronefoto \u25cf vaktselskap \u25cf dykkerfirma \u25cf bemannings-firma \u25cf radio-stasjon \u25cf fotografer \u25cf trafikkskole \u25cf treningssenter \u25cf konsulentfirma \u25cf entrepren\u00f8rer \u25cf fysioterapi \u25cf medisinsk senter<\/div>","protected":false},"excerpt":{"rendered":"<p>\u00d8rland er inne i en fenomenal fase med vekst i jobber, handel, befolkning, nybygg og verdiskaping.<\/p>","protected":false},"author":1,"featured_media":376,"parent":12,"menu_order":0,"comment_status":"closed","ping_status":"closed","template":"","meta":{"ngg_post_thumbnail":0,"footnotes":""},"class_list":["post-28","page","type-page","status-publish","has-post-thumbnail","hentry"],"yoast_head":"<!-- This site is optimized with the Yoast SEO plugin v26.8 - https:\/\/yoast.com\/product\/yoast-seo-wordpress\/ -->\n<title>Gode muligheter for bedrifter, bli med p\u00e5 veksten - \u00d8rland<\/title>\n<meta name=\"description\" content=\"\u00d8rland er inne i en fenomenal fase med vekst i jobber, handel, befolkning, nybygg og verdiskaping. \u00d8rland har allerede et usedvanlig bredt tilbud av varer og tjenester. Bli med p\u00e5 veksten ved \u00e5 flytte bedriften din til \u00d8rlandet eller etabler ny n\u00e6ring her.\u00a0\" \/>\n<meta name=\"robots\" content=\"noindex, follow, max-snippet:-1, max-image-preview:large, max-video-preview:-1\" \/>\n<meta property=\"og:locale\" content=\"en_US\" \/>\n<meta property=\"og:type\" content=\"article\" \/>\n<meta property=\"og:title\" content=\"Gode muligheter for bedrifter, bli med p\u00e5 veksten - \u00d8rland\" \/>\n<meta property=\"og:description\" content=\"\u00d8rland er inne i en fenomenal fase med vekst i jobber, handel, befolkning, nybygg og verdiskaping. \u00d8rland har allerede et usedvanlig bredt tilbud av varer og tjenester. Bli med p\u00e5 veksten ved \u00e5 flytte bedriften din til \u00d8rlandet eller etabler ny n\u00e6ring her.\u00a0\" \/>\n<meta property=\"og:url\" content=\"http:\/\/audun.teks.no\/en\/for-bedrift\/muligheter\/\" \/>\n<meta property=\"og:site_name\" content=\"\u00d8rland-TEKS-tmp\" \/>\n<meta property=\"article:modified_time\" content=\"2018-04-19T08:56:04+00:00\" \/>\n<meta property=\"og:image\" content=\"http:\/\/audun.teks.no\/wp-content\/uploads\/2017\/09\/librasenteret.jpg\" \/>\n\t<meta property=\"og:image:width\" content=\"1200\" \/>\n\t<meta property=\"og:image:height\" content=\"795\" \/>\n\t<meta property=\"og:image:type\" content=\"image\/jpeg\" \/>\n<meta name=\"twitter:card\" content=\"summary_large_image\" \/>\n<meta name=\"twitter:label1\" content=\"Est. reading time\" \/>\n\t<meta name=\"twitter:data1\" content=\"1 minute\" \/>\n<script type=\"application\/ld+json\" class=\"yoast-schema-graph\">{\"@context\":\"https:\/\/schema.org\",\"@graph\":[{\"@type\":\"WebPage\",\"@id\":\"http:\/\/audun.teks.no\/for-bedrift\/muligheter\/\",\"url\":\"http:\/\/audun.teks.no\/for-bedrift\/muligheter\/\",\"name\":\"Gode muligheter for bedrifter, bli med p\u00e5 veksten - \u00d8rland\",\"isPartOf\":{\"@id\":\"http:\/\/audun.teks.no\/#website\"},\"primaryImageOfPage\":{\"@id\":\"http:\/\/audun.teks.no\/for-bedrift\/muligheter\/#primaryimage\"},\"image\":{\"@id\":\"http:\/\/audun.teks.no\/for-bedrift\/muligheter\/#primaryimage\"},\"thumbnailUrl\":\"http:\/\/audun.teks.no\/wp-content\/uploads\/2017\/09\/librasenteret.jpg\",\"datePublished\":\"2017-09-08T08:23:11+00:00\",\"dateModified\":\"2018-04-19T08:56:04+00:00\",\"description\":\"\u00d8rland er inne i en fenomenal fase med vekst i jobber, handel, befolkning, nybygg og verdiskaping. \u00d8rland har allerede et usedvanlig bredt tilbud av varer og tjenester. Bli med p\u00e5 veksten ved \u00e5 flytte bedriften din til \u00d8rlandet eller etabler ny n\u00e6ring her.\u00a0\",\"breadcrumb\":{\"@id\":\"http:\/\/audun.teks.no\/for-bedrift\/muligheter\/#breadcrumb\"},\"inLanguage\":\"en-US\",\"potentialAction\":[{\"@type\":\"ReadAction\",\"target\":[\"http:\/\/audun.teks.no\/for-bedrift\/muligheter\/\"]}]},{\"@type\":\"ImageObject\",\"inLanguage\":\"en-US\",\"@id\":\"http:\/\/audun.teks.no\/for-bedrift\/muligheter\/#primaryimage\",\"url\":\"http:\/\/audun.teks.no\/wp-content\/uploads\/2017\/09\/librasenteret.jpg\",\"contentUrl\":\"http:\/\/audun.teks.no\/wp-content\/uploads\/2017\/09\/librasenteret.jpg\",\"width\":1200,\"height\":795,\"caption\":\"\u00d8rland - Shopping Libra Kj\u00f8pesenter\"},{\"@type\":\"BreadcrumbList\",\"@id\":\"http:\/\/audun.teks.no\/for-bedrift\/muligheter\/#breadcrumb\",\"itemListElement\":[{\"@type\":\"ListItem\",\"position\":1,\"name\":\"Hjem\",\"item\":\"http:\/\/audun.teks.no\/\"},{\"@type\":\"ListItem\",\"position\":2,\"name\":\"For bedrift\",\"item\":\"http:\/\/audun.teks.no\/for-bedrift\/\"},{\"@type\":\"ListItem\",\"position\":3,\"name\":\"Muligheter\"}]},{\"@type\":\"WebSite\",\"@id\":\"http:\/\/audun.teks.no\/#website\",\"url\":\"http:\/\/audun.teks.no\/\",\"name\":\"\u00d8rland-TEKS-tmp\",\"description\":\"Velkommen til flotte kystopplevelser\",\"publisher\":{\"@id\":\"http:\/\/audun.teks.no\/#organization\"},\"potentialAction\":[{\"@type\":\"SearchAction\",\"target\":{\"@type\":\"EntryPoint\",\"urlTemplate\":\"http:\/\/audun.teks.no\/?s={search_term_string}\"},\"query-input\":{\"@type\":\"PropertyValueSpecification\",\"valueRequired\":true,\"valueName\":\"search_term_string\"}}],\"inLanguage\":\"en-US\"},{\"@type\":\"Organization\",\"@id\":\"http:\/\/audun.teks.no\/#organization\",\"name\":\"\u00d8rland\",\"url\":\"http:\/\/audun.teks.no\/\",\"logo\":{\"@type\":\"ImageObject\",\"inLanguage\":\"en-US\",\"@id\":\"http:\/\/audun.teks.no\/#\/schema\/logo\/image\/\",\"url\":\"http:\/\/audun.teks.no\/wp-content\/uploads\/2020\/04\/RORET-\u00d8rland-kulturforetak-KF.jpg\",\"contentUrl\":\"http:\/\/audun.teks.no\/wp-content\/uploads\/2020\/04\/RORET-\u00d8rland-kulturforetak-KF.jpg\",\"width\":1772,\"height\":969,\"caption\":\"\u00d8rland\"},\"image\":{\"@id\":\"http:\/\/audun.teks.no\/#\/schema\/logo\/image\/\"}}]}<\/script>\n<!-- \/ Yoast SEO plugin. -->","yoast_head_json":{"title":"Gode muligheter for bedrifter, bli med p\u00e5 veksten - \u00d8rland","description":"\u00d8rland er inne i en fenomenal fase med vekst i jobber, handel, befolkning, nybygg og verdiskaping. \u00d8rland har allerede et usedvanlig bredt tilbud av varer og tjenester. Bli med p\u00e5 veksten ved \u00e5 flytte bedriften din til \u00d8rlandet eller etabler ny n\u00e6ring her.\u00a0","robots":{"index":"noindex","follow":"follow","max-snippet":"max-snippet:-1","max-image-preview":"max-image-preview:large","max-video-preview":"max-video-preview:-1"},"og_locale":"en_US","og_type":"article","og_title":"Gode muligheter for bedrifter, bli med p\u00e5 veksten - \u00d8rland","og_description":"\u00d8rland er inne i en fenomenal fase med vekst i jobber, handel, befolkning, nybygg og verdiskaping. \u00d8rland har allerede et usedvanlig bredt tilbud av varer og tjenester. Bli med p\u00e5 veksten ved \u00e5 flytte bedriften din til \u00d8rlandet eller etabler ny n\u00e6ring her.\u00a0","og_url":"http:\/\/audun.teks.no\/en\/for-bedrift\/muligheter\/","og_site_name":"\u00d8rland-TEKS-tmp","article_modified_time":"2018-04-19T08:56:04+00:00","og_image":[{"width":1200,"height":795,"url":"http:\/\/audun.teks.no\/wp-content\/uploads\/2017\/09\/librasenteret.jpg","type":"image\/jpeg"}],"twitter_card":"summary_large_image","twitter_misc":{"Est. reading time":"1 minute"},"schema":{"@context":"https:\/\/schema.org","@graph":[{"@type":"WebPage","@id":"http:\/\/audun.teks.no\/for-bedrift\/muligheter\/","url":"http:\/\/audun.teks.no\/for-bedrift\/muligheter\/","name":"Gode muligheter for bedrifter, bli med p\u00e5 veksten - \u00d8rland","isPartOf":{"@id":"http:\/\/audun.teks.no\/#website"},"primaryImageOfPage":{"@id":"http:\/\/audun.teks.no\/for-bedrift\/muligheter\/#primaryimage"},"image":{"@id":"http:\/\/audun.teks.no\/for-bedrift\/muligheter\/#primaryimage"},"thumbnailUrl":"http:\/\/audun.teks.no\/wp-content\/uploads\/2017\/09\/librasenteret.jpg","datePublished":"2017-09-08T08:23:11+00:00","dateModified":"2018-04-19T08:56:04+00:00","description":"\u00d8rland er inne i en fenomenal fase med vekst i jobber, handel, befolkning, nybygg og verdiskaping. \u00d8rland har allerede et usedvanlig bredt tilbud av varer og tjenester. Bli med p\u00e5 veksten ved \u00e5 flytte bedriften din til \u00d8rlandet eller etabler ny n\u00e6ring her.\u00a0","breadcrumb":{"@id":"http:\/\/audun.teks.no\/for-bedrift\/muligheter\/#breadcrumb"},"inLanguage":"en-US","potentialAction":[{"@type":"ReadAction","target":["http:\/\/audun.teks.no\/for-bedrift\/muligheter\/"]}]},{"@type":"ImageObject","inLanguage":"en-US","@id":"http:\/\/audun.teks.no\/for-bedrift\/muligheter\/#primaryimage","url":"http:\/\/audun.teks.no\/wp-content\/uploads\/2017\/09\/librasenteret.jpg","contentUrl":"http:\/\/audun.teks.no\/wp-content\/uploads\/2017\/09\/librasenteret.jpg","width":1200,"height":795,"caption":"\u00d8rland - Shopping Libra Kj\u00f8pesenter"},{"@type":"BreadcrumbList","@id":"http:\/\/audun.teks.no\/for-bedrift\/muligheter\/#breadcrumb","itemListElement":[{"@type":"ListItem","position":1,"name":"Hjem","item":"http:\/\/audun.teks.no\/"},{"@type":"ListItem","position":2,"name":"For bedrift","item":"http:\/\/audun.teks.no\/for-bedrift\/"},{"@type":"ListItem","position":3,"name":"Muligheter"}]},{"@type":"WebSite","@id":"http:\/\/audun.teks.no\/#website","url":"http:\/\/audun.teks.no\/","name":"\u00d8rland-TEKS-tmp","description":"Velkommen til flotte kystopplevelser","publisher":{"@id":"http:\/\/audun.teks.no\/#organization"},"potentialAction":[{"@type":"SearchAction","target":{"@type":"EntryPoint","urlTemplate":"http:\/\/audun.teks.no\/?s={search_term_string}"},"query-input":{"@type":"PropertyValueSpecification","valueRequired":true,"valueName":"search_term_string"}}],"inLanguage":"en-US"},{"@type":"Organization","@id":"http:\/\/audun.teks.no\/#organization","name":"\u00d8rland","url":"http:\/\/audun.teks.no\/","logo":{"@type":"ImageObject","inLanguage":"en-US","@id":"http:\/\/audun.teks.no\/#\/schema\/logo\/image\/","url":"http:\/\/audun.teks.no\/wp-content\/uploads\/2020\/04\/RORET-\u00d8rland-kulturforetak-KF.jpg","contentUrl":"http:\/\/audun.teks.no\/wp-content\/uploads\/2020\/04\/RORET-\u00d8rland-kulturforetak-KF.jpg","width":1772,"height":969,"caption":"\u00d8rland"},"image":{"@id":"http:\/\/audun.teks.no\/#\/schema\/logo\/image\/"}}]}},"acf":[],"_links":{"self":[{"href":"http:\/\/audun.teks.no\/en\/wp-json\/wp\/v2\/pages\/28","targetHints":{"allow":["GET"]}}],"collection":[{"href":"http:\/\/audun.teks.no\/en\/wp-json\/wp\/v2\/pages"}],"about":[{"href":"http:\/\/audun.teks.no\/en\/wp-json\/wp\/v2\/types\/page"}],"author":[{"embeddable":true,"href":"http:\/\/audun.teks.no\/en\/wp-json\/wp\/v2\/users\/1"}],"replies":[{"embeddable":true,"href":"http:\/\/audun.teks.no\/en\/wp-json\/wp\/v2\/comments?post=28"}],"version-history":[{"count":40,"href":"http:\/\/audun.teks.no\/en\/wp-json\/wp\/v2\/pages\/28\/revisions"}],"predecessor-version":[{"id":1059,"href":"http:\/\/audun.teks.no\/en\/wp-json\/wp\/v2\/pages\/28\/revisions\/1059"}],"up":[{"embeddable":true,"href":"http:\/\/audun.teks.no\/en\/wp-json\/wp\/v2\/pages\/12"}],"wp:featuredmedia":[{"embeddable":true,"href":"http:\/\/audun.teks.no\/en\/wp-json\/wp\/v2\/media\/376"}],"wp:attachment":[{"href":"http:\/\/audun.teks.no\/en\/wp-json\/wp\/v2\/media?parent=28"}],"curies":[{"name":"wp","href":"https:\/\/api.w.org\/{rel}","templated":true}]}}