{"id":22,"date":"2017-09-08T08:22:35","date_gmt":"2017-09-08T08:22:35","guid":{"rendered":"http:\/\/orland.no\/?page_id=22"},"modified":"2018-08-13T13:31:01","modified_gmt":"2018-08-13T13:31:01","slug":"fakta","status":"publish","type":"page","link":"http:\/\/audun.teks.no\/en\/orland\/fakta\/","title":{"rendered":"Fakta"},"content":{"rendered":"<h4>\u00d8rland kommune ligger s\u00f8rvest p\u00e5 Fosenhalv\u00f8ya, strategisk plassert ved innl\u00f8pet til Trondheimsfjorden.<\/h4>\n<p><!--more--><\/p>\n<p>Kommunen har om lag 5.300 innbyggere, og folketallet er i vekst.<br \/>\n\u00d8rland er en liten kommune i utstrekning, med et flateinnhold p\u00e5 vel 73 kvadratkilometer. Fruktbar jord, tidlig v\u00e5r og lang vekstsesong betyr at landbruk er viktig for kommunen.<\/p>\n<p><span>Alle veier f\u00f8rer til \u00d8rland. Tilgangen til et godt kollektivt transporttilbud til Trondheim, \u00f8yriket Hitra og Fr\u00f8ya og Kristiansund gj\u00f8r Brekstad til et knutepunkt.\u00a0 Fergesamband med hyppige avganger for s\u00f8rg\u00e5ende trafikk er viktig for n\u00e6ringslivet. Uthaug havn er Norges nest st\u00f8rste fiskerihavn i volum. Her ligger ogs\u00e5 Forsvarets dypvannskai som er tilgjengelig for sivilt bruk etter avtale.\u00a0Fly fra \u00d8rland til Oslo er en portal for resten av verden. <\/span>\u00a0Kommunesenteret Brekstad er regionens handelssentrum.<\/p>\n<p>I 1952 startet utbyggingen av det som i dag er \u00d8rland flystasjon. To \u00e5r senere var stasjonen klar for mottak av de f\u00f8rste jagerflyene. Fra den gang har Luftforsvaret v\u00e6rt en sentral akt\u00f8r i kommunen.<\/p>\n<p>\u00d8rlands strategiske plassering har ogs\u00e5 tidligere v\u00e6rt viktig for bosetting og utvikling. I kommunen finnes en rekke gravhauger fra vikingtiden, og senere ble Austr\u00e5tt herreg\u00e5rd et maktsentrum. I dette bildet representerer satsingen p\u00e5 den nasjonale kampflybasen en videref\u00f8ring av det som for \u00d8rland er en viktig del av kommunens historie. \u00d8rland har i dag bystatus.<\/p>","protected":false},"excerpt":{"rendered":"<p>\u00d8rland kommune ligger s\u00f8rvest p\u00e5 Fosenhalv\u00f8ya, strategisk plassert ved innl\u00f8pet til Trondheimsfjorden.<\/p>","protected":false},"author":1,"featured_media":151,"parent":14,"menu_order":0,"comment_status":"closed","ping_status":"closed","template":"","meta":{"ngg_post_thumbnail":0,"footnotes":""},"class_list":["post-22","page","type-page","status-publish","has-post-thumbnail","hentry"],"yoast_head":"<!-- This site is optimized with the Yoast SEO plugin v26.8 - https:\/\/yoast.com\/product\/yoast-seo-wordpress\/ -->\n<title>Fakta og informasjon om \u00d8rland kommune - \u00d8rland<\/title>\n<meta name=\"description\" content=\"\u00d8rland kommune ligger s\u00f8rvest p\u00e5 Fosenhalv\u00f8ya, strategisk plassert ved innl\u00f8pet til Trondheimsfjorden. Kommunen har om lag 5.300 innbyggere, og folketallet er i vekst. \u00d8rland er en liten kommune i utstrekning, med et flateinnhold p\u00e5 vel 73 kvadratkilometer.\" \/>\n<meta name=\"robots\" content=\"noindex, follow, max-snippet:-1, max-image-preview:large, max-video-preview:-1\" \/>\n<meta property=\"og:locale\" content=\"en_US\" \/>\n<meta property=\"og:type\" content=\"article\" \/>\n<meta property=\"og:title\" content=\"Fakta og informasjon om \u00d8rland kommune - \u00d8rland\" \/>\n<meta property=\"og:description\" content=\"\u00d8rland kommune ligger s\u00f8rvest p\u00e5 Fosenhalv\u00f8ya, strategisk plassert ved innl\u00f8pet til Trondheimsfjorden. Kommunen har om lag 5.300 innbyggere, og folketallet er i vekst. \u00d8rland er en liten kommune i utstrekning, med et flateinnhold p\u00e5 vel 73 kvadratkilometer.\" \/>\n<meta property=\"og:url\" content=\"http:\/\/audun.teks.no\/en\/orland\/fakta\/\" \/>\n<meta property=\"og:site_name\" content=\"\u00d8rland-TEKS-tmp\" \/>\n<meta property=\"article:modified_time\" content=\"2018-08-13T13:31:01+00:00\" \/>\n<meta property=\"og:image\" content=\"http:\/\/audun.teks.no\/wp-content\/uploads\/2017\/09\/DSC-9592-4831087_1024.jpg\" \/>\n\t<meta property=\"og:image:width\" content=\"1024\" \/>\n\t<meta property=\"og:image:height\" content=\"683\" \/>\n\t<meta property=\"og:image:type\" content=\"image\/jpeg\" \/>\n<meta name=\"twitter:card\" content=\"summary_large_image\" \/>\n<meta name=\"twitter:label1\" content=\"Est. reading time\" \/>\n\t<meta name=\"twitter:data1\" content=\"1 minute\" \/>\n<script type=\"application\/ld+json\" class=\"yoast-schema-graph\">{\"@context\":\"https:\/\/schema.org\",\"@graph\":[{\"@type\":\"WebPage\",\"@id\":\"http:\/\/audun.teks.no\/orland\/fakta\/\",\"url\":\"http:\/\/audun.teks.no\/orland\/fakta\/\",\"name\":\"Fakta og informasjon om \u00d8rland kommune - \u00d8rland\",\"isPartOf\":{\"@id\":\"http:\/\/audun.teks.no\/#website\"},\"primaryImageOfPage\":{\"@id\":\"http:\/\/audun.teks.no\/orland\/fakta\/#primaryimage\"},\"image\":{\"@id\":\"http:\/\/audun.teks.no\/orland\/fakta\/#primaryimage\"},\"thumbnailUrl\":\"http:\/\/audun.teks.no\/wp-content\/uploads\/2017\/09\/DSC-9592-4831087_1024.jpg\",\"datePublished\":\"2017-09-08T08:22:35+00:00\",\"dateModified\":\"2018-08-13T13:31:01+00:00\",\"description\":\"\u00d8rland kommune ligger s\u00f8rvest p\u00e5 Fosenhalv\u00f8ya, strategisk plassert ved innl\u00f8pet til Trondheimsfjorden. Kommunen har om lag 5.300 innbyggere, og folketallet er i vekst. \u00d8rland er en liten kommune i utstrekning, med et flateinnhold p\u00e5 vel 73 kvadratkilometer.\",\"breadcrumb\":{\"@id\":\"http:\/\/audun.teks.no\/orland\/fakta\/#breadcrumb\"},\"inLanguage\":\"en-US\",\"potentialAction\":[{\"@type\":\"ReadAction\",\"target\":[\"http:\/\/audun.teks.no\/orland\/fakta\/\"]}]},{\"@type\":\"ImageObject\",\"inLanguage\":\"en-US\",\"@id\":\"http:\/\/audun.teks.no\/orland\/fakta\/#primaryimage\",\"url\":\"http:\/\/audun.teks.no\/wp-content\/uploads\/2017\/09\/DSC-9592-4831087_1024.jpg\",\"contentUrl\":\"http:\/\/audun.teks.no\/wp-content\/uploads\/2017\/09\/DSC-9592-4831087_1024.jpg\",\"width\":1024,\"height\":683,\"caption\":\"\u00d8rland - Kart og plan Foto: Rikke Cassandra Maske\"},{\"@type\":\"BreadcrumbList\",\"@id\":\"http:\/\/audun.teks.no\/orland\/fakta\/#breadcrumb\",\"itemListElement\":[{\"@type\":\"ListItem\",\"position\":1,\"name\":\"Hjem\",\"item\":\"http:\/\/audun.teks.no\/\"},{\"@type\":\"ListItem\",\"position\":2,\"name\":\"\u00d8rland\",\"item\":\"http:\/\/audun.teks.no\/orland\/\"},{\"@type\":\"ListItem\",\"position\":3,\"name\":\"Fakta\"}]},{\"@type\":\"WebSite\",\"@id\":\"http:\/\/audun.teks.no\/#website\",\"url\":\"http:\/\/audun.teks.no\/\",\"name\":\"\u00d8rland-TEKS-tmp\",\"description\":\"Velkommen til flotte kystopplevelser\",\"publisher\":{\"@id\":\"http:\/\/audun.teks.no\/#organization\"},\"potentialAction\":[{\"@type\":\"SearchAction\",\"target\":{\"@type\":\"EntryPoint\",\"urlTemplate\":\"http:\/\/audun.teks.no\/?s={search_term_string}\"},\"query-input\":{\"@type\":\"PropertyValueSpecification\",\"valueRequired\":true,\"valueName\":\"search_term_string\"}}],\"inLanguage\":\"en-US\"},{\"@type\":\"Organization\",\"@id\":\"http:\/\/audun.teks.no\/#organization\",\"name\":\"\u00d8rland\",\"url\":\"http:\/\/audun.teks.no\/\",\"logo\":{\"@type\":\"ImageObject\",\"inLanguage\":\"en-US\",\"@id\":\"http:\/\/audun.teks.no\/#\/schema\/logo\/image\/\",\"url\":\"http:\/\/audun.teks.no\/wp-content\/uploads\/2020\/04\/RORET-\u00d8rland-kulturforetak-KF.jpg\",\"contentUrl\":\"http:\/\/audun.teks.no\/wp-content\/uploads\/2020\/04\/RORET-\u00d8rland-kulturforetak-KF.jpg\",\"width\":1772,\"height\":969,\"caption\":\"\u00d8rland\"},\"image\":{\"@id\":\"http:\/\/audun.teks.no\/#\/schema\/logo\/image\/\"}}]}<\/script>\n<!-- \/ Yoast SEO plugin. -->","yoast_head_json":{"title":"Fakta og informasjon om \u00d8rland kommune - \u00d8rland","description":"\u00d8rland kommune ligger s\u00f8rvest p\u00e5 Fosenhalv\u00f8ya, strategisk plassert ved innl\u00f8pet til Trondheimsfjorden. Kommunen har om lag 5.300 innbyggere, og folketallet er i vekst. \u00d8rland er en liten kommune i utstrekning, med et flateinnhold p\u00e5 vel 73 kvadratkilometer.","robots":{"index":"noindex","follow":"follow","max-snippet":"max-snippet:-1","max-image-preview":"max-image-preview:large","max-video-preview":"max-video-preview:-1"},"og_locale":"en_US","og_type":"article","og_title":"Fakta og informasjon om \u00d8rland kommune - \u00d8rland","og_description":"\u00d8rland kommune ligger s\u00f8rvest p\u00e5 Fosenhalv\u00f8ya, strategisk plassert ved innl\u00f8pet til Trondheimsfjorden. Kommunen har om lag 5.300 innbyggere, og folketallet er i vekst. \u00d8rland er en liten kommune i utstrekning, med et flateinnhold p\u00e5 vel 73 kvadratkilometer.","og_url":"http:\/\/audun.teks.no\/en\/orland\/fakta\/","og_site_name":"\u00d8rland-TEKS-tmp","article_modified_time":"2018-08-13T13:31:01+00:00","og_image":[{"width":1024,"height":683,"url":"http:\/\/audun.teks.no\/wp-content\/uploads\/2017\/09\/DSC-9592-4831087_1024.jpg","type":"image\/jpeg"}],"twitter_card":"summary_large_image","twitter_misc":{"Est. reading time":"1 minute"},"schema":{"@context":"https:\/\/schema.org","@graph":[{"@type":"WebPage","@id":"http:\/\/audun.teks.no\/orland\/fakta\/","url":"http:\/\/audun.teks.no\/orland\/fakta\/","name":"Fakta og informasjon om \u00d8rland kommune - \u00d8rland","isPartOf":{"@id":"http:\/\/audun.teks.no\/#website"},"primaryImageOfPage":{"@id":"http:\/\/audun.teks.no\/orland\/fakta\/#primaryimage"},"image":{"@id":"http:\/\/audun.teks.no\/orland\/fakta\/#primaryimage"},"thumbnailUrl":"http:\/\/audun.teks.no\/wp-content\/uploads\/2017\/09\/DSC-9592-4831087_1024.jpg","datePublished":"2017-09-08T08:22:35+00:00","dateModified":"2018-08-13T13:31:01+00:00","description":"\u00d8rland kommune ligger s\u00f8rvest p\u00e5 Fosenhalv\u00f8ya, strategisk plassert ved innl\u00f8pet til Trondheimsfjorden. Kommunen har om lag 5.300 innbyggere, og folketallet er i vekst. \u00d8rland er en liten kommune i utstrekning, med et flateinnhold p\u00e5 vel 73 kvadratkilometer.","breadcrumb":{"@id":"http:\/\/audun.teks.no\/orland\/fakta\/#breadcrumb"},"inLanguage":"en-US","potentialAction":[{"@type":"ReadAction","target":["http:\/\/audun.teks.no\/orland\/fakta\/"]}]},{"@type":"ImageObject","inLanguage":"en-US","@id":"http:\/\/audun.teks.no\/orland\/fakta\/#primaryimage","url":"http:\/\/audun.teks.no\/wp-content\/uploads\/2017\/09\/DSC-9592-4831087_1024.jpg","contentUrl":"http:\/\/audun.teks.no\/wp-content\/uploads\/2017\/09\/DSC-9592-4831087_1024.jpg","width":1024,"height":683,"caption":"\u00d8rland - Kart og plan Foto: Rikke Cassandra Maske"},{"@type":"BreadcrumbList","@id":"http:\/\/audun.teks.no\/orland\/fakta\/#breadcrumb","itemListElement":[{"@type":"ListItem","position":1,"name":"Hjem","item":"http:\/\/audun.teks.no\/"},{"@type":"ListItem","position":2,"name":"\u00d8rland","item":"http:\/\/audun.teks.no\/orland\/"},{"@type":"ListItem","position":3,"name":"Fakta"}]},{"@type":"WebSite","@id":"http:\/\/audun.teks.no\/#website","url":"http:\/\/audun.teks.no\/","name":"\u00d8rland-TEKS-tmp","description":"Velkommen til flotte kystopplevelser","publisher":{"@id":"http:\/\/audun.teks.no\/#organization"},"potentialAction":[{"@type":"SearchAction","target":{"@type":"EntryPoint","urlTemplate":"http:\/\/audun.teks.no\/?s={search_term_string}"},"query-input":{"@type":"PropertyValueSpecification","valueRequired":true,"valueName":"search_term_string"}}],"inLanguage":"en-US"},{"@type":"Organization","@id":"http:\/\/audun.teks.no\/#organization","name":"\u00d8rland","url":"http:\/\/audun.teks.no\/","logo":{"@type":"ImageObject","inLanguage":"en-US","@id":"http:\/\/audun.teks.no\/#\/schema\/logo\/image\/","url":"http:\/\/audun.teks.no\/wp-content\/uploads\/2020\/04\/RORET-\u00d8rland-kulturforetak-KF.jpg","contentUrl":"http:\/\/audun.teks.no\/wp-content\/uploads\/2020\/04\/RORET-\u00d8rland-kulturforetak-KF.jpg","width":1772,"height":969,"caption":"\u00d8rland"},"image":{"@id":"http:\/\/audun.teks.no\/#\/schema\/logo\/image\/"}}]}},"acf":[],"_links":{"self":[{"href":"http:\/\/audun.teks.no\/en\/wp-json\/wp\/v2\/pages\/22","targetHints":{"allow":["GET"]}}],"collection":[{"href":"http:\/\/audun.teks.no\/en\/wp-json\/wp\/v2\/pages"}],"about":[{"href":"http:\/\/audun.teks.no\/en\/wp-json\/wp\/v2\/types\/page"}],"author":[{"embeddable":true,"href":"http:\/\/audun.teks.no\/en\/wp-json\/wp\/v2\/users\/1"}],"replies":[{"embeddable":true,"href":"http:\/\/audun.teks.no\/en\/wp-json\/wp\/v2\/comments?post=22"}],"version-history":[{"count":8,"href":"http:\/\/audun.teks.no\/en\/wp-json\/wp\/v2\/pages\/22\/revisions"}],"predecessor-version":[{"id":1200,"href":"http:\/\/audun.teks.no\/en\/wp-json\/wp\/v2\/pages\/22\/revisions\/1200"}],"up":[{"embeddable":true,"href":"http:\/\/audun.teks.no\/en\/wp-json\/wp\/v2\/pages\/14"}],"wp:featuredmedia":[{"embeddable":true,"href":"http:\/\/audun.teks.no\/en\/wp-json\/wp\/v2\/media\/151"}],"wp:attachment":[{"href":"http:\/\/audun.teks.no\/en\/wp-json\/wp\/v2\/media?parent=22"}],"curies":[{"name":"wp","href":"https:\/\/api.w.org\/{rel}","templated":true}]}}