{"id":20,"date":"2017-09-08T08:22:26","date_gmt":"2017-09-08T08:22:26","guid":{"rendered":"http:\/\/orland.no\/?page_id=20"},"modified":"2020-07-14T11:02:26","modified_gmt":"2020-07-14T11:02:26","slug":"natur","status":"publish","type":"page","link":"http:\/\/audun.teks.no\/en\/orland\/natur\/","title":{"rendered":"Natur"},"content":{"rendered":"<h4>\u00d8rland kommune kan by p\u00e5 en variert og spennende natur.<\/h4>\n<p><!--more--><\/p>\n<p>Fra hav til fjord, fra eng til fjell. \u00d8rland byr p\u00e5 varierte naturopplevelser og uante muligheter for friluftsliv.<br \/>\nSalt sj\u00f8 omkranser det meste av \u00d8rland. Det i hovedsak flate landskapet bidrar til store v\u00e5tmarksomr\u00e5der med et rikt fugleliv. Flere omr\u00e5der er vernet, og \u00d8rland er en viktig Ramsar-kommune. \u00d8rland v\u00e5tmarksenter er et godt utgangspunkt for informasjon.<\/p>\n<p>\u00d8yene Storfosna og Kr\u00e5kv\u00e5g er vel verdt en utflukt. Det g\u00e5r ferje fra Garten p\u00e5 fastlandet til Storfosna, og derfra er det bruforbindelse til Kr\u00e5kv\u00e5g. Et bes\u00f8k med sykkel anbefales.<br \/>\nTre kilometer ute i havet fra Uthaug ligger Kjeungskj\u00e6r fyr. Det \u00e5ttekantede fyret fra 1880 er fredet, men bes\u00f8kende kan om \u00f8nskelig bestille overnatting p\u00e5 fyret.<\/p>\n<p>Rusaset er et fjellomr\u00e5de som ligger i \u00d8rland Her finner du <a href=\"http:\/\/audun.teks.no\/en\/osplikammen-3\/\" target=\"_blank\" rel=\"noopener noreferrer\">Osplikammen<\/a>, som med sine 285 meter over havet som var h\u00f8yeste punkt i gamle \u00d8rland kommune. I nye \u00d8rland kommune er det <a href=\"http:\/\/audun.teks.no\/en\/seksortklumpen\/\" target=\"_blank\" rel=\"noopener noreferrer\">Seksortklumpen<\/a>, med sine 493 meter over havet, som er det h\u00f8yeste punktet. <a href=\"http:\/\/audun.teks.no\/en\/kopparen\/\" target=\"_blank\" rel=\"noopener noreferrer\">Kopparen<\/a> er den mest synlige toppen og ligger p\u00e5 483 meter over havet.<\/p>\n<p>I herreg\u00e5rdslandskapet Austr\u00e5tt er det flotte turstier, og naturstien i Austr\u00e5ttlunden har i \u00e5rtier v\u00e6rt et yndet omr\u00e5de for mosjon og rekreasjon.<\/p>","protected":false},"excerpt":{"rendered":"<p>\u00d8rland kommune kan by p\u00e5 en variert og spennende natur.<\/p>","protected":false},"author":1,"featured_media":146,"parent":14,"menu_order":0,"comment_status":"closed","ping_status":"closed","template":"","meta":{"ngg_post_thumbnail":0,"footnotes":""},"class_list":["post-20","page","type-page","status-publish","has-post-thumbnail","hentry"],"yoast_head":"<!-- This site is optimized with the Yoast SEO plugin v26.8 - https:\/\/yoast.com\/product\/yoast-seo-wordpress\/ -->\n<title>Byr p\u00e5 en variert og spennende natur - \u00d8rland<\/title>\n<meta name=\"description\" content=\"Fra hav til fjord, fra eng til fjell. \u00d8rland byr p\u00e5 varierte naturopplevelser og uante muligheter for friluftsliv. Salt sj\u00f8 omkranser det meste av \u00d8rland. Det i hovedsak flate landskapet bidrar til store v\u00e5tmarksomr\u00e5der med et rikt fugleliv.\" \/>\n<meta name=\"robots\" content=\"noindex, follow, max-snippet:-1, max-image-preview:large, max-video-preview:-1\" \/>\n<meta property=\"og:locale\" content=\"en_US\" \/>\n<meta property=\"og:type\" content=\"article\" \/>\n<meta property=\"og:title\" content=\"Byr p\u00e5 en variert og spennende natur - \u00d8rland\" \/>\n<meta property=\"og:description\" content=\"Fra hav til fjord, fra eng til fjell. \u00d8rland byr p\u00e5 varierte naturopplevelser og uante muligheter for friluftsliv. Salt sj\u00f8 omkranser det meste av \u00d8rland. Det i hovedsak flate landskapet bidrar til store v\u00e5tmarksomr\u00e5der med et rikt fugleliv.\" \/>\n<meta property=\"og:url\" content=\"http:\/\/audun.teks.no\/en\/orland\/natur\/\" \/>\n<meta property=\"og:site_name\" content=\"\u00d8rland-TEKS-tmp\" \/>\n<meta property=\"article:modified_time\" content=\"2020-07-14T11:02:26+00:00\" \/>\n<meta property=\"og:image\" content=\"http:\/\/audun.teks.no\/wp-content\/uploads\/2017\/09\/Kjeungskjarfyr-OLK-00056_1024.jpg\" \/>\n\t<meta property=\"og:image:width\" content=\"1024\" \/>\n\t<meta property=\"og:image:height\" content=\"768\" \/>\n\t<meta property=\"og:image:type\" content=\"image\/jpeg\" \/>\n<meta name=\"twitter:card\" content=\"summary_large_image\" \/>\n<meta name=\"twitter:label1\" content=\"Est. reading time\" \/>\n\t<meta name=\"twitter:data1\" content=\"1 minute\" \/>\n<script type=\"application\/ld+json\" class=\"yoast-schema-graph\">{\"@context\":\"https:\/\/schema.org\",\"@graph\":[{\"@type\":\"WebPage\",\"@id\":\"http:\/\/audun.teks.no\/orland\/natur\/\",\"url\":\"http:\/\/audun.teks.no\/orland\/natur\/\",\"name\":\"Byr p\u00e5 en variert og spennende natur - \u00d8rland\",\"isPartOf\":{\"@id\":\"http:\/\/audun.teks.no\/#website\"},\"primaryImageOfPage\":{\"@id\":\"http:\/\/audun.teks.no\/orland\/natur\/#primaryimage\"},\"image\":{\"@id\":\"http:\/\/audun.teks.no\/orland\/natur\/#primaryimage\"},\"thumbnailUrl\":\"http:\/\/audun.teks.no\/wp-content\/uploads\/2017\/09\/Kjeungskjarfyr-OLK-00056_1024.jpg\",\"datePublished\":\"2017-09-08T08:22:26+00:00\",\"dateModified\":\"2020-07-14T11:02:26+00:00\",\"description\":\"Fra hav til fjord, fra eng til fjell. \u00d8rland byr p\u00e5 varierte naturopplevelser og uante muligheter for friluftsliv. Salt sj\u00f8 omkranser det meste av \u00d8rland. Det i hovedsak flate landskapet bidrar til store v\u00e5tmarksomr\u00e5der med et rikt fugleliv.\",\"breadcrumb\":{\"@id\":\"http:\/\/audun.teks.no\/orland\/natur\/#breadcrumb\"},\"inLanguage\":\"en-US\",\"potentialAction\":[{\"@type\":\"ReadAction\",\"target\":[\"http:\/\/audun.teks.no\/orland\/natur\/\"]}]},{\"@type\":\"ImageObject\",\"inLanguage\":\"en-US\",\"@id\":\"http:\/\/audun.teks.no\/orland\/natur\/#primaryimage\",\"url\":\"http:\/\/audun.teks.no\/wp-content\/uploads\/2017\/09\/Kjeungskjarfyr-OLK-00056_1024.jpg\",\"contentUrl\":\"http:\/\/audun.teks.no\/wp-content\/uploads\/2017\/09\/Kjeungskjarfyr-OLK-00056_1024.jpg\",\"width\":1024,\"height\":768,\"caption\":\"Kjeungskj\u00e6r fyr\"},{\"@type\":\"BreadcrumbList\",\"@id\":\"http:\/\/audun.teks.no\/orland\/natur\/#breadcrumb\",\"itemListElement\":[{\"@type\":\"ListItem\",\"position\":1,\"name\":\"Hjem\",\"item\":\"http:\/\/audun.teks.no\/\"},{\"@type\":\"ListItem\",\"position\":2,\"name\":\"\u00d8rland\",\"item\":\"http:\/\/audun.teks.no\/orland\/\"},{\"@type\":\"ListItem\",\"position\":3,\"name\":\"Natur\"}]},{\"@type\":\"WebSite\",\"@id\":\"http:\/\/audun.teks.no\/#website\",\"url\":\"http:\/\/audun.teks.no\/\",\"name\":\"\u00d8rland-TEKS-tmp\",\"description\":\"Velkommen til flotte kystopplevelser\",\"publisher\":{\"@id\":\"http:\/\/audun.teks.no\/#organization\"},\"potentialAction\":[{\"@type\":\"SearchAction\",\"target\":{\"@type\":\"EntryPoint\",\"urlTemplate\":\"http:\/\/audun.teks.no\/?s={search_term_string}\"},\"query-input\":{\"@type\":\"PropertyValueSpecification\",\"valueRequired\":true,\"valueName\":\"search_term_string\"}}],\"inLanguage\":\"en-US\"},{\"@type\":\"Organization\",\"@id\":\"http:\/\/audun.teks.no\/#organization\",\"name\":\"\u00d8rland\",\"url\":\"http:\/\/audun.teks.no\/\",\"logo\":{\"@type\":\"ImageObject\",\"inLanguage\":\"en-US\",\"@id\":\"http:\/\/audun.teks.no\/#\/schema\/logo\/image\/\",\"url\":\"http:\/\/audun.teks.no\/wp-content\/uploads\/2020\/04\/RORET-\u00d8rland-kulturforetak-KF.jpg\",\"contentUrl\":\"http:\/\/audun.teks.no\/wp-content\/uploads\/2020\/04\/RORET-\u00d8rland-kulturforetak-KF.jpg\",\"width\":1772,\"height\":969,\"caption\":\"\u00d8rland\"},\"image\":{\"@id\":\"http:\/\/audun.teks.no\/#\/schema\/logo\/image\/\"}}]}<\/script>\n<!-- \/ Yoast SEO plugin. -->","yoast_head_json":{"title":"Byr p\u00e5 en variert og spennende natur - \u00d8rland","description":"Fra hav til fjord, fra eng til fjell. \u00d8rland byr p\u00e5 varierte naturopplevelser og uante muligheter for friluftsliv. Salt sj\u00f8 omkranser det meste av \u00d8rland. Det i hovedsak flate landskapet bidrar til store v\u00e5tmarksomr\u00e5der med et rikt fugleliv.","robots":{"index":"noindex","follow":"follow","max-snippet":"max-snippet:-1","max-image-preview":"max-image-preview:large","max-video-preview":"max-video-preview:-1"},"og_locale":"en_US","og_type":"article","og_title":"Byr p\u00e5 en variert og spennende natur - \u00d8rland","og_description":"Fra hav til fjord, fra eng til fjell. \u00d8rland byr p\u00e5 varierte naturopplevelser og uante muligheter for friluftsliv. Salt sj\u00f8 omkranser det meste av \u00d8rland. Det i hovedsak flate landskapet bidrar til store v\u00e5tmarksomr\u00e5der med et rikt fugleliv.","og_url":"http:\/\/audun.teks.no\/en\/orland\/natur\/","og_site_name":"\u00d8rland-TEKS-tmp","article_modified_time":"2020-07-14T11:02:26+00:00","og_image":[{"width":1024,"height":768,"url":"http:\/\/audun.teks.no\/wp-content\/uploads\/2017\/09\/Kjeungskjarfyr-OLK-00056_1024.jpg","type":"image\/jpeg"}],"twitter_card":"summary_large_image","twitter_misc":{"Est. reading time":"1 minute"},"schema":{"@context":"https:\/\/schema.org","@graph":[{"@type":"WebPage","@id":"http:\/\/audun.teks.no\/orland\/natur\/","url":"http:\/\/audun.teks.no\/orland\/natur\/","name":"Byr p\u00e5 en variert og spennende natur - \u00d8rland","isPartOf":{"@id":"http:\/\/audun.teks.no\/#website"},"primaryImageOfPage":{"@id":"http:\/\/audun.teks.no\/orland\/natur\/#primaryimage"},"image":{"@id":"http:\/\/audun.teks.no\/orland\/natur\/#primaryimage"},"thumbnailUrl":"http:\/\/audun.teks.no\/wp-content\/uploads\/2017\/09\/Kjeungskjarfyr-OLK-00056_1024.jpg","datePublished":"2017-09-08T08:22:26+00:00","dateModified":"2020-07-14T11:02:26+00:00","description":"Fra hav til fjord, fra eng til fjell. \u00d8rland byr p\u00e5 varierte naturopplevelser og uante muligheter for friluftsliv. Salt sj\u00f8 omkranser det meste av \u00d8rland. Det i hovedsak flate landskapet bidrar til store v\u00e5tmarksomr\u00e5der med et rikt fugleliv.","breadcrumb":{"@id":"http:\/\/audun.teks.no\/orland\/natur\/#breadcrumb"},"inLanguage":"en-US","potentialAction":[{"@type":"ReadAction","target":["http:\/\/audun.teks.no\/orland\/natur\/"]}]},{"@type":"ImageObject","inLanguage":"en-US","@id":"http:\/\/audun.teks.no\/orland\/natur\/#primaryimage","url":"http:\/\/audun.teks.no\/wp-content\/uploads\/2017\/09\/Kjeungskjarfyr-OLK-00056_1024.jpg","contentUrl":"http:\/\/audun.teks.no\/wp-content\/uploads\/2017\/09\/Kjeungskjarfyr-OLK-00056_1024.jpg","width":1024,"height":768,"caption":"Kjeungskj\u00e6r fyr"},{"@type":"BreadcrumbList","@id":"http:\/\/audun.teks.no\/orland\/natur\/#breadcrumb","itemListElement":[{"@type":"ListItem","position":1,"name":"Hjem","item":"http:\/\/audun.teks.no\/"},{"@type":"ListItem","position":2,"name":"\u00d8rland","item":"http:\/\/audun.teks.no\/orland\/"},{"@type":"ListItem","position":3,"name":"Natur"}]},{"@type":"WebSite","@id":"http:\/\/audun.teks.no\/#website","url":"http:\/\/audun.teks.no\/","name":"\u00d8rland-TEKS-tmp","description":"Velkommen til flotte kystopplevelser","publisher":{"@id":"http:\/\/audun.teks.no\/#organization"},"potentialAction":[{"@type":"SearchAction","target":{"@type":"EntryPoint","urlTemplate":"http:\/\/audun.teks.no\/?s={search_term_string}"},"query-input":{"@type":"PropertyValueSpecification","valueRequired":true,"valueName":"search_term_string"}}],"inLanguage":"en-US"},{"@type":"Organization","@id":"http:\/\/audun.teks.no\/#organization","name":"\u00d8rland","url":"http:\/\/audun.teks.no\/","logo":{"@type":"ImageObject","inLanguage":"en-US","@id":"http:\/\/audun.teks.no\/#\/schema\/logo\/image\/","url":"http:\/\/audun.teks.no\/wp-content\/uploads\/2020\/04\/RORET-\u00d8rland-kulturforetak-KF.jpg","contentUrl":"http:\/\/audun.teks.no\/wp-content\/uploads\/2020\/04\/RORET-\u00d8rland-kulturforetak-KF.jpg","width":1772,"height":969,"caption":"\u00d8rland"},"image":{"@id":"http:\/\/audun.teks.no\/#\/schema\/logo\/image\/"}}]}},"acf":[],"_links":{"self":[{"href":"http:\/\/audun.teks.no\/en\/wp-json\/wp\/v2\/pages\/20","targetHints":{"allow":["GET"]}}],"collection":[{"href":"http:\/\/audun.teks.no\/en\/wp-json\/wp\/v2\/pages"}],"about":[{"href":"http:\/\/audun.teks.no\/en\/wp-json\/wp\/v2\/types\/page"}],"author":[{"embeddable":true,"href":"http:\/\/audun.teks.no\/en\/wp-json\/wp\/v2\/users\/1"}],"replies":[{"embeddable":true,"href":"http:\/\/audun.teks.no\/en\/wp-json\/wp\/v2\/comments?post=20"}],"version-history":[{"count":8,"href":"http:\/\/audun.teks.no\/en\/wp-json\/wp\/v2\/pages\/20\/revisions"}],"predecessor-version":[{"id":519532,"href":"http:\/\/audun.teks.no\/en\/wp-json\/wp\/v2\/pages\/20\/revisions\/519532"}],"up":[{"embeddable":true,"href":"http:\/\/audun.teks.no\/en\/wp-json\/wp\/v2\/pages\/14"}],"wp:featuredmedia":[{"embeddable":true,"href":"http:\/\/audun.teks.no\/en\/wp-json\/wp\/v2\/media\/146"}],"wp:attachment":[{"href":"http:\/\/audun.teks.no\/en\/wp-json\/wp\/v2\/media?parent=20"}],"curies":[{"name":"wp","href":"https:\/\/api.w.org\/{rel}","templated":true}]}}