{"id":1982,"date":"2019-02-01T15:49:25","date_gmt":"2019-02-01T15:49:25","guid":{"rendered":"https:\/\/www.orland.no\/?page_id=1982"},"modified":"2019-02-04T09:00:44","modified_gmt":"2019-02-04T09:00:44","slug":"to-and-from-orland","status":"publish","type":"page","link":"http:\/\/audun.teks.no\/en\/to-and-from-orland\/","title":{"rendered":"To and from \u00d8rland"},"content":{"rendered":"<p><strong>AIR:<\/strong>\u00a0Daily (except Saturday) flights between Oslo and \u00d8rland airports<\/p>\n<ul>\n<li><a href=\"https:\/\/www.airleap.se\/\" style=\"font-size: 18px;\">Click here for information and booking at AirLeap<\/a><\/li>\n<li><a href=\"https:\/\/orlandlufthavn.no\/\" style=\"font-size: 18px;\">Click here for \u00d8rland municipal airport homepage<\/a><\/li>\n<\/ul>\n<p><strong>CAR RENTAL:\u00a0 <\/strong>Several companies offer rentals in \u00d8rland<\/p>\n<ul>\n<li><a href=\"http:\/\/www.orland.kommune.no\/om-orland\/til-og-fra-orland\/leiebil\/\" style=\"font-size: 18px;\">Click here for an overview over car rental companies in \u00d8rland<\/a><\/li>\n<\/ul>\n<p><strong>PASSENGER FERRY:<\/strong>\u00a08 daily departures (weekdays) to Trondheim. Also service to Kristiansund, Hitra (+ bus to Fr\u00f8ya), Lensvik og Hysnes.<\/p>\n<ul>\n<li><a href=\"https:\/\/www.atb.no\/getfile.php\/1317670-1531298318\/Rutetabeller\/Host18\/AtB_rute800_805.pdf\" style=\"font-size: 18px;\">Click here for boat schedule for Kystekspressen<\/a><\/li>\n<\/ul>\n<p><strong>CAR FERRY:<\/strong>\u00a0Departueres every 1\/2 hour (until late evening)<\/p>\n<ul>\n<li><a href=\"https:\/\/www.atb.no\/getfile.php\/1317664-1531298301\/Rutetabeller\/Host18\/AtB_rute870.pdf\" style=\"font-size: 18px;\">Click here for car ferry scehdules Brekstad-Valset<\/a><\/li>\n<\/ul>\n<p><strong>TAXI: T<span>el: 07373<\/span><\/strong><\/p>\n<ul>\n<li><a href=\"https:\/\/www.trondertaxi.no\/\" style=\"font-size: 18px;\">Click here for Tr\u00f8nderTaxi<\/a><\/li>\n<\/ul>","protected":false},"excerpt":{"rendered":"<p>AIR:\u00a0Daily (except Saturday) flights between Oslo and \u00d8rland airports Click here for information and booking at AirLeap Click here for \u00d8rland municipal airport homepage CAR RENTAL:\u00a0 Several companies offer rentals in \u00d8rland Click here for an overview over car rental companies in \u00d8rland PASSENGER FERRY:\u00a08 daily departures (weekdays) to Trondheim. [&hellip;]<\/p>","protected":false},"author":4,"featured_media":1860,"parent":0,"menu_order":0,"comment_status":"closed","ping_status":"closed","template":"","meta":{"ngg_post_thumbnail":0,"footnotes":""},"class_list":["post-1982","page","type-page","status-publish","has-post-thumbnail","hentry"],"yoast_head":"<!-- This site is optimized with the Yoast SEO plugin v26.8 - https:\/\/yoast.com\/product\/yoast-seo-wordpress\/ -->\n<title>To and from \u00d8rland - \u00d8rland-TEKS-tmp<\/title>\n<meta name=\"description\" content=\"Gode bo- og jobbmuligheter, kort vei til skole, jobb og fritidsaktiviteter uansett hvor i kommunen du bor. Bredt og variert aktivitetstilbud for store og sm\u00e5. Flytt bedriften eller etabler ny n\u00e6ring p\u00e5 \u00d8rlandet. Kommunen har byggeklart n\u00e6ringsareal b\u00e5de til salgs og til leie.\" \/>\n<meta name=\"robots\" content=\"noindex, follow, max-snippet:-1, max-image-preview:large, max-video-preview:-1\" \/>\n<meta property=\"og:locale\" content=\"en_US\" \/>\n<meta property=\"og:type\" content=\"article\" \/>\n<meta property=\"og:title\" content=\"To and from \u00d8rland - \u00d8rland-TEKS-tmp\" \/>\n<meta property=\"og:description\" content=\"Gode bo- og jobbmuligheter, kort vei til skole, jobb og fritidsaktiviteter uansett hvor i kommunen du bor. Bredt og variert aktivitetstilbud for store og sm\u00e5. Flytt bedriften eller etabler ny n\u00e6ring p\u00e5 \u00d8rlandet. Kommunen har byggeklart n\u00e6ringsareal b\u00e5de til salgs og til leie.\" \/>\n<meta property=\"og:url\" content=\"http:\/\/audun.teks.no\/en\/to-and-from-orland\/\" \/>\n<meta property=\"og:site_name\" content=\"\u00d8rland-TEKS-tmp\" \/>\n<meta property=\"article:modified_time\" content=\"2019-02-04T09:00:44+00:00\" \/>\n<meta property=\"og:image\" content=\"http:\/\/audun.teks.no\/wp-content\/uploads\/2018\/09\/sl-airleapDSC_1268-1024x678.jpg\" \/>\n\t<meta property=\"og:image:width\" content=\"1024\" \/>\n\t<meta property=\"og:image:height\" content=\"678\" \/>\n\t<meta property=\"og:image:type\" content=\"image\/jpeg\" \/>\n<meta name=\"twitter:card\" content=\"summary_large_image\" \/>\n<script type=\"application\/ld+json\" class=\"yoast-schema-graph\">{\"@context\":\"https:\/\/schema.org\",\"@graph\":[{\"@type\":\"WebPage\",\"@id\":\"http:\/\/audun.teks.no\/en\/to-and-from-orland\/\",\"url\":\"http:\/\/audun.teks.no\/en\/to-and-from-orland\/\",\"name\":\"To and from \u00d8rland - \u00d8rland-TEKS-tmp\",\"isPartOf\":{\"@id\":\"http:\/\/audun.teks.no\/#website\"},\"primaryImageOfPage\":{\"@id\":\"http:\/\/audun.teks.no\/en\/to-and-from-orland\/#primaryimage\"},\"image\":{\"@id\":\"http:\/\/audun.teks.no\/en\/to-and-from-orland\/#primaryimage\"},\"thumbnailUrl\":\"http:\/\/audun.teks.no\/wp-content\/uploads\/2018\/09\/sl-airleapDSC_1268.jpg\",\"datePublished\":\"2019-02-01T15:49:25+00:00\",\"dateModified\":\"2019-02-04T09:00:44+00:00\",\"description\":\"Gode bo- og jobbmuligheter, kort vei til skole, jobb og fritidsaktiviteter uansett hvor i kommunen du bor. Bredt og variert aktivitetstilbud for store og sm\u00e5. Flytt bedriften eller etabler ny n\u00e6ring p\u00e5 \u00d8rlandet. Kommunen har byggeklart n\u00e6ringsareal b\u00e5de til salgs og til leie.\",\"breadcrumb\":{\"@id\":\"http:\/\/audun.teks.no\/en\/to-and-from-orland\/#breadcrumb\"},\"inLanguage\":\"en-US\",\"potentialAction\":[{\"@type\":\"ReadAction\",\"target\":[\"http:\/\/audun.teks.no\/en\/to-and-from-orland\/\"]}]},{\"@type\":\"ImageObject\",\"inLanguage\":\"en-US\",\"@id\":\"http:\/\/audun.teks.no\/en\/to-and-from-orland\/#primaryimage\",\"url\":\"http:\/\/audun.teks.no\/wp-content\/uploads\/2018\/09\/sl-airleapDSC_1268.jpg\",\"contentUrl\":\"http:\/\/audun.teks.no\/wp-content\/uploads\/2018\/09\/sl-airleapDSC_1268.jpg\",\"width\":4928,\"height\":3264,\"caption\":\"Til\/Fra \u00d8rland\"},{\"@type\":\"BreadcrumbList\",\"@id\":\"http:\/\/audun.teks.no\/en\/to-and-from-orland\/#breadcrumb\",\"itemListElement\":[{\"@type\":\"ListItem\",\"position\":1,\"name\":\"Hjem\",\"item\":\"http:\/\/audun.teks.no\/\"},{\"@type\":\"ListItem\",\"position\":2,\"name\":\"To and from \u00d8rland\"}]},{\"@type\":\"WebSite\",\"@id\":\"http:\/\/audun.teks.no\/#website\",\"url\":\"http:\/\/audun.teks.no\/\",\"name\":\"\u00d8rland-TEKS-tmp\",\"description\":\"Velkommen til flotte kystopplevelser\",\"publisher\":{\"@id\":\"http:\/\/audun.teks.no\/#organization\"},\"potentialAction\":[{\"@type\":\"SearchAction\",\"target\":{\"@type\":\"EntryPoint\",\"urlTemplate\":\"http:\/\/audun.teks.no\/?s={search_term_string}\"},\"query-input\":{\"@type\":\"PropertyValueSpecification\",\"valueRequired\":true,\"valueName\":\"search_term_string\"}}],\"inLanguage\":\"en-US\"},{\"@type\":\"Organization\",\"@id\":\"http:\/\/audun.teks.no\/#organization\",\"name\":\"\u00d8rland\",\"url\":\"http:\/\/audun.teks.no\/\",\"logo\":{\"@type\":\"ImageObject\",\"inLanguage\":\"en-US\",\"@id\":\"http:\/\/audun.teks.no\/#\/schema\/logo\/image\/\",\"url\":\"http:\/\/audun.teks.no\/wp-content\/uploads\/2020\/04\/RORET-\u00d8rland-kulturforetak-KF.jpg\",\"contentUrl\":\"http:\/\/audun.teks.no\/wp-content\/uploads\/2020\/04\/RORET-\u00d8rland-kulturforetak-KF.jpg\",\"width\":1772,\"height\":969,\"caption\":\"\u00d8rland\"},\"image\":{\"@id\":\"http:\/\/audun.teks.no\/#\/schema\/logo\/image\/\"}}]}<\/script>\n<!-- \/ Yoast SEO plugin. -->","yoast_head_json":{"title":"To and from \u00d8rland - \u00d8rland-TEKS-tmp","description":"Gode bo- og jobbmuligheter, kort vei til skole, jobb og fritidsaktiviteter uansett hvor i kommunen du bor. Bredt og variert aktivitetstilbud for store og sm\u00e5. Flytt bedriften eller etabler ny n\u00e6ring p\u00e5 \u00d8rlandet. Kommunen har byggeklart n\u00e6ringsareal b\u00e5de til salgs og til leie.","robots":{"index":"noindex","follow":"follow","max-snippet":"max-snippet:-1","max-image-preview":"max-image-preview:large","max-video-preview":"max-video-preview:-1"},"og_locale":"en_US","og_type":"article","og_title":"To and from \u00d8rland - \u00d8rland-TEKS-tmp","og_description":"Gode bo- og jobbmuligheter, kort vei til skole, jobb og fritidsaktiviteter uansett hvor i kommunen du bor. Bredt og variert aktivitetstilbud for store og sm\u00e5. Flytt bedriften eller etabler ny n\u00e6ring p\u00e5 \u00d8rlandet. Kommunen har byggeklart n\u00e6ringsareal b\u00e5de til salgs og til leie.","og_url":"http:\/\/audun.teks.no\/en\/to-and-from-orland\/","og_site_name":"\u00d8rland-TEKS-tmp","article_modified_time":"2019-02-04T09:00:44+00:00","og_image":[{"width":1024,"height":678,"url":"http:\/\/audun.teks.no\/wp-content\/uploads\/2018\/09\/sl-airleapDSC_1268-1024x678.jpg","type":"image\/jpeg"}],"twitter_card":"summary_large_image","schema":{"@context":"https:\/\/schema.org","@graph":[{"@type":"WebPage","@id":"http:\/\/audun.teks.no\/en\/to-and-from-orland\/","url":"http:\/\/audun.teks.no\/en\/to-and-from-orland\/","name":"To and from \u00d8rland - \u00d8rland-TEKS-tmp","isPartOf":{"@id":"http:\/\/audun.teks.no\/#website"},"primaryImageOfPage":{"@id":"http:\/\/audun.teks.no\/en\/to-and-from-orland\/#primaryimage"},"image":{"@id":"http:\/\/audun.teks.no\/en\/to-and-from-orland\/#primaryimage"},"thumbnailUrl":"http:\/\/audun.teks.no\/wp-content\/uploads\/2018\/09\/sl-airleapDSC_1268.jpg","datePublished":"2019-02-01T15:49:25+00:00","dateModified":"2019-02-04T09:00:44+00:00","description":"Gode bo- og jobbmuligheter, kort vei til skole, jobb og fritidsaktiviteter uansett hvor i kommunen du bor. Bredt og variert aktivitetstilbud for store og sm\u00e5. Flytt bedriften eller etabler ny n\u00e6ring p\u00e5 \u00d8rlandet. Kommunen har byggeklart n\u00e6ringsareal b\u00e5de til salgs og til leie.","breadcrumb":{"@id":"http:\/\/audun.teks.no\/en\/to-and-from-orland\/#breadcrumb"},"inLanguage":"en-US","potentialAction":[{"@type":"ReadAction","target":["http:\/\/audun.teks.no\/en\/to-and-from-orland\/"]}]},{"@type":"ImageObject","inLanguage":"en-US","@id":"http:\/\/audun.teks.no\/en\/to-and-from-orland\/#primaryimage","url":"http:\/\/audun.teks.no\/wp-content\/uploads\/2018\/09\/sl-airleapDSC_1268.jpg","contentUrl":"http:\/\/audun.teks.no\/wp-content\/uploads\/2018\/09\/sl-airleapDSC_1268.jpg","width":4928,"height":3264,"caption":"Til\/Fra \u00d8rland"},{"@type":"BreadcrumbList","@id":"http:\/\/audun.teks.no\/en\/to-and-from-orland\/#breadcrumb","itemListElement":[{"@type":"ListItem","position":1,"name":"Hjem","item":"http:\/\/audun.teks.no\/"},{"@type":"ListItem","position":2,"name":"To and from \u00d8rland"}]},{"@type":"WebSite","@id":"http:\/\/audun.teks.no\/#website","url":"http:\/\/audun.teks.no\/","name":"\u00d8rland-TEKS-tmp","description":"Velkommen til flotte kystopplevelser","publisher":{"@id":"http:\/\/audun.teks.no\/#organization"},"potentialAction":[{"@type":"SearchAction","target":{"@type":"EntryPoint","urlTemplate":"http:\/\/audun.teks.no\/?s={search_term_string}"},"query-input":{"@type":"PropertyValueSpecification","valueRequired":true,"valueName":"search_term_string"}}],"inLanguage":"en-US"},{"@type":"Organization","@id":"http:\/\/audun.teks.no\/#organization","name":"\u00d8rland","url":"http:\/\/audun.teks.no\/","logo":{"@type":"ImageObject","inLanguage":"en-US","@id":"http:\/\/audun.teks.no\/#\/schema\/logo\/image\/","url":"http:\/\/audun.teks.no\/wp-content\/uploads\/2020\/04\/RORET-\u00d8rland-kulturforetak-KF.jpg","contentUrl":"http:\/\/audun.teks.no\/wp-content\/uploads\/2020\/04\/RORET-\u00d8rland-kulturforetak-KF.jpg","width":1772,"height":969,"caption":"\u00d8rland"},"image":{"@id":"http:\/\/audun.teks.no\/#\/schema\/logo\/image\/"}}]}},"acf":[],"_links":{"self":[{"href":"http:\/\/audun.teks.no\/en\/wp-json\/wp\/v2\/pages\/1982","targetHints":{"allow":["GET"]}}],"collection":[{"href":"http:\/\/audun.teks.no\/en\/wp-json\/wp\/v2\/pages"}],"about":[{"href":"http:\/\/audun.teks.no\/en\/wp-json\/wp\/v2\/types\/page"}],"author":[{"embeddable":true,"href":"http:\/\/audun.teks.no\/en\/wp-json\/wp\/v2\/users\/4"}],"replies":[{"embeddable":true,"href":"http:\/\/audun.teks.no\/en\/wp-json\/wp\/v2\/comments?post=1982"}],"version-history":[{"count":2,"href":"http:\/\/audun.teks.no\/en\/wp-json\/wp\/v2\/pages\/1982\/revisions"}],"predecessor-version":[{"id":2009,"href":"http:\/\/audun.teks.no\/en\/wp-json\/wp\/v2\/pages\/1982\/revisions\/2009"}],"wp:featuredmedia":[{"embeddable":true,"href":"http:\/\/audun.teks.no\/en\/wp-json\/wp\/v2\/media\/1860"}],"wp:attachment":[{"href":"http:\/\/audun.teks.no\/en\/wp-json\/wp\/v2\/media?parent=1982"}],"curies":[{"name":"wp","href":"https:\/\/api.w.org\/{rel}","templated":true}]}}