{"id":18,"date":"2017-09-08T08:21:44","date_gmt":"2017-09-08T08:21:44","guid":{"rendered":"http:\/\/orland.no\/?page_id=18"},"modified":"2019-01-08T15:28:43","modified_gmt":"2019-01-08T15:28:43","slug":"fritid-og-aktiviteter","status":"publish","type":"page","link":"http:\/\/audun.teks.no\/en\/orland\/fritid-og-aktiviteter\/","title":{"rendered":"Fritid og aktiviteter"},"content":{"rendered":"<h4>I \u00d8rland finner du et bredt og variert aktivitetstilbud for liten og stor.<\/h4>\n<p><!--more--><\/p>\n<p>Frivilligheten st\u00e5r sterkt i \u00d8rland kommune. Flertallet av kommunens innbyggere er p\u00e5 ulike m\u00e5ter aktive i ett eller flere av de mange lag og organisasjoner som finnes i \u00d8rland.<br \/>\nIdrett og kultur blomstrer i kommunen. Det finnes i alt 16 idrettslag, flere korps, et stort antall kor og et sv\u00e6rt s\u00e5 aktivt teaterlag. Bare for \u00e5 nevne noe. I tillegg kommer Yrjar Heimbygdslag og andre organisasjoner som engasjerer innbyggerne.<\/p>\n<p>I sentrum av kystbyen, samlokalisert med r\u00e5dhus og <a href=\"https:\/\/www.kysthotell.no\/\" target=\"_blank\" rel=\"noopener\">hotell<\/a>, ligger <a href=\"http:\/\/orlandkultursenter.no\/\" target=\"_blank\" rel=\"noopener\">\u00d8rland Kultursenter<\/a>. Her er det blant annet <a href=\"http:\/\/orlandkultursenter.no\/program\/#kino\" target=\"_blank\" rel=\"noopener\">kino<\/a>, <a href=\"http:\/\/orlandkultursenter.no\/bibliotek\/\" target=\"_blank\" rel=\"noopener\">bibliotek<\/a>, <a href=\"http:\/\/orlandkultursenter.no\/program\/#scene\" target=\"_blank\" rel=\"noopener\">konsertsal<\/a>, kulturskole og kunstgalleri. I gangavstand fra kultursenteret ligger anlegg for idrett, som kunstgressbane, friidrettsarena og den nye storstua <a href=\"http:\/\/www.fosna-folket.no\/nyheter\/2016\/11\/08\/Slik-blir-%C3%98rlands-nye-storstue-13754578.ece\" target=\"_blank\" rel=\"noopener\">Sports arena<\/a> som st\u00e5r ferdig i juni 2018. I det nye anlegget blir det i tillegg til tre spilleflater ogs\u00e5 klatret\u00e5rn, squashbaner, spinningrom, styrketreningsrom, fysioterapi og treningssenter.\u00a0<a href=\"http:\/\/www.orland.frivilligsentral.no\/\" target=\"_blank\" rel=\"noopener\">Frivilligsentralen<\/a> jobber for at \u00d8rland kommune skal v\u00e6re et ettertraktet sted \u00e5 bo, og er en m\u00f8teplass som formidler kontakt mellom mennesker, lag og foreninger i lokalmilj\u00f8et.<\/p>\n<p>Naturen i \u00d8rland inviterer ogs\u00e5 til friluftsaktiviteter \u00e5ret rundt. Fra de ytterste holmer og skj\u00e6r til fjellomr\u00e5det Rusaset er det rik anledning til friske opplevelser. I tillegg kommer et flott og spennende nett med turstier i herreg\u00e5rdslandskapet ved Austr\u00e5tt.<\/p>\n<p><a href=\"https:\/\/www.google.no\/maps\/@63.6867121,9.5362967,11z\/data=!4m2!6m1!1s1waoh8dnyQNft7r05J0sQDjGqzTG1FTcl?hl=en&amp;hl=en\" target=\"_blank\" rel=\"noopener\">Klikk her for kart over idrettsanlegg og friluftstilbud i \u00d8rland.<\/a><\/p>\n<p><a href=\"https:\/\/www.google.no\/maps\/@63.6867121,9.5362967,11z\/data=!4m2!6m1!1s1waoh8dnyQNft7r05J0sQDjGqzTG1FTcl?hl=en&amp;hl=en\"><img loading=\"lazy\" decoding=\"async\" class=\"alignnone size-medium wp-image-477\" src=\"http:\/\/audun.teks.no\/wp-content\/uploads\/2018\/01\/Skjermbilde-1-300x197.png\" alt=\"\" width=\"300\" height=\"197\" srcset=\"http:\/\/audun.teks.no\/wp-content\/uploads\/2018\/01\/Skjermbilde-1-300x197.png 300w, http:\/\/audun.teks.no\/wp-content\/uploads\/2018\/01\/Skjermbilde-1-768x505.png 768w, http:\/\/audun.teks.no\/wp-content\/uploads\/2018\/01\/Skjermbilde-1-1024x674.png 1024w, http:\/\/audun.teks.no\/wp-content\/uploads\/2018\/01\/Skjermbilde-1.png 1401w\" sizes=\"auto, (max-width: 300px) 100vw, 300px\" \/><\/a><\/p>\n<p><a href=\"http:\/\/audun.teks.no\/wp-content\/uploads\/2019\/01\/Sports-\u00d8rland-updated-08-01-19.pdf\">Klikk her or brosjyre (pdf) over tilbud innen sport og fysisk aktivitet i \u00d8rland og omland <em>(norsk utgave kommer)<\/em>.<\/a><\/p>\n<p><a href=\"http:\/\/audun.teks.no\/wp-content\/uploads\/2018\/01\/Sports-%C3%98rland.pdf\"><img loading=\"lazy\" decoding=\"async\" class=\"wp-image-458\" style=\"color: #3c4858; font-size: 16px;\" src=\"http:\/\/audun.teks.no\/wp-content\/uploads\/2018\/01\/Sports-211x300.png\" alt=\"\" width=\"160\" height=\"227\" srcset=\"http:\/\/audun.teks.no\/wp-content\/uploads\/2018\/01\/Sports-211x300.png 211w, http:\/\/audun.teks.no\/wp-content\/uploads\/2018\/01\/Sports.png 640w\" sizes=\"auto, (max-width: 160px) 100vw, 160px\" \/><\/a><\/p>","protected":false},"excerpt":{"rendered":"<p>I \u00d8rland finner du et bredt og variert aktivitetstilbud for liten og stor.<\/p>","protected":false},"author":1,"featured_media":367,"parent":14,"menu_order":0,"comment_status":"closed","ping_status":"closed","template":"","meta":{"ngg_post_thumbnail":0,"footnotes":""},"class_list":["post-18","page","type-page","status-publish","has-post-thumbnail","hentry"],"yoast_head":"<!-- This site is optimized with the Yoast SEO plugin v26.8 - https:\/\/yoast.com\/product\/yoast-seo-wordpress\/ -->\n<title>\u00d8rland har et bredt og variert aktivitetstilbud - \u00d8rland<\/title>\n<meta name=\"description\" content=\"Denne siden beskriver det brede tilbudet av fritidstilbud i \u00d8rland. Nytt idrettsanlegg og kultursenter. Tilbud innen nesten all sport, kultur og friluftsliv\" \/>\n<meta name=\"robots\" content=\"noindex, follow, max-snippet:-1, max-image-preview:large, max-video-preview:-1\" \/>\n<meta property=\"og:locale\" content=\"en_US\" \/>\n<meta property=\"og:type\" content=\"article\" \/>\n<meta property=\"og:title\" content=\"\u00d8rland har et bredt og variert aktivitetstilbud - \u00d8rland\" \/>\n<meta property=\"og:description\" content=\"Denne siden beskriver det brede tilbudet av fritidstilbud i \u00d8rland. Nytt idrettsanlegg og kultursenter. Tilbud innen nesten all sport, kultur og friluftsliv\" \/>\n<meta property=\"og:url\" content=\"http:\/\/audun.teks.no\/en\/orland\/fritid-og-aktiviteter\/\" \/>\n<meta property=\"og:site_name\" content=\"\u00d8rland-TEKS-tmp\" \/>\n<meta property=\"article:modified_time\" content=\"2019-01-08T15:28:43+00:00\" \/>\n<meta property=\"og:image\" content=\"http:\/\/audun.teks.no\/wp-content\/uploads\/2017\/09\/sl-fritid2-1-1024x768.jpg\" \/>\n\t<meta property=\"og:image:width\" content=\"1024\" \/>\n\t<meta property=\"og:image:height\" content=\"768\" \/>\n\t<meta property=\"og:image:type\" content=\"image\/jpeg\" \/>\n<meta name=\"twitter:card\" content=\"summary_large_image\" \/>\n<meta name=\"twitter:label1\" content=\"Est. reading time\" \/>\n\t<meta name=\"twitter:data1\" content=\"1 minute\" \/>\n<script type=\"application\/ld+json\" class=\"yoast-schema-graph\">{\"@context\":\"https:\/\/schema.org\",\"@graph\":[{\"@type\":\"WebPage\",\"@id\":\"http:\/\/audun.teks.no\/orland\/fritid-og-aktiviteter\/\",\"url\":\"http:\/\/audun.teks.no\/orland\/fritid-og-aktiviteter\/\",\"name\":\"\u00d8rland har et bredt og variert aktivitetstilbud - \u00d8rland\",\"isPartOf\":{\"@id\":\"http:\/\/audun.teks.no\/#website\"},\"primaryImageOfPage\":{\"@id\":\"http:\/\/audun.teks.no\/orland\/fritid-og-aktiviteter\/#primaryimage\"},\"image\":{\"@id\":\"http:\/\/audun.teks.no\/orland\/fritid-og-aktiviteter\/#primaryimage\"},\"thumbnailUrl\":\"http:\/\/audun.teks.no\/wp-content\/uploads\/2017\/09\/sl-fritid2-1.jpg\",\"datePublished\":\"2017-09-08T08:21:44+00:00\",\"dateModified\":\"2019-01-08T15:28:43+00:00\",\"description\":\"Denne siden beskriver det brede tilbudet av fritidstilbud i \u00d8rland. Nytt idrettsanlegg og kultursenter. Tilbud innen nesten all sport, kultur og friluftsliv\",\"breadcrumb\":{\"@id\":\"http:\/\/audun.teks.no\/orland\/fritid-og-aktiviteter\/#breadcrumb\"},\"inLanguage\":\"en-US\",\"potentialAction\":[{\"@type\":\"ReadAction\",\"target\":[\"http:\/\/audun.teks.no\/orland\/fritid-og-aktiviteter\/\"]}]},{\"@type\":\"ImageObject\",\"inLanguage\":\"en-US\",\"@id\":\"http:\/\/audun.teks.no\/orland\/fritid-og-aktiviteter\/#primaryimage\",\"url\":\"http:\/\/audun.teks.no\/wp-content\/uploads\/2017\/09\/sl-fritid2-1.jpg\",\"contentUrl\":\"http:\/\/audun.teks.no\/wp-content\/uploads\/2017\/09\/sl-fritid2-1.jpg\",\"width\":4160,\"height\":3120,\"caption\":\"\u00d8rland - Fritidsaktiviteter Kajakk Strand\"},{\"@type\":\"BreadcrumbList\",\"@id\":\"http:\/\/audun.teks.no\/orland\/fritid-og-aktiviteter\/#breadcrumb\",\"itemListElement\":[{\"@type\":\"ListItem\",\"position\":1,\"name\":\"Hjem\",\"item\":\"http:\/\/audun.teks.no\/\"},{\"@type\":\"ListItem\",\"position\":2,\"name\":\"\u00d8rland\",\"item\":\"http:\/\/audun.teks.no\/orland\/\"},{\"@type\":\"ListItem\",\"position\":3,\"name\":\"Fritid og aktiviteter\"}]},{\"@type\":\"WebSite\",\"@id\":\"http:\/\/audun.teks.no\/#website\",\"url\":\"http:\/\/audun.teks.no\/\",\"name\":\"\u00d8rland-TEKS-tmp\",\"description\":\"Velkommen til flotte kystopplevelser\",\"publisher\":{\"@id\":\"http:\/\/audun.teks.no\/#organization\"},\"potentialAction\":[{\"@type\":\"SearchAction\",\"target\":{\"@type\":\"EntryPoint\",\"urlTemplate\":\"http:\/\/audun.teks.no\/?s={search_term_string}\"},\"query-input\":{\"@type\":\"PropertyValueSpecification\",\"valueRequired\":true,\"valueName\":\"search_term_string\"}}],\"inLanguage\":\"en-US\"},{\"@type\":\"Organization\",\"@id\":\"http:\/\/audun.teks.no\/#organization\",\"name\":\"\u00d8rland\",\"url\":\"http:\/\/audun.teks.no\/\",\"logo\":{\"@type\":\"ImageObject\",\"inLanguage\":\"en-US\",\"@id\":\"http:\/\/audun.teks.no\/#\/schema\/logo\/image\/\",\"url\":\"http:\/\/audun.teks.no\/wp-content\/uploads\/2020\/04\/RORET-\u00d8rland-kulturforetak-KF.jpg\",\"contentUrl\":\"http:\/\/audun.teks.no\/wp-content\/uploads\/2020\/04\/RORET-\u00d8rland-kulturforetak-KF.jpg\",\"width\":1772,\"height\":969,\"caption\":\"\u00d8rland\"},\"image\":{\"@id\":\"http:\/\/audun.teks.no\/#\/schema\/logo\/image\/\"}}]}<\/script>\n<!-- \/ Yoast SEO plugin. -->","yoast_head_json":{"title":"\u00d8rland har et bredt og variert aktivitetstilbud - \u00d8rland","description":"Denne siden beskriver det brede tilbudet av fritidstilbud i \u00d8rland. Nytt idrettsanlegg og kultursenter. Tilbud innen nesten all sport, kultur og friluftsliv","robots":{"index":"noindex","follow":"follow","max-snippet":"max-snippet:-1","max-image-preview":"max-image-preview:large","max-video-preview":"max-video-preview:-1"},"og_locale":"en_US","og_type":"article","og_title":"\u00d8rland har et bredt og variert aktivitetstilbud - \u00d8rland","og_description":"Denne siden beskriver det brede tilbudet av fritidstilbud i \u00d8rland. Nytt idrettsanlegg og kultursenter. Tilbud innen nesten all sport, kultur og friluftsliv","og_url":"http:\/\/audun.teks.no\/en\/orland\/fritid-og-aktiviteter\/","og_site_name":"\u00d8rland-TEKS-tmp","article_modified_time":"2019-01-08T15:28:43+00:00","og_image":[{"width":1024,"height":768,"url":"http:\/\/audun.teks.no\/wp-content\/uploads\/2017\/09\/sl-fritid2-1-1024x768.jpg","type":"image\/jpeg"}],"twitter_card":"summary_large_image","twitter_misc":{"Est. reading time":"1 minute"},"schema":{"@context":"https:\/\/schema.org","@graph":[{"@type":"WebPage","@id":"http:\/\/audun.teks.no\/orland\/fritid-og-aktiviteter\/","url":"http:\/\/audun.teks.no\/orland\/fritid-og-aktiviteter\/","name":"\u00d8rland har et bredt og variert aktivitetstilbud - \u00d8rland","isPartOf":{"@id":"http:\/\/audun.teks.no\/#website"},"primaryImageOfPage":{"@id":"http:\/\/audun.teks.no\/orland\/fritid-og-aktiviteter\/#primaryimage"},"image":{"@id":"http:\/\/audun.teks.no\/orland\/fritid-og-aktiviteter\/#primaryimage"},"thumbnailUrl":"http:\/\/audun.teks.no\/wp-content\/uploads\/2017\/09\/sl-fritid2-1.jpg","datePublished":"2017-09-08T08:21:44+00:00","dateModified":"2019-01-08T15:28:43+00:00","description":"Denne siden beskriver det brede tilbudet av fritidstilbud i \u00d8rland. Nytt idrettsanlegg og kultursenter. Tilbud innen nesten all sport, kultur og friluftsliv","breadcrumb":{"@id":"http:\/\/audun.teks.no\/orland\/fritid-og-aktiviteter\/#breadcrumb"},"inLanguage":"en-US","potentialAction":[{"@type":"ReadAction","target":["http:\/\/audun.teks.no\/orland\/fritid-og-aktiviteter\/"]}]},{"@type":"ImageObject","inLanguage":"en-US","@id":"http:\/\/audun.teks.no\/orland\/fritid-og-aktiviteter\/#primaryimage","url":"http:\/\/audun.teks.no\/wp-content\/uploads\/2017\/09\/sl-fritid2-1.jpg","contentUrl":"http:\/\/audun.teks.no\/wp-content\/uploads\/2017\/09\/sl-fritid2-1.jpg","width":4160,"height":3120,"caption":"\u00d8rland - Fritidsaktiviteter Kajakk Strand"},{"@type":"BreadcrumbList","@id":"http:\/\/audun.teks.no\/orland\/fritid-og-aktiviteter\/#breadcrumb","itemListElement":[{"@type":"ListItem","position":1,"name":"Hjem","item":"http:\/\/audun.teks.no\/"},{"@type":"ListItem","position":2,"name":"\u00d8rland","item":"http:\/\/audun.teks.no\/orland\/"},{"@type":"ListItem","position":3,"name":"Fritid og aktiviteter"}]},{"@type":"WebSite","@id":"http:\/\/audun.teks.no\/#website","url":"http:\/\/audun.teks.no\/","name":"\u00d8rland-TEKS-tmp","description":"Velkommen til flotte kystopplevelser","publisher":{"@id":"http:\/\/audun.teks.no\/#organization"},"potentialAction":[{"@type":"SearchAction","target":{"@type":"EntryPoint","urlTemplate":"http:\/\/audun.teks.no\/?s={search_term_string}"},"query-input":{"@type":"PropertyValueSpecification","valueRequired":true,"valueName":"search_term_string"}}],"inLanguage":"en-US"},{"@type":"Organization","@id":"http:\/\/audun.teks.no\/#organization","name":"\u00d8rland","url":"http:\/\/audun.teks.no\/","logo":{"@type":"ImageObject","inLanguage":"en-US","@id":"http:\/\/audun.teks.no\/#\/schema\/logo\/image\/","url":"http:\/\/audun.teks.no\/wp-content\/uploads\/2020\/04\/RORET-\u00d8rland-kulturforetak-KF.jpg","contentUrl":"http:\/\/audun.teks.no\/wp-content\/uploads\/2020\/04\/RORET-\u00d8rland-kulturforetak-KF.jpg","width":1772,"height":969,"caption":"\u00d8rland"},"image":{"@id":"http:\/\/audun.teks.no\/#\/schema\/logo\/image\/"}}]}},"acf":[],"_links":{"self":[{"href":"http:\/\/audun.teks.no\/en\/wp-json\/wp\/v2\/pages\/18","targetHints":{"allow":["GET"]}}],"collection":[{"href":"http:\/\/audun.teks.no\/en\/wp-json\/wp\/v2\/pages"}],"about":[{"href":"http:\/\/audun.teks.no\/en\/wp-json\/wp\/v2\/types\/page"}],"author":[{"embeddable":true,"href":"http:\/\/audun.teks.no\/en\/wp-json\/wp\/v2\/users\/1"}],"replies":[{"embeddable":true,"href":"http:\/\/audun.teks.no\/en\/wp-json\/wp\/v2\/comments?post=18"}],"version-history":[{"count":23,"href":"http:\/\/audun.teks.no\/en\/wp-json\/wp\/v2\/pages\/18\/revisions"}],"predecessor-version":[{"id":1424,"href":"http:\/\/audun.teks.no\/en\/wp-json\/wp\/v2\/pages\/18\/revisions\/1424"}],"up":[{"embeddable":true,"href":"http:\/\/audun.teks.no\/en\/wp-json\/wp\/v2\/pages\/14"}],"wp:featuredmedia":[{"embeddable":true,"href":"http:\/\/audun.teks.no\/en\/wp-json\/wp\/v2\/media\/367"}],"wp:attachment":[{"href":"http:\/\/audun.teks.no\/en\/wp-json\/wp\/v2\/media?parent=18"}],"curies":[{"name":"wp","href":"https:\/\/api.w.org\/{rel}","templated":true}]}}