{"id":16,"date":"2017-09-08T08:21:18","date_gmt":"2017-09-08T08:21:18","guid":{"rendered":"http:\/\/orland.no\/?page_id=16"},"modified":"2021-08-25T12:57:44","modified_gmt":"2021-08-25T12:57:44","slug":"bo-pa-orland","status":"publish","type":"page","link":"http:\/\/audun.teks.no\/en\/orland\/bo-pa-orland\/","title":{"rendered":"Tomt og bolig"},"content":{"rendered":"<div data-elementor-type=\"wp-page\" data-elementor-id=\"16\" class=\"elementor elementor-16\">\n\t\t\t\t\t\t<div class=\"elementor-inner\">\n\t\t\t\t<div class=\"elementor-section-wrap\">\n\t\t\t\t\t\t\t\t\t<section class=\"elementor-section elementor-top-section elementor-element elementor-element-13cc935e elementor-section-boxed elementor-section-height-default elementor-section-height-default\" data-id=\"13cc935e\" data-element_type=\"section\">\n\t\t\t\t\t\t<div class=\"elementor-container elementor-column-gap-default\">\n\t\t\t\t\t\t\t<div class=\"elementor-row\">\n\t\t\t\t\t<div class=\"elementor-column elementor-col-100 elementor-top-column elementor-element elementor-element-55c1c74\" data-id=\"55c1c74\" data-element_type=\"column\">\n\t\t\t<div class=\"elementor-column-wrap elementor-element-populated\">\n\t\t\t\t\t\t\t<div class=\"elementor-widget-wrap\">\n\t\t\t\t\t\t<div class=\"elementor-element elementor-element-7dac643c elementor-widget elementor-widget-text-editor\" data-id=\"7dac643c\" data-element_type=\"widget\" data-widget_type=\"text-editor.default\">\n\t\t\t\t<div class=\"elementor-widget-container\">\n\t\t\t\t\t\t\t\t<div class=\"elementor-text-editor elementor-clearfix\">\n\t\t\t\t<h4>Velger du \u00e5 flytte til \u00d8rland kan du finne akkurat den boligen du \u00f8nsker; alt fra tomt, rekkehus, enebolig, leilighet. Her kan tilflyttere velge \u00e5 bo sentralt p\u00e5 Brekstad eller i Bjugn. Det finnes ogs\u00e5 mange perler \u00e5 bosette seg p\u00e5 i sm\u00e5steder som Lys\u00f8ysund, Uthaug, H\u00f8ybakken og Opphaug. Det er mulig \u00e5 leve \u00f8ylivet p\u00e5 Tarva, Storfosna og Kr\u00e5kv\u00e5g.<\/h4>\n<div><a href=\"https:\/\/www.finn.no\/realestate\/homes\/search.html?location=1.20016.20323&amp;sort=PUBLISHED_DESC\" target=\"_blank\" rel=\"noopener\">Boliger til salgs i kommunen finner du ved \u00e5 klikke her<\/a>.<\/div>\n<div><\/div>\n<p><\/p><\/div><\/div><\/div><\/div><\/div><\/div><\/div><\/div><\/section><\/div><\/div><\/div> <a href=\"http:\/\/audun.teks.no\/en\/orland\/bo-pa-orland\/#more-16\" class=\"more-link elementor-more-link\"><span aria-label=\"Continue reading Tomt og bolig\">(more&hellip;)<\/span><\/a>","protected":false},"excerpt":{"rendered":"<p>Velger du \u00e5 flytte til \u00d8rland kan du finne akkurat den boligen du \u00f8nsker; alt fra tomt, rekkehus, enebolig, leilighet. Her kan tilflyttere velge \u00e5 bo sentralt p\u00e5 Brekstad eller i Bjugn. Det finnes ogs\u00e5 mange perler \u00e5 bosette seg p\u00e5 i sm\u00e5steder som Lys\u00f8ysund, Uthaug, H\u00f8ybakken og Opphaug. Det [&hellip;]<\/p>","protected":false},"author":1,"featured_media":141,"parent":14,"menu_order":0,"comment_status":"closed","ping_status":"closed","template":"","meta":{"ngg_post_thumbnail":0,"footnotes":""},"class_list":["post-16","page","type-page","status-publish","has-post-thumbnail","hentry"],"yoast_head":"<!-- This site is optimized with the Yoast SEO plugin v26.8 - https:\/\/yoast.com\/product\/yoast-seo-wordpress\/ -->\n<title>Bo i \u00d8rland - Leiligheter, enebolig eller rekkehus - \u00d8rland<\/title>\n<meta name=\"description\" content=\"Gode bo- og jobbmuligheter, kort vei til skole, jobb og fritidsaktiviteter uansett hvor i kommunen du bor. Bredt aktivitetstilbud for store og sm\u00e5.\" \/>\n<meta name=\"robots\" content=\"noindex, follow, max-snippet:-1, max-image-preview:large, max-video-preview:-1\" \/>\n<meta property=\"og:locale\" content=\"en_US\" \/>\n<meta property=\"og:type\" content=\"article\" \/>\n<meta property=\"og:title\" content=\"Bo i \u00d8rland - Leiligheter, enebolig eller rekkehus - \u00d8rland\" \/>\n<meta property=\"og:description\" content=\"Gode bo- og jobbmuligheter, kort vei til skole, jobb og fritidsaktiviteter uansett hvor i kommunen du bor. Bredt aktivitetstilbud for store og sm\u00e5.\" \/>\n<meta property=\"og:url\" content=\"http:\/\/audun.teks.no\/en\/orland\/bo-pa-orland\/\" \/>\n<meta property=\"og:site_name\" content=\"\u00d8rland-TEKS-tmp\" \/>\n<meta property=\"article:modified_time\" content=\"2021-08-25T12:57:44+00:00\" \/>\n<meta property=\"og:image\" content=\"http:\/\/audun.teks.no\/wp-content\/uploads\/2017\/09\/Pa-tur-i-orland-OLK-00083_1024.jpg\" \/>\n\t<meta property=\"og:image:width\" content=\"1024\" \/>\n\t<meta property=\"og:image:height\" content=\"683\" \/>\n\t<meta property=\"og:image:type\" content=\"image\/jpeg\" \/>\n<meta name=\"twitter:card\" content=\"summary_large_image\" \/>\n<meta name=\"twitter:label1\" content=\"Est. reading time\" \/>\n\t<meta name=\"twitter:data1\" content=\"1 minute\" \/>\n<script type=\"application\/ld+json\" class=\"yoast-schema-graph\">{\"@context\":\"https:\/\/schema.org\",\"@graph\":[{\"@type\":\"WebPage\",\"@id\":\"http:\/\/audun.teks.no\/orland\/bo-pa-orland\/\",\"url\":\"http:\/\/audun.teks.no\/orland\/bo-pa-orland\/\",\"name\":\"Bo i \u00d8rland - Leiligheter, enebolig eller rekkehus - \u00d8rland\",\"isPartOf\":{\"@id\":\"http:\/\/audun.teks.no\/#website\"},\"primaryImageOfPage\":{\"@id\":\"http:\/\/audun.teks.no\/orland\/bo-pa-orland\/#primaryimage\"},\"image\":{\"@id\":\"http:\/\/audun.teks.no\/orland\/bo-pa-orland\/#primaryimage\"},\"thumbnailUrl\":\"http:\/\/audun.teks.no\/wp-content\/uploads\/2017\/09\/Pa-tur-i-orland-OLK-00083_1024.jpg\",\"datePublished\":\"2017-09-08T08:21:18+00:00\",\"dateModified\":\"2021-08-25T12:57:44+00:00\",\"description\":\"Gode bo- og jobbmuligheter, kort vei til skole, jobb og fritidsaktiviteter uansett hvor i kommunen du bor. Bredt aktivitetstilbud for store og sm\u00e5.\",\"breadcrumb\":{\"@id\":\"http:\/\/audun.teks.no\/orland\/bo-pa-orland\/#breadcrumb\"},\"inLanguage\":\"en-US\",\"potentialAction\":[{\"@type\":\"ReadAction\",\"target\":[\"http:\/\/audun.teks.no\/orland\/bo-pa-orland\/\"]}]},{\"@type\":\"ImageObject\",\"inLanguage\":\"en-US\",\"@id\":\"http:\/\/audun.teks.no\/orland\/bo-pa-orland\/#primaryimage\",\"url\":\"http:\/\/audun.teks.no\/wp-content\/uploads\/2017\/09\/Pa-tur-i-orland-OLK-00083_1024.jpg\",\"contentUrl\":\"http:\/\/audun.teks.no\/wp-content\/uploads\/2017\/09\/Pa-tur-i-orland-OLK-00083_1024.jpg\",\"width\":1024,\"height\":683,\"caption\":\"\u00d8rland - p\u00e5 tur. Foto: Mari Lauvheim\"},{\"@type\":\"BreadcrumbList\",\"@id\":\"http:\/\/audun.teks.no\/orland\/bo-pa-orland\/#breadcrumb\",\"itemListElement\":[{\"@type\":\"ListItem\",\"position\":1,\"name\":\"Hjem\",\"item\":\"http:\/\/audun.teks.no\/\"},{\"@type\":\"ListItem\",\"position\":2,\"name\":\"\u00d8rland\",\"item\":\"http:\/\/audun.teks.no\/orland\/\"},{\"@type\":\"ListItem\",\"position\":3,\"name\":\"Tomt og bolig\"}]},{\"@type\":\"WebSite\",\"@id\":\"http:\/\/audun.teks.no\/#website\",\"url\":\"http:\/\/audun.teks.no\/\",\"name\":\"\u00d8rland-TEKS-tmp\",\"description\":\"Velkommen til flotte kystopplevelser\",\"publisher\":{\"@id\":\"http:\/\/audun.teks.no\/#organization\"},\"potentialAction\":[{\"@type\":\"SearchAction\",\"target\":{\"@type\":\"EntryPoint\",\"urlTemplate\":\"http:\/\/audun.teks.no\/?s={search_term_string}\"},\"query-input\":{\"@type\":\"PropertyValueSpecification\",\"valueRequired\":true,\"valueName\":\"search_term_string\"}}],\"inLanguage\":\"en-US\"},{\"@type\":\"Organization\",\"@id\":\"http:\/\/audun.teks.no\/#organization\",\"name\":\"\u00d8rland\",\"url\":\"http:\/\/audun.teks.no\/\",\"logo\":{\"@type\":\"ImageObject\",\"inLanguage\":\"en-US\",\"@id\":\"http:\/\/audun.teks.no\/#\/schema\/logo\/image\/\",\"url\":\"http:\/\/audun.teks.no\/wp-content\/uploads\/2020\/04\/RORET-\u00d8rland-kulturforetak-KF.jpg\",\"contentUrl\":\"http:\/\/audun.teks.no\/wp-content\/uploads\/2020\/04\/RORET-\u00d8rland-kulturforetak-KF.jpg\",\"width\":1772,\"height\":969,\"caption\":\"\u00d8rland\"},\"image\":{\"@id\":\"http:\/\/audun.teks.no\/#\/schema\/logo\/image\/\"}}]}<\/script>\n<!-- \/ Yoast SEO plugin. -->","yoast_head_json":{"title":"Bo i \u00d8rland - Leiligheter, enebolig eller rekkehus - \u00d8rland","description":"Gode bo- og jobbmuligheter, kort vei til skole, jobb og fritidsaktiviteter uansett hvor i kommunen du bor. Bredt aktivitetstilbud for store og sm\u00e5.","robots":{"index":"noindex","follow":"follow","max-snippet":"max-snippet:-1","max-image-preview":"max-image-preview:large","max-video-preview":"max-video-preview:-1"},"og_locale":"en_US","og_type":"article","og_title":"Bo i \u00d8rland - Leiligheter, enebolig eller rekkehus - \u00d8rland","og_description":"Gode bo- og jobbmuligheter, kort vei til skole, jobb og fritidsaktiviteter uansett hvor i kommunen du bor. Bredt aktivitetstilbud for store og sm\u00e5.","og_url":"http:\/\/audun.teks.no\/en\/orland\/bo-pa-orland\/","og_site_name":"\u00d8rland-TEKS-tmp","article_modified_time":"2021-08-25T12:57:44+00:00","og_image":[{"width":1024,"height":683,"url":"http:\/\/audun.teks.no\/wp-content\/uploads\/2017\/09\/Pa-tur-i-orland-OLK-00083_1024.jpg","type":"image\/jpeg"}],"twitter_card":"summary_large_image","twitter_misc":{"Est. reading time":"1 minute"},"schema":{"@context":"https:\/\/schema.org","@graph":[{"@type":"WebPage","@id":"http:\/\/audun.teks.no\/orland\/bo-pa-orland\/","url":"http:\/\/audun.teks.no\/orland\/bo-pa-orland\/","name":"Bo i \u00d8rland - Leiligheter, enebolig eller rekkehus - \u00d8rland","isPartOf":{"@id":"http:\/\/audun.teks.no\/#website"},"primaryImageOfPage":{"@id":"http:\/\/audun.teks.no\/orland\/bo-pa-orland\/#primaryimage"},"image":{"@id":"http:\/\/audun.teks.no\/orland\/bo-pa-orland\/#primaryimage"},"thumbnailUrl":"http:\/\/audun.teks.no\/wp-content\/uploads\/2017\/09\/Pa-tur-i-orland-OLK-00083_1024.jpg","datePublished":"2017-09-08T08:21:18+00:00","dateModified":"2021-08-25T12:57:44+00:00","description":"Gode bo- og jobbmuligheter, kort vei til skole, jobb og fritidsaktiviteter uansett hvor i kommunen du bor. Bredt aktivitetstilbud for store og sm\u00e5.","breadcrumb":{"@id":"http:\/\/audun.teks.no\/orland\/bo-pa-orland\/#breadcrumb"},"inLanguage":"en-US","potentialAction":[{"@type":"ReadAction","target":["http:\/\/audun.teks.no\/orland\/bo-pa-orland\/"]}]},{"@type":"ImageObject","inLanguage":"en-US","@id":"http:\/\/audun.teks.no\/orland\/bo-pa-orland\/#primaryimage","url":"http:\/\/audun.teks.no\/wp-content\/uploads\/2017\/09\/Pa-tur-i-orland-OLK-00083_1024.jpg","contentUrl":"http:\/\/audun.teks.no\/wp-content\/uploads\/2017\/09\/Pa-tur-i-orland-OLK-00083_1024.jpg","width":1024,"height":683,"caption":"\u00d8rland - p\u00e5 tur. Foto: Mari Lauvheim"},{"@type":"BreadcrumbList","@id":"http:\/\/audun.teks.no\/orland\/bo-pa-orland\/#breadcrumb","itemListElement":[{"@type":"ListItem","position":1,"name":"Hjem","item":"http:\/\/audun.teks.no\/"},{"@type":"ListItem","position":2,"name":"\u00d8rland","item":"http:\/\/audun.teks.no\/orland\/"},{"@type":"ListItem","position":3,"name":"Tomt og bolig"}]},{"@type":"WebSite","@id":"http:\/\/audun.teks.no\/#website","url":"http:\/\/audun.teks.no\/","name":"\u00d8rland-TEKS-tmp","description":"Velkommen til flotte kystopplevelser","publisher":{"@id":"http:\/\/audun.teks.no\/#organization"},"potentialAction":[{"@type":"SearchAction","target":{"@type":"EntryPoint","urlTemplate":"http:\/\/audun.teks.no\/?s={search_term_string}"},"query-input":{"@type":"PropertyValueSpecification","valueRequired":true,"valueName":"search_term_string"}}],"inLanguage":"en-US"},{"@type":"Organization","@id":"http:\/\/audun.teks.no\/#organization","name":"\u00d8rland","url":"http:\/\/audun.teks.no\/","logo":{"@type":"ImageObject","inLanguage":"en-US","@id":"http:\/\/audun.teks.no\/#\/schema\/logo\/image\/","url":"http:\/\/audun.teks.no\/wp-content\/uploads\/2020\/04\/RORET-\u00d8rland-kulturforetak-KF.jpg","contentUrl":"http:\/\/audun.teks.no\/wp-content\/uploads\/2020\/04\/RORET-\u00d8rland-kulturforetak-KF.jpg","width":1772,"height":969,"caption":"\u00d8rland"},"image":{"@id":"http:\/\/audun.teks.no\/#\/schema\/logo\/image\/"}}]}},"acf":[],"_links":{"self":[{"href":"http:\/\/audun.teks.no\/en\/wp-json\/wp\/v2\/pages\/16","targetHints":{"allow":["GET"]}}],"collection":[{"href":"http:\/\/audun.teks.no\/en\/wp-json\/wp\/v2\/pages"}],"about":[{"href":"http:\/\/audun.teks.no\/en\/wp-json\/wp\/v2\/types\/page"}],"author":[{"embeddable":true,"href":"http:\/\/audun.teks.no\/en\/wp-json\/wp\/v2\/users\/1"}],"replies":[{"embeddable":true,"href":"http:\/\/audun.teks.no\/en\/wp-json\/wp\/v2\/comments?post=16"}],"version-history":[{"count":67,"href":"http:\/\/audun.teks.no\/en\/wp-json\/wp\/v2\/pages\/16\/revisions"}],"predecessor-version":[{"id":520794,"href":"http:\/\/audun.teks.no\/en\/wp-json\/wp\/v2\/pages\/16\/revisions\/520794"}],"up":[{"embeddable":true,"href":"http:\/\/audun.teks.no\/en\/wp-json\/wp\/v2\/pages\/14"}],"wp:featuredmedia":[{"embeddable":true,"href":"http:\/\/audun.teks.no\/en\/wp-json\/wp\/v2\/media\/141"}],"wp:attachment":[{"href":"http:\/\/audun.teks.no\/en\/wp-json\/wp\/v2\/media?parent=16"}],"curies":[{"name":"wp","href":"https:\/\/api.w.org\/{rel}","templated":true}]}}