{"id":1272,"date":"2018-09-27T10:57:47","date_gmt":"2018-09-27T10:57:47","guid":{"rendered":"https:\/\/www.orland.no\/?page_id=1272"},"modified":"2023-06-06T07:39:43","modified_gmt":"2023-06-06T07:39:43","slug":"til-og-fra-orland","status":"publish","type":"page","link":"http:\/\/audun.teks.no\/en\/til-og-fra-orland\/","title":{"rendered":"How to get here"},"content":{"rendered":"<p><strong>PLANE:<\/strong> Daily (except Saturdays) flights between Oslo and \u00d8rland<\/p>\n<ul>\n<li><a href=\"https:\/\/dat.dk\/\" style=\"font-size: 18px;\" target=\"_blank\" rel=\"noopener noreferrer\">Klikk her for informasjon og booking p\u00e5 DAT.DK<\/a><\/li>\n<li><a href=\"https:\/\/orlandlufthavn.no\/\" style=\"font-size: 18px;\" target=\"_blank\" rel=\"noopener noreferrer\">Click here for \u00d8rland Airports home page<\/a><\/li>\n<\/ul>\n<p><strong>RENTAL CARS:\u00a0\u00a0<\/strong>Flere bedrifter tilbyr leiebiler i \u00d8rland<\/p>\n<ul>\n<li><a href=\"https:\/\/orland.kommune.no\/om-orland\/til-og-fra-orland\/leiebil-i-orland.1972.aspx\" style=\"font-size: 18px;\" target=\"_blank\" rel=\"noopener noreferrer\">Click here for an overview of rental car agencies<\/a><\/li>\n<\/ul>\n<p><strong>PASSENGER FERRY:<\/strong> 8 daily departures (weekdays) to Trondheim. Also to Kristiansund, Hitra (&amp; Fr\u00f8ya), Lensvik and Hysnes.<\/p>\n<ul>\n<li><a href=\"https:\/\/www.atb.no\/getfile.php\/1399856-1670317702\/Rutetabeller\/22-23_bat\/AtB_rute800-805_12.12.2022.pdf\" style=\"font-size: 18px;\" target=\"_blank\" rel=\"noopener noreferrer\">Click here for boat schedule<\/a><\/li>\n<\/ul>\n<p><strong>AUTO FERRY:<\/strong> Departs every 30 minutes during daytime<\/p>\n<ul>\n<li><a href=\"https:\/\/www.atb.no\/getfile.php\/1397560-1660656298\/Rutetabeller\/22-23_bat\/AtB_Rute870.pdf\" style=\"font-size: 18px;\" target=\"_blank\" rel=\"noopener noreferrer\">Click for schedule Brekstad-Valset auto ferry<\/a><\/li>\n<\/ul>\n<p><strong>TAXI: T<span>el: 07373<\/span><\/strong><\/p>\n<ul>\n<li><a href=\"https:\/\/www.trondertaxi.no\/\" style=\"font-size: 18px;\">Click for Tr\u00f8nderTaxi<\/a><\/li>\n<\/ul>\n\n\n<p><strong>ELECTRIC CAR CHARGING STATIONS:<\/strong><\/p>\n\n\n\n<ul class=\"wp-block-list\">\n<li><a href=\"https:\/\/orland.kommune.no\/om-orland\/til-og-fra-orland\/ladestasjoner\/\">Click here for an overview of charging stations<\/a><\/li>\n<\/ul>\n\n\n\n<p><\/p>","protected":false},"excerpt":{"rendered":"<p>FLY: Daglige (unntatt l\u00f8rdag) flyvninger mellom Oslo og \u00d8rland lufthavner Klikk her for informasjon og booking p\u00e5 DAT.DK Klikk her for \u00d8rland lufthavns hjemmeside LEIEBIL:\u00a0\u00a0Flere bedrifter tilbyr leiebiler i \u00d8rland Klikk her for en oversikt over tilbud av leiebiler i \u00d8rland HURTIGB\u00c5T: 8 avganger daglig (hverdager) til Trondheim,. Ogs\u00e5 tilbud [&hellip;]<\/p>","protected":false},"author":4,"featured_media":1278,"parent":0,"menu_order":0,"comment_status":"closed","ping_status":"closed","template":"","meta":{"ngg_post_thumbnail":0,"footnotes":""},"class_list":["post-1272","page","type-page","status-publish","has-post-thumbnail","hentry"],"yoast_head":"<!-- This site is optimized with the Yoast SEO plugin v26.8 - https:\/\/yoast.com\/product\/yoast-seo-wordpress\/ -->\n<title>Til og fra \u00d8rland - \u00d8rland-TEKS-tmp<\/title>\n<meta name=\"description\" content=\"Gode bo- og jobbmuligheter, kort vei til skole, jobb og fritidsaktiviteter uansett hvor i kommunen du bor. Bredt og variert aktivitetstilbud for store og sm\u00e5. Flytt bedriften eller etabler ny n\u00e6ring p\u00e5 \u00d8rlandet. Kommunen har byggeklart n\u00e6ringsareal b\u00e5de til salgs og til leie.\" \/>\n<meta name=\"robots\" content=\"noindex, follow, max-snippet:-1, max-image-preview:large, max-video-preview:-1\" \/>\n<meta property=\"og:locale\" content=\"en_US\" \/>\n<meta property=\"og:type\" content=\"article\" \/>\n<meta property=\"og:title\" content=\"Til og fra \u00d8rland - \u00d8rland-TEKS-tmp\" \/>\n<meta property=\"og:description\" content=\"Gode bo- og jobbmuligheter, kort vei til skole, jobb og fritidsaktiviteter uansett hvor i kommunen du bor. Bredt og variert aktivitetstilbud for store og sm\u00e5. Flytt bedriften eller etabler ny n\u00e6ring p\u00e5 \u00d8rlandet. Kommunen har byggeklart n\u00e6ringsareal b\u00e5de til salgs og til leie.\" \/>\n<meta property=\"og:url\" content=\"http:\/\/audun.teks.no\/en\/til-og-fra-orland\/\" \/>\n<meta property=\"og:site_name\" content=\"\u00d8rland-TEKS-tmp\" \/>\n<meta property=\"article:modified_time\" content=\"2023-06-06T07:39:43+00:00\" \/>\n<meta property=\"og:image\" content=\"http:\/\/audun.teks.no\/wp-content\/uploads\/2018\/09\/sl-airleapDSC_1268-1024x678.jpg\" \/>\n\t<meta property=\"og:image:width\" content=\"1024\" \/>\n\t<meta property=\"og:image:height\" content=\"678\" \/>\n\t<meta property=\"og:image:type\" content=\"image\/jpeg\" \/>\n<meta name=\"twitter:card\" content=\"summary_large_image\" \/>\n<meta name=\"twitter:label1\" content=\"Est. reading time\" \/>\n\t<meta name=\"twitter:data1\" content=\"1 minute\" \/>\n<script type=\"application\/ld+json\" class=\"yoast-schema-graph\">{\"@context\":\"https:\/\/schema.org\",\"@graph\":[{\"@type\":\"WebPage\",\"@id\":\"http:\/\/audun.teks.no\/til-og-fra-orland\/\",\"url\":\"http:\/\/audun.teks.no\/til-og-fra-orland\/\",\"name\":\"Til og fra \u00d8rland - \u00d8rland-TEKS-tmp\",\"isPartOf\":{\"@id\":\"http:\/\/audun.teks.no\/#website\"},\"primaryImageOfPage\":{\"@id\":\"http:\/\/audun.teks.no\/til-og-fra-orland\/#primaryimage\"},\"image\":{\"@id\":\"http:\/\/audun.teks.no\/til-og-fra-orland\/#primaryimage\"},\"thumbnailUrl\":\"http:\/\/audun.teks.no\/wp-content\/uploads\/2018\/09\/sl-airleapDSC_1268.jpg\",\"datePublished\":\"2018-09-27T10:57:47+00:00\",\"dateModified\":\"2023-06-06T07:39:43+00:00\",\"description\":\"Gode bo- og jobbmuligheter, kort vei til skole, jobb og fritidsaktiviteter uansett hvor i kommunen du bor. Bredt og variert aktivitetstilbud for store og sm\u00e5. Flytt bedriften eller etabler ny n\u00e6ring p\u00e5 \u00d8rlandet. Kommunen har byggeklart n\u00e6ringsareal b\u00e5de til salgs og til leie.\",\"breadcrumb\":{\"@id\":\"http:\/\/audun.teks.no\/til-og-fra-orland\/#breadcrumb\"},\"inLanguage\":\"en-US\",\"potentialAction\":[{\"@type\":\"ReadAction\",\"target\":[\"http:\/\/audun.teks.no\/til-og-fra-orland\/\"]}]},{\"@type\":\"ImageObject\",\"inLanguage\":\"en-US\",\"@id\":\"http:\/\/audun.teks.no\/til-og-fra-orland\/#primaryimage\",\"url\":\"http:\/\/audun.teks.no\/wp-content\/uploads\/2018\/09\/sl-airleapDSC_1268.jpg\",\"contentUrl\":\"http:\/\/audun.teks.no\/wp-content\/uploads\/2018\/09\/sl-airleapDSC_1268.jpg\",\"width\":4928,\"height\":3264,\"caption\":\"Til\/Fra \u00d8rland\"},{\"@type\":\"BreadcrumbList\",\"@id\":\"http:\/\/audun.teks.no\/til-og-fra-orland\/#breadcrumb\",\"itemListElement\":[{\"@type\":\"ListItem\",\"position\":1,\"name\":\"Hjem\",\"item\":\"http:\/\/audun.teks.no\/\"},{\"@type\":\"ListItem\",\"position\":2,\"name\":\"Til og fra \u00d8rland\"}]},{\"@type\":\"WebSite\",\"@id\":\"http:\/\/audun.teks.no\/#website\",\"url\":\"http:\/\/audun.teks.no\/\",\"name\":\"\u00d8rland-TEKS-tmp\",\"description\":\"Velkommen til flotte kystopplevelser\",\"publisher\":{\"@id\":\"http:\/\/audun.teks.no\/#organization\"},\"potentialAction\":[{\"@type\":\"SearchAction\",\"target\":{\"@type\":\"EntryPoint\",\"urlTemplate\":\"http:\/\/audun.teks.no\/?s={search_term_string}\"},\"query-input\":{\"@type\":\"PropertyValueSpecification\",\"valueRequired\":true,\"valueName\":\"search_term_string\"}}],\"inLanguage\":\"en-US\"},{\"@type\":\"Organization\",\"@id\":\"http:\/\/audun.teks.no\/#organization\",\"name\":\"\u00d8rland\",\"url\":\"http:\/\/audun.teks.no\/\",\"logo\":{\"@type\":\"ImageObject\",\"inLanguage\":\"en-US\",\"@id\":\"http:\/\/audun.teks.no\/#\/schema\/logo\/image\/\",\"url\":\"http:\/\/audun.teks.no\/wp-content\/uploads\/2020\/04\/RORET-\u00d8rland-kulturforetak-KF.jpg\",\"contentUrl\":\"http:\/\/audun.teks.no\/wp-content\/uploads\/2020\/04\/RORET-\u00d8rland-kulturforetak-KF.jpg\",\"width\":1772,\"height\":969,\"caption\":\"\u00d8rland\"},\"image\":{\"@id\":\"http:\/\/audun.teks.no\/#\/schema\/logo\/image\/\"}}]}<\/script>\n<!-- \/ Yoast SEO plugin. -->","yoast_head_json":{"title":"Til og fra \u00d8rland - \u00d8rland-TEKS-tmp","description":"Gode bo- og jobbmuligheter, kort vei til skole, jobb og fritidsaktiviteter uansett hvor i kommunen du bor. Bredt og variert aktivitetstilbud for store og sm\u00e5. Flytt bedriften eller etabler ny n\u00e6ring p\u00e5 \u00d8rlandet. Kommunen har byggeklart n\u00e6ringsareal b\u00e5de til salgs og til leie.","robots":{"index":"noindex","follow":"follow","max-snippet":"max-snippet:-1","max-image-preview":"max-image-preview:large","max-video-preview":"max-video-preview:-1"},"og_locale":"en_US","og_type":"article","og_title":"Til og fra \u00d8rland - \u00d8rland-TEKS-tmp","og_description":"Gode bo- og jobbmuligheter, kort vei til skole, jobb og fritidsaktiviteter uansett hvor i kommunen du bor. Bredt og variert aktivitetstilbud for store og sm\u00e5. Flytt bedriften eller etabler ny n\u00e6ring p\u00e5 \u00d8rlandet. Kommunen har byggeklart n\u00e6ringsareal b\u00e5de til salgs og til leie.","og_url":"http:\/\/audun.teks.no\/en\/til-og-fra-orland\/","og_site_name":"\u00d8rland-TEKS-tmp","article_modified_time":"2023-06-06T07:39:43+00:00","og_image":[{"width":1024,"height":678,"url":"http:\/\/audun.teks.no\/wp-content\/uploads\/2018\/09\/sl-airleapDSC_1268-1024x678.jpg","type":"image\/jpeg"}],"twitter_card":"summary_large_image","twitter_misc":{"Est. reading time":"1 minute"},"schema":{"@context":"https:\/\/schema.org","@graph":[{"@type":"WebPage","@id":"http:\/\/audun.teks.no\/til-og-fra-orland\/","url":"http:\/\/audun.teks.no\/til-og-fra-orland\/","name":"Til og fra \u00d8rland - \u00d8rland-TEKS-tmp","isPartOf":{"@id":"http:\/\/audun.teks.no\/#website"},"primaryImageOfPage":{"@id":"http:\/\/audun.teks.no\/til-og-fra-orland\/#primaryimage"},"image":{"@id":"http:\/\/audun.teks.no\/til-og-fra-orland\/#primaryimage"},"thumbnailUrl":"http:\/\/audun.teks.no\/wp-content\/uploads\/2018\/09\/sl-airleapDSC_1268.jpg","datePublished":"2018-09-27T10:57:47+00:00","dateModified":"2023-06-06T07:39:43+00:00","description":"Gode bo- og jobbmuligheter, kort vei til skole, jobb og fritidsaktiviteter uansett hvor i kommunen du bor. Bredt og variert aktivitetstilbud for store og sm\u00e5. Flytt bedriften eller etabler ny n\u00e6ring p\u00e5 \u00d8rlandet. Kommunen har byggeklart n\u00e6ringsareal b\u00e5de til salgs og til leie.","breadcrumb":{"@id":"http:\/\/audun.teks.no\/til-og-fra-orland\/#breadcrumb"},"inLanguage":"en-US","potentialAction":[{"@type":"ReadAction","target":["http:\/\/audun.teks.no\/til-og-fra-orland\/"]}]},{"@type":"ImageObject","inLanguage":"en-US","@id":"http:\/\/audun.teks.no\/til-og-fra-orland\/#primaryimage","url":"http:\/\/audun.teks.no\/wp-content\/uploads\/2018\/09\/sl-airleapDSC_1268.jpg","contentUrl":"http:\/\/audun.teks.no\/wp-content\/uploads\/2018\/09\/sl-airleapDSC_1268.jpg","width":4928,"height":3264,"caption":"Til\/Fra \u00d8rland"},{"@type":"BreadcrumbList","@id":"http:\/\/audun.teks.no\/til-og-fra-orland\/#breadcrumb","itemListElement":[{"@type":"ListItem","position":1,"name":"Hjem","item":"http:\/\/audun.teks.no\/"},{"@type":"ListItem","position":2,"name":"Til og fra \u00d8rland"}]},{"@type":"WebSite","@id":"http:\/\/audun.teks.no\/#website","url":"http:\/\/audun.teks.no\/","name":"\u00d8rland-TEKS-tmp","description":"Velkommen til flotte kystopplevelser","publisher":{"@id":"http:\/\/audun.teks.no\/#organization"},"potentialAction":[{"@type":"SearchAction","target":{"@type":"EntryPoint","urlTemplate":"http:\/\/audun.teks.no\/?s={search_term_string}"},"query-input":{"@type":"PropertyValueSpecification","valueRequired":true,"valueName":"search_term_string"}}],"inLanguage":"en-US"},{"@type":"Organization","@id":"http:\/\/audun.teks.no\/#organization","name":"\u00d8rland","url":"http:\/\/audun.teks.no\/","logo":{"@type":"ImageObject","inLanguage":"en-US","@id":"http:\/\/audun.teks.no\/#\/schema\/logo\/image\/","url":"http:\/\/audun.teks.no\/wp-content\/uploads\/2020\/04\/RORET-\u00d8rland-kulturforetak-KF.jpg","contentUrl":"http:\/\/audun.teks.no\/wp-content\/uploads\/2020\/04\/RORET-\u00d8rland-kulturforetak-KF.jpg","width":1772,"height":969,"caption":"\u00d8rland"},"image":{"@id":"http:\/\/audun.teks.no\/#\/schema\/logo\/image\/"}}]}},"acf":[],"_links":{"self":[{"href":"http:\/\/audun.teks.no\/en\/wp-json\/wp\/v2\/pages\/1272","targetHints":{"allow":["GET"]}}],"collection":[{"href":"http:\/\/audun.teks.no\/en\/wp-json\/wp\/v2\/pages"}],"about":[{"href":"http:\/\/audun.teks.no\/en\/wp-json\/wp\/v2\/types\/page"}],"author":[{"embeddable":true,"href":"http:\/\/audun.teks.no\/en\/wp-json\/wp\/v2\/users\/4"}],"replies":[{"embeddable":true,"href":"http:\/\/audun.teks.no\/en\/wp-json\/wp\/v2\/comments?post=1272"}],"version-history":[{"count":15,"href":"http:\/\/audun.teks.no\/en\/wp-json\/wp\/v2\/pages\/1272\/revisions"}],"predecessor-version":[{"id":521451,"href":"http:\/\/audun.teks.no\/en\/wp-json\/wp\/v2\/pages\/1272\/revisions\/521451"}],"wp:featuredmedia":[{"embeddable":true,"href":"http:\/\/audun.teks.no\/en\/wp-json\/wp\/v2\/media\/1278"}],"wp:attachment":[{"href":"http:\/\/audun.teks.no\/en\/wp-json\/wp\/v2\/media?parent=1272"}],"curies":[{"name":"wp","href":"https:\/\/api.w.org\/{rel}","templated":true}]}}